{"id":62619,"date":"2025-11-01T19:12:08","date_gmt":"2025-11-01T19:12:08","guid":{"rendered":"https:\/\/holyland-olivewood.com\/product\/handgjord-nyckelring-i-olivtra-ke118\/"},"modified":"2025-11-01T19:12:27","modified_gmt":"2025-11-01T19:12:27","slug":"handgjord-nyckelring-i-olivtra-ke118","status":"publish","type":"product","link":"https:\/\/holyland-olivewood.com\/sv\/product\/handgjord-nyckelring-i-olivtra-ke118\/","title":{"rendered":"Handgjord nyckelring i olivtr\u00e4 #KE118"},"content":{"rendered":"","protected":false},"excerpt":{"rendered":"<p>Denna vackra korsnyckelring \u00e4r handgjord i det Heliga landet av h\u00e5llbart sk\u00f6rdat, \u00e4kta Betlehem-olivtr\u00e4. Denna unika, elegant handsnidade nyckelring \u00e4r tillverkad av de finaste besk\u00e4rningarna fr\u00e5n olivtr\u00e4d i det Heliga landet. Korset \u00e4r utformat f\u00f6r att passa bekv\u00e4mt i din handflata, vilket g\u00f6r det idealiskt f\u00f6r b\u00f6n eller meditation.  <\/p>\n<p>Denna artikel inneh\u00e5ller ett \u00e4kthetscertifikat som verifierar de material och tekniker som anv\u00e4nds f\u00f6r att tillverka denna produkt.<\/p>\n<p>Storlek: 5,5 cm (2,2&#8243;) &#8211; avser endast tr\u00e4delen, inte nyckelringen.<\/p>\n","protected":false},"featured_media":62502,"comment_status":"closed","ping_status":"closed","template":"","meta":[],"product_brand":[],"product_cat":[1780,2534],"product_tag":[4672,4341,4615,4621,4623,4671,4617,4614,4669,4670,4619,4618],"class_list":{"0":"post-62619","1":"product","2":"type-product","3":"status-publish","4":"has-post-thumbnail","6":"product_cat-diverse-sv","7":"product_cat-nyckelringar","8":"product_tag-andlig-accessoar","9":"product_tag-betlehem-olivtra","10":"product_tag-handgjord-nyckelring","11":"product_tag-handgjort-olivtra","12":"product_tag-heliga-landets-olivtra","13":"product_tag-jesus-nyckelring","14":"product_tag-kristen-gava","15":"product_tag-nyckelring-heliga-landet","16":"product_tag-nyckelring-med-kors-i-olivtra","17":"product_tag-nyckelring-med-trakors","18":"product_tag-nyckelring-tro","19":"product_tag-religios-nyckelring","21":"first","22":"instock","23":"shipping-taxable","24":"purchasable","25":"product-type-simple"},"yoast_head":"<!-- This site is optimized with the Yoast SEO plugin v27.4 - https:\/\/yoast.com\/product\/yoast-seo-wordpress\/ -->\n<title>Handgjord nyckelring i olivtr\u00e4 #KE118 - Holy Land Olive Wood - Bethlehem Olive Wood Factory<\/title>\n<meta name=\"description\" content=\"Handgjord nyckelring med olivtr\u00e4kors fr\u00e5n det Heliga landet - tillverkad av \u00e4kta olivtr\u00e4 fr\u00e5n Betlehem, en meningsfull kristen g\u00e5va.\" \/>\n<meta name=\"robots\" content=\"index, follow, max-snippet:-1, max-image-preview:large, max-video-preview:-1\" \/>\n<link rel=\"canonical\" href=\"https:\/\/holyland-olivewood.com\/sv\/product\/handgjord-nyckelring-i-olivtra-ke118\/\" \/>\n<meta property=\"og:locale\" content=\"sv_SE\" \/>\n<meta property=\"og:type\" content=\"article\" \/>\n<meta property=\"og:title\" content=\"Handgjord nyckelring i olivtr\u00e4 #KE118 - Holy Land Olive Wood - Bethlehem Olive Wood Factory\" \/>\n<meta property=\"og:description\" content=\"Handgjord nyckelring med olivtr\u00e4kors fr\u00e5n det Heliga landet - tillverkad av \u00e4kta olivtr\u00e4 fr\u00e5n Betlehem, en meningsfull kristen g\u00e5va.\" \/>\n<meta property=\"og:url\" content=\"https:\/\/holyland-olivewood.com\/sv\/product\/handgjord-nyckelring-i-olivtra-ke118\/\" \/>\n<meta property=\"og:site_name\" content=\"Holy Land Olive Wood - Bethlehem Olive Wood Factory\" \/>\n<meta property=\"article:publisher\" content=\"https:\/\/www.facebook.com\/holylandolivewood.bethlehem\/\" \/>\n<meta property=\"article:modified_time\" content=\"2025-11-01T19:12:27+00:00\" \/>\n<meta property=\"og:image\" content=\"https:\/\/holyland-olivewood.com\/wp-content\/uploads\/2016\/05\/olive-wood-comfort-cross-keychain_ke118-1.jpg\" \/>\n\t<meta property=\"og:image:width\" content=\"1550\" \/>\n\t<meta property=\"og:image:height\" content=\"1200\" \/>\n\t<meta property=\"og:image:type\" content=\"image\/jpeg\" \/>\n<meta name=\"twitter:card\" content=\"summary_large_image\" \/>\n<script type=\"application\/ld+json\" class=\"yoast-schema-graph\">{\"@context\":\"https:\\\/\\\/schema.org\",\"@graph\":[{\"@type\":\"WebPage\",\"@id\":\"https:\\\/\\\/holyland-olivewood.com\\\/sv\\\/product\\\/handgjord-nyckelring-i-olivtra-ke118\\\/\",\"url\":\"https:\\\/\\\/holyland-olivewood.com\\\/sv\\\/product\\\/handgjord-nyckelring-i-olivtra-ke118\\\/\",\"name\":\"Handgjord nyckelring i olivtr\u00e4 #KE118 - Holy Land Olive Wood - Bethlehem Olive Wood Factory\",\"isPartOf\":{\"@id\":\"https:\\\/\\\/holyland-olivewood.com\\\/sv\\\/#website\"},\"primaryImageOfPage\":{\"@id\":\"https:\\\/\\\/holyland-olivewood.com\\\/sv\\\/product\\\/handgjord-nyckelring-i-olivtra-ke118\\\/#primaryimage\"},\"image\":{\"@id\":\"https:\\\/\\\/holyland-olivewood.com\\\/sv\\\/product\\\/handgjord-nyckelring-i-olivtra-ke118\\\/#primaryimage\"},\"thumbnailUrl\":\"https:\\\/\\\/holyland-olivewood.com\\\/wp-content\\\/uploads\\\/2016\\\/05\\\/olive-wood-comfort-cross-keychain_ke118-1.jpg\",\"datePublished\":\"2025-11-01T19:12:08+00:00\",\"dateModified\":\"2025-11-01T19:12:27+00:00\",\"description\":\"Handgjord nyckelring med olivtr\u00e4kors fr\u00e5n det Heliga landet - tillverkad av \u00e4kta olivtr\u00e4 fr\u00e5n Betlehem, en meningsfull kristen g\u00e5va.\",\"breadcrumb\":{\"@id\":\"https:\\\/\\\/holyland-olivewood.com\\\/sv\\\/product\\\/handgjord-nyckelring-i-olivtra-ke118\\\/#breadcrumb\"},\"inLanguage\":\"sv-SE\",\"potentialAction\":[{\"@type\":\"ReadAction\",\"target\":[\"https:\\\/\\\/holyland-olivewood.com\\\/sv\\\/product\\\/handgjord-nyckelring-i-olivtra-ke118\\\/\"]}]},{\"@type\":\"ImageObject\",\"inLanguage\":\"sv-SE\",\"@id\":\"https:\\\/\\\/holyland-olivewood.com\\\/sv\\\/product\\\/handgjord-nyckelring-i-olivtra-ke118\\\/#primaryimage\",\"url\":\"https:\\\/\\\/holyland-olivewood.com\\\/wp-content\\\/uploads\\\/2016\\\/05\\\/olive-wood-comfort-cross-keychain_ke118-1.jpg\",\"contentUrl\":\"https:\\\/\\\/holyland-olivewood.com\\\/wp-content\\\/uploads\\\/2016\\\/05\\\/olive-wood-comfort-cross-keychain_ke118-1.jpg\",\"width\":1550,\"height\":1200},{\"@type\":\"BreadcrumbList\",\"@id\":\"https:\\\/\\\/holyland-olivewood.com\\\/sv\\\/product\\\/handgjord-nyckelring-i-olivtra-ke118\\\/#breadcrumb\",\"itemListElement\":[{\"@type\":\"ListItem\",\"position\":1,\"name\":\"Home\",\"item\":\"https:\\\/\\\/holyland-olivewood.com\\\/sv\\\/home\\\/\"},{\"@type\":\"ListItem\",\"position\":2,\"name\":\"Se alla produkter\",\"item\":\"https:\\\/\\\/holyland-olivewood.com\\\/sv\\\/shop\\\/\"},{\"@type\":\"ListItem\",\"position\":3,\"name\":\"Handgjord nyckelring i olivtr\u00e4 #KE118\"}]},{\"@type\":\"WebSite\",\"@id\":\"https:\\\/\\\/holyland-olivewood.com\\\/sv\\\/#website\",\"url\":\"https:\\\/\\\/holyland-olivewood.com\\\/sv\\\/\",\"name\":\"Holy Land Olive Wood - Bethlehem Olive Wood Factory\",\"description\":\"Holy Land Olivewood Bethlehem\",\"publisher\":{\"@id\":\"https:\\\/\\\/holyland-olivewood.com\\\/sv\\\/#organization\"},\"potentialAction\":[{\"@type\":\"SearchAction\",\"target\":{\"@type\":\"EntryPoint\",\"urlTemplate\":\"https:\\\/\\\/holyland-olivewood.com\\\/sv\\\/?s={search_term_string}\"},\"query-input\":{\"@type\":\"PropertyValueSpecification\",\"valueRequired\":true,\"valueName\":\"search_term_string\"}}],\"inLanguage\":\"sv-SE\"},{\"@type\":\"Organization\",\"@id\":\"https:\\\/\\\/holyland-olivewood.com\\\/sv\\\/#organization\",\"name\":\"Holy Land Olivewood\",\"url\":\"https:\\\/\\\/holyland-olivewood.com\\\/sv\\\/\",\"logo\":{\"@type\":\"ImageObject\",\"inLanguage\":\"sv-SE\",\"@id\":\"https:\\\/\\\/holyland-olivewood.com\\\/sv\\\/#\\\/schema\\\/logo\\\/image\\\/\",\"url\":\"\",\"contentUrl\":\"\",\"caption\":\"Holy Land Olivewood\"},\"image\":{\"@id\":\"https:\\\/\\\/holyland-olivewood.com\\\/sv\\\/#\\\/schema\\\/logo\\\/image\\\/\"},\"sameAs\":[\"https:\\\/\\\/www.facebook.com\\\/holylandolivewood.bethlehem\\\/\",\"http:\\\/\\\/instagram.com\\\/holy.land.olive.wood\"]}]}<\/script>\n<!-- \/ Yoast SEO plugin. -->","yoast_head_json":{"title":"Handgjord nyckelring i olivtr\u00e4 #KE118 - Holy Land Olive Wood - Bethlehem Olive Wood Factory","description":"Handgjord nyckelring med olivtr\u00e4kors fr\u00e5n det Heliga landet - tillverkad av \u00e4kta olivtr\u00e4 fr\u00e5n Betlehem, en meningsfull kristen g\u00e5va.","robots":{"index":"index","follow":"follow","max-snippet":"max-snippet:-1","max-image-preview":"max-image-preview:large","max-video-preview":"max-video-preview:-1"},"canonical":"https:\/\/holyland-olivewood.com\/sv\/product\/handgjord-nyckelring-i-olivtra-ke118\/","og_locale":"sv_SE","og_type":"article","og_title":"Handgjord nyckelring i olivtr\u00e4 #KE118 - Holy Land Olive Wood - Bethlehem Olive Wood Factory","og_description":"Handgjord nyckelring med olivtr\u00e4kors fr\u00e5n det Heliga landet - tillverkad av \u00e4kta olivtr\u00e4 fr\u00e5n Betlehem, en meningsfull kristen g\u00e5va.","og_url":"https:\/\/holyland-olivewood.com\/sv\/product\/handgjord-nyckelring-i-olivtra-ke118\/","og_site_name":"Holy Land Olive Wood - Bethlehem Olive Wood Factory","article_publisher":"https:\/\/www.facebook.com\/holylandolivewood.bethlehem\/","article_modified_time":"2025-11-01T19:12:27+00:00","og_image":[{"width":1550,"height":1200,"url":"https:\/\/holyland-olivewood.com\/wp-content\/uploads\/2016\/05\/olive-wood-comfort-cross-keychain_ke118-1.jpg","type":"image\/jpeg"}],"twitter_card":"summary_large_image","schema":{"@context":"https:\/\/schema.org","@graph":[{"@type":"WebPage","@id":"https:\/\/holyland-olivewood.com\/sv\/product\/handgjord-nyckelring-i-olivtra-ke118\/","url":"https:\/\/holyland-olivewood.com\/sv\/product\/handgjord-nyckelring-i-olivtra-ke118\/","name":"Handgjord nyckelring i olivtr\u00e4 #KE118 - Holy Land Olive Wood - Bethlehem Olive Wood Factory","isPartOf":{"@id":"https:\/\/holyland-olivewood.com\/sv\/#website"},"primaryImageOfPage":{"@id":"https:\/\/holyland-olivewood.com\/sv\/product\/handgjord-nyckelring-i-olivtra-ke118\/#primaryimage"},"image":{"@id":"https:\/\/holyland-olivewood.com\/sv\/product\/handgjord-nyckelring-i-olivtra-ke118\/#primaryimage"},"thumbnailUrl":"https:\/\/holyland-olivewood.com\/wp-content\/uploads\/2016\/05\/olive-wood-comfort-cross-keychain_ke118-1.jpg","datePublished":"2025-11-01T19:12:08+00:00","dateModified":"2025-11-01T19:12:27+00:00","description":"Handgjord nyckelring med olivtr\u00e4kors fr\u00e5n det Heliga landet - tillverkad av \u00e4kta olivtr\u00e4 fr\u00e5n Betlehem, en meningsfull kristen g\u00e5va.","breadcrumb":{"@id":"https:\/\/holyland-olivewood.com\/sv\/product\/handgjord-nyckelring-i-olivtra-ke118\/#breadcrumb"},"inLanguage":"sv-SE","potentialAction":[{"@type":"ReadAction","target":["https:\/\/holyland-olivewood.com\/sv\/product\/handgjord-nyckelring-i-olivtra-ke118\/"]}]},{"@type":"ImageObject","inLanguage":"sv-SE","@id":"https:\/\/holyland-olivewood.com\/sv\/product\/handgjord-nyckelring-i-olivtra-ke118\/#primaryimage","url":"https:\/\/holyland-olivewood.com\/wp-content\/uploads\/2016\/05\/olive-wood-comfort-cross-keychain_ke118-1.jpg","contentUrl":"https:\/\/holyland-olivewood.com\/wp-content\/uploads\/2016\/05\/olive-wood-comfort-cross-keychain_ke118-1.jpg","width":1550,"height":1200},{"@type":"BreadcrumbList","@id":"https:\/\/holyland-olivewood.com\/sv\/product\/handgjord-nyckelring-i-olivtra-ke118\/#breadcrumb","itemListElement":[{"@type":"ListItem","position":1,"name":"Home","item":"https:\/\/holyland-olivewood.com\/sv\/home\/"},{"@type":"ListItem","position":2,"name":"Se alla produkter","item":"https:\/\/holyland-olivewood.com\/sv\/shop\/"},{"@type":"ListItem","position":3,"name":"Handgjord nyckelring i olivtr\u00e4 #KE118"}]},{"@type":"WebSite","@id":"https:\/\/holyland-olivewood.com\/sv\/#website","url":"https:\/\/holyland-olivewood.com\/sv\/","name":"Holy Land Olive Wood - Bethlehem Olive Wood Factory","description":"Holy Land Olivewood Bethlehem","publisher":{"@id":"https:\/\/holyland-olivewood.com\/sv\/#organization"},"potentialAction":[{"@type":"SearchAction","target":{"@type":"EntryPoint","urlTemplate":"https:\/\/holyland-olivewood.com\/sv\/?s={search_term_string}"},"query-input":{"@type":"PropertyValueSpecification","valueRequired":true,"valueName":"search_term_string"}}],"inLanguage":"sv-SE"},{"@type":"Organization","@id":"https:\/\/holyland-olivewood.com\/sv\/#organization","name":"Holy Land Olivewood","url":"https:\/\/holyland-olivewood.com\/sv\/","logo":{"@type":"ImageObject","inLanguage":"sv-SE","@id":"https:\/\/holyland-olivewood.com\/sv\/#\/schema\/logo\/image\/","url":"","contentUrl":"","caption":"Holy Land Olivewood"},"image":{"@id":"https:\/\/holyland-olivewood.com\/sv\/#\/schema\/logo\/image\/"},"sameAs":["https:\/\/www.facebook.com\/holylandolivewood.bethlehem\/","http:\/\/instagram.com\/holy.land.olive.wood"]}]}},"_links":{"self":[{"href":"https:\/\/holyland-olivewood.com\/sv\/wp-json\/wp\/v2\/product\/62619","targetHints":{"allow":["GET"]}}],"collection":[{"href":"https:\/\/holyland-olivewood.com\/sv\/wp-json\/wp\/v2\/product"}],"about":[{"href":"https:\/\/holyland-olivewood.com\/sv\/wp-json\/wp\/v2\/types\/product"}],"replies":[{"embeddable":true,"href":"https:\/\/holyland-olivewood.com\/sv\/wp-json\/wp\/v2\/comments?post=62619"}],"version-history":[{"count":0,"href":"https:\/\/holyland-olivewood.com\/sv\/wp-json\/wp\/v2\/product\/62619\/revisions"}],"wp:featuredmedia":[{"embeddable":true,"href":"https:\/\/holyland-olivewood.com\/sv\/wp-json\/wp\/v2\/media\/62502"}],"wp:attachment":[{"href":"https:\/\/holyland-olivewood.com\/sv\/wp-json\/wp\/v2\/media?parent=62619"}],"wp:term":[{"taxonomy":"product_brand","embeddable":true,"href":"https:\/\/holyland-olivewood.com\/sv\/wp-json\/wp\/v2\/product_brand?post=62619"},{"taxonomy":"product_cat","embeddable":true,"href":"https:\/\/holyland-olivewood.com\/sv\/wp-json\/wp\/v2\/product_cat?post=62619"},{"taxonomy":"product_tag","embeddable":true,"href":"https:\/\/holyland-olivewood.com\/sv\/wp-json\/wp\/v2\/product_tag?post=62619"}],"curies":[{"name":"wp","href":"https:\/\/api.w.org\/{rel}","templated":true}]}}