{"id":55367,"date":"2024-10-16T19:14:12","date_gmt":"2024-10-16T19:14:12","guid":{"rendered":"https:\/\/holyland-olivewood.com\/product\/hallkors-i-olivtra-65-cm-25-cr173\/"},"modified":"2026-02-14T12:46:21","modified_gmt":"2026-02-14T12:46:21","slug":"hallkors-i-olivtra-65-cm-25-cr173","status":"publish","type":"product","link":"https:\/\/holyland-olivewood.com\/sv\/product\/hallkors-i-olivtra-65-cm-25-cr173\/","title":{"rendered":"H\u00e5llkors i olivtr\u00e4 (6,5 CM \/ 2,5&#8221;) #CR173"},"content":{"rendered":"","protected":false},"excerpt":{"rendered":"<p>Detta handsnidade olivtr\u00e4kors \u00e4r tillverkat av \u00e4kta olivtr\u00e4 fr\u00e5n Betlehem och \u00e4r utformat f\u00f6r att passa perfekt i din hand. Det ger tr\u00f6st under b\u00f6n, meditation eller stunder av reflektion, vilket g\u00f6r det till en meningsfull f\u00f6ljeslagare f\u00f6r personlig h\u00e4ngivenhet eller en tankev\u00e4ckande g\u00e5va till n\u00e4ra och k\u00e4ra. <\/p>\n<p>Denna artikel inneh\u00e5ller ett \u00e4kthetscertifikat som verifierar de material och tekniker som anv\u00e4nds f\u00f6r att tillverka denna produkt.<\/p>\n<p>Storlek: 6,5 cm (2,5&#8243;)<\/p>\n","protected":false},"featured_media":55368,"comment_status":"closed","ping_status":"closed","template":"","meta":[],"product_brand":[],"product_cat":[1034,1033],"product_tag":[1038,4142,4141,1118,1123,1111,4140],"class_list":{"0":"post-55367","1":"product","2":"type-product","3":"status-publish","4":"has-post-thumbnail","6":"product_cat-kunsthaandvaerk-sv","7":"product_cat-kors-og-krucifikser-sv","8":"product_tag-betlehem-sv","9":"product_tag-comfort-cross-sv","10":"product_tag-haller-kors","11":"product_tag-kors-sv","12":"product_tag-krucifiks-sv","13":"product_tag-kunsthaandvaerk-sv","14":"product_tag-olivtra","16":"first","17":"instock","18":"shipping-taxable","19":"purchasable","20":"product-type-simple"},"yoast_head":"<!-- This site is optimized with the Yoast SEO plugin v27.4 - https:\/\/yoast.com\/product\/yoast-seo-wordpress\/ -->\n<title>H\u00e5llkors i olivtr\u00e4 (6,5 CM \/ 2,5&#039;&#039;) #CR173 - Holy Land Olive Wood - Bethlehem Olive Wood Factory<\/title>\n<meta name=\"description\" content=\"Handsnidat Comfort-kors i olivtr\u00e4 med &quot;Helig Ande&quot;-design. Tillverkat i Betlehem, perfekt f\u00f6r b\u00f6n eller som en meningsfull g\u00e5va. (6,5 cm \/ 2,5&quot;)\" \/>\n<meta name=\"robots\" content=\"index, follow, max-snippet:-1, max-image-preview:large, max-video-preview:-1\" \/>\n<link rel=\"canonical\" href=\"https:\/\/holyland-olivewood.com\/sv\/product\/hallkors-i-olivtra-65-cm-25-cr173\/\" \/>\n<meta property=\"og:locale\" content=\"sv_SE\" \/>\n<meta property=\"og:type\" content=\"article\" \/>\n<meta property=\"og:title\" content=\"H\u00e5llkors i olivtr\u00e4 (6,5 CM \/ 2,5&#039;&#039;) #CR173 - Holy Land Olive Wood - Bethlehem Olive Wood Factory\" \/>\n<meta property=\"og:description\" content=\"Handsnidat Comfort-kors i olivtr\u00e4 med &quot;Helig Ande&quot;-design. Tillverkat i Betlehem, perfekt f\u00f6r b\u00f6n eller som en meningsfull g\u00e5va. (6,5 cm \/ 2,5&quot;)\" \/>\n<meta property=\"og:url\" content=\"https:\/\/holyland-olivewood.com\/sv\/product\/hallkors-i-olivtra-65-cm-25-cr173\/\" \/>\n<meta property=\"og:site_name\" content=\"Holy Land Olive Wood - Bethlehem Olive Wood Factory\" \/>\n<meta property=\"article:publisher\" content=\"https:\/\/www.facebook.com\/holylandolivewood.bethlehem\/\" \/>\n<meta property=\"article:modified_time\" content=\"2026-02-14T12:46:21+00:00\" \/>\n<meta property=\"og:image\" content=\"https:\/\/holyland-olivewood.com\/wp-content\/uploads\/2024\/10\/olive-wood-comfort-holding-cross-bethlehem-cr173-1.jpg\" \/>\n\t<meta property=\"og:image:width\" content=\"1550\" \/>\n\t<meta property=\"og:image:height\" content=\"1200\" \/>\n\t<meta property=\"og:image:type\" content=\"image\/jpeg\" \/>\n<meta name=\"twitter:card\" content=\"summary_large_image\" \/>\n<script type=\"application\/ld+json\" class=\"yoast-schema-graph\">{\"@context\":\"https:\\\/\\\/schema.org\",\"@graph\":[{\"@type\":\"WebPage\",\"@id\":\"https:\\\/\\\/holyland-olivewood.com\\\/sv\\\/product\\\/hallkors-i-olivtra-65-cm-25-cr173\\\/\",\"url\":\"https:\\\/\\\/holyland-olivewood.com\\\/sv\\\/product\\\/hallkors-i-olivtra-65-cm-25-cr173\\\/\",\"name\":\"H\u00e5llkors i olivtr\u00e4 (6,5 CM \\\/ 2,5'') #CR173 - Holy Land Olive Wood - Bethlehem Olive Wood Factory\",\"isPartOf\":{\"@id\":\"https:\\\/\\\/holyland-olivewood.com\\\/sv\\\/#website\"},\"primaryImageOfPage\":{\"@id\":\"https:\\\/\\\/holyland-olivewood.com\\\/sv\\\/product\\\/hallkors-i-olivtra-65-cm-25-cr173\\\/#primaryimage\"},\"image\":{\"@id\":\"https:\\\/\\\/holyland-olivewood.com\\\/sv\\\/product\\\/hallkors-i-olivtra-65-cm-25-cr173\\\/#primaryimage\"},\"thumbnailUrl\":\"https:\\\/\\\/holyland-olivewood.com\\\/wp-content\\\/uploads\\\/2024\\\/10\\\/olive-wood-comfort-holding-cross-bethlehem-cr173-1.jpg\",\"datePublished\":\"2024-10-16T19:14:12+00:00\",\"dateModified\":\"2026-02-14T12:46:21+00:00\",\"description\":\"Handsnidat Comfort-kors i olivtr\u00e4 med \\\"Helig Ande\\\"-design. Tillverkat i Betlehem, perfekt f\u00f6r b\u00f6n eller som en meningsfull g\u00e5va. (6,5 cm \\\/ 2,5\\\")\",\"breadcrumb\":{\"@id\":\"https:\\\/\\\/holyland-olivewood.com\\\/sv\\\/product\\\/hallkors-i-olivtra-65-cm-25-cr173\\\/#breadcrumb\"},\"inLanguage\":\"sv-SE\",\"potentialAction\":[{\"@type\":\"ReadAction\",\"target\":[\"https:\\\/\\\/holyland-olivewood.com\\\/sv\\\/product\\\/hallkors-i-olivtra-65-cm-25-cr173\\\/\"]}]},{\"@type\":\"ImageObject\",\"inLanguage\":\"sv-SE\",\"@id\":\"https:\\\/\\\/holyland-olivewood.com\\\/sv\\\/product\\\/hallkors-i-olivtra-65-cm-25-cr173\\\/#primaryimage\",\"url\":\"https:\\\/\\\/holyland-olivewood.com\\\/wp-content\\\/uploads\\\/2024\\\/10\\\/olive-wood-comfort-holding-cross-bethlehem-cr173-1.jpg\",\"contentUrl\":\"https:\\\/\\\/holyland-olivewood.com\\\/wp-content\\\/uploads\\\/2024\\\/10\\\/olive-wood-comfort-holding-cross-bethlehem-cr173-1.jpg\",\"width\":1550,\"height\":1200},{\"@type\":\"BreadcrumbList\",\"@id\":\"https:\\\/\\\/holyland-olivewood.com\\\/sv\\\/product\\\/hallkors-i-olivtra-65-cm-25-cr173\\\/#breadcrumb\",\"itemListElement\":[{\"@type\":\"ListItem\",\"position\":1,\"name\":\"Home\",\"item\":\"https:\\\/\\\/holyland-olivewood.com\\\/sv\\\/home\\\/\"},{\"@type\":\"ListItem\",\"position\":2,\"name\":\"Se alla produkter\",\"item\":\"https:\\\/\\\/holyland-olivewood.com\\\/sv\\\/shop\\\/\"},{\"@type\":\"ListItem\",\"position\":3,\"name\":\"H\u00e5llkors i olivtr\u00e4 (6,5 CM \\\/ 2,5&#8221;) #CR173\"}]},{\"@type\":\"WebSite\",\"@id\":\"https:\\\/\\\/holyland-olivewood.com\\\/sv\\\/#website\",\"url\":\"https:\\\/\\\/holyland-olivewood.com\\\/sv\\\/\",\"name\":\"Holy Land Olive Wood - Bethlehem Olive Wood Factory\",\"description\":\"Holy Land Olivewood Bethlehem\",\"publisher\":{\"@id\":\"https:\\\/\\\/holyland-olivewood.com\\\/sv\\\/#organization\"},\"potentialAction\":[{\"@type\":\"SearchAction\",\"target\":{\"@type\":\"EntryPoint\",\"urlTemplate\":\"https:\\\/\\\/holyland-olivewood.com\\\/sv\\\/?s={search_term_string}\"},\"query-input\":{\"@type\":\"PropertyValueSpecification\",\"valueRequired\":true,\"valueName\":\"search_term_string\"}}],\"inLanguage\":\"sv-SE\"},{\"@type\":\"Organization\",\"@id\":\"https:\\\/\\\/holyland-olivewood.com\\\/sv\\\/#organization\",\"name\":\"Holy Land Olivewood\",\"url\":\"https:\\\/\\\/holyland-olivewood.com\\\/sv\\\/\",\"logo\":{\"@type\":\"ImageObject\",\"inLanguage\":\"sv-SE\",\"@id\":\"https:\\\/\\\/holyland-olivewood.com\\\/sv\\\/#\\\/schema\\\/logo\\\/image\\\/\",\"url\":\"\",\"contentUrl\":\"\",\"caption\":\"Holy Land Olivewood\"},\"image\":{\"@id\":\"https:\\\/\\\/holyland-olivewood.com\\\/sv\\\/#\\\/schema\\\/logo\\\/image\\\/\"},\"sameAs\":[\"https:\\\/\\\/www.facebook.com\\\/holylandolivewood.bethlehem\\\/\",\"http:\\\/\\\/instagram.com\\\/holy.land.olive.wood\"]}]}<\/script>\n<!-- \/ Yoast SEO plugin. -->","yoast_head_json":{"title":"H\u00e5llkors i olivtr\u00e4 (6,5 CM \/ 2,5'') #CR173 - Holy Land Olive Wood - Bethlehem Olive Wood Factory","description":"Handsnidat Comfort-kors i olivtr\u00e4 med \"Helig Ande\"-design. Tillverkat i Betlehem, perfekt f\u00f6r b\u00f6n eller som en meningsfull g\u00e5va. (6,5 cm \/ 2,5\")","robots":{"index":"index","follow":"follow","max-snippet":"max-snippet:-1","max-image-preview":"max-image-preview:large","max-video-preview":"max-video-preview:-1"},"canonical":"https:\/\/holyland-olivewood.com\/sv\/product\/hallkors-i-olivtra-65-cm-25-cr173\/","og_locale":"sv_SE","og_type":"article","og_title":"H\u00e5llkors i olivtr\u00e4 (6,5 CM \/ 2,5'') #CR173 - Holy Land Olive Wood - Bethlehem Olive Wood Factory","og_description":"Handsnidat Comfort-kors i olivtr\u00e4 med \"Helig Ande\"-design. Tillverkat i Betlehem, perfekt f\u00f6r b\u00f6n eller som en meningsfull g\u00e5va. (6,5 cm \/ 2,5\")","og_url":"https:\/\/holyland-olivewood.com\/sv\/product\/hallkors-i-olivtra-65-cm-25-cr173\/","og_site_name":"Holy Land Olive Wood - Bethlehem Olive Wood Factory","article_publisher":"https:\/\/www.facebook.com\/holylandolivewood.bethlehem\/","article_modified_time":"2026-02-14T12:46:21+00:00","og_image":[{"width":1550,"height":1200,"url":"https:\/\/holyland-olivewood.com\/wp-content\/uploads\/2024\/10\/olive-wood-comfort-holding-cross-bethlehem-cr173-1.jpg","type":"image\/jpeg"}],"twitter_card":"summary_large_image","schema":{"@context":"https:\/\/schema.org","@graph":[{"@type":"WebPage","@id":"https:\/\/holyland-olivewood.com\/sv\/product\/hallkors-i-olivtra-65-cm-25-cr173\/","url":"https:\/\/holyland-olivewood.com\/sv\/product\/hallkors-i-olivtra-65-cm-25-cr173\/","name":"H\u00e5llkors i olivtr\u00e4 (6,5 CM \/ 2,5'') #CR173 - Holy Land Olive Wood - Bethlehem Olive Wood Factory","isPartOf":{"@id":"https:\/\/holyland-olivewood.com\/sv\/#website"},"primaryImageOfPage":{"@id":"https:\/\/holyland-olivewood.com\/sv\/product\/hallkors-i-olivtra-65-cm-25-cr173\/#primaryimage"},"image":{"@id":"https:\/\/holyland-olivewood.com\/sv\/product\/hallkors-i-olivtra-65-cm-25-cr173\/#primaryimage"},"thumbnailUrl":"https:\/\/holyland-olivewood.com\/wp-content\/uploads\/2024\/10\/olive-wood-comfort-holding-cross-bethlehem-cr173-1.jpg","datePublished":"2024-10-16T19:14:12+00:00","dateModified":"2026-02-14T12:46:21+00:00","description":"Handsnidat Comfort-kors i olivtr\u00e4 med \"Helig Ande\"-design. Tillverkat i Betlehem, perfekt f\u00f6r b\u00f6n eller som en meningsfull g\u00e5va. (6,5 cm \/ 2,5\")","breadcrumb":{"@id":"https:\/\/holyland-olivewood.com\/sv\/product\/hallkors-i-olivtra-65-cm-25-cr173\/#breadcrumb"},"inLanguage":"sv-SE","potentialAction":[{"@type":"ReadAction","target":["https:\/\/holyland-olivewood.com\/sv\/product\/hallkors-i-olivtra-65-cm-25-cr173\/"]}]},{"@type":"ImageObject","inLanguage":"sv-SE","@id":"https:\/\/holyland-olivewood.com\/sv\/product\/hallkors-i-olivtra-65-cm-25-cr173\/#primaryimage","url":"https:\/\/holyland-olivewood.com\/wp-content\/uploads\/2024\/10\/olive-wood-comfort-holding-cross-bethlehem-cr173-1.jpg","contentUrl":"https:\/\/holyland-olivewood.com\/wp-content\/uploads\/2024\/10\/olive-wood-comfort-holding-cross-bethlehem-cr173-1.jpg","width":1550,"height":1200},{"@type":"BreadcrumbList","@id":"https:\/\/holyland-olivewood.com\/sv\/product\/hallkors-i-olivtra-65-cm-25-cr173\/#breadcrumb","itemListElement":[{"@type":"ListItem","position":1,"name":"Home","item":"https:\/\/holyland-olivewood.com\/sv\/home\/"},{"@type":"ListItem","position":2,"name":"Se alla produkter","item":"https:\/\/holyland-olivewood.com\/sv\/shop\/"},{"@type":"ListItem","position":3,"name":"H\u00e5llkors i olivtr\u00e4 (6,5 CM \/ 2,5&#8221;) #CR173"}]},{"@type":"WebSite","@id":"https:\/\/holyland-olivewood.com\/sv\/#website","url":"https:\/\/holyland-olivewood.com\/sv\/","name":"Holy Land Olive Wood - Bethlehem Olive Wood Factory","description":"Holy Land Olivewood Bethlehem","publisher":{"@id":"https:\/\/holyland-olivewood.com\/sv\/#organization"},"potentialAction":[{"@type":"SearchAction","target":{"@type":"EntryPoint","urlTemplate":"https:\/\/holyland-olivewood.com\/sv\/?s={search_term_string}"},"query-input":{"@type":"PropertyValueSpecification","valueRequired":true,"valueName":"search_term_string"}}],"inLanguage":"sv-SE"},{"@type":"Organization","@id":"https:\/\/holyland-olivewood.com\/sv\/#organization","name":"Holy Land Olivewood","url":"https:\/\/holyland-olivewood.com\/sv\/","logo":{"@type":"ImageObject","inLanguage":"sv-SE","@id":"https:\/\/holyland-olivewood.com\/sv\/#\/schema\/logo\/image\/","url":"","contentUrl":"","caption":"Holy Land Olivewood"},"image":{"@id":"https:\/\/holyland-olivewood.com\/sv\/#\/schema\/logo\/image\/"},"sameAs":["https:\/\/www.facebook.com\/holylandolivewood.bethlehem\/","http:\/\/instagram.com\/holy.land.olive.wood"]}]}},"_links":{"self":[{"href":"https:\/\/holyland-olivewood.com\/sv\/wp-json\/wp\/v2\/product\/55367","targetHints":{"allow":["GET"]}}],"collection":[{"href":"https:\/\/holyland-olivewood.com\/sv\/wp-json\/wp\/v2\/product"}],"about":[{"href":"https:\/\/holyland-olivewood.com\/sv\/wp-json\/wp\/v2\/types\/product"}],"replies":[{"embeddable":true,"href":"https:\/\/holyland-olivewood.com\/sv\/wp-json\/wp\/v2\/comments?post=55367"}],"version-history":[{"count":1,"href":"https:\/\/holyland-olivewood.com\/sv\/wp-json\/wp\/v2\/product\/55367\/revisions"}],"predecessor-version":[{"id":64123,"href":"https:\/\/holyland-olivewood.com\/sv\/wp-json\/wp\/v2\/product\/55367\/revisions\/64123"}],"wp:featuredmedia":[{"embeddable":true,"href":"https:\/\/holyland-olivewood.com\/sv\/wp-json\/wp\/v2\/media\/55368"}],"wp:attachment":[{"href":"https:\/\/holyland-olivewood.com\/sv\/wp-json\/wp\/v2\/media?parent=55367"}],"wp:term":[{"taxonomy":"product_brand","embeddable":true,"href":"https:\/\/holyland-olivewood.com\/sv\/wp-json\/wp\/v2\/product_brand?post=55367"},{"taxonomy":"product_cat","embeddable":true,"href":"https:\/\/holyland-olivewood.com\/sv\/wp-json\/wp\/v2\/product_cat?post=55367"},{"taxonomy":"product_tag","embeddable":true,"href":"https:\/\/holyland-olivewood.com\/sv\/wp-json\/wp\/v2\/product_tag?post=55367"}],"curies":[{"name":"wp","href":"https:\/\/api.w.org\/{rel}","templated":true}]}}