{"id":52789,"date":"2022-09-29T21:24:45","date_gmt":"2022-09-29T21:27:13","guid":{"rendered":"https:\/\/holyland-olivewood.com\/product\/forbundsarken-i-olivtra-fi116\/"},"modified":"2022-09-29T21:27:14","modified_gmt":"2022-09-29T21:27:14","slug":"olivtra-ark-av-forbundet-fi116","status":"publish","type":"product","link":"https:\/\/holyland-olivewood.com\/sv\/product\/olivtra-ark-av-forbundet-fi116\/","title":{"rendered":"F\u00f6rbundsarken i olivtr\u00e4 #FI116"},"content":{"rendered":"","protected":false},"excerpt":{"rendered":"<p>Den h\u00e4r hisnande bibliska statyn \u00e4r handgjord av olivtr\u00e4 fr\u00e5n det heliga landet. Fyra pr\u00e4ster b\u00e4r arken medan en femte pr\u00e4st bl\u00e5ser i shofaren (hornet) och visar v\u00e4gen framf\u00f6r dem. Sj\u00e4lva arken har tv\u00e5 menororor p\u00e5 vardera sidan av den, \u00f6ver arken finns tv\u00e5 keruber som kn\u00e4b\u00f6jer p\u00e5 n\u00e5dastolen och st\u00e5r v\u00e4nda mot varandra. De fem figurerna \u00e4r placerade p\u00e5 en v\u00e5gig snidad fot \u00f6ver en piedestal av mahognytr\u00e4.<\/p>\n<p>Denna artikel inneh\u00e5ller ett \u00e4kthetscertifikat som verifierar de material och tekniker som anv\u00e4nds f\u00f6r att tillverka denna produkt.<\/p>\n<p>Storlek: 22 cm x 37 cm x 28 cm (8,5&#8243; x 14,5&#8243; x 11&#8243;)<\/p>\n","protected":false},"featured_media":52790,"comment_status":"closed","ping_status":"closed","template":"","meta":[],"product_brand":[],"product_cat":[2037,1034],"product_tag":[],"class_list":{"0":"post-52789","1":"product","2":"type-product","3":"status-publish","4":"has-post-thumbnail","6":"product_cat-figurer-sv","7":"product_cat-kunsthaandvaerk-sv","9":"first","10":"outofstock","11":"shipping-taxable","12":"purchasable","13":"product-type-simple"},"yoast_head":"<!-- This site is optimized with the Yoast SEO plugin v27.4 - https:\/\/yoast.com\/product\/yoast-seo-wordpress\/ -->\n<title>F\u00f6rbundsarken i olivtr\u00e4 #FI116 - Holy Land Olive Wood - Bethlehem Olive Wood Factory<\/title>\n<meta name=\"robots\" content=\"index, follow, max-snippet:-1, max-image-preview:large, max-video-preview:-1\" \/>\n<link rel=\"canonical\" href=\"https:\/\/holyland-olivewood.com\/sv\/product\/olivtra-ark-av-forbundet-fi116\/\" \/>\n<meta property=\"og:locale\" content=\"sv_SE\" \/>\n<meta property=\"og:type\" content=\"article\" \/>\n<meta property=\"og:title\" content=\"F\u00f6rbundsarken i olivtr\u00e4 #FI116 - Holy Land Olive Wood - Bethlehem Olive Wood Factory\" \/>\n<meta property=\"og:description\" content=\"Den h\u00e4r hisnande bibliska statyn \u00e4r handgjord av olivtr\u00e4 fr\u00e5n det heliga landet. Fyra pr\u00e4ster b\u00e4r arken medan en femte pr\u00e4st bl\u00e5ser i shofaren (hornet) och visar v\u00e4gen framf\u00f6r dem. Sj\u00e4lva arken har tv\u00e5 menororor p\u00e5 vardera sidan av den, \u00f6ver arken finns tv\u00e5 keruber som kn\u00e4b\u00f6jer p\u00e5 n\u00e5dastolen och st\u00e5r v\u00e4nda mot varandra. De fem figurerna \u00e4r placerade p\u00e5 en v\u00e5gig snidad fot \u00f6ver en piedestal av mahognytr\u00e4. Denna artikel inneh\u00e5ller ett \u00e4kthetscertifikat som verifierar de material och tekniker som anv\u00e4nds f\u00f6r att tillverka denna produkt. Storlek: 22 cm x 37 cm x 28 cm (8,5&quot; x 14,5&quot; x 11&quot;)\" \/>\n<meta property=\"og:url\" content=\"https:\/\/holyland-olivewood.com\/sv\/product\/olivtra-ark-av-forbundet-fi116\/\" \/>\n<meta property=\"og:site_name\" content=\"Holy Land Olive Wood - Bethlehem Olive Wood Factory\" \/>\n<meta property=\"article:publisher\" content=\"https:\/\/www.facebook.com\/holylandolivewood.bethlehem\/\" \/>\n<meta property=\"article:modified_time\" content=\"2022-09-29T21:27:14+00:00\" \/>\n<meta property=\"og:image\" content=\"https:\/\/holyland-olivewood.com\/wp-content\/uploads\/2022\/09\/olive_wood_the_ark_of_the_covenant_fi116_1.jpg\" \/>\n\t<meta property=\"og:image:width\" content=\"1550\" \/>\n\t<meta property=\"og:image:height\" content=\"1200\" \/>\n\t<meta property=\"og:image:type\" content=\"image\/jpeg\" \/>\n<meta name=\"twitter:card\" content=\"summary_large_image\" \/>\n<script type=\"application\/ld+json\" class=\"yoast-schema-graph\">{\"@context\":\"https:\\\/\\\/schema.org\",\"@graph\":[{\"@type\":\"WebPage\",\"@id\":\"https:\\\/\\\/holyland-olivewood.com\\\/sv\\\/product\\\/olivtra-ark-av-forbundet-fi116\\\/\",\"url\":\"https:\\\/\\\/holyland-olivewood.com\\\/sv\\\/product\\\/olivtra-ark-av-forbundet-fi116\\\/\",\"name\":\"F\u00f6rbundsarken i olivtr\u00e4 #FI116 - Holy Land Olive Wood - Bethlehem Olive Wood Factory\",\"isPartOf\":{\"@id\":\"https:\\\/\\\/holyland-olivewood.com\\\/sv\\\/#website\"},\"primaryImageOfPage\":{\"@id\":\"https:\\\/\\\/holyland-olivewood.com\\\/sv\\\/product\\\/olivtra-ark-av-forbundet-fi116\\\/#primaryimage\"},\"image\":{\"@id\":\"https:\\\/\\\/holyland-olivewood.com\\\/sv\\\/product\\\/olivtra-ark-av-forbundet-fi116\\\/#primaryimage\"},\"thumbnailUrl\":\"https:\\\/\\\/holyland-olivewood.com\\\/wp-content\\\/uploads\\\/2022\\\/09\\\/olive_wood_the_ark_of_the_covenant_fi116_1.jpg\",\"datePublished\":\"2022-09-29T21:27:13+00:00\",\"dateModified\":\"2022-09-29T21:27:14+00:00\",\"breadcrumb\":{\"@id\":\"https:\\\/\\\/holyland-olivewood.com\\\/sv\\\/product\\\/olivtra-ark-av-forbundet-fi116\\\/#breadcrumb\"},\"inLanguage\":\"sv-SE\",\"potentialAction\":[{\"@type\":\"ReadAction\",\"target\":[\"https:\\\/\\\/holyland-olivewood.com\\\/sv\\\/product\\\/olivtra-ark-av-forbundet-fi116\\\/\"]}]},{\"@type\":\"ImageObject\",\"inLanguage\":\"sv-SE\",\"@id\":\"https:\\\/\\\/holyland-olivewood.com\\\/sv\\\/product\\\/olivtra-ark-av-forbundet-fi116\\\/#primaryimage\",\"url\":\"https:\\\/\\\/holyland-olivewood.com\\\/wp-content\\\/uploads\\\/2022\\\/09\\\/olive_wood_the_ark_of_the_covenant_fi116_1.jpg\",\"contentUrl\":\"https:\\\/\\\/holyland-olivewood.com\\\/wp-content\\\/uploads\\\/2022\\\/09\\\/olive_wood_the_ark_of_the_covenant_fi116_1.jpg\",\"width\":1550,\"height\":1200},{\"@type\":\"BreadcrumbList\",\"@id\":\"https:\\\/\\\/holyland-olivewood.com\\\/sv\\\/product\\\/olivtra-ark-av-forbundet-fi116\\\/#breadcrumb\",\"itemListElement\":[{\"@type\":\"ListItem\",\"position\":1,\"name\":\"Home\",\"item\":\"https:\\\/\\\/holyland-olivewood.com\\\/sv\\\/home\\\/\"},{\"@type\":\"ListItem\",\"position\":2,\"name\":\"Se alla produkter\",\"item\":\"https:\\\/\\\/holyland-olivewood.com\\\/sv\\\/shop\\\/\"},{\"@type\":\"ListItem\",\"position\":3,\"name\":\"F\u00f6rbundsarken i olivtr\u00e4 #FI116\"}]},{\"@type\":\"WebSite\",\"@id\":\"https:\\\/\\\/holyland-olivewood.com\\\/sv\\\/#website\",\"url\":\"https:\\\/\\\/holyland-olivewood.com\\\/sv\\\/\",\"name\":\"Holy Land Olive Wood - Bethlehem Olive Wood Factory\",\"description\":\"Holy Land Olivewood Bethlehem\",\"publisher\":{\"@id\":\"https:\\\/\\\/holyland-olivewood.com\\\/sv\\\/#organization\"},\"potentialAction\":[{\"@type\":\"SearchAction\",\"target\":{\"@type\":\"EntryPoint\",\"urlTemplate\":\"https:\\\/\\\/holyland-olivewood.com\\\/sv\\\/?s={search_term_string}\"},\"query-input\":{\"@type\":\"PropertyValueSpecification\",\"valueRequired\":true,\"valueName\":\"search_term_string\"}}],\"inLanguage\":\"sv-SE\"},{\"@type\":\"Organization\",\"@id\":\"https:\\\/\\\/holyland-olivewood.com\\\/sv\\\/#organization\",\"name\":\"Holy Land Olivewood\",\"url\":\"https:\\\/\\\/holyland-olivewood.com\\\/sv\\\/\",\"logo\":{\"@type\":\"ImageObject\",\"inLanguage\":\"sv-SE\",\"@id\":\"https:\\\/\\\/holyland-olivewood.com\\\/sv\\\/#\\\/schema\\\/logo\\\/image\\\/\",\"url\":\"\",\"contentUrl\":\"\",\"caption\":\"Holy Land Olivewood\"},\"image\":{\"@id\":\"https:\\\/\\\/holyland-olivewood.com\\\/sv\\\/#\\\/schema\\\/logo\\\/image\\\/\"},\"sameAs\":[\"https:\\\/\\\/www.facebook.com\\\/holylandolivewood.bethlehem\\\/\",\"http:\\\/\\\/instagram.com\\\/holy.land.olive.wood\"]}]}<\/script>\n<!-- \/ Yoast SEO plugin. -->","yoast_head_json":{"title":"F\u00f6rbundsarken i olivtr\u00e4 #FI116 - Holy Land Olive Wood - Bethlehem Olive Wood Factory","robots":{"index":"index","follow":"follow","max-snippet":"max-snippet:-1","max-image-preview":"max-image-preview:large","max-video-preview":"max-video-preview:-1"},"canonical":"https:\/\/holyland-olivewood.com\/sv\/product\/olivtra-ark-av-forbundet-fi116\/","og_locale":"sv_SE","og_type":"article","og_title":"F\u00f6rbundsarken i olivtr\u00e4 #FI116 - Holy Land Olive Wood - Bethlehem Olive Wood Factory","og_description":"Den h\u00e4r hisnande bibliska statyn \u00e4r handgjord av olivtr\u00e4 fr\u00e5n det heliga landet. Fyra pr\u00e4ster b\u00e4r arken medan en femte pr\u00e4st bl\u00e5ser i shofaren (hornet) och visar v\u00e4gen framf\u00f6r dem. Sj\u00e4lva arken har tv\u00e5 menororor p\u00e5 vardera sidan av den, \u00f6ver arken finns tv\u00e5 keruber som kn\u00e4b\u00f6jer p\u00e5 n\u00e5dastolen och st\u00e5r v\u00e4nda mot varandra. De fem figurerna \u00e4r placerade p\u00e5 en v\u00e5gig snidad fot \u00f6ver en piedestal av mahognytr\u00e4. Denna artikel inneh\u00e5ller ett \u00e4kthetscertifikat som verifierar de material och tekniker som anv\u00e4nds f\u00f6r att tillverka denna produkt. Storlek: 22 cm x 37 cm x 28 cm (8,5\" x 14,5\" x 11\")","og_url":"https:\/\/holyland-olivewood.com\/sv\/product\/olivtra-ark-av-forbundet-fi116\/","og_site_name":"Holy Land Olive Wood - Bethlehem Olive Wood Factory","article_publisher":"https:\/\/www.facebook.com\/holylandolivewood.bethlehem\/","article_modified_time":"2022-09-29T21:27:14+00:00","og_image":[{"width":1550,"height":1200,"url":"https:\/\/holyland-olivewood.com\/wp-content\/uploads\/2022\/09\/olive_wood_the_ark_of_the_covenant_fi116_1.jpg","type":"image\/jpeg"}],"twitter_card":"summary_large_image","schema":{"@context":"https:\/\/schema.org","@graph":[{"@type":"WebPage","@id":"https:\/\/holyland-olivewood.com\/sv\/product\/olivtra-ark-av-forbundet-fi116\/","url":"https:\/\/holyland-olivewood.com\/sv\/product\/olivtra-ark-av-forbundet-fi116\/","name":"F\u00f6rbundsarken i olivtr\u00e4 #FI116 - Holy Land Olive Wood - Bethlehem Olive Wood Factory","isPartOf":{"@id":"https:\/\/holyland-olivewood.com\/sv\/#website"},"primaryImageOfPage":{"@id":"https:\/\/holyland-olivewood.com\/sv\/product\/olivtra-ark-av-forbundet-fi116\/#primaryimage"},"image":{"@id":"https:\/\/holyland-olivewood.com\/sv\/product\/olivtra-ark-av-forbundet-fi116\/#primaryimage"},"thumbnailUrl":"https:\/\/holyland-olivewood.com\/wp-content\/uploads\/2022\/09\/olive_wood_the_ark_of_the_covenant_fi116_1.jpg","datePublished":"2022-09-29T21:27:13+00:00","dateModified":"2022-09-29T21:27:14+00:00","breadcrumb":{"@id":"https:\/\/holyland-olivewood.com\/sv\/product\/olivtra-ark-av-forbundet-fi116\/#breadcrumb"},"inLanguage":"sv-SE","potentialAction":[{"@type":"ReadAction","target":["https:\/\/holyland-olivewood.com\/sv\/product\/olivtra-ark-av-forbundet-fi116\/"]}]},{"@type":"ImageObject","inLanguage":"sv-SE","@id":"https:\/\/holyland-olivewood.com\/sv\/product\/olivtra-ark-av-forbundet-fi116\/#primaryimage","url":"https:\/\/holyland-olivewood.com\/wp-content\/uploads\/2022\/09\/olive_wood_the_ark_of_the_covenant_fi116_1.jpg","contentUrl":"https:\/\/holyland-olivewood.com\/wp-content\/uploads\/2022\/09\/olive_wood_the_ark_of_the_covenant_fi116_1.jpg","width":1550,"height":1200},{"@type":"BreadcrumbList","@id":"https:\/\/holyland-olivewood.com\/sv\/product\/olivtra-ark-av-forbundet-fi116\/#breadcrumb","itemListElement":[{"@type":"ListItem","position":1,"name":"Home","item":"https:\/\/holyland-olivewood.com\/sv\/home\/"},{"@type":"ListItem","position":2,"name":"Se alla produkter","item":"https:\/\/holyland-olivewood.com\/sv\/shop\/"},{"@type":"ListItem","position":3,"name":"F\u00f6rbundsarken i olivtr\u00e4 #FI116"}]},{"@type":"WebSite","@id":"https:\/\/holyland-olivewood.com\/sv\/#website","url":"https:\/\/holyland-olivewood.com\/sv\/","name":"Holy Land Olive Wood - Bethlehem Olive Wood Factory","description":"Holy Land Olivewood Bethlehem","publisher":{"@id":"https:\/\/holyland-olivewood.com\/sv\/#organization"},"potentialAction":[{"@type":"SearchAction","target":{"@type":"EntryPoint","urlTemplate":"https:\/\/holyland-olivewood.com\/sv\/?s={search_term_string}"},"query-input":{"@type":"PropertyValueSpecification","valueRequired":true,"valueName":"search_term_string"}}],"inLanguage":"sv-SE"},{"@type":"Organization","@id":"https:\/\/holyland-olivewood.com\/sv\/#organization","name":"Holy Land Olivewood","url":"https:\/\/holyland-olivewood.com\/sv\/","logo":{"@type":"ImageObject","inLanguage":"sv-SE","@id":"https:\/\/holyland-olivewood.com\/sv\/#\/schema\/logo\/image\/","url":"","contentUrl":"","caption":"Holy Land Olivewood"},"image":{"@id":"https:\/\/holyland-olivewood.com\/sv\/#\/schema\/logo\/image\/"},"sameAs":["https:\/\/www.facebook.com\/holylandolivewood.bethlehem\/","http:\/\/instagram.com\/holy.land.olive.wood"]}]}},"_links":{"self":[{"href":"https:\/\/holyland-olivewood.com\/sv\/wp-json\/wp\/v2\/product\/52789","targetHints":{"allow":["GET"]}}],"collection":[{"href":"https:\/\/holyland-olivewood.com\/sv\/wp-json\/wp\/v2\/product"}],"about":[{"href":"https:\/\/holyland-olivewood.com\/sv\/wp-json\/wp\/v2\/types\/product"}],"replies":[{"embeddable":true,"href":"https:\/\/holyland-olivewood.com\/sv\/wp-json\/wp\/v2\/comments?post=52789"}],"version-history":[{"count":0,"href":"https:\/\/holyland-olivewood.com\/sv\/wp-json\/wp\/v2\/product\/52789\/revisions"}],"wp:featuredmedia":[{"embeddable":true,"href":"https:\/\/holyland-olivewood.com\/sv\/wp-json\/wp\/v2\/media\/52790"}],"wp:attachment":[{"href":"https:\/\/holyland-olivewood.com\/sv\/wp-json\/wp\/v2\/media?parent=52789"}],"wp:term":[{"taxonomy":"product_brand","embeddable":true,"href":"https:\/\/holyland-olivewood.com\/sv\/wp-json\/wp\/v2\/product_brand?post=52789"},{"taxonomy":"product_cat","embeddable":true,"href":"https:\/\/holyland-olivewood.com\/sv\/wp-json\/wp\/v2\/product_cat?post=52789"},{"taxonomy":"product_tag","embeddable":true,"href":"https:\/\/holyland-olivewood.com\/sv\/wp-json\/wp\/v2\/product_tag?post=52789"}],"curies":[{"name":"wp","href":"https:\/\/api.w.org\/{rel}","templated":true}]}}