{"id":51329,"date":"2022-04-10T10:24:21","date_gmt":"2022-04-10T10:24:21","guid":{"rendered":"https:\/\/holyland-olivewood.com\/product\/olivtra-handkors-11-cm-435-cr167\/"},"modified":"2026-02-14T12:44:54","modified_gmt":"2026-02-14T12:44:54","slug":"olivtra-handkors-11-cm-4-35-cr167","status":"publish","type":"product","link":"https:\/\/holyland-olivewood.com\/sv\/product\/olivtra-handkors-11-cm-4-35-cr167\/","title":{"rendered":"Olivtr\u00e4 handkors (11 CM \/ 4,35&#8221;) #CR167"},"content":{"rendered":"","protected":false},"excerpt":{"rendered":"<p>Detta uts\u00f6kta, unika Olive Wood Cross for Comfort \u00e4r tillverkat av olivtr\u00e4 fr\u00e5n Betlehem och d\u00e4rf\u00f6r har varje kors unikt utseende. Den \u00e4r gjord f\u00f6r att h\u00e5llas i handen f\u00f6r tr\u00f6st under sv\u00e5ra tider och n\u00e4r man beh\u00f6ver bli p\u00e5mind om Guds k\u00e4rlek till oss. Genom att g\u00f6ras av tr\u00e4 fr\u00e5n olivtr\u00e4det \u00e4r varje kors unikt.<\/p>\n<p>Storlek: 11 cm (4,35\u201d)<\/p>\n","protected":false},"featured_media":51157,"comment_status":"closed","ping_status":"closed","template":"","meta":[],"product_brand":[],"product_cat":[1034,1033],"product_tag":[],"class_list":{"0":"post-51329","1":"product","2":"type-product","3":"status-publish","4":"has-post-thumbnail","6":"product_cat-kunsthaandvaerk-sv","7":"product_cat-kors-og-krucifikser-sv","9":"first","10":"instock","11":"shipping-taxable","12":"purchasable","13":"product-type-simple"},"yoast_head":"<!-- This site is optimized with the Yoast SEO plugin v27.4 - https:\/\/yoast.com\/product\/yoast-seo-wordpress\/ -->\n<title>Olivtr\u00e4 handkors (11 CM \/ 4,35&#039;&#039;) #CR167 - Holy Land Olive Wood - Bethlehem Olive Wood Factory<\/title>\n<meta name=\"description\" content=\"Hantverk i Betlehems olivtr\u00e4 (dvs. hand, kors, kors, krucifix, p\u00e4rlor) penn\u00e4mnen, block &amp; r\u00e5material i standard- och specialm\u00e5tt.\" \/>\n<meta name=\"robots\" content=\"index, follow, max-snippet:-1, max-image-preview:large, max-video-preview:-1\" \/>\n<link rel=\"canonical\" href=\"https:\/\/holyland-olivewood.com\/sv\/product\/olivtra-handkors-11-cm-4-35-cr167\/\" \/>\n<meta property=\"og:locale\" content=\"sv_SE\" \/>\n<meta property=\"og:type\" content=\"article\" \/>\n<meta property=\"og:title\" content=\"Olivtr\u00e4 handkors (11 CM \/ 4,35&#039;&#039;) #CR167 - Holy Land Olive Wood - Bethlehem Olive Wood Factory\" \/>\n<meta property=\"og:description\" content=\"Hantverk i Betlehems olivtr\u00e4 (dvs. hand, kors, kors, krucifix, p\u00e4rlor) penn\u00e4mnen, block &amp; r\u00e5material i standard- och specialm\u00e5tt.\" \/>\n<meta property=\"og:url\" content=\"https:\/\/holyland-olivewood.com\/sv\/product\/olivtra-handkors-11-cm-4-35-cr167\/\" \/>\n<meta property=\"og:site_name\" content=\"Holy Land Olive Wood - Bethlehem Olive Wood Factory\" \/>\n<meta property=\"article:publisher\" content=\"https:\/\/www.facebook.com\/holylandolivewood.bethlehem\/\" \/>\n<meta property=\"article:modified_time\" content=\"2026-02-14T12:44:54+00:00\" \/>\n<meta property=\"og:image\" content=\"https:\/\/holyland-olivewood.com\/wp-content\/uploads\/2022\/04\/hand_cross_holy_land_olive_wood_bethlehem_cr167_1.jpg\" \/>\n\t<meta property=\"og:image:width\" content=\"1550\" \/>\n\t<meta property=\"og:image:height\" content=\"1200\" \/>\n\t<meta property=\"og:image:type\" content=\"image\/jpeg\" \/>\n<meta name=\"twitter:card\" content=\"summary_large_image\" \/>\n<script type=\"application\/ld+json\" class=\"yoast-schema-graph\">{\"@context\":\"https:\\\/\\\/schema.org\",\"@graph\":[{\"@type\":\"WebPage\",\"@id\":\"https:\\\/\\\/holyland-olivewood.com\\\/sv\\\/product\\\/olivtra-handkors-11-cm-4-35-cr167\\\/\",\"url\":\"https:\\\/\\\/holyland-olivewood.com\\\/sv\\\/product\\\/olivtra-handkors-11-cm-4-35-cr167\\\/\",\"name\":\"Olivtr\u00e4 handkors (11 CM \\\/ 4,35'') #CR167 - Holy Land Olive Wood - Bethlehem Olive Wood Factory\",\"isPartOf\":{\"@id\":\"https:\\\/\\\/holyland-olivewood.com\\\/sv\\\/#website\"},\"primaryImageOfPage\":{\"@id\":\"https:\\\/\\\/holyland-olivewood.com\\\/sv\\\/product\\\/olivtra-handkors-11-cm-4-35-cr167\\\/#primaryimage\"},\"image\":{\"@id\":\"https:\\\/\\\/holyland-olivewood.com\\\/sv\\\/product\\\/olivtra-handkors-11-cm-4-35-cr167\\\/#primaryimage\"},\"thumbnailUrl\":\"https:\\\/\\\/holyland-olivewood.com\\\/wp-content\\\/uploads\\\/2022\\\/04\\\/hand_cross_holy_land_olive_wood_bethlehem_cr167_1.jpg\",\"datePublished\":\"2022-04-10T10:24:21+00:00\",\"dateModified\":\"2026-02-14T12:44:54+00:00\",\"description\":\"Hantverk i Betlehems olivtr\u00e4 (dvs. hand, kors, kors, krucifix, p\u00e4rlor) penn\u00e4mnen, block & r\u00e5material i standard- och specialm\u00e5tt.\",\"breadcrumb\":{\"@id\":\"https:\\\/\\\/holyland-olivewood.com\\\/sv\\\/product\\\/olivtra-handkors-11-cm-4-35-cr167\\\/#breadcrumb\"},\"inLanguage\":\"sv-SE\",\"potentialAction\":[{\"@type\":\"ReadAction\",\"target\":[\"https:\\\/\\\/holyland-olivewood.com\\\/sv\\\/product\\\/olivtra-handkors-11-cm-4-35-cr167\\\/\"]}]},{\"@type\":\"ImageObject\",\"inLanguage\":\"sv-SE\",\"@id\":\"https:\\\/\\\/holyland-olivewood.com\\\/sv\\\/product\\\/olivtra-handkors-11-cm-4-35-cr167\\\/#primaryimage\",\"url\":\"https:\\\/\\\/holyland-olivewood.com\\\/wp-content\\\/uploads\\\/2022\\\/04\\\/hand_cross_holy_land_olive_wood_bethlehem_cr167_1.jpg\",\"contentUrl\":\"https:\\\/\\\/holyland-olivewood.com\\\/wp-content\\\/uploads\\\/2022\\\/04\\\/hand_cross_holy_land_olive_wood_bethlehem_cr167_1.jpg\",\"width\":1550,\"height\":1200},{\"@type\":\"BreadcrumbList\",\"@id\":\"https:\\\/\\\/holyland-olivewood.com\\\/sv\\\/product\\\/olivtra-handkors-11-cm-4-35-cr167\\\/#breadcrumb\",\"itemListElement\":[{\"@type\":\"ListItem\",\"position\":1,\"name\":\"Home\",\"item\":\"https:\\\/\\\/holyland-olivewood.com\\\/sv\\\/home\\\/\"},{\"@type\":\"ListItem\",\"position\":2,\"name\":\"Se alla produkter\",\"item\":\"https:\\\/\\\/holyland-olivewood.com\\\/sv\\\/shop\\\/\"},{\"@type\":\"ListItem\",\"position\":3,\"name\":\"Olivtr\u00e4 handkors (11 CM \\\/ 4,35&#8221;) #CR167\"}]},{\"@type\":\"WebSite\",\"@id\":\"https:\\\/\\\/holyland-olivewood.com\\\/sv\\\/#website\",\"url\":\"https:\\\/\\\/holyland-olivewood.com\\\/sv\\\/\",\"name\":\"Holy Land Olive Wood - Bethlehem Olive Wood Factory\",\"description\":\"Holy Land Olivewood Bethlehem\",\"publisher\":{\"@id\":\"https:\\\/\\\/holyland-olivewood.com\\\/sv\\\/#organization\"},\"potentialAction\":[{\"@type\":\"SearchAction\",\"target\":{\"@type\":\"EntryPoint\",\"urlTemplate\":\"https:\\\/\\\/holyland-olivewood.com\\\/sv\\\/?s={search_term_string}\"},\"query-input\":{\"@type\":\"PropertyValueSpecification\",\"valueRequired\":true,\"valueName\":\"search_term_string\"}}],\"inLanguage\":\"sv-SE\"},{\"@type\":\"Organization\",\"@id\":\"https:\\\/\\\/holyland-olivewood.com\\\/sv\\\/#organization\",\"name\":\"Holy Land Olivewood\",\"url\":\"https:\\\/\\\/holyland-olivewood.com\\\/sv\\\/\",\"logo\":{\"@type\":\"ImageObject\",\"inLanguage\":\"sv-SE\",\"@id\":\"https:\\\/\\\/holyland-olivewood.com\\\/sv\\\/#\\\/schema\\\/logo\\\/image\\\/\",\"url\":\"\",\"contentUrl\":\"\",\"caption\":\"Holy Land Olivewood\"},\"image\":{\"@id\":\"https:\\\/\\\/holyland-olivewood.com\\\/sv\\\/#\\\/schema\\\/logo\\\/image\\\/\"},\"sameAs\":[\"https:\\\/\\\/www.facebook.com\\\/holylandolivewood.bethlehem\\\/\",\"http:\\\/\\\/instagram.com\\\/holy.land.olive.wood\"]}]}<\/script>\n<!-- \/ Yoast SEO plugin. -->","yoast_head_json":{"title":"Olivtr\u00e4 handkors (11 CM \/ 4,35'') #CR167 - Holy Land Olive Wood - Bethlehem Olive Wood Factory","description":"Hantverk i Betlehems olivtr\u00e4 (dvs. hand, kors, kors, krucifix, p\u00e4rlor) penn\u00e4mnen, block & r\u00e5material i standard- och specialm\u00e5tt.","robots":{"index":"index","follow":"follow","max-snippet":"max-snippet:-1","max-image-preview":"max-image-preview:large","max-video-preview":"max-video-preview:-1"},"canonical":"https:\/\/holyland-olivewood.com\/sv\/product\/olivtra-handkors-11-cm-4-35-cr167\/","og_locale":"sv_SE","og_type":"article","og_title":"Olivtr\u00e4 handkors (11 CM \/ 4,35'') #CR167 - Holy Land Olive Wood - Bethlehem Olive Wood Factory","og_description":"Hantverk i Betlehems olivtr\u00e4 (dvs. hand, kors, kors, krucifix, p\u00e4rlor) penn\u00e4mnen, block & r\u00e5material i standard- och specialm\u00e5tt.","og_url":"https:\/\/holyland-olivewood.com\/sv\/product\/olivtra-handkors-11-cm-4-35-cr167\/","og_site_name":"Holy Land Olive Wood - Bethlehem Olive Wood Factory","article_publisher":"https:\/\/www.facebook.com\/holylandolivewood.bethlehem\/","article_modified_time":"2026-02-14T12:44:54+00:00","og_image":[{"width":1550,"height":1200,"url":"https:\/\/holyland-olivewood.com\/wp-content\/uploads\/2022\/04\/hand_cross_holy_land_olive_wood_bethlehem_cr167_1.jpg","type":"image\/jpeg"}],"twitter_card":"summary_large_image","schema":{"@context":"https:\/\/schema.org","@graph":[{"@type":"WebPage","@id":"https:\/\/holyland-olivewood.com\/sv\/product\/olivtra-handkors-11-cm-4-35-cr167\/","url":"https:\/\/holyland-olivewood.com\/sv\/product\/olivtra-handkors-11-cm-4-35-cr167\/","name":"Olivtr\u00e4 handkors (11 CM \/ 4,35'') #CR167 - Holy Land Olive Wood - Bethlehem Olive Wood Factory","isPartOf":{"@id":"https:\/\/holyland-olivewood.com\/sv\/#website"},"primaryImageOfPage":{"@id":"https:\/\/holyland-olivewood.com\/sv\/product\/olivtra-handkors-11-cm-4-35-cr167\/#primaryimage"},"image":{"@id":"https:\/\/holyland-olivewood.com\/sv\/product\/olivtra-handkors-11-cm-4-35-cr167\/#primaryimage"},"thumbnailUrl":"https:\/\/holyland-olivewood.com\/wp-content\/uploads\/2022\/04\/hand_cross_holy_land_olive_wood_bethlehem_cr167_1.jpg","datePublished":"2022-04-10T10:24:21+00:00","dateModified":"2026-02-14T12:44:54+00:00","description":"Hantverk i Betlehems olivtr\u00e4 (dvs. hand, kors, kors, krucifix, p\u00e4rlor) penn\u00e4mnen, block & r\u00e5material i standard- och specialm\u00e5tt.","breadcrumb":{"@id":"https:\/\/holyland-olivewood.com\/sv\/product\/olivtra-handkors-11-cm-4-35-cr167\/#breadcrumb"},"inLanguage":"sv-SE","potentialAction":[{"@type":"ReadAction","target":["https:\/\/holyland-olivewood.com\/sv\/product\/olivtra-handkors-11-cm-4-35-cr167\/"]}]},{"@type":"ImageObject","inLanguage":"sv-SE","@id":"https:\/\/holyland-olivewood.com\/sv\/product\/olivtra-handkors-11-cm-4-35-cr167\/#primaryimage","url":"https:\/\/holyland-olivewood.com\/wp-content\/uploads\/2022\/04\/hand_cross_holy_land_olive_wood_bethlehem_cr167_1.jpg","contentUrl":"https:\/\/holyland-olivewood.com\/wp-content\/uploads\/2022\/04\/hand_cross_holy_land_olive_wood_bethlehem_cr167_1.jpg","width":1550,"height":1200},{"@type":"BreadcrumbList","@id":"https:\/\/holyland-olivewood.com\/sv\/product\/olivtra-handkors-11-cm-4-35-cr167\/#breadcrumb","itemListElement":[{"@type":"ListItem","position":1,"name":"Home","item":"https:\/\/holyland-olivewood.com\/sv\/home\/"},{"@type":"ListItem","position":2,"name":"Se alla produkter","item":"https:\/\/holyland-olivewood.com\/sv\/shop\/"},{"@type":"ListItem","position":3,"name":"Olivtr\u00e4 handkors (11 CM \/ 4,35&#8221;) #CR167"}]},{"@type":"WebSite","@id":"https:\/\/holyland-olivewood.com\/sv\/#website","url":"https:\/\/holyland-olivewood.com\/sv\/","name":"Holy Land Olive Wood - Bethlehem Olive Wood Factory","description":"Holy Land Olivewood Bethlehem","publisher":{"@id":"https:\/\/holyland-olivewood.com\/sv\/#organization"},"potentialAction":[{"@type":"SearchAction","target":{"@type":"EntryPoint","urlTemplate":"https:\/\/holyland-olivewood.com\/sv\/?s={search_term_string}"},"query-input":{"@type":"PropertyValueSpecification","valueRequired":true,"valueName":"search_term_string"}}],"inLanguage":"sv-SE"},{"@type":"Organization","@id":"https:\/\/holyland-olivewood.com\/sv\/#organization","name":"Holy Land Olivewood","url":"https:\/\/holyland-olivewood.com\/sv\/","logo":{"@type":"ImageObject","inLanguage":"sv-SE","@id":"https:\/\/holyland-olivewood.com\/sv\/#\/schema\/logo\/image\/","url":"","contentUrl":"","caption":"Holy Land Olivewood"},"image":{"@id":"https:\/\/holyland-olivewood.com\/sv\/#\/schema\/logo\/image\/"},"sameAs":["https:\/\/www.facebook.com\/holylandolivewood.bethlehem\/","http:\/\/instagram.com\/holy.land.olive.wood"]}]}},"_links":{"self":[{"href":"https:\/\/holyland-olivewood.com\/sv\/wp-json\/wp\/v2\/product\/51329","targetHints":{"allow":["GET"]}}],"collection":[{"href":"https:\/\/holyland-olivewood.com\/sv\/wp-json\/wp\/v2\/product"}],"about":[{"href":"https:\/\/holyland-olivewood.com\/sv\/wp-json\/wp\/v2\/types\/product"}],"replies":[{"embeddable":true,"href":"https:\/\/holyland-olivewood.com\/sv\/wp-json\/wp\/v2\/comments?post=51329"}],"version-history":[{"count":1,"href":"https:\/\/holyland-olivewood.com\/sv\/wp-json\/wp\/v2\/product\/51329\/revisions"}],"predecessor-version":[{"id":64098,"href":"https:\/\/holyland-olivewood.com\/sv\/wp-json\/wp\/v2\/product\/51329\/revisions\/64098"}],"wp:featuredmedia":[{"embeddable":true,"href":"https:\/\/holyland-olivewood.com\/sv\/wp-json\/wp\/v2\/media\/51157"}],"wp:attachment":[{"href":"https:\/\/holyland-olivewood.com\/sv\/wp-json\/wp\/v2\/media?parent=51329"}],"wp:term":[{"taxonomy":"product_brand","embeddable":true,"href":"https:\/\/holyland-olivewood.com\/sv\/wp-json\/wp\/v2\/product_brand?post=51329"},{"taxonomy":"product_cat","embeddable":true,"href":"https:\/\/holyland-olivewood.com\/sv\/wp-json\/wp\/v2\/product_cat?post=51329"},{"taxonomy":"product_tag","embeddable":true,"href":"https:\/\/holyland-olivewood.com\/sv\/wp-json\/wp\/v2\/product_tag?post=51329"}],"curies":[{"name":"wp","href":"https:\/\/api.w.org\/{rel}","templated":true}]}}