{"id":50807,"date":"2022-03-03T21:22:36","date_gmt":"2022-03-03T21:22:36","guid":{"rendered":"https:\/\/holyland-olivewood.com\/product\/olivtra-jesuskors-cr164\/"},"modified":"2026-02-14T13:14:31","modified_gmt":"2026-02-14T13:14:31","slug":"olivtra-jesus-kors-cr164","status":"publish","type":"product","link":"https:\/\/holyland-olivewood.com\/sv\/product\/olivtra-jesus-kors-cr164\/","title":{"rendered":"Olivtr\u00e4 Jesuskors (14 cm \/ 5,5&#8221;) #CR164"},"content":{"rendered":"","protected":false},"excerpt":{"rendered":"<p>Detta moderna kors \u00e4r konstn\u00e4rligt klippt f\u00f6r att stava &#8221;Jesus&#8221;. Den \u00e4r handgjord i det heliga landet av h\u00e5llbart sk\u00f6rdat, autentiskt Betlehem olivtr\u00e4.<\/p>\n<p>Denna artikel inneh\u00e5ller ett \u00e4kthetscertifikat som verifierar de material och tekniker som anv\u00e4nds f\u00f6r att tillverka denna produkt.<\/p>\n<p>Storlek: 14 cm (5,5 tum)<\/p>\n","protected":false},"featured_media":50988,"comment_status":"closed","ping_status":"closed","template":"","meta":[],"product_brand":[],"product_cat":[1034,1033],"product_tag":[],"class_list":{"0":"post-50807","1":"product","2":"type-product","3":"status-publish","4":"has-post-thumbnail","6":"product_cat-kunsthaandvaerk-sv","7":"product_cat-kors-og-krucifikser-sv","9":"first","10":"instock","11":"shipping-taxable","12":"purchasable","13":"product-type-simple"},"yoast_head":"<!-- This site is optimized with the Yoast SEO plugin v27.4 - https:\/\/yoast.com\/product\/yoast-seo-wordpress\/ -->\n<title>Olivtr\u00e4 Jesuskors (14 cm \/ 5,5&#039;&#039;) #CR164 - Holy Land Olive Wood - Bethlehem Olive Wood Factory<\/title>\n<meta name=\"description\" content=\"Betlehemshantverk i olivtr\u00e4 (t.ex. radband, Jerusalem, kors, krucifix, p\u00e4rlor) penn\u00e4mnen, block &amp; r\u00e5material i standard- och specialm\u00e5tt\" \/>\n<meta name=\"robots\" content=\"index, follow, max-snippet:-1, max-image-preview:large, max-video-preview:-1\" \/>\n<link rel=\"canonical\" href=\"https:\/\/holyland-olivewood.com\/sv\/product\/olivtra-jesus-kors-cr164\/\" \/>\n<meta property=\"og:locale\" content=\"sv_SE\" \/>\n<meta property=\"og:type\" content=\"article\" \/>\n<meta property=\"og:title\" content=\"Olivtr\u00e4 Jesuskors (14 cm \/ 5,5&#039;&#039;) #CR164 - Holy Land Olive Wood - Bethlehem Olive Wood Factory\" \/>\n<meta property=\"og:description\" content=\"Betlehemshantverk i olivtr\u00e4 (t.ex. radband, Jerusalem, kors, krucifix, p\u00e4rlor) penn\u00e4mnen, block &amp; r\u00e5material i standard- och specialm\u00e5tt\" \/>\n<meta property=\"og:url\" content=\"https:\/\/holyland-olivewood.com\/sv\/product\/olivtra-jesus-kors-cr164\/\" \/>\n<meta property=\"og:site_name\" content=\"Holy Land Olive Wood - Bethlehem Olive Wood Factory\" \/>\n<meta property=\"article:publisher\" content=\"https:\/\/www.facebook.com\/holylandolivewood.bethlehem\/\" \/>\n<meta property=\"article:modified_time\" content=\"2026-02-14T13:14:31+00:00\" \/>\n<meta property=\"og:image\" content=\"https:\/\/holyland-olivewood.com\/wp-content\/uploads\/2022\/03\/hand_cross_holy_land_olive_wood_bethlehem_cr164_1.jpg\" \/>\n\t<meta property=\"og:image:width\" content=\"1550\" \/>\n\t<meta property=\"og:image:height\" content=\"1200\" \/>\n\t<meta property=\"og:image:type\" content=\"image\/jpeg\" \/>\n<meta name=\"twitter:card\" content=\"summary_large_image\" \/>\n<script type=\"application\/ld+json\" class=\"yoast-schema-graph\">{\"@context\":\"https:\\\/\\\/schema.org\",\"@graph\":[{\"@type\":\"WebPage\",\"@id\":\"https:\\\/\\\/holyland-olivewood.com\\\/sv\\\/product\\\/olivtra-jesus-kors-cr164\\\/\",\"url\":\"https:\\\/\\\/holyland-olivewood.com\\\/sv\\\/product\\\/olivtra-jesus-kors-cr164\\\/\",\"name\":\"Olivtr\u00e4 Jesuskors (14 cm \\\/ 5,5'') #CR164 - Holy Land Olive Wood - Bethlehem Olive Wood Factory\",\"isPartOf\":{\"@id\":\"https:\\\/\\\/holyland-olivewood.com\\\/sv\\\/#website\"},\"primaryImageOfPage\":{\"@id\":\"https:\\\/\\\/holyland-olivewood.com\\\/sv\\\/product\\\/olivtra-jesus-kors-cr164\\\/#primaryimage\"},\"image\":{\"@id\":\"https:\\\/\\\/holyland-olivewood.com\\\/sv\\\/product\\\/olivtra-jesus-kors-cr164\\\/#primaryimage\"},\"thumbnailUrl\":\"https:\\\/\\\/holyland-olivewood.com\\\/wp-content\\\/uploads\\\/2022\\\/03\\\/hand_cross_holy_land_olive_wood_bethlehem_cr164_1.jpg\",\"datePublished\":\"2022-03-03T21:22:36+00:00\",\"dateModified\":\"2026-02-14T13:14:31+00:00\",\"description\":\"Betlehemshantverk i olivtr\u00e4 (t.ex. radband, Jerusalem, kors, krucifix, p\u00e4rlor) penn\u00e4mnen, block & r\u00e5material i standard- och specialm\u00e5tt\",\"breadcrumb\":{\"@id\":\"https:\\\/\\\/holyland-olivewood.com\\\/sv\\\/product\\\/olivtra-jesus-kors-cr164\\\/#breadcrumb\"},\"inLanguage\":\"sv-SE\",\"potentialAction\":[{\"@type\":\"ReadAction\",\"target\":[\"https:\\\/\\\/holyland-olivewood.com\\\/sv\\\/product\\\/olivtra-jesus-kors-cr164\\\/\"]}]},{\"@type\":\"ImageObject\",\"inLanguage\":\"sv-SE\",\"@id\":\"https:\\\/\\\/holyland-olivewood.com\\\/sv\\\/product\\\/olivtra-jesus-kors-cr164\\\/#primaryimage\",\"url\":\"https:\\\/\\\/holyland-olivewood.com\\\/wp-content\\\/uploads\\\/2022\\\/03\\\/hand_cross_holy_land_olive_wood_bethlehem_cr164_1.jpg\",\"contentUrl\":\"https:\\\/\\\/holyland-olivewood.com\\\/wp-content\\\/uploads\\\/2022\\\/03\\\/hand_cross_holy_land_olive_wood_bethlehem_cr164_1.jpg\",\"width\":1550,\"height\":1200},{\"@type\":\"BreadcrumbList\",\"@id\":\"https:\\\/\\\/holyland-olivewood.com\\\/sv\\\/product\\\/olivtra-jesus-kors-cr164\\\/#breadcrumb\",\"itemListElement\":[{\"@type\":\"ListItem\",\"position\":1,\"name\":\"Home\",\"item\":\"https:\\\/\\\/holyland-olivewood.com\\\/sv\\\/home\\\/\"},{\"@type\":\"ListItem\",\"position\":2,\"name\":\"Se alla produkter\",\"item\":\"https:\\\/\\\/holyland-olivewood.com\\\/sv\\\/shop\\\/\"},{\"@type\":\"ListItem\",\"position\":3,\"name\":\"Olivtr\u00e4 Jesuskors (14 cm \\\/ 5,5&#8221;) #CR164\"}]},{\"@type\":\"WebSite\",\"@id\":\"https:\\\/\\\/holyland-olivewood.com\\\/sv\\\/#website\",\"url\":\"https:\\\/\\\/holyland-olivewood.com\\\/sv\\\/\",\"name\":\"Holy Land Olive Wood - Bethlehem Olive Wood Factory\",\"description\":\"Holy Land Olivewood Bethlehem\",\"publisher\":{\"@id\":\"https:\\\/\\\/holyland-olivewood.com\\\/sv\\\/#organization\"},\"potentialAction\":[{\"@type\":\"SearchAction\",\"target\":{\"@type\":\"EntryPoint\",\"urlTemplate\":\"https:\\\/\\\/holyland-olivewood.com\\\/sv\\\/?s={search_term_string}\"},\"query-input\":{\"@type\":\"PropertyValueSpecification\",\"valueRequired\":true,\"valueName\":\"search_term_string\"}}],\"inLanguage\":\"sv-SE\"},{\"@type\":\"Organization\",\"@id\":\"https:\\\/\\\/holyland-olivewood.com\\\/sv\\\/#organization\",\"name\":\"Holy Land Olivewood\",\"url\":\"https:\\\/\\\/holyland-olivewood.com\\\/sv\\\/\",\"logo\":{\"@type\":\"ImageObject\",\"inLanguage\":\"sv-SE\",\"@id\":\"https:\\\/\\\/holyland-olivewood.com\\\/sv\\\/#\\\/schema\\\/logo\\\/image\\\/\",\"url\":\"\",\"contentUrl\":\"\",\"caption\":\"Holy Land Olivewood\"},\"image\":{\"@id\":\"https:\\\/\\\/holyland-olivewood.com\\\/sv\\\/#\\\/schema\\\/logo\\\/image\\\/\"},\"sameAs\":[\"https:\\\/\\\/www.facebook.com\\\/holylandolivewood.bethlehem\\\/\",\"http:\\\/\\\/instagram.com\\\/holy.land.olive.wood\"]}]}<\/script>\n<!-- \/ Yoast SEO plugin. -->","yoast_head_json":{"title":"Olivtr\u00e4 Jesuskors (14 cm \/ 5,5'') #CR164 - Holy Land Olive Wood - Bethlehem Olive Wood Factory","description":"Betlehemshantverk i olivtr\u00e4 (t.ex. radband, Jerusalem, kors, krucifix, p\u00e4rlor) penn\u00e4mnen, block & r\u00e5material i standard- och specialm\u00e5tt","robots":{"index":"index","follow":"follow","max-snippet":"max-snippet:-1","max-image-preview":"max-image-preview:large","max-video-preview":"max-video-preview:-1"},"canonical":"https:\/\/holyland-olivewood.com\/sv\/product\/olivtra-jesus-kors-cr164\/","og_locale":"sv_SE","og_type":"article","og_title":"Olivtr\u00e4 Jesuskors (14 cm \/ 5,5'') #CR164 - Holy Land Olive Wood - Bethlehem Olive Wood Factory","og_description":"Betlehemshantverk i olivtr\u00e4 (t.ex. radband, Jerusalem, kors, krucifix, p\u00e4rlor) penn\u00e4mnen, block & r\u00e5material i standard- och specialm\u00e5tt","og_url":"https:\/\/holyland-olivewood.com\/sv\/product\/olivtra-jesus-kors-cr164\/","og_site_name":"Holy Land Olive Wood - Bethlehem Olive Wood Factory","article_publisher":"https:\/\/www.facebook.com\/holylandolivewood.bethlehem\/","article_modified_time":"2026-02-14T13:14:31+00:00","og_image":[{"width":1550,"height":1200,"url":"https:\/\/holyland-olivewood.com\/wp-content\/uploads\/2022\/03\/hand_cross_holy_land_olive_wood_bethlehem_cr164_1.jpg","type":"image\/jpeg"}],"twitter_card":"summary_large_image","schema":{"@context":"https:\/\/schema.org","@graph":[{"@type":"WebPage","@id":"https:\/\/holyland-olivewood.com\/sv\/product\/olivtra-jesus-kors-cr164\/","url":"https:\/\/holyland-olivewood.com\/sv\/product\/olivtra-jesus-kors-cr164\/","name":"Olivtr\u00e4 Jesuskors (14 cm \/ 5,5'') #CR164 - Holy Land Olive Wood - Bethlehem Olive Wood Factory","isPartOf":{"@id":"https:\/\/holyland-olivewood.com\/sv\/#website"},"primaryImageOfPage":{"@id":"https:\/\/holyland-olivewood.com\/sv\/product\/olivtra-jesus-kors-cr164\/#primaryimage"},"image":{"@id":"https:\/\/holyland-olivewood.com\/sv\/product\/olivtra-jesus-kors-cr164\/#primaryimage"},"thumbnailUrl":"https:\/\/holyland-olivewood.com\/wp-content\/uploads\/2022\/03\/hand_cross_holy_land_olive_wood_bethlehem_cr164_1.jpg","datePublished":"2022-03-03T21:22:36+00:00","dateModified":"2026-02-14T13:14:31+00:00","description":"Betlehemshantverk i olivtr\u00e4 (t.ex. radband, Jerusalem, kors, krucifix, p\u00e4rlor) penn\u00e4mnen, block & r\u00e5material i standard- och specialm\u00e5tt","breadcrumb":{"@id":"https:\/\/holyland-olivewood.com\/sv\/product\/olivtra-jesus-kors-cr164\/#breadcrumb"},"inLanguage":"sv-SE","potentialAction":[{"@type":"ReadAction","target":["https:\/\/holyland-olivewood.com\/sv\/product\/olivtra-jesus-kors-cr164\/"]}]},{"@type":"ImageObject","inLanguage":"sv-SE","@id":"https:\/\/holyland-olivewood.com\/sv\/product\/olivtra-jesus-kors-cr164\/#primaryimage","url":"https:\/\/holyland-olivewood.com\/wp-content\/uploads\/2022\/03\/hand_cross_holy_land_olive_wood_bethlehem_cr164_1.jpg","contentUrl":"https:\/\/holyland-olivewood.com\/wp-content\/uploads\/2022\/03\/hand_cross_holy_land_olive_wood_bethlehem_cr164_1.jpg","width":1550,"height":1200},{"@type":"BreadcrumbList","@id":"https:\/\/holyland-olivewood.com\/sv\/product\/olivtra-jesus-kors-cr164\/#breadcrumb","itemListElement":[{"@type":"ListItem","position":1,"name":"Home","item":"https:\/\/holyland-olivewood.com\/sv\/home\/"},{"@type":"ListItem","position":2,"name":"Se alla produkter","item":"https:\/\/holyland-olivewood.com\/sv\/shop\/"},{"@type":"ListItem","position":3,"name":"Olivtr\u00e4 Jesuskors (14 cm \/ 5,5&#8221;) #CR164"}]},{"@type":"WebSite","@id":"https:\/\/holyland-olivewood.com\/sv\/#website","url":"https:\/\/holyland-olivewood.com\/sv\/","name":"Holy Land Olive Wood - Bethlehem Olive Wood Factory","description":"Holy Land Olivewood Bethlehem","publisher":{"@id":"https:\/\/holyland-olivewood.com\/sv\/#organization"},"potentialAction":[{"@type":"SearchAction","target":{"@type":"EntryPoint","urlTemplate":"https:\/\/holyland-olivewood.com\/sv\/?s={search_term_string}"},"query-input":{"@type":"PropertyValueSpecification","valueRequired":true,"valueName":"search_term_string"}}],"inLanguage":"sv-SE"},{"@type":"Organization","@id":"https:\/\/holyland-olivewood.com\/sv\/#organization","name":"Holy Land Olivewood","url":"https:\/\/holyland-olivewood.com\/sv\/","logo":{"@type":"ImageObject","inLanguage":"sv-SE","@id":"https:\/\/holyland-olivewood.com\/sv\/#\/schema\/logo\/image\/","url":"","contentUrl":"","caption":"Holy Land Olivewood"},"image":{"@id":"https:\/\/holyland-olivewood.com\/sv\/#\/schema\/logo\/image\/"},"sameAs":["https:\/\/www.facebook.com\/holylandolivewood.bethlehem\/","http:\/\/instagram.com\/holy.land.olive.wood"]}]}},"_links":{"self":[{"href":"https:\/\/holyland-olivewood.com\/sv\/wp-json\/wp\/v2\/product\/50807","targetHints":{"allow":["GET"]}}],"collection":[{"href":"https:\/\/holyland-olivewood.com\/sv\/wp-json\/wp\/v2\/product"}],"about":[{"href":"https:\/\/holyland-olivewood.com\/sv\/wp-json\/wp\/v2\/types\/product"}],"replies":[{"embeddable":true,"href":"https:\/\/holyland-olivewood.com\/sv\/wp-json\/wp\/v2\/comments?post=50807"}],"version-history":[{"count":1,"href":"https:\/\/holyland-olivewood.com\/sv\/wp-json\/wp\/v2\/product\/50807\/revisions"}],"predecessor-version":[{"id":64485,"href":"https:\/\/holyland-olivewood.com\/sv\/wp-json\/wp\/v2\/product\/50807\/revisions\/64485"}],"wp:featuredmedia":[{"embeddable":true,"href":"https:\/\/holyland-olivewood.com\/sv\/wp-json\/wp\/v2\/media\/50988"}],"wp:attachment":[{"href":"https:\/\/holyland-olivewood.com\/sv\/wp-json\/wp\/v2\/media?parent=50807"}],"wp:term":[{"taxonomy":"product_brand","embeddable":true,"href":"https:\/\/holyland-olivewood.com\/sv\/wp-json\/wp\/v2\/product_brand?post=50807"},{"taxonomy":"product_cat","embeddable":true,"href":"https:\/\/holyland-olivewood.com\/sv\/wp-json\/wp\/v2\/product_cat?post=50807"},{"taxonomy":"product_tag","embeddable":true,"href":"https:\/\/holyland-olivewood.com\/sv\/wp-json\/wp\/v2\/product_tag?post=50807"}],"curies":[{"name":"wp","href":"https:\/\/api.w.org\/{rel}","templated":true}]}}