{"id":47398,"date":"2016-05-30T10:21:16","date_gmt":"2016-05-30T10:21:16","guid":{"rendered":"https:\/\/holyland-olivewood.com\/product\/olivtrablock-3-x-3-x-4-bl117\/"},"modified":"2022-02-11T21:39:04","modified_gmt":"2022-02-11T21:39:04","slug":"olivtrablock-3-x-3-x-4","status":"publish","type":"product","link":"https:\/\/holyland-olivewood.com\/sv\/product\/olivtrablock-3-x-3-x-4\/","title":{"rendered":"Olivtr\u00e4block (3&#8243; x 3 &#8221; x 4&#8243;) #BL117"},"content":{"rendered":"","protected":false},"excerpt":{"rendered":"<p>Dessa precisionsskurna block tillverkas i det heliga landet av h\u00e5llbart sk\u00f6rdat, autentiskt Betlehem Olivewood. Varje block \u00e4r fritt fr\u00e5n defekter.<\/p>\n<p>Denna artikel inneh\u00e5ller ett \u00e4kthetsintyg som verifierar de material och tekniker som anv\u00e4nds f\u00f6r att tillverka denna produkt.<\/p>\n<p>Storlek: 7,5 cm x 7,5 cm x 10,5 cm<\/p>\n","protected":false},"featured_media":27535,"comment_status":"closed","ping_status":"closed","template":"","meta":[],"product_brand":[],"product_cat":[3902,1399],"product_tag":[1441,1414,1404,1423,1409,1430,1089,1435,1439,1444,1432,1413,1424,1427,1056,1401,1418,1420,1407,1061],"class_list":{"0":"post-47398","1":"product","2":"type-product","3":"status-publish","4":"has-post-thumbnail","6":"product_cat-block","7":"product_cat-olivtra","8":"product_tag-betlehem-jerusalem","9":"product_tag-blank-sv","10":"product_tag-blanksteg","11":"product_tag-block-sv","12":"product_tag-byggsats","13":"product_tag-diy-sv","14":"product_tag-haandlavet-sv","15":"product_tag-hantverk","16":"product_tag-hantverk-sv","17":"product_tag-heliga-landet","18":"product_tag-hemgjord","19":"product_tag-kit-sv","20":"product_tag-logg","21":"product_tag-loggar","22":"product_tag-oliven-sv","23":"product_tag-penna","24":"product_tag-platta","25":"product_tag-plattor","26":"product_tag-skal-2","27":"product_tag-trae-sv-2","29":"first","30":"instock","31":"shipping-taxable","32":"purchasable","33":"product-type-simple"},"yoast_head":"<!-- This site is optimized with the Yoast SEO plugin v27.4 - https:\/\/yoast.com\/product\/yoast-seo-wordpress\/ -->\n<title>Olivtr\u00e4block (3&quot; x 3 &quot; x 4&quot;) #BL117 - Holy Land Olive Wood - Bethlehem Olive Wood Factory<\/title>\n<meta name=\"description\" content=\"Betlehem olivtr\u00e4 hantverk (dvs. rosaries, k\u00f6ksutrustning, f\u00f6delse, upps\u00e4ttningar, p\u00e4rlor)penn\u00e4mnen sniderier, plattor, block,&amp;r\u00e5 lager i standard och anpassade dimensioner.\" \/>\n<meta name=\"robots\" content=\"index, follow, max-snippet:-1, max-image-preview:large, max-video-preview:-1\" \/>\n<link rel=\"canonical\" href=\"https:\/\/holyland-olivewood.com\/sv\/product\/olivtrablock-3-x-3-x-4\/\" \/>\n<meta property=\"og:locale\" content=\"sv_SE\" \/>\n<meta property=\"og:type\" content=\"article\" \/>\n<meta property=\"og:title\" content=\"Olivtr\u00e4block (3&quot; x 3 &quot; x 4&quot;) #BL117 - Holy Land Olive Wood - Bethlehem Olive Wood Factory\" \/>\n<meta property=\"og:description\" content=\"Betlehem olivtr\u00e4 hantverk (dvs. rosaries, k\u00f6ksutrustning, f\u00f6delse, upps\u00e4ttningar, p\u00e4rlor)penn\u00e4mnen sniderier, plattor, block,&amp;r\u00e5 lager i standard och anpassade dimensioner.\" \/>\n<meta property=\"og:url\" content=\"https:\/\/holyland-olivewood.com\/sv\/product\/olivtrablock-3-x-3-x-4\/\" \/>\n<meta property=\"og:site_name\" content=\"Holy Land Olive Wood - Bethlehem Olive Wood Factory\" \/>\n<meta property=\"article:publisher\" content=\"https:\/\/www.facebook.com\/holylandolivewood.bethlehem\/\" \/>\n<meta property=\"article:modified_time\" content=\"2022-02-11T21:39:04+00:00\" \/>\n<meta property=\"og:image\" content=\"https:\/\/holyland-olivewood.com\/wp-content\/uploads\/2016\/05\/blocks_holy_land_olive_wood_bethlehem.jpg\" \/>\n\t<meta property=\"og:image:width\" content=\"1550\" \/>\n\t<meta property=\"og:image:height\" content=\"1200\" \/>\n\t<meta property=\"og:image:type\" content=\"image\/jpeg\" \/>\n<meta name=\"twitter:card\" content=\"summary_large_image\" \/>\n<script type=\"application\/ld+json\" class=\"yoast-schema-graph\">{\"@context\":\"https:\\\/\\\/schema.org\",\"@graph\":[{\"@type\":\"WebPage\",\"@id\":\"https:\\\/\\\/holyland-olivewood.com\\\/sv\\\/product\\\/olivtrablock-3-x-3-x-4\\\/\",\"url\":\"https:\\\/\\\/holyland-olivewood.com\\\/sv\\\/product\\\/olivtrablock-3-x-3-x-4\\\/\",\"name\":\"Olivtr\u00e4block (3\\\" x 3 \\\" x 4\\\") #BL117 - Holy Land Olive Wood - Bethlehem Olive Wood Factory\",\"isPartOf\":{\"@id\":\"https:\\\/\\\/holyland-olivewood.com\\\/sv\\\/#website\"},\"primaryImageOfPage\":{\"@id\":\"https:\\\/\\\/holyland-olivewood.com\\\/sv\\\/product\\\/olivtrablock-3-x-3-x-4\\\/#primaryimage\"},\"image\":{\"@id\":\"https:\\\/\\\/holyland-olivewood.com\\\/sv\\\/product\\\/olivtrablock-3-x-3-x-4\\\/#primaryimage\"},\"thumbnailUrl\":\"https:\\\/\\\/holyland-olivewood.com\\\/wp-content\\\/uploads\\\/2016\\\/05\\\/blocks_holy_land_olive_wood_bethlehem.jpg\",\"datePublished\":\"2016-05-30T10:21:16+00:00\",\"dateModified\":\"2022-02-11T21:39:04+00:00\",\"description\":\"Betlehem olivtr\u00e4 hantverk (dvs. rosaries, k\u00f6ksutrustning, f\u00f6delse, upps\u00e4ttningar, p\u00e4rlor)penn\u00e4mnen sniderier, plattor, block,&r\u00e5 lager i standard och anpassade dimensioner.\",\"breadcrumb\":{\"@id\":\"https:\\\/\\\/holyland-olivewood.com\\\/sv\\\/product\\\/olivtrablock-3-x-3-x-4\\\/#breadcrumb\"},\"inLanguage\":\"sv-SE\",\"potentialAction\":[{\"@type\":\"ReadAction\",\"target\":[\"https:\\\/\\\/holyland-olivewood.com\\\/sv\\\/product\\\/olivtrablock-3-x-3-x-4\\\/\"]}]},{\"@type\":\"ImageObject\",\"inLanguage\":\"sv-SE\",\"@id\":\"https:\\\/\\\/holyland-olivewood.com\\\/sv\\\/product\\\/olivtrablock-3-x-3-x-4\\\/#primaryimage\",\"url\":\"https:\\\/\\\/holyland-olivewood.com\\\/wp-content\\\/uploads\\\/2016\\\/05\\\/blocks_holy_land_olive_wood_bethlehem.jpg\",\"contentUrl\":\"https:\\\/\\\/holyland-olivewood.com\\\/wp-content\\\/uploads\\\/2016\\\/05\\\/blocks_holy_land_olive_wood_bethlehem.jpg\",\"width\":1550,\"height\":1200},{\"@type\":\"BreadcrumbList\",\"@id\":\"https:\\\/\\\/holyland-olivewood.com\\\/sv\\\/product\\\/olivtrablock-3-x-3-x-4\\\/#breadcrumb\",\"itemListElement\":[{\"@type\":\"ListItem\",\"position\":1,\"name\":\"Home\",\"item\":\"https:\\\/\\\/holyland-olivewood.com\\\/sv\\\/home\\\/\"},{\"@type\":\"ListItem\",\"position\":2,\"name\":\"Se alla produkter\",\"item\":\"https:\\\/\\\/holyland-olivewood.com\\\/sv\\\/shop\\\/\"},{\"@type\":\"ListItem\",\"position\":3,\"name\":\"Olivtr\u00e4block (3&#8243; x 3 &#8221; x 4&#8243;) #BL117\"}]},{\"@type\":\"WebSite\",\"@id\":\"https:\\\/\\\/holyland-olivewood.com\\\/sv\\\/#website\",\"url\":\"https:\\\/\\\/holyland-olivewood.com\\\/sv\\\/\",\"name\":\"Holy Land Olive Wood - Bethlehem Olive Wood Factory\",\"description\":\"Holy Land Olivewood Bethlehem\",\"publisher\":{\"@id\":\"https:\\\/\\\/holyland-olivewood.com\\\/sv\\\/#organization\"},\"potentialAction\":[{\"@type\":\"SearchAction\",\"target\":{\"@type\":\"EntryPoint\",\"urlTemplate\":\"https:\\\/\\\/holyland-olivewood.com\\\/sv\\\/?s={search_term_string}\"},\"query-input\":{\"@type\":\"PropertyValueSpecification\",\"valueRequired\":true,\"valueName\":\"search_term_string\"}}],\"inLanguage\":\"sv-SE\"},{\"@type\":\"Organization\",\"@id\":\"https:\\\/\\\/holyland-olivewood.com\\\/sv\\\/#organization\",\"name\":\"Holy Land Olivewood\",\"url\":\"https:\\\/\\\/holyland-olivewood.com\\\/sv\\\/\",\"logo\":{\"@type\":\"ImageObject\",\"inLanguage\":\"sv-SE\",\"@id\":\"https:\\\/\\\/holyland-olivewood.com\\\/sv\\\/#\\\/schema\\\/logo\\\/image\\\/\",\"url\":\"\",\"contentUrl\":\"\",\"caption\":\"Holy Land Olivewood\"},\"image\":{\"@id\":\"https:\\\/\\\/holyland-olivewood.com\\\/sv\\\/#\\\/schema\\\/logo\\\/image\\\/\"},\"sameAs\":[\"https:\\\/\\\/www.facebook.com\\\/holylandolivewood.bethlehem\\\/\",\"http:\\\/\\\/instagram.com\\\/holy.land.olive.wood\"]}]}<\/script>\n<!-- \/ Yoast SEO plugin. -->","yoast_head_json":{"title":"Olivtr\u00e4block (3\" x 3 \" x 4\") #BL117 - Holy Land Olive Wood - Bethlehem Olive Wood Factory","description":"Betlehem olivtr\u00e4 hantverk (dvs. rosaries, k\u00f6ksutrustning, f\u00f6delse, upps\u00e4ttningar, p\u00e4rlor)penn\u00e4mnen sniderier, plattor, block,&r\u00e5 lager i standard och anpassade dimensioner.","robots":{"index":"index","follow":"follow","max-snippet":"max-snippet:-1","max-image-preview":"max-image-preview:large","max-video-preview":"max-video-preview:-1"},"canonical":"https:\/\/holyland-olivewood.com\/sv\/product\/olivtrablock-3-x-3-x-4\/","og_locale":"sv_SE","og_type":"article","og_title":"Olivtr\u00e4block (3\" x 3 \" x 4\") #BL117 - Holy Land Olive Wood - Bethlehem Olive Wood Factory","og_description":"Betlehem olivtr\u00e4 hantverk (dvs. rosaries, k\u00f6ksutrustning, f\u00f6delse, upps\u00e4ttningar, p\u00e4rlor)penn\u00e4mnen sniderier, plattor, block,&r\u00e5 lager i standard och anpassade dimensioner.","og_url":"https:\/\/holyland-olivewood.com\/sv\/product\/olivtrablock-3-x-3-x-4\/","og_site_name":"Holy Land Olive Wood - Bethlehem Olive Wood Factory","article_publisher":"https:\/\/www.facebook.com\/holylandolivewood.bethlehem\/","article_modified_time":"2022-02-11T21:39:04+00:00","og_image":[{"width":1550,"height":1200,"url":"https:\/\/holyland-olivewood.com\/wp-content\/uploads\/2016\/05\/blocks_holy_land_olive_wood_bethlehem.jpg","type":"image\/jpeg"}],"twitter_card":"summary_large_image","schema":{"@context":"https:\/\/schema.org","@graph":[{"@type":"WebPage","@id":"https:\/\/holyland-olivewood.com\/sv\/product\/olivtrablock-3-x-3-x-4\/","url":"https:\/\/holyland-olivewood.com\/sv\/product\/olivtrablock-3-x-3-x-4\/","name":"Olivtr\u00e4block (3\" x 3 \" x 4\") #BL117 - Holy Land Olive Wood - Bethlehem Olive Wood Factory","isPartOf":{"@id":"https:\/\/holyland-olivewood.com\/sv\/#website"},"primaryImageOfPage":{"@id":"https:\/\/holyland-olivewood.com\/sv\/product\/olivtrablock-3-x-3-x-4\/#primaryimage"},"image":{"@id":"https:\/\/holyland-olivewood.com\/sv\/product\/olivtrablock-3-x-3-x-4\/#primaryimage"},"thumbnailUrl":"https:\/\/holyland-olivewood.com\/wp-content\/uploads\/2016\/05\/blocks_holy_land_olive_wood_bethlehem.jpg","datePublished":"2016-05-30T10:21:16+00:00","dateModified":"2022-02-11T21:39:04+00:00","description":"Betlehem olivtr\u00e4 hantverk (dvs. rosaries, k\u00f6ksutrustning, f\u00f6delse, upps\u00e4ttningar, p\u00e4rlor)penn\u00e4mnen sniderier, plattor, block,&r\u00e5 lager i standard och anpassade dimensioner.","breadcrumb":{"@id":"https:\/\/holyland-olivewood.com\/sv\/product\/olivtrablock-3-x-3-x-4\/#breadcrumb"},"inLanguage":"sv-SE","potentialAction":[{"@type":"ReadAction","target":["https:\/\/holyland-olivewood.com\/sv\/product\/olivtrablock-3-x-3-x-4\/"]}]},{"@type":"ImageObject","inLanguage":"sv-SE","@id":"https:\/\/holyland-olivewood.com\/sv\/product\/olivtrablock-3-x-3-x-4\/#primaryimage","url":"https:\/\/holyland-olivewood.com\/wp-content\/uploads\/2016\/05\/blocks_holy_land_olive_wood_bethlehem.jpg","contentUrl":"https:\/\/holyland-olivewood.com\/wp-content\/uploads\/2016\/05\/blocks_holy_land_olive_wood_bethlehem.jpg","width":1550,"height":1200},{"@type":"BreadcrumbList","@id":"https:\/\/holyland-olivewood.com\/sv\/product\/olivtrablock-3-x-3-x-4\/#breadcrumb","itemListElement":[{"@type":"ListItem","position":1,"name":"Home","item":"https:\/\/holyland-olivewood.com\/sv\/home\/"},{"@type":"ListItem","position":2,"name":"Se alla produkter","item":"https:\/\/holyland-olivewood.com\/sv\/shop\/"},{"@type":"ListItem","position":3,"name":"Olivtr\u00e4block (3&#8243; x 3 &#8221; x 4&#8243;) #BL117"}]},{"@type":"WebSite","@id":"https:\/\/holyland-olivewood.com\/sv\/#website","url":"https:\/\/holyland-olivewood.com\/sv\/","name":"Holy Land Olive Wood - Bethlehem Olive Wood Factory","description":"Holy Land Olivewood Bethlehem","publisher":{"@id":"https:\/\/holyland-olivewood.com\/sv\/#organization"},"potentialAction":[{"@type":"SearchAction","target":{"@type":"EntryPoint","urlTemplate":"https:\/\/holyland-olivewood.com\/sv\/?s={search_term_string}"},"query-input":{"@type":"PropertyValueSpecification","valueRequired":true,"valueName":"search_term_string"}}],"inLanguage":"sv-SE"},{"@type":"Organization","@id":"https:\/\/holyland-olivewood.com\/sv\/#organization","name":"Holy Land Olivewood","url":"https:\/\/holyland-olivewood.com\/sv\/","logo":{"@type":"ImageObject","inLanguage":"sv-SE","@id":"https:\/\/holyland-olivewood.com\/sv\/#\/schema\/logo\/image\/","url":"","contentUrl":"","caption":"Holy Land Olivewood"},"image":{"@id":"https:\/\/holyland-olivewood.com\/sv\/#\/schema\/logo\/image\/"},"sameAs":["https:\/\/www.facebook.com\/holylandolivewood.bethlehem\/","http:\/\/instagram.com\/holy.land.olive.wood"]}]}},"_links":{"self":[{"href":"https:\/\/holyland-olivewood.com\/sv\/wp-json\/wp\/v2\/product\/47398","targetHints":{"allow":["GET"]}}],"collection":[{"href":"https:\/\/holyland-olivewood.com\/sv\/wp-json\/wp\/v2\/product"}],"about":[{"href":"https:\/\/holyland-olivewood.com\/sv\/wp-json\/wp\/v2\/types\/product"}],"replies":[{"embeddable":true,"href":"https:\/\/holyland-olivewood.com\/sv\/wp-json\/wp\/v2\/comments?post=47398"}],"version-history":[{"count":0,"href":"https:\/\/holyland-olivewood.com\/sv\/wp-json\/wp\/v2\/product\/47398\/revisions"}],"wp:featuredmedia":[{"embeddable":true,"href":"https:\/\/holyland-olivewood.com\/sv\/wp-json\/wp\/v2\/media\/27535"}],"wp:attachment":[{"href":"https:\/\/holyland-olivewood.com\/sv\/wp-json\/wp\/v2\/media?parent=47398"}],"wp:term":[{"taxonomy":"product_brand","embeddable":true,"href":"https:\/\/holyland-olivewood.com\/sv\/wp-json\/wp\/v2\/product_brand?post=47398"},{"taxonomy":"product_cat","embeddable":true,"href":"https:\/\/holyland-olivewood.com\/sv\/wp-json\/wp\/v2\/product_cat?post=47398"},{"taxonomy":"product_tag","embeddable":true,"href":"https:\/\/holyland-olivewood.com\/sv\/wp-json\/wp\/v2\/product_tag?post=47398"}],"curies":[{"name":"wp","href":"https:\/\/api.w.org\/{rel}","templated":true}]}}