{"id":45204,"date":"2016-05-31T00:12:39","date_gmt":"2022-02-11T07:43:14","guid":{"rendered":"https:\/\/holyland-olivewood.com\/product\/olivtrasked-ki109\/"},"modified":"2022-02-11T07:43:14","modified_gmt":"2022-02-11T07:43:14","slug":"oliv-tra-sked-3","status":"publish","type":"product","link":"https:\/\/holyland-olivewood.com\/sv\/product\/oliv-tra-sked-3\/","title":{"rendered":"Olivtr\u00e4sked #KI109"},"content":{"rendered":"","protected":false},"excerpt":{"rendered":"<p>Denna sked \u00e4r handgjord av olivtr\u00e4 fr\u00e5n det heliga landet Betlehem. Det vackra blonda tr\u00e4et har kornets m\u00f6rkare linjer virvlade genom varje redskap. Med endast icke-produktiva olivtr\u00e4d fr\u00e5n Holy Land avsl\u00f6jar denna handgjorda bit de fantastiska kornm\u00f6nstren av r\u00e5 olivtr\u00e4, fri fr\u00e5n tillsatser eller t\u00e4tningsmedel. Dess olivoljefinish h\u00e5ller tr\u00e4et \u00e5terfuktat p\u00e5 ett naturligt s\u00e4tt. Detta stycke kommer att vara en skatt fr\u00e5n det heliga landet Betlehem som hj\u00e4lper dig att servera m\u00e5ltider gjorda med k\u00e4rlek vid ditt middagsbord. Skeden \u00e4r handsnidad, slipad och f\u00e4rdig f\u00f6r kulinariskt bruk.<\/p>\n<p>Denna artikel inneh\u00e5ller ett \u00e4kthetsintyg som verifierar de material och tekniker som anv\u00e4nds f\u00f6r att tillverka denna produkt.<\/p>\n<p>Storlek: 25 cm (9,75&#8243;)<\/p>\n","protected":false},"featured_media":28999,"comment_status":"closed","ping_status":"closed","template":"","meta":[],"product_brand":[],"product_cat":[1034,2928],"product_tag":[1038,3519,3249,3527,3528,1098,1209,1089,1107,1080,3251,3518,1085,1081,1094,2929,3526,1111,3520,1056,1066,3531,3530,3523,3524,3522,3529,3525,3521,1216,1061,1069],"class_list":{"0":"post-45204","1":"product","2":"type-product","3":"status-publish","4":"has-post-thumbnail","6":"product_cat-kunsthaandvaerk-sv","7":"product_cat-koksutrustning","8":"product_tag-betlehem-sv","9":"product_tag-brade","10":"product_tag-citron-sv","11":"product_tag-gaffel","12":"product_tag-gafflar","13":"product_tag-gav","14":"product_tag-gavor","15":"product_tag-haandlavet-sv","16":"product_tag-haandvaerk-sv-2","17":"product_tag-hellig-sv","18":"product_tag-honung","19":"product_tag-hugga","20":"product_tag-jerusalem-sv","21":"product_tag-jord-sv","22":"product_tag-jul-sv","23":"product_tag-koksutrustning","24":"product_tag-kult","25":"product_tag-kunsthaandvaerk-sv","26":"product_tag-mortel","27":"product_tag-oliven-sv","28":"product_tag-oliventrae-sv-2","29":"product_tag-omrorning","30":"product_tag-sallad","31":"product_tag-sked","32":"product_tag-skedar","33":"product_tag-skopa","34":"product_tag-slitsade","35":"product_tag-spatel","36":"product_tag-squeezer-sv","37":"product_tag-stalla","38":"product_tag-trae-sv-2","39":"product_tag-udskaering-sv","41":"first","42":"instock","43":"shipping-taxable","44":"purchasable","45":"product-type-simple"},"yoast_head":"<!-- This site is optimized with the Yoast SEO plugin v27.3 - https:\/\/yoast.com\/product\/yoast-seo-wordpress\/ -->\n<title>Olivtr\u00e4sked #KI109 - Holy Land Olive Wood - Bethlehem Olive Wood Factory<\/title>\n<meta name=\"description\" content=\"Betlehem olivtr\u00e4 hantverk (dvs. k\u00f6ksartiklar, skedar, sk\u00e4rbr\u00e4da) honung dipper, spatel, gaffel, murbruk &amp; r\u00e5a lager i standard och anpassade dimensioner\" \/>\n<meta name=\"robots\" content=\"index, follow, max-snippet:-1, max-image-preview:large, max-video-preview:-1\" \/>\n<link rel=\"canonical\" href=\"https:\/\/holyland-olivewood.com\/sv\/product\/oliv-tra-sked-3\/\" \/>\n<meta property=\"og:locale\" content=\"sv_SE\" \/>\n<meta property=\"og:type\" content=\"article\" \/>\n<meta property=\"og:title\" content=\"Olivtr\u00e4sked #KI109 - Holy Land Olive Wood - Bethlehem Olive Wood Factory\" \/>\n<meta property=\"og:description\" content=\"Betlehem olivtr\u00e4 hantverk (dvs. k\u00f6ksartiklar, skedar, sk\u00e4rbr\u00e4da) honung dipper, spatel, gaffel, murbruk &amp; r\u00e5a lager i standard och anpassade dimensioner\" \/>\n<meta property=\"og:url\" content=\"https:\/\/holyland-olivewood.com\/sv\/product\/oliv-tra-sked-3\/\" \/>\n<meta property=\"og:site_name\" content=\"Holy Land Olive Wood - Bethlehem Olive Wood Factory\" \/>\n<meta property=\"article:publisher\" content=\"https:\/\/www.facebook.com\/holylandolivewood.bethlehem\/\" \/>\n<meta property=\"og:image\" content=\"https:\/\/holyland-olivewood.com\/wp-content\/uploads\/2016\/05\/kitchenware_holy_land_olive_wood_bethlehem_ki109.jpg\" \/>\n\t<meta property=\"og:image:width\" content=\"1550\" \/>\n\t<meta property=\"og:image:height\" content=\"1200\" \/>\n\t<meta property=\"og:image:type\" content=\"image\/jpeg\" \/>\n<meta name=\"twitter:card\" content=\"summary_large_image\" \/>\n<script type=\"application\/ld+json\" class=\"yoast-schema-graph\">{\"@context\":\"https:\\\/\\\/schema.org\",\"@graph\":[{\"@type\":\"WebPage\",\"@id\":\"https:\\\/\\\/holyland-olivewood.com\\\/sv\\\/product\\\/oliv-tra-sked-3\\\/\",\"url\":\"https:\\\/\\\/holyland-olivewood.com\\\/sv\\\/product\\\/oliv-tra-sked-3\\\/\",\"name\":\"Olivtr\u00e4sked #KI109 - Holy Land Olive Wood - Bethlehem Olive Wood Factory\",\"isPartOf\":{\"@id\":\"https:\\\/\\\/holyland-olivewood.com\\\/sv\\\/#website\"},\"primaryImageOfPage\":{\"@id\":\"https:\\\/\\\/holyland-olivewood.com\\\/sv\\\/product\\\/oliv-tra-sked-3\\\/#primaryimage\"},\"image\":{\"@id\":\"https:\\\/\\\/holyland-olivewood.com\\\/sv\\\/product\\\/oliv-tra-sked-3\\\/#primaryimage\"},\"thumbnailUrl\":\"https:\\\/\\\/holyland-olivewood.com\\\/wp-content\\\/uploads\\\/2016\\\/05\\\/kitchenware_holy_land_olive_wood_bethlehem_ki109.jpg\",\"datePublished\":\"2022-02-11T07:43:14+00:00\",\"description\":\"Betlehem olivtr\u00e4 hantverk (dvs. k\u00f6ksartiklar, skedar, sk\u00e4rbr\u00e4da) honung dipper, spatel, gaffel, murbruk & r\u00e5a lager i standard och anpassade dimensioner\",\"breadcrumb\":{\"@id\":\"https:\\\/\\\/holyland-olivewood.com\\\/sv\\\/product\\\/oliv-tra-sked-3\\\/#breadcrumb\"},\"inLanguage\":\"sv-SE\",\"potentialAction\":[{\"@type\":\"ReadAction\",\"target\":[\"https:\\\/\\\/holyland-olivewood.com\\\/sv\\\/product\\\/oliv-tra-sked-3\\\/\"]}]},{\"@type\":\"ImageObject\",\"inLanguage\":\"sv-SE\",\"@id\":\"https:\\\/\\\/holyland-olivewood.com\\\/sv\\\/product\\\/oliv-tra-sked-3\\\/#primaryimage\",\"url\":\"https:\\\/\\\/holyland-olivewood.com\\\/wp-content\\\/uploads\\\/2016\\\/05\\\/kitchenware_holy_land_olive_wood_bethlehem_ki109.jpg\",\"contentUrl\":\"https:\\\/\\\/holyland-olivewood.com\\\/wp-content\\\/uploads\\\/2016\\\/05\\\/kitchenware_holy_land_olive_wood_bethlehem_ki109.jpg\",\"width\":1550,\"height\":1200},{\"@type\":\"BreadcrumbList\",\"@id\":\"https:\\\/\\\/holyland-olivewood.com\\\/sv\\\/product\\\/oliv-tra-sked-3\\\/#breadcrumb\",\"itemListElement\":[{\"@type\":\"ListItem\",\"position\":1,\"name\":\"Home\",\"item\":\"https:\\\/\\\/holyland-olivewood.com\\\/sv\\\/home\\\/\"},{\"@type\":\"ListItem\",\"position\":2,\"name\":\"Se alla produkter\",\"item\":\"https:\\\/\\\/holyland-olivewood.com\\\/sv\\\/shop\\\/\"},{\"@type\":\"ListItem\",\"position\":3,\"name\":\"Olivtr\u00e4sked #KI109\"}]},{\"@type\":\"WebSite\",\"@id\":\"https:\\\/\\\/holyland-olivewood.com\\\/sv\\\/#website\",\"url\":\"https:\\\/\\\/holyland-olivewood.com\\\/sv\\\/\",\"name\":\"Holy Land Olive Wood - Bethlehem Olive Wood Factory\",\"description\":\"Holy Land Olivewood Bethlehem\",\"publisher\":{\"@id\":\"https:\\\/\\\/holyland-olivewood.com\\\/sv\\\/#organization\"},\"potentialAction\":[{\"@type\":\"SearchAction\",\"target\":{\"@type\":\"EntryPoint\",\"urlTemplate\":\"https:\\\/\\\/holyland-olivewood.com\\\/sv\\\/?s={search_term_string}\"},\"query-input\":{\"@type\":\"PropertyValueSpecification\",\"valueRequired\":true,\"valueName\":\"search_term_string\"}}],\"inLanguage\":\"sv-SE\"},{\"@type\":\"Organization\",\"@id\":\"https:\\\/\\\/holyland-olivewood.com\\\/sv\\\/#organization\",\"name\":\"Holy Land Olivewood\",\"url\":\"https:\\\/\\\/holyland-olivewood.com\\\/sv\\\/\",\"logo\":{\"@type\":\"ImageObject\",\"inLanguage\":\"sv-SE\",\"@id\":\"https:\\\/\\\/holyland-olivewood.com\\\/sv\\\/#\\\/schema\\\/logo\\\/image\\\/\",\"url\":\"\",\"contentUrl\":\"\",\"caption\":\"Holy Land Olivewood\"},\"image\":{\"@id\":\"https:\\\/\\\/holyland-olivewood.com\\\/sv\\\/#\\\/schema\\\/logo\\\/image\\\/\"},\"sameAs\":[\"https:\\\/\\\/www.facebook.com\\\/holylandolivewood.bethlehem\\\/\",\"http:\\\/\\\/instagram.com\\\/holy.land.olive.wood\"]}]}<\/script>\n<!-- \/ Yoast SEO plugin. -->","yoast_head_json":{"title":"Olivtr\u00e4sked #KI109 - Holy Land Olive Wood - Bethlehem Olive Wood Factory","description":"Betlehem olivtr\u00e4 hantverk (dvs. k\u00f6ksartiklar, skedar, sk\u00e4rbr\u00e4da) honung dipper, spatel, gaffel, murbruk & r\u00e5a lager i standard och anpassade dimensioner","robots":{"index":"index","follow":"follow","max-snippet":"max-snippet:-1","max-image-preview":"max-image-preview:large","max-video-preview":"max-video-preview:-1"},"canonical":"https:\/\/holyland-olivewood.com\/sv\/product\/oliv-tra-sked-3\/","og_locale":"sv_SE","og_type":"article","og_title":"Olivtr\u00e4sked #KI109 - Holy Land Olive Wood - Bethlehem Olive Wood Factory","og_description":"Betlehem olivtr\u00e4 hantverk (dvs. k\u00f6ksartiklar, skedar, sk\u00e4rbr\u00e4da) honung dipper, spatel, gaffel, murbruk & r\u00e5a lager i standard och anpassade dimensioner","og_url":"https:\/\/holyland-olivewood.com\/sv\/product\/oliv-tra-sked-3\/","og_site_name":"Holy Land Olive Wood - Bethlehem Olive Wood Factory","article_publisher":"https:\/\/www.facebook.com\/holylandolivewood.bethlehem\/","og_image":[{"width":1550,"height":1200,"url":"https:\/\/holyland-olivewood.com\/wp-content\/uploads\/2016\/05\/kitchenware_holy_land_olive_wood_bethlehem_ki109.jpg","type":"image\/jpeg"}],"twitter_card":"summary_large_image","schema":{"@context":"https:\/\/schema.org","@graph":[{"@type":"WebPage","@id":"https:\/\/holyland-olivewood.com\/sv\/product\/oliv-tra-sked-3\/","url":"https:\/\/holyland-olivewood.com\/sv\/product\/oliv-tra-sked-3\/","name":"Olivtr\u00e4sked #KI109 - Holy Land Olive Wood - Bethlehem Olive Wood Factory","isPartOf":{"@id":"https:\/\/holyland-olivewood.com\/sv\/#website"},"primaryImageOfPage":{"@id":"https:\/\/holyland-olivewood.com\/sv\/product\/oliv-tra-sked-3\/#primaryimage"},"image":{"@id":"https:\/\/holyland-olivewood.com\/sv\/product\/oliv-tra-sked-3\/#primaryimage"},"thumbnailUrl":"https:\/\/holyland-olivewood.com\/wp-content\/uploads\/2016\/05\/kitchenware_holy_land_olive_wood_bethlehem_ki109.jpg","datePublished":"2022-02-11T07:43:14+00:00","description":"Betlehem olivtr\u00e4 hantverk (dvs. k\u00f6ksartiklar, skedar, sk\u00e4rbr\u00e4da) honung dipper, spatel, gaffel, murbruk & r\u00e5a lager i standard och anpassade dimensioner","breadcrumb":{"@id":"https:\/\/holyland-olivewood.com\/sv\/product\/oliv-tra-sked-3\/#breadcrumb"},"inLanguage":"sv-SE","potentialAction":[{"@type":"ReadAction","target":["https:\/\/holyland-olivewood.com\/sv\/product\/oliv-tra-sked-3\/"]}]},{"@type":"ImageObject","inLanguage":"sv-SE","@id":"https:\/\/holyland-olivewood.com\/sv\/product\/oliv-tra-sked-3\/#primaryimage","url":"https:\/\/holyland-olivewood.com\/wp-content\/uploads\/2016\/05\/kitchenware_holy_land_olive_wood_bethlehem_ki109.jpg","contentUrl":"https:\/\/holyland-olivewood.com\/wp-content\/uploads\/2016\/05\/kitchenware_holy_land_olive_wood_bethlehem_ki109.jpg","width":1550,"height":1200},{"@type":"BreadcrumbList","@id":"https:\/\/holyland-olivewood.com\/sv\/product\/oliv-tra-sked-3\/#breadcrumb","itemListElement":[{"@type":"ListItem","position":1,"name":"Home","item":"https:\/\/holyland-olivewood.com\/sv\/home\/"},{"@type":"ListItem","position":2,"name":"Se alla produkter","item":"https:\/\/holyland-olivewood.com\/sv\/shop\/"},{"@type":"ListItem","position":3,"name":"Olivtr\u00e4sked #KI109"}]},{"@type":"WebSite","@id":"https:\/\/holyland-olivewood.com\/sv\/#website","url":"https:\/\/holyland-olivewood.com\/sv\/","name":"Holy Land Olive Wood - Bethlehem Olive Wood Factory","description":"Holy Land Olivewood Bethlehem","publisher":{"@id":"https:\/\/holyland-olivewood.com\/sv\/#organization"},"potentialAction":[{"@type":"SearchAction","target":{"@type":"EntryPoint","urlTemplate":"https:\/\/holyland-olivewood.com\/sv\/?s={search_term_string}"},"query-input":{"@type":"PropertyValueSpecification","valueRequired":true,"valueName":"search_term_string"}}],"inLanguage":"sv-SE"},{"@type":"Organization","@id":"https:\/\/holyland-olivewood.com\/sv\/#organization","name":"Holy Land Olivewood","url":"https:\/\/holyland-olivewood.com\/sv\/","logo":{"@type":"ImageObject","inLanguage":"sv-SE","@id":"https:\/\/holyland-olivewood.com\/sv\/#\/schema\/logo\/image\/","url":"","contentUrl":"","caption":"Holy Land Olivewood"},"image":{"@id":"https:\/\/holyland-olivewood.com\/sv\/#\/schema\/logo\/image\/"},"sameAs":["https:\/\/www.facebook.com\/holylandolivewood.bethlehem\/","http:\/\/instagram.com\/holy.land.olive.wood"]}]}},"_links":{"self":[{"href":"https:\/\/holyland-olivewood.com\/sv\/wp-json\/wp\/v2\/product\/45204","targetHints":{"allow":["GET"]}}],"collection":[{"href":"https:\/\/holyland-olivewood.com\/sv\/wp-json\/wp\/v2\/product"}],"about":[{"href":"https:\/\/holyland-olivewood.com\/sv\/wp-json\/wp\/v2\/types\/product"}],"replies":[{"embeddable":true,"href":"https:\/\/holyland-olivewood.com\/sv\/wp-json\/wp\/v2\/comments?post=45204"}],"version-history":[{"count":0,"href":"https:\/\/holyland-olivewood.com\/sv\/wp-json\/wp\/v2\/product\/45204\/revisions"}],"wp:featuredmedia":[{"embeddable":true,"href":"https:\/\/holyland-olivewood.com\/sv\/wp-json\/wp\/v2\/media\/28999"}],"wp:attachment":[{"href":"https:\/\/holyland-olivewood.com\/sv\/wp-json\/wp\/v2\/media?parent=45204"}],"wp:term":[{"taxonomy":"product_brand","embeddable":true,"href":"https:\/\/holyland-olivewood.com\/sv\/wp-json\/wp\/v2\/product_brand?post=45204"},{"taxonomy":"product_cat","embeddable":true,"href":"https:\/\/holyland-olivewood.com\/sv\/wp-json\/wp\/v2\/product_cat?post=45204"},{"taxonomy":"product_tag","embeddable":true,"href":"https:\/\/holyland-olivewood.com\/sv\/wp-json\/wp\/v2\/product_tag?post=45204"}],"curies":[{"name":"wp","href":"https:\/\/api.w.org\/{rel}","templated":true}]}}