{"id":44084,"date":"2016-05-31T11:33:17","date_gmt":"2016-05-31T11:33:17","guid":{"rendered":"https:\/\/holyland-olivewood.com\/product\/olivtra-jesus-kristus-byst-fi103\/"},"modified":"2025-11-16T14:59:56","modified_gmt":"2025-11-16T14:59:56","slug":"oliv-tra-jesus-kristus-byst","status":"publish","type":"product","link":"https:\/\/holyland-olivewood.com\/sv\/product\/oliv-tra-jesus-kristus-byst\/","title":{"rendered":"Byst av Jesus Kristus i olivtr\u00e4 #FI103"},"content":{"rendered":"","protected":false},"excerpt":{"rendered":"<p>Denna vackra byst av Jesus \u00e4r handsnidad i det Heliga landet av h\u00e5llbart sk\u00f6rdat, \u00e4kta Betlehem-olivtr\u00e4. Den visar Jesus med t\u00f6rnekronan. Denna vackert detaljerade skulptur av Kristi huvud \u00e4r omsorgsfullt snidad och \u00e4r idealisk f\u00f6r hemmet eller helgedomen.<\/p>\n<p>Denna artikel inneh\u00e5ller ett \u00e4kthetscertifikat som verifierar de material och tekniker som anv\u00e4nds f\u00f6r att tillverka denna produkt.<\/p>\n<p>Storlek: 8 cm x 8 cm x 14 cm (3&#8243; x 3&#8243; x 5,5&#8243;)<\/p>\n","protected":false},"featured_media":53018,"comment_status":"closed","ping_status":"closed","template":"","meta":[],"product_brand":[],"product_cat":[2037,1034],"product_tag":[2080,2085,2071,2040,2046,1038,1126,2075,2061,1135,1098,1089,1107,1080,1085,4084,1081,1094,1154,1162,1130,1118,1114,1123,1111,1201,2064,1056,1066,1155,2049,2038,2039,2055,1061,1069],"class_list":{"0":"post-44084","1":"product","2":"type-product","3":"status-publish","4":"has-post-thumbnail","6":"product_cat-figurer-sv","7":"product_cat-kunsthaandvaerk-sv","8":"product_tag-angel-sv","9":"product_tag-anglar","10":"product_tag-ark-sv","11":"product_tag-bedjande","12":"product_tag-besattning","13":"product_tag-betlehem-sv","14":"product_tag-boen-sv","15":"product_tag-byst","16":"product_tag-familj","17":"product_tag-foedselskirken-sv","18":"product_tag-gav","19":"product_tag-haandlavet-sv","20":"product_tag-haandvaerk-sv-2","21":"product_tag-hellig-sv","22":"product_tag-jerusalem-sv","23":"product_tag-jesus-sv-3","24":"product_tag-jord-sv","25":"product_tag-jul-sv","26":"product_tag-katolsk-sv-2","27":"product_tag-keltisk-sv","28":"product_tag-kirke-sv","29":"product_tag-kors-sv","30":"product_tag-kristen-sv","31":"product_tag-krucifiks-sv","32":"product_tag-kunsthaandvaerk-sv","33":"product_tag-maria-sv","34":"product_tag-noa","35":"product_tag-oliven-sv","36":"product_tag-oliventrae-sv-2","37":"product_tag-ortodoks-sv","38":"product_tag-skulptur-sv","39":"product_tag-skulpturer-sv","40":"product_tag-staty","41":"product_tag-statyer","42":"product_tag-trae-sv-2","43":"product_tag-udskaering-sv","45":"first","46":"instock","47":"shipping-taxable","48":"purchasable","49":"product-type-simple"},"yoast_head":"<!-- This site is optimized with the Yoast SEO plugin v27.4 - https:\/\/yoast.com\/product\/yoast-seo-wordpress\/ -->\n<title>Byst av Jesus Kristus i olivtr\u00e4 #FI103 - Holy Land Olive Wood - Bethlehem Olive Wood Factory<\/title>\n<meta name=\"description\" content=\"Hantverk i olivtr\u00e4 fr\u00e5n Betlehem (t.ex. figuriner, julkrubbor, statyer, skulpturer) Jesus-Christ penn\u00e4mnen och r\u00e5material i standard- och specialm\u00e5tt.\" \/>\n<meta name=\"robots\" content=\"index, follow, max-snippet:-1, max-image-preview:large, max-video-preview:-1\" \/>\n<link rel=\"canonical\" href=\"https:\/\/holyland-olivewood.com\/sv\/product\/oliv-tra-jesus-kristus-byst\/\" \/>\n<meta property=\"og:locale\" content=\"sv_SE\" \/>\n<meta property=\"og:type\" content=\"article\" \/>\n<meta property=\"og:title\" content=\"Byst av Jesus Kristus i olivtr\u00e4 #FI103 - Holy Land Olive Wood - Bethlehem Olive Wood Factory\" \/>\n<meta property=\"og:description\" content=\"Hantverk i olivtr\u00e4 fr\u00e5n Betlehem (t.ex. figuriner, julkrubbor, statyer, skulpturer) Jesus-Christ penn\u00e4mnen och r\u00e5material i standard- och specialm\u00e5tt.\" \/>\n<meta property=\"og:url\" content=\"https:\/\/holyland-olivewood.com\/sv\/product\/oliv-tra-jesus-kristus-byst\/\" \/>\n<meta property=\"og:site_name\" content=\"Holy Land Olive Wood - Bethlehem Olive Wood Factory\" \/>\n<meta property=\"article:publisher\" content=\"https:\/\/www.facebook.com\/holylandolivewood.bethlehem\/\" \/>\n<meta property=\"article:modified_time\" content=\"2025-11-16T14:59:56+00:00\" \/>\n<meta property=\"og:image\" content=\"https:\/\/holyland-olivewood.com\/wp-content\/uploads\/2016\/05\/jesus_christ_holy_land_olive_wood_bethlehem-fi103.jpg\" \/>\n\t<meta property=\"og:image:width\" content=\"1550\" \/>\n\t<meta property=\"og:image:height\" content=\"1200\" \/>\n\t<meta property=\"og:image:type\" content=\"image\/jpeg\" \/>\n<meta name=\"twitter:card\" content=\"summary_large_image\" \/>\n<script type=\"application\/ld+json\" class=\"yoast-schema-graph\">{\"@context\":\"https:\\\/\\\/schema.org\",\"@graph\":[{\"@type\":\"WebPage\",\"@id\":\"https:\\\/\\\/holyland-olivewood.com\\\/sv\\\/product\\\/oliv-tra-jesus-kristus-byst\\\/\",\"url\":\"https:\\\/\\\/holyland-olivewood.com\\\/sv\\\/product\\\/oliv-tra-jesus-kristus-byst\\\/\",\"name\":\"Byst av Jesus Kristus i olivtr\u00e4 #FI103 - Holy Land Olive Wood - Bethlehem Olive Wood Factory\",\"isPartOf\":{\"@id\":\"https:\\\/\\\/holyland-olivewood.com\\\/sv\\\/#website\"},\"primaryImageOfPage\":{\"@id\":\"https:\\\/\\\/holyland-olivewood.com\\\/sv\\\/product\\\/oliv-tra-jesus-kristus-byst\\\/#primaryimage\"},\"image\":{\"@id\":\"https:\\\/\\\/holyland-olivewood.com\\\/sv\\\/product\\\/oliv-tra-jesus-kristus-byst\\\/#primaryimage\"},\"thumbnailUrl\":\"https:\\\/\\\/holyland-olivewood.com\\\/wp-content\\\/uploads\\\/2016\\\/05\\\/jesus_christ_holy_land_olive_wood_bethlehem-fi103.jpg\",\"datePublished\":\"2016-05-31T11:33:17+00:00\",\"dateModified\":\"2025-11-16T14:59:56+00:00\",\"description\":\"Hantverk i olivtr\u00e4 fr\u00e5n Betlehem (t.ex. figuriner, julkrubbor, statyer, skulpturer) Jesus-Christ penn\u00e4mnen och r\u00e5material i standard- och specialm\u00e5tt.\",\"breadcrumb\":{\"@id\":\"https:\\\/\\\/holyland-olivewood.com\\\/sv\\\/product\\\/oliv-tra-jesus-kristus-byst\\\/#breadcrumb\"},\"inLanguage\":\"sv-SE\",\"potentialAction\":[{\"@type\":\"ReadAction\",\"target\":[\"https:\\\/\\\/holyland-olivewood.com\\\/sv\\\/product\\\/oliv-tra-jesus-kristus-byst\\\/\"]}]},{\"@type\":\"ImageObject\",\"inLanguage\":\"sv-SE\",\"@id\":\"https:\\\/\\\/holyland-olivewood.com\\\/sv\\\/product\\\/oliv-tra-jesus-kristus-byst\\\/#primaryimage\",\"url\":\"https:\\\/\\\/holyland-olivewood.com\\\/wp-content\\\/uploads\\\/2016\\\/05\\\/jesus_christ_holy_land_olive_wood_bethlehem-fi103.jpg\",\"contentUrl\":\"https:\\\/\\\/holyland-olivewood.com\\\/wp-content\\\/uploads\\\/2016\\\/05\\\/jesus_christ_holy_land_olive_wood_bethlehem-fi103.jpg\",\"width\":1550,\"height\":1200},{\"@type\":\"BreadcrumbList\",\"@id\":\"https:\\\/\\\/holyland-olivewood.com\\\/sv\\\/product\\\/oliv-tra-jesus-kristus-byst\\\/#breadcrumb\",\"itemListElement\":[{\"@type\":\"ListItem\",\"position\":1,\"name\":\"Home\",\"item\":\"https:\\\/\\\/holyland-olivewood.com\\\/sv\\\/home\\\/\"},{\"@type\":\"ListItem\",\"position\":2,\"name\":\"Se alla produkter\",\"item\":\"https:\\\/\\\/holyland-olivewood.com\\\/sv\\\/shop\\\/\"},{\"@type\":\"ListItem\",\"position\":3,\"name\":\"Byst av Jesus Kristus i olivtr\u00e4 #FI103\"}]},{\"@type\":\"WebSite\",\"@id\":\"https:\\\/\\\/holyland-olivewood.com\\\/sv\\\/#website\",\"url\":\"https:\\\/\\\/holyland-olivewood.com\\\/sv\\\/\",\"name\":\"Holy Land Olive Wood - Bethlehem Olive Wood Factory\",\"description\":\"Holy Land Olivewood Bethlehem\",\"publisher\":{\"@id\":\"https:\\\/\\\/holyland-olivewood.com\\\/sv\\\/#organization\"},\"potentialAction\":[{\"@type\":\"SearchAction\",\"target\":{\"@type\":\"EntryPoint\",\"urlTemplate\":\"https:\\\/\\\/holyland-olivewood.com\\\/sv\\\/?s={search_term_string}\"},\"query-input\":{\"@type\":\"PropertyValueSpecification\",\"valueRequired\":true,\"valueName\":\"search_term_string\"}}],\"inLanguage\":\"sv-SE\"},{\"@type\":\"Organization\",\"@id\":\"https:\\\/\\\/holyland-olivewood.com\\\/sv\\\/#organization\",\"name\":\"Holy Land Olivewood\",\"url\":\"https:\\\/\\\/holyland-olivewood.com\\\/sv\\\/\",\"logo\":{\"@type\":\"ImageObject\",\"inLanguage\":\"sv-SE\",\"@id\":\"https:\\\/\\\/holyland-olivewood.com\\\/sv\\\/#\\\/schema\\\/logo\\\/image\\\/\",\"url\":\"\",\"contentUrl\":\"\",\"caption\":\"Holy Land Olivewood\"},\"image\":{\"@id\":\"https:\\\/\\\/holyland-olivewood.com\\\/sv\\\/#\\\/schema\\\/logo\\\/image\\\/\"},\"sameAs\":[\"https:\\\/\\\/www.facebook.com\\\/holylandolivewood.bethlehem\\\/\",\"http:\\\/\\\/instagram.com\\\/holy.land.olive.wood\"]}]}<\/script>\n<!-- \/ Yoast SEO plugin. -->","yoast_head_json":{"title":"Byst av Jesus Kristus i olivtr\u00e4 #FI103 - Holy Land Olive Wood - Bethlehem Olive Wood Factory","description":"Hantverk i olivtr\u00e4 fr\u00e5n Betlehem (t.ex. figuriner, julkrubbor, statyer, skulpturer) Jesus-Christ penn\u00e4mnen och r\u00e5material i standard- och specialm\u00e5tt.","robots":{"index":"index","follow":"follow","max-snippet":"max-snippet:-1","max-image-preview":"max-image-preview:large","max-video-preview":"max-video-preview:-1"},"canonical":"https:\/\/holyland-olivewood.com\/sv\/product\/oliv-tra-jesus-kristus-byst\/","og_locale":"sv_SE","og_type":"article","og_title":"Byst av Jesus Kristus i olivtr\u00e4 #FI103 - Holy Land Olive Wood - Bethlehem Olive Wood Factory","og_description":"Hantverk i olivtr\u00e4 fr\u00e5n Betlehem (t.ex. figuriner, julkrubbor, statyer, skulpturer) Jesus-Christ penn\u00e4mnen och r\u00e5material i standard- och specialm\u00e5tt.","og_url":"https:\/\/holyland-olivewood.com\/sv\/product\/oliv-tra-jesus-kristus-byst\/","og_site_name":"Holy Land Olive Wood - Bethlehem Olive Wood Factory","article_publisher":"https:\/\/www.facebook.com\/holylandolivewood.bethlehem\/","article_modified_time":"2025-11-16T14:59:56+00:00","og_image":[{"width":1550,"height":1200,"url":"https:\/\/holyland-olivewood.com\/wp-content\/uploads\/2016\/05\/jesus_christ_holy_land_olive_wood_bethlehem-fi103.jpg","type":"image\/jpeg"}],"twitter_card":"summary_large_image","schema":{"@context":"https:\/\/schema.org","@graph":[{"@type":"WebPage","@id":"https:\/\/holyland-olivewood.com\/sv\/product\/oliv-tra-jesus-kristus-byst\/","url":"https:\/\/holyland-olivewood.com\/sv\/product\/oliv-tra-jesus-kristus-byst\/","name":"Byst av Jesus Kristus i olivtr\u00e4 #FI103 - Holy Land Olive Wood - Bethlehem Olive Wood Factory","isPartOf":{"@id":"https:\/\/holyland-olivewood.com\/sv\/#website"},"primaryImageOfPage":{"@id":"https:\/\/holyland-olivewood.com\/sv\/product\/oliv-tra-jesus-kristus-byst\/#primaryimage"},"image":{"@id":"https:\/\/holyland-olivewood.com\/sv\/product\/oliv-tra-jesus-kristus-byst\/#primaryimage"},"thumbnailUrl":"https:\/\/holyland-olivewood.com\/wp-content\/uploads\/2016\/05\/jesus_christ_holy_land_olive_wood_bethlehem-fi103.jpg","datePublished":"2016-05-31T11:33:17+00:00","dateModified":"2025-11-16T14:59:56+00:00","description":"Hantverk i olivtr\u00e4 fr\u00e5n Betlehem (t.ex. figuriner, julkrubbor, statyer, skulpturer) Jesus-Christ penn\u00e4mnen och r\u00e5material i standard- och specialm\u00e5tt.","breadcrumb":{"@id":"https:\/\/holyland-olivewood.com\/sv\/product\/oliv-tra-jesus-kristus-byst\/#breadcrumb"},"inLanguage":"sv-SE","potentialAction":[{"@type":"ReadAction","target":["https:\/\/holyland-olivewood.com\/sv\/product\/oliv-tra-jesus-kristus-byst\/"]}]},{"@type":"ImageObject","inLanguage":"sv-SE","@id":"https:\/\/holyland-olivewood.com\/sv\/product\/oliv-tra-jesus-kristus-byst\/#primaryimage","url":"https:\/\/holyland-olivewood.com\/wp-content\/uploads\/2016\/05\/jesus_christ_holy_land_olive_wood_bethlehem-fi103.jpg","contentUrl":"https:\/\/holyland-olivewood.com\/wp-content\/uploads\/2016\/05\/jesus_christ_holy_land_olive_wood_bethlehem-fi103.jpg","width":1550,"height":1200},{"@type":"BreadcrumbList","@id":"https:\/\/holyland-olivewood.com\/sv\/product\/oliv-tra-jesus-kristus-byst\/#breadcrumb","itemListElement":[{"@type":"ListItem","position":1,"name":"Home","item":"https:\/\/holyland-olivewood.com\/sv\/home\/"},{"@type":"ListItem","position":2,"name":"Se alla produkter","item":"https:\/\/holyland-olivewood.com\/sv\/shop\/"},{"@type":"ListItem","position":3,"name":"Byst av Jesus Kristus i olivtr\u00e4 #FI103"}]},{"@type":"WebSite","@id":"https:\/\/holyland-olivewood.com\/sv\/#website","url":"https:\/\/holyland-olivewood.com\/sv\/","name":"Holy Land Olive Wood - Bethlehem Olive Wood Factory","description":"Holy Land Olivewood Bethlehem","publisher":{"@id":"https:\/\/holyland-olivewood.com\/sv\/#organization"},"potentialAction":[{"@type":"SearchAction","target":{"@type":"EntryPoint","urlTemplate":"https:\/\/holyland-olivewood.com\/sv\/?s={search_term_string}"},"query-input":{"@type":"PropertyValueSpecification","valueRequired":true,"valueName":"search_term_string"}}],"inLanguage":"sv-SE"},{"@type":"Organization","@id":"https:\/\/holyland-olivewood.com\/sv\/#organization","name":"Holy Land Olivewood","url":"https:\/\/holyland-olivewood.com\/sv\/","logo":{"@type":"ImageObject","inLanguage":"sv-SE","@id":"https:\/\/holyland-olivewood.com\/sv\/#\/schema\/logo\/image\/","url":"","contentUrl":"","caption":"Holy Land Olivewood"},"image":{"@id":"https:\/\/holyland-olivewood.com\/sv\/#\/schema\/logo\/image\/"},"sameAs":["https:\/\/www.facebook.com\/holylandolivewood.bethlehem\/","http:\/\/instagram.com\/holy.land.olive.wood"]}]}},"_links":{"self":[{"href":"https:\/\/holyland-olivewood.com\/sv\/wp-json\/wp\/v2\/product\/44084","targetHints":{"allow":["GET"]}}],"collection":[{"href":"https:\/\/holyland-olivewood.com\/sv\/wp-json\/wp\/v2\/product"}],"about":[{"href":"https:\/\/holyland-olivewood.com\/sv\/wp-json\/wp\/v2\/types\/product"}],"replies":[{"embeddable":true,"href":"https:\/\/holyland-olivewood.com\/sv\/wp-json\/wp\/v2\/comments?post=44084"}],"version-history":[{"count":1,"href":"https:\/\/holyland-olivewood.com\/sv\/wp-json\/wp\/v2\/product\/44084\/revisions"}],"predecessor-version":[{"id":63654,"href":"https:\/\/holyland-olivewood.com\/sv\/wp-json\/wp\/v2\/product\/44084\/revisions\/63654"}],"wp:featuredmedia":[{"embeddable":true,"href":"https:\/\/holyland-olivewood.com\/sv\/wp-json\/wp\/v2\/media\/53018"}],"wp:attachment":[{"href":"https:\/\/holyland-olivewood.com\/sv\/wp-json\/wp\/v2\/media?parent=44084"}],"wp:term":[{"taxonomy":"product_brand","embeddable":true,"href":"https:\/\/holyland-olivewood.com\/sv\/wp-json\/wp\/v2\/product_brand?post=44084"},{"taxonomy":"product_cat","embeddable":true,"href":"https:\/\/holyland-olivewood.com\/sv\/wp-json\/wp\/v2\/product_cat?post=44084"},{"taxonomy":"product_tag","embeddable":true,"href":"https:\/\/holyland-olivewood.com\/sv\/wp-json\/wp\/v2\/product_tag?post=44084"}],"curies":[{"name":"wp","href":"https:\/\/api.w.org\/{rel}","templated":true}]}}