{"id":43781,"date":"2016-05-31T13:48:33","date_gmt":"2022-02-10T14:01:13","guid":{"rendered":"https:\/\/holyland-olivewood.com\/product\/8-mm-olivtra-snidade-runda-parlor-500-parlor-b127\/"},"modified":"2022-02-10T14:01:13","modified_gmt":"2022-02-10T14:01:13","slug":"8-mm-oliv-tra-snidade-runda-parlor-500-parlor","status":"publish","type":"product","link":"https:\/\/holyland-olivewood.com\/sv\/product\/8-mm-oliv-tra-snidade-runda-parlor-500-parlor\/","title":{"rendered":"8 mm Olivtr\u00e4 snidade runda p\u00e4rlor (500 p\u00e4rlor) #B127"},"content":{"rendered":"","protected":false},"excerpt":{"rendered":"<p>Dessa h\u00f6gkvalitativa olivtr\u00e4 radband p\u00e4rlor \u00e4r handgjorda i det heliga landet fr\u00e5n h\u00e5llbart sk\u00f6rdade, autentiska Betlehem Olivewood. Alla p\u00e4rlor reng\u00f6rs, torkas och inspekteras f\u00f6r f\u00e4rg och korn, fria fr\u00e5n defekter och sprickor. Dessa olivtr\u00e4p\u00e4rlor \u00e4r perfekta f\u00f6r att g\u00f6ra rosaries och alla andra typer av smycken. Olivtr\u00e4et \u00e4r mycket h\u00e5rt, resistent och vackert. Den vackra kontrasterande blondinen och bruna av det krullade kornet, i kombination med dess h\u00e5llbarhet g\u00f6r olivtr\u00e4 s\u00e4rskilt idealiskt f\u00f6r radbandsp\u00e4rlor.<br \/>\nVi kan ocks\u00e5 f\u00f6rse dig med h\u00f6gkvalitativa radbandsdelar som mittstycken och krucifix.<\/p>\n<p>Denna artikel inneh\u00e5ller ett \u00e4kthetsintyg som verifierar de material och tekniker som anv\u00e4nds f\u00f6r att tillverka denna produkt.<\/p>\n<p>Storlek: ( 8 mm )<\/p>\n","protected":false},"featured_media":30750,"comment_status":"closed","ping_status":"closed","template":"","meta":[],"product_brand":[],"product_cat":[1780,2234],"product_tag":[2243,1038,2241,2247,1135,1098,1209,1089,1107,2244,1080,1085,4084,1081,1094,1154,1130,1118,1114,1111,2246,1138,1056,1066,1155,2238,2236,1091,1044,2239,2240,2242,1061,1069,1785],"class_list":{"0":"post-43781","1":"product","2":"type-product","3":"status-publish","4":"has-post-thumbnail","6":"product_cat-diverse-sv","7":"product_cat-parlor-radband-hardvara","8":"product_tag-barn-sv","9":"product_tag-betlehem-sv","10":"product_tag-bindgarn","11":"product_tag-centerpieces-sv","12":"product_tag-foedselskirken-sv","13":"product_tag-gav","14":"product_tag-gavor","15":"product_tag-haandlavet-sv","16":"product_tag-haandvaerk-sv-2","17":"product_tag-hardvara","18":"product_tag-hellig-sv","19":"product_tag-jerusalem-sv","20":"product_tag-jesus-sv-3","21":"product_tag-jord-sv","22":"product_tag-jul-sv","23":"product_tag-katolsk-sv-2","24":"product_tag-kirke-sv","25":"product_tag-kors-sv","26":"product_tag-kristen-sv","27":"product_tag-kunsthaandvaerk-sv","28":"product_tag-mittpunkten-sv","29":"product_tag-mor-sv","30":"product_tag-oliven-sv","31":"product_tag-oliventrae-sv-2","32":"product_tag-ortodoks-sv","33":"product_tag-oval-sv-2","34":"product_tag-parlor","35":"product_tag-rosenkrans-sv","36":"product_tag-rosenkranse-sv","37":"product_tag-rund-sv","38":"product_tag-snidade","39":"product_tag-snore","40":"product_tag-trae-sv-2","41":"product_tag-udskaering-sv","42":"product_tag-vatten","44":"first","45":"instock","46":"shipping-taxable","47":"purchasable","48":"product-type-simple"},"yoast_head":"<!-- This site is optimized with the Yoast SEO plugin v27.3 - https:\/\/yoast.com\/product\/yoast-seo-wordpress\/ -->\n<title>8 mm Olivtr\u00e4 snidade runda p\u00e4rlor (500 p\u00e4rlor) #B127 - Holy Land Olive Wood - Bethlehem Olive Wood Factory<\/title>\n<meta name=\"description\" content=\"Betlehem olivtr\u00e4 hantverk (dvs. rosaries, ovala, snidade, runda, p\u00e4rlor) sniderier, mittstycken,&amp;r\u00e5a lager i standard och anpassade dimensioner.\" \/>\n<meta name=\"robots\" content=\"index, follow, max-snippet:-1, max-image-preview:large, max-video-preview:-1\" \/>\n<link rel=\"canonical\" href=\"https:\/\/holyland-olivewood.com\/sv\/product\/8-mm-oliv-tra-snidade-runda-parlor-500-parlor\/\" \/>\n<meta property=\"og:locale\" content=\"sv_SE\" \/>\n<meta property=\"og:type\" content=\"article\" \/>\n<meta property=\"og:title\" content=\"8 mm Olivtr\u00e4 snidade runda p\u00e4rlor (500 p\u00e4rlor) #B127 - Holy Land Olive Wood - Bethlehem Olive Wood Factory\" \/>\n<meta property=\"og:description\" content=\"Betlehem olivtr\u00e4 hantverk (dvs. rosaries, ovala, snidade, runda, p\u00e4rlor) sniderier, mittstycken,&amp;r\u00e5a lager i standard och anpassade dimensioner.\" \/>\n<meta property=\"og:url\" content=\"https:\/\/holyland-olivewood.com\/sv\/product\/8-mm-oliv-tra-snidade-runda-parlor-500-parlor\/\" \/>\n<meta property=\"og:site_name\" content=\"Holy Land Olive Wood - Bethlehem Olive Wood Factory\" \/>\n<meta property=\"article:publisher\" content=\"https:\/\/www.facebook.com\/holylandolivewood.bethlehem\/\" \/>\n<meta property=\"og:image\" content=\"https:\/\/holyland-olivewood.com\/wp-content\/uploads\/2016\/05\/k.jpg\" \/>\n\t<meta property=\"og:image:width\" content=\"1550\" \/>\n\t<meta property=\"og:image:height\" content=\"1200\" \/>\n\t<meta property=\"og:image:type\" content=\"image\/jpeg\" \/>\n<meta name=\"twitter:card\" content=\"summary_large_image\" \/>\n<script type=\"application\/ld+json\" class=\"yoast-schema-graph\">{\"@context\":\"https:\\\/\\\/schema.org\",\"@graph\":[{\"@type\":\"WebPage\",\"@id\":\"https:\\\/\\\/holyland-olivewood.com\\\/sv\\\/product\\\/8-mm-oliv-tra-snidade-runda-parlor-500-parlor\\\/\",\"url\":\"https:\\\/\\\/holyland-olivewood.com\\\/sv\\\/product\\\/8-mm-oliv-tra-snidade-runda-parlor-500-parlor\\\/\",\"name\":\"8 mm Olivtr\u00e4 snidade runda p\u00e4rlor (500 p\u00e4rlor) #B127 - Holy Land Olive Wood - Bethlehem Olive Wood Factory\",\"isPartOf\":{\"@id\":\"https:\\\/\\\/holyland-olivewood.com\\\/sv\\\/#website\"},\"primaryImageOfPage\":{\"@id\":\"https:\\\/\\\/holyland-olivewood.com\\\/sv\\\/product\\\/8-mm-oliv-tra-snidade-runda-parlor-500-parlor\\\/#primaryimage\"},\"image\":{\"@id\":\"https:\\\/\\\/holyland-olivewood.com\\\/sv\\\/product\\\/8-mm-oliv-tra-snidade-runda-parlor-500-parlor\\\/#primaryimage\"},\"thumbnailUrl\":\"https:\\\/\\\/holyland-olivewood.com\\\/wp-content\\\/uploads\\\/2016\\\/05\\\/k.jpg\",\"datePublished\":\"2022-02-10T14:01:13+00:00\",\"description\":\"Betlehem olivtr\u00e4 hantverk (dvs. rosaries, ovala, snidade, runda, p\u00e4rlor) sniderier, mittstycken,&r\u00e5a lager i standard och anpassade dimensioner.\",\"breadcrumb\":{\"@id\":\"https:\\\/\\\/holyland-olivewood.com\\\/sv\\\/product\\\/8-mm-oliv-tra-snidade-runda-parlor-500-parlor\\\/#breadcrumb\"},\"inLanguage\":\"sv-SE\",\"potentialAction\":[{\"@type\":\"ReadAction\",\"target\":[\"https:\\\/\\\/holyland-olivewood.com\\\/sv\\\/product\\\/8-mm-oliv-tra-snidade-runda-parlor-500-parlor\\\/\"]}]},{\"@type\":\"ImageObject\",\"inLanguage\":\"sv-SE\",\"@id\":\"https:\\\/\\\/holyland-olivewood.com\\\/sv\\\/product\\\/8-mm-oliv-tra-snidade-runda-parlor-500-parlor\\\/#primaryimage\",\"url\":\"https:\\\/\\\/holyland-olivewood.com\\\/wp-content\\\/uploads\\\/2016\\\/05\\\/k.jpg\",\"contentUrl\":\"https:\\\/\\\/holyland-olivewood.com\\\/wp-content\\\/uploads\\\/2016\\\/05\\\/k.jpg\",\"width\":1550,\"height\":1200},{\"@type\":\"BreadcrumbList\",\"@id\":\"https:\\\/\\\/holyland-olivewood.com\\\/sv\\\/product\\\/8-mm-oliv-tra-snidade-runda-parlor-500-parlor\\\/#breadcrumb\",\"itemListElement\":[{\"@type\":\"ListItem\",\"position\":1,\"name\":\"Home\",\"item\":\"https:\\\/\\\/holyland-olivewood.com\\\/sv\\\/home\\\/\"},{\"@type\":\"ListItem\",\"position\":2,\"name\":\"Se alla produkter\",\"item\":\"https:\\\/\\\/holyland-olivewood.com\\\/sv\\\/shop\\\/\"},{\"@type\":\"ListItem\",\"position\":3,\"name\":\"8 mm Olivtr\u00e4 snidade runda p\u00e4rlor (500 p\u00e4rlor) #B127\"}]},{\"@type\":\"WebSite\",\"@id\":\"https:\\\/\\\/holyland-olivewood.com\\\/sv\\\/#website\",\"url\":\"https:\\\/\\\/holyland-olivewood.com\\\/sv\\\/\",\"name\":\"Holy Land Olive Wood - Bethlehem Olive Wood Factory\",\"description\":\"Holy Land Olivewood Bethlehem\",\"publisher\":{\"@id\":\"https:\\\/\\\/holyland-olivewood.com\\\/sv\\\/#organization\"},\"potentialAction\":[{\"@type\":\"SearchAction\",\"target\":{\"@type\":\"EntryPoint\",\"urlTemplate\":\"https:\\\/\\\/holyland-olivewood.com\\\/sv\\\/?s={search_term_string}\"},\"query-input\":{\"@type\":\"PropertyValueSpecification\",\"valueRequired\":true,\"valueName\":\"search_term_string\"}}],\"inLanguage\":\"sv-SE\"},{\"@type\":\"Organization\",\"@id\":\"https:\\\/\\\/holyland-olivewood.com\\\/sv\\\/#organization\",\"name\":\"Holy Land Olivewood\",\"url\":\"https:\\\/\\\/holyland-olivewood.com\\\/sv\\\/\",\"logo\":{\"@type\":\"ImageObject\",\"inLanguage\":\"sv-SE\",\"@id\":\"https:\\\/\\\/holyland-olivewood.com\\\/sv\\\/#\\\/schema\\\/logo\\\/image\\\/\",\"url\":\"\",\"contentUrl\":\"\",\"caption\":\"Holy Land Olivewood\"},\"image\":{\"@id\":\"https:\\\/\\\/holyland-olivewood.com\\\/sv\\\/#\\\/schema\\\/logo\\\/image\\\/\"},\"sameAs\":[\"https:\\\/\\\/www.facebook.com\\\/holylandolivewood.bethlehem\\\/\",\"http:\\\/\\\/instagram.com\\\/holy.land.olive.wood\"]}]}<\/script>\n<!-- \/ Yoast SEO plugin. -->","yoast_head_json":{"title":"8 mm Olivtr\u00e4 snidade runda p\u00e4rlor (500 p\u00e4rlor) #B127 - Holy Land Olive Wood - Bethlehem Olive Wood Factory","description":"Betlehem olivtr\u00e4 hantverk (dvs. rosaries, ovala, snidade, runda, p\u00e4rlor) sniderier, mittstycken,&r\u00e5a lager i standard och anpassade dimensioner.","robots":{"index":"index","follow":"follow","max-snippet":"max-snippet:-1","max-image-preview":"max-image-preview:large","max-video-preview":"max-video-preview:-1"},"canonical":"https:\/\/holyland-olivewood.com\/sv\/product\/8-mm-oliv-tra-snidade-runda-parlor-500-parlor\/","og_locale":"sv_SE","og_type":"article","og_title":"8 mm Olivtr\u00e4 snidade runda p\u00e4rlor (500 p\u00e4rlor) #B127 - Holy Land Olive Wood - Bethlehem Olive Wood Factory","og_description":"Betlehem olivtr\u00e4 hantverk (dvs. rosaries, ovala, snidade, runda, p\u00e4rlor) sniderier, mittstycken,&r\u00e5a lager i standard och anpassade dimensioner.","og_url":"https:\/\/holyland-olivewood.com\/sv\/product\/8-mm-oliv-tra-snidade-runda-parlor-500-parlor\/","og_site_name":"Holy Land Olive Wood - Bethlehem Olive Wood Factory","article_publisher":"https:\/\/www.facebook.com\/holylandolivewood.bethlehem\/","og_image":[{"width":1550,"height":1200,"url":"https:\/\/holyland-olivewood.com\/wp-content\/uploads\/2016\/05\/k.jpg","type":"image\/jpeg"}],"twitter_card":"summary_large_image","schema":{"@context":"https:\/\/schema.org","@graph":[{"@type":"WebPage","@id":"https:\/\/holyland-olivewood.com\/sv\/product\/8-mm-oliv-tra-snidade-runda-parlor-500-parlor\/","url":"https:\/\/holyland-olivewood.com\/sv\/product\/8-mm-oliv-tra-snidade-runda-parlor-500-parlor\/","name":"8 mm Olivtr\u00e4 snidade runda p\u00e4rlor (500 p\u00e4rlor) #B127 - Holy Land Olive Wood - Bethlehem Olive Wood Factory","isPartOf":{"@id":"https:\/\/holyland-olivewood.com\/sv\/#website"},"primaryImageOfPage":{"@id":"https:\/\/holyland-olivewood.com\/sv\/product\/8-mm-oliv-tra-snidade-runda-parlor-500-parlor\/#primaryimage"},"image":{"@id":"https:\/\/holyland-olivewood.com\/sv\/product\/8-mm-oliv-tra-snidade-runda-parlor-500-parlor\/#primaryimage"},"thumbnailUrl":"https:\/\/holyland-olivewood.com\/wp-content\/uploads\/2016\/05\/k.jpg","datePublished":"2022-02-10T14:01:13+00:00","description":"Betlehem olivtr\u00e4 hantverk (dvs. rosaries, ovala, snidade, runda, p\u00e4rlor) sniderier, mittstycken,&r\u00e5a lager i standard och anpassade dimensioner.","breadcrumb":{"@id":"https:\/\/holyland-olivewood.com\/sv\/product\/8-mm-oliv-tra-snidade-runda-parlor-500-parlor\/#breadcrumb"},"inLanguage":"sv-SE","potentialAction":[{"@type":"ReadAction","target":["https:\/\/holyland-olivewood.com\/sv\/product\/8-mm-oliv-tra-snidade-runda-parlor-500-parlor\/"]}]},{"@type":"ImageObject","inLanguage":"sv-SE","@id":"https:\/\/holyland-olivewood.com\/sv\/product\/8-mm-oliv-tra-snidade-runda-parlor-500-parlor\/#primaryimage","url":"https:\/\/holyland-olivewood.com\/wp-content\/uploads\/2016\/05\/k.jpg","contentUrl":"https:\/\/holyland-olivewood.com\/wp-content\/uploads\/2016\/05\/k.jpg","width":1550,"height":1200},{"@type":"BreadcrumbList","@id":"https:\/\/holyland-olivewood.com\/sv\/product\/8-mm-oliv-tra-snidade-runda-parlor-500-parlor\/#breadcrumb","itemListElement":[{"@type":"ListItem","position":1,"name":"Home","item":"https:\/\/holyland-olivewood.com\/sv\/home\/"},{"@type":"ListItem","position":2,"name":"Se alla produkter","item":"https:\/\/holyland-olivewood.com\/sv\/shop\/"},{"@type":"ListItem","position":3,"name":"8 mm Olivtr\u00e4 snidade runda p\u00e4rlor (500 p\u00e4rlor) #B127"}]},{"@type":"WebSite","@id":"https:\/\/holyland-olivewood.com\/sv\/#website","url":"https:\/\/holyland-olivewood.com\/sv\/","name":"Holy Land Olive Wood - Bethlehem Olive Wood Factory","description":"Holy Land Olivewood Bethlehem","publisher":{"@id":"https:\/\/holyland-olivewood.com\/sv\/#organization"},"potentialAction":[{"@type":"SearchAction","target":{"@type":"EntryPoint","urlTemplate":"https:\/\/holyland-olivewood.com\/sv\/?s={search_term_string}"},"query-input":{"@type":"PropertyValueSpecification","valueRequired":true,"valueName":"search_term_string"}}],"inLanguage":"sv-SE"},{"@type":"Organization","@id":"https:\/\/holyland-olivewood.com\/sv\/#organization","name":"Holy Land Olivewood","url":"https:\/\/holyland-olivewood.com\/sv\/","logo":{"@type":"ImageObject","inLanguage":"sv-SE","@id":"https:\/\/holyland-olivewood.com\/sv\/#\/schema\/logo\/image\/","url":"","contentUrl":"","caption":"Holy Land Olivewood"},"image":{"@id":"https:\/\/holyland-olivewood.com\/sv\/#\/schema\/logo\/image\/"},"sameAs":["https:\/\/www.facebook.com\/holylandolivewood.bethlehem\/","http:\/\/instagram.com\/holy.land.olive.wood"]}]}},"_links":{"self":[{"href":"https:\/\/holyland-olivewood.com\/sv\/wp-json\/wp\/v2\/product\/43781","targetHints":{"allow":["GET"]}}],"collection":[{"href":"https:\/\/holyland-olivewood.com\/sv\/wp-json\/wp\/v2\/product"}],"about":[{"href":"https:\/\/holyland-olivewood.com\/sv\/wp-json\/wp\/v2\/types\/product"}],"replies":[{"embeddable":true,"href":"https:\/\/holyland-olivewood.com\/sv\/wp-json\/wp\/v2\/comments?post=43781"}],"version-history":[{"count":0,"href":"https:\/\/holyland-olivewood.com\/sv\/wp-json\/wp\/v2\/product\/43781\/revisions"}],"wp:featuredmedia":[{"embeddable":true,"href":"https:\/\/holyland-olivewood.com\/sv\/wp-json\/wp\/v2\/media\/30750"}],"wp:attachment":[{"href":"https:\/\/holyland-olivewood.com\/sv\/wp-json\/wp\/v2\/media?parent=43781"}],"wp:term":[{"taxonomy":"product_brand","embeddable":true,"href":"https:\/\/holyland-olivewood.com\/sv\/wp-json\/wp\/v2\/product_brand?post=43781"},{"taxonomy":"product_cat","embeddable":true,"href":"https:\/\/holyland-olivewood.com\/sv\/wp-json\/wp\/v2\/product_cat?post=43781"},{"taxonomy":"product_tag","embeddable":true,"href":"https:\/\/holyland-olivewood.com\/sv\/wp-json\/wp\/v2\/product_tag?post=43781"}],"curies":[{"name":"wp","href":"https:\/\/api.w.org\/{rel}","templated":true}]}}