{"id":42920,"date":"2018-01-19T15:17:54","date_gmt":"2022-02-09T08:26:36","guid":{"rendered":"https:\/\/holyland-olivewood.com\/product\/jerusalem-olivewood-slimline-twist-pen-med-lasergravyr-krom-fixturer-pe106\/"},"modified":"2022-02-09T08:26:36","modified_gmt":"2022-02-09T08:26:36","slug":"jabal-laser-graverad-handgjord-jerusalem-oliv-tra-twist-pen-2","status":"publish","type":"product","link":"https:\/\/holyland-olivewood.com\/sv\/product\/jabal-laser-graverad-handgjord-jerusalem-oliv-tra-twist-pen-2\/","title":{"rendered":"Jerusalem Olivewood Slimline Twist Pen med lasergravyr &amp; Krom fixturer #PE106"},"content":{"rendered":"","protected":false},"excerpt":{"rendered":"<p>Denna handv\u00e4nda minnespenna kommer att h\u00e5lla livet ut och \u00e4r en perfekt present till alla som uppskattar hantverk och naturmaterialens r\u00e5a sk\u00f6nhet. <em>Denna pennas grepp \u00e4r gjord av h\u00e5llbart sk\u00f6rdad, \u00e4kta <strong>Jerusalem Olivewood<\/strong>, som kommer fr\u00e5n gamla olivtr\u00e4d p\u00e5 Olivberget under besk\u00e4rningss\u00e4songen.<\/em><\/p>\n<p>Detta exotiska material har en j\u00e4mnare finish \u00e4n n\u00e4stan n\u00e5got annat tr\u00e4, och dess starkt kontrasterande kornm\u00f6nster misslyckas aldrig med att imponera.<\/p>\n<p><strong>F\u00f6r att skilja denna penna fr\u00e5n v\u00e5ra andra Slimline pennor lasergraverade vi &#8221;Jerusalem&#8221; p\u00e5 den \u00f6vre halvan av pennan.<\/strong><\/p>\n<p>Varje penna levereras med ett visningsfodral och \u00e4kthetsintyg som verifierar de material och tekniker som anv\u00e4nds f\u00f6r att tillverka denna produkt.<\/p>\n<p><strong><br \/>\nModell:<\/strong> Slimline Twist Pen<br \/>\n<strong>Typ:<\/strong> P\u00e5fyllning av kulspetsar av korstyp\u00ae<br \/>\n<strong>F\u00e4rg:<\/strong> Svart<br \/>\n<strong>P\u00e5fyllningsbara:<\/strong> Ja<br \/>\n<strong>Grepp:<\/strong> Jerusalem Olivtr\u00e4<br \/>\n<strong>Fixturer:<\/strong> Krom<br \/>\n<strong>Avsluta:<\/strong> L\u00e5gblank lack<br \/>\n<strong>Storlek:<\/strong> 1,0 cm x 14 cm (3\/8&#8243; x 5,1\/2&#8243;)<\/p>\n","protected":false},"featured_media":33706,"comment_status":"closed","ping_status":"closed","template":"","meta":[],"product_brand":[],"product_cat":[1034,2394],"product_tag":[1038,1066,1401,2395],"class_list":{"0":"post-42920","1":"product","2":"type-product","3":"status-publish","4":"has-post-thumbnail","6":"product_cat-kunsthaandvaerk-sv","7":"product_cat-pennor-och-skrivbordsartiklar","8":"product_tag-betlehem-sv","9":"product_tag-oliventrae-sv-2","10":"product_tag-penna","11":"product_tag-pennor","13":"first","14":"instock","15":"shipping-taxable","16":"purchasable","17":"product-type-simple"},"yoast_head":"<!-- This site is optimized with the Yoast SEO plugin v27.3 - https:\/\/yoast.com\/product\/yoast-seo-wordpress\/ -->\n<title>Jerusalem Olivewood Slimline Twist Pen med lasergravyr &amp; Krom fixturer #PE106 - Holy Land Olive Wood - Bethlehem Olive Wood Factory<\/title>\n<meta name=\"description\" content=\"Betlehem olivtr\u00e4 pennor och skrivbordsartiklar (dvs. pennh\u00e5llare, pennl\u00e5dor) \u00e4mnen, sniderier &amp; mer fr\u00e5n det heliga landet &amp;r\u00e5a lager i standard och anpassade dimensioner.\" \/>\n<meta name=\"robots\" content=\"index, follow, max-snippet:-1, max-image-preview:large, max-video-preview:-1\" \/>\n<link rel=\"canonical\" href=\"https:\/\/holyland-olivewood.com\/sv\/product\/jabal-laser-graverad-handgjord-jerusalem-oliv-tra-twist-pen-2\/\" \/>\n<meta property=\"og:locale\" content=\"sv_SE\" \/>\n<meta property=\"og:type\" content=\"article\" \/>\n<meta property=\"og:title\" content=\"Jerusalem Olivewood Slimline Twist Pen med lasergravyr &amp; Krom fixturer #PE106 - Holy Land Olive Wood - Bethlehem Olive Wood Factory\" \/>\n<meta property=\"og:description\" content=\"Betlehem olivtr\u00e4 pennor och skrivbordsartiklar (dvs. pennh\u00e5llare, pennl\u00e5dor) \u00e4mnen, sniderier &amp; mer fr\u00e5n det heliga landet &amp;r\u00e5a lager i standard och anpassade dimensioner.\" \/>\n<meta property=\"og:url\" content=\"https:\/\/holyland-olivewood.com\/sv\/product\/jabal-laser-graverad-handgjord-jerusalem-oliv-tra-twist-pen-2\/\" \/>\n<meta property=\"og:site_name\" content=\"Holy Land Olive Wood - Bethlehem Olive Wood Factory\" \/>\n<meta property=\"article:publisher\" content=\"https:\/\/www.facebook.com\/holylandolivewood.bethlehem\/\" \/>\n<meta property=\"og:image\" content=\"https:\/\/holyland-olivewood.com\/wp-content\/uploads\/2018\/01\/pen_holy_land_olive_wood_bethlehem_pe106_1.jpg\" \/>\n\t<meta property=\"og:image:width\" content=\"1550\" \/>\n\t<meta property=\"og:image:height\" content=\"1200\" \/>\n\t<meta property=\"og:image:type\" content=\"image\/jpeg\" \/>\n<meta name=\"twitter:card\" content=\"summary_large_image\" \/>\n<script type=\"application\/ld+json\" class=\"yoast-schema-graph\">{\"@context\":\"https:\\\/\\\/schema.org\",\"@graph\":[{\"@type\":\"WebPage\",\"@id\":\"https:\\\/\\\/holyland-olivewood.com\\\/sv\\\/product\\\/jabal-laser-graverad-handgjord-jerusalem-oliv-tra-twist-pen-2\\\/\",\"url\":\"https:\\\/\\\/holyland-olivewood.com\\\/sv\\\/product\\\/jabal-laser-graverad-handgjord-jerusalem-oliv-tra-twist-pen-2\\\/\",\"name\":\"Jerusalem Olivewood Slimline Twist Pen med lasergravyr &amp; Krom fixturer #PE106 - Holy Land Olive Wood - Bethlehem Olive Wood Factory\",\"isPartOf\":{\"@id\":\"https:\\\/\\\/holyland-olivewood.com\\\/sv\\\/#website\"},\"primaryImageOfPage\":{\"@id\":\"https:\\\/\\\/holyland-olivewood.com\\\/sv\\\/product\\\/jabal-laser-graverad-handgjord-jerusalem-oliv-tra-twist-pen-2\\\/#primaryimage\"},\"image\":{\"@id\":\"https:\\\/\\\/holyland-olivewood.com\\\/sv\\\/product\\\/jabal-laser-graverad-handgjord-jerusalem-oliv-tra-twist-pen-2\\\/#primaryimage\"},\"thumbnailUrl\":\"https:\\\/\\\/holyland-olivewood.com\\\/wp-content\\\/uploads\\\/2018\\\/01\\\/pen_holy_land_olive_wood_bethlehem_pe106_1.jpg\",\"datePublished\":\"2022-02-09T08:26:36+00:00\",\"description\":\"Betlehem olivtr\u00e4 pennor och skrivbordsartiklar (dvs. pennh\u00e5llare, pennl\u00e5dor) \u00e4mnen, sniderier & mer fr\u00e5n det heliga landet &r\u00e5a lager i standard och anpassade dimensioner.\",\"breadcrumb\":{\"@id\":\"https:\\\/\\\/holyland-olivewood.com\\\/sv\\\/product\\\/jabal-laser-graverad-handgjord-jerusalem-oliv-tra-twist-pen-2\\\/#breadcrumb\"},\"inLanguage\":\"sv-SE\",\"potentialAction\":[{\"@type\":\"ReadAction\",\"target\":[\"https:\\\/\\\/holyland-olivewood.com\\\/sv\\\/product\\\/jabal-laser-graverad-handgjord-jerusalem-oliv-tra-twist-pen-2\\\/\"]}]},{\"@type\":\"ImageObject\",\"inLanguage\":\"sv-SE\",\"@id\":\"https:\\\/\\\/holyland-olivewood.com\\\/sv\\\/product\\\/jabal-laser-graverad-handgjord-jerusalem-oliv-tra-twist-pen-2\\\/#primaryimage\",\"url\":\"https:\\\/\\\/holyland-olivewood.com\\\/wp-content\\\/uploads\\\/2018\\\/01\\\/pen_holy_land_olive_wood_bethlehem_pe106_1.jpg\",\"contentUrl\":\"https:\\\/\\\/holyland-olivewood.com\\\/wp-content\\\/uploads\\\/2018\\\/01\\\/pen_holy_land_olive_wood_bethlehem_pe106_1.jpg\",\"width\":1550,\"height\":1200},{\"@type\":\"BreadcrumbList\",\"@id\":\"https:\\\/\\\/holyland-olivewood.com\\\/sv\\\/product\\\/jabal-laser-graverad-handgjord-jerusalem-oliv-tra-twist-pen-2\\\/#breadcrumb\",\"itemListElement\":[{\"@type\":\"ListItem\",\"position\":1,\"name\":\"Home\",\"item\":\"https:\\\/\\\/holyland-olivewood.com\\\/sv\\\/home\\\/\"},{\"@type\":\"ListItem\",\"position\":2,\"name\":\"Se alla produkter\",\"item\":\"https:\\\/\\\/holyland-olivewood.com\\\/sv\\\/shop\\\/\"},{\"@type\":\"ListItem\",\"position\":3,\"name\":\"Jerusalem Olivewood Slimline Twist Pen med lasergravyr &amp; Krom fixturer #PE106\"}]},{\"@type\":\"WebSite\",\"@id\":\"https:\\\/\\\/holyland-olivewood.com\\\/sv\\\/#website\",\"url\":\"https:\\\/\\\/holyland-olivewood.com\\\/sv\\\/\",\"name\":\"Holy Land Olive Wood - Bethlehem Olive Wood Factory\",\"description\":\"Holy Land Olivewood Bethlehem\",\"publisher\":{\"@id\":\"https:\\\/\\\/holyland-olivewood.com\\\/sv\\\/#organization\"},\"potentialAction\":[{\"@type\":\"SearchAction\",\"target\":{\"@type\":\"EntryPoint\",\"urlTemplate\":\"https:\\\/\\\/holyland-olivewood.com\\\/sv\\\/?s={search_term_string}\"},\"query-input\":{\"@type\":\"PropertyValueSpecification\",\"valueRequired\":true,\"valueName\":\"search_term_string\"}}],\"inLanguage\":\"sv-SE\"},{\"@type\":\"Organization\",\"@id\":\"https:\\\/\\\/holyland-olivewood.com\\\/sv\\\/#organization\",\"name\":\"Holy Land Olivewood\",\"url\":\"https:\\\/\\\/holyland-olivewood.com\\\/sv\\\/\",\"logo\":{\"@type\":\"ImageObject\",\"inLanguage\":\"sv-SE\",\"@id\":\"https:\\\/\\\/holyland-olivewood.com\\\/sv\\\/#\\\/schema\\\/logo\\\/image\\\/\",\"url\":\"\",\"contentUrl\":\"\",\"caption\":\"Holy Land Olivewood\"},\"image\":{\"@id\":\"https:\\\/\\\/holyland-olivewood.com\\\/sv\\\/#\\\/schema\\\/logo\\\/image\\\/\"},\"sameAs\":[\"https:\\\/\\\/www.facebook.com\\\/holylandolivewood.bethlehem\\\/\",\"http:\\\/\\\/instagram.com\\\/holy.land.olive.wood\"]}]}<\/script>\n<!-- \/ Yoast SEO plugin. -->","yoast_head_json":{"title":"Jerusalem Olivewood Slimline Twist Pen med lasergravyr &amp; Krom fixturer #PE106 - Holy Land Olive Wood - Bethlehem Olive Wood Factory","description":"Betlehem olivtr\u00e4 pennor och skrivbordsartiklar (dvs. pennh\u00e5llare, pennl\u00e5dor) \u00e4mnen, sniderier & mer fr\u00e5n det heliga landet &r\u00e5a lager i standard och anpassade dimensioner.","robots":{"index":"index","follow":"follow","max-snippet":"max-snippet:-1","max-image-preview":"max-image-preview:large","max-video-preview":"max-video-preview:-1"},"canonical":"https:\/\/holyland-olivewood.com\/sv\/product\/jabal-laser-graverad-handgjord-jerusalem-oliv-tra-twist-pen-2\/","og_locale":"sv_SE","og_type":"article","og_title":"Jerusalem Olivewood Slimline Twist Pen med lasergravyr &amp; Krom fixturer #PE106 - Holy Land Olive Wood - Bethlehem Olive Wood Factory","og_description":"Betlehem olivtr\u00e4 pennor och skrivbordsartiklar (dvs. pennh\u00e5llare, pennl\u00e5dor) \u00e4mnen, sniderier & mer fr\u00e5n det heliga landet &r\u00e5a lager i standard och anpassade dimensioner.","og_url":"https:\/\/holyland-olivewood.com\/sv\/product\/jabal-laser-graverad-handgjord-jerusalem-oliv-tra-twist-pen-2\/","og_site_name":"Holy Land Olive Wood - Bethlehem Olive Wood Factory","article_publisher":"https:\/\/www.facebook.com\/holylandolivewood.bethlehem\/","og_image":[{"width":1550,"height":1200,"url":"https:\/\/holyland-olivewood.com\/wp-content\/uploads\/2018\/01\/pen_holy_land_olive_wood_bethlehem_pe106_1.jpg","type":"image\/jpeg"}],"twitter_card":"summary_large_image","schema":{"@context":"https:\/\/schema.org","@graph":[{"@type":"WebPage","@id":"https:\/\/holyland-olivewood.com\/sv\/product\/jabal-laser-graverad-handgjord-jerusalem-oliv-tra-twist-pen-2\/","url":"https:\/\/holyland-olivewood.com\/sv\/product\/jabal-laser-graverad-handgjord-jerusalem-oliv-tra-twist-pen-2\/","name":"Jerusalem Olivewood Slimline Twist Pen med lasergravyr &amp; Krom fixturer #PE106 - Holy Land Olive Wood - Bethlehem Olive Wood Factory","isPartOf":{"@id":"https:\/\/holyland-olivewood.com\/sv\/#website"},"primaryImageOfPage":{"@id":"https:\/\/holyland-olivewood.com\/sv\/product\/jabal-laser-graverad-handgjord-jerusalem-oliv-tra-twist-pen-2\/#primaryimage"},"image":{"@id":"https:\/\/holyland-olivewood.com\/sv\/product\/jabal-laser-graverad-handgjord-jerusalem-oliv-tra-twist-pen-2\/#primaryimage"},"thumbnailUrl":"https:\/\/holyland-olivewood.com\/wp-content\/uploads\/2018\/01\/pen_holy_land_olive_wood_bethlehem_pe106_1.jpg","datePublished":"2022-02-09T08:26:36+00:00","description":"Betlehem olivtr\u00e4 pennor och skrivbordsartiklar (dvs. pennh\u00e5llare, pennl\u00e5dor) \u00e4mnen, sniderier & mer fr\u00e5n det heliga landet &r\u00e5a lager i standard och anpassade dimensioner.","breadcrumb":{"@id":"https:\/\/holyland-olivewood.com\/sv\/product\/jabal-laser-graverad-handgjord-jerusalem-oliv-tra-twist-pen-2\/#breadcrumb"},"inLanguage":"sv-SE","potentialAction":[{"@type":"ReadAction","target":["https:\/\/holyland-olivewood.com\/sv\/product\/jabal-laser-graverad-handgjord-jerusalem-oliv-tra-twist-pen-2\/"]}]},{"@type":"ImageObject","inLanguage":"sv-SE","@id":"https:\/\/holyland-olivewood.com\/sv\/product\/jabal-laser-graverad-handgjord-jerusalem-oliv-tra-twist-pen-2\/#primaryimage","url":"https:\/\/holyland-olivewood.com\/wp-content\/uploads\/2018\/01\/pen_holy_land_olive_wood_bethlehem_pe106_1.jpg","contentUrl":"https:\/\/holyland-olivewood.com\/wp-content\/uploads\/2018\/01\/pen_holy_land_olive_wood_bethlehem_pe106_1.jpg","width":1550,"height":1200},{"@type":"BreadcrumbList","@id":"https:\/\/holyland-olivewood.com\/sv\/product\/jabal-laser-graverad-handgjord-jerusalem-oliv-tra-twist-pen-2\/#breadcrumb","itemListElement":[{"@type":"ListItem","position":1,"name":"Home","item":"https:\/\/holyland-olivewood.com\/sv\/home\/"},{"@type":"ListItem","position":2,"name":"Se alla produkter","item":"https:\/\/holyland-olivewood.com\/sv\/shop\/"},{"@type":"ListItem","position":3,"name":"Jerusalem Olivewood Slimline Twist Pen med lasergravyr &amp; Krom fixturer #PE106"}]},{"@type":"WebSite","@id":"https:\/\/holyland-olivewood.com\/sv\/#website","url":"https:\/\/holyland-olivewood.com\/sv\/","name":"Holy Land Olive Wood - Bethlehem Olive Wood Factory","description":"Holy Land Olivewood Bethlehem","publisher":{"@id":"https:\/\/holyland-olivewood.com\/sv\/#organization"},"potentialAction":[{"@type":"SearchAction","target":{"@type":"EntryPoint","urlTemplate":"https:\/\/holyland-olivewood.com\/sv\/?s={search_term_string}"},"query-input":{"@type":"PropertyValueSpecification","valueRequired":true,"valueName":"search_term_string"}}],"inLanguage":"sv-SE"},{"@type":"Organization","@id":"https:\/\/holyland-olivewood.com\/sv\/#organization","name":"Holy Land Olivewood","url":"https:\/\/holyland-olivewood.com\/sv\/","logo":{"@type":"ImageObject","inLanguage":"sv-SE","@id":"https:\/\/holyland-olivewood.com\/sv\/#\/schema\/logo\/image\/","url":"","contentUrl":"","caption":"Holy Land Olivewood"},"image":{"@id":"https:\/\/holyland-olivewood.com\/sv\/#\/schema\/logo\/image\/"},"sameAs":["https:\/\/www.facebook.com\/holylandolivewood.bethlehem\/","http:\/\/instagram.com\/holy.land.olive.wood"]}]}},"_links":{"self":[{"href":"https:\/\/holyland-olivewood.com\/sv\/wp-json\/wp\/v2\/product\/42920","targetHints":{"allow":["GET"]}}],"collection":[{"href":"https:\/\/holyland-olivewood.com\/sv\/wp-json\/wp\/v2\/product"}],"about":[{"href":"https:\/\/holyland-olivewood.com\/sv\/wp-json\/wp\/v2\/types\/product"}],"replies":[{"embeddable":true,"href":"https:\/\/holyland-olivewood.com\/sv\/wp-json\/wp\/v2\/comments?post=42920"}],"version-history":[{"count":0,"href":"https:\/\/holyland-olivewood.com\/sv\/wp-json\/wp\/v2\/product\/42920\/revisions"}],"wp:featuredmedia":[{"embeddable":true,"href":"https:\/\/holyland-olivewood.com\/sv\/wp-json\/wp\/v2\/media\/33706"}],"wp:attachment":[{"href":"https:\/\/holyland-olivewood.com\/sv\/wp-json\/wp\/v2\/media?parent=42920"}],"wp:term":[{"taxonomy":"product_brand","embeddable":true,"href":"https:\/\/holyland-olivewood.com\/sv\/wp-json\/wp\/v2\/product_brand?post=42920"},{"taxonomy":"product_cat","embeddable":true,"href":"https:\/\/holyland-olivewood.com\/sv\/wp-json\/wp\/v2\/product_cat?post=42920"},{"taxonomy":"product_tag","embeddable":true,"href":"https:\/\/holyland-olivewood.com\/sv\/wp-json\/wp\/v2\/product_tag?post=42920"}],"curies":[{"name":"wp","href":"https:\/\/api.w.org\/{rel}","templated":true}]}}