{"id":42771,"date":"2018-01-23T16:38:20","date_gmt":"2022-02-09T08:11:02","guid":{"rendered":"https:\/\/holyland-olivewood.com\/product\/knivhandtag-for-ett-block-075-x-15-x-6-tre-par\/"},"modified":"2022-02-09T08:11:02","modified_gmt":"2022-02-09T08:11:02","slug":"single-block-olivewood-knife-handle-blanks-0-25-x-1-x-3-3-par","status":"publish","type":"product","link":"https:\/\/holyland-olivewood.com\/sv\/product\/single-block-olivewood-knife-handle-blanks-0-25-x-1-x-3-3-par\/","title":{"rendered":"Knivhandtag f\u00f6r ett block (0,75 x 1,5 x 6&#8243;) tre par"},"content":{"rendered":"","protected":false},"excerpt":{"rendered":"<p>Denna artikel inneh\u00e5ller tre par precisionsskurna knivhandtag som \u00e4r gjorda i det heliga landet fr\u00e5n h\u00e5llbart sk\u00f6rdat, autentiskt Betlehem Olivewood.<\/p>\n<p>Detta exotiska material har en j\u00e4mnare finish \u00e4n n\u00e4stan n\u00e5got annat tr\u00e4, och dess starkt kontrasterande kornm\u00f6nster misslyckas aldrig med att imponera, vilket g\u00f6r det till det perfekta valet f\u00f6r alla bladsmeder som f\u00f6rs\u00f6ker g\u00f6ra i\u00f6gonfallande, ultra-premium bestick.<\/p>\n<p>Eftersom Betlehem Olivewood \u00e4r en naturprodukt \u00e4r inga tv\u00e5 bitar identiska. V\u00e5ra &#8221;Single Block&#8221; Betlehem Olivewood Knife Handle Blanks \u00e4r dock avskurna fr\u00e5n samma, individuella bit olivtr\u00e4 s\u00e5 att kornm\u00f6nstret p\u00e5 b\u00e5da knivhandtagen f\u00f6ljer samma konturer och matchar perfekt p\u00e5 b\u00e5da sidor av ditt knivhandtag.<\/p>\n<p>Denna artikel inneh\u00e5ller ett \u00e4kthetsintyg som verifierar de material och tekniker som anv\u00e4nds f\u00f6r att tillverka denna produkt.<\/p>\n<p>Storlek: 2 cm x 4 cm x 15,5 cm (3\/4&#8243; x 1,5 x 6&#8243;)<\/p>\n","protected":false},"featured_media":33894,"comment_status":"closed","ping_status":"closed","template":"","meta":[],"product_brand":[],"product_cat":[1399,1395],"product_tag":[1441,1414,1404,1423,1409,1430,1089,1435,1439,1444,1432,1413,2942,1424,1427,1056,1401,1418,1420,1407,1061],"class_list":{"0":"post-42771","1":"product","2":"type-product","3":"status-publish","4":"has-post-thumbnail","6":"product_cat-olivtra","7":"product_cat-plattor","8":"product_tag-betlehem-jerusalem","9":"product_tag-blank-sv","10":"product_tag-blanksteg","11":"product_tag-block-sv","12":"product_tag-byggsats","13":"product_tag-diy-sv","14":"product_tag-haandlavet-sv","15":"product_tag-hantverk","16":"product_tag-hantverk-sv","17":"product_tag-heliga-landet","18":"product_tag-hemgjord","19":"product_tag-kit-sv","20":"product_tag-knivhandtag-sv","21":"product_tag-logg","22":"product_tag-loggar","23":"product_tag-oliven-sv","24":"product_tag-penna","25":"product_tag-platta","26":"product_tag-plattor","27":"product_tag-skal-2","28":"product_tag-trae-sv-2","30":"first","31":"instock","32":"shipping-taxable","33":"purchasable","34":"product-type-simple"},"yoast_head":"<!-- This site is optimized with the Yoast SEO plugin v27.3 - https:\/\/yoast.com\/product\/yoast-seo-wordpress\/ -->\n<title>Knivhandtag f\u00f6r ett block (0,75 x 1,5 x 6&quot;) tre par - Holy Land Olive Wood - Bethlehem Olive Wood Factory<\/title>\n<meta name=\"description\" content=\"Betlehem olivtr\u00e4 hantverk (dvs. rosaries, k\u00f6ksutrustning, f\u00f6delse, upps\u00e4ttningar, p\u00e4rlor)penn\u00e4mnen sniderier, plattor, block,&amp;r\u00e5 lager i standard och anpassade dimensioner.\" \/>\n<meta name=\"robots\" content=\"index, follow, max-snippet:-1, max-image-preview:large, max-video-preview:-1\" \/>\n<link rel=\"canonical\" href=\"https:\/\/holyland-olivewood.com\/sv\/product\/single-block-olivewood-knife-handle-blanks-0-25-x-1-x-3-3-par\/\" \/>\n<meta property=\"og:locale\" content=\"sv_SE\" \/>\n<meta property=\"og:type\" content=\"article\" \/>\n<meta property=\"og:title\" content=\"Knivhandtag f\u00f6r ett block (0,75 x 1,5 x 6&quot;) tre par - Holy Land Olive Wood - Bethlehem Olive Wood Factory\" \/>\n<meta property=\"og:description\" content=\"Betlehem olivtr\u00e4 hantverk (dvs. rosaries, k\u00f6ksutrustning, f\u00f6delse, upps\u00e4ttningar, p\u00e4rlor)penn\u00e4mnen sniderier, plattor, block,&amp;r\u00e5 lager i standard och anpassade dimensioner.\" \/>\n<meta property=\"og:url\" content=\"https:\/\/holyland-olivewood.com\/sv\/product\/single-block-olivewood-knife-handle-blanks-0-25-x-1-x-3-3-par\/\" \/>\n<meta property=\"og:site_name\" content=\"Holy Land Olive Wood - Bethlehem Olive Wood Factory\" \/>\n<meta property=\"article:publisher\" content=\"https:\/\/www.facebook.com\/holylandolivewood.bethlehem\/\" \/>\n<meta property=\"og:image\" content=\"https:\/\/holyland-olivewood.com\/wp-content\/uploads\/2018\/01\/knife_handle_holy_land_olive_wood_bethlehem_3.jpg\" \/>\n\t<meta property=\"og:image:width\" content=\"1550\" \/>\n\t<meta property=\"og:image:height\" content=\"1200\" \/>\n\t<meta property=\"og:image:type\" content=\"image\/jpeg\" \/>\n<meta name=\"twitter:card\" content=\"summary_large_image\" \/>\n<script type=\"application\/ld+json\" class=\"yoast-schema-graph\">{\"@context\":\"https:\\\/\\\/schema.org\",\"@graph\":[{\"@type\":\"WebPage\",\"@id\":\"https:\\\/\\\/holyland-olivewood.com\\\/sv\\\/product\\\/single-block-olivewood-knife-handle-blanks-0-25-x-1-x-3-3-par\\\/\",\"url\":\"https:\\\/\\\/holyland-olivewood.com\\\/sv\\\/product\\\/single-block-olivewood-knife-handle-blanks-0-25-x-1-x-3-3-par\\\/\",\"name\":\"Knivhandtag f\u00f6r ett block (0,75 x 1,5 x 6\\\") tre par - Holy Land Olive Wood - Bethlehem Olive Wood Factory\",\"isPartOf\":{\"@id\":\"https:\\\/\\\/holyland-olivewood.com\\\/sv\\\/#website\"},\"primaryImageOfPage\":{\"@id\":\"https:\\\/\\\/holyland-olivewood.com\\\/sv\\\/product\\\/single-block-olivewood-knife-handle-blanks-0-25-x-1-x-3-3-par\\\/#primaryimage\"},\"image\":{\"@id\":\"https:\\\/\\\/holyland-olivewood.com\\\/sv\\\/product\\\/single-block-olivewood-knife-handle-blanks-0-25-x-1-x-3-3-par\\\/#primaryimage\"},\"thumbnailUrl\":\"https:\\\/\\\/holyland-olivewood.com\\\/wp-content\\\/uploads\\\/2018\\\/01\\\/knife_handle_holy_land_olive_wood_bethlehem_3.jpg\",\"datePublished\":\"2022-02-09T08:11:02+00:00\",\"description\":\"Betlehem olivtr\u00e4 hantverk (dvs. rosaries, k\u00f6ksutrustning, f\u00f6delse, upps\u00e4ttningar, p\u00e4rlor)penn\u00e4mnen sniderier, plattor, block,&r\u00e5 lager i standard och anpassade dimensioner.\",\"breadcrumb\":{\"@id\":\"https:\\\/\\\/holyland-olivewood.com\\\/sv\\\/product\\\/single-block-olivewood-knife-handle-blanks-0-25-x-1-x-3-3-par\\\/#breadcrumb\"},\"inLanguage\":\"sv-SE\",\"potentialAction\":[{\"@type\":\"ReadAction\",\"target\":[\"https:\\\/\\\/holyland-olivewood.com\\\/sv\\\/product\\\/single-block-olivewood-knife-handle-blanks-0-25-x-1-x-3-3-par\\\/\"]}]},{\"@type\":\"ImageObject\",\"inLanguage\":\"sv-SE\",\"@id\":\"https:\\\/\\\/holyland-olivewood.com\\\/sv\\\/product\\\/single-block-olivewood-knife-handle-blanks-0-25-x-1-x-3-3-par\\\/#primaryimage\",\"url\":\"https:\\\/\\\/holyland-olivewood.com\\\/wp-content\\\/uploads\\\/2018\\\/01\\\/knife_handle_holy_land_olive_wood_bethlehem_3.jpg\",\"contentUrl\":\"https:\\\/\\\/holyland-olivewood.com\\\/wp-content\\\/uploads\\\/2018\\\/01\\\/knife_handle_holy_land_olive_wood_bethlehem_3.jpg\",\"width\":1550,\"height\":1200},{\"@type\":\"BreadcrumbList\",\"@id\":\"https:\\\/\\\/holyland-olivewood.com\\\/sv\\\/product\\\/single-block-olivewood-knife-handle-blanks-0-25-x-1-x-3-3-par\\\/#breadcrumb\",\"itemListElement\":[{\"@type\":\"ListItem\",\"position\":1,\"name\":\"Home\",\"item\":\"https:\\\/\\\/holyland-olivewood.com\\\/sv\\\/home\\\/\"},{\"@type\":\"ListItem\",\"position\":2,\"name\":\"Se alla produkter\",\"item\":\"https:\\\/\\\/holyland-olivewood.com\\\/sv\\\/shop\\\/\"},{\"@type\":\"ListItem\",\"position\":3,\"name\":\"Knivhandtag f\u00f6r ett block (0,75 x 1,5 x 6&#8243;) tre par\"}]},{\"@type\":\"WebSite\",\"@id\":\"https:\\\/\\\/holyland-olivewood.com\\\/sv\\\/#website\",\"url\":\"https:\\\/\\\/holyland-olivewood.com\\\/sv\\\/\",\"name\":\"Holy Land Olive Wood - Bethlehem Olive Wood Factory\",\"description\":\"Holy Land Olivewood Bethlehem\",\"publisher\":{\"@id\":\"https:\\\/\\\/holyland-olivewood.com\\\/sv\\\/#organization\"},\"potentialAction\":[{\"@type\":\"SearchAction\",\"target\":{\"@type\":\"EntryPoint\",\"urlTemplate\":\"https:\\\/\\\/holyland-olivewood.com\\\/sv\\\/?s={search_term_string}\"},\"query-input\":{\"@type\":\"PropertyValueSpecification\",\"valueRequired\":true,\"valueName\":\"search_term_string\"}}],\"inLanguage\":\"sv-SE\"},{\"@type\":\"Organization\",\"@id\":\"https:\\\/\\\/holyland-olivewood.com\\\/sv\\\/#organization\",\"name\":\"Holy Land Olivewood\",\"url\":\"https:\\\/\\\/holyland-olivewood.com\\\/sv\\\/\",\"logo\":{\"@type\":\"ImageObject\",\"inLanguage\":\"sv-SE\",\"@id\":\"https:\\\/\\\/holyland-olivewood.com\\\/sv\\\/#\\\/schema\\\/logo\\\/image\\\/\",\"url\":\"\",\"contentUrl\":\"\",\"caption\":\"Holy Land Olivewood\"},\"image\":{\"@id\":\"https:\\\/\\\/holyland-olivewood.com\\\/sv\\\/#\\\/schema\\\/logo\\\/image\\\/\"},\"sameAs\":[\"https:\\\/\\\/www.facebook.com\\\/holylandolivewood.bethlehem\\\/\",\"http:\\\/\\\/instagram.com\\\/holy.land.olive.wood\"]}]}<\/script>\n<!-- \/ Yoast SEO plugin. -->","yoast_head_json":{"title":"Knivhandtag f\u00f6r ett block (0,75 x 1,5 x 6\") tre par - Holy Land Olive Wood - Bethlehem Olive Wood Factory","description":"Betlehem olivtr\u00e4 hantverk (dvs. rosaries, k\u00f6ksutrustning, f\u00f6delse, upps\u00e4ttningar, p\u00e4rlor)penn\u00e4mnen sniderier, plattor, block,&r\u00e5 lager i standard och anpassade dimensioner.","robots":{"index":"index","follow":"follow","max-snippet":"max-snippet:-1","max-image-preview":"max-image-preview:large","max-video-preview":"max-video-preview:-1"},"canonical":"https:\/\/holyland-olivewood.com\/sv\/product\/single-block-olivewood-knife-handle-blanks-0-25-x-1-x-3-3-par\/","og_locale":"sv_SE","og_type":"article","og_title":"Knivhandtag f\u00f6r ett block (0,75 x 1,5 x 6\") tre par - Holy Land Olive Wood - Bethlehem Olive Wood Factory","og_description":"Betlehem olivtr\u00e4 hantverk (dvs. rosaries, k\u00f6ksutrustning, f\u00f6delse, upps\u00e4ttningar, p\u00e4rlor)penn\u00e4mnen sniderier, plattor, block,&r\u00e5 lager i standard och anpassade dimensioner.","og_url":"https:\/\/holyland-olivewood.com\/sv\/product\/single-block-olivewood-knife-handle-blanks-0-25-x-1-x-3-3-par\/","og_site_name":"Holy Land Olive Wood - Bethlehem Olive Wood Factory","article_publisher":"https:\/\/www.facebook.com\/holylandolivewood.bethlehem\/","og_image":[{"width":1550,"height":1200,"url":"https:\/\/holyland-olivewood.com\/wp-content\/uploads\/2018\/01\/knife_handle_holy_land_olive_wood_bethlehem_3.jpg","type":"image\/jpeg"}],"twitter_card":"summary_large_image","schema":{"@context":"https:\/\/schema.org","@graph":[{"@type":"WebPage","@id":"https:\/\/holyland-olivewood.com\/sv\/product\/single-block-olivewood-knife-handle-blanks-0-25-x-1-x-3-3-par\/","url":"https:\/\/holyland-olivewood.com\/sv\/product\/single-block-olivewood-knife-handle-blanks-0-25-x-1-x-3-3-par\/","name":"Knivhandtag f\u00f6r ett block (0,75 x 1,5 x 6\") tre par - Holy Land Olive Wood - Bethlehem Olive Wood Factory","isPartOf":{"@id":"https:\/\/holyland-olivewood.com\/sv\/#website"},"primaryImageOfPage":{"@id":"https:\/\/holyland-olivewood.com\/sv\/product\/single-block-olivewood-knife-handle-blanks-0-25-x-1-x-3-3-par\/#primaryimage"},"image":{"@id":"https:\/\/holyland-olivewood.com\/sv\/product\/single-block-olivewood-knife-handle-blanks-0-25-x-1-x-3-3-par\/#primaryimage"},"thumbnailUrl":"https:\/\/holyland-olivewood.com\/wp-content\/uploads\/2018\/01\/knife_handle_holy_land_olive_wood_bethlehem_3.jpg","datePublished":"2022-02-09T08:11:02+00:00","description":"Betlehem olivtr\u00e4 hantverk (dvs. rosaries, k\u00f6ksutrustning, f\u00f6delse, upps\u00e4ttningar, p\u00e4rlor)penn\u00e4mnen sniderier, plattor, block,&r\u00e5 lager i standard och anpassade dimensioner.","breadcrumb":{"@id":"https:\/\/holyland-olivewood.com\/sv\/product\/single-block-olivewood-knife-handle-blanks-0-25-x-1-x-3-3-par\/#breadcrumb"},"inLanguage":"sv-SE","potentialAction":[{"@type":"ReadAction","target":["https:\/\/holyland-olivewood.com\/sv\/product\/single-block-olivewood-knife-handle-blanks-0-25-x-1-x-3-3-par\/"]}]},{"@type":"ImageObject","inLanguage":"sv-SE","@id":"https:\/\/holyland-olivewood.com\/sv\/product\/single-block-olivewood-knife-handle-blanks-0-25-x-1-x-3-3-par\/#primaryimage","url":"https:\/\/holyland-olivewood.com\/wp-content\/uploads\/2018\/01\/knife_handle_holy_land_olive_wood_bethlehem_3.jpg","contentUrl":"https:\/\/holyland-olivewood.com\/wp-content\/uploads\/2018\/01\/knife_handle_holy_land_olive_wood_bethlehem_3.jpg","width":1550,"height":1200},{"@type":"BreadcrumbList","@id":"https:\/\/holyland-olivewood.com\/sv\/product\/single-block-olivewood-knife-handle-blanks-0-25-x-1-x-3-3-par\/#breadcrumb","itemListElement":[{"@type":"ListItem","position":1,"name":"Home","item":"https:\/\/holyland-olivewood.com\/sv\/home\/"},{"@type":"ListItem","position":2,"name":"Se alla produkter","item":"https:\/\/holyland-olivewood.com\/sv\/shop\/"},{"@type":"ListItem","position":3,"name":"Knivhandtag f\u00f6r ett block (0,75 x 1,5 x 6&#8243;) tre par"}]},{"@type":"WebSite","@id":"https:\/\/holyland-olivewood.com\/sv\/#website","url":"https:\/\/holyland-olivewood.com\/sv\/","name":"Holy Land Olive Wood - Bethlehem Olive Wood Factory","description":"Holy Land Olivewood Bethlehem","publisher":{"@id":"https:\/\/holyland-olivewood.com\/sv\/#organization"},"potentialAction":[{"@type":"SearchAction","target":{"@type":"EntryPoint","urlTemplate":"https:\/\/holyland-olivewood.com\/sv\/?s={search_term_string}"},"query-input":{"@type":"PropertyValueSpecification","valueRequired":true,"valueName":"search_term_string"}}],"inLanguage":"sv-SE"},{"@type":"Organization","@id":"https:\/\/holyland-olivewood.com\/sv\/#organization","name":"Holy Land Olivewood","url":"https:\/\/holyland-olivewood.com\/sv\/","logo":{"@type":"ImageObject","inLanguage":"sv-SE","@id":"https:\/\/holyland-olivewood.com\/sv\/#\/schema\/logo\/image\/","url":"","contentUrl":"","caption":"Holy Land Olivewood"},"image":{"@id":"https:\/\/holyland-olivewood.com\/sv\/#\/schema\/logo\/image\/"},"sameAs":["https:\/\/www.facebook.com\/holylandolivewood.bethlehem\/","http:\/\/instagram.com\/holy.land.olive.wood"]}]}},"_links":{"self":[{"href":"https:\/\/holyland-olivewood.com\/sv\/wp-json\/wp\/v2\/product\/42771","targetHints":{"allow":["GET"]}}],"collection":[{"href":"https:\/\/holyland-olivewood.com\/sv\/wp-json\/wp\/v2\/product"}],"about":[{"href":"https:\/\/holyland-olivewood.com\/sv\/wp-json\/wp\/v2\/types\/product"}],"replies":[{"embeddable":true,"href":"https:\/\/holyland-olivewood.com\/sv\/wp-json\/wp\/v2\/comments?post=42771"}],"version-history":[{"count":0,"href":"https:\/\/holyland-olivewood.com\/sv\/wp-json\/wp\/v2\/product\/42771\/revisions"}],"wp:featuredmedia":[{"embeddable":true,"href":"https:\/\/holyland-olivewood.com\/sv\/wp-json\/wp\/v2\/media\/33894"}],"wp:attachment":[{"href":"https:\/\/holyland-olivewood.com\/sv\/wp-json\/wp\/v2\/media?parent=42771"}],"wp:term":[{"taxonomy":"product_brand","embeddable":true,"href":"https:\/\/holyland-olivewood.com\/sv\/wp-json\/wp\/v2\/product_brand?post=42771"},{"taxonomy":"product_cat","embeddable":true,"href":"https:\/\/holyland-olivewood.com\/sv\/wp-json\/wp\/v2\/product_cat?post=42771"},{"taxonomy":"product_tag","embeddable":true,"href":"https:\/\/holyland-olivewood.com\/sv\/wp-json\/wp\/v2\/product_tag?post=42771"}],"curies":[{"name":"wp","href":"https:\/\/api.w.org\/{rel}","templated":true}]}}