{"id":42122,"date":"2018-08-27T16:45:49","date_gmt":"2022-02-09T07:36:23","guid":{"rendered":"https:\/\/holyland-olivewood.com\/product\/handgjord-betlehem-olive-wood-bow-tie-diamond-style-w103\/"},"modified":"2022-02-09T07:36:23","modified_gmt":"2022-02-09T07:36:23","slug":"handgjord-betlehem-oliv-tra-bow-tie-diamond-style-w103","status":"publish","type":"product","link":"https:\/\/holyland-olivewood.com\/sv\/product\/handgjord-betlehem-oliv-tra-bow-tie-diamond-style-w103\/","title":{"rendered":"Handgjord Betlehem Olive Wood Bow Tie [Diamond Style] #W103"},"content":{"rendered":"","protected":false},"excerpt":{"rendered":"<p>Denna vackra fluga \u00e4r handgjord i det heliga landet fr\u00e5n en enda bit h\u00e5llbart sk\u00f6rdad, autentisk Betlehem Olive Wood. Denna bit \u00e4r mycket h\u00e5llbar och har en fin finish som \u00e4r silkeslen vid ber\u00f6ring. Den \u00e4r monterad p\u00e5 ett mycket slitstarkt 2 centimeter brett elastiskt band med kraftiga st\u00e5lkl\u00e4mmor. Denna fluga \u00e4r ocks\u00e5 s\u00e4ker p\u00e5 att matcha alla outfit, eftersom dess 100{2f9fea33a2c142858c406f70e8527ba43513ec75a7d01dae5601b00fab7679f6}  ren satin mittdel finns i f\u00f6ljande 11 f\u00e4rger: A.) Lavendar, B.) Lila, C.) R\u00f6d, D.) Bourgogne, E.) Pistasch, F.) Guld, G.) Silver, H.) Svart, I.) Vit, J.) Off-white &amp; K.) Marinbl\u00e5<\/p>\n<p>Denna artikel inneh\u00e5ller ett \u00e4kthetsintyg som verifierar de material och tekniker som anv\u00e4nds f\u00f6r att tillverka denna produkt.<\/p>\n<p><strong>Storlek:<\/strong> 12 cm x 5 cm<\/p>\n","protected":false},"featured_media":51539,"comment_status":"closed","ping_status":"closed","template":"","meta":[],"product_brand":[],"product_cat":[2829],"product_tag":[],"class_list":{"0":"post-42122","1":"product","2":"type-product","3":"status-publish","4":"has-post-thumbnail","6":"product_cat-tra-fluga","8":"first","9":"instock","10":"shipping-taxable","11":"purchasable","12":"product-type-variable"},"yoast_head":"<!-- This site is optimized with the Yoast SEO plugin v27.4 - https:\/\/yoast.com\/product\/yoast-seo-wordpress\/ -->\n<title>Handgjord Betlehem Olive Wood Bow Tie [Diamond Style] #W103 - Holy Land Olive Wood - Bethlehem Olive Wood Factory<\/title>\n<meta name=\"description\" content=\"Tr\u00e4 Bow Tie olivtr\u00e4 hantverk (dvs. Olive Wood Bow Tie) heliga familj, jul, figurer, &amp;r\u00e5a lager i standard och anpassade dimensioner.\" \/>\n<meta name=\"robots\" content=\"index, follow, max-snippet:-1, max-image-preview:large, max-video-preview:-1\" \/>\n<link rel=\"canonical\" href=\"https:\/\/holyland-olivewood.com\/sv\/product\/handgjord-betlehem-oliv-tra-bow-tie-diamond-style-w103\/\" \/>\n<meta property=\"og:locale\" content=\"sv_SE\" \/>\n<meta property=\"og:type\" content=\"article\" \/>\n<meta property=\"og:title\" content=\"Handgjord Betlehem Olive Wood Bow Tie [Diamond Style] #W103 - Holy Land Olive Wood - Bethlehem Olive Wood Factory\" \/>\n<meta property=\"og:description\" content=\"Tr\u00e4 Bow Tie olivtr\u00e4 hantverk (dvs. Olive Wood Bow Tie) heliga familj, jul, figurer, &amp;r\u00e5a lager i standard och anpassade dimensioner.\" \/>\n<meta property=\"og:url\" content=\"https:\/\/holyland-olivewood.com\/sv\/product\/handgjord-betlehem-oliv-tra-bow-tie-diamond-style-w103\/\" \/>\n<meta property=\"og:site_name\" content=\"Holy Land Olive Wood - Bethlehem Olive Wood Factory\" \/>\n<meta property=\"article:publisher\" content=\"https:\/\/www.facebook.com\/holylandolivewood.bethlehem\/\" \/>\n<meta property=\"og:image\" content=\"https:\/\/holyland-olivewood.com\/wp-content\/uploads\/2018\/08\/wooden_bow_tie_olive_wood_handmade_holy_land_bethlehem_w103-1.jpg\" \/>\n\t<meta property=\"og:image:width\" content=\"1550\" \/>\n\t<meta property=\"og:image:height\" content=\"1200\" \/>\n\t<meta property=\"og:image:type\" content=\"image\/jpeg\" \/>\n<meta name=\"twitter:card\" content=\"summary_large_image\" \/>\n<script type=\"application\/ld+json\" class=\"yoast-schema-graph\">{\"@context\":\"https:\\\/\\\/schema.org\",\"@graph\":[{\"@type\":\"WebPage\",\"@id\":\"https:\\\/\\\/holyland-olivewood.com\\\/sv\\\/product\\\/handgjord-betlehem-oliv-tra-bow-tie-diamond-style-w103\\\/\",\"url\":\"https:\\\/\\\/holyland-olivewood.com\\\/sv\\\/product\\\/handgjord-betlehem-oliv-tra-bow-tie-diamond-style-w103\\\/\",\"name\":\"Handgjord Betlehem Olive Wood Bow Tie [Diamond Style] #W103 - Holy Land Olive Wood - Bethlehem Olive Wood Factory\",\"isPartOf\":{\"@id\":\"https:\\\/\\\/holyland-olivewood.com\\\/sv\\\/#website\"},\"primaryImageOfPage\":{\"@id\":\"https:\\\/\\\/holyland-olivewood.com\\\/sv\\\/product\\\/handgjord-betlehem-oliv-tra-bow-tie-diamond-style-w103\\\/#primaryimage\"},\"image\":{\"@id\":\"https:\\\/\\\/holyland-olivewood.com\\\/sv\\\/product\\\/handgjord-betlehem-oliv-tra-bow-tie-diamond-style-w103\\\/#primaryimage\"},\"thumbnailUrl\":\"https:\\\/\\\/holyland-olivewood.com\\\/wp-content\\\/uploads\\\/2018\\\/08\\\/wooden_bow_tie_olive_wood_handmade_holy_land_bethlehem_w103-1.jpg\",\"datePublished\":\"2022-02-09T07:36:23+00:00\",\"description\":\"Tr\u00e4 Bow Tie olivtr\u00e4 hantverk (dvs. Olive Wood Bow Tie) heliga familj, jul, figurer, &r\u00e5a lager i standard och anpassade dimensioner.\",\"breadcrumb\":{\"@id\":\"https:\\\/\\\/holyland-olivewood.com\\\/sv\\\/product\\\/handgjord-betlehem-oliv-tra-bow-tie-diamond-style-w103\\\/#breadcrumb\"},\"inLanguage\":\"sv-SE\",\"potentialAction\":[{\"@type\":\"ReadAction\",\"target\":[\"https:\\\/\\\/holyland-olivewood.com\\\/sv\\\/product\\\/handgjord-betlehem-oliv-tra-bow-tie-diamond-style-w103\\\/\"]}]},{\"@type\":\"ImageObject\",\"inLanguage\":\"sv-SE\",\"@id\":\"https:\\\/\\\/holyland-olivewood.com\\\/sv\\\/product\\\/handgjord-betlehem-oliv-tra-bow-tie-diamond-style-w103\\\/#primaryimage\",\"url\":\"https:\\\/\\\/holyland-olivewood.com\\\/wp-content\\\/uploads\\\/2018\\\/08\\\/wooden_bow_tie_olive_wood_handmade_holy_land_bethlehem_w103-1.jpg\",\"contentUrl\":\"https:\\\/\\\/holyland-olivewood.com\\\/wp-content\\\/uploads\\\/2018\\\/08\\\/wooden_bow_tie_olive_wood_handmade_holy_land_bethlehem_w103-1.jpg\",\"width\":1550,\"height\":1200},{\"@type\":\"BreadcrumbList\",\"@id\":\"https:\\\/\\\/holyland-olivewood.com\\\/sv\\\/product\\\/handgjord-betlehem-oliv-tra-bow-tie-diamond-style-w103\\\/#breadcrumb\",\"itemListElement\":[{\"@type\":\"ListItem\",\"position\":1,\"name\":\"Home\",\"item\":\"https:\\\/\\\/holyland-olivewood.com\\\/sv\\\/home\\\/\"},{\"@type\":\"ListItem\",\"position\":2,\"name\":\"Se alla produkter\",\"item\":\"https:\\\/\\\/holyland-olivewood.com\\\/sv\\\/shop\\\/\"},{\"@type\":\"ListItem\",\"position\":3,\"name\":\"Handgjord Betlehem Olive Wood Bow Tie [Diamond Style] #W103\"}]},{\"@type\":\"WebSite\",\"@id\":\"https:\\\/\\\/holyland-olivewood.com\\\/sv\\\/#website\",\"url\":\"https:\\\/\\\/holyland-olivewood.com\\\/sv\\\/\",\"name\":\"Holy Land Olive Wood - Bethlehem Olive Wood Factory\",\"description\":\"Holy Land Olivewood Bethlehem\",\"publisher\":{\"@id\":\"https:\\\/\\\/holyland-olivewood.com\\\/sv\\\/#organization\"},\"potentialAction\":[{\"@type\":\"SearchAction\",\"target\":{\"@type\":\"EntryPoint\",\"urlTemplate\":\"https:\\\/\\\/holyland-olivewood.com\\\/sv\\\/?s={search_term_string}\"},\"query-input\":{\"@type\":\"PropertyValueSpecification\",\"valueRequired\":true,\"valueName\":\"search_term_string\"}}],\"inLanguage\":\"sv-SE\"},{\"@type\":\"Organization\",\"@id\":\"https:\\\/\\\/holyland-olivewood.com\\\/sv\\\/#organization\",\"name\":\"Holy Land Olivewood\",\"url\":\"https:\\\/\\\/holyland-olivewood.com\\\/sv\\\/\",\"logo\":{\"@type\":\"ImageObject\",\"inLanguage\":\"sv-SE\",\"@id\":\"https:\\\/\\\/holyland-olivewood.com\\\/sv\\\/#\\\/schema\\\/logo\\\/image\\\/\",\"url\":\"\",\"contentUrl\":\"\",\"caption\":\"Holy Land Olivewood\"},\"image\":{\"@id\":\"https:\\\/\\\/holyland-olivewood.com\\\/sv\\\/#\\\/schema\\\/logo\\\/image\\\/\"},\"sameAs\":[\"https:\\\/\\\/www.facebook.com\\\/holylandolivewood.bethlehem\\\/\",\"http:\\\/\\\/instagram.com\\\/holy.land.olive.wood\"]}]}<\/script>\n<!-- \/ Yoast SEO plugin. -->","yoast_head_json":{"title":"Handgjord Betlehem Olive Wood Bow Tie [Diamond Style] #W103 - Holy Land Olive Wood - Bethlehem Olive Wood Factory","description":"Tr\u00e4 Bow Tie olivtr\u00e4 hantverk (dvs. Olive Wood Bow Tie) heliga familj, jul, figurer, &r\u00e5a lager i standard och anpassade dimensioner.","robots":{"index":"index","follow":"follow","max-snippet":"max-snippet:-1","max-image-preview":"max-image-preview:large","max-video-preview":"max-video-preview:-1"},"canonical":"https:\/\/holyland-olivewood.com\/sv\/product\/handgjord-betlehem-oliv-tra-bow-tie-diamond-style-w103\/","og_locale":"sv_SE","og_type":"article","og_title":"Handgjord Betlehem Olive Wood Bow Tie [Diamond Style] #W103 - Holy Land Olive Wood - Bethlehem Olive Wood Factory","og_description":"Tr\u00e4 Bow Tie olivtr\u00e4 hantverk (dvs. Olive Wood Bow Tie) heliga familj, jul, figurer, &r\u00e5a lager i standard och anpassade dimensioner.","og_url":"https:\/\/holyland-olivewood.com\/sv\/product\/handgjord-betlehem-oliv-tra-bow-tie-diamond-style-w103\/","og_site_name":"Holy Land Olive Wood - Bethlehem Olive Wood Factory","article_publisher":"https:\/\/www.facebook.com\/holylandolivewood.bethlehem\/","og_image":[{"width":1550,"height":1200,"url":"https:\/\/holyland-olivewood.com\/wp-content\/uploads\/2018\/08\/wooden_bow_tie_olive_wood_handmade_holy_land_bethlehem_w103-1.jpg","type":"image\/jpeg"}],"twitter_card":"summary_large_image","schema":{"@context":"https:\/\/schema.org","@graph":[{"@type":"WebPage","@id":"https:\/\/holyland-olivewood.com\/sv\/product\/handgjord-betlehem-oliv-tra-bow-tie-diamond-style-w103\/","url":"https:\/\/holyland-olivewood.com\/sv\/product\/handgjord-betlehem-oliv-tra-bow-tie-diamond-style-w103\/","name":"Handgjord Betlehem Olive Wood Bow Tie [Diamond Style] #W103 - Holy Land Olive Wood - Bethlehem Olive Wood Factory","isPartOf":{"@id":"https:\/\/holyland-olivewood.com\/sv\/#website"},"primaryImageOfPage":{"@id":"https:\/\/holyland-olivewood.com\/sv\/product\/handgjord-betlehem-oliv-tra-bow-tie-diamond-style-w103\/#primaryimage"},"image":{"@id":"https:\/\/holyland-olivewood.com\/sv\/product\/handgjord-betlehem-oliv-tra-bow-tie-diamond-style-w103\/#primaryimage"},"thumbnailUrl":"https:\/\/holyland-olivewood.com\/wp-content\/uploads\/2018\/08\/wooden_bow_tie_olive_wood_handmade_holy_land_bethlehem_w103-1.jpg","datePublished":"2022-02-09T07:36:23+00:00","description":"Tr\u00e4 Bow Tie olivtr\u00e4 hantverk (dvs. Olive Wood Bow Tie) heliga familj, jul, figurer, &r\u00e5a lager i standard och anpassade dimensioner.","breadcrumb":{"@id":"https:\/\/holyland-olivewood.com\/sv\/product\/handgjord-betlehem-oliv-tra-bow-tie-diamond-style-w103\/#breadcrumb"},"inLanguage":"sv-SE","potentialAction":[{"@type":"ReadAction","target":["https:\/\/holyland-olivewood.com\/sv\/product\/handgjord-betlehem-oliv-tra-bow-tie-diamond-style-w103\/"]}]},{"@type":"ImageObject","inLanguage":"sv-SE","@id":"https:\/\/holyland-olivewood.com\/sv\/product\/handgjord-betlehem-oliv-tra-bow-tie-diamond-style-w103\/#primaryimage","url":"https:\/\/holyland-olivewood.com\/wp-content\/uploads\/2018\/08\/wooden_bow_tie_olive_wood_handmade_holy_land_bethlehem_w103-1.jpg","contentUrl":"https:\/\/holyland-olivewood.com\/wp-content\/uploads\/2018\/08\/wooden_bow_tie_olive_wood_handmade_holy_land_bethlehem_w103-1.jpg","width":1550,"height":1200},{"@type":"BreadcrumbList","@id":"https:\/\/holyland-olivewood.com\/sv\/product\/handgjord-betlehem-oliv-tra-bow-tie-diamond-style-w103\/#breadcrumb","itemListElement":[{"@type":"ListItem","position":1,"name":"Home","item":"https:\/\/holyland-olivewood.com\/sv\/home\/"},{"@type":"ListItem","position":2,"name":"Se alla produkter","item":"https:\/\/holyland-olivewood.com\/sv\/shop\/"},{"@type":"ListItem","position":3,"name":"Handgjord Betlehem Olive Wood Bow Tie [Diamond Style] #W103"}]},{"@type":"WebSite","@id":"https:\/\/holyland-olivewood.com\/sv\/#website","url":"https:\/\/holyland-olivewood.com\/sv\/","name":"Holy Land Olive Wood - Bethlehem Olive Wood Factory","description":"Holy Land Olivewood Bethlehem","publisher":{"@id":"https:\/\/holyland-olivewood.com\/sv\/#organization"},"potentialAction":[{"@type":"SearchAction","target":{"@type":"EntryPoint","urlTemplate":"https:\/\/holyland-olivewood.com\/sv\/?s={search_term_string}"},"query-input":{"@type":"PropertyValueSpecification","valueRequired":true,"valueName":"search_term_string"}}],"inLanguage":"sv-SE"},{"@type":"Organization","@id":"https:\/\/holyland-olivewood.com\/sv\/#organization","name":"Holy Land Olivewood","url":"https:\/\/holyland-olivewood.com\/sv\/","logo":{"@type":"ImageObject","inLanguage":"sv-SE","@id":"https:\/\/holyland-olivewood.com\/sv\/#\/schema\/logo\/image\/","url":"","contentUrl":"","caption":"Holy Land Olivewood"},"image":{"@id":"https:\/\/holyland-olivewood.com\/sv\/#\/schema\/logo\/image\/"},"sameAs":["https:\/\/www.facebook.com\/holylandolivewood.bethlehem\/","http:\/\/instagram.com\/holy.land.olive.wood"]}]}},"_links":{"self":[{"href":"https:\/\/holyland-olivewood.com\/sv\/wp-json\/wp\/v2\/product\/42122","targetHints":{"allow":["GET"]}}],"collection":[{"href":"https:\/\/holyland-olivewood.com\/sv\/wp-json\/wp\/v2\/product"}],"about":[{"href":"https:\/\/holyland-olivewood.com\/sv\/wp-json\/wp\/v2\/types\/product"}],"replies":[{"embeddable":true,"href":"https:\/\/holyland-olivewood.com\/sv\/wp-json\/wp\/v2\/comments?post=42122"}],"version-history":[{"count":0,"href":"https:\/\/holyland-olivewood.com\/sv\/wp-json\/wp\/v2\/product\/42122\/revisions"}],"wp:featuredmedia":[{"embeddable":true,"href":"https:\/\/holyland-olivewood.com\/sv\/wp-json\/wp\/v2\/media\/51539"}],"wp:attachment":[{"href":"https:\/\/holyland-olivewood.com\/sv\/wp-json\/wp\/v2\/media?parent=42122"}],"wp:term":[{"taxonomy":"product_brand","embeddable":true,"href":"https:\/\/holyland-olivewood.com\/sv\/wp-json\/wp\/v2\/product_brand?post=42122"},{"taxonomy":"product_cat","embeddable":true,"href":"https:\/\/holyland-olivewood.com\/sv\/wp-json\/wp\/v2\/product_cat?post=42122"},{"taxonomy":"product_tag","embeddable":true,"href":"https:\/\/holyland-olivewood.com\/sv\/wp-json\/wp\/v2\/product_tag?post=42122"}],"curies":[{"name":"wp","href":"https:\/\/api.w.org\/{rel}","templated":true}]}}