{"id":41916,"date":"2018-09-06T13:14:54","date_gmt":"2022-02-09T05:43:42","guid":{"rendered":"https:\/\/holyland-olivewood.com\/product\/mineraltval-100g-d116\/"},"modified":"2022-02-09T05:43:42","modified_gmt":"2022-02-09T05:43:42","slug":"mineral-tval-100g-d116","status":"publish","type":"product","link":"https:\/\/holyland-olivewood.com\/sv\/product\/mineral-tval-100g-d116\/","title":{"rendered":"Mineraltv\u00e5l (100g) #D116"},"content":{"rendered":"<p>Mineral tv\u00e5l<\/p>\n","protected":false},"excerpt":{"rendered":"<p><strong>Mineraltv\u00e5l (100g)<\/strong><\/p>\n<p>Denna kastilien tv\u00e5l \u00e4r tillverkad enbart av kallpressad, extra jungfruolja fr\u00e5n Betlehems olivlundar och D\u00f6dahavssalt, vilket fr\u00e4mjar blodcirkulationen, muskelavslappning, tillbakadragande av toxiner och lindrar hudf\u00f6rh\u00e5llanden, s\u00e5som psoriasis, eksem och utslag.<\/p>\n","protected":false},"featured_media":51775,"comment_status":"closed","ping_status":"closed","template":"","meta":[],"product_brand":[],"product_cat":[1780,2730],"product_tag":[2738,2733,2731,2737,2739,2735],"class_list":{"0":"post-41916","1":"product","2":"type-product","3":"status-publish","4":"has-post-thumbnail","6":"product_cat-diverse-sv","7":"product_cat-doda-havet-produkter","8":"product_tag-doda-havet-kroppsskrubb","9":"product_tag-doda-havet-mineralsalt","10":"product_tag-doda-havets-lera","11":"product_tag-gradde","12":"product_tag-mineralsalt-sv","13":"product_tag-svart-lera-soab","15":"first","16":"outofstock","17":"shipping-taxable","18":"purchasable","19":"product-type-simple"},"yoast_head":"<!-- This site is optimized with the Yoast SEO plugin v27.4 - https:\/\/yoast.com\/product\/yoast-seo-wordpress\/ -->\n<title>Mineraltv\u00e5l (100g) #D116 - Holy Land Olive Wood - Bethlehem Olive Wood Factory<\/title>\n<meta name=\"description\" content=\"Minerals\u00e5pa ( D\u00f6dahavslera, D\u00f6dahavsmineralsalt) Svart Lera Soab, Gr\u00e4dde, D\u00f6dahavskroppsskrubb, Lera, Mineralsalt, fr\u00e5n Holy Land Olive Wood.\" \/>\n<meta name=\"robots\" content=\"index, follow, max-snippet:-1, max-image-preview:large, max-video-preview:-1\" \/>\n<link rel=\"canonical\" href=\"https:\/\/holyland-olivewood.com\/sv\/product\/mineral-tval-100g-d116\/\" \/>\n<meta property=\"og:locale\" content=\"sv_SE\" \/>\n<meta property=\"og:type\" content=\"article\" \/>\n<meta property=\"og:title\" content=\"Mineraltv\u00e5l (100g) #D116 - Holy Land Olive Wood - Bethlehem Olive Wood Factory\" \/>\n<meta property=\"og:description\" content=\"Minerals\u00e5pa ( D\u00f6dahavslera, D\u00f6dahavsmineralsalt) Svart Lera Soab, Gr\u00e4dde, D\u00f6dahavskroppsskrubb, Lera, Mineralsalt, fr\u00e5n Holy Land Olive Wood.\" \/>\n<meta property=\"og:url\" content=\"https:\/\/holyland-olivewood.com\/sv\/product\/mineral-tval-100g-d116\/\" \/>\n<meta property=\"og:site_name\" content=\"Holy Land Olive Wood - Bethlehem Olive Wood Factory\" \/>\n<meta property=\"article:publisher\" content=\"https:\/\/www.facebook.com\/holylandolivewood.bethlehem\/\" \/>\n<meta property=\"og:image\" content=\"https:\/\/holyland-olivewood.com\/wp-content\/uploads\/2018\/09\/dead_sea_soap_product_d116.jpg\" \/>\n\t<meta property=\"og:image:width\" content=\"1550\" \/>\n\t<meta property=\"og:image:height\" content=\"1200\" \/>\n\t<meta property=\"og:image:type\" content=\"image\/jpeg\" \/>\n<meta name=\"twitter:card\" content=\"summary_large_image\" \/>\n<script type=\"application\/ld+json\" class=\"yoast-schema-graph\">{\"@context\":\"https:\\\/\\\/schema.org\",\"@graph\":[{\"@type\":\"WebPage\",\"@id\":\"https:\\\/\\\/holyland-olivewood.com\\\/sv\\\/product\\\/mineral-tval-100g-d116\\\/\",\"url\":\"https:\\\/\\\/holyland-olivewood.com\\\/sv\\\/product\\\/mineral-tval-100g-d116\\\/\",\"name\":\"Mineraltv\u00e5l (100g) #D116 - Holy Land Olive Wood - Bethlehem Olive Wood Factory\",\"isPartOf\":{\"@id\":\"https:\\\/\\\/holyland-olivewood.com\\\/sv\\\/#website\"},\"primaryImageOfPage\":{\"@id\":\"https:\\\/\\\/holyland-olivewood.com\\\/sv\\\/product\\\/mineral-tval-100g-d116\\\/#primaryimage\"},\"image\":{\"@id\":\"https:\\\/\\\/holyland-olivewood.com\\\/sv\\\/product\\\/mineral-tval-100g-d116\\\/#primaryimage\"},\"thumbnailUrl\":\"https:\\\/\\\/holyland-olivewood.com\\\/wp-content\\\/uploads\\\/2018\\\/09\\\/dead_sea_soap_product_d116.jpg\",\"datePublished\":\"2022-02-09T05:43:42+00:00\",\"description\":\"Minerals\u00e5pa ( D\u00f6dahavslera, D\u00f6dahavsmineralsalt) Svart Lera Soab, Gr\u00e4dde, D\u00f6dahavskroppsskrubb, Lera, Mineralsalt, fr\u00e5n Holy Land Olive Wood.\",\"breadcrumb\":{\"@id\":\"https:\\\/\\\/holyland-olivewood.com\\\/sv\\\/product\\\/mineral-tval-100g-d116\\\/#breadcrumb\"},\"inLanguage\":\"sv-SE\",\"potentialAction\":[{\"@type\":\"ReadAction\",\"target\":[\"https:\\\/\\\/holyland-olivewood.com\\\/sv\\\/product\\\/mineral-tval-100g-d116\\\/\"]}]},{\"@type\":\"ImageObject\",\"inLanguage\":\"sv-SE\",\"@id\":\"https:\\\/\\\/holyland-olivewood.com\\\/sv\\\/product\\\/mineral-tval-100g-d116\\\/#primaryimage\",\"url\":\"https:\\\/\\\/holyland-olivewood.com\\\/wp-content\\\/uploads\\\/2018\\\/09\\\/dead_sea_soap_product_d116.jpg\",\"contentUrl\":\"https:\\\/\\\/holyland-olivewood.com\\\/wp-content\\\/uploads\\\/2018\\\/09\\\/dead_sea_soap_product_d116.jpg\",\"width\":1550,\"height\":1200},{\"@type\":\"BreadcrumbList\",\"@id\":\"https:\\\/\\\/holyland-olivewood.com\\\/sv\\\/product\\\/mineral-tval-100g-d116\\\/#breadcrumb\",\"itemListElement\":[{\"@type\":\"ListItem\",\"position\":1,\"name\":\"Home\",\"item\":\"https:\\\/\\\/holyland-olivewood.com\\\/sv\\\/home\\\/\"},{\"@type\":\"ListItem\",\"position\":2,\"name\":\"Se alla produkter\",\"item\":\"https:\\\/\\\/holyland-olivewood.com\\\/sv\\\/shop\\\/\"},{\"@type\":\"ListItem\",\"position\":3,\"name\":\"Mineraltv\u00e5l (100g) #D116\"}]},{\"@type\":\"WebSite\",\"@id\":\"https:\\\/\\\/holyland-olivewood.com\\\/sv\\\/#website\",\"url\":\"https:\\\/\\\/holyland-olivewood.com\\\/sv\\\/\",\"name\":\"Holy Land Olive Wood - Bethlehem Olive Wood Factory\",\"description\":\"Holy Land Olivewood Bethlehem\",\"publisher\":{\"@id\":\"https:\\\/\\\/holyland-olivewood.com\\\/sv\\\/#organization\"},\"potentialAction\":[{\"@type\":\"SearchAction\",\"target\":{\"@type\":\"EntryPoint\",\"urlTemplate\":\"https:\\\/\\\/holyland-olivewood.com\\\/sv\\\/?s={search_term_string}\"},\"query-input\":{\"@type\":\"PropertyValueSpecification\",\"valueRequired\":true,\"valueName\":\"search_term_string\"}}],\"inLanguage\":\"sv-SE\"},{\"@type\":\"Organization\",\"@id\":\"https:\\\/\\\/holyland-olivewood.com\\\/sv\\\/#organization\",\"name\":\"Holy Land Olivewood\",\"url\":\"https:\\\/\\\/holyland-olivewood.com\\\/sv\\\/\",\"logo\":{\"@type\":\"ImageObject\",\"inLanguage\":\"sv-SE\",\"@id\":\"https:\\\/\\\/holyland-olivewood.com\\\/sv\\\/#\\\/schema\\\/logo\\\/image\\\/\",\"url\":\"\",\"contentUrl\":\"\",\"caption\":\"Holy Land Olivewood\"},\"image\":{\"@id\":\"https:\\\/\\\/holyland-olivewood.com\\\/sv\\\/#\\\/schema\\\/logo\\\/image\\\/\"},\"sameAs\":[\"https:\\\/\\\/www.facebook.com\\\/holylandolivewood.bethlehem\\\/\",\"http:\\\/\\\/instagram.com\\\/holy.land.olive.wood\"]}]}<\/script>\n<!-- \/ Yoast SEO plugin. -->","yoast_head_json":{"title":"Mineraltv\u00e5l (100g) #D116 - Holy Land Olive Wood - Bethlehem Olive Wood Factory","description":"Minerals\u00e5pa ( D\u00f6dahavslera, D\u00f6dahavsmineralsalt) Svart Lera Soab, Gr\u00e4dde, D\u00f6dahavskroppsskrubb, Lera, Mineralsalt, fr\u00e5n Holy Land Olive Wood.","robots":{"index":"index","follow":"follow","max-snippet":"max-snippet:-1","max-image-preview":"max-image-preview:large","max-video-preview":"max-video-preview:-1"},"canonical":"https:\/\/holyland-olivewood.com\/sv\/product\/mineral-tval-100g-d116\/","og_locale":"sv_SE","og_type":"article","og_title":"Mineraltv\u00e5l (100g) #D116 - Holy Land Olive Wood - Bethlehem Olive Wood Factory","og_description":"Minerals\u00e5pa ( D\u00f6dahavslera, D\u00f6dahavsmineralsalt) Svart Lera Soab, Gr\u00e4dde, D\u00f6dahavskroppsskrubb, Lera, Mineralsalt, fr\u00e5n Holy Land Olive Wood.","og_url":"https:\/\/holyland-olivewood.com\/sv\/product\/mineral-tval-100g-d116\/","og_site_name":"Holy Land Olive Wood - Bethlehem Olive Wood Factory","article_publisher":"https:\/\/www.facebook.com\/holylandolivewood.bethlehem\/","og_image":[{"width":1550,"height":1200,"url":"https:\/\/holyland-olivewood.com\/wp-content\/uploads\/2018\/09\/dead_sea_soap_product_d116.jpg","type":"image\/jpeg"}],"twitter_card":"summary_large_image","schema":{"@context":"https:\/\/schema.org","@graph":[{"@type":"WebPage","@id":"https:\/\/holyland-olivewood.com\/sv\/product\/mineral-tval-100g-d116\/","url":"https:\/\/holyland-olivewood.com\/sv\/product\/mineral-tval-100g-d116\/","name":"Mineraltv\u00e5l (100g) #D116 - Holy Land Olive Wood - Bethlehem Olive Wood Factory","isPartOf":{"@id":"https:\/\/holyland-olivewood.com\/sv\/#website"},"primaryImageOfPage":{"@id":"https:\/\/holyland-olivewood.com\/sv\/product\/mineral-tval-100g-d116\/#primaryimage"},"image":{"@id":"https:\/\/holyland-olivewood.com\/sv\/product\/mineral-tval-100g-d116\/#primaryimage"},"thumbnailUrl":"https:\/\/holyland-olivewood.com\/wp-content\/uploads\/2018\/09\/dead_sea_soap_product_d116.jpg","datePublished":"2022-02-09T05:43:42+00:00","description":"Minerals\u00e5pa ( D\u00f6dahavslera, D\u00f6dahavsmineralsalt) Svart Lera Soab, Gr\u00e4dde, D\u00f6dahavskroppsskrubb, Lera, Mineralsalt, fr\u00e5n Holy Land Olive Wood.","breadcrumb":{"@id":"https:\/\/holyland-olivewood.com\/sv\/product\/mineral-tval-100g-d116\/#breadcrumb"},"inLanguage":"sv-SE","potentialAction":[{"@type":"ReadAction","target":["https:\/\/holyland-olivewood.com\/sv\/product\/mineral-tval-100g-d116\/"]}]},{"@type":"ImageObject","inLanguage":"sv-SE","@id":"https:\/\/holyland-olivewood.com\/sv\/product\/mineral-tval-100g-d116\/#primaryimage","url":"https:\/\/holyland-olivewood.com\/wp-content\/uploads\/2018\/09\/dead_sea_soap_product_d116.jpg","contentUrl":"https:\/\/holyland-olivewood.com\/wp-content\/uploads\/2018\/09\/dead_sea_soap_product_d116.jpg","width":1550,"height":1200},{"@type":"BreadcrumbList","@id":"https:\/\/holyland-olivewood.com\/sv\/product\/mineral-tval-100g-d116\/#breadcrumb","itemListElement":[{"@type":"ListItem","position":1,"name":"Home","item":"https:\/\/holyland-olivewood.com\/sv\/home\/"},{"@type":"ListItem","position":2,"name":"Se alla produkter","item":"https:\/\/holyland-olivewood.com\/sv\/shop\/"},{"@type":"ListItem","position":3,"name":"Mineraltv\u00e5l (100g) #D116"}]},{"@type":"WebSite","@id":"https:\/\/holyland-olivewood.com\/sv\/#website","url":"https:\/\/holyland-olivewood.com\/sv\/","name":"Holy Land Olive Wood - Bethlehem Olive Wood Factory","description":"Holy Land Olivewood Bethlehem","publisher":{"@id":"https:\/\/holyland-olivewood.com\/sv\/#organization"},"potentialAction":[{"@type":"SearchAction","target":{"@type":"EntryPoint","urlTemplate":"https:\/\/holyland-olivewood.com\/sv\/?s={search_term_string}"},"query-input":{"@type":"PropertyValueSpecification","valueRequired":true,"valueName":"search_term_string"}}],"inLanguage":"sv-SE"},{"@type":"Organization","@id":"https:\/\/holyland-olivewood.com\/sv\/#organization","name":"Holy Land Olivewood","url":"https:\/\/holyland-olivewood.com\/sv\/","logo":{"@type":"ImageObject","inLanguage":"sv-SE","@id":"https:\/\/holyland-olivewood.com\/sv\/#\/schema\/logo\/image\/","url":"","contentUrl":"","caption":"Holy Land Olivewood"},"image":{"@id":"https:\/\/holyland-olivewood.com\/sv\/#\/schema\/logo\/image\/"},"sameAs":["https:\/\/www.facebook.com\/holylandolivewood.bethlehem\/","http:\/\/instagram.com\/holy.land.olive.wood"]}]}},"_links":{"self":[{"href":"https:\/\/holyland-olivewood.com\/sv\/wp-json\/wp\/v2\/product\/41916","targetHints":{"allow":["GET"]}}],"collection":[{"href":"https:\/\/holyland-olivewood.com\/sv\/wp-json\/wp\/v2\/product"}],"about":[{"href":"https:\/\/holyland-olivewood.com\/sv\/wp-json\/wp\/v2\/types\/product"}],"replies":[{"embeddable":true,"href":"https:\/\/holyland-olivewood.com\/sv\/wp-json\/wp\/v2\/comments?post=41916"}],"version-history":[{"count":0,"href":"https:\/\/holyland-olivewood.com\/sv\/wp-json\/wp\/v2\/product\/41916\/revisions"}],"wp:featuredmedia":[{"embeddable":true,"href":"https:\/\/holyland-olivewood.com\/sv\/wp-json\/wp\/v2\/media\/51775"}],"wp:attachment":[{"href":"https:\/\/holyland-olivewood.com\/sv\/wp-json\/wp\/v2\/media?parent=41916"}],"wp:term":[{"taxonomy":"product_brand","embeddable":true,"href":"https:\/\/holyland-olivewood.com\/sv\/wp-json\/wp\/v2\/product_brand?post=41916"},{"taxonomy":"product_cat","embeddable":true,"href":"https:\/\/holyland-olivewood.com\/sv\/wp-json\/wp\/v2\/product_cat?post=41916"},{"taxonomy":"product_tag","embeddable":true,"href":"https:\/\/holyland-olivewood.com\/sv\/wp-json\/wp\/v2\/product_tag?post=41916"}],"curies":[{"name":"wp","href":"https:\/\/api.w.org\/{rel}","templated":true}]}}