{"id":40205,"date":"2021-11-05T13:09:04","date_gmt":"2022-02-06T10:52:15","guid":{"rendered":"https:\/\/holyland-olivewood.com\/product\/ortodox-olivtra-crucifix-med-element-39-cm-1525-cr158\/"},"modified":"2022-02-06T10:52:15","modified_gmt":"2022-02-06T10:52:15","slug":"ortodox-oliv-tra-krucifix-med-element-35-cm-13-75-cr158","status":"publish","type":"product","link":"https:\/\/holyland-olivewood.com\/sv\/product\/ortodox-oliv-tra-krucifix-med-element-35-cm-13-75-cr158\/","title":{"rendered":"Ortodox olivtr\u00e4 crucifix med element (39 cm \/ 15,25 &#8221;) #CR158"},"content":{"rendered":"","protected":false},"excerpt":{"rendered":"<p>Detta vackra ortodoxa krucifix \u00e4r handgjort i det heliga landet fr\u00e5n h\u00e5llbart sk\u00f6rdad, autentisk Betlehem Olivewood.<\/p>\n<p>Detta f\u00f6rem\u00e5l har en olivtr\u00e4 Jesus figurin och INRI plack, liksom kapslar som inneh\u00e5ller jord, stenar, ros r\u00f6kelse och myrra fr\u00e5n Jerusalem.<\/p>\n<p>Denna artikel inneh\u00e5ller ett \u00e4kthetsintyg som verifierar de material och tekniker som anv\u00e4nds vid tillverkningen.<\/p>\n<p>Storlek:<\/p>\n<p>V\u00e4ggh\u00e4ngare: 39 cm (15,25&#8243;)<\/p>\n<p>Stativ: 46 cm<\/p>\n","protected":false},"featured_media":39128,"comment_status":"closed","ping_status":"closed","template":"","meta":[],"product_brand":[],"product_cat":[1034,1033],"product_tag":[1167,1143,1038,1126,1170,1135,1098,1089,1107,1080,1085,4084,1081,1094,1154,1162,1130,1118,1114,1123,1052,1048,1111,1172,1138,1056,1066,1155,1148,1091,1044,1061,1069],"class_list":{"0":"post-40205","1":"product","2":"type-product","3":"status-publish","4":"has-post-thumbnail","6":"product_cat-kunsthaandvaerk-sv","7":"product_cat-kors-og-krucifikser-sv","8":"product_tag-14-sv","9":"product_tag-af-sv","10":"product_tag-betlehem-sv","11":"product_tag-boen-sv","12":"product_tag-brevpapper","13":"product_tag-foedselskirken-sv","14":"product_tag-gav","15":"product_tag-haandlavet-sv","16":"product_tag-haandvaerk-sv-2","17":"product_tag-hellig-sv","18":"product_tag-jerusalem-sv","19":"product_tag-jesus-sv-3","20":"product_tag-jord-sv","21":"product_tag-jul-sv","22":"product_tag-katolsk-sv-2","23":"product_tag-keltisk-sv","24":"product_tag-kirke-sv","25":"product_tag-kors-sv","26":"product_tag-kristen-sv","27":"product_tag-krucifiks-sv","28":"product_tag-krucifikser-sv","29":"product_tag-krydser-sv","30":"product_tag-kunsthaandvaerk-sv","31":"product_tag-lya","32":"product_tag-mor-sv","33":"product_tag-oliven-sv","34":"product_tag-oliventrae-sv-2","35":"product_tag-ortodoks-sv","36":"product_tag-perle-sv","37":"product_tag-rosenkrans-sv","38":"product_tag-rosenkranse-sv","39":"product_tag-trae-sv-2","40":"product_tag-udskaering-sv","42":"first","43":"instock","44":"shipping-taxable","45":"purchasable","46":"product-type-variable"},"yoast_head":"<!-- This site is optimized with the Yoast SEO plugin v27.4 - https:\/\/yoast.com\/product\/yoast-seo-wordpress\/ -->\n<title>Ortodox olivtr\u00e4 crucifix med element (39 cm \/ 15,25 &#039;&#039;) #CR158 - Holy Land Olive Wood - Bethlehem Olive Wood Factory<\/title>\n<meta name=\"description\" content=\"Betlehem olivtr\u00e4 hantverk (dvs. rosaries, jerusalem, kors, krucifix, p\u00e4rlor) penn\u00e4mnen, block &amp; r\u00e5a lager i standard och anpassade dimensioner\" \/>\n<meta name=\"robots\" content=\"index, follow, max-snippet:-1, max-image-preview:large, max-video-preview:-1\" \/>\n<link rel=\"canonical\" href=\"https:\/\/holyland-olivewood.com\/sv\/product\/ortodox-oliv-tra-krucifix-med-element-35-cm-13-75-cr158\/\" \/>\n<meta property=\"og:locale\" content=\"sv_SE\" \/>\n<meta property=\"og:type\" content=\"article\" \/>\n<meta property=\"og:title\" content=\"Ortodox olivtr\u00e4 crucifix med element (39 cm \/ 15,25 &#039;&#039;) #CR158 - Holy Land Olive Wood - Bethlehem Olive Wood Factory\" \/>\n<meta property=\"og:description\" content=\"Betlehem olivtr\u00e4 hantverk (dvs. rosaries, jerusalem, kors, krucifix, p\u00e4rlor) penn\u00e4mnen, block &amp; r\u00e5a lager i standard och anpassade dimensioner\" \/>\n<meta property=\"og:url\" content=\"https:\/\/holyland-olivewood.com\/sv\/product\/ortodox-oliv-tra-krucifix-med-element-35-cm-13-75-cr158\/\" \/>\n<meta property=\"og:site_name\" content=\"Holy Land Olive Wood - Bethlehem Olive Wood Factory\" \/>\n<meta property=\"article:publisher\" content=\"https:\/\/www.facebook.com\/holylandolivewood.bethlehem\/\" \/>\n<meta property=\"og:image\" content=\"https:\/\/holyland-olivewood.com\/wp-content\/uploads\/2021\/11\/crucifix_crucifixes_holy_land_olive_wood_bethlehem_cr158-4.jpg\" \/>\n\t<meta property=\"og:image:width\" content=\"1550\" \/>\n\t<meta property=\"og:image:height\" content=\"1200\" \/>\n\t<meta property=\"og:image:type\" content=\"image\/jpeg\" \/>\n<meta name=\"twitter:card\" content=\"summary_large_image\" \/>\n<script type=\"application\/ld+json\" class=\"yoast-schema-graph\">{\"@context\":\"https:\\\/\\\/schema.org\",\"@graph\":[{\"@type\":\"WebPage\",\"@id\":\"https:\\\/\\\/holyland-olivewood.com\\\/sv\\\/product\\\/ortodox-oliv-tra-krucifix-med-element-35-cm-13-75-cr158\\\/\",\"url\":\"https:\\\/\\\/holyland-olivewood.com\\\/sv\\\/product\\\/ortodox-oliv-tra-krucifix-med-element-35-cm-13-75-cr158\\\/\",\"name\":\"Ortodox olivtr\u00e4 crucifix med element (39 cm \\\/ 15,25 '') #CR158 - Holy Land Olive Wood - Bethlehem Olive Wood Factory\",\"isPartOf\":{\"@id\":\"https:\\\/\\\/holyland-olivewood.com\\\/sv\\\/#website\"},\"primaryImageOfPage\":{\"@id\":\"https:\\\/\\\/holyland-olivewood.com\\\/sv\\\/product\\\/ortodox-oliv-tra-krucifix-med-element-35-cm-13-75-cr158\\\/#primaryimage\"},\"image\":{\"@id\":\"https:\\\/\\\/holyland-olivewood.com\\\/sv\\\/product\\\/ortodox-oliv-tra-krucifix-med-element-35-cm-13-75-cr158\\\/#primaryimage\"},\"thumbnailUrl\":\"https:\\\/\\\/holyland-olivewood.com\\\/wp-content\\\/uploads\\\/2021\\\/11\\\/crucifix_crucifixes_holy_land_olive_wood_bethlehem_cr158-4.jpg\",\"datePublished\":\"2022-02-06T10:52:15+00:00\",\"description\":\"Betlehem olivtr\u00e4 hantverk (dvs. rosaries, jerusalem, kors, krucifix, p\u00e4rlor) penn\u00e4mnen, block & r\u00e5a lager i standard och anpassade dimensioner\",\"breadcrumb\":{\"@id\":\"https:\\\/\\\/holyland-olivewood.com\\\/sv\\\/product\\\/ortodox-oliv-tra-krucifix-med-element-35-cm-13-75-cr158\\\/#breadcrumb\"},\"inLanguage\":\"sv-SE\",\"potentialAction\":[{\"@type\":\"ReadAction\",\"target\":[\"https:\\\/\\\/holyland-olivewood.com\\\/sv\\\/product\\\/ortodox-oliv-tra-krucifix-med-element-35-cm-13-75-cr158\\\/\"]}]},{\"@type\":\"ImageObject\",\"inLanguage\":\"sv-SE\",\"@id\":\"https:\\\/\\\/holyland-olivewood.com\\\/sv\\\/product\\\/ortodox-oliv-tra-krucifix-med-element-35-cm-13-75-cr158\\\/#primaryimage\",\"url\":\"https:\\\/\\\/holyland-olivewood.com\\\/wp-content\\\/uploads\\\/2021\\\/11\\\/crucifix_crucifixes_holy_land_olive_wood_bethlehem_cr158-4.jpg\",\"contentUrl\":\"https:\\\/\\\/holyland-olivewood.com\\\/wp-content\\\/uploads\\\/2021\\\/11\\\/crucifix_crucifixes_holy_land_olive_wood_bethlehem_cr158-4.jpg\",\"width\":1550,\"height\":1200},{\"@type\":\"BreadcrumbList\",\"@id\":\"https:\\\/\\\/holyland-olivewood.com\\\/sv\\\/product\\\/ortodox-oliv-tra-krucifix-med-element-35-cm-13-75-cr158\\\/#breadcrumb\",\"itemListElement\":[{\"@type\":\"ListItem\",\"position\":1,\"name\":\"Home\",\"item\":\"https:\\\/\\\/holyland-olivewood.com\\\/sv\\\/home\\\/\"},{\"@type\":\"ListItem\",\"position\":2,\"name\":\"Se alla produkter\",\"item\":\"https:\\\/\\\/holyland-olivewood.com\\\/sv\\\/shop\\\/\"},{\"@type\":\"ListItem\",\"position\":3,\"name\":\"Ortodox olivtr\u00e4 crucifix med element (39 cm \\\/ 15,25 &#8221;) #CR158\"}]},{\"@type\":\"WebSite\",\"@id\":\"https:\\\/\\\/holyland-olivewood.com\\\/sv\\\/#website\",\"url\":\"https:\\\/\\\/holyland-olivewood.com\\\/sv\\\/\",\"name\":\"Holy Land Olive Wood - Bethlehem Olive Wood Factory\",\"description\":\"Holy Land Olivewood Bethlehem\",\"publisher\":{\"@id\":\"https:\\\/\\\/holyland-olivewood.com\\\/sv\\\/#organization\"},\"potentialAction\":[{\"@type\":\"SearchAction\",\"target\":{\"@type\":\"EntryPoint\",\"urlTemplate\":\"https:\\\/\\\/holyland-olivewood.com\\\/sv\\\/?s={search_term_string}\"},\"query-input\":{\"@type\":\"PropertyValueSpecification\",\"valueRequired\":true,\"valueName\":\"search_term_string\"}}],\"inLanguage\":\"sv-SE\"},{\"@type\":\"Organization\",\"@id\":\"https:\\\/\\\/holyland-olivewood.com\\\/sv\\\/#organization\",\"name\":\"Holy Land Olivewood\",\"url\":\"https:\\\/\\\/holyland-olivewood.com\\\/sv\\\/\",\"logo\":{\"@type\":\"ImageObject\",\"inLanguage\":\"sv-SE\",\"@id\":\"https:\\\/\\\/holyland-olivewood.com\\\/sv\\\/#\\\/schema\\\/logo\\\/image\\\/\",\"url\":\"\",\"contentUrl\":\"\",\"caption\":\"Holy Land Olivewood\"},\"image\":{\"@id\":\"https:\\\/\\\/holyland-olivewood.com\\\/sv\\\/#\\\/schema\\\/logo\\\/image\\\/\"},\"sameAs\":[\"https:\\\/\\\/www.facebook.com\\\/holylandolivewood.bethlehem\\\/\",\"http:\\\/\\\/instagram.com\\\/holy.land.olive.wood\"]}]}<\/script>\n<!-- \/ Yoast SEO plugin. -->","yoast_head_json":{"title":"Ortodox olivtr\u00e4 crucifix med element (39 cm \/ 15,25 '') #CR158 - Holy Land Olive Wood - Bethlehem Olive Wood Factory","description":"Betlehem olivtr\u00e4 hantverk (dvs. rosaries, jerusalem, kors, krucifix, p\u00e4rlor) penn\u00e4mnen, block & r\u00e5a lager i standard och anpassade dimensioner","robots":{"index":"index","follow":"follow","max-snippet":"max-snippet:-1","max-image-preview":"max-image-preview:large","max-video-preview":"max-video-preview:-1"},"canonical":"https:\/\/holyland-olivewood.com\/sv\/product\/ortodox-oliv-tra-krucifix-med-element-35-cm-13-75-cr158\/","og_locale":"sv_SE","og_type":"article","og_title":"Ortodox olivtr\u00e4 crucifix med element (39 cm \/ 15,25 '') #CR158 - Holy Land Olive Wood - Bethlehem Olive Wood Factory","og_description":"Betlehem olivtr\u00e4 hantverk (dvs. rosaries, jerusalem, kors, krucifix, p\u00e4rlor) penn\u00e4mnen, block & r\u00e5a lager i standard och anpassade dimensioner","og_url":"https:\/\/holyland-olivewood.com\/sv\/product\/ortodox-oliv-tra-krucifix-med-element-35-cm-13-75-cr158\/","og_site_name":"Holy Land Olive Wood - Bethlehem Olive Wood Factory","article_publisher":"https:\/\/www.facebook.com\/holylandolivewood.bethlehem\/","og_image":[{"width":1550,"height":1200,"url":"https:\/\/holyland-olivewood.com\/wp-content\/uploads\/2021\/11\/crucifix_crucifixes_holy_land_olive_wood_bethlehem_cr158-4.jpg","type":"image\/jpeg"}],"twitter_card":"summary_large_image","schema":{"@context":"https:\/\/schema.org","@graph":[{"@type":"WebPage","@id":"https:\/\/holyland-olivewood.com\/sv\/product\/ortodox-oliv-tra-krucifix-med-element-35-cm-13-75-cr158\/","url":"https:\/\/holyland-olivewood.com\/sv\/product\/ortodox-oliv-tra-krucifix-med-element-35-cm-13-75-cr158\/","name":"Ortodox olivtr\u00e4 crucifix med element (39 cm \/ 15,25 '') #CR158 - Holy Land Olive Wood - Bethlehem Olive Wood Factory","isPartOf":{"@id":"https:\/\/holyland-olivewood.com\/sv\/#website"},"primaryImageOfPage":{"@id":"https:\/\/holyland-olivewood.com\/sv\/product\/ortodox-oliv-tra-krucifix-med-element-35-cm-13-75-cr158\/#primaryimage"},"image":{"@id":"https:\/\/holyland-olivewood.com\/sv\/product\/ortodox-oliv-tra-krucifix-med-element-35-cm-13-75-cr158\/#primaryimage"},"thumbnailUrl":"https:\/\/holyland-olivewood.com\/wp-content\/uploads\/2021\/11\/crucifix_crucifixes_holy_land_olive_wood_bethlehem_cr158-4.jpg","datePublished":"2022-02-06T10:52:15+00:00","description":"Betlehem olivtr\u00e4 hantverk (dvs. rosaries, jerusalem, kors, krucifix, p\u00e4rlor) penn\u00e4mnen, block & r\u00e5a lager i standard och anpassade dimensioner","breadcrumb":{"@id":"https:\/\/holyland-olivewood.com\/sv\/product\/ortodox-oliv-tra-krucifix-med-element-35-cm-13-75-cr158\/#breadcrumb"},"inLanguage":"sv-SE","potentialAction":[{"@type":"ReadAction","target":["https:\/\/holyland-olivewood.com\/sv\/product\/ortodox-oliv-tra-krucifix-med-element-35-cm-13-75-cr158\/"]}]},{"@type":"ImageObject","inLanguage":"sv-SE","@id":"https:\/\/holyland-olivewood.com\/sv\/product\/ortodox-oliv-tra-krucifix-med-element-35-cm-13-75-cr158\/#primaryimage","url":"https:\/\/holyland-olivewood.com\/wp-content\/uploads\/2021\/11\/crucifix_crucifixes_holy_land_olive_wood_bethlehem_cr158-4.jpg","contentUrl":"https:\/\/holyland-olivewood.com\/wp-content\/uploads\/2021\/11\/crucifix_crucifixes_holy_land_olive_wood_bethlehem_cr158-4.jpg","width":1550,"height":1200},{"@type":"BreadcrumbList","@id":"https:\/\/holyland-olivewood.com\/sv\/product\/ortodox-oliv-tra-krucifix-med-element-35-cm-13-75-cr158\/#breadcrumb","itemListElement":[{"@type":"ListItem","position":1,"name":"Home","item":"https:\/\/holyland-olivewood.com\/sv\/home\/"},{"@type":"ListItem","position":2,"name":"Se alla produkter","item":"https:\/\/holyland-olivewood.com\/sv\/shop\/"},{"@type":"ListItem","position":3,"name":"Ortodox olivtr\u00e4 crucifix med element (39 cm \/ 15,25 &#8221;) #CR158"}]},{"@type":"WebSite","@id":"https:\/\/holyland-olivewood.com\/sv\/#website","url":"https:\/\/holyland-olivewood.com\/sv\/","name":"Holy Land Olive Wood - Bethlehem Olive Wood Factory","description":"Holy Land Olivewood Bethlehem","publisher":{"@id":"https:\/\/holyland-olivewood.com\/sv\/#organization"},"potentialAction":[{"@type":"SearchAction","target":{"@type":"EntryPoint","urlTemplate":"https:\/\/holyland-olivewood.com\/sv\/?s={search_term_string}"},"query-input":{"@type":"PropertyValueSpecification","valueRequired":true,"valueName":"search_term_string"}}],"inLanguage":"sv-SE"},{"@type":"Organization","@id":"https:\/\/holyland-olivewood.com\/sv\/#organization","name":"Holy Land Olivewood","url":"https:\/\/holyland-olivewood.com\/sv\/","logo":{"@type":"ImageObject","inLanguage":"sv-SE","@id":"https:\/\/holyland-olivewood.com\/sv\/#\/schema\/logo\/image\/","url":"","contentUrl":"","caption":"Holy Land Olivewood"},"image":{"@id":"https:\/\/holyland-olivewood.com\/sv\/#\/schema\/logo\/image\/"},"sameAs":["https:\/\/www.facebook.com\/holylandolivewood.bethlehem\/","http:\/\/instagram.com\/holy.land.olive.wood"]}]}},"_links":{"self":[{"href":"https:\/\/holyland-olivewood.com\/sv\/wp-json\/wp\/v2\/product\/40205","targetHints":{"allow":["GET"]}}],"collection":[{"href":"https:\/\/holyland-olivewood.com\/sv\/wp-json\/wp\/v2\/product"}],"about":[{"href":"https:\/\/holyland-olivewood.com\/sv\/wp-json\/wp\/v2\/types\/product"}],"replies":[{"embeddable":true,"href":"https:\/\/holyland-olivewood.com\/sv\/wp-json\/wp\/v2\/comments?post=40205"}],"version-history":[{"count":0,"href":"https:\/\/holyland-olivewood.com\/sv\/wp-json\/wp\/v2\/product\/40205\/revisions"}],"wp:featuredmedia":[{"embeddable":true,"href":"https:\/\/holyland-olivewood.com\/sv\/wp-json\/wp\/v2\/media\/39128"}],"wp:attachment":[{"href":"https:\/\/holyland-olivewood.com\/sv\/wp-json\/wp\/v2\/media?parent=40205"}],"wp:term":[{"taxonomy":"product_brand","embeddable":true,"href":"https:\/\/holyland-olivewood.com\/sv\/wp-json\/wp\/v2\/product_brand?post=40205"},{"taxonomy":"product_cat","embeddable":true,"href":"https:\/\/holyland-olivewood.com\/sv\/wp-json\/wp\/v2\/product_cat?post=40205"},{"taxonomy":"product_tag","embeddable":true,"href":"https:\/\/holyland-olivewood.com\/sv\/wp-json\/wp\/v2\/product_tag?post=40205"}],"curies":[{"name":"wp","href":"https:\/\/api.w.org\/{rel}","templated":true}]}}