{"id":60816,"date":"2023-11-14T20:46:39","date_gmt":"2023-11-14T20:46:39","guid":{"rendered":"https:\/\/holyland-olivewood.com\/product\/jomfru-maria-figur-i-oliventre-fi134\/"},"modified":"2026-02-26T13:05:38","modified_gmt":"2026-02-26T13:05:38","slug":"jomfru-maria-figur-i-oliventre-fi134","status":"publish","type":"product","link":"https:\/\/holyland-olivewood.com\/no\/produkt\/jomfru-maria-figur-i-oliventre-fi134\/","title":{"rendered":"Jomfru Maria-figur i oliventre #FI134"},"content":{"rendered":"","protected":false},"excerpt":{"rendered":"<p>Denne abstrakte figuren i oliventre er formet som en silhuett av Jomfru Maria. Men utover det estetiske utseendet er den laget for \u00e5 brukes til b\u00f8nn. Den er utformet slik at den passer komfortabelt i en lukket h\u00e5nd, med en fordypning under hodet som man kan stryke over med tommelen, akkurat som man stryker over perlene i en rosenkrans.  <\/p>\n<p>Dette vakre smykket er h\u00e5ndsk\u00e5ret i Det hellige land av b\u00e6rekraftig h\u00f8stet, autentisk oliventre fra Betlehem, hentet i beskj\u00e6ringssesongen.<\/p>\n<p>Denne funksjonelle statuen av Jomfru Maria er h\u00e5ndlaget av oliventre fra et tre som har vokst i Det hellige land i hundrevis av \u00e5r.<\/p>\n<p>Denne varen inkluderer et ekthetssertifikat som bekrefter materialene og teknikkene som er brukt til \u00e5 lage dette produktet.<\/p>\n<p>St\u00f8rrelse: 3,5 cm x 3,5 cm x 10,5 cm (1,35&#8243; x 1,35&#8243; x 4&#8243;)<\/p>\n","protected":false},"featured_media":60822,"comment_status":"closed","ping_status":"closed","template":"","meta":[],"product_brand":[],"product_cat":[1612,1610,1730,1046,2440],"product_tag":[],"class_list":{"0":"post-60816","1":"product","2":"type-product","3":"status-publish","4":"has-post-thumbnail","6":"product_cat-andre-gjenstander","7":"product_cat-diverse-no","8":"product_cat-figurer-no","9":"product_cat-kunsthaandvaerk-no","10":"product_cat-rosenkranser","12":"first","13":"instock","14":"shipping-taxable","15":"purchasable","16":"product-type-simple"},"yoast_head":"<!-- This site is optimized with the Yoast SEO plugin v27.3 - https:\/\/yoast.com\/product\/yoast-seo-wordpress\/ -->\n<title>Jomfru Maria-figur i oliventre #FI134 - Holy Land Olive Wood - Bethlehem Olive Wood Factory<\/title>\n<meta name=\"description\" content=\"Treskj\u00e6ring av Jomfru Maria Oliven tre B\u00f8nn Figurine kunsth\u00e5ndverk (dvs. figurer, krybbesett, statuer, rosenkrans, rosenkranser)\" \/>\n<meta name=\"robots\" content=\"index, follow, max-snippet:-1, max-image-preview:large, max-video-preview:-1\" \/>\n<link rel=\"canonical\" href=\"https:\/\/holyland-olivewood.com\/no\/produkt\/jomfru-maria-figur-i-oliventre-fi134\/\" \/>\n<meta property=\"og:locale\" content=\"nb_NO\" \/>\n<meta property=\"og:type\" content=\"article\" \/>\n<meta property=\"og:title\" content=\"Jomfru Maria-figur i oliventre #FI134 - Holy Land Olive Wood - Bethlehem Olive Wood Factory\" \/>\n<meta property=\"og:description\" content=\"Treskj\u00e6ring av Jomfru Maria Oliven tre B\u00f8nn Figurine kunsth\u00e5ndverk (dvs. figurer, krybbesett, statuer, rosenkrans, rosenkranser)\" \/>\n<meta property=\"og:url\" content=\"https:\/\/holyland-olivewood.com\/no\/produkt\/jomfru-maria-figur-i-oliventre-fi134\/\" \/>\n<meta property=\"og:site_name\" content=\"Holy Land Olive Wood - Bethlehem Olive Wood Factory\" \/>\n<meta property=\"article:publisher\" content=\"https:\/\/www.facebook.com\/holylandolivewood.bethlehem\/\" \/>\n<meta property=\"article:modified_time\" content=\"2026-02-26T13:05:38+00:00\" \/>\n<meta property=\"og:image\" content=\"https:\/\/holyland-olivewood.com\/wp-content\/uploads\/2023\/11\/virgin_mary_olive_wood_prayer_figurine_fI134_1.jpg\" \/>\n\t<meta property=\"og:image:width\" content=\"1550\" \/>\n\t<meta property=\"og:image:height\" content=\"1200\" \/>\n\t<meta property=\"og:image:type\" content=\"image\/jpeg\" \/>\n<meta name=\"twitter:card\" content=\"summary_large_image\" \/>\n<script type=\"application\/ld+json\" class=\"yoast-schema-graph\">{\"@context\":\"https:\\\/\\\/schema.org\",\"@graph\":[{\"@type\":\"WebPage\",\"@id\":\"https:\\\/\\\/holyland-olivewood.com\\\/no\\\/produkt\\\/jomfru-maria-figur-i-oliventre-fi134\\\/\",\"url\":\"https:\\\/\\\/holyland-olivewood.com\\\/no\\\/produkt\\\/jomfru-maria-figur-i-oliventre-fi134\\\/\",\"name\":\"Jomfru Maria-figur i oliventre #FI134 - Holy Land Olive Wood - Bethlehem Olive Wood Factory\",\"isPartOf\":{\"@id\":\"https:\\\/\\\/holyland-olivewood.com\\\/no\\\/#website\"},\"primaryImageOfPage\":{\"@id\":\"https:\\\/\\\/holyland-olivewood.com\\\/no\\\/produkt\\\/jomfru-maria-figur-i-oliventre-fi134\\\/#primaryimage\"},\"image\":{\"@id\":\"https:\\\/\\\/holyland-olivewood.com\\\/no\\\/produkt\\\/jomfru-maria-figur-i-oliventre-fi134\\\/#primaryimage\"},\"thumbnailUrl\":\"https:\\\/\\\/holyland-olivewood.com\\\/wp-content\\\/uploads\\\/2023\\\/11\\\/virgin_mary_olive_wood_prayer_figurine_fI134_1.jpg\",\"datePublished\":\"2023-11-14T20:46:39+00:00\",\"dateModified\":\"2026-02-26T13:05:38+00:00\",\"description\":\"Treskj\u00e6ring av Jomfru Maria Oliven tre B\u00f8nn Figurine kunsth\u00e5ndverk (dvs. figurer, krybbesett, statuer, rosenkrans, rosenkranser)\",\"breadcrumb\":{\"@id\":\"https:\\\/\\\/holyland-olivewood.com\\\/no\\\/produkt\\\/jomfru-maria-figur-i-oliventre-fi134\\\/#breadcrumb\"},\"inLanguage\":\"nb-NO\",\"potentialAction\":[{\"@type\":\"ReadAction\",\"target\":[\"https:\\\/\\\/holyland-olivewood.com\\\/no\\\/produkt\\\/jomfru-maria-figur-i-oliventre-fi134\\\/\"]}]},{\"@type\":\"ImageObject\",\"inLanguage\":\"nb-NO\",\"@id\":\"https:\\\/\\\/holyland-olivewood.com\\\/no\\\/produkt\\\/jomfru-maria-figur-i-oliventre-fi134\\\/#primaryimage\",\"url\":\"https:\\\/\\\/holyland-olivewood.com\\\/wp-content\\\/uploads\\\/2023\\\/11\\\/virgin_mary_olive_wood_prayer_figurine_fI134_1.jpg\",\"contentUrl\":\"https:\\\/\\\/holyland-olivewood.com\\\/wp-content\\\/uploads\\\/2023\\\/11\\\/virgin_mary_olive_wood_prayer_figurine_fI134_1.jpg\",\"width\":1550,\"height\":1200},{\"@type\":\"BreadcrumbList\",\"@id\":\"https:\\\/\\\/holyland-olivewood.com\\\/no\\\/produkt\\\/jomfru-maria-figur-i-oliventre-fi134\\\/#breadcrumb\",\"itemListElement\":[{\"@type\":\"ListItem\",\"position\":1,\"name\":\"Home\",\"item\":\"https:\\\/\\\/holyland-olivewood.com\\\/no\\\/home\\\/\"},{\"@type\":\"ListItem\",\"position\":2,\"name\":\"Se alle produkter\",\"item\":\"https:\\\/\\\/holyland-olivewood.com\\\/no\\\/shop\\\/\"},{\"@type\":\"ListItem\",\"position\":3,\"name\":\"Jomfru Maria-figur i oliventre #FI134\"}]},{\"@type\":\"WebSite\",\"@id\":\"https:\\\/\\\/holyland-olivewood.com\\\/no\\\/#website\",\"url\":\"https:\\\/\\\/holyland-olivewood.com\\\/no\\\/\",\"name\":\"Holy Land Olive Wood - Bethlehem Olive Wood Factory\",\"description\":\"Holy Land Olivewood Bethlehem\",\"publisher\":{\"@id\":\"https:\\\/\\\/holyland-olivewood.com\\\/no\\\/#organization\"},\"potentialAction\":[{\"@type\":\"SearchAction\",\"target\":{\"@type\":\"EntryPoint\",\"urlTemplate\":\"https:\\\/\\\/holyland-olivewood.com\\\/no\\\/?s={search_term_string}\"},\"query-input\":{\"@type\":\"PropertyValueSpecification\",\"valueRequired\":true,\"valueName\":\"search_term_string\"}}],\"inLanguage\":\"nb-NO\"},{\"@type\":\"Organization\",\"@id\":\"https:\\\/\\\/holyland-olivewood.com\\\/no\\\/#organization\",\"name\":\"Holy Land Olivewood\",\"url\":\"https:\\\/\\\/holyland-olivewood.com\\\/no\\\/\",\"logo\":{\"@type\":\"ImageObject\",\"inLanguage\":\"nb-NO\",\"@id\":\"https:\\\/\\\/holyland-olivewood.com\\\/no\\\/#\\\/schema\\\/logo\\\/image\\\/\",\"url\":\"\",\"contentUrl\":\"\",\"caption\":\"Holy Land Olivewood\"},\"image\":{\"@id\":\"https:\\\/\\\/holyland-olivewood.com\\\/no\\\/#\\\/schema\\\/logo\\\/image\\\/\"},\"sameAs\":[\"https:\\\/\\\/www.facebook.com\\\/holylandolivewood.bethlehem\\\/\",\"http:\\\/\\\/instagram.com\\\/holy.land.olive.wood\"]}]}<\/script>\n<!-- \/ Yoast SEO plugin. -->","yoast_head_json":{"title":"Jomfru Maria-figur i oliventre #FI134 - Holy Land Olive Wood - Bethlehem Olive Wood Factory","description":"Treskj\u00e6ring av Jomfru Maria Oliven tre B\u00f8nn Figurine kunsth\u00e5ndverk (dvs. figurer, krybbesett, statuer, rosenkrans, rosenkranser)","robots":{"index":"index","follow":"follow","max-snippet":"max-snippet:-1","max-image-preview":"max-image-preview:large","max-video-preview":"max-video-preview:-1"},"canonical":"https:\/\/holyland-olivewood.com\/no\/produkt\/jomfru-maria-figur-i-oliventre-fi134\/","og_locale":"nb_NO","og_type":"article","og_title":"Jomfru Maria-figur i oliventre #FI134 - Holy Land Olive Wood - Bethlehem Olive Wood Factory","og_description":"Treskj\u00e6ring av Jomfru Maria Oliven tre B\u00f8nn Figurine kunsth\u00e5ndverk (dvs. figurer, krybbesett, statuer, rosenkrans, rosenkranser)","og_url":"https:\/\/holyland-olivewood.com\/no\/produkt\/jomfru-maria-figur-i-oliventre-fi134\/","og_site_name":"Holy Land Olive Wood - Bethlehem Olive Wood Factory","article_publisher":"https:\/\/www.facebook.com\/holylandolivewood.bethlehem\/","article_modified_time":"2026-02-26T13:05:38+00:00","og_image":[{"width":1550,"height":1200,"url":"https:\/\/holyland-olivewood.com\/wp-content\/uploads\/2023\/11\/virgin_mary_olive_wood_prayer_figurine_fI134_1.jpg","type":"image\/jpeg"}],"twitter_card":"summary_large_image","schema":{"@context":"https:\/\/schema.org","@graph":[{"@type":"WebPage","@id":"https:\/\/holyland-olivewood.com\/no\/produkt\/jomfru-maria-figur-i-oliventre-fi134\/","url":"https:\/\/holyland-olivewood.com\/no\/produkt\/jomfru-maria-figur-i-oliventre-fi134\/","name":"Jomfru Maria-figur i oliventre #FI134 - Holy Land Olive Wood - Bethlehem Olive Wood Factory","isPartOf":{"@id":"https:\/\/holyland-olivewood.com\/no\/#website"},"primaryImageOfPage":{"@id":"https:\/\/holyland-olivewood.com\/no\/produkt\/jomfru-maria-figur-i-oliventre-fi134\/#primaryimage"},"image":{"@id":"https:\/\/holyland-olivewood.com\/no\/produkt\/jomfru-maria-figur-i-oliventre-fi134\/#primaryimage"},"thumbnailUrl":"https:\/\/holyland-olivewood.com\/wp-content\/uploads\/2023\/11\/virgin_mary_olive_wood_prayer_figurine_fI134_1.jpg","datePublished":"2023-11-14T20:46:39+00:00","dateModified":"2026-02-26T13:05:38+00:00","description":"Treskj\u00e6ring av Jomfru Maria Oliven tre B\u00f8nn Figurine kunsth\u00e5ndverk (dvs. figurer, krybbesett, statuer, rosenkrans, rosenkranser)","breadcrumb":{"@id":"https:\/\/holyland-olivewood.com\/no\/produkt\/jomfru-maria-figur-i-oliventre-fi134\/#breadcrumb"},"inLanguage":"nb-NO","potentialAction":[{"@type":"ReadAction","target":["https:\/\/holyland-olivewood.com\/no\/produkt\/jomfru-maria-figur-i-oliventre-fi134\/"]}]},{"@type":"ImageObject","inLanguage":"nb-NO","@id":"https:\/\/holyland-olivewood.com\/no\/produkt\/jomfru-maria-figur-i-oliventre-fi134\/#primaryimage","url":"https:\/\/holyland-olivewood.com\/wp-content\/uploads\/2023\/11\/virgin_mary_olive_wood_prayer_figurine_fI134_1.jpg","contentUrl":"https:\/\/holyland-olivewood.com\/wp-content\/uploads\/2023\/11\/virgin_mary_olive_wood_prayer_figurine_fI134_1.jpg","width":1550,"height":1200},{"@type":"BreadcrumbList","@id":"https:\/\/holyland-olivewood.com\/no\/produkt\/jomfru-maria-figur-i-oliventre-fi134\/#breadcrumb","itemListElement":[{"@type":"ListItem","position":1,"name":"Home","item":"https:\/\/holyland-olivewood.com\/no\/home\/"},{"@type":"ListItem","position":2,"name":"Se alle produkter","item":"https:\/\/holyland-olivewood.com\/no\/shop\/"},{"@type":"ListItem","position":3,"name":"Jomfru Maria-figur i oliventre #FI134"}]},{"@type":"WebSite","@id":"https:\/\/holyland-olivewood.com\/no\/#website","url":"https:\/\/holyland-olivewood.com\/no\/","name":"Holy Land Olive Wood - Bethlehem Olive Wood Factory","description":"Holy Land Olivewood Bethlehem","publisher":{"@id":"https:\/\/holyland-olivewood.com\/no\/#organization"},"potentialAction":[{"@type":"SearchAction","target":{"@type":"EntryPoint","urlTemplate":"https:\/\/holyland-olivewood.com\/no\/?s={search_term_string}"},"query-input":{"@type":"PropertyValueSpecification","valueRequired":true,"valueName":"search_term_string"}}],"inLanguage":"nb-NO"},{"@type":"Organization","@id":"https:\/\/holyland-olivewood.com\/no\/#organization","name":"Holy Land Olivewood","url":"https:\/\/holyland-olivewood.com\/no\/","logo":{"@type":"ImageObject","inLanguage":"nb-NO","@id":"https:\/\/holyland-olivewood.com\/no\/#\/schema\/logo\/image\/","url":"","contentUrl":"","caption":"Holy Land Olivewood"},"image":{"@id":"https:\/\/holyland-olivewood.com\/no\/#\/schema\/logo\/image\/"},"sameAs":["https:\/\/www.facebook.com\/holylandolivewood.bethlehem\/","http:\/\/instagram.com\/holy.land.olive.wood"]}]}},"_links":{"self":[{"href":"https:\/\/holyland-olivewood.com\/no\/wp-json\/wp\/v2\/product\/60816","targetHints":{"allow":["GET"]}}],"collection":[{"href":"https:\/\/holyland-olivewood.com\/no\/wp-json\/wp\/v2\/product"}],"about":[{"href":"https:\/\/holyland-olivewood.com\/no\/wp-json\/wp\/v2\/types\/product"}],"replies":[{"embeddable":true,"href":"https:\/\/holyland-olivewood.com\/no\/wp-json\/wp\/v2\/comments?post=60816"}],"version-history":[{"count":1,"href":"https:\/\/holyland-olivewood.com\/no\/wp-json\/wp\/v2\/product\/60816\/revisions"}],"predecessor-version":[{"id":64578,"href":"https:\/\/holyland-olivewood.com\/no\/wp-json\/wp\/v2\/product\/60816\/revisions\/64578"}],"wp:featuredmedia":[{"embeddable":true,"href":"https:\/\/holyland-olivewood.com\/no\/wp-json\/wp\/v2\/media\/60822"}],"wp:attachment":[{"href":"https:\/\/holyland-olivewood.com\/no\/wp-json\/wp\/v2\/media?parent=60816"}],"wp:term":[{"taxonomy":"product_brand","embeddable":true,"href":"https:\/\/holyland-olivewood.com\/no\/wp-json\/wp\/v2\/product_brand?post=60816"},{"taxonomy":"product_cat","embeddable":true,"href":"https:\/\/holyland-olivewood.com\/no\/wp-json\/wp\/v2\/product_cat?post=60816"},{"taxonomy":"product_tag","embeddable":true,"href":"https:\/\/holyland-olivewood.com\/no\/wp-json\/wp\/v2\/product_tag?post=60816"}],"curies":[{"name":"wp","href":"https:\/\/api.w.org\/{rel}","templated":true}]}}