{"id":46985,"date":"2016-05-30T17:40:39","date_gmt":"2016-05-30T17:40:39","guid":{"rendered":"https:\/\/holyland-olivewood.com\/product\/olivenvedstokk-25-x-25-x-4-l107\/"},"modified":"2025-08-22T11:38:51","modified_gmt":"2025-08-22T11:38:51","slug":"oliven-tre-stokk-2-5-x-2-5-x-4","status":"publish","type":"product","link":"https:\/\/holyland-olivewood.com\/no\/produkt\/oliven-tre-stokk-2-5-x-2-5-x-4\/","title":{"rendered":"Stokk av oliventre (2,5&#8243; x 2,5&#8243; x 4&#8243;) #L107"},"content":{"rendered":"","protected":false},"excerpt":{"rendered":"<p>Disse r\u00e5 Betlehem-olivestokkene er b\u00e6rekraftig hentet fra olivenlunder i de omkringliggende \u00e5sene i Betlehem i l\u00f8pet av den \u00e5rlige beskj\u00e6ringssesongen, og lagres for \u00e5 t\u00f8rke i minst ett \u00e5r f\u00f8r de sendes, noe som gj\u00f8r dem klare for trebearbeiding.<\/p>\n<p>Denne varen inkluderer et ekthetssertifikat som bekrefter materialene og teknikkene som brukes til \u00e5 lage dette produktet.<\/p>\n<p>St\u00f8rrelse: 6,5 cm x 6,5 cm x 10,5 cm (2,5\u2033 x 2,5\u2033 x 4\u2033).<\/p>\n","protected":false},"featured_media":27592,"comment_status":"closed","ping_status":"closed","template":"","meta":[],"product_brand":[],"product_cat":[1452,3883],"product_tag":[1485,1465,1457,1471,1459,1478,1109,1482,1484,1487,1480,1473,1068,1454,1467,1469,1461,1463,1475,1071],"class_list":{"0":"post-46985","1":"product","2":"type-product","3":"status-publish","4":"has-post-thumbnail","6":"product_cat-oliventre","7":"product_cat-tommerstokker","8":"product_tag-bethlehem-jerusalem-no","9":"product_tag-blank-no","10":"product_tag-blanks-no","11":"product_tag-block-no","12":"product_tag-bolle","13":"product_tag-gjor-det-selv","14":"product_tag-haandlavet-no","15":"product_tag-handverk","16":"product_tag-handverk-no","17":"product_tag-hellig-land","18":"product_tag-hjemmelaget","19":"product_tag-logg-no","20":"product_tag-oliven-no","21":"product_tag-penn","22":"product_tag-plate","23":"product_tag-plater","24":"product_tag-sett-no","25":"product_tag-sett-no-2","26":"product_tag-tommerstokker","27":"product_tag-trae-no","29":"first","30":"instock","31":"shipping-taxable","32":"purchasable","33":"product-type-simple"},"yoast_head":"<!-- This site is optimized with the Yoast SEO plugin v27.4 - https:\/\/yoast.com\/product\/yoast-seo-wordpress\/ -->\n<title>Stokk av oliventre (2,5&quot; x 2,5&quot; x 4&quot;) #L107 - Holy Land Olive Wood - Bethlehem Olive Wood Factory<\/title>\n<meta name=\"description\" content=\"Betlehem oliventreh\u00e5ndverk (dvs. t\u00f8mmerstokker, kj\u00f8kkenutstyr, julekrybbe, sett, perler) penn-emner utskj\u00e6ringer, plater, blokker og r\u00e5 lager i standard og tilpassede dimensjoner.\" \/>\n<meta name=\"robots\" content=\"index, follow, max-snippet:-1, max-image-preview:large, max-video-preview:-1\" \/>\n<link rel=\"canonical\" href=\"https:\/\/holyland-olivewood.com\/no\/produkt\/oliven-tre-stokk-2-5-x-2-5-x-4\/\" \/>\n<meta property=\"og:locale\" content=\"nb_NO\" \/>\n<meta property=\"og:type\" content=\"article\" \/>\n<meta property=\"og:title\" content=\"Stokk av oliventre (2,5&quot; x 2,5&quot; x 4&quot;) #L107 - Holy Land Olive Wood - Bethlehem Olive Wood Factory\" \/>\n<meta property=\"og:description\" content=\"Betlehem oliventreh\u00e5ndverk (dvs. t\u00f8mmerstokker, kj\u00f8kkenutstyr, julekrybbe, sett, perler) penn-emner utskj\u00e6ringer, plater, blokker og r\u00e5 lager i standard og tilpassede dimensjoner.\" \/>\n<meta property=\"og:url\" content=\"https:\/\/holyland-olivewood.com\/no\/produkt\/oliven-tre-stokk-2-5-x-2-5-x-4\/\" \/>\n<meta property=\"og:site_name\" content=\"Holy Land Olive Wood - Bethlehem Olive Wood Factory\" \/>\n<meta property=\"article:publisher\" content=\"https:\/\/www.facebook.com\/holylandolivewood.bethlehem\/\" \/>\n<meta property=\"article:modified_time\" content=\"2025-08-22T11:38:51+00:00\" \/>\n<meta property=\"og:image\" content=\"https:\/\/holyland-olivewood.com\/wp-content\/uploads\/2016\/05\/logs_holy_land_olive_wood_bethlehem.jpg\" \/>\n\t<meta property=\"og:image:width\" content=\"1550\" \/>\n\t<meta property=\"og:image:height\" content=\"1200\" \/>\n\t<meta property=\"og:image:type\" content=\"image\/jpeg\" \/>\n<meta name=\"twitter:card\" content=\"summary_large_image\" \/>\n<script type=\"application\/ld+json\" class=\"yoast-schema-graph\">{\"@context\":\"https:\\\/\\\/schema.org\",\"@graph\":[{\"@type\":\"WebPage\",\"@id\":\"https:\\\/\\\/holyland-olivewood.com\\\/no\\\/produkt\\\/oliven-tre-stokk-2-5-x-2-5-x-4\\\/\",\"url\":\"https:\\\/\\\/holyland-olivewood.com\\\/no\\\/produkt\\\/oliven-tre-stokk-2-5-x-2-5-x-4\\\/\",\"name\":\"Stokk av oliventre (2,5\\\" x 2,5\\\" x 4\\\") #L107 - Holy Land Olive Wood - Bethlehem Olive Wood Factory\",\"isPartOf\":{\"@id\":\"https:\\\/\\\/holyland-olivewood.com\\\/no\\\/#website\"},\"primaryImageOfPage\":{\"@id\":\"https:\\\/\\\/holyland-olivewood.com\\\/no\\\/produkt\\\/oliven-tre-stokk-2-5-x-2-5-x-4\\\/#primaryimage\"},\"image\":{\"@id\":\"https:\\\/\\\/holyland-olivewood.com\\\/no\\\/produkt\\\/oliven-tre-stokk-2-5-x-2-5-x-4\\\/#primaryimage\"},\"thumbnailUrl\":\"https:\\\/\\\/holyland-olivewood.com\\\/wp-content\\\/uploads\\\/2016\\\/05\\\/logs_holy_land_olive_wood_bethlehem.jpg\",\"datePublished\":\"2016-05-30T17:40:39+00:00\",\"dateModified\":\"2025-08-22T11:38:51+00:00\",\"description\":\"Betlehem oliventreh\u00e5ndverk (dvs. t\u00f8mmerstokker, kj\u00f8kkenutstyr, julekrybbe, sett, perler) penn-emner utskj\u00e6ringer, plater, blokker og r\u00e5 lager i standard og tilpassede dimensjoner.\",\"breadcrumb\":{\"@id\":\"https:\\\/\\\/holyland-olivewood.com\\\/no\\\/produkt\\\/oliven-tre-stokk-2-5-x-2-5-x-4\\\/#breadcrumb\"},\"inLanguage\":\"nb-NO\",\"potentialAction\":[{\"@type\":\"ReadAction\",\"target\":[\"https:\\\/\\\/holyland-olivewood.com\\\/no\\\/produkt\\\/oliven-tre-stokk-2-5-x-2-5-x-4\\\/\"]}]},{\"@type\":\"ImageObject\",\"inLanguage\":\"nb-NO\",\"@id\":\"https:\\\/\\\/holyland-olivewood.com\\\/no\\\/produkt\\\/oliven-tre-stokk-2-5-x-2-5-x-4\\\/#primaryimage\",\"url\":\"https:\\\/\\\/holyland-olivewood.com\\\/wp-content\\\/uploads\\\/2016\\\/05\\\/logs_holy_land_olive_wood_bethlehem.jpg\",\"contentUrl\":\"https:\\\/\\\/holyland-olivewood.com\\\/wp-content\\\/uploads\\\/2016\\\/05\\\/logs_holy_land_olive_wood_bethlehem.jpg\",\"width\":1550,\"height\":1200},{\"@type\":\"BreadcrumbList\",\"@id\":\"https:\\\/\\\/holyland-olivewood.com\\\/no\\\/produkt\\\/oliven-tre-stokk-2-5-x-2-5-x-4\\\/#breadcrumb\",\"itemListElement\":[{\"@type\":\"ListItem\",\"position\":1,\"name\":\"Home\",\"item\":\"https:\\\/\\\/holyland-olivewood.com\\\/no\\\/home\\\/\"},{\"@type\":\"ListItem\",\"position\":2,\"name\":\"Se alle produkter\",\"item\":\"https:\\\/\\\/holyland-olivewood.com\\\/no\\\/shop\\\/\"},{\"@type\":\"ListItem\",\"position\":3,\"name\":\"Stokk av oliventre (2,5&#8243; x 2,5&#8243; x 4&#8243;) #L107\"}]},{\"@type\":\"WebSite\",\"@id\":\"https:\\\/\\\/holyland-olivewood.com\\\/no\\\/#website\",\"url\":\"https:\\\/\\\/holyland-olivewood.com\\\/no\\\/\",\"name\":\"Holy Land Olive Wood - Bethlehem Olive Wood Factory\",\"description\":\"Holy Land Olivewood Bethlehem\",\"publisher\":{\"@id\":\"https:\\\/\\\/holyland-olivewood.com\\\/no\\\/#organization\"},\"potentialAction\":[{\"@type\":\"SearchAction\",\"target\":{\"@type\":\"EntryPoint\",\"urlTemplate\":\"https:\\\/\\\/holyland-olivewood.com\\\/no\\\/?s={search_term_string}\"},\"query-input\":{\"@type\":\"PropertyValueSpecification\",\"valueRequired\":true,\"valueName\":\"search_term_string\"}}],\"inLanguage\":\"nb-NO\"},{\"@type\":\"Organization\",\"@id\":\"https:\\\/\\\/holyland-olivewood.com\\\/no\\\/#organization\",\"name\":\"Holy Land Olivewood\",\"url\":\"https:\\\/\\\/holyland-olivewood.com\\\/no\\\/\",\"logo\":{\"@type\":\"ImageObject\",\"inLanguage\":\"nb-NO\",\"@id\":\"https:\\\/\\\/holyland-olivewood.com\\\/no\\\/#\\\/schema\\\/logo\\\/image\\\/\",\"url\":\"\",\"contentUrl\":\"\",\"caption\":\"Holy Land Olivewood\"},\"image\":{\"@id\":\"https:\\\/\\\/holyland-olivewood.com\\\/no\\\/#\\\/schema\\\/logo\\\/image\\\/\"},\"sameAs\":[\"https:\\\/\\\/www.facebook.com\\\/holylandolivewood.bethlehem\\\/\",\"http:\\\/\\\/instagram.com\\\/holy.land.olive.wood\"]}]}<\/script>\n<!-- \/ Yoast SEO plugin. -->","yoast_head_json":{"title":"Stokk av oliventre (2,5\" x 2,5\" x 4\") #L107 - Holy Land Olive Wood - Bethlehem Olive Wood Factory","description":"Betlehem oliventreh\u00e5ndverk (dvs. t\u00f8mmerstokker, kj\u00f8kkenutstyr, julekrybbe, sett, perler) penn-emner utskj\u00e6ringer, plater, blokker og r\u00e5 lager i standard og tilpassede dimensjoner.","robots":{"index":"index","follow":"follow","max-snippet":"max-snippet:-1","max-image-preview":"max-image-preview:large","max-video-preview":"max-video-preview:-1"},"canonical":"https:\/\/holyland-olivewood.com\/no\/produkt\/oliven-tre-stokk-2-5-x-2-5-x-4\/","og_locale":"nb_NO","og_type":"article","og_title":"Stokk av oliventre (2,5\" x 2,5\" x 4\") #L107 - Holy Land Olive Wood - Bethlehem Olive Wood Factory","og_description":"Betlehem oliventreh\u00e5ndverk (dvs. t\u00f8mmerstokker, kj\u00f8kkenutstyr, julekrybbe, sett, perler) penn-emner utskj\u00e6ringer, plater, blokker og r\u00e5 lager i standard og tilpassede dimensjoner.","og_url":"https:\/\/holyland-olivewood.com\/no\/produkt\/oliven-tre-stokk-2-5-x-2-5-x-4\/","og_site_name":"Holy Land Olive Wood - Bethlehem Olive Wood Factory","article_publisher":"https:\/\/www.facebook.com\/holylandolivewood.bethlehem\/","article_modified_time":"2025-08-22T11:38:51+00:00","og_image":[{"width":1550,"height":1200,"url":"https:\/\/holyland-olivewood.com\/wp-content\/uploads\/2016\/05\/logs_holy_land_olive_wood_bethlehem.jpg","type":"image\/jpeg"}],"twitter_card":"summary_large_image","schema":{"@context":"https:\/\/schema.org","@graph":[{"@type":"WebPage","@id":"https:\/\/holyland-olivewood.com\/no\/produkt\/oliven-tre-stokk-2-5-x-2-5-x-4\/","url":"https:\/\/holyland-olivewood.com\/no\/produkt\/oliven-tre-stokk-2-5-x-2-5-x-4\/","name":"Stokk av oliventre (2,5\" x 2,5\" x 4\") #L107 - Holy Land Olive Wood - Bethlehem Olive Wood Factory","isPartOf":{"@id":"https:\/\/holyland-olivewood.com\/no\/#website"},"primaryImageOfPage":{"@id":"https:\/\/holyland-olivewood.com\/no\/produkt\/oliven-tre-stokk-2-5-x-2-5-x-4\/#primaryimage"},"image":{"@id":"https:\/\/holyland-olivewood.com\/no\/produkt\/oliven-tre-stokk-2-5-x-2-5-x-4\/#primaryimage"},"thumbnailUrl":"https:\/\/holyland-olivewood.com\/wp-content\/uploads\/2016\/05\/logs_holy_land_olive_wood_bethlehem.jpg","datePublished":"2016-05-30T17:40:39+00:00","dateModified":"2025-08-22T11:38:51+00:00","description":"Betlehem oliventreh\u00e5ndverk (dvs. t\u00f8mmerstokker, kj\u00f8kkenutstyr, julekrybbe, sett, perler) penn-emner utskj\u00e6ringer, plater, blokker og r\u00e5 lager i standard og tilpassede dimensjoner.","breadcrumb":{"@id":"https:\/\/holyland-olivewood.com\/no\/produkt\/oliven-tre-stokk-2-5-x-2-5-x-4\/#breadcrumb"},"inLanguage":"nb-NO","potentialAction":[{"@type":"ReadAction","target":["https:\/\/holyland-olivewood.com\/no\/produkt\/oliven-tre-stokk-2-5-x-2-5-x-4\/"]}]},{"@type":"ImageObject","inLanguage":"nb-NO","@id":"https:\/\/holyland-olivewood.com\/no\/produkt\/oliven-tre-stokk-2-5-x-2-5-x-4\/#primaryimage","url":"https:\/\/holyland-olivewood.com\/wp-content\/uploads\/2016\/05\/logs_holy_land_olive_wood_bethlehem.jpg","contentUrl":"https:\/\/holyland-olivewood.com\/wp-content\/uploads\/2016\/05\/logs_holy_land_olive_wood_bethlehem.jpg","width":1550,"height":1200},{"@type":"BreadcrumbList","@id":"https:\/\/holyland-olivewood.com\/no\/produkt\/oliven-tre-stokk-2-5-x-2-5-x-4\/#breadcrumb","itemListElement":[{"@type":"ListItem","position":1,"name":"Home","item":"https:\/\/holyland-olivewood.com\/no\/home\/"},{"@type":"ListItem","position":2,"name":"Se alle produkter","item":"https:\/\/holyland-olivewood.com\/no\/shop\/"},{"@type":"ListItem","position":3,"name":"Stokk av oliventre (2,5&#8243; x 2,5&#8243; x 4&#8243;) #L107"}]},{"@type":"WebSite","@id":"https:\/\/holyland-olivewood.com\/no\/#website","url":"https:\/\/holyland-olivewood.com\/no\/","name":"Holy Land Olive Wood - Bethlehem Olive Wood Factory","description":"Holy Land Olivewood Bethlehem","publisher":{"@id":"https:\/\/holyland-olivewood.com\/no\/#organization"},"potentialAction":[{"@type":"SearchAction","target":{"@type":"EntryPoint","urlTemplate":"https:\/\/holyland-olivewood.com\/no\/?s={search_term_string}"},"query-input":{"@type":"PropertyValueSpecification","valueRequired":true,"valueName":"search_term_string"}}],"inLanguage":"nb-NO"},{"@type":"Organization","@id":"https:\/\/holyland-olivewood.com\/no\/#organization","name":"Holy Land Olivewood","url":"https:\/\/holyland-olivewood.com\/no\/","logo":{"@type":"ImageObject","inLanguage":"nb-NO","@id":"https:\/\/holyland-olivewood.com\/no\/#\/schema\/logo\/image\/","url":"","contentUrl":"","caption":"Holy Land Olivewood"},"image":{"@id":"https:\/\/holyland-olivewood.com\/no\/#\/schema\/logo\/image\/"},"sameAs":["https:\/\/www.facebook.com\/holylandolivewood.bethlehem\/","http:\/\/instagram.com\/holy.land.olive.wood"]}]}},"_links":{"self":[{"href":"https:\/\/holyland-olivewood.com\/no\/wp-json\/wp\/v2\/product\/46985","targetHints":{"allow":["GET"]}}],"collection":[{"href":"https:\/\/holyland-olivewood.com\/no\/wp-json\/wp\/v2\/product"}],"about":[{"href":"https:\/\/holyland-olivewood.com\/no\/wp-json\/wp\/v2\/types\/product"}],"replies":[{"embeddable":true,"href":"https:\/\/holyland-olivewood.com\/no\/wp-json\/wp\/v2\/comments?post=46985"}],"version-history":[{"count":1,"href":"https:\/\/holyland-olivewood.com\/no\/wp-json\/wp\/v2\/product\/46985\/revisions"}],"predecessor-version":[{"id":61701,"href":"https:\/\/holyland-olivewood.com\/no\/wp-json\/wp\/v2\/product\/46985\/revisions\/61701"}],"wp:featuredmedia":[{"embeddable":true,"href":"https:\/\/holyland-olivewood.com\/no\/wp-json\/wp\/v2\/media\/27592"}],"wp:attachment":[{"href":"https:\/\/holyland-olivewood.com\/no\/wp-json\/wp\/v2\/media?parent=46985"}],"wp:term":[{"taxonomy":"product_brand","embeddable":true,"href":"https:\/\/holyland-olivewood.com\/no\/wp-json\/wp\/v2\/product_brand?post=46985"},{"taxonomy":"product_cat","embeddable":true,"href":"https:\/\/holyland-olivewood.com\/no\/wp-json\/wp\/v2\/product_cat?post=46985"},{"taxonomy":"product_tag","embeddable":true,"href":"https:\/\/holyland-olivewood.com\/no\/wp-json\/wp\/v2\/product_tag?post=46985"}],"curies":[{"name":"wp","href":"https:\/\/api.w.org\/{rel}","templated":true}]}}