{"id":46669,"date":"2016-05-30T19:44:32","date_gmt":"2016-05-30T19:44:32","guid":{"rendered":"https:\/\/holyland-olivewood.com\/product\/katolsk-oliventrekrusifiks-16-cm-650-cr107\/"},"modified":"2022-02-11T19:12:48","modified_gmt":"2022-02-11T19:12:48","slug":"katolsk-oliventre-krusifiks-16-cm-6-50","status":"publish","type":"product","link":"https:\/\/holyland-olivewood.com\/no\/produkt\/katolsk-oliventre-krusifiks-16-cm-6-50\/","title":{"rendered":"Katolsk oliventrekrusifiks (16 cm 6,50&raquo;) #CR107"},"content":{"rendered":"","protected":false},"excerpt":{"rendered":"<p>Dette vakkert ferdige katolske krusifikset er h\u00e5ndlaget i Det hellige land fra b\u00e6rekraftig h\u00f8stet, autentisk Bethlehem Olivewood med en metallisk Jesus-figur, INRI-plakett og innebygde glasskapsler med messingramme som inneholder jord, steiner, blomsterblader og olivenbladflak fra Betlehem.<\/p>\n<p>Denne varen inkluderer et ekthetssertifikat som bekrefter materialene og teknikkene som brukes for \u00e5 lage dette produktet.<\/p>\n<p>St\u00f8rrelse: 16 cm (6,5 tommer)<\/p>\n","protected":false},"featured_media":27725,"comment_status":"closed","ping_status":"closed","template":"","meta":[],"product_brand":[],"product_cat":[1046,1042],"product_tag":[1184,1173,1049,1150,1163,1122,1109,1127,1092,1187,1102,4086,1097,1119,1177,1182,1157,1141,1136,1145,1062,1057,1131,1168,1068,1077,1180,1175,1113,1053,1186,1071,1082],"class_list":{"0":"post-46669","1":"product","2":"type-product","3":"status-publish","4":"has-post-thumbnail","6":"product_cat-kunsthaandvaerk-no","7":"product_cat-kors-og-krucifikser-no","8":"product_tag-14-no","9":"product_tag-af-no","10":"product_tag-betlehem-no","11":"product_tag-boen-no","12":"product_tag-foedselskirken-no","13":"product_tag-ga","14":"product_tag-haandlavet-no","15":"product_tag-haandvaerk-no","16":"product_tag-hellig-no","17":"product_tag-hi","18":"product_tag-jerusalem-no","19":"product_tag-jesus-no-2","20":"product_tag-jord-no","21":"product_tag-jul-no","22":"product_tag-katolsk-no","23":"product_tag-keltisk-no","24":"product_tag-kirke-no","25":"product_tag-kors-no","26":"product_tag-kristen-no","27":"product_tag-krucifiks-no","28":"product_tag-krucifikser-no","29":"product_tag-krydser-no","30":"product_tag-kunsthaandvaerk-no","31":"product_tag-mor-no","32":"product_tag-oliven-no","33":"product_tag-oliventrae-no","34":"product_tag-ortodoks-no","35":"product_tag-perle-no","36":"product_tag-rosenkrans-no","37":"product_tag-rosenkranse-no","38":"product_tag-skriver","39":"product_tag-trae-no","40":"product_tag-udskaering-no","42":"first","43":"instock","44":"shipping-taxable","45":"purchasable","46":"product-type-simple"},"yoast_head":"<!-- This site is optimized with the Yoast SEO plugin v27.3 - https:\/\/yoast.com\/product\/yoast-seo-wordpress\/ -->\n<title>Katolsk oliventrekrusifiks (16 cm 6,50&#039;&#039;) #CR107 - Holy Land Olive Wood - Bethlehem Olive Wood Factory<\/title>\n<meta name=\"description\" content=\"Bethlehems oliventreh\u00e5ndverk (dvs. rosenkranser, Jerusalem, kors, krusifikser, perler) pennemner, blokker og r\u00e5materiale i standard og tilpassede dimensjoner.\" \/>\n<meta name=\"robots\" content=\"index, follow, max-snippet:-1, max-image-preview:large, max-video-preview:-1\" \/>\n<link rel=\"canonical\" href=\"https:\/\/holyland-olivewood.com\/no\/produkt\/katolsk-oliventre-krusifiks-16-cm-6-50\/\" \/>\n<meta property=\"og:locale\" content=\"nb_NO\" \/>\n<meta property=\"og:type\" content=\"article\" \/>\n<meta property=\"og:title\" content=\"Katolsk oliventrekrusifiks (16 cm 6,50&#039;&#039;) #CR107 - Holy Land Olive Wood - Bethlehem Olive Wood Factory\" \/>\n<meta property=\"og:description\" content=\"Bethlehems oliventreh\u00e5ndverk (dvs. rosenkranser, Jerusalem, kors, krusifikser, perler) pennemner, blokker og r\u00e5materiale i standard og tilpassede dimensjoner.\" \/>\n<meta property=\"og:url\" content=\"https:\/\/holyland-olivewood.com\/no\/produkt\/katolsk-oliventre-krusifiks-16-cm-6-50\/\" \/>\n<meta property=\"og:site_name\" content=\"Holy Land Olive Wood - Bethlehem Olive Wood Factory\" \/>\n<meta property=\"article:publisher\" content=\"https:\/\/www.facebook.com\/holylandolivewood.bethlehem\/\" \/>\n<meta property=\"article:modified_time\" content=\"2022-02-11T19:12:48+00:00\" \/>\n<meta property=\"og:image\" content=\"https:\/\/holyland-olivewood.com\/wp-content\/uploads\/2016\/05\/crucifix_holy_land_olive_wood_bethlehem_cr105tocr108.jpg\" \/>\n\t<meta property=\"og:image:width\" content=\"1550\" \/>\n\t<meta property=\"og:image:height\" content=\"1200\" \/>\n\t<meta property=\"og:image:type\" content=\"image\/jpeg\" \/>\n<meta name=\"twitter:card\" content=\"summary_large_image\" \/>\n<script type=\"application\/ld+json\" class=\"yoast-schema-graph\">{\"@context\":\"https:\\\/\\\/schema.org\",\"@graph\":[{\"@type\":\"WebPage\",\"@id\":\"https:\\\/\\\/holyland-olivewood.com\\\/no\\\/produkt\\\/katolsk-oliventre-krusifiks-16-cm-6-50\\\/\",\"url\":\"https:\\\/\\\/holyland-olivewood.com\\\/no\\\/produkt\\\/katolsk-oliventre-krusifiks-16-cm-6-50\\\/\",\"name\":\"Katolsk oliventrekrusifiks (16 cm 6,50'') #CR107 - Holy Land Olive Wood - Bethlehem Olive Wood Factory\",\"isPartOf\":{\"@id\":\"https:\\\/\\\/holyland-olivewood.com\\\/no\\\/#website\"},\"primaryImageOfPage\":{\"@id\":\"https:\\\/\\\/holyland-olivewood.com\\\/no\\\/produkt\\\/katolsk-oliventre-krusifiks-16-cm-6-50\\\/#primaryimage\"},\"image\":{\"@id\":\"https:\\\/\\\/holyland-olivewood.com\\\/no\\\/produkt\\\/katolsk-oliventre-krusifiks-16-cm-6-50\\\/#primaryimage\"},\"thumbnailUrl\":\"https:\\\/\\\/holyland-olivewood.com\\\/wp-content\\\/uploads\\\/2016\\\/05\\\/crucifix_holy_land_olive_wood_bethlehem_cr105tocr108.jpg\",\"datePublished\":\"2016-05-30T19:44:32+00:00\",\"dateModified\":\"2022-02-11T19:12:48+00:00\",\"description\":\"Bethlehems oliventreh\u00e5ndverk (dvs. rosenkranser, Jerusalem, kors, krusifikser, perler) pennemner, blokker og r\u00e5materiale i standard og tilpassede dimensjoner.\",\"breadcrumb\":{\"@id\":\"https:\\\/\\\/holyland-olivewood.com\\\/no\\\/produkt\\\/katolsk-oliventre-krusifiks-16-cm-6-50\\\/#breadcrumb\"},\"inLanguage\":\"nb-NO\",\"potentialAction\":[{\"@type\":\"ReadAction\",\"target\":[\"https:\\\/\\\/holyland-olivewood.com\\\/no\\\/produkt\\\/katolsk-oliventre-krusifiks-16-cm-6-50\\\/\"]}]},{\"@type\":\"ImageObject\",\"inLanguage\":\"nb-NO\",\"@id\":\"https:\\\/\\\/holyland-olivewood.com\\\/no\\\/produkt\\\/katolsk-oliventre-krusifiks-16-cm-6-50\\\/#primaryimage\",\"url\":\"https:\\\/\\\/holyland-olivewood.com\\\/wp-content\\\/uploads\\\/2016\\\/05\\\/crucifix_holy_land_olive_wood_bethlehem_cr105tocr108.jpg\",\"contentUrl\":\"https:\\\/\\\/holyland-olivewood.com\\\/wp-content\\\/uploads\\\/2016\\\/05\\\/crucifix_holy_land_olive_wood_bethlehem_cr105tocr108.jpg\",\"width\":1550,\"height\":1200},{\"@type\":\"BreadcrumbList\",\"@id\":\"https:\\\/\\\/holyland-olivewood.com\\\/no\\\/produkt\\\/katolsk-oliventre-krusifiks-16-cm-6-50\\\/#breadcrumb\",\"itemListElement\":[{\"@type\":\"ListItem\",\"position\":1,\"name\":\"Home\",\"item\":\"https:\\\/\\\/holyland-olivewood.com\\\/no\\\/home\\\/\"},{\"@type\":\"ListItem\",\"position\":2,\"name\":\"Se alle produkter\",\"item\":\"https:\\\/\\\/holyland-olivewood.com\\\/no\\\/shop\\\/\"},{\"@type\":\"ListItem\",\"position\":3,\"name\":\"Katolsk oliventrekrusifiks (16 cm 6,50&#8221;) #CR107\"}]},{\"@type\":\"WebSite\",\"@id\":\"https:\\\/\\\/holyland-olivewood.com\\\/no\\\/#website\",\"url\":\"https:\\\/\\\/holyland-olivewood.com\\\/no\\\/\",\"name\":\"Holy Land Olive Wood - Bethlehem Olive Wood Factory\",\"description\":\"Holy Land Olivewood Bethlehem\",\"publisher\":{\"@id\":\"https:\\\/\\\/holyland-olivewood.com\\\/no\\\/#organization\"},\"potentialAction\":[{\"@type\":\"SearchAction\",\"target\":{\"@type\":\"EntryPoint\",\"urlTemplate\":\"https:\\\/\\\/holyland-olivewood.com\\\/no\\\/?s={search_term_string}\"},\"query-input\":{\"@type\":\"PropertyValueSpecification\",\"valueRequired\":true,\"valueName\":\"search_term_string\"}}],\"inLanguage\":\"nb-NO\"},{\"@type\":\"Organization\",\"@id\":\"https:\\\/\\\/holyland-olivewood.com\\\/no\\\/#organization\",\"name\":\"Holy Land Olivewood\",\"url\":\"https:\\\/\\\/holyland-olivewood.com\\\/no\\\/\",\"logo\":{\"@type\":\"ImageObject\",\"inLanguage\":\"nb-NO\",\"@id\":\"https:\\\/\\\/holyland-olivewood.com\\\/no\\\/#\\\/schema\\\/logo\\\/image\\\/\",\"url\":\"\",\"contentUrl\":\"\",\"caption\":\"Holy Land Olivewood\"},\"image\":{\"@id\":\"https:\\\/\\\/holyland-olivewood.com\\\/no\\\/#\\\/schema\\\/logo\\\/image\\\/\"},\"sameAs\":[\"https:\\\/\\\/www.facebook.com\\\/holylandolivewood.bethlehem\\\/\",\"http:\\\/\\\/instagram.com\\\/holy.land.olive.wood\"]}]}<\/script>\n<!-- \/ Yoast SEO plugin. -->","yoast_head_json":{"title":"Katolsk oliventrekrusifiks (16 cm 6,50'') #CR107 - Holy Land Olive Wood - Bethlehem Olive Wood Factory","description":"Bethlehems oliventreh\u00e5ndverk (dvs. rosenkranser, Jerusalem, kors, krusifikser, perler) pennemner, blokker og r\u00e5materiale i standard og tilpassede dimensjoner.","robots":{"index":"index","follow":"follow","max-snippet":"max-snippet:-1","max-image-preview":"max-image-preview:large","max-video-preview":"max-video-preview:-1"},"canonical":"https:\/\/holyland-olivewood.com\/no\/produkt\/katolsk-oliventre-krusifiks-16-cm-6-50\/","og_locale":"nb_NO","og_type":"article","og_title":"Katolsk oliventrekrusifiks (16 cm 6,50'') #CR107 - Holy Land Olive Wood - Bethlehem Olive Wood Factory","og_description":"Bethlehems oliventreh\u00e5ndverk (dvs. rosenkranser, Jerusalem, kors, krusifikser, perler) pennemner, blokker og r\u00e5materiale i standard og tilpassede dimensjoner.","og_url":"https:\/\/holyland-olivewood.com\/no\/produkt\/katolsk-oliventre-krusifiks-16-cm-6-50\/","og_site_name":"Holy Land Olive Wood - Bethlehem Olive Wood Factory","article_publisher":"https:\/\/www.facebook.com\/holylandolivewood.bethlehem\/","article_modified_time":"2022-02-11T19:12:48+00:00","og_image":[{"width":1550,"height":1200,"url":"https:\/\/holyland-olivewood.com\/wp-content\/uploads\/2016\/05\/crucifix_holy_land_olive_wood_bethlehem_cr105tocr108.jpg","type":"image\/jpeg"}],"twitter_card":"summary_large_image","schema":{"@context":"https:\/\/schema.org","@graph":[{"@type":"WebPage","@id":"https:\/\/holyland-olivewood.com\/no\/produkt\/katolsk-oliventre-krusifiks-16-cm-6-50\/","url":"https:\/\/holyland-olivewood.com\/no\/produkt\/katolsk-oliventre-krusifiks-16-cm-6-50\/","name":"Katolsk oliventrekrusifiks (16 cm 6,50'') #CR107 - Holy Land Olive Wood - Bethlehem Olive Wood Factory","isPartOf":{"@id":"https:\/\/holyland-olivewood.com\/no\/#website"},"primaryImageOfPage":{"@id":"https:\/\/holyland-olivewood.com\/no\/produkt\/katolsk-oliventre-krusifiks-16-cm-6-50\/#primaryimage"},"image":{"@id":"https:\/\/holyland-olivewood.com\/no\/produkt\/katolsk-oliventre-krusifiks-16-cm-6-50\/#primaryimage"},"thumbnailUrl":"https:\/\/holyland-olivewood.com\/wp-content\/uploads\/2016\/05\/crucifix_holy_land_olive_wood_bethlehem_cr105tocr108.jpg","datePublished":"2016-05-30T19:44:32+00:00","dateModified":"2022-02-11T19:12:48+00:00","description":"Bethlehems oliventreh\u00e5ndverk (dvs. rosenkranser, Jerusalem, kors, krusifikser, perler) pennemner, blokker og r\u00e5materiale i standard og tilpassede dimensjoner.","breadcrumb":{"@id":"https:\/\/holyland-olivewood.com\/no\/produkt\/katolsk-oliventre-krusifiks-16-cm-6-50\/#breadcrumb"},"inLanguage":"nb-NO","potentialAction":[{"@type":"ReadAction","target":["https:\/\/holyland-olivewood.com\/no\/produkt\/katolsk-oliventre-krusifiks-16-cm-6-50\/"]}]},{"@type":"ImageObject","inLanguage":"nb-NO","@id":"https:\/\/holyland-olivewood.com\/no\/produkt\/katolsk-oliventre-krusifiks-16-cm-6-50\/#primaryimage","url":"https:\/\/holyland-olivewood.com\/wp-content\/uploads\/2016\/05\/crucifix_holy_land_olive_wood_bethlehem_cr105tocr108.jpg","contentUrl":"https:\/\/holyland-olivewood.com\/wp-content\/uploads\/2016\/05\/crucifix_holy_land_olive_wood_bethlehem_cr105tocr108.jpg","width":1550,"height":1200},{"@type":"BreadcrumbList","@id":"https:\/\/holyland-olivewood.com\/no\/produkt\/katolsk-oliventre-krusifiks-16-cm-6-50\/#breadcrumb","itemListElement":[{"@type":"ListItem","position":1,"name":"Home","item":"https:\/\/holyland-olivewood.com\/no\/home\/"},{"@type":"ListItem","position":2,"name":"Se alle produkter","item":"https:\/\/holyland-olivewood.com\/no\/shop\/"},{"@type":"ListItem","position":3,"name":"Katolsk oliventrekrusifiks (16 cm 6,50&#8221;) #CR107"}]},{"@type":"WebSite","@id":"https:\/\/holyland-olivewood.com\/no\/#website","url":"https:\/\/holyland-olivewood.com\/no\/","name":"Holy Land Olive Wood - Bethlehem Olive Wood Factory","description":"Holy Land Olivewood Bethlehem","publisher":{"@id":"https:\/\/holyland-olivewood.com\/no\/#organization"},"potentialAction":[{"@type":"SearchAction","target":{"@type":"EntryPoint","urlTemplate":"https:\/\/holyland-olivewood.com\/no\/?s={search_term_string}"},"query-input":{"@type":"PropertyValueSpecification","valueRequired":true,"valueName":"search_term_string"}}],"inLanguage":"nb-NO"},{"@type":"Organization","@id":"https:\/\/holyland-olivewood.com\/no\/#organization","name":"Holy Land Olivewood","url":"https:\/\/holyland-olivewood.com\/no\/","logo":{"@type":"ImageObject","inLanguage":"nb-NO","@id":"https:\/\/holyland-olivewood.com\/no\/#\/schema\/logo\/image\/","url":"","contentUrl":"","caption":"Holy Land Olivewood"},"image":{"@id":"https:\/\/holyland-olivewood.com\/no\/#\/schema\/logo\/image\/"},"sameAs":["https:\/\/www.facebook.com\/holylandolivewood.bethlehem\/","http:\/\/instagram.com\/holy.land.olive.wood"]}]}},"_links":{"self":[{"href":"https:\/\/holyland-olivewood.com\/no\/wp-json\/wp\/v2\/product\/46669","targetHints":{"allow":["GET"]}}],"collection":[{"href":"https:\/\/holyland-olivewood.com\/no\/wp-json\/wp\/v2\/product"}],"about":[{"href":"https:\/\/holyland-olivewood.com\/no\/wp-json\/wp\/v2\/types\/product"}],"replies":[{"embeddable":true,"href":"https:\/\/holyland-olivewood.com\/no\/wp-json\/wp\/v2\/comments?post=46669"}],"version-history":[{"count":0,"href":"https:\/\/holyland-olivewood.com\/no\/wp-json\/wp\/v2\/product\/46669\/revisions"}],"wp:featuredmedia":[{"embeddable":true,"href":"https:\/\/holyland-olivewood.com\/no\/wp-json\/wp\/v2\/media\/27725"}],"wp:attachment":[{"href":"https:\/\/holyland-olivewood.com\/no\/wp-json\/wp\/v2\/media?parent=46669"}],"wp:term":[{"taxonomy":"product_brand","embeddable":true,"href":"https:\/\/holyland-olivewood.com\/no\/wp-json\/wp\/v2\/product_brand?post=46669"},{"taxonomy":"product_cat","embeddable":true,"href":"https:\/\/holyland-olivewood.com\/no\/wp-json\/wp\/v2\/product_cat?post=46669"},{"taxonomy":"product_tag","embeddable":true,"href":"https:\/\/holyland-olivewood.com\/no\/wp-json\/wp\/v2\/product_tag?post=46669"}],"curies":[{"name":"wp","href":"https:\/\/api.w.org\/{rel}","templated":true}]}}