{"id":46172,"date":"2016-05-30T20:32:52","date_gmt":"2016-05-30T20:32:52","guid":{"rendered":"https:\/\/holyland-olivewood.com\/product\/oliventre-nokkelring-ke102\/"},"modified":"2025-11-01T18:12:21","modified_gmt":"2025-11-01T18:12:21","slug":"oliven-tre-nokkelring-2","status":"publish","type":"product","link":"https:\/\/holyland-olivewood.com\/no\/produkt\/oliven-tre-nokkelring-2\/","title":{"rendered":"H\u00e5ndlaget n\u00f8kkelring i oliventre &#8211; 4,5 cm (1,8&#8243;) #KE102"},"content":{"rendered":"","protected":false},"excerpt":{"rendered":"<p>Dette vakkert h\u00e5ndsk\u00e5rne hjertet er laget i Det hellige land av autentisk, b\u00e6rekraftig h\u00f8stet oliventre fra Betlehem. Treets naturlige \u00e5rer skaper et fantastisk m\u00f8nster, polert til en myk gl\u00f8d med en glatt, elegant finish. <\/p>\n<p>Den kan holdes i h\u00e5nden som en p\u00e5minnelse om kj\u00e6rlighet og tr\u00f8st, eller gis som en omtenksom gave til noen som trenger oppmuntring. Hvert eksemplar leveres med et ekthetssertifikat som bekrefter materialene og de tradisjonelle teknikkene som er brukt. <\/p>\n<p>St\u00f8rrelse: 4,5 cm (1,8&#8243;) &#8211; refererer kun til tredelen, ikke n\u00f8kkelringen.<\/p>\n","protected":false},"featured_media":62350,"comment_status":"closed","ping_status":"closed","template":"","meta":[],"product_brand":[],"product_cat":[1610,2527],"product_tag":[4448,4430,4654,4648,4655,4650,4647,4646,4649,4652,4656,4651,4653],"class_list":{"0":"post-46172","1":"product","2":"type-product","3":"status-publish","4":"has-post-thumbnail","6":"product_cat-diverse-no","7":"product_cat-nokkelringer","8":"product_tag-andelig-gave","9":"product_tag-betlehems-oliventre","10":"product_tag-handlaget-i-oliventre","11":"product_tag-handlaget-nokkelring","12":"product_tag-hjerte-nokkelring","13":"product_tag-kristen-gave","14":"product_tag-nokkelring-fra-det-hellige-land","15":"product_tag-nokkelring-med-hjerte-i-oliventre","16":"product_tag-nokkelring-med-hjerte-i-tre","17":"product_tag-nokkelring-tro","18":"product_tag-oliventre-fra-det-hellige-land","19":"product_tag-religios-nokkelring","20":"product_tag-suvenir-i-oliventre","22":"first","23":"instock","24":"shipping-taxable","25":"purchasable","26":"product-type-simple"},"yoast_head":"<!-- This site is optimized with the Yoast SEO plugin v27.4 - https:\/\/yoast.com\/product\/yoast-seo-wordpress\/ -->\n<title>H\u00e5ndlaget n\u00f8kkelring i oliventre - 4,5 cm (1,8&quot;) #KE102 - Holy Land Olive Wood - Bethlehem Olive Wood Factory<\/title>\n<meta name=\"description\" content=\"H\u00e5ndlaget n\u00f8kkelring med hjerte i oliventre fra Det hellige land - laget av ekte oliventre fra Betlehem, en sjarmerende og meningsfull kristen gave.\" \/>\n<meta name=\"robots\" content=\"index, follow, max-snippet:-1, max-image-preview:large, max-video-preview:-1\" \/>\n<link rel=\"canonical\" href=\"https:\/\/holyland-olivewood.com\/no\/produkt\/oliven-tre-nokkelring-2\/\" \/>\n<meta property=\"og:locale\" content=\"nb_NO\" \/>\n<meta property=\"og:type\" content=\"article\" \/>\n<meta property=\"og:title\" content=\"H\u00e5ndlaget n\u00f8kkelring i oliventre - 4,5 cm (1,8&quot;) #KE102 - Holy Land Olive Wood - Bethlehem Olive Wood Factory\" \/>\n<meta property=\"og:description\" content=\"H\u00e5ndlaget n\u00f8kkelring med hjerte i oliventre fra Det hellige land - laget av ekte oliventre fra Betlehem, en sjarmerende og meningsfull kristen gave.\" \/>\n<meta property=\"og:url\" content=\"https:\/\/holyland-olivewood.com\/no\/produkt\/oliven-tre-nokkelring-2\/\" \/>\n<meta property=\"og:site_name\" content=\"Holy Land Olive Wood - Bethlehem Olive Wood Factory\" \/>\n<meta property=\"article:publisher\" content=\"https:\/\/www.facebook.com\/holylandolivewood.bethlehem\/\" \/>\n<meta property=\"article:modified_time\" content=\"2025-11-01T18:12:21+00:00\" \/>\n<meta property=\"og:image\" content=\"https:\/\/holyland-olivewood.com\/wp-content\/uploads\/2016\/05\/olive_wood_heart_keychain_bethlehem_holy-land_ke102.jpg\" \/>\n\t<meta property=\"og:image:width\" content=\"1550\" \/>\n\t<meta property=\"og:image:height\" content=\"1200\" \/>\n\t<meta property=\"og:image:type\" content=\"image\/jpeg\" \/>\n<meta name=\"twitter:card\" content=\"summary_large_image\" \/>\n<script type=\"application\/ld+json\" class=\"yoast-schema-graph\">{\"@context\":\"https:\\\/\\\/schema.org\",\"@graph\":[{\"@type\":\"WebPage\",\"@id\":\"https:\\\/\\\/holyland-olivewood.com\\\/no\\\/produkt\\\/oliven-tre-nokkelring-2\\\/\",\"url\":\"https:\\\/\\\/holyland-olivewood.com\\\/no\\\/produkt\\\/oliven-tre-nokkelring-2\\\/\",\"name\":\"H\u00e5ndlaget n\u00f8kkelring i oliventre - 4,5 cm (1,8\\\") #KE102 - Holy Land Olive Wood - Bethlehem Olive Wood Factory\",\"isPartOf\":{\"@id\":\"https:\\\/\\\/holyland-olivewood.com\\\/no\\\/#website\"},\"primaryImageOfPage\":{\"@id\":\"https:\\\/\\\/holyland-olivewood.com\\\/no\\\/produkt\\\/oliven-tre-nokkelring-2\\\/#primaryimage\"},\"image\":{\"@id\":\"https:\\\/\\\/holyland-olivewood.com\\\/no\\\/produkt\\\/oliven-tre-nokkelring-2\\\/#primaryimage\"},\"thumbnailUrl\":\"https:\\\/\\\/holyland-olivewood.com\\\/wp-content\\\/uploads\\\/2016\\\/05\\\/olive_wood_heart_keychain_bethlehem_holy-land_ke102.jpg\",\"datePublished\":\"2016-05-30T20:32:52+00:00\",\"dateModified\":\"2025-11-01T18:12:21+00:00\",\"description\":\"H\u00e5ndlaget n\u00f8kkelring med hjerte i oliventre fra Det hellige land - laget av ekte oliventre fra Betlehem, en sjarmerende og meningsfull kristen gave.\",\"breadcrumb\":{\"@id\":\"https:\\\/\\\/holyland-olivewood.com\\\/no\\\/produkt\\\/oliven-tre-nokkelring-2\\\/#breadcrumb\"},\"inLanguage\":\"nb-NO\",\"potentialAction\":[{\"@type\":\"ReadAction\",\"target\":[\"https:\\\/\\\/holyland-olivewood.com\\\/no\\\/produkt\\\/oliven-tre-nokkelring-2\\\/\"]}]},{\"@type\":\"ImageObject\",\"inLanguage\":\"nb-NO\",\"@id\":\"https:\\\/\\\/holyland-olivewood.com\\\/no\\\/produkt\\\/oliven-tre-nokkelring-2\\\/#primaryimage\",\"url\":\"https:\\\/\\\/holyland-olivewood.com\\\/wp-content\\\/uploads\\\/2016\\\/05\\\/olive_wood_heart_keychain_bethlehem_holy-land_ke102.jpg\",\"contentUrl\":\"https:\\\/\\\/holyland-olivewood.com\\\/wp-content\\\/uploads\\\/2016\\\/05\\\/olive_wood_heart_keychain_bethlehem_holy-land_ke102.jpg\",\"width\":1550,\"height\":1200},{\"@type\":\"BreadcrumbList\",\"@id\":\"https:\\\/\\\/holyland-olivewood.com\\\/no\\\/produkt\\\/oliven-tre-nokkelring-2\\\/#breadcrumb\",\"itemListElement\":[{\"@type\":\"ListItem\",\"position\":1,\"name\":\"Home\",\"item\":\"https:\\\/\\\/holyland-olivewood.com\\\/no\\\/home\\\/\"},{\"@type\":\"ListItem\",\"position\":2,\"name\":\"Se alle produkter\",\"item\":\"https:\\\/\\\/holyland-olivewood.com\\\/no\\\/shop\\\/\"},{\"@type\":\"ListItem\",\"position\":3,\"name\":\"H\u00e5ndlaget n\u00f8kkelring i oliventre &#8211; 4,5 cm (1,8&#8243;) #KE102\"}]},{\"@type\":\"WebSite\",\"@id\":\"https:\\\/\\\/holyland-olivewood.com\\\/no\\\/#website\",\"url\":\"https:\\\/\\\/holyland-olivewood.com\\\/no\\\/\",\"name\":\"Holy Land Olive Wood - Bethlehem Olive Wood Factory\",\"description\":\"Holy Land Olivewood Bethlehem\",\"publisher\":{\"@id\":\"https:\\\/\\\/holyland-olivewood.com\\\/no\\\/#organization\"},\"potentialAction\":[{\"@type\":\"SearchAction\",\"target\":{\"@type\":\"EntryPoint\",\"urlTemplate\":\"https:\\\/\\\/holyland-olivewood.com\\\/no\\\/?s={search_term_string}\"},\"query-input\":{\"@type\":\"PropertyValueSpecification\",\"valueRequired\":true,\"valueName\":\"search_term_string\"}}],\"inLanguage\":\"nb-NO\"},{\"@type\":\"Organization\",\"@id\":\"https:\\\/\\\/holyland-olivewood.com\\\/no\\\/#organization\",\"name\":\"Holy Land Olivewood\",\"url\":\"https:\\\/\\\/holyland-olivewood.com\\\/no\\\/\",\"logo\":{\"@type\":\"ImageObject\",\"inLanguage\":\"nb-NO\",\"@id\":\"https:\\\/\\\/holyland-olivewood.com\\\/no\\\/#\\\/schema\\\/logo\\\/image\\\/\",\"url\":\"\",\"contentUrl\":\"\",\"caption\":\"Holy Land Olivewood\"},\"image\":{\"@id\":\"https:\\\/\\\/holyland-olivewood.com\\\/no\\\/#\\\/schema\\\/logo\\\/image\\\/\"},\"sameAs\":[\"https:\\\/\\\/www.facebook.com\\\/holylandolivewood.bethlehem\\\/\",\"http:\\\/\\\/instagram.com\\\/holy.land.olive.wood\"]}]}<\/script>\n<!-- \/ Yoast SEO plugin. -->","yoast_head_json":{"title":"H\u00e5ndlaget n\u00f8kkelring i oliventre - 4,5 cm (1,8\") #KE102 - Holy Land Olive Wood - Bethlehem Olive Wood Factory","description":"H\u00e5ndlaget n\u00f8kkelring med hjerte i oliventre fra Det hellige land - laget av ekte oliventre fra Betlehem, en sjarmerende og meningsfull kristen gave.","robots":{"index":"index","follow":"follow","max-snippet":"max-snippet:-1","max-image-preview":"max-image-preview:large","max-video-preview":"max-video-preview:-1"},"canonical":"https:\/\/holyland-olivewood.com\/no\/produkt\/oliven-tre-nokkelring-2\/","og_locale":"nb_NO","og_type":"article","og_title":"H\u00e5ndlaget n\u00f8kkelring i oliventre - 4,5 cm (1,8\") #KE102 - Holy Land Olive Wood - Bethlehem Olive Wood Factory","og_description":"H\u00e5ndlaget n\u00f8kkelring med hjerte i oliventre fra Det hellige land - laget av ekte oliventre fra Betlehem, en sjarmerende og meningsfull kristen gave.","og_url":"https:\/\/holyland-olivewood.com\/no\/produkt\/oliven-tre-nokkelring-2\/","og_site_name":"Holy Land Olive Wood - Bethlehem Olive Wood Factory","article_publisher":"https:\/\/www.facebook.com\/holylandolivewood.bethlehem\/","article_modified_time":"2025-11-01T18:12:21+00:00","og_image":[{"width":1550,"height":1200,"url":"https:\/\/holyland-olivewood.com\/wp-content\/uploads\/2016\/05\/olive_wood_heart_keychain_bethlehem_holy-land_ke102.jpg","type":"image\/jpeg"}],"twitter_card":"summary_large_image","schema":{"@context":"https:\/\/schema.org","@graph":[{"@type":"WebPage","@id":"https:\/\/holyland-olivewood.com\/no\/produkt\/oliven-tre-nokkelring-2\/","url":"https:\/\/holyland-olivewood.com\/no\/produkt\/oliven-tre-nokkelring-2\/","name":"H\u00e5ndlaget n\u00f8kkelring i oliventre - 4,5 cm (1,8\") #KE102 - Holy Land Olive Wood - Bethlehem Olive Wood Factory","isPartOf":{"@id":"https:\/\/holyland-olivewood.com\/no\/#website"},"primaryImageOfPage":{"@id":"https:\/\/holyland-olivewood.com\/no\/produkt\/oliven-tre-nokkelring-2\/#primaryimage"},"image":{"@id":"https:\/\/holyland-olivewood.com\/no\/produkt\/oliven-tre-nokkelring-2\/#primaryimage"},"thumbnailUrl":"https:\/\/holyland-olivewood.com\/wp-content\/uploads\/2016\/05\/olive_wood_heart_keychain_bethlehem_holy-land_ke102.jpg","datePublished":"2016-05-30T20:32:52+00:00","dateModified":"2025-11-01T18:12:21+00:00","description":"H\u00e5ndlaget n\u00f8kkelring med hjerte i oliventre fra Det hellige land - laget av ekte oliventre fra Betlehem, en sjarmerende og meningsfull kristen gave.","breadcrumb":{"@id":"https:\/\/holyland-olivewood.com\/no\/produkt\/oliven-tre-nokkelring-2\/#breadcrumb"},"inLanguage":"nb-NO","potentialAction":[{"@type":"ReadAction","target":["https:\/\/holyland-olivewood.com\/no\/produkt\/oliven-tre-nokkelring-2\/"]}]},{"@type":"ImageObject","inLanguage":"nb-NO","@id":"https:\/\/holyland-olivewood.com\/no\/produkt\/oliven-tre-nokkelring-2\/#primaryimage","url":"https:\/\/holyland-olivewood.com\/wp-content\/uploads\/2016\/05\/olive_wood_heart_keychain_bethlehem_holy-land_ke102.jpg","contentUrl":"https:\/\/holyland-olivewood.com\/wp-content\/uploads\/2016\/05\/olive_wood_heart_keychain_bethlehem_holy-land_ke102.jpg","width":1550,"height":1200},{"@type":"BreadcrumbList","@id":"https:\/\/holyland-olivewood.com\/no\/produkt\/oliven-tre-nokkelring-2\/#breadcrumb","itemListElement":[{"@type":"ListItem","position":1,"name":"Home","item":"https:\/\/holyland-olivewood.com\/no\/home\/"},{"@type":"ListItem","position":2,"name":"Se alle produkter","item":"https:\/\/holyland-olivewood.com\/no\/shop\/"},{"@type":"ListItem","position":3,"name":"H\u00e5ndlaget n\u00f8kkelring i oliventre &#8211; 4,5 cm (1,8&#8243;) #KE102"}]},{"@type":"WebSite","@id":"https:\/\/holyland-olivewood.com\/no\/#website","url":"https:\/\/holyland-olivewood.com\/no\/","name":"Holy Land Olive Wood - Bethlehem Olive Wood Factory","description":"Holy Land Olivewood Bethlehem","publisher":{"@id":"https:\/\/holyland-olivewood.com\/no\/#organization"},"potentialAction":[{"@type":"SearchAction","target":{"@type":"EntryPoint","urlTemplate":"https:\/\/holyland-olivewood.com\/no\/?s={search_term_string}"},"query-input":{"@type":"PropertyValueSpecification","valueRequired":true,"valueName":"search_term_string"}}],"inLanguage":"nb-NO"},{"@type":"Organization","@id":"https:\/\/holyland-olivewood.com\/no\/#organization","name":"Holy Land Olivewood","url":"https:\/\/holyland-olivewood.com\/no\/","logo":{"@type":"ImageObject","inLanguage":"nb-NO","@id":"https:\/\/holyland-olivewood.com\/no\/#\/schema\/logo\/image\/","url":"","contentUrl":"","caption":"Holy Land Olivewood"},"image":{"@id":"https:\/\/holyland-olivewood.com\/no\/#\/schema\/logo\/image\/"},"sameAs":["https:\/\/www.facebook.com\/holylandolivewood.bethlehem\/","http:\/\/instagram.com\/holy.land.olive.wood"]}]}},"_links":{"self":[{"href":"https:\/\/holyland-olivewood.com\/no\/wp-json\/wp\/v2\/product\/46172","targetHints":{"allow":["GET"]}}],"collection":[{"href":"https:\/\/holyland-olivewood.com\/no\/wp-json\/wp\/v2\/product"}],"about":[{"href":"https:\/\/holyland-olivewood.com\/no\/wp-json\/wp\/v2\/types\/product"}],"replies":[{"embeddable":true,"href":"https:\/\/holyland-olivewood.com\/no\/wp-json\/wp\/v2\/comments?post=46172"}],"version-history":[{"count":1,"href":"https:\/\/holyland-olivewood.com\/no\/wp-json\/wp\/v2\/product\/46172\/revisions"}],"predecessor-version":[{"id":62557,"href":"https:\/\/holyland-olivewood.com\/no\/wp-json\/wp\/v2\/product\/46172\/revisions\/62557"}],"wp:featuredmedia":[{"embeddable":true,"href":"https:\/\/holyland-olivewood.com\/no\/wp-json\/wp\/v2\/media\/62350"}],"wp:attachment":[{"href":"https:\/\/holyland-olivewood.com\/no\/wp-json\/wp\/v2\/media?parent=46172"}],"wp:term":[{"taxonomy":"product_brand","embeddable":true,"href":"https:\/\/holyland-olivewood.com\/no\/wp-json\/wp\/v2\/product_brand?post=46172"},{"taxonomy":"product_cat","embeddable":true,"href":"https:\/\/holyland-olivewood.com\/no\/wp-json\/wp\/v2\/product_cat?post=46172"},{"taxonomy":"product_tag","embeddable":true,"href":"https:\/\/holyland-olivewood.com\/no\/wp-json\/wp\/v2\/product_tag?post=46172"}],"curies":[{"name":"wp","href":"https:\/\/api.w.org\/{rel}","templated":true}]}}