{"id":42931,"date":"2018-01-19T15:09:03","date_gmt":"2022-02-09T08:26:41","guid":{"rendered":"https:\/\/holyland-olivewood.com\/product\/jerusalem-olivewood-slimline-twist-pen-med-lasergravering-og-pistolmetallfester-pe104\/"},"modified":"2022-02-09T08:26:41","modified_gmt":"2022-02-09T08:26:41","slug":"handlaget-betlehem-oliven-tre-twist-penn","status":"publish","type":"product","link":"https:\/\/holyland-olivewood.com\/no\/produkt\/handlaget-betlehem-oliven-tre-twist-penn\/","title":{"rendered":"Jerusalem Olivewood Slimline Twist Pen med lasergravering og pistolmetallfester #PE104"},"content":{"rendered":"","protected":false},"excerpt":{"rendered":"<p>Denne h\u00e5nddreide minnepennen vil vare livet ut, og er en flott gave til alle som setter pris p\u00e5 h\u00e5ndverk og naturmaterialers r\u00e5 skj\u00f8nnhet. <em>Denne pennens grep er laget av b\u00e6rekraftig h\u00f8stet, ekte <strong>Jerusalem Olivewood<\/strong> , hentet i beskj\u00e6ringssesongen fra eldgamle oliventr\u00e6r p\u00e5 Oljeberget.<\/em><\/p>\n<p>Dette eksotiske materialet har en jevnere finish enn nesten noe annet tre, og dets sterkt kontrasterende \u00e5rem\u00f8nster imponerer aldri.<\/p>\n<p><strong>For \u00e5 skille denne pennen fra v\u00e5re andre Slimline-penner har vi lasergravert &laquo;Jerusalem&raquo; p\u00e5 den \u00f8vre halvdelen av pennen.<\/strong><\/p>\n<p>Hver penn kommer med en utstillingsboks og et ekthetssertifikat, som bekrefter materialene og teknikkene som brukes for \u00e5 lage dette produktet.<\/p>\n<p><strong>Modell:<\/strong> Slimline Twist Pen<br \/>\n<strong>Type:<\/strong> Cross\u00ae type kulepennrefill<br \/>\n<strong>Farge:<\/strong> Sort<br \/>\n<strong>Gjenfyllbar:<\/strong> Ja<br \/>\n<strong>Grep:<\/strong> Jerusalem Olivewood<br \/>\n<strong>Inventar:<\/strong> Gun Metal<br \/>\n<strong>Finish:<\/strong> Lavglans lakk<br \/>\n<strong>St\u00f8rrelse:<\/strong> 1,0 cm x 14 cm (3\/8&#8243; x 5,1\/2&#8243;)<\/p>\n","protected":false},"featured_media":33668,"comment_status":"closed","ping_status":"closed","template":"","meta":[],"product_brand":[],"product_cat":[1046,2371],"product_tag":[1049,1077,1454,2373],"class_list":{"0":"post-42931","1":"product","2":"type-product","3":"status-publish","4":"has-post-thumbnail","6":"product_cat-kunsthaandvaerk-no","7":"product_cat-penner-og-bordutstyr","8":"product_tag-betlehem-no","9":"product_tag-oliventrae-no","10":"product_tag-penn","11":"product_tag-penner","13":"first","14":"instock","15":"shipping-taxable","16":"purchasable","17":"product-type-simple"},"yoast_head":"<!-- This site is optimized with the Yoast SEO plugin v27.3 - https:\/\/yoast.com\/product\/yoast-seo-wordpress\/ -->\n<title>Jerusalem Olivewood Slimline Twist Pen med lasergravering og pistolmetallfester #PE104 - Holy Land Olive Wood - Bethlehem Olive Wood Factory<\/title>\n<meta name=\"description\" content=\"Bethlehem oliventre penner og bordartikler (dvs. pennholder, penneesker) emner, utskj\u00e6ringer og mer fra det hellige land og r\u00e5vare i standard og tilpassede dimensjoner.\" \/>\n<meta name=\"robots\" content=\"index, follow, max-snippet:-1, max-image-preview:large, max-video-preview:-1\" \/>\n<link rel=\"canonical\" href=\"https:\/\/holyland-olivewood.com\/no\/produkt\/handlaget-betlehem-oliven-tre-twist-penn\/\" \/>\n<meta property=\"og:locale\" content=\"nb_NO\" \/>\n<meta property=\"og:type\" content=\"article\" \/>\n<meta property=\"og:title\" content=\"Jerusalem Olivewood Slimline Twist Pen med lasergravering og pistolmetallfester #PE104 - Holy Land Olive Wood - Bethlehem Olive Wood Factory\" \/>\n<meta property=\"og:description\" content=\"Bethlehem oliventre penner og bordartikler (dvs. pennholder, penneesker) emner, utskj\u00e6ringer og mer fra det hellige land og r\u00e5vare i standard og tilpassede dimensjoner.\" \/>\n<meta property=\"og:url\" content=\"https:\/\/holyland-olivewood.com\/no\/produkt\/handlaget-betlehem-oliven-tre-twist-penn\/\" \/>\n<meta property=\"og:site_name\" content=\"Holy Land Olive Wood - Bethlehem Olive Wood Factory\" \/>\n<meta property=\"article:publisher\" content=\"https:\/\/www.facebook.com\/holylandolivewood.bethlehem\/\" \/>\n<meta property=\"og:image\" content=\"https:\/\/holyland-olivewood.com\/wp-content\/uploads\/2018\/01\/pen_holy_land_olive_wood_bethlehem_pe104_1.jpg\" \/>\n\t<meta property=\"og:image:width\" content=\"1550\" \/>\n\t<meta property=\"og:image:height\" content=\"1200\" \/>\n\t<meta property=\"og:image:type\" content=\"image\/jpeg\" \/>\n<meta name=\"twitter:card\" content=\"summary_large_image\" \/>\n<script type=\"application\/ld+json\" class=\"yoast-schema-graph\">{\"@context\":\"https:\\\/\\\/schema.org\",\"@graph\":[{\"@type\":\"WebPage\",\"@id\":\"https:\\\/\\\/holyland-olivewood.com\\\/no\\\/produkt\\\/handlaget-betlehem-oliven-tre-twist-penn\\\/\",\"url\":\"https:\\\/\\\/holyland-olivewood.com\\\/no\\\/produkt\\\/handlaget-betlehem-oliven-tre-twist-penn\\\/\",\"name\":\"Jerusalem Olivewood Slimline Twist Pen med lasergravering og pistolmetallfester #PE104 - Holy Land Olive Wood - Bethlehem Olive Wood Factory\",\"isPartOf\":{\"@id\":\"https:\\\/\\\/holyland-olivewood.com\\\/no\\\/#website\"},\"primaryImageOfPage\":{\"@id\":\"https:\\\/\\\/holyland-olivewood.com\\\/no\\\/produkt\\\/handlaget-betlehem-oliven-tre-twist-penn\\\/#primaryimage\"},\"image\":{\"@id\":\"https:\\\/\\\/holyland-olivewood.com\\\/no\\\/produkt\\\/handlaget-betlehem-oliven-tre-twist-penn\\\/#primaryimage\"},\"thumbnailUrl\":\"https:\\\/\\\/holyland-olivewood.com\\\/wp-content\\\/uploads\\\/2018\\\/01\\\/pen_holy_land_olive_wood_bethlehem_pe104_1.jpg\",\"datePublished\":\"2022-02-09T08:26:41+00:00\",\"description\":\"Bethlehem oliventre penner og bordartikler (dvs. pennholder, penneesker) emner, utskj\u00e6ringer og mer fra det hellige land og r\u00e5vare i standard og tilpassede dimensjoner.\",\"breadcrumb\":{\"@id\":\"https:\\\/\\\/holyland-olivewood.com\\\/no\\\/produkt\\\/handlaget-betlehem-oliven-tre-twist-penn\\\/#breadcrumb\"},\"inLanguage\":\"nb-NO\",\"potentialAction\":[{\"@type\":\"ReadAction\",\"target\":[\"https:\\\/\\\/holyland-olivewood.com\\\/no\\\/produkt\\\/handlaget-betlehem-oliven-tre-twist-penn\\\/\"]}]},{\"@type\":\"ImageObject\",\"inLanguage\":\"nb-NO\",\"@id\":\"https:\\\/\\\/holyland-olivewood.com\\\/no\\\/produkt\\\/handlaget-betlehem-oliven-tre-twist-penn\\\/#primaryimage\",\"url\":\"https:\\\/\\\/holyland-olivewood.com\\\/wp-content\\\/uploads\\\/2018\\\/01\\\/pen_holy_land_olive_wood_bethlehem_pe104_1.jpg\",\"contentUrl\":\"https:\\\/\\\/holyland-olivewood.com\\\/wp-content\\\/uploads\\\/2018\\\/01\\\/pen_holy_land_olive_wood_bethlehem_pe104_1.jpg\",\"width\":1550,\"height\":1200},{\"@type\":\"BreadcrumbList\",\"@id\":\"https:\\\/\\\/holyland-olivewood.com\\\/no\\\/produkt\\\/handlaget-betlehem-oliven-tre-twist-penn\\\/#breadcrumb\",\"itemListElement\":[{\"@type\":\"ListItem\",\"position\":1,\"name\":\"Home\",\"item\":\"https:\\\/\\\/holyland-olivewood.com\\\/no\\\/home\\\/\"},{\"@type\":\"ListItem\",\"position\":2,\"name\":\"Se alle produkter\",\"item\":\"https:\\\/\\\/holyland-olivewood.com\\\/no\\\/shop\\\/\"},{\"@type\":\"ListItem\",\"position\":3,\"name\":\"Jerusalem Olivewood Slimline Twist Pen med lasergravering og pistolmetallfester #PE104\"}]},{\"@type\":\"WebSite\",\"@id\":\"https:\\\/\\\/holyland-olivewood.com\\\/no\\\/#website\",\"url\":\"https:\\\/\\\/holyland-olivewood.com\\\/no\\\/\",\"name\":\"Holy Land Olive Wood - Bethlehem Olive Wood Factory\",\"description\":\"Holy Land Olivewood Bethlehem\",\"publisher\":{\"@id\":\"https:\\\/\\\/holyland-olivewood.com\\\/no\\\/#organization\"},\"potentialAction\":[{\"@type\":\"SearchAction\",\"target\":{\"@type\":\"EntryPoint\",\"urlTemplate\":\"https:\\\/\\\/holyland-olivewood.com\\\/no\\\/?s={search_term_string}\"},\"query-input\":{\"@type\":\"PropertyValueSpecification\",\"valueRequired\":true,\"valueName\":\"search_term_string\"}}],\"inLanguage\":\"nb-NO\"},{\"@type\":\"Organization\",\"@id\":\"https:\\\/\\\/holyland-olivewood.com\\\/no\\\/#organization\",\"name\":\"Holy Land Olivewood\",\"url\":\"https:\\\/\\\/holyland-olivewood.com\\\/no\\\/\",\"logo\":{\"@type\":\"ImageObject\",\"inLanguage\":\"nb-NO\",\"@id\":\"https:\\\/\\\/holyland-olivewood.com\\\/no\\\/#\\\/schema\\\/logo\\\/image\\\/\",\"url\":\"\",\"contentUrl\":\"\",\"caption\":\"Holy Land Olivewood\"},\"image\":{\"@id\":\"https:\\\/\\\/holyland-olivewood.com\\\/no\\\/#\\\/schema\\\/logo\\\/image\\\/\"},\"sameAs\":[\"https:\\\/\\\/www.facebook.com\\\/holylandolivewood.bethlehem\\\/\",\"http:\\\/\\\/instagram.com\\\/holy.land.olive.wood\"]}]}<\/script>\n<!-- \/ Yoast SEO plugin. -->","yoast_head_json":{"title":"Jerusalem Olivewood Slimline Twist Pen med lasergravering og pistolmetallfester #PE104 - Holy Land Olive Wood - Bethlehem Olive Wood Factory","description":"Bethlehem oliventre penner og bordartikler (dvs. pennholder, penneesker) emner, utskj\u00e6ringer og mer fra det hellige land og r\u00e5vare i standard og tilpassede dimensjoner.","robots":{"index":"index","follow":"follow","max-snippet":"max-snippet:-1","max-image-preview":"max-image-preview:large","max-video-preview":"max-video-preview:-1"},"canonical":"https:\/\/holyland-olivewood.com\/no\/produkt\/handlaget-betlehem-oliven-tre-twist-penn\/","og_locale":"nb_NO","og_type":"article","og_title":"Jerusalem Olivewood Slimline Twist Pen med lasergravering og pistolmetallfester #PE104 - Holy Land Olive Wood - Bethlehem Olive Wood Factory","og_description":"Bethlehem oliventre penner og bordartikler (dvs. pennholder, penneesker) emner, utskj\u00e6ringer og mer fra det hellige land og r\u00e5vare i standard og tilpassede dimensjoner.","og_url":"https:\/\/holyland-olivewood.com\/no\/produkt\/handlaget-betlehem-oliven-tre-twist-penn\/","og_site_name":"Holy Land Olive Wood - Bethlehem Olive Wood Factory","article_publisher":"https:\/\/www.facebook.com\/holylandolivewood.bethlehem\/","og_image":[{"width":1550,"height":1200,"url":"https:\/\/holyland-olivewood.com\/wp-content\/uploads\/2018\/01\/pen_holy_land_olive_wood_bethlehem_pe104_1.jpg","type":"image\/jpeg"}],"twitter_card":"summary_large_image","schema":{"@context":"https:\/\/schema.org","@graph":[{"@type":"WebPage","@id":"https:\/\/holyland-olivewood.com\/no\/produkt\/handlaget-betlehem-oliven-tre-twist-penn\/","url":"https:\/\/holyland-olivewood.com\/no\/produkt\/handlaget-betlehem-oliven-tre-twist-penn\/","name":"Jerusalem Olivewood Slimline Twist Pen med lasergravering og pistolmetallfester #PE104 - Holy Land Olive Wood - Bethlehem Olive Wood Factory","isPartOf":{"@id":"https:\/\/holyland-olivewood.com\/no\/#website"},"primaryImageOfPage":{"@id":"https:\/\/holyland-olivewood.com\/no\/produkt\/handlaget-betlehem-oliven-tre-twist-penn\/#primaryimage"},"image":{"@id":"https:\/\/holyland-olivewood.com\/no\/produkt\/handlaget-betlehem-oliven-tre-twist-penn\/#primaryimage"},"thumbnailUrl":"https:\/\/holyland-olivewood.com\/wp-content\/uploads\/2018\/01\/pen_holy_land_olive_wood_bethlehem_pe104_1.jpg","datePublished":"2022-02-09T08:26:41+00:00","description":"Bethlehem oliventre penner og bordartikler (dvs. pennholder, penneesker) emner, utskj\u00e6ringer og mer fra det hellige land og r\u00e5vare i standard og tilpassede dimensjoner.","breadcrumb":{"@id":"https:\/\/holyland-olivewood.com\/no\/produkt\/handlaget-betlehem-oliven-tre-twist-penn\/#breadcrumb"},"inLanguage":"nb-NO","potentialAction":[{"@type":"ReadAction","target":["https:\/\/holyland-olivewood.com\/no\/produkt\/handlaget-betlehem-oliven-tre-twist-penn\/"]}]},{"@type":"ImageObject","inLanguage":"nb-NO","@id":"https:\/\/holyland-olivewood.com\/no\/produkt\/handlaget-betlehem-oliven-tre-twist-penn\/#primaryimage","url":"https:\/\/holyland-olivewood.com\/wp-content\/uploads\/2018\/01\/pen_holy_land_olive_wood_bethlehem_pe104_1.jpg","contentUrl":"https:\/\/holyland-olivewood.com\/wp-content\/uploads\/2018\/01\/pen_holy_land_olive_wood_bethlehem_pe104_1.jpg","width":1550,"height":1200},{"@type":"BreadcrumbList","@id":"https:\/\/holyland-olivewood.com\/no\/produkt\/handlaget-betlehem-oliven-tre-twist-penn\/#breadcrumb","itemListElement":[{"@type":"ListItem","position":1,"name":"Home","item":"https:\/\/holyland-olivewood.com\/no\/home\/"},{"@type":"ListItem","position":2,"name":"Se alle produkter","item":"https:\/\/holyland-olivewood.com\/no\/shop\/"},{"@type":"ListItem","position":3,"name":"Jerusalem Olivewood Slimline Twist Pen med lasergravering og pistolmetallfester #PE104"}]},{"@type":"WebSite","@id":"https:\/\/holyland-olivewood.com\/no\/#website","url":"https:\/\/holyland-olivewood.com\/no\/","name":"Holy Land Olive Wood - Bethlehem Olive Wood Factory","description":"Holy Land Olivewood Bethlehem","publisher":{"@id":"https:\/\/holyland-olivewood.com\/no\/#organization"},"potentialAction":[{"@type":"SearchAction","target":{"@type":"EntryPoint","urlTemplate":"https:\/\/holyland-olivewood.com\/no\/?s={search_term_string}"},"query-input":{"@type":"PropertyValueSpecification","valueRequired":true,"valueName":"search_term_string"}}],"inLanguage":"nb-NO"},{"@type":"Organization","@id":"https:\/\/holyland-olivewood.com\/no\/#organization","name":"Holy Land Olivewood","url":"https:\/\/holyland-olivewood.com\/no\/","logo":{"@type":"ImageObject","inLanguage":"nb-NO","@id":"https:\/\/holyland-olivewood.com\/no\/#\/schema\/logo\/image\/","url":"","contentUrl":"","caption":"Holy Land Olivewood"},"image":{"@id":"https:\/\/holyland-olivewood.com\/no\/#\/schema\/logo\/image\/"},"sameAs":["https:\/\/www.facebook.com\/holylandolivewood.bethlehem\/","http:\/\/instagram.com\/holy.land.olive.wood"]}]}},"_links":{"self":[{"href":"https:\/\/holyland-olivewood.com\/no\/wp-json\/wp\/v2\/product\/42931","targetHints":{"allow":["GET"]}}],"collection":[{"href":"https:\/\/holyland-olivewood.com\/no\/wp-json\/wp\/v2\/product"}],"about":[{"href":"https:\/\/holyland-olivewood.com\/no\/wp-json\/wp\/v2\/types\/product"}],"replies":[{"embeddable":true,"href":"https:\/\/holyland-olivewood.com\/no\/wp-json\/wp\/v2\/comments?post=42931"}],"version-history":[{"count":0,"href":"https:\/\/holyland-olivewood.com\/no\/wp-json\/wp\/v2\/product\/42931\/revisions"}],"wp:featuredmedia":[{"embeddable":true,"href":"https:\/\/holyland-olivewood.com\/no\/wp-json\/wp\/v2\/media\/33668"}],"wp:attachment":[{"href":"https:\/\/holyland-olivewood.com\/no\/wp-json\/wp\/v2\/media?parent=42931"}],"wp:term":[{"taxonomy":"product_brand","embeddable":true,"href":"https:\/\/holyland-olivewood.com\/no\/wp-json\/wp\/v2\/product_brand?post=42931"},{"taxonomy":"product_cat","embeddable":true,"href":"https:\/\/holyland-olivewood.com\/no\/wp-json\/wp\/v2\/product_cat?post=42931"},{"taxonomy":"product_tag","embeddable":true,"href":"https:\/\/holyland-olivewood.com\/no\/wp-json\/wp\/v2\/product_tag?post=42931"}],"curies":[{"name":"wp","href":"https:\/\/api.w.org\/{rel}","templated":true}]}}