{"id":41042,"date":"2020-06-20T19:09:50","date_gmt":"2022-02-07T05:28:06","guid":{"rendered":"https:\/\/holyland-olivewood.com\/product\/handlaget-bethlehem-executive-penn-i-oliventre-med-krom-pe124\/"},"modified":"2022-02-07T05:28:06","modified_gmt":"2022-02-07T05:28:06","slug":"handlaget-betlehem-oliventre-executive-penn-m-krom-pe124","status":"publish","type":"product","link":"https:\/\/holyland-olivewood.com\/no\/produkt\/handlaget-betlehem-oliventre-executive-penn-m-krom-pe124\/","title":{"rendered":"H\u00e5ndlaget Bethlehem Executive-penn i oliventre med krom #PE124"},"content":{"rendered":"","protected":false},"excerpt":{"rendered":"<p>Denne h\u00e5nddreide minnepennen vil vare livet ut, og er en flott gave til alle som setter pris p\u00e5 h\u00e5ndverk og naturmaterialers r\u00e5 skj\u00f8nnhet. Denne pennens grep er laget av b\u00e6rekraftig h\u00f8stet, ekte Bethlehem Olivewood.<\/p>\n<p>Dette eksotiske materialet har en jevnere finish enn nesten noe annet tre, og dets sterkt kontrasterende \u00e5rem\u00f8nster imponerer aldri<\/p>\n<p>Hver penn kommer med en utstillingsboks og et ekthetssertifikat, som bekrefter materialene og teknikkene som brukes for \u00e5 lage dette produktet.<\/p>\n<p><strong>Modell:<\/strong> PSI Executive &laquo;Twist Pen&raquo;<br \/>\n<strong>Type:<\/strong> Parker\u00ae-p\u00e5fylling<br \/>\n<strong>Farge:<\/strong> Sort<br \/>\n<strong>Gjenfyllbar:<\/strong> Ja<br \/>\n<strong>Grep:<\/strong> Bethlehem Olivewood<br \/>\n<strong>Inventar:<\/strong> Chrome<br \/>\n<strong>Finish:<\/strong> Lavglans lakk<br \/>\n<strong>St\u00f8rrelse:<\/strong> 1,3 cm x 13 cm (1\/2&#8243; x 5-1\/8&#8243;)<\/p>\n","protected":false},"featured_media":37351,"comment_status":"closed","ping_status":"closed","template":"","meta":[],"product_brand":[],"product_cat":[1046,2371],"product_tag":[1049,1077,1454,2373],"class_list":{"0":"post-41042","1":"product","2":"type-product","3":"status-publish","4":"has-post-thumbnail","6":"product_cat-kunsthaandvaerk-no","7":"product_cat-penner-og-bordutstyr","8":"product_tag-betlehem-no","9":"product_tag-oliventrae-no","10":"product_tag-penn","11":"product_tag-penner","13":"first","14":"outofstock","15":"shipping-taxable","16":"purchasable","17":"product-type-simple"},"yoast_head":"<!-- This site is optimized with the Yoast SEO plugin v27.3 - https:\/\/yoast.com\/product\/yoast-seo-wordpress\/ -->\n<title>H\u00e5ndlaget Bethlehem Executive-penn i oliventre med krom #PE124 - Holy Land Olive Wood - Bethlehem Olive Wood Factory<\/title>\n<meta name=\"description\" content=\"Bethlehem oliventre penner og bordartikler (dvs. pennholder, penneesker) emner, utskj\u00e6ringer og mer fra det hellige land og r\u00e5vare i standard og tilpassede dimensjoner.\" \/>\n<meta name=\"robots\" content=\"index, follow, max-snippet:-1, max-image-preview:large, max-video-preview:-1\" \/>\n<link rel=\"canonical\" href=\"https:\/\/holyland-olivewood.com\/no\/produkt\/handlaget-betlehem-oliventre-executive-penn-m-krom-pe124\/\" \/>\n<meta property=\"og:locale\" content=\"nb_NO\" \/>\n<meta property=\"og:type\" content=\"article\" \/>\n<meta property=\"og:title\" content=\"H\u00e5ndlaget Bethlehem Executive-penn i oliventre med krom #PE124 - Holy Land Olive Wood - Bethlehem Olive Wood Factory\" \/>\n<meta property=\"og:description\" content=\"Bethlehem oliventre penner og bordartikler (dvs. pennholder, penneesker) emner, utskj\u00e6ringer og mer fra det hellige land og r\u00e5vare i standard og tilpassede dimensjoner.\" \/>\n<meta property=\"og:url\" content=\"https:\/\/holyland-olivewood.com\/no\/produkt\/handlaget-betlehem-oliventre-executive-penn-m-krom-pe124\/\" \/>\n<meta property=\"og:site_name\" content=\"Holy Land Olive Wood - Bethlehem Olive Wood Factory\" \/>\n<meta property=\"article:publisher\" content=\"https:\/\/www.facebook.com\/holylandolivewood.bethlehem\/\" \/>\n<meta property=\"og:image\" content=\"https:\/\/holyland-olivewood.com\/wp-content\/uploads\/2018\/01\/pen_holy_land_olive_wood_bethlehem_pe124_1.jpg\" \/>\n\t<meta property=\"og:image:width\" content=\"1550\" \/>\n\t<meta property=\"og:image:height\" content=\"1200\" \/>\n\t<meta property=\"og:image:type\" content=\"image\/jpeg\" \/>\n<meta name=\"twitter:card\" content=\"summary_large_image\" \/>\n<script type=\"application\/ld+json\" class=\"yoast-schema-graph\">{\"@context\":\"https:\\\/\\\/schema.org\",\"@graph\":[{\"@type\":\"WebPage\",\"@id\":\"https:\\\/\\\/holyland-olivewood.com\\\/no\\\/produkt\\\/handlaget-betlehem-oliventre-executive-penn-m-krom-pe124\\\/\",\"url\":\"https:\\\/\\\/holyland-olivewood.com\\\/no\\\/produkt\\\/handlaget-betlehem-oliventre-executive-penn-m-krom-pe124\\\/\",\"name\":\"H\u00e5ndlaget Bethlehem Executive-penn i oliventre med krom #PE124 - Holy Land Olive Wood - Bethlehem Olive Wood Factory\",\"isPartOf\":{\"@id\":\"https:\\\/\\\/holyland-olivewood.com\\\/no\\\/#website\"},\"primaryImageOfPage\":{\"@id\":\"https:\\\/\\\/holyland-olivewood.com\\\/no\\\/produkt\\\/handlaget-betlehem-oliventre-executive-penn-m-krom-pe124\\\/#primaryimage\"},\"image\":{\"@id\":\"https:\\\/\\\/holyland-olivewood.com\\\/no\\\/produkt\\\/handlaget-betlehem-oliventre-executive-penn-m-krom-pe124\\\/#primaryimage\"},\"thumbnailUrl\":\"https:\\\/\\\/holyland-olivewood.com\\\/wp-content\\\/uploads\\\/2018\\\/01\\\/pen_holy_land_olive_wood_bethlehem_pe124_1.jpg\",\"datePublished\":\"2022-02-07T05:28:06+00:00\",\"description\":\"Bethlehem oliventre penner og bordartikler (dvs. pennholder, penneesker) emner, utskj\u00e6ringer og mer fra det hellige land og r\u00e5vare i standard og tilpassede dimensjoner.\",\"breadcrumb\":{\"@id\":\"https:\\\/\\\/holyland-olivewood.com\\\/no\\\/produkt\\\/handlaget-betlehem-oliventre-executive-penn-m-krom-pe124\\\/#breadcrumb\"},\"inLanguage\":\"nb-NO\",\"potentialAction\":[{\"@type\":\"ReadAction\",\"target\":[\"https:\\\/\\\/holyland-olivewood.com\\\/no\\\/produkt\\\/handlaget-betlehem-oliventre-executive-penn-m-krom-pe124\\\/\"]}]},{\"@type\":\"ImageObject\",\"inLanguage\":\"nb-NO\",\"@id\":\"https:\\\/\\\/holyland-olivewood.com\\\/no\\\/produkt\\\/handlaget-betlehem-oliventre-executive-penn-m-krom-pe124\\\/#primaryimage\",\"url\":\"https:\\\/\\\/holyland-olivewood.com\\\/wp-content\\\/uploads\\\/2018\\\/01\\\/pen_holy_land_olive_wood_bethlehem_pe124_1.jpg\",\"contentUrl\":\"https:\\\/\\\/holyland-olivewood.com\\\/wp-content\\\/uploads\\\/2018\\\/01\\\/pen_holy_land_olive_wood_bethlehem_pe124_1.jpg\",\"width\":1550,\"height\":1200},{\"@type\":\"BreadcrumbList\",\"@id\":\"https:\\\/\\\/holyland-olivewood.com\\\/no\\\/produkt\\\/handlaget-betlehem-oliventre-executive-penn-m-krom-pe124\\\/#breadcrumb\",\"itemListElement\":[{\"@type\":\"ListItem\",\"position\":1,\"name\":\"Home\",\"item\":\"https:\\\/\\\/holyland-olivewood.com\\\/no\\\/home\\\/\"},{\"@type\":\"ListItem\",\"position\":2,\"name\":\"Se alle produkter\",\"item\":\"https:\\\/\\\/holyland-olivewood.com\\\/no\\\/shop\\\/\"},{\"@type\":\"ListItem\",\"position\":3,\"name\":\"H\u00e5ndlaget Bethlehem Executive-penn i oliventre med krom #PE124\"}]},{\"@type\":\"WebSite\",\"@id\":\"https:\\\/\\\/holyland-olivewood.com\\\/no\\\/#website\",\"url\":\"https:\\\/\\\/holyland-olivewood.com\\\/no\\\/\",\"name\":\"Holy Land Olive Wood - Bethlehem Olive Wood Factory\",\"description\":\"Holy Land Olivewood Bethlehem\",\"publisher\":{\"@id\":\"https:\\\/\\\/holyland-olivewood.com\\\/no\\\/#organization\"},\"potentialAction\":[{\"@type\":\"SearchAction\",\"target\":{\"@type\":\"EntryPoint\",\"urlTemplate\":\"https:\\\/\\\/holyland-olivewood.com\\\/no\\\/?s={search_term_string}\"},\"query-input\":{\"@type\":\"PropertyValueSpecification\",\"valueRequired\":true,\"valueName\":\"search_term_string\"}}],\"inLanguage\":\"nb-NO\"},{\"@type\":\"Organization\",\"@id\":\"https:\\\/\\\/holyland-olivewood.com\\\/no\\\/#organization\",\"name\":\"Holy Land Olivewood\",\"url\":\"https:\\\/\\\/holyland-olivewood.com\\\/no\\\/\",\"logo\":{\"@type\":\"ImageObject\",\"inLanguage\":\"nb-NO\",\"@id\":\"https:\\\/\\\/holyland-olivewood.com\\\/no\\\/#\\\/schema\\\/logo\\\/image\\\/\",\"url\":\"\",\"contentUrl\":\"\",\"caption\":\"Holy Land Olivewood\"},\"image\":{\"@id\":\"https:\\\/\\\/holyland-olivewood.com\\\/no\\\/#\\\/schema\\\/logo\\\/image\\\/\"},\"sameAs\":[\"https:\\\/\\\/www.facebook.com\\\/holylandolivewood.bethlehem\\\/\",\"http:\\\/\\\/instagram.com\\\/holy.land.olive.wood\"]}]}<\/script>\n<!-- \/ Yoast SEO plugin. -->","yoast_head_json":{"title":"H\u00e5ndlaget Bethlehem Executive-penn i oliventre med krom #PE124 - Holy Land Olive Wood - Bethlehem Olive Wood Factory","description":"Bethlehem oliventre penner og bordartikler (dvs. pennholder, penneesker) emner, utskj\u00e6ringer og mer fra det hellige land og r\u00e5vare i standard og tilpassede dimensjoner.","robots":{"index":"index","follow":"follow","max-snippet":"max-snippet:-1","max-image-preview":"max-image-preview:large","max-video-preview":"max-video-preview:-1"},"canonical":"https:\/\/holyland-olivewood.com\/no\/produkt\/handlaget-betlehem-oliventre-executive-penn-m-krom-pe124\/","og_locale":"nb_NO","og_type":"article","og_title":"H\u00e5ndlaget Bethlehem Executive-penn i oliventre med krom #PE124 - Holy Land Olive Wood - Bethlehem Olive Wood Factory","og_description":"Bethlehem oliventre penner og bordartikler (dvs. pennholder, penneesker) emner, utskj\u00e6ringer og mer fra det hellige land og r\u00e5vare i standard og tilpassede dimensjoner.","og_url":"https:\/\/holyland-olivewood.com\/no\/produkt\/handlaget-betlehem-oliventre-executive-penn-m-krom-pe124\/","og_site_name":"Holy Land Olive Wood - Bethlehem Olive Wood Factory","article_publisher":"https:\/\/www.facebook.com\/holylandolivewood.bethlehem\/","og_image":[{"width":1550,"height":1200,"url":"https:\/\/holyland-olivewood.com\/wp-content\/uploads\/2018\/01\/pen_holy_land_olive_wood_bethlehem_pe124_1.jpg","type":"image\/jpeg"}],"twitter_card":"summary_large_image","schema":{"@context":"https:\/\/schema.org","@graph":[{"@type":"WebPage","@id":"https:\/\/holyland-olivewood.com\/no\/produkt\/handlaget-betlehem-oliventre-executive-penn-m-krom-pe124\/","url":"https:\/\/holyland-olivewood.com\/no\/produkt\/handlaget-betlehem-oliventre-executive-penn-m-krom-pe124\/","name":"H\u00e5ndlaget Bethlehem Executive-penn i oliventre med krom #PE124 - Holy Land Olive Wood - Bethlehem Olive Wood Factory","isPartOf":{"@id":"https:\/\/holyland-olivewood.com\/no\/#website"},"primaryImageOfPage":{"@id":"https:\/\/holyland-olivewood.com\/no\/produkt\/handlaget-betlehem-oliventre-executive-penn-m-krom-pe124\/#primaryimage"},"image":{"@id":"https:\/\/holyland-olivewood.com\/no\/produkt\/handlaget-betlehem-oliventre-executive-penn-m-krom-pe124\/#primaryimage"},"thumbnailUrl":"https:\/\/holyland-olivewood.com\/wp-content\/uploads\/2018\/01\/pen_holy_land_olive_wood_bethlehem_pe124_1.jpg","datePublished":"2022-02-07T05:28:06+00:00","description":"Bethlehem oliventre penner og bordartikler (dvs. pennholder, penneesker) emner, utskj\u00e6ringer og mer fra det hellige land og r\u00e5vare i standard og tilpassede dimensjoner.","breadcrumb":{"@id":"https:\/\/holyland-olivewood.com\/no\/produkt\/handlaget-betlehem-oliventre-executive-penn-m-krom-pe124\/#breadcrumb"},"inLanguage":"nb-NO","potentialAction":[{"@type":"ReadAction","target":["https:\/\/holyland-olivewood.com\/no\/produkt\/handlaget-betlehem-oliventre-executive-penn-m-krom-pe124\/"]}]},{"@type":"ImageObject","inLanguage":"nb-NO","@id":"https:\/\/holyland-olivewood.com\/no\/produkt\/handlaget-betlehem-oliventre-executive-penn-m-krom-pe124\/#primaryimage","url":"https:\/\/holyland-olivewood.com\/wp-content\/uploads\/2018\/01\/pen_holy_land_olive_wood_bethlehem_pe124_1.jpg","contentUrl":"https:\/\/holyland-olivewood.com\/wp-content\/uploads\/2018\/01\/pen_holy_land_olive_wood_bethlehem_pe124_1.jpg","width":1550,"height":1200},{"@type":"BreadcrumbList","@id":"https:\/\/holyland-olivewood.com\/no\/produkt\/handlaget-betlehem-oliventre-executive-penn-m-krom-pe124\/#breadcrumb","itemListElement":[{"@type":"ListItem","position":1,"name":"Home","item":"https:\/\/holyland-olivewood.com\/no\/home\/"},{"@type":"ListItem","position":2,"name":"Se alle produkter","item":"https:\/\/holyland-olivewood.com\/no\/shop\/"},{"@type":"ListItem","position":3,"name":"H\u00e5ndlaget Bethlehem Executive-penn i oliventre med krom #PE124"}]},{"@type":"WebSite","@id":"https:\/\/holyland-olivewood.com\/no\/#website","url":"https:\/\/holyland-olivewood.com\/no\/","name":"Holy Land Olive Wood - Bethlehem Olive Wood Factory","description":"Holy Land Olivewood Bethlehem","publisher":{"@id":"https:\/\/holyland-olivewood.com\/no\/#organization"},"potentialAction":[{"@type":"SearchAction","target":{"@type":"EntryPoint","urlTemplate":"https:\/\/holyland-olivewood.com\/no\/?s={search_term_string}"},"query-input":{"@type":"PropertyValueSpecification","valueRequired":true,"valueName":"search_term_string"}}],"inLanguage":"nb-NO"},{"@type":"Organization","@id":"https:\/\/holyland-olivewood.com\/no\/#organization","name":"Holy Land Olivewood","url":"https:\/\/holyland-olivewood.com\/no\/","logo":{"@type":"ImageObject","inLanguage":"nb-NO","@id":"https:\/\/holyland-olivewood.com\/no\/#\/schema\/logo\/image\/","url":"","contentUrl":"","caption":"Holy Land Olivewood"},"image":{"@id":"https:\/\/holyland-olivewood.com\/no\/#\/schema\/logo\/image\/"},"sameAs":["https:\/\/www.facebook.com\/holylandolivewood.bethlehem\/","http:\/\/instagram.com\/holy.land.olive.wood"]}]}},"_links":{"self":[{"href":"https:\/\/holyland-olivewood.com\/no\/wp-json\/wp\/v2\/product\/41042","targetHints":{"allow":["GET"]}}],"collection":[{"href":"https:\/\/holyland-olivewood.com\/no\/wp-json\/wp\/v2\/product"}],"about":[{"href":"https:\/\/holyland-olivewood.com\/no\/wp-json\/wp\/v2\/types\/product"}],"replies":[{"embeddable":true,"href":"https:\/\/holyland-olivewood.com\/no\/wp-json\/wp\/v2\/comments?post=41042"}],"version-history":[{"count":0,"href":"https:\/\/holyland-olivewood.com\/no\/wp-json\/wp\/v2\/product\/41042\/revisions"}],"wp:featuredmedia":[{"embeddable":true,"href":"https:\/\/holyland-olivewood.com\/no\/wp-json\/wp\/v2\/media\/37351"}],"wp:attachment":[{"href":"https:\/\/holyland-olivewood.com\/no\/wp-json\/wp\/v2\/media?parent=41042"}],"wp:term":[{"taxonomy":"product_brand","embeddable":true,"href":"https:\/\/holyland-olivewood.com\/no\/wp-json\/wp\/v2\/product_brand?post=41042"},{"taxonomy":"product_cat","embeddable":true,"href":"https:\/\/holyland-olivewood.com\/no\/wp-json\/wp\/v2\/product_cat?post=41042"},{"taxonomy":"product_tag","embeddable":true,"href":"https:\/\/holyland-olivewood.com\/no\/wp-json\/wp\/v2\/product_tag?post=41042"}],"curies":[{"name":"wp","href":"https:\/\/api.w.org\/{rel}","templated":true}]}}