{"id":40940,"date":"2020-08-31T08:53:58","date_gmt":"2022-02-06T20:53:48","guid":{"rendered":"https:\/\/holyland-olivewood.com\/product\/handlaget-bethlehem-oliventre-pennstativ-med-mahognibunn-penneholder-pe130\/"},"modified":"2022-02-06T20:53:48","modified_gmt":"2022-02-06T20:53:48","slug":"handlaget-jerusalem-oliventre-pennstativ-penneholder","status":"publish","type":"product","link":"https:\/\/holyland-olivewood.com\/no\/produkt\/handlaget-jerusalem-oliventre-pennstativ-penneholder\/","title":{"rendered":"H\u00e5ndlaget Bethlehem oliventre pennstativ med mahognibunn, penneholder #PE130"},"content":{"rendered":"","protected":false},"excerpt":{"rendered":"<p>Dette vakre pennstativet er h\u00e5ndlaget i Det hellige land av b\u00e6rekraftig h\u00f8stet, autentisk Bethlehem Olive Wood. Dette oliventrestykket er veldig solid og holdbart. Overflaten har en fin finish som er silkemyk \u00e5 ta p\u00e5.<\/p>\n<p>Denne varen inkluderer et ekthetssertifikat som bekrefter materialene og teknikkene som brukes for \u00e5 lage dette produktet.<\/p>\n<p>St\u00f8rrelse: 5 cm x 13 cm x 10 cm (2&#8243; x 5&#8243; x 4&#8243;)<\/p>\n","protected":false},"featured_media":37555,"comment_status":"closed","ping_status":"closed","template":"","meta":[],"product_brand":[],"product_cat":[2369,1046,2371],"product_tag":[1049,1077,1454,2376,2373,2374],"class_list":{"0":"post-40940","1":"product","2":"type-product","3":"status-publish","4":"has-post-thumbnail","6":"product_cat-blanke-penner","7":"product_cat-kunsthaandvaerk-no","8":"product_cat-penner-og-bordutstyr","9":"product_tag-betlehem-no","10":"product_tag-oliventrae-no","11":"product_tag-penn","12":"product_tag-penneholder-av-tre","13":"product_tag-penner","14":"product_tag-pennestativ-av-tre","16":"first","17":"instock","18":"shipping-taxable","19":"purchasable","20":"product-type-simple"},"yoast_head":"<!-- This site is optimized with the Yoast SEO plugin v27.3 - https:\/\/yoast.com\/product\/yoast-seo-wordpress\/ -->\n<title>H\u00e5ndlaget Jerusalem Olivewood Pen Stativ Penneholder<\/title>\n<meta name=\"description\" content=\"Jerusalem Olivewood pennholder (dvs. pennstativ) emner, utskj\u00e6ringer og mer fra det hellige land &amp; r\u00e5 lager i standard og tilpassede dimensjoner.\" \/>\n<meta name=\"robots\" content=\"index, follow, max-snippet:-1, max-image-preview:large, max-video-preview:-1\" \/>\n<link rel=\"canonical\" href=\"https:\/\/holyland-olivewood.com\/no\/produkt\/handlaget-jerusalem-oliventre-pennstativ-penneholder\/\" \/>\n<meta property=\"og:locale\" content=\"nb_NO\" \/>\n<meta property=\"og:type\" content=\"article\" \/>\n<meta property=\"og:title\" content=\"H\u00e5ndlaget Jerusalem Olivewood Pen Stativ Penneholder\" \/>\n<meta property=\"og:description\" content=\"Jerusalem Olivewood pennholder (dvs. pennstativ) emner, utskj\u00e6ringer og mer fra det hellige land &amp; r\u00e5 lager i standard og tilpassede dimensjoner.\" \/>\n<meta property=\"og:url\" content=\"https:\/\/holyland-olivewood.com\/no\/produkt\/handlaget-jerusalem-oliventre-pennstativ-penneholder\/\" \/>\n<meta property=\"og:site_name\" content=\"Holy Land Olive Wood - Bethlehem Olive Wood Factory\" \/>\n<meta property=\"article:publisher\" content=\"https:\/\/www.facebook.com\/holylandolivewood.bethlehem\/\" \/>\n<meta property=\"og:image\" content=\"https:\/\/holyland-olivewood.com\/wp-content\/uploads\/2020\/08\/Jerusalem_wooden_pen_stand_pen_holde_PE130_1.jpg\" \/>\n\t<meta property=\"og:image:width\" content=\"1550\" \/>\n\t<meta property=\"og:image:height\" content=\"1200\" \/>\n\t<meta property=\"og:image:type\" content=\"image\/jpeg\" \/>\n<meta name=\"twitter:card\" content=\"summary_large_image\" \/>\n<script type=\"application\/ld+json\" class=\"yoast-schema-graph\">{\"@context\":\"https:\\\/\\\/schema.org\",\"@graph\":[{\"@type\":\"WebPage\",\"@id\":\"https:\\\/\\\/holyland-olivewood.com\\\/no\\\/produkt\\\/handlaget-jerusalem-oliventre-pennstativ-penneholder\\\/\",\"url\":\"https:\\\/\\\/holyland-olivewood.com\\\/no\\\/produkt\\\/handlaget-jerusalem-oliventre-pennstativ-penneholder\\\/\",\"name\":\"H\u00e5ndlaget Jerusalem Olivewood Pen Stativ Penneholder\",\"isPartOf\":{\"@id\":\"https:\\\/\\\/holyland-olivewood.com\\\/no\\\/#website\"},\"primaryImageOfPage\":{\"@id\":\"https:\\\/\\\/holyland-olivewood.com\\\/no\\\/produkt\\\/handlaget-jerusalem-oliventre-pennstativ-penneholder\\\/#primaryimage\"},\"image\":{\"@id\":\"https:\\\/\\\/holyland-olivewood.com\\\/no\\\/produkt\\\/handlaget-jerusalem-oliventre-pennstativ-penneholder\\\/#primaryimage\"},\"thumbnailUrl\":\"https:\\\/\\\/holyland-olivewood.com\\\/wp-content\\\/uploads\\\/2020\\\/08\\\/Jerusalem_wooden_pen_stand_pen_holde_PE130_1.jpg\",\"datePublished\":\"2022-02-06T20:53:48+00:00\",\"description\":\"Jerusalem Olivewood pennholder (dvs. pennstativ) emner, utskj\u00e6ringer og mer fra det hellige land & r\u00e5 lager i standard og tilpassede dimensjoner.\",\"breadcrumb\":{\"@id\":\"https:\\\/\\\/holyland-olivewood.com\\\/no\\\/produkt\\\/handlaget-jerusalem-oliventre-pennstativ-penneholder\\\/#breadcrumb\"},\"inLanguage\":\"nb-NO\",\"potentialAction\":[{\"@type\":\"ReadAction\",\"target\":[\"https:\\\/\\\/holyland-olivewood.com\\\/no\\\/produkt\\\/handlaget-jerusalem-oliventre-pennstativ-penneholder\\\/\"]}]},{\"@type\":\"ImageObject\",\"inLanguage\":\"nb-NO\",\"@id\":\"https:\\\/\\\/holyland-olivewood.com\\\/no\\\/produkt\\\/handlaget-jerusalem-oliventre-pennstativ-penneholder\\\/#primaryimage\",\"url\":\"https:\\\/\\\/holyland-olivewood.com\\\/wp-content\\\/uploads\\\/2020\\\/08\\\/Jerusalem_wooden_pen_stand_pen_holde_PE130_1.jpg\",\"contentUrl\":\"https:\\\/\\\/holyland-olivewood.com\\\/wp-content\\\/uploads\\\/2020\\\/08\\\/Jerusalem_wooden_pen_stand_pen_holde_PE130_1.jpg\",\"width\":1550,\"height\":1200},{\"@type\":\"BreadcrumbList\",\"@id\":\"https:\\\/\\\/holyland-olivewood.com\\\/no\\\/produkt\\\/handlaget-jerusalem-oliventre-pennstativ-penneholder\\\/#breadcrumb\",\"itemListElement\":[{\"@type\":\"ListItem\",\"position\":1,\"name\":\"Home\",\"item\":\"https:\\\/\\\/holyland-olivewood.com\\\/no\\\/home\\\/\"},{\"@type\":\"ListItem\",\"position\":2,\"name\":\"Se alle produkter\",\"item\":\"https:\\\/\\\/holyland-olivewood.com\\\/no\\\/shop\\\/\"},{\"@type\":\"ListItem\",\"position\":3,\"name\":\"H\u00e5ndlaget Bethlehem oliventre pennstativ med mahognibunn, penneholder #PE130\"}]},{\"@type\":\"WebSite\",\"@id\":\"https:\\\/\\\/holyland-olivewood.com\\\/no\\\/#website\",\"url\":\"https:\\\/\\\/holyland-olivewood.com\\\/no\\\/\",\"name\":\"Holy Land Olive Wood - Bethlehem Olive Wood Factory\",\"description\":\"Holy Land Olivewood Bethlehem\",\"publisher\":{\"@id\":\"https:\\\/\\\/holyland-olivewood.com\\\/no\\\/#organization\"},\"potentialAction\":[{\"@type\":\"SearchAction\",\"target\":{\"@type\":\"EntryPoint\",\"urlTemplate\":\"https:\\\/\\\/holyland-olivewood.com\\\/no\\\/?s={search_term_string}\"},\"query-input\":{\"@type\":\"PropertyValueSpecification\",\"valueRequired\":true,\"valueName\":\"search_term_string\"}}],\"inLanguage\":\"nb-NO\"},{\"@type\":\"Organization\",\"@id\":\"https:\\\/\\\/holyland-olivewood.com\\\/no\\\/#organization\",\"name\":\"Holy Land Olivewood\",\"url\":\"https:\\\/\\\/holyland-olivewood.com\\\/no\\\/\",\"logo\":{\"@type\":\"ImageObject\",\"inLanguage\":\"nb-NO\",\"@id\":\"https:\\\/\\\/holyland-olivewood.com\\\/no\\\/#\\\/schema\\\/logo\\\/image\\\/\",\"url\":\"\",\"contentUrl\":\"\",\"caption\":\"Holy Land Olivewood\"},\"image\":{\"@id\":\"https:\\\/\\\/holyland-olivewood.com\\\/no\\\/#\\\/schema\\\/logo\\\/image\\\/\"},\"sameAs\":[\"https:\\\/\\\/www.facebook.com\\\/holylandolivewood.bethlehem\\\/\",\"http:\\\/\\\/instagram.com\\\/holy.land.olive.wood\"]}]}<\/script>\n<!-- \/ Yoast SEO plugin. -->","yoast_head_json":{"title":"H\u00e5ndlaget Jerusalem Olivewood Pen Stativ Penneholder","description":"Jerusalem Olivewood pennholder (dvs. pennstativ) emner, utskj\u00e6ringer og mer fra det hellige land & r\u00e5 lager i standard og tilpassede dimensjoner.","robots":{"index":"index","follow":"follow","max-snippet":"max-snippet:-1","max-image-preview":"max-image-preview:large","max-video-preview":"max-video-preview:-1"},"canonical":"https:\/\/holyland-olivewood.com\/no\/produkt\/handlaget-jerusalem-oliventre-pennstativ-penneholder\/","og_locale":"nb_NO","og_type":"article","og_title":"H\u00e5ndlaget Jerusalem Olivewood Pen Stativ Penneholder","og_description":"Jerusalem Olivewood pennholder (dvs. pennstativ) emner, utskj\u00e6ringer og mer fra det hellige land & r\u00e5 lager i standard og tilpassede dimensjoner.","og_url":"https:\/\/holyland-olivewood.com\/no\/produkt\/handlaget-jerusalem-oliventre-pennstativ-penneholder\/","og_site_name":"Holy Land Olive Wood - Bethlehem Olive Wood Factory","article_publisher":"https:\/\/www.facebook.com\/holylandolivewood.bethlehem\/","og_image":[{"width":1550,"height":1200,"url":"https:\/\/holyland-olivewood.com\/wp-content\/uploads\/2020\/08\/Jerusalem_wooden_pen_stand_pen_holde_PE130_1.jpg","type":"image\/jpeg"}],"twitter_card":"summary_large_image","schema":{"@context":"https:\/\/schema.org","@graph":[{"@type":"WebPage","@id":"https:\/\/holyland-olivewood.com\/no\/produkt\/handlaget-jerusalem-oliventre-pennstativ-penneholder\/","url":"https:\/\/holyland-olivewood.com\/no\/produkt\/handlaget-jerusalem-oliventre-pennstativ-penneholder\/","name":"H\u00e5ndlaget Jerusalem Olivewood Pen Stativ Penneholder","isPartOf":{"@id":"https:\/\/holyland-olivewood.com\/no\/#website"},"primaryImageOfPage":{"@id":"https:\/\/holyland-olivewood.com\/no\/produkt\/handlaget-jerusalem-oliventre-pennstativ-penneholder\/#primaryimage"},"image":{"@id":"https:\/\/holyland-olivewood.com\/no\/produkt\/handlaget-jerusalem-oliventre-pennstativ-penneholder\/#primaryimage"},"thumbnailUrl":"https:\/\/holyland-olivewood.com\/wp-content\/uploads\/2020\/08\/Jerusalem_wooden_pen_stand_pen_holde_PE130_1.jpg","datePublished":"2022-02-06T20:53:48+00:00","description":"Jerusalem Olivewood pennholder (dvs. pennstativ) emner, utskj\u00e6ringer og mer fra det hellige land & r\u00e5 lager i standard og tilpassede dimensjoner.","breadcrumb":{"@id":"https:\/\/holyland-olivewood.com\/no\/produkt\/handlaget-jerusalem-oliventre-pennstativ-penneholder\/#breadcrumb"},"inLanguage":"nb-NO","potentialAction":[{"@type":"ReadAction","target":["https:\/\/holyland-olivewood.com\/no\/produkt\/handlaget-jerusalem-oliventre-pennstativ-penneholder\/"]}]},{"@type":"ImageObject","inLanguage":"nb-NO","@id":"https:\/\/holyland-olivewood.com\/no\/produkt\/handlaget-jerusalem-oliventre-pennstativ-penneholder\/#primaryimage","url":"https:\/\/holyland-olivewood.com\/wp-content\/uploads\/2020\/08\/Jerusalem_wooden_pen_stand_pen_holde_PE130_1.jpg","contentUrl":"https:\/\/holyland-olivewood.com\/wp-content\/uploads\/2020\/08\/Jerusalem_wooden_pen_stand_pen_holde_PE130_1.jpg","width":1550,"height":1200},{"@type":"BreadcrumbList","@id":"https:\/\/holyland-olivewood.com\/no\/produkt\/handlaget-jerusalem-oliventre-pennstativ-penneholder\/#breadcrumb","itemListElement":[{"@type":"ListItem","position":1,"name":"Home","item":"https:\/\/holyland-olivewood.com\/no\/home\/"},{"@type":"ListItem","position":2,"name":"Se alle produkter","item":"https:\/\/holyland-olivewood.com\/no\/shop\/"},{"@type":"ListItem","position":3,"name":"H\u00e5ndlaget Bethlehem oliventre pennstativ med mahognibunn, penneholder #PE130"}]},{"@type":"WebSite","@id":"https:\/\/holyland-olivewood.com\/no\/#website","url":"https:\/\/holyland-olivewood.com\/no\/","name":"Holy Land Olive Wood - Bethlehem Olive Wood Factory","description":"Holy Land Olivewood Bethlehem","publisher":{"@id":"https:\/\/holyland-olivewood.com\/no\/#organization"},"potentialAction":[{"@type":"SearchAction","target":{"@type":"EntryPoint","urlTemplate":"https:\/\/holyland-olivewood.com\/no\/?s={search_term_string}"},"query-input":{"@type":"PropertyValueSpecification","valueRequired":true,"valueName":"search_term_string"}}],"inLanguage":"nb-NO"},{"@type":"Organization","@id":"https:\/\/holyland-olivewood.com\/no\/#organization","name":"Holy Land Olivewood","url":"https:\/\/holyland-olivewood.com\/no\/","logo":{"@type":"ImageObject","inLanguage":"nb-NO","@id":"https:\/\/holyland-olivewood.com\/no\/#\/schema\/logo\/image\/","url":"","contentUrl":"","caption":"Holy Land Olivewood"},"image":{"@id":"https:\/\/holyland-olivewood.com\/no\/#\/schema\/logo\/image\/"},"sameAs":["https:\/\/www.facebook.com\/holylandolivewood.bethlehem\/","http:\/\/instagram.com\/holy.land.olive.wood"]}]}},"_links":{"self":[{"href":"https:\/\/holyland-olivewood.com\/no\/wp-json\/wp\/v2\/product\/40940","targetHints":{"allow":["GET"]}}],"collection":[{"href":"https:\/\/holyland-olivewood.com\/no\/wp-json\/wp\/v2\/product"}],"about":[{"href":"https:\/\/holyland-olivewood.com\/no\/wp-json\/wp\/v2\/types\/product"}],"replies":[{"embeddable":true,"href":"https:\/\/holyland-olivewood.com\/no\/wp-json\/wp\/v2\/comments?post=40940"}],"version-history":[{"count":0,"href":"https:\/\/holyland-olivewood.com\/no\/wp-json\/wp\/v2\/product\/40940\/revisions"}],"wp:featuredmedia":[{"embeddable":true,"href":"https:\/\/holyland-olivewood.com\/no\/wp-json\/wp\/v2\/media\/37555"}],"wp:attachment":[{"href":"https:\/\/holyland-olivewood.com\/no\/wp-json\/wp\/v2\/media?parent=40940"}],"wp:term":[{"taxonomy":"product_brand","embeddable":true,"href":"https:\/\/holyland-olivewood.com\/no\/wp-json\/wp\/v2\/product_brand?post=40940"},{"taxonomy":"product_cat","embeddable":true,"href":"https:\/\/holyland-olivewood.com\/no\/wp-json\/wp\/v2\/product_cat?post=40940"},{"taxonomy":"product_tag","embeddable":true,"href":"https:\/\/holyland-olivewood.com\/no\/wp-json\/wp\/v2\/product_tag?post=40940"}],"curies":[{"name":"wp","href":"https:\/\/api.w.org\/{rel}","templated":true}]}}