{"id":40709,"date":"2020-10-20T11:37:11","date_gmt":"2020-10-20T11:37:11","guid":{"rendered":"https:\/\/holyland-olivewood.com\/product\/velsignelser-fra-jerusalem-salvingsolje-10-ml-jasmin-ot113\/"},"modified":"2022-02-06T14:04:29","modified_gmt":"2022-02-06T14:04:29","slug":"velsignelser-fra-jerusalem-salve-oljer-10-ml-jasmin-ot113","status":"publish","type":"product","link":"https:\/\/holyland-olivewood.com\/no\/produkt\/velsignelser-fra-jerusalem-salve-oljer-10-ml-jasmin-ot113\/","title":{"rendered":"Velsignelser fra Jerusalem Salvingsolje 10 ml &laquo;Jasmin&raquo; #OT113"},"content":{"rendered":"","protected":false},"excerpt":{"rendered":"<p>Denne salvingsoljen er laget i det hellige land, landet Jesus vandret. Ved \u00e5 bruke naturlige, rene jomfruolivenoljer fra Galilea og Jerusalem, blir disse elementene deretter duftet med kassia, r\u00f8kelse, myrra og bibelske blomster med urteessens som er karakteristisk for Det hellige land.<br \/>\nDen prim\u00e6re hensikten med \u00e5 salve med den hellige salvingsoljen er \u00e5 helliggj\u00f8re, \u00e5 &#8216;separere&#8217; den salvede til tjenestearbeid og ledet av HANS Hellige \u00c5nd.<br \/>\nSalvelse med olje under ledelse av Den Hellige \u00c5nd, sammen med omvendelse f\u00f8rer til en \u00abadskillelse\u00bb av den troende for Guds hensikter.<\/p>\n<p>St\u00f8rrelse: 10 ml.<br \/>\nHellig b\u00f8nneolje.<\/p>\n","protected":false},"featured_media":38130,"comment_status":"closed","ping_status":"closed","template":"","meta":[],"product_brand":[],"product_cat":[1612,1610],"product_tag":[1173,1049,1647,1614,1163,1122,1215,1109,1127,1092,1626,1102,4086,1097,1629,1119,1177,1157,1141,1136,1621,1640,1131,1068,1077,1653,1180,1633,1650,1223,1644,1071,1082,1617,1636],"class_list":{"0":"post-40709","1":"product","2":"type-product","3":"status-publish","4":"has-post-thumbnail","6":"product_cat-andre-gjenstander","7":"product_cat-diverse-no","8":"product_tag-af-no","9":"product_tag-betlehem-no","10":"product_tag-ekte","11":"product_tag-elv","12":"product_tag-foedselskirken-no","13":"product_tag-ga","14":"product_tag-gaver","15":"product_tag-haandlavet-no","16":"product_tag-haandvaerk-no","17":"product_tag-hellig-no","18":"product_tag-hjerte-no","19":"product_tag-jerusalem-no","20":"product_tag-jesus-no-2","21":"product_tag-jord-no","22":"product_tag-jordan-no","23":"product_tag-jul-no","24":"product_tag-katolsk-no","25":"product_tag-kirke-no","26":"product_tag-kors-no","27":"product_tag-kristen-no","28":"product_tag-kristus-no","29":"product_tag-krone-no","30":"product_tag-kunsthaandvaerk-no","31":"product_tag-oliven-no","32":"product_tag-oliventrae-no","33":"product_tag-olje","34":"product_tag-ortodoks-no","35":"product_tag-rokelse","36":"product_tag-salvelse-no","37":"product_tag-sett","38":"product_tag-torner","39":"product_tag-trae-no","40":"product_tag-udskaering-no","41":"product_tag-vann","42":"product_tag-velsignelse-no","44":"first","45":"instock","46":"shipping-taxable","47":"purchasable","48":"product-type-simple"},"yoast_head":"<!-- This site is optimized with the Yoast SEO plugin v27.4 - https:\/\/yoast.com\/product\/yoast-seo-wordpress\/ -->\n<title>Velsignelser fra Jerusalem Salvingsolje 10 ml &quot;Jasmin&quot; #OT113 - Holy Land Olive Wood - Bethlehem Olive Wood Factory<\/title>\n<meta name=\"description\" content=\"Bethlehem oliventreh\u00e5ndverk (dvs. olivenoljes\u00e5pe, vann, hjerte) utskj\u00e6ringer med pennemner, oliventre og r\u00e5materiale i standard og tilpassede dimensjoner\" \/>\n<meta name=\"robots\" content=\"index, follow, max-snippet:-1, max-image-preview:large, max-video-preview:-1\" \/>\n<link rel=\"canonical\" href=\"https:\/\/holyland-olivewood.com\/no\/produkt\/velsignelser-fra-jerusalem-salve-oljer-10-ml-jasmin-ot113\/\" \/>\n<meta property=\"og:locale\" content=\"nb_NO\" \/>\n<meta property=\"og:type\" content=\"article\" \/>\n<meta property=\"og:title\" content=\"Velsignelser fra Jerusalem Salvingsolje 10 ml &quot;Jasmin&quot; #OT113 - Holy Land Olive Wood - Bethlehem Olive Wood Factory\" \/>\n<meta property=\"og:description\" content=\"Bethlehem oliventreh\u00e5ndverk (dvs. olivenoljes\u00e5pe, vann, hjerte) utskj\u00e6ringer med pennemner, oliventre og r\u00e5materiale i standard og tilpassede dimensjoner\" \/>\n<meta property=\"og:url\" content=\"https:\/\/holyland-olivewood.com\/no\/produkt\/velsignelser-fra-jerusalem-salve-oljer-10-ml-jasmin-ot113\/\" \/>\n<meta property=\"og:site_name\" content=\"Holy Land Olive Wood - Bethlehem Olive Wood Factory\" \/>\n<meta property=\"article:publisher\" content=\"https:\/\/www.facebook.com\/holylandolivewood.bethlehem\/\" \/>\n<meta property=\"article:modified_time\" content=\"2022-02-06T14:04:29+00:00\" \/>\n<meta property=\"og:image\" content=\"https:\/\/holyland-olivewood.com\/wp-content\/uploads\/2020\/10\/anointing_oil_jerusalem_holy_land_ot113.jpg\" \/>\n\t<meta property=\"og:image:width\" content=\"1550\" \/>\n\t<meta property=\"og:image:height\" content=\"1200\" \/>\n\t<meta property=\"og:image:type\" content=\"image\/jpeg\" \/>\n<meta name=\"twitter:card\" content=\"summary_large_image\" \/>\n<script type=\"application\/ld+json\" class=\"yoast-schema-graph\">{\"@context\":\"https:\\\/\\\/schema.org\",\"@graph\":[{\"@type\":\"WebPage\",\"@id\":\"https:\\\/\\\/holyland-olivewood.com\\\/no\\\/produkt\\\/velsignelser-fra-jerusalem-salve-oljer-10-ml-jasmin-ot113\\\/\",\"url\":\"https:\\\/\\\/holyland-olivewood.com\\\/no\\\/produkt\\\/velsignelser-fra-jerusalem-salve-oljer-10-ml-jasmin-ot113\\\/\",\"name\":\"Velsignelser fra Jerusalem Salvingsolje 10 ml \\\"Jasmin\\\" #OT113 - Holy Land Olive Wood - Bethlehem Olive Wood Factory\",\"isPartOf\":{\"@id\":\"https:\\\/\\\/holyland-olivewood.com\\\/no\\\/#website\"},\"primaryImageOfPage\":{\"@id\":\"https:\\\/\\\/holyland-olivewood.com\\\/no\\\/produkt\\\/velsignelser-fra-jerusalem-salve-oljer-10-ml-jasmin-ot113\\\/#primaryimage\"},\"image\":{\"@id\":\"https:\\\/\\\/holyland-olivewood.com\\\/no\\\/produkt\\\/velsignelser-fra-jerusalem-salve-oljer-10-ml-jasmin-ot113\\\/#primaryimage\"},\"thumbnailUrl\":\"https:\\\/\\\/holyland-olivewood.com\\\/wp-content\\\/uploads\\\/2020\\\/10\\\/anointing_oil_jerusalem_holy_land_ot113.jpg\",\"datePublished\":\"2020-10-20T11:37:11+00:00\",\"dateModified\":\"2022-02-06T14:04:29+00:00\",\"description\":\"Bethlehem oliventreh\u00e5ndverk (dvs. olivenoljes\u00e5pe, vann, hjerte) utskj\u00e6ringer med pennemner, oliventre og r\u00e5materiale i standard og tilpassede dimensjoner\",\"breadcrumb\":{\"@id\":\"https:\\\/\\\/holyland-olivewood.com\\\/no\\\/produkt\\\/velsignelser-fra-jerusalem-salve-oljer-10-ml-jasmin-ot113\\\/#breadcrumb\"},\"inLanguage\":\"nb-NO\",\"potentialAction\":[{\"@type\":\"ReadAction\",\"target\":[\"https:\\\/\\\/holyland-olivewood.com\\\/no\\\/produkt\\\/velsignelser-fra-jerusalem-salve-oljer-10-ml-jasmin-ot113\\\/\"]}]},{\"@type\":\"ImageObject\",\"inLanguage\":\"nb-NO\",\"@id\":\"https:\\\/\\\/holyland-olivewood.com\\\/no\\\/produkt\\\/velsignelser-fra-jerusalem-salve-oljer-10-ml-jasmin-ot113\\\/#primaryimage\",\"url\":\"https:\\\/\\\/holyland-olivewood.com\\\/wp-content\\\/uploads\\\/2020\\\/10\\\/anointing_oil_jerusalem_holy_land_ot113.jpg\",\"contentUrl\":\"https:\\\/\\\/holyland-olivewood.com\\\/wp-content\\\/uploads\\\/2020\\\/10\\\/anointing_oil_jerusalem_holy_land_ot113.jpg\",\"width\":1550,\"height\":1200},{\"@type\":\"BreadcrumbList\",\"@id\":\"https:\\\/\\\/holyland-olivewood.com\\\/no\\\/produkt\\\/velsignelser-fra-jerusalem-salve-oljer-10-ml-jasmin-ot113\\\/#breadcrumb\",\"itemListElement\":[{\"@type\":\"ListItem\",\"position\":1,\"name\":\"Home\",\"item\":\"https:\\\/\\\/holyland-olivewood.com\\\/no\\\/home\\\/\"},{\"@type\":\"ListItem\",\"position\":2,\"name\":\"Se alle produkter\",\"item\":\"https:\\\/\\\/holyland-olivewood.com\\\/no\\\/shop\\\/\"},{\"@type\":\"ListItem\",\"position\":3,\"name\":\"Velsignelser fra Jerusalem Salvingsolje 10 ml &#8220;Jasmin&#8221; #OT113\"}]},{\"@type\":\"WebSite\",\"@id\":\"https:\\\/\\\/holyland-olivewood.com\\\/no\\\/#website\",\"url\":\"https:\\\/\\\/holyland-olivewood.com\\\/no\\\/\",\"name\":\"Holy Land Olive Wood - Bethlehem Olive Wood Factory\",\"description\":\"Holy Land Olivewood Bethlehem\",\"publisher\":{\"@id\":\"https:\\\/\\\/holyland-olivewood.com\\\/no\\\/#organization\"},\"potentialAction\":[{\"@type\":\"SearchAction\",\"target\":{\"@type\":\"EntryPoint\",\"urlTemplate\":\"https:\\\/\\\/holyland-olivewood.com\\\/no\\\/?s={search_term_string}\"},\"query-input\":{\"@type\":\"PropertyValueSpecification\",\"valueRequired\":true,\"valueName\":\"search_term_string\"}}],\"inLanguage\":\"nb-NO\"},{\"@type\":\"Organization\",\"@id\":\"https:\\\/\\\/holyland-olivewood.com\\\/no\\\/#organization\",\"name\":\"Holy Land Olivewood\",\"url\":\"https:\\\/\\\/holyland-olivewood.com\\\/no\\\/\",\"logo\":{\"@type\":\"ImageObject\",\"inLanguage\":\"nb-NO\",\"@id\":\"https:\\\/\\\/holyland-olivewood.com\\\/no\\\/#\\\/schema\\\/logo\\\/image\\\/\",\"url\":\"\",\"contentUrl\":\"\",\"caption\":\"Holy Land Olivewood\"},\"image\":{\"@id\":\"https:\\\/\\\/holyland-olivewood.com\\\/no\\\/#\\\/schema\\\/logo\\\/image\\\/\"},\"sameAs\":[\"https:\\\/\\\/www.facebook.com\\\/holylandolivewood.bethlehem\\\/\",\"http:\\\/\\\/instagram.com\\\/holy.land.olive.wood\"]}]}<\/script>\n<!-- \/ Yoast SEO plugin. -->","yoast_head_json":{"title":"Velsignelser fra Jerusalem Salvingsolje 10 ml \"Jasmin\" #OT113 - Holy Land Olive Wood - Bethlehem Olive Wood Factory","description":"Bethlehem oliventreh\u00e5ndverk (dvs. olivenoljes\u00e5pe, vann, hjerte) utskj\u00e6ringer med pennemner, oliventre og r\u00e5materiale i standard og tilpassede dimensjoner","robots":{"index":"index","follow":"follow","max-snippet":"max-snippet:-1","max-image-preview":"max-image-preview:large","max-video-preview":"max-video-preview:-1"},"canonical":"https:\/\/holyland-olivewood.com\/no\/produkt\/velsignelser-fra-jerusalem-salve-oljer-10-ml-jasmin-ot113\/","og_locale":"nb_NO","og_type":"article","og_title":"Velsignelser fra Jerusalem Salvingsolje 10 ml \"Jasmin\" #OT113 - Holy Land Olive Wood - Bethlehem Olive Wood Factory","og_description":"Bethlehem oliventreh\u00e5ndverk (dvs. olivenoljes\u00e5pe, vann, hjerte) utskj\u00e6ringer med pennemner, oliventre og r\u00e5materiale i standard og tilpassede dimensjoner","og_url":"https:\/\/holyland-olivewood.com\/no\/produkt\/velsignelser-fra-jerusalem-salve-oljer-10-ml-jasmin-ot113\/","og_site_name":"Holy Land Olive Wood - Bethlehem Olive Wood Factory","article_publisher":"https:\/\/www.facebook.com\/holylandolivewood.bethlehem\/","article_modified_time":"2022-02-06T14:04:29+00:00","og_image":[{"width":1550,"height":1200,"url":"https:\/\/holyland-olivewood.com\/wp-content\/uploads\/2020\/10\/anointing_oil_jerusalem_holy_land_ot113.jpg","type":"image\/jpeg"}],"twitter_card":"summary_large_image","schema":{"@context":"https:\/\/schema.org","@graph":[{"@type":"WebPage","@id":"https:\/\/holyland-olivewood.com\/no\/produkt\/velsignelser-fra-jerusalem-salve-oljer-10-ml-jasmin-ot113\/","url":"https:\/\/holyland-olivewood.com\/no\/produkt\/velsignelser-fra-jerusalem-salve-oljer-10-ml-jasmin-ot113\/","name":"Velsignelser fra Jerusalem Salvingsolje 10 ml \"Jasmin\" #OT113 - Holy Land Olive Wood - Bethlehem Olive Wood Factory","isPartOf":{"@id":"https:\/\/holyland-olivewood.com\/no\/#website"},"primaryImageOfPage":{"@id":"https:\/\/holyland-olivewood.com\/no\/produkt\/velsignelser-fra-jerusalem-salve-oljer-10-ml-jasmin-ot113\/#primaryimage"},"image":{"@id":"https:\/\/holyland-olivewood.com\/no\/produkt\/velsignelser-fra-jerusalem-salve-oljer-10-ml-jasmin-ot113\/#primaryimage"},"thumbnailUrl":"https:\/\/holyland-olivewood.com\/wp-content\/uploads\/2020\/10\/anointing_oil_jerusalem_holy_land_ot113.jpg","datePublished":"2020-10-20T11:37:11+00:00","dateModified":"2022-02-06T14:04:29+00:00","description":"Bethlehem oliventreh\u00e5ndverk (dvs. olivenoljes\u00e5pe, vann, hjerte) utskj\u00e6ringer med pennemner, oliventre og r\u00e5materiale i standard og tilpassede dimensjoner","breadcrumb":{"@id":"https:\/\/holyland-olivewood.com\/no\/produkt\/velsignelser-fra-jerusalem-salve-oljer-10-ml-jasmin-ot113\/#breadcrumb"},"inLanguage":"nb-NO","potentialAction":[{"@type":"ReadAction","target":["https:\/\/holyland-olivewood.com\/no\/produkt\/velsignelser-fra-jerusalem-salve-oljer-10-ml-jasmin-ot113\/"]}]},{"@type":"ImageObject","inLanguage":"nb-NO","@id":"https:\/\/holyland-olivewood.com\/no\/produkt\/velsignelser-fra-jerusalem-salve-oljer-10-ml-jasmin-ot113\/#primaryimage","url":"https:\/\/holyland-olivewood.com\/wp-content\/uploads\/2020\/10\/anointing_oil_jerusalem_holy_land_ot113.jpg","contentUrl":"https:\/\/holyland-olivewood.com\/wp-content\/uploads\/2020\/10\/anointing_oil_jerusalem_holy_land_ot113.jpg","width":1550,"height":1200},{"@type":"BreadcrumbList","@id":"https:\/\/holyland-olivewood.com\/no\/produkt\/velsignelser-fra-jerusalem-salve-oljer-10-ml-jasmin-ot113\/#breadcrumb","itemListElement":[{"@type":"ListItem","position":1,"name":"Home","item":"https:\/\/holyland-olivewood.com\/no\/home\/"},{"@type":"ListItem","position":2,"name":"Se alle produkter","item":"https:\/\/holyland-olivewood.com\/no\/shop\/"},{"@type":"ListItem","position":3,"name":"Velsignelser fra Jerusalem Salvingsolje 10 ml &#8220;Jasmin&#8221; #OT113"}]},{"@type":"WebSite","@id":"https:\/\/holyland-olivewood.com\/no\/#website","url":"https:\/\/holyland-olivewood.com\/no\/","name":"Holy Land Olive Wood - Bethlehem Olive Wood Factory","description":"Holy Land Olivewood Bethlehem","publisher":{"@id":"https:\/\/holyland-olivewood.com\/no\/#organization"},"potentialAction":[{"@type":"SearchAction","target":{"@type":"EntryPoint","urlTemplate":"https:\/\/holyland-olivewood.com\/no\/?s={search_term_string}"},"query-input":{"@type":"PropertyValueSpecification","valueRequired":true,"valueName":"search_term_string"}}],"inLanguage":"nb-NO"},{"@type":"Organization","@id":"https:\/\/holyland-olivewood.com\/no\/#organization","name":"Holy Land Olivewood","url":"https:\/\/holyland-olivewood.com\/no\/","logo":{"@type":"ImageObject","inLanguage":"nb-NO","@id":"https:\/\/holyland-olivewood.com\/no\/#\/schema\/logo\/image\/","url":"","contentUrl":"","caption":"Holy Land Olivewood"},"image":{"@id":"https:\/\/holyland-olivewood.com\/no\/#\/schema\/logo\/image\/"},"sameAs":["https:\/\/www.facebook.com\/holylandolivewood.bethlehem\/","http:\/\/instagram.com\/holy.land.olive.wood"]}]}},"_links":{"self":[{"href":"https:\/\/holyland-olivewood.com\/no\/wp-json\/wp\/v2\/product\/40709","targetHints":{"allow":["GET"]}}],"collection":[{"href":"https:\/\/holyland-olivewood.com\/no\/wp-json\/wp\/v2\/product"}],"about":[{"href":"https:\/\/holyland-olivewood.com\/no\/wp-json\/wp\/v2\/types\/product"}],"replies":[{"embeddable":true,"href":"https:\/\/holyland-olivewood.com\/no\/wp-json\/wp\/v2\/comments?post=40709"}],"version-history":[{"count":0,"href":"https:\/\/holyland-olivewood.com\/no\/wp-json\/wp\/v2\/product\/40709\/revisions"}],"wp:featuredmedia":[{"embeddable":true,"href":"https:\/\/holyland-olivewood.com\/no\/wp-json\/wp\/v2\/media\/38130"}],"wp:attachment":[{"href":"https:\/\/holyland-olivewood.com\/no\/wp-json\/wp\/v2\/media?parent=40709"}],"wp:term":[{"taxonomy":"product_brand","embeddable":true,"href":"https:\/\/holyland-olivewood.com\/no\/wp-json\/wp\/v2\/product_brand?post=40709"},{"taxonomy":"product_cat","embeddable":true,"href":"https:\/\/holyland-olivewood.com\/no\/wp-json\/wp\/v2\/product_cat?post=40709"},{"taxonomy":"product_tag","embeddable":true,"href":"https:\/\/holyland-olivewood.com\/no\/wp-json\/wp\/v2\/product_tag?post=40709"}],"curies":[{"name":"wp","href":"https:\/\/api.w.org\/{rel}","templated":true}]}}