{"id":40470,"date":"2021-03-12T17:09:28","date_gmt":"2021-03-12T17:09:28","guid":{"rendered":"https:\/\/holyland-olivewood.com\/product\/oliventrekors-med-herrens-bonn-45-cm-1775-cr155\/"},"modified":"2026-02-14T13:11:36","modified_gmt":"2026-02-14T13:11:36","slug":"oliventre-kors-med-herrebonn-45-cm-17-75-cr155","status":"publish","type":"product","link":"https:\/\/holyland-olivewood.com\/no\/produkt\/oliventre-kors-med-herrebonn-45-cm-17-75-cr155\/","title":{"rendered":"Kors i oliventre med Herrens b\u00f8nn (45 CM \/ 17,75&raquo;) #CR155"},"content":{"rendered":"","protected":false},"excerpt":{"rendered":"<p>Dette eksklusive b\u00f8nnekorset i oliventre er h\u00e5ndlaget i Det hellige land av b\u00e6rekraftig h\u00f8stet, autentisk oliventre fra Betlehem. Dette korset er h\u00e5ndsk\u00e5ret i tradisjonell stil som representerer apostlene som sprer budskapet om Jesus Kristus til alle verdenshj\u00f8rner. La det henge p\u00e5 veggen som en p\u00e5minnelse om Det hellige land.<\/p>\n<p>Denne varen inkluderer et ekthetssertifikat som bekrefter materialene og teknikkene som er brukt til \u00e5 lage dette produktet.<\/p>\n<p>St\u00f8rrelse: 45 cm (17,75&#8243;)<\/p>\n","protected":false},"featured_media":38569,"comment_status":"closed","ping_status":"closed","template":"","meta":[],"product_brand":[],"product_cat":[1046,1042],"product_tag":[],"class_list":{"0":"post-40470","1":"product","2":"type-product","3":"status-publish","4":"has-post-thumbnail","6":"product_cat-kunsthaandvaerk-no","7":"product_cat-kors-og-krucifikser-no","9":"first","10":"instock","11":"shipping-taxable","12":"purchasable","13":"product-type-simple"},"yoast_head":"<!-- This site is optimized with the Yoast SEO plugin v27.4 - https:\/\/yoast.com\/product\/yoast-seo-wordpress\/ -->\n<title>Kors i oliventre med Herrens b\u00f8nn (45 CM \/ 17,75&#039;&#039;) #CR155 - Holy Land Olive Wood - Bethlehem Olive Wood Factory<\/title>\n<meta name=\"description\" content=\"Betlehem kunsth\u00e5ndverk i oliventre (f.eks. kors med Herrens b\u00f8nn, krusifiks, perler) p\u00e5 lager i standard- og spesialm\u00e5l.\" \/>\n<meta name=\"robots\" content=\"index, follow, max-snippet:-1, max-image-preview:large, max-video-preview:-1\" \/>\n<link rel=\"canonical\" href=\"https:\/\/holyland-olivewood.com\/no\/produkt\/oliventre-kors-med-herrebonn-45-cm-17-75-cr155\/\" \/>\n<meta property=\"og:locale\" content=\"nb_NO\" \/>\n<meta property=\"og:type\" content=\"article\" \/>\n<meta property=\"og:title\" content=\"Kors i oliventre med Herrens b\u00f8nn (45 CM \/ 17,75&#039;&#039;) #CR155 - Holy Land Olive Wood - Bethlehem Olive Wood Factory\" \/>\n<meta property=\"og:description\" content=\"Betlehem kunsth\u00e5ndverk i oliventre (f.eks. kors med Herrens b\u00f8nn, krusifiks, perler) p\u00e5 lager i standard- og spesialm\u00e5l.\" \/>\n<meta property=\"og:url\" content=\"https:\/\/holyland-olivewood.com\/no\/produkt\/oliventre-kors-med-herrebonn-45-cm-17-75-cr155\/\" \/>\n<meta property=\"og:site_name\" content=\"Holy Land Olive Wood - Bethlehem Olive Wood Factory\" \/>\n<meta property=\"article:publisher\" content=\"https:\/\/www.facebook.com\/holylandolivewood.bethlehem\/\" \/>\n<meta property=\"article:modified_time\" content=\"2026-02-14T13:11:36+00:00\" \/>\n<meta property=\"og:image\" content=\"https:\/\/holyland-olivewood.com\/wp-content\/uploads\/2021\/03\/olive_wood_cross_with_the_lords_prayer_cr155-cr157.jpg\" \/>\n\t<meta property=\"og:image:width\" content=\"1550\" \/>\n\t<meta property=\"og:image:height\" content=\"1200\" \/>\n\t<meta property=\"og:image:type\" content=\"image\/jpeg\" \/>\n<meta name=\"twitter:card\" content=\"summary_large_image\" \/>\n<script type=\"application\/ld+json\" class=\"yoast-schema-graph\">{\"@context\":\"https:\\\/\\\/schema.org\",\"@graph\":[{\"@type\":\"WebPage\",\"@id\":\"https:\\\/\\\/holyland-olivewood.com\\\/no\\\/produkt\\\/oliventre-kors-med-herrebonn-45-cm-17-75-cr155\\\/\",\"url\":\"https:\\\/\\\/holyland-olivewood.com\\\/no\\\/produkt\\\/oliventre-kors-med-herrebonn-45-cm-17-75-cr155\\\/\",\"name\":\"Kors i oliventre med Herrens b\u00f8nn (45 CM \\\/ 17,75'') #CR155 - Holy Land Olive Wood - Bethlehem Olive Wood Factory\",\"isPartOf\":{\"@id\":\"https:\\\/\\\/holyland-olivewood.com\\\/no\\\/#website\"},\"primaryImageOfPage\":{\"@id\":\"https:\\\/\\\/holyland-olivewood.com\\\/no\\\/produkt\\\/oliventre-kors-med-herrebonn-45-cm-17-75-cr155\\\/#primaryimage\"},\"image\":{\"@id\":\"https:\\\/\\\/holyland-olivewood.com\\\/no\\\/produkt\\\/oliventre-kors-med-herrebonn-45-cm-17-75-cr155\\\/#primaryimage\"},\"thumbnailUrl\":\"https:\\\/\\\/holyland-olivewood.com\\\/wp-content\\\/uploads\\\/2021\\\/03\\\/olive_wood_cross_with_the_lords_prayer_cr155-cr157.jpg\",\"datePublished\":\"2021-03-12T17:09:28+00:00\",\"dateModified\":\"2026-02-14T13:11:36+00:00\",\"description\":\"Betlehem kunsth\u00e5ndverk i oliventre (f.eks. kors med Herrens b\u00f8nn, krusifiks, perler) p\u00e5 lager i standard- og spesialm\u00e5l.\",\"breadcrumb\":{\"@id\":\"https:\\\/\\\/holyland-olivewood.com\\\/no\\\/produkt\\\/oliventre-kors-med-herrebonn-45-cm-17-75-cr155\\\/#breadcrumb\"},\"inLanguage\":\"nb-NO\",\"potentialAction\":[{\"@type\":\"ReadAction\",\"target\":[\"https:\\\/\\\/holyland-olivewood.com\\\/no\\\/produkt\\\/oliventre-kors-med-herrebonn-45-cm-17-75-cr155\\\/\"]}]},{\"@type\":\"ImageObject\",\"inLanguage\":\"nb-NO\",\"@id\":\"https:\\\/\\\/holyland-olivewood.com\\\/no\\\/produkt\\\/oliventre-kors-med-herrebonn-45-cm-17-75-cr155\\\/#primaryimage\",\"url\":\"https:\\\/\\\/holyland-olivewood.com\\\/wp-content\\\/uploads\\\/2021\\\/03\\\/olive_wood_cross_with_the_lords_prayer_cr155-cr157.jpg\",\"contentUrl\":\"https:\\\/\\\/holyland-olivewood.com\\\/wp-content\\\/uploads\\\/2021\\\/03\\\/olive_wood_cross_with_the_lords_prayer_cr155-cr157.jpg\",\"width\":1550,\"height\":1200},{\"@type\":\"BreadcrumbList\",\"@id\":\"https:\\\/\\\/holyland-olivewood.com\\\/no\\\/produkt\\\/oliventre-kors-med-herrebonn-45-cm-17-75-cr155\\\/#breadcrumb\",\"itemListElement\":[{\"@type\":\"ListItem\",\"position\":1,\"name\":\"Home\",\"item\":\"https:\\\/\\\/holyland-olivewood.com\\\/no\\\/home\\\/\"},{\"@type\":\"ListItem\",\"position\":2,\"name\":\"Se alle produkter\",\"item\":\"https:\\\/\\\/holyland-olivewood.com\\\/no\\\/shop\\\/\"},{\"@type\":\"ListItem\",\"position\":3,\"name\":\"Kors i oliventre med Herrens b\u00f8nn (45 CM \\\/ 17,75&#8221;) #CR155\"}]},{\"@type\":\"WebSite\",\"@id\":\"https:\\\/\\\/holyland-olivewood.com\\\/no\\\/#website\",\"url\":\"https:\\\/\\\/holyland-olivewood.com\\\/no\\\/\",\"name\":\"Holy Land Olive Wood - Bethlehem Olive Wood Factory\",\"description\":\"Holy Land Olivewood Bethlehem\",\"publisher\":{\"@id\":\"https:\\\/\\\/holyland-olivewood.com\\\/no\\\/#organization\"},\"potentialAction\":[{\"@type\":\"SearchAction\",\"target\":{\"@type\":\"EntryPoint\",\"urlTemplate\":\"https:\\\/\\\/holyland-olivewood.com\\\/no\\\/?s={search_term_string}\"},\"query-input\":{\"@type\":\"PropertyValueSpecification\",\"valueRequired\":true,\"valueName\":\"search_term_string\"}}],\"inLanguage\":\"nb-NO\"},{\"@type\":\"Organization\",\"@id\":\"https:\\\/\\\/holyland-olivewood.com\\\/no\\\/#organization\",\"name\":\"Holy Land Olivewood\",\"url\":\"https:\\\/\\\/holyland-olivewood.com\\\/no\\\/\",\"logo\":{\"@type\":\"ImageObject\",\"inLanguage\":\"nb-NO\",\"@id\":\"https:\\\/\\\/holyland-olivewood.com\\\/no\\\/#\\\/schema\\\/logo\\\/image\\\/\",\"url\":\"\",\"contentUrl\":\"\",\"caption\":\"Holy Land Olivewood\"},\"image\":{\"@id\":\"https:\\\/\\\/holyland-olivewood.com\\\/no\\\/#\\\/schema\\\/logo\\\/image\\\/\"},\"sameAs\":[\"https:\\\/\\\/www.facebook.com\\\/holylandolivewood.bethlehem\\\/\",\"http:\\\/\\\/instagram.com\\\/holy.land.olive.wood\"]}]}<\/script>\n<!-- \/ Yoast SEO plugin. -->","yoast_head_json":{"title":"Kors i oliventre med Herrens b\u00f8nn (45 CM \/ 17,75'') #CR155 - Holy Land Olive Wood - Bethlehem Olive Wood Factory","description":"Betlehem kunsth\u00e5ndverk i oliventre (f.eks. kors med Herrens b\u00f8nn, krusifiks, perler) p\u00e5 lager i standard- og spesialm\u00e5l.","robots":{"index":"index","follow":"follow","max-snippet":"max-snippet:-1","max-image-preview":"max-image-preview:large","max-video-preview":"max-video-preview:-1"},"canonical":"https:\/\/holyland-olivewood.com\/no\/produkt\/oliventre-kors-med-herrebonn-45-cm-17-75-cr155\/","og_locale":"nb_NO","og_type":"article","og_title":"Kors i oliventre med Herrens b\u00f8nn (45 CM \/ 17,75'') #CR155 - Holy Land Olive Wood - Bethlehem Olive Wood Factory","og_description":"Betlehem kunsth\u00e5ndverk i oliventre (f.eks. kors med Herrens b\u00f8nn, krusifiks, perler) p\u00e5 lager i standard- og spesialm\u00e5l.","og_url":"https:\/\/holyland-olivewood.com\/no\/produkt\/oliventre-kors-med-herrebonn-45-cm-17-75-cr155\/","og_site_name":"Holy Land Olive Wood - Bethlehem Olive Wood Factory","article_publisher":"https:\/\/www.facebook.com\/holylandolivewood.bethlehem\/","article_modified_time":"2026-02-14T13:11:36+00:00","og_image":[{"width":1550,"height":1200,"url":"https:\/\/holyland-olivewood.com\/wp-content\/uploads\/2021\/03\/olive_wood_cross_with_the_lords_prayer_cr155-cr157.jpg","type":"image\/jpeg"}],"twitter_card":"summary_large_image","schema":{"@context":"https:\/\/schema.org","@graph":[{"@type":"WebPage","@id":"https:\/\/holyland-olivewood.com\/no\/produkt\/oliventre-kors-med-herrebonn-45-cm-17-75-cr155\/","url":"https:\/\/holyland-olivewood.com\/no\/produkt\/oliventre-kors-med-herrebonn-45-cm-17-75-cr155\/","name":"Kors i oliventre med Herrens b\u00f8nn (45 CM \/ 17,75'') #CR155 - Holy Land Olive Wood - Bethlehem Olive Wood Factory","isPartOf":{"@id":"https:\/\/holyland-olivewood.com\/no\/#website"},"primaryImageOfPage":{"@id":"https:\/\/holyland-olivewood.com\/no\/produkt\/oliventre-kors-med-herrebonn-45-cm-17-75-cr155\/#primaryimage"},"image":{"@id":"https:\/\/holyland-olivewood.com\/no\/produkt\/oliventre-kors-med-herrebonn-45-cm-17-75-cr155\/#primaryimage"},"thumbnailUrl":"https:\/\/holyland-olivewood.com\/wp-content\/uploads\/2021\/03\/olive_wood_cross_with_the_lords_prayer_cr155-cr157.jpg","datePublished":"2021-03-12T17:09:28+00:00","dateModified":"2026-02-14T13:11:36+00:00","description":"Betlehem kunsth\u00e5ndverk i oliventre (f.eks. kors med Herrens b\u00f8nn, krusifiks, perler) p\u00e5 lager i standard- og spesialm\u00e5l.","breadcrumb":{"@id":"https:\/\/holyland-olivewood.com\/no\/produkt\/oliventre-kors-med-herrebonn-45-cm-17-75-cr155\/#breadcrumb"},"inLanguage":"nb-NO","potentialAction":[{"@type":"ReadAction","target":["https:\/\/holyland-olivewood.com\/no\/produkt\/oliventre-kors-med-herrebonn-45-cm-17-75-cr155\/"]}]},{"@type":"ImageObject","inLanguage":"nb-NO","@id":"https:\/\/holyland-olivewood.com\/no\/produkt\/oliventre-kors-med-herrebonn-45-cm-17-75-cr155\/#primaryimage","url":"https:\/\/holyland-olivewood.com\/wp-content\/uploads\/2021\/03\/olive_wood_cross_with_the_lords_prayer_cr155-cr157.jpg","contentUrl":"https:\/\/holyland-olivewood.com\/wp-content\/uploads\/2021\/03\/olive_wood_cross_with_the_lords_prayer_cr155-cr157.jpg","width":1550,"height":1200},{"@type":"BreadcrumbList","@id":"https:\/\/holyland-olivewood.com\/no\/produkt\/oliventre-kors-med-herrebonn-45-cm-17-75-cr155\/#breadcrumb","itemListElement":[{"@type":"ListItem","position":1,"name":"Home","item":"https:\/\/holyland-olivewood.com\/no\/home\/"},{"@type":"ListItem","position":2,"name":"Se alle produkter","item":"https:\/\/holyland-olivewood.com\/no\/shop\/"},{"@type":"ListItem","position":3,"name":"Kors i oliventre med Herrens b\u00f8nn (45 CM \/ 17,75&#8221;) #CR155"}]},{"@type":"WebSite","@id":"https:\/\/holyland-olivewood.com\/no\/#website","url":"https:\/\/holyland-olivewood.com\/no\/","name":"Holy Land Olive Wood - Bethlehem Olive Wood Factory","description":"Holy Land Olivewood Bethlehem","publisher":{"@id":"https:\/\/holyland-olivewood.com\/no\/#organization"},"potentialAction":[{"@type":"SearchAction","target":{"@type":"EntryPoint","urlTemplate":"https:\/\/holyland-olivewood.com\/no\/?s={search_term_string}"},"query-input":{"@type":"PropertyValueSpecification","valueRequired":true,"valueName":"search_term_string"}}],"inLanguage":"nb-NO"},{"@type":"Organization","@id":"https:\/\/holyland-olivewood.com\/no\/#organization","name":"Holy Land Olivewood","url":"https:\/\/holyland-olivewood.com\/no\/","logo":{"@type":"ImageObject","inLanguage":"nb-NO","@id":"https:\/\/holyland-olivewood.com\/no\/#\/schema\/logo\/image\/","url":"","contentUrl":"","caption":"Holy Land Olivewood"},"image":{"@id":"https:\/\/holyland-olivewood.com\/no\/#\/schema\/logo\/image\/"},"sameAs":["https:\/\/www.facebook.com\/holylandolivewood.bethlehem\/","http:\/\/instagram.com\/holy.land.olive.wood"]}]}},"_links":{"self":[{"href":"https:\/\/holyland-olivewood.com\/no\/wp-json\/wp\/v2\/product\/40470","targetHints":{"allow":["GET"]}}],"collection":[{"href":"https:\/\/holyland-olivewood.com\/no\/wp-json\/wp\/v2\/product"}],"about":[{"href":"https:\/\/holyland-olivewood.com\/no\/wp-json\/wp\/v2\/types\/product"}],"replies":[{"embeddable":true,"href":"https:\/\/holyland-olivewood.com\/no\/wp-json\/wp\/v2\/comments?post=40470"}],"version-history":[{"count":1,"href":"https:\/\/holyland-olivewood.com\/no\/wp-json\/wp\/v2\/product\/40470\/revisions"}],"predecessor-version":[{"id":64446,"href":"https:\/\/holyland-olivewood.com\/no\/wp-json\/wp\/v2\/product\/40470\/revisions\/64446"}],"wp:featuredmedia":[{"embeddable":true,"href":"https:\/\/holyland-olivewood.com\/no\/wp-json\/wp\/v2\/media\/38569"}],"wp:attachment":[{"href":"https:\/\/holyland-olivewood.com\/no\/wp-json\/wp\/v2\/media?parent=40470"}],"wp:term":[{"taxonomy":"product_brand","embeddable":true,"href":"https:\/\/holyland-olivewood.com\/no\/wp-json\/wp\/v2\/product_brand?post=40470"},{"taxonomy":"product_cat","embeddable":true,"href":"https:\/\/holyland-olivewood.com\/no\/wp-json\/wp\/v2\/product_cat?post=40470"},{"taxonomy":"product_tag","embeddable":true,"href":"https:\/\/holyland-olivewood.com\/no\/wp-json\/wp\/v2\/product_tag?post=40470"}],"curies":[{"name":"wp","href":"https:\/\/api.w.org\/{rel}","templated":true}]}}