{"id":56482,"date":"2023-11-06T18:21:46","date_gmt":"2024-10-18T14:24:09","guid":{"rendered":"https:\/\/holyland-olivewood.com\/product\/scultura-in-legno-di-gesu-che-porta-la-croce-fi128\/"},"modified":"2024-10-18T14:24:09","modified_gmt":"2024-10-18T14:24:09","slug":"scultura-in-legno-di-gesu-che-porta-la-croce-fi128","status":"publish","type":"product","link":"https:\/\/holyland-olivewood.com\/it\/prodotto\/scultura-in-legno-di-gesu-che-porta-la-croce-fi128\/","title":{"rendered":"Scultura in legno di Ges\u00f9 che porta la croce #FI128"},"content":{"rendered":"","protected":false},"excerpt":{"rendered":"<p>Questo bellissimo Ges\u00f9 che porta la croce \u00e8 scolpito a mano in Terra Santa con autentico legno d&#8217;ulivo di Betlemme raccolto in modo sostenibile. Questa bella statua di Ges\u00f9 che porta la croce \u00e8 realizzata a mano con legno d&#8217;ulivo proveniente da un albero che cresce in Terra Santa da centinaia di anni.  Un oggetto significativo perch\u00e9 proveniente direttamente dalla Terra Santa.<\/p>\n<p>Questo articolo include un certificato di autenticit\u00e0 che verifica i materiali e le tecniche utilizzate per realizzare questo prodotto.<\/p>\n<p>Dimensioni: 14,5 cm x 22 cm x 33 cm (5,75&#8243; x 8,75&#8243; x 13&#8243;)<\/p>\n","protected":false},"featured_media":56483,"comment_status":"closed","ping_status":"closed","template":"","meta":[],"product_brand":[],"product_cat":[1039,1611],"product_tag":[],"class_list":{"0":"post-56482","1":"product","2":"type-product","3":"status-publish","4":"has-post-thumbnail","6":"product_cat-kunsthaandvaerk-it-2","7":"product_cat-figurine","9":"first","10":"instock","11":"shipping-taxable","12":"purchasable","13":"product-type-simple"},"yoast_head":"<!-- This site is optimized with the Yoast SEO plugin v27.4 - https:\/\/yoast.com\/product\/yoast-seo-wordpress\/ -->\n<title>Scultura in legno di Ges\u00f9 che porta la croce #FI128 - Holy Land Olive Wood - Bethlehem Olive Wood Factory<\/title>\n<meta name=\"description\" content=\"Scultura in legno di Ges\u00f9 che porta la croce Statua di Betlemme artigianato in legno d&#039;ulivo (cio\u00e8 statuine, presepi, statue, sculture)\" \/>\n<meta name=\"robots\" content=\"index, follow, max-snippet:-1, max-image-preview:large, max-video-preview:-1\" \/>\n<link rel=\"canonical\" href=\"https:\/\/holyland-olivewood.com\/it\/prodotto\/scultura-in-legno-di-gesu-che-porta-la-croce-fi128\/\" \/>\n<meta property=\"og:locale\" content=\"it_IT\" \/>\n<meta property=\"og:type\" content=\"article\" \/>\n<meta property=\"og:title\" content=\"Scultura in legno di Ges\u00f9 che porta la croce #FI128 - Holy Land Olive Wood - Bethlehem Olive Wood Factory\" \/>\n<meta property=\"og:description\" content=\"Scultura in legno di Ges\u00f9 che porta la croce Statua di Betlemme artigianato in legno d&#039;ulivo (cio\u00e8 statuine, presepi, statue, sculture)\" \/>\n<meta property=\"og:url\" content=\"https:\/\/holyland-olivewood.com\/it\/prodotto\/scultura-in-legno-di-gesu-che-porta-la-croce-fi128\/\" \/>\n<meta property=\"og:site_name\" content=\"Holy Land Olive Wood - Bethlehem Olive Wood Factory\" \/>\n<meta property=\"article:publisher\" content=\"https:\/\/www.facebook.com\/holylandolivewood.bethlehem\/\" \/>\n<meta property=\"og:image\" content=\"https:\/\/holyland-olivewood.com\/wp-content\/uploads\/2023\/11\/jesus_carrying_the_cross_wooden_sculpture_fi128_1.jpg\" \/>\n\t<meta property=\"og:image:width\" content=\"1550\" \/>\n\t<meta property=\"og:image:height\" content=\"1200\" \/>\n\t<meta property=\"og:image:type\" content=\"image\/jpeg\" \/>\n<meta name=\"twitter:card\" content=\"summary_large_image\" \/>\n<script type=\"application\/ld+json\" class=\"yoast-schema-graph\">{\"@context\":\"https:\\\/\\\/schema.org\",\"@graph\":[{\"@type\":\"WebPage\",\"@id\":\"https:\\\/\\\/holyland-olivewood.com\\\/it\\\/prodotto\\\/scultura-in-legno-di-gesu-che-porta-la-croce-fi128\\\/\",\"url\":\"https:\\\/\\\/holyland-olivewood.com\\\/it\\\/prodotto\\\/scultura-in-legno-di-gesu-che-porta-la-croce-fi128\\\/\",\"name\":\"Scultura in legno di Ges\u00f9 che porta la croce #FI128 - Holy Land Olive Wood - Bethlehem Olive Wood Factory\",\"isPartOf\":{\"@id\":\"https:\\\/\\\/holyland-olivewood.com\\\/it\\\/#website\"},\"primaryImageOfPage\":{\"@id\":\"https:\\\/\\\/holyland-olivewood.com\\\/it\\\/prodotto\\\/scultura-in-legno-di-gesu-che-porta-la-croce-fi128\\\/#primaryimage\"},\"image\":{\"@id\":\"https:\\\/\\\/holyland-olivewood.com\\\/it\\\/prodotto\\\/scultura-in-legno-di-gesu-che-porta-la-croce-fi128\\\/#primaryimage\"},\"thumbnailUrl\":\"https:\\\/\\\/holyland-olivewood.com\\\/wp-content\\\/uploads\\\/2023\\\/11\\\/jesus_carrying_the_cross_wooden_sculpture_fi128_1.jpg\",\"datePublished\":\"2024-10-18T14:24:09+00:00\",\"description\":\"Scultura in legno di Ges\u00f9 che porta la croce Statua di Betlemme artigianato in legno d'ulivo (cio\u00e8 statuine, presepi, statue, sculture)\",\"breadcrumb\":{\"@id\":\"https:\\\/\\\/holyland-olivewood.com\\\/it\\\/prodotto\\\/scultura-in-legno-di-gesu-che-porta-la-croce-fi128\\\/#breadcrumb\"},\"inLanguage\":\"it-IT\",\"potentialAction\":[{\"@type\":\"ReadAction\",\"target\":[\"https:\\\/\\\/holyland-olivewood.com\\\/it\\\/prodotto\\\/scultura-in-legno-di-gesu-che-porta-la-croce-fi128\\\/\"]}]},{\"@type\":\"ImageObject\",\"inLanguage\":\"it-IT\",\"@id\":\"https:\\\/\\\/holyland-olivewood.com\\\/it\\\/prodotto\\\/scultura-in-legno-di-gesu-che-porta-la-croce-fi128\\\/#primaryimage\",\"url\":\"https:\\\/\\\/holyland-olivewood.com\\\/wp-content\\\/uploads\\\/2023\\\/11\\\/jesus_carrying_the_cross_wooden_sculpture_fi128_1.jpg\",\"contentUrl\":\"https:\\\/\\\/holyland-olivewood.com\\\/wp-content\\\/uploads\\\/2023\\\/11\\\/jesus_carrying_the_cross_wooden_sculpture_fi128_1.jpg\",\"width\":1550,\"height\":1200},{\"@type\":\"BreadcrumbList\",\"@id\":\"https:\\\/\\\/holyland-olivewood.com\\\/it\\\/prodotto\\\/scultura-in-legno-di-gesu-che-porta-la-croce-fi128\\\/#breadcrumb\",\"itemListElement\":[{\"@type\":\"ListItem\",\"position\":1,\"name\":\"Home\",\"item\":\"https:\\\/\\\/holyland-olivewood.com\\\/it\\\/home\\\/\"},{\"@type\":\"ListItem\",\"position\":2,\"name\":\"Vedi tutti i prodotti\",\"item\":\"https:\\\/\\\/holyland-olivewood.com\\\/it\\\/shop\\\/\"},{\"@type\":\"ListItem\",\"position\":3,\"name\":\"Scultura in legno di Ges\u00f9 che porta la croce #FI128\"}]},{\"@type\":\"WebSite\",\"@id\":\"https:\\\/\\\/holyland-olivewood.com\\\/it\\\/#website\",\"url\":\"https:\\\/\\\/holyland-olivewood.com\\\/it\\\/\",\"name\":\"Holy Land Olive Wood - Bethlehem Olive Wood Factory\",\"description\":\"Holy Land Olivewood Bethlehem\",\"publisher\":{\"@id\":\"https:\\\/\\\/holyland-olivewood.com\\\/it\\\/#organization\"},\"potentialAction\":[{\"@type\":\"SearchAction\",\"target\":{\"@type\":\"EntryPoint\",\"urlTemplate\":\"https:\\\/\\\/holyland-olivewood.com\\\/it\\\/?s={search_term_string}\"},\"query-input\":{\"@type\":\"PropertyValueSpecification\",\"valueRequired\":true,\"valueName\":\"search_term_string\"}}],\"inLanguage\":\"it-IT\"},{\"@type\":\"Organization\",\"@id\":\"https:\\\/\\\/holyland-olivewood.com\\\/it\\\/#organization\",\"name\":\"Holy Land Olivewood\",\"url\":\"https:\\\/\\\/holyland-olivewood.com\\\/it\\\/\",\"logo\":{\"@type\":\"ImageObject\",\"inLanguage\":\"it-IT\",\"@id\":\"https:\\\/\\\/holyland-olivewood.com\\\/it\\\/#\\\/schema\\\/logo\\\/image\\\/\",\"url\":\"\",\"contentUrl\":\"\",\"caption\":\"Holy Land Olivewood\"},\"image\":{\"@id\":\"https:\\\/\\\/holyland-olivewood.com\\\/it\\\/#\\\/schema\\\/logo\\\/image\\\/\"},\"sameAs\":[\"https:\\\/\\\/www.facebook.com\\\/holylandolivewood.bethlehem\\\/\",\"http:\\\/\\\/instagram.com\\\/holy.land.olive.wood\"]}]}<\/script>\n<!-- \/ Yoast SEO plugin. -->","yoast_head_json":{"title":"Scultura in legno di Ges\u00f9 che porta la croce #FI128 - Holy Land Olive Wood - Bethlehem Olive Wood Factory","description":"Scultura in legno di Ges\u00f9 che porta la croce Statua di Betlemme artigianato in legno d'ulivo (cio\u00e8 statuine, presepi, statue, sculture)","robots":{"index":"index","follow":"follow","max-snippet":"max-snippet:-1","max-image-preview":"max-image-preview:large","max-video-preview":"max-video-preview:-1"},"canonical":"https:\/\/holyland-olivewood.com\/it\/prodotto\/scultura-in-legno-di-gesu-che-porta-la-croce-fi128\/","og_locale":"it_IT","og_type":"article","og_title":"Scultura in legno di Ges\u00f9 che porta la croce #FI128 - Holy Land Olive Wood - Bethlehem Olive Wood Factory","og_description":"Scultura in legno di Ges\u00f9 che porta la croce Statua di Betlemme artigianato in legno d'ulivo (cio\u00e8 statuine, presepi, statue, sculture)","og_url":"https:\/\/holyland-olivewood.com\/it\/prodotto\/scultura-in-legno-di-gesu-che-porta-la-croce-fi128\/","og_site_name":"Holy Land Olive Wood - Bethlehem Olive Wood Factory","article_publisher":"https:\/\/www.facebook.com\/holylandolivewood.bethlehem\/","og_image":[{"width":1550,"height":1200,"url":"https:\/\/holyland-olivewood.com\/wp-content\/uploads\/2023\/11\/jesus_carrying_the_cross_wooden_sculpture_fi128_1.jpg","type":"image\/jpeg"}],"twitter_card":"summary_large_image","schema":{"@context":"https:\/\/schema.org","@graph":[{"@type":"WebPage","@id":"https:\/\/holyland-olivewood.com\/it\/prodotto\/scultura-in-legno-di-gesu-che-porta-la-croce-fi128\/","url":"https:\/\/holyland-olivewood.com\/it\/prodotto\/scultura-in-legno-di-gesu-che-porta-la-croce-fi128\/","name":"Scultura in legno di Ges\u00f9 che porta la croce #FI128 - Holy Land Olive Wood - Bethlehem Olive Wood Factory","isPartOf":{"@id":"https:\/\/holyland-olivewood.com\/it\/#website"},"primaryImageOfPage":{"@id":"https:\/\/holyland-olivewood.com\/it\/prodotto\/scultura-in-legno-di-gesu-che-porta-la-croce-fi128\/#primaryimage"},"image":{"@id":"https:\/\/holyland-olivewood.com\/it\/prodotto\/scultura-in-legno-di-gesu-che-porta-la-croce-fi128\/#primaryimage"},"thumbnailUrl":"https:\/\/holyland-olivewood.com\/wp-content\/uploads\/2023\/11\/jesus_carrying_the_cross_wooden_sculpture_fi128_1.jpg","datePublished":"2024-10-18T14:24:09+00:00","description":"Scultura in legno di Ges\u00f9 che porta la croce Statua di Betlemme artigianato in legno d'ulivo (cio\u00e8 statuine, presepi, statue, sculture)","breadcrumb":{"@id":"https:\/\/holyland-olivewood.com\/it\/prodotto\/scultura-in-legno-di-gesu-che-porta-la-croce-fi128\/#breadcrumb"},"inLanguage":"it-IT","potentialAction":[{"@type":"ReadAction","target":["https:\/\/holyland-olivewood.com\/it\/prodotto\/scultura-in-legno-di-gesu-che-porta-la-croce-fi128\/"]}]},{"@type":"ImageObject","inLanguage":"it-IT","@id":"https:\/\/holyland-olivewood.com\/it\/prodotto\/scultura-in-legno-di-gesu-che-porta-la-croce-fi128\/#primaryimage","url":"https:\/\/holyland-olivewood.com\/wp-content\/uploads\/2023\/11\/jesus_carrying_the_cross_wooden_sculpture_fi128_1.jpg","contentUrl":"https:\/\/holyland-olivewood.com\/wp-content\/uploads\/2023\/11\/jesus_carrying_the_cross_wooden_sculpture_fi128_1.jpg","width":1550,"height":1200},{"@type":"BreadcrumbList","@id":"https:\/\/holyland-olivewood.com\/it\/prodotto\/scultura-in-legno-di-gesu-che-porta-la-croce-fi128\/#breadcrumb","itemListElement":[{"@type":"ListItem","position":1,"name":"Home","item":"https:\/\/holyland-olivewood.com\/it\/home\/"},{"@type":"ListItem","position":2,"name":"Vedi tutti i prodotti","item":"https:\/\/holyland-olivewood.com\/it\/shop\/"},{"@type":"ListItem","position":3,"name":"Scultura in legno di Ges\u00f9 che porta la croce #FI128"}]},{"@type":"WebSite","@id":"https:\/\/holyland-olivewood.com\/it\/#website","url":"https:\/\/holyland-olivewood.com\/it\/","name":"Holy Land Olive Wood - Bethlehem Olive Wood Factory","description":"Holy Land Olivewood Bethlehem","publisher":{"@id":"https:\/\/holyland-olivewood.com\/it\/#organization"},"potentialAction":[{"@type":"SearchAction","target":{"@type":"EntryPoint","urlTemplate":"https:\/\/holyland-olivewood.com\/it\/?s={search_term_string}"},"query-input":{"@type":"PropertyValueSpecification","valueRequired":true,"valueName":"search_term_string"}}],"inLanguage":"it-IT"},{"@type":"Organization","@id":"https:\/\/holyland-olivewood.com\/it\/#organization","name":"Holy Land Olivewood","url":"https:\/\/holyland-olivewood.com\/it\/","logo":{"@type":"ImageObject","inLanguage":"it-IT","@id":"https:\/\/holyland-olivewood.com\/it\/#\/schema\/logo\/image\/","url":"","contentUrl":"","caption":"Holy Land Olivewood"},"image":{"@id":"https:\/\/holyland-olivewood.com\/it\/#\/schema\/logo\/image\/"},"sameAs":["https:\/\/www.facebook.com\/holylandolivewood.bethlehem\/","http:\/\/instagram.com\/holy.land.olive.wood"]}]}},"_links":{"self":[{"href":"https:\/\/holyland-olivewood.com\/it\/wp-json\/wp\/v2\/product\/56482","targetHints":{"allow":["GET"]}}],"collection":[{"href":"https:\/\/holyland-olivewood.com\/it\/wp-json\/wp\/v2\/product"}],"about":[{"href":"https:\/\/holyland-olivewood.com\/it\/wp-json\/wp\/v2\/types\/product"}],"replies":[{"embeddable":true,"href":"https:\/\/holyland-olivewood.com\/it\/wp-json\/wp\/v2\/comments?post=56482"}],"version-history":[{"count":0,"href":"https:\/\/holyland-olivewood.com\/it\/wp-json\/wp\/v2\/product\/56482\/revisions"}],"wp:featuredmedia":[{"embeddable":true,"href":"https:\/\/holyland-olivewood.com\/it\/wp-json\/wp\/v2\/media\/56483"}],"wp:attachment":[{"href":"https:\/\/holyland-olivewood.com\/it\/wp-json\/wp\/v2\/media?parent=56482"}],"wp:term":[{"taxonomy":"product_brand","embeddable":true,"href":"https:\/\/holyland-olivewood.com\/it\/wp-json\/wp\/v2\/product_brand?post=56482"},{"taxonomy":"product_cat","embeddable":true,"href":"https:\/\/holyland-olivewood.com\/it\/wp-json\/wp\/v2\/product_cat?post=56482"},{"taxonomy":"product_tag","embeddable":true,"href":"https:\/\/holyland-olivewood.com\/it\/wp-json\/wp\/v2\/product_tag?post=56482"}],"curies":[{"name":"wp","href":"https:\/\/api.w.org\/{rel}","templated":true}]}}