{"id":55428,"date":"2024-10-17T10:59:39","date_gmt":"2024-10-17T10:59:39","guid":{"rendered":"https:\/\/holyland-olivewood.com\/product\/statua-in-legno-dulivo-di-gesu-che-lava-i-piedi-ai-discepoli-fi142\/"},"modified":"2025-11-03T16:38:39","modified_gmt":"2025-11-03T16:38:39","slug":"statua-in-legno-dulivo-di-gesu-che-lava-i-piedi-ai-discepoli-fi142","status":"publish","type":"product","link":"https:\/\/holyland-olivewood.com\/it\/prodotto\/statua-in-legno-dulivo-di-gesu-che-lava-i-piedi-ai-discepoli-fi142\/","title":{"rendered":"Statua in legno d&#8217;ulivo di Ges\u00f9 che lava i piedi ai discepoli #FI142"},"content":{"rendered":"","protected":false},"excerpt":{"rendered":"<p>Questa statua in legno d&#8217;ulivo intagliata a mano e proveniente dalla Terra Santa raffigura Ges\u00f9 Cristo che lava i piedi ai suoi discepoli, un simbolo profondo di umilt\u00e0 e amore. Ricavata da un unico pezzo di autentico legno d&#8217;ulivo di Betlemme, cattura magnificamente il momento in cui Cristo, il Maestro, divenne un servo, offrendo una lezione senza tempo sul servizio altruistico. <\/p>\n<p>Questa significativa opera d&#8217;arte \u00e8 perfetta per qualsiasi casa o ufficio cristiano e serve a ricordare gli insegnamenti di Ges\u00f9 sull&#8217;umilt\u00e0 e la compassione.<\/p>\n<p>Questo articolo include un certificato di autenticit\u00e0 che verifica i materiali e le tecniche utilizzate per realizzare questo prodotto.<\/p>\n<p>Dimensioni: 18,5 cm x 28 cm x 20,5 cm (7,25&#8243; x 11&#8243; x 8&#8243;)<\/p>\n","protected":false},"featured_media":55429,"comment_status":"closed","ping_status":"closed","template":"","meta":[],"product_brand":[],"product_cat":[1039,1611],"product_tag":[1652,1040,1883,1099,1235,1133,4081,1086,1149,1128,1116,1110,1120,1106,4123,1095,1191,1152,1619,1616,1632,1067,4153],"class_list":{"0":"post-55428","1":"product","2":"type-product","3":"status-publish","4":"has-post-thumbnail","6":"product_cat-kunsthaandvaerk-it-2","7":"product_cat-figurine","8":"product_tag-angelo","9":"product_tag-betlemme","10":"product_tag-cuore","11":"product_tag-dato","12":"product_tag-figurine-it","13":"product_tag-foedselskirken-it-2","14":"product_tag-gesu-it","15":"product_tag-haandlavet-it","16":"product_tag-katolsk-it","17":"product_tag-kirke-it","18":"product_tag-kors-it","19":"product_tag-kristen-it","20":"product_tag-krucifiks-it","21":"product_tag-kunsthaandvaerk-it","22":"product_tag-legno-dulivo","23":"product_tag-lug","24":"product_tag-maria","25":"product_tag-ortodoks-it","26":"product_tag-pregando","27":"product_tag-statua","28":"product_tag-statue-it","29":"product_tag-udskaering-it","30":"product_tag-vergine-maria","32":"first","33":"instock","34":"shipping-taxable","35":"purchasable","36":"product-type-simple"},"yoast_head":"<!-- This site is optimized with the Yoast SEO plugin v27.3 - https:\/\/yoast.com\/product\/yoast-seo-wordpress\/ -->\n<title>Statua in legno d&#039;ulivo di Ges\u00f9 che lava i piedi ai discepoli #FI142 - Holy Land Olive Wood - Bethlehem Olive Wood Factory<\/title>\n<meta name=\"description\" content=\"Ges\u00f9 che lava i piedi ai discepoli Betlemme Artigianato in legno d&#039;ulivo Scolpito a mano (statuine, presepi, statue, sculture) dalla Terra Santa\" \/>\n<meta name=\"robots\" content=\"index, follow, max-snippet:-1, max-image-preview:large, max-video-preview:-1\" \/>\n<link rel=\"canonical\" href=\"https:\/\/holyland-olivewood.com\/it\/prodotto\/statua-in-legno-dulivo-di-gesu-che-lava-i-piedi-ai-discepoli-fi142\/\" \/>\n<meta property=\"og:locale\" content=\"it_IT\" \/>\n<meta property=\"og:type\" content=\"article\" \/>\n<meta property=\"og:title\" content=\"Statua in legno d&#039;ulivo di Ges\u00f9 che lava i piedi ai discepoli #FI142 - Holy Land Olive Wood - Bethlehem Olive Wood Factory\" \/>\n<meta property=\"og:description\" content=\"Ges\u00f9 che lava i piedi ai discepoli Betlemme Artigianato in legno d&#039;ulivo Scolpito a mano (statuine, presepi, statue, sculture) dalla Terra Santa\" \/>\n<meta property=\"og:url\" content=\"https:\/\/holyland-olivewood.com\/it\/prodotto\/statua-in-legno-dulivo-di-gesu-che-lava-i-piedi-ai-discepoli-fi142\/\" \/>\n<meta property=\"og:site_name\" content=\"Holy Land Olive Wood - Bethlehem Olive Wood Factory\" \/>\n<meta property=\"article:publisher\" content=\"https:\/\/www.facebook.com\/holylandolivewood.bethlehem\/\" \/>\n<meta property=\"article:modified_time\" content=\"2025-11-03T16:38:39+00:00\" \/>\n<meta property=\"og:image\" content=\"https:\/\/holyland-olivewood.com\/wp-content\/uploads\/2024\/10\/jesus-washing-disciples-feet-holy-land-olive-wood-bethlehem-fi142-1.jpg\" \/>\n\t<meta property=\"og:image:width\" content=\"1550\" \/>\n\t<meta property=\"og:image:height\" content=\"1200\" \/>\n\t<meta property=\"og:image:type\" content=\"image\/jpeg\" \/>\n<meta name=\"twitter:card\" content=\"summary_large_image\" \/>\n<meta name=\"twitter:label1\" content=\"Tempo di lettura stimato\" \/>\n\t<meta name=\"twitter:data1\" content=\"1 minuto\" \/>\n<script type=\"application\/ld+json\" class=\"yoast-schema-graph\">{\"@context\":\"https:\\\/\\\/schema.org\",\"@graph\":[{\"@type\":\"WebPage\",\"@id\":\"https:\\\/\\\/holyland-olivewood.com\\\/it\\\/prodotto\\\/statua-in-legno-dulivo-di-gesu-che-lava-i-piedi-ai-discepoli-fi142\\\/\",\"url\":\"https:\\\/\\\/holyland-olivewood.com\\\/it\\\/prodotto\\\/statua-in-legno-dulivo-di-gesu-che-lava-i-piedi-ai-discepoli-fi142\\\/\",\"name\":\"Statua in legno d'ulivo di Ges\u00f9 che lava i piedi ai discepoli #FI142 - Holy Land Olive Wood - Bethlehem Olive Wood Factory\",\"isPartOf\":{\"@id\":\"https:\\\/\\\/holyland-olivewood.com\\\/it\\\/#website\"},\"primaryImageOfPage\":{\"@id\":\"https:\\\/\\\/holyland-olivewood.com\\\/it\\\/prodotto\\\/statua-in-legno-dulivo-di-gesu-che-lava-i-piedi-ai-discepoli-fi142\\\/#primaryimage\"},\"image\":{\"@id\":\"https:\\\/\\\/holyland-olivewood.com\\\/it\\\/prodotto\\\/statua-in-legno-dulivo-di-gesu-che-lava-i-piedi-ai-discepoli-fi142\\\/#primaryimage\"},\"thumbnailUrl\":\"https:\\\/\\\/holyland-olivewood.com\\\/wp-content\\\/uploads\\\/2024\\\/10\\\/jesus-washing-disciples-feet-holy-land-olive-wood-bethlehem-fi142-1.jpg\",\"datePublished\":\"2024-10-17T10:59:39+00:00\",\"dateModified\":\"2025-11-03T16:38:39+00:00\",\"description\":\"Ges\u00f9 che lava i piedi ai discepoli Betlemme Artigianato in legno d'ulivo Scolpito a mano (statuine, presepi, statue, sculture) dalla Terra Santa\",\"breadcrumb\":{\"@id\":\"https:\\\/\\\/holyland-olivewood.com\\\/it\\\/prodotto\\\/statua-in-legno-dulivo-di-gesu-che-lava-i-piedi-ai-discepoli-fi142\\\/#breadcrumb\"},\"inLanguage\":\"it-IT\",\"potentialAction\":[{\"@type\":\"ReadAction\",\"target\":[\"https:\\\/\\\/holyland-olivewood.com\\\/it\\\/prodotto\\\/statua-in-legno-dulivo-di-gesu-che-lava-i-piedi-ai-discepoli-fi142\\\/\"]}]},{\"@type\":\"ImageObject\",\"inLanguage\":\"it-IT\",\"@id\":\"https:\\\/\\\/holyland-olivewood.com\\\/it\\\/prodotto\\\/statua-in-legno-dulivo-di-gesu-che-lava-i-piedi-ai-discepoli-fi142\\\/#primaryimage\",\"url\":\"https:\\\/\\\/holyland-olivewood.com\\\/wp-content\\\/uploads\\\/2024\\\/10\\\/jesus-washing-disciples-feet-holy-land-olive-wood-bethlehem-fi142-1.jpg\",\"contentUrl\":\"https:\\\/\\\/holyland-olivewood.com\\\/wp-content\\\/uploads\\\/2024\\\/10\\\/jesus-washing-disciples-feet-holy-land-olive-wood-bethlehem-fi142-1.jpg\",\"width\":1550,\"height\":1200},{\"@type\":\"BreadcrumbList\",\"@id\":\"https:\\\/\\\/holyland-olivewood.com\\\/it\\\/prodotto\\\/statua-in-legno-dulivo-di-gesu-che-lava-i-piedi-ai-discepoli-fi142\\\/#breadcrumb\",\"itemListElement\":[{\"@type\":\"ListItem\",\"position\":1,\"name\":\"Home\",\"item\":\"https:\\\/\\\/holyland-olivewood.com\\\/it\\\/home\\\/\"},{\"@type\":\"ListItem\",\"position\":2,\"name\":\"Vedi tutti i prodotti\",\"item\":\"https:\\\/\\\/holyland-olivewood.com\\\/it\\\/shop\\\/\"},{\"@type\":\"ListItem\",\"position\":3,\"name\":\"Statua in legno d&#8217;ulivo di Ges\u00f9 che lava i piedi ai discepoli #FI142\"}]},{\"@type\":\"WebSite\",\"@id\":\"https:\\\/\\\/holyland-olivewood.com\\\/it\\\/#website\",\"url\":\"https:\\\/\\\/holyland-olivewood.com\\\/it\\\/\",\"name\":\"Holy Land Olive Wood - Bethlehem Olive Wood Factory\",\"description\":\"Holy Land Olivewood Bethlehem\",\"publisher\":{\"@id\":\"https:\\\/\\\/holyland-olivewood.com\\\/it\\\/#organization\"},\"potentialAction\":[{\"@type\":\"SearchAction\",\"target\":{\"@type\":\"EntryPoint\",\"urlTemplate\":\"https:\\\/\\\/holyland-olivewood.com\\\/it\\\/?s={search_term_string}\"},\"query-input\":{\"@type\":\"PropertyValueSpecification\",\"valueRequired\":true,\"valueName\":\"search_term_string\"}}],\"inLanguage\":\"it-IT\"},{\"@type\":\"Organization\",\"@id\":\"https:\\\/\\\/holyland-olivewood.com\\\/it\\\/#organization\",\"name\":\"Holy Land Olivewood\",\"url\":\"https:\\\/\\\/holyland-olivewood.com\\\/it\\\/\",\"logo\":{\"@type\":\"ImageObject\",\"inLanguage\":\"it-IT\",\"@id\":\"https:\\\/\\\/holyland-olivewood.com\\\/it\\\/#\\\/schema\\\/logo\\\/image\\\/\",\"url\":\"\",\"contentUrl\":\"\",\"caption\":\"Holy Land Olivewood\"},\"image\":{\"@id\":\"https:\\\/\\\/holyland-olivewood.com\\\/it\\\/#\\\/schema\\\/logo\\\/image\\\/\"},\"sameAs\":[\"https:\\\/\\\/www.facebook.com\\\/holylandolivewood.bethlehem\\\/\",\"http:\\\/\\\/instagram.com\\\/holy.land.olive.wood\"]}]}<\/script>\n<!-- \/ Yoast SEO plugin. -->","yoast_head_json":{"title":"Statua in legno d'ulivo di Ges\u00f9 che lava i piedi ai discepoli #FI142 - Holy Land Olive Wood - Bethlehem Olive Wood Factory","description":"Ges\u00f9 che lava i piedi ai discepoli Betlemme Artigianato in legno d'ulivo Scolpito a mano (statuine, presepi, statue, sculture) dalla Terra Santa","robots":{"index":"index","follow":"follow","max-snippet":"max-snippet:-1","max-image-preview":"max-image-preview:large","max-video-preview":"max-video-preview:-1"},"canonical":"https:\/\/holyland-olivewood.com\/it\/prodotto\/statua-in-legno-dulivo-di-gesu-che-lava-i-piedi-ai-discepoli-fi142\/","og_locale":"it_IT","og_type":"article","og_title":"Statua in legno d'ulivo di Ges\u00f9 che lava i piedi ai discepoli #FI142 - Holy Land Olive Wood - Bethlehem Olive Wood Factory","og_description":"Ges\u00f9 che lava i piedi ai discepoli Betlemme Artigianato in legno d'ulivo Scolpito a mano (statuine, presepi, statue, sculture) dalla Terra Santa","og_url":"https:\/\/holyland-olivewood.com\/it\/prodotto\/statua-in-legno-dulivo-di-gesu-che-lava-i-piedi-ai-discepoli-fi142\/","og_site_name":"Holy Land Olive Wood - Bethlehem Olive Wood Factory","article_publisher":"https:\/\/www.facebook.com\/holylandolivewood.bethlehem\/","article_modified_time":"2025-11-03T16:38:39+00:00","og_image":[{"width":1550,"height":1200,"url":"https:\/\/holyland-olivewood.com\/wp-content\/uploads\/2024\/10\/jesus-washing-disciples-feet-holy-land-olive-wood-bethlehem-fi142-1.jpg","type":"image\/jpeg"}],"twitter_card":"summary_large_image","twitter_misc":{"Tempo di lettura stimato":"1 minuto"},"schema":{"@context":"https:\/\/schema.org","@graph":[{"@type":"WebPage","@id":"https:\/\/holyland-olivewood.com\/it\/prodotto\/statua-in-legno-dulivo-di-gesu-che-lava-i-piedi-ai-discepoli-fi142\/","url":"https:\/\/holyland-olivewood.com\/it\/prodotto\/statua-in-legno-dulivo-di-gesu-che-lava-i-piedi-ai-discepoli-fi142\/","name":"Statua in legno d'ulivo di Ges\u00f9 che lava i piedi ai discepoli #FI142 - Holy Land Olive Wood - Bethlehem Olive Wood Factory","isPartOf":{"@id":"https:\/\/holyland-olivewood.com\/it\/#website"},"primaryImageOfPage":{"@id":"https:\/\/holyland-olivewood.com\/it\/prodotto\/statua-in-legno-dulivo-di-gesu-che-lava-i-piedi-ai-discepoli-fi142\/#primaryimage"},"image":{"@id":"https:\/\/holyland-olivewood.com\/it\/prodotto\/statua-in-legno-dulivo-di-gesu-che-lava-i-piedi-ai-discepoli-fi142\/#primaryimage"},"thumbnailUrl":"https:\/\/holyland-olivewood.com\/wp-content\/uploads\/2024\/10\/jesus-washing-disciples-feet-holy-land-olive-wood-bethlehem-fi142-1.jpg","datePublished":"2024-10-17T10:59:39+00:00","dateModified":"2025-11-03T16:38:39+00:00","description":"Ges\u00f9 che lava i piedi ai discepoli Betlemme Artigianato in legno d'ulivo Scolpito a mano (statuine, presepi, statue, sculture) dalla Terra Santa","breadcrumb":{"@id":"https:\/\/holyland-olivewood.com\/it\/prodotto\/statua-in-legno-dulivo-di-gesu-che-lava-i-piedi-ai-discepoli-fi142\/#breadcrumb"},"inLanguage":"it-IT","potentialAction":[{"@type":"ReadAction","target":["https:\/\/holyland-olivewood.com\/it\/prodotto\/statua-in-legno-dulivo-di-gesu-che-lava-i-piedi-ai-discepoli-fi142\/"]}]},{"@type":"ImageObject","inLanguage":"it-IT","@id":"https:\/\/holyland-olivewood.com\/it\/prodotto\/statua-in-legno-dulivo-di-gesu-che-lava-i-piedi-ai-discepoli-fi142\/#primaryimage","url":"https:\/\/holyland-olivewood.com\/wp-content\/uploads\/2024\/10\/jesus-washing-disciples-feet-holy-land-olive-wood-bethlehem-fi142-1.jpg","contentUrl":"https:\/\/holyland-olivewood.com\/wp-content\/uploads\/2024\/10\/jesus-washing-disciples-feet-holy-land-olive-wood-bethlehem-fi142-1.jpg","width":1550,"height":1200},{"@type":"BreadcrumbList","@id":"https:\/\/holyland-olivewood.com\/it\/prodotto\/statua-in-legno-dulivo-di-gesu-che-lava-i-piedi-ai-discepoli-fi142\/#breadcrumb","itemListElement":[{"@type":"ListItem","position":1,"name":"Home","item":"https:\/\/holyland-olivewood.com\/it\/home\/"},{"@type":"ListItem","position":2,"name":"Vedi tutti i prodotti","item":"https:\/\/holyland-olivewood.com\/it\/shop\/"},{"@type":"ListItem","position":3,"name":"Statua in legno d&#8217;ulivo di Ges\u00f9 che lava i piedi ai discepoli #FI142"}]},{"@type":"WebSite","@id":"https:\/\/holyland-olivewood.com\/it\/#website","url":"https:\/\/holyland-olivewood.com\/it\/","name":"Holy Land Olive Wood - Bethlehem Olive Wood Factory","description":"Holy Land Olivewood Bethlehem","publisher":{"@id":"https:\/\/holyland-olivewood.com\/it\/#organization"},"potentialAction":[{"@type":"SearchAction","target":{"@type":"EntryPoint","urlTemplate":"https:\/\/holyland-olivewood.com\/it\/?s={search_term_string}"},"query-input":{"@type":"PropertyValueSpecification","valueRequired":true,"valueName":"search_term_string"}}],"inLanguage":"it-IT"},{"@type":"Organization","@id":"https:\/\/holyland-olivewood.com\/it\/#organization","name":"Holy Land Olivewood","url":"https:\/\/holyland-olivewood.com\/it\/","logo":{"@type":"ImageObject","inLanguage":"it-IT","@id":"https:\/\/holyland-olivewood.com\/it\/#\/schema\/logo\/image\/","url":"","contentUrl":"","caption":"Holy Land Olivewood"},"image":{"@id":"https:\/\/holyland-olivewood.com\/it\/#\/schema\/logo\/image\/"},"sameAs":["https:\/\/www.facebook.com\/holylandolivewood.bethlehem\/","http:\/\/instagram.com\/holy.land.olive.wood"]}]}},"_links":{"self":[{"href":"https:\/\/holyland-olivewood.com\/it\/wp-json\/wp\/v2\/product\/55428","targetHints":{"allow":["GET"]}}],"collection":[{"href":"https:\/\/holyland-olivewood.com\/it\/wp-json\/wp\/v2\/product"}],"about":[{"href":"https:\/\/holyland-olivewood.com\/it\/wp-json\/wp\/v2\/types\/product"}],"replies":[{"embeddable":true,"href":"https:\/\/holyland-olivewood.com\/it\/wp-json\/wp\/v2\/comments?post=55428"}],"version-history":[{"count":1,"href":"https:\/\/holyland-olivewood.com\/it\/wp-json\/wp\/v2\/product\/55428\/revisions"}],"predecessor-version":[{"id":63318,"href":"https:\/\/holyland-olivewood.com\/it\/wp-json\/wp\/v2\/product\/55428\/revisions\/63318"}],"wp:featuredmedia":[{"embeddable":true,"href":"https:\/\/holyland-olivewood.com\/it\/wp-json\/wp\/v2\/media\/55429"}],"wp:attachment":[{"href":"https:\/\/holyland-olivewood.com\/it\/wp-json\/wp\/v2\/media?parent=55428"}],"wp:term":[{"taxonomy":"product_brand","embeddable":true,"href":"https:\/\/holyland-olivewood.com\/it\/wp-json\/wp\/v2\/product_brand?post=55428"},{"taxonomy":"product_cat","embeddable":true,"href":"https:\/\/holyland-olivewood.com\/it\/wp-json\/wp\/v2\/product_cat?post=55428"},{"taxonomy":"product_tag","embeddable":true,"href":"https:\/\/holyland-olivewood.com\/it\/wp-json\/wp\/v2\/product_tag?post=55428"}],"curies":[{"name":"wp","href":"https:\/\/api.w.org\/{rel}","templated":true}]}}