{"id":52660,"date":"2022-09-29T15:41:16","date_gmt":"2022-09-29T20:33:12","guid":{"rendered":"https:\/\/holyland-olivewood.com\/product\/presepe-in-legno-dulivo-set-di-grotta-na143\/"},"modified":"2022-09-29T20:33:12","modified_gmt":"2022-09-29T20:33:12","slug":"olivo-legno-nativita-grotto-set-na143","status":"publish","type":"product","link":"https:\/\/holyland-olivewood.com\/it\/prodotto\/olivo-legno-nativita-grotto-set-na143\/","title":{"rendered":"Presepe in legno d&#8217;ulivo Set di grotta #NA143"},"content":{"rendered":"","protected":false},"excerpt":{"rendered":"<p>Questo bellissimo presepe con una stalla unica \u00e8 realizzato a mano in Terra Santa con legno d&#8217;ulivo di Betlemme autentico e raccolto in modo sostenibile. Utilizzando solo ulivi non produttivi provenienti dalla Terra Santa, questo pezzo fatto a mano rivela le straordinarie venature del legno d&#8217;ulivo grezzo, privo di additivi o sigillanti. Le figure comprendono Maria, Giuseppe e Ges\u00f9, i 3 Re Magi e il pastorello. Gli animali comprendono l&#8217;asino, la mucca da latte, due agnelli e 3 cammelli. \u00c8 splendidamente realizzata e costituisce un meraviglioso tema centrale nella celebrazione del Natale.<\/p>\n<p>Questa stalla per presepi pu\u00f2 variare nelle dimensioni, nella forma e nell&#8217;aspetto a causa dei diversi motivi presenti nelle venature del legno d&#8217;ulivo e del fatto che \u00e8 fatta a mano, quindi ogni pezzo \u00e8 unico.<\/p>\n<p>Questo articolo include un certificato di autenticit\u00e0 che verifica i materiali e le tecniche utilizzate per realizzare questo prodotto.<\/p>\n<p>Dimensioni: 23 cm x 35,5 cm x 39 cm (9&#8243; x 14&#8243; x 15,5&#8243;)<\/p>\n","protected":false},"featured_media":56813,"comment_status":"closed","ping_status":"closed","template":"","meta":[],"product_brand":[],"product_cat":[1039,1189],"product_tag":[],"class_list":{"0":"post-52660","1":"product","2":"type-product","3":"status-publish","4":"has-post-thumbnail","6":"product_cat-kunsthaandvaerk-it-2","7":"product_cat-presepi","9":"first","10":"instock","11":"shipping-taxable","12":"purchasable","13":"product-type-simple"},"yoast_head":"<!-- This site is optimized with the Yoast SEO plugin v27.4 - https:\/\/yoast.com\/product\/yoast-seo-wordpress\/ -->\n<title>Presepe in legno d&#039;ulivo Set di grotta #NA143 - Holy Land Olive Wood - Bethlehem Olive Wood Factory<\/title>\n<meta name=\"robots\" content=\"index, follow, max-snippet:-1, max-image-preview:large, max-video-preview:-1\" \/>\n<link rel=\"canonical\" href=\"https:\/\/holyland-olivewood.com\/it\/prodotto\/olivo-legno-nativita-grotto-set-na143\/\" \/>\n<meta property=\"og:locale\" content=\"it_IT\" \/>\n<meta property=\"og:type\" content=\"article\" \/>\n<meta property=\"og:title\" content=\"Presepe in legno d&#039;ulivo Set di grotta #NA143 - Holy Land Olive Wood - Bethlehem Olive Wood Factory\" \/>\n<meta property=\"og:description\" content=\"Questo bellissimo presepe con una stalla unica \u00e8 realizzato a mano in Terra Santa con legno d&#039;ulivo di Betlemme autentico e raccolto in modo sostenibile. Utilizzando solo ulivi non produttivi provenienti dalla Terra Santa, questo pezzo fatto a mano rivela le straordinarie venature del legno d&#039;ulivo grezzo, privo di additivi o sigillanti. Le figure comprendono Maria, Giuseppe e Ges\u00f9, i 3 Re Magi e il pastorello. Gli animali comprendono l&#039;asino, la mucca da latte, due agnelli e 3 cammelli. \u00c8 splendidamente realizzata e costituisce un meraviglioso tema centrale nella celebrazione del Natale. Questa stalla per presepi pu\u00f2 variare nelle dimensioni, nella forma e nell&#039;aspetto a causa dei diversi motivi presenti nelle venature del legno d&#039;ulivo e del fatto che \u00e8 fatta a mano, quindi ogni pezzo \u00e8 unico. Questo articolo include un certificato di autenticit\u00e0 che verifica i materiali e le tecniche utilizzate per realizzare questo prodotto. Dimensioni: 23 cm x 35,5 cm x 39 cm (9&quot; x 14&quot; x 15,5&quot;)\" \/>\n<meta property=\"og:url\" content=\"https:\/\/holyland-olivewood.com\/it\/prodotto\/olivo-legno-nativita-grotto-set-na143\/\" \/>\n<meta property=\"og:site_name\" content=\"Holy Land Olive Wood - Bethlehem Olive Wood Factory\" \/>\n<meta property=\"article:publisher\" content=\"https:\/\/www.facebook.com\/holylandolivewood.bethlehem\/\" \/>\n<meta property=\"og:image\" content=\"https:\/\/holyland-olivewood.com\/wp-content\/uploads\/2021\/08\/holy-land_olive_wood_nativity_set_bethlehem_na143-1.jpg\" \/>\n\t<meta property=\"og:image:width\" content=\"1550\" \/>\n\t<meta property=\"og:image:height\" content=\"1200\" \/>\n\t<meta property=\"og:image:type\" content=\"image\/jpeg\" \/>\n<meta name=\"twitter:card\" content=\"summary_large_image\" \/>\n<script type=\"application\/ld+json\" class=\"yoast-schema-graph\">{\"@context\":\"https:\\\/\\\/schema.org\",\"@graph\":[{\"@type\":\"WebPage\",\"@id\":\"https:\\\/\\\/holyland-olivewood.com\\\/it\\\/prodotto\\\/olivo-legno-nativita-grotto-set-na143\\\/\",\"url\":\"https:\\\/\\\/holyland-olivewood.com\\\/it\\\/prodotto\\\/olivo-legno-nativita-grotto-set-na143\\\/\",\"name\":\"Presepe in legno d'ulivo Set di grotta #NA143 - Holy Land Olive Wood - Bethlehem Olive Wood Factory\",\"isPartOf\":{\"@id\":\"https:\\\/\\\/holyland-olivewood.com\\\/it\\\/#website\"},\"primaryImageOfPage\":{\"@id\":\"https:\\\/\\\/holyland-olivewood.com\\\/it\\\/prodotto\\\/olivo-legno-nativita-grotto-set-na143\\\/#primaryimage\"},\"image\":{\"@id\":\"https:\\\/\\\/holyland-olivewood.com\\\/it\\\/prodotto\\\/olivo-legno-nativita-grotto-set-na143\\\/#primaryimage\"},\"thumbnailUrl\":\"https:\\\/\\\/holyland-olivewood.com\\\/wp-content\\\/uploads\\\/2021\\\/08\\\/holy-land_olive_wood_nativity_set_bethlehem_na143-1.jpg\",\"datePublished\":\"2022-09-29T20:33:12+00:00\",\"breadcrumb\":{\"@id\":\"https:\\\/\\\/holyland-olivewood.com\\\/it\\\/prodotto\\\/olivo-legno-nativita-grotto-set-na143\\\/#breadcrumb\"},\"inLanguage\":\"it-IT\",\"potentialAction\":[{\"@type\":\"ReadAction\",\"target\":[\"https:\\\/\\\/holyland-olivewood.com\\\/it\\\/prodotto\\\/olivo-legno-nativita-grotto-set-na143\\\/\"]}]},{\"@type\":\"ImageObject\",\"inLanguage\":\"it-IT\",\"@id\":\"https:\\\/\\\/holyland-olivewood.com\\\/it\\\/prodotto\\\/olivo-legno-nativita-grotto-set-na143\\\/#primaryimage\",\"url\":\"https:\\\/\\\/holyland-olivewood.com\\\/wp-content\\\/uploads\\\/2021\\\/08\\\/holy-land_olive_wood_nativity_set_bethlehem_na143-1.jpg\",\"contentUrl\":\"https:\\\/\\\/holyland-olivewood.com\\\/wp-content\\\/uploads\\\/2021\\\/08\\\/holy-land_olive_wood_nativity_set_bethlehem_na143-1.jpg\",\"width\":1550,\"height\":1200},{\"@type\":\"BreadcrumbList\",\"@id\":\"https:\\\/\\\/holyland-olivewood.com\\\/it\\\/prodotto\\\/olivo-legno-nativita-grotto-set-na143\\\/#breadcrumb\",\"itemListElement\":[{\"@type\":\"ListItem\",\"position\":1,\"name\":\"Home\",\"item\":\"https:\\\/\\\/holyland-olivewood.com\\\/it\\\/home\\\/\"},{\"@type\":\"ListItem\",\"position\":2,\"name\":\"Vedi tutti i prodotti\",\"item\":\"https:\\\/\\\/holyland-olivewood.com\\\/it\\\/shop\\\/\"},{\"@type\":\"ListItem\",\"position\":3,\"name\":\"Presepe in legno d&#8217;ulivo Set di grotta #NA143\"}]},{\"@type\":\"WebSite\",\"@id\":\"https:\\\/\\\/holyland-olivewood.com\\\/it\\\/#website\",\"url\":\"https:\\\/\\\/holyland-olivewood.com\\\/it\\\/\",\"name\":\"Holy Land Olive Wood - Bethlehem Olive Wood Factory\",\"description\":\"Holy Land Olivewood Bethlehem\",\"publisher\":{\"@id\":\"https:\\\/\\\/holyland-olivewood.com\\\/it\\\/#organization\"},\"potentialAction\":[{\"@type\":\"SearchAction\",\"target\":{\"@type\":\"EntryPoint\",\"urlTemplate\":\"https:\\\/\\\/holyland-olivewood.com\\\/it\\\/?s={search_term_string}\"},\"query-input\":{\"@type\":\"PropertyValueSpecification\",\"valueRequired\":true,\"valueName\":\"search_term_string\"}}],\"inLanguage\":\"it-IT\"},{\"@type\":\"Organization\",\"@id\":\"https:\\\/\\\/holyland-olivewood.com\\\/it\\\/#organization\",\"name\":\"Holy Land Olivewood\",\"url\":\"https:\\\/\\\/holyland-olivewood.com\\\/it\\\/\",\"logo\":{\"@type\":\"ImageObject\",\"inLanguage\":\"it-IT\",\"@id\":\"https:\\\/\\\/holyland-olivewood.com\\\/it\\\/#\\\/schema\\\/logo\\\/image\\\/\",\"url\":\"\",\"contentUrl\":\"\",\"caption\":\"Holy Land Olivewood\"},\"image\":{\"@id\":\"https:\\\/\\\/holyland-olivewood.com\\\/it\\\/#\\\/schema\\\/logo\\\/image\\\/\"},\"sameAs\":[\"https:\\\/\\\/www.facebook.com\\\/holylandolivewood.bethlehem\\\/\",\"http:\\\/\\\/instagram.com\\\/holy.land.olive.wood\"]}]}<\/script>\n<!-- \/ Yoast SEO plugin. -->","yoast_head_json":{"title":"Presepe in legno d'ulivo Set di grotta #NA143 - Holy Land Olive Wood - Bethlehem Olive Wood Factory","robots":{"index":"index","follow":"follow","max-snippet":"max-snippet:-1","max-image-preview":"max-image-preview:large","max-video-preview":"max-video-preview:-1"},"canonical":"https:\/\/holyland-olivewood.com\/it\/prodotto\/olivo-legno-nativita-grotto-set-na143\/","og_locale":"it_IT","og_type":"article","og_title":"Presepe in legno d'ulivo Set di grotta #NA143 - Holy Land Olive Wood - Bethlehem Olive Wood Factory","og_description":"Questo bellissimo presepe con una stalla unica \u00e8 realizzato a mano in Terra Santa con legno d'ulivo di Betlemme autentico e raccolto in modo sostenibile. Utilizzando solo ulivi non produttivi provenienti dalla Terra Santa, questo pezzo fatto a mano rivela le straordinarie venature del legno d'ulivo grezzo, privo di additivi o sigillanti. Le figure comprendono Maria, Giuseppe e Ges\u00f9, i 3 Re Magi e il pastorello. Gli animali comprendono l'asino, la mucca da latte, due agnelli e 3 cammelli. \u00c8 splendidamente realizzata e costituisce un meraviglioso tema centrale nella celebrazione del Natale. Questa stalla per presepi pu\u00f2 variare nelle dimensioni, nella forma e nell'aspetto a causa dei diversi motivi presenti nelle venature del legno d'ulivo e del fatto che \u00e8 fatta a mano, quindi ogni pezzo \u00e8 unico. Questo articolo include un certificato di autenticit\u00e0 che verifica i materiali e le tecniche utilizzate per realizzare questo prodotto. Dimensioni: 23 cm x 35,5 cm x 39 cm (9\" x 14\" x 15,5\")","og_url":"https:\/\/holyland-olivewood.com\/it\/prodotto\/olivo-legno-nativita-grotto-set-na143\/","og_site_name":"Holy Land Olive Wood - Bethlehem Olive Wood Factory","article_publisher":"https:\/\/www.facebook.com\/holylandolivewood.bethlehem\/","og_image":[{"width":1550,"height":1200,"url":"https:\/\/holyland-olivewood.com\/wp-content\/uploads\/2021\/08\/holy-land_olive_wood_nativity_set_bethlehem_na143-1.jpg","type":"image\/jpeg"}],"twitter_card":"summary_large_image","schema":{"@context":"https:\/\/schema.org","@graph":[{"@type":"WebPage","@id":"https:\/\/holyland-olivewood.com\/it\/prodotto\/olivo-legno-nativita-grotto-set-na143\/","url":"https:\/\/holyland-olivewood.com\/it\/prodotto\/olivo-legno-nativita-grotto-set-na143\/","name":"Presepe in legno d'ulivo Set di grotta #NA143 - Holy Land Olive Wood - Bethlehem Olive Wood Factory","isPartOf":{"@id":"https:\/\/holyland-olivewood.com\/it\/#website"},"primaryImageOfPage":{"@id":"https:\/\/holyland-olivewood.com\/it\/prodotto\/olivo-legno-nativita-grotto-set-na143\/#primaryimage"},"image":{"@id":"https:\/\/holyland-olivewood.com\/it\/prodotto\/olivo-legno-nativita-grotto-set-na143\/#primaryimage"},"thumbnailUrl":"https:\/\/holyland-olivewood.com\/wp-content\/uploads\/2021\/08\/holy-land_olive_wood_nativity_set_bethlehem_na143-1.jpg","datePublished":"2022-09-29T20:33:12+00:00","breadcrumb":{"@id":"https:\/\/holyland-olivewood.com\/it\/prodotto\/olivo-legno-nativita-grotto-set-na143\/#breadcrumb"},"inLanguage":"it-IT","potentialAction":[{"@type":"ReadAction","target":["https:\/\/holyland-olivewood.com\/it\/prodotto\/olivo-legno-nativita-grotto-set-na143\/"]}]},{"@type":"ImageObject","inLanguage":"it-IT","@id":"https:\/\/holyland-olivewood.com\/it\/prodotto\/olivo-legno-nativita-grotto-set-na143\/#primaryimage","url":"https:\/\/holyland-olivewood.com\/wp-content\/uploads\/2021\/08\/holy-land_olive_wood_nativity_set_bethlehem_na143-1.jpg","contentUrl":"https:\/\/holyland-olivewood.com\/wp-content\/uploads\/2021\/08\/holy-land_olive_wood_nativity_set_bethlehem_na143-1.jpg","width":1550,"height":1200},{"@type":"BreadcrumbList","@id":"https:\/\/holyland-olivewood.com\/it\/prodotto\/olivo-legno-nativita-grotto-set-na143\/#breadcrumb","itemListElement":[{"@type":"ListItem","position":1,"name":"Home","item":"https:\/\/holyland-olivewood.com\/it\/home\/"},{"@type":"ListItem","position":2,"name":"Vedi tutti i prodotti","item":"https:\/\/holyland-olivewood.com\/it\/shop\/"},{"@type":"ListItem","position":3,"name":"Presepe in legno d&#8217;ulivo Set di grotta #NA143"}]},{"@type":"WebSite","@id":"https:\/\/holyland-olivewood.com\/it\/#website","url":"https:\/\/holyland-olivewood.com\/it\/","name":"Holy Land Olive Wood - Bethlehem Olive Wood Factory","description":"Holy Land Olivewood Bethlehem","publisher":{"@id":"https:\/\/holyland-olivewood.com\/it\/#organization"},"potentialAction":[{"@type":"SearchAction","target":{"@type":"EntryPoint","urlTemplate":"https:\/\/holyland-olivewood.com\/it\/?s={search_term_string}"},"query-input":{"@type":"PropertyValueSpecification","valueRequired":true,"valueName":"search_term_string"}}],"inLanguage":"it-IT"},{"@type":"Organization","@id":"https:\/\/holyland-olivewood.com\/it\/#organization","name":"Holy Land Olivewood","url":"https:\/\/holyland-olivewood.com\/it\/","logo":{"@type":"ImageObject","inLanguage":"it-IT","@id":"https:\/\/holyland-olivewood.com\/it\/#\/schema\/logo\/image\/","url":"","contentUrl":"","caption":"Holy Land Olivewood"},"image":{"@id":"https:\/\/holyland-olivewood.com\/it\/#\/schema\/logo\/image\/"},"sameAs":["https:\/\/www.facebook.com\/holylandolivewood.bethlehem\/","http:\/\/instagram.com\/holy.land.olive.wood"]}]}},"_links":{"self":[{"href":"https:\/\/holyland-olivewood.com\/it\/wp-json\/wp\/v2\/product\/52660","targetHints":{"allow":["GET"]}}],"collection":[{"href":"https:\/\/holyland-olivewood.com\/it\/wp-json\/wp\/v2\/product"}],"about":[{"href":"https:\/\/holyland-olivewood.com\/it\/wp-json\/wp\/v2\/types\/product"}],"replies":[{"embeddable":true,"href":"https:\/\/holyland-olivewood.com\/it\/wp-json\/wp\/v2\/comments?post=52660"}],"version-history":[{"count":0,"href":"https:\/\/holyland-olivewood.com\/it\/wp-json\/wp\/v2\/product\/52660\/revisions"}],"wp:featuredmedia":[{"embeddable":true,"href":"https:\/\/holyland-olivewood.com\/it\/wp-json\/wp\/v2\/media\/56813"}],"wp:attachment":[{"href":"https:\/\/holyland-olivewood.com\/it\/wp-json\/wp\/v2\/media?parent=52660"}],"wp:term":[{"taxonomy":"product_brand","embeddable":true,"href":"https:\/\/holyland-olivewood.com\/it\/wp-json\/wp\/v2\/product_brand?post=52660"},{"taxonomy":"product_cat","embeddable":true,"href":"https:\/\/holyland-olivewood.com\/it\/wp-json\/wp\/v2\/product_cat?post=52660"},{"taxonomy":"product_tag","embeddable":true,"href":"https:\/\/holyland-olivewood.com\/it\/wp-json\/wp\/v2\/product_tag?post=52660"}],"curies":[{"name":"wp","href":"https:\/\/api.w.org\/{rel}","templated":true}]}}