{"id":51341,"date":"2022-04-10T10:08:11","date_gmt":"2022-04-10T10:08:11","guid":{"rendered":"https:\/\/holyland-olivewood.com\/product\/croce-a-mano-in-legno-dulivo-10-cm-4-cr166\/"},"modified":"2026-02-14T13:17:24","modified_gmt":"2026-02-14T13:17:24","slug":"croce-mano-in-ulivo-10-cm-4-cr166","status":"publish","type":"product","link":"https:\/\/holyland-olivewood.com\/it\/prodotto\/croce-mano-in-ulivo-10-cm-4-cr166\/","title":{"rendered":"Croce a mano in legno d&#8217;ulivo (10 CM \/ 4&#8221;) #CR166"},"content":{"rendered":"","protected":false},"excerpt":{"rendered":"<p>Questa squisita e unica croce in legno d&#8217;ulivo per il comfort \u00e8 realizzata in legno d&#8217;ulivo di Betlemme, quindi ogni croce ha un aspetto unico. \u00c8 fatto per essere tenuto in mano per confortarci nei momenti difficili e quando \u00e8 necessario ricordare l&#8217;amore di Dio per noi. Essendo realizzata in legno di olivo, ogni croce \u00e8 unica.<\/p>\n<p>Dimensioni: 10 cm (4&#8243;)<\/p>\n","protected":false},"featured_media":51126,"comment_status":"closed","ping_status":"closed","template":"","meta":[],"product_brand":[],"product_cat":[1039,1035],"product_tag":[],"class_list":{"0":"post-51341","1":"product","2":"type-product","3":"status-publish","4":"has-post-thumbnail","6":"product_cat-kunsthaandvaerk-it-2","7":"product_cat-kors-og-krucifikser-it","9":"first","10":"instock","11":"shipping-taxable","12":"purchasable","13":"product-type-simple"},"yoast_head":"<!-- This site is optimized with the Yoast SEO plugin v27.4 - https:\/\/yoast.com\/product\/yoast-seo-wordpress\/ -->\n<title>Croce a mano in legno d&#039;ulivo (10 CM \/ 4&#039;&#039;) #CR166 - Holy Land Olive Wood - Bethlehem Olive Wood Factory<\/title>\n<meta name=\"description\" content=\"Artigianato in legno d&#039;ulivo di Betlemme (cio\u00e8 mano, croce, croci, crocifissi, perline) pennarelli, blocchi e grezzo in dimensioni standard e personalizzate.\" \/>\n<meta name=\"robots\" content=\"index, follow, max-snippet:-1, max-image-preview:large, max-video-preview:-1\" \/>\n<link rel=\"canonical\" href=\"https:\/\/holyland-olivewood.com\/it\/prodotto\/croce-mano-in-ulivo-10-cm-4-cr166\/\" \/>\n<meta property=\"og:locale\" content=\"it_IT\" \/>\n<meta property=\"og:type\" content=\"article\" \/>\n<meta property=\"og:title\" content=\"Croce a mano in legno d&#039;ulivo (10 CM \/ 4&#039;&#039;) #CR166 - Holy Land Olive Wood - Bethlehem Olive Wood Factory\" \/>\n<meta property=\"og:description\" content=\"Artigianato in legno d&#039;ulivo di Betlemme (cio\u00e8 mano, croce, croci, crocifissi, perline) pennarelli, blocchi e grezzo in dimensioni standard e personalizzate.\" \/>\n<meta property=\"og:url\" content=\"https:\/\/holyland-olivewood.com\/it\/prodotto\/croce-mano-in-ulivo-10-cm-4-cr166\/\" \/>\n<meta property=\"og:site_name\" content=\"Holy Land Olive Wood - Bethlehem Olive Wood Factory\" \/>\n<meta property=\"article:publisher\" content=\"https:\/\/www.facebook.com\/holylandolivewood.bethlehem\/\" \/>\n<meta property=\"article:modified_time\" content=\"2026-02-14T13:17:24+00:00\" \/>\n<meta property=\"og:image\" content=\"https:\/\/holyland-olivewood.com\/wp-content\/uploads\/2022\/04\/hand_cross_holy_land_olive_wood_bethlehem_cr166_1.jpg\" \/>\n\t<meta property=\"og:image:width\" content=\"1550\" \/>\n\t<meta property=\"og:image:height\" content=\"1200\" \/>\n\t<meta property=\"og:image:type\" content=\"image\/jpeg\" \/>\n<meta name=\"twitter:card\" content=\"summary_large_image\" \/>\n<script type=\"application\/ld+json\" class=\"yoast-schema-graph\">{\"@context\":\"https:\\\/\\\/schema.org\",\"@graph\":[{\"@type\":\"WebPage\",\"@id\":\"https:\\\/\\\/holyland-olivewood.com\\\/it\\\/prodotto\\\/croce-mano-in-ulivo-10-cm-4-cr166\\\/\",\"url\":\"https:\\\/\\\/holyland-olivewood.com\\\/it\\\/prodotto\\\/croce-mano-in-ulivo-10-cm-4-cr166\\\/\",\"name\":\"Croce a mano in legno d'ulivo (10 CM \\\/ 4'') #CR166 - Holy Land Olive Wood - Bethlehem Olive Wood Factory\",\"isPartOf\":{\"@id\":\"https:\\\/\\\/holyland-olivewood.com\\\/it\\\/#website\"},\"primaryImageOfPage\":{\"@id\":\"https:\\\/\\\/holyland-olivewood.com\\\/it\\\/prodotto\\\/croce-mano-in-ulivo-10-cm-4-cr166\\\/#primaryimage\"},\"image\":{\"@id\":\"https:\\\/\\\/holyland-olivewood.com\\\/it\\\/prodotto\\\/croce-mano-in-ulivo-10-cm-4-cr166\\\/#primaryimage\"},\"thumbnailUrl\":\"https:\\\/\\\/holyland-olivewood.com\\\/wp-content\\\/uploads\\\/2022\\\/04\\\/hand_cross_holy_land_olive_wood_bethlehem_cr166_1.jpg\",\"datePublished\":\"2022-04-10T10:08:11+00:00\",\"dateModified\":\"2026-02-14T13:17:24+00:00\",\"description\":\"Artigianato in legno d'ulivo di Betlemme (cio\u00e8 mano, croce, croci, crocifissi, perline) pennarelli, blocchi e grezzo in dimensioni standard e personalizzate.\",\"breadcrumb\":{\"@id\":\"https:\\\/\\\/holyland-olivewood.com\\\/it\\\/prodotto\\\/croce-mano-in-ulivo-10-cm-4-cr166\\\/#breadcrumb\"},\"inLanguage\":\"it-IT\",\"potentialAction\":[{\"@type\":\"ReadAction\",\"target\":[\"https:\\\/\\\/holyland-olivewood.com\\\/it\\\/prodotto\\\/croce-mano-in-ulivo-10-cm-4-cr166\\\/\"]}]},{\"@type\":\"ImageObject\",\"inLanguage\":\"it-IT\",\"@id\":\"https:\\\/\\\/holyland-olivewood.com\\\/it\\\/prodotto\\\/croce-mano-in-ulivo-10-cm-4-cr166\\\/#primaryimage\",\"url\":\"https:\\\/\\\/holyland-olivewood.com\\\/wp-content\\\/uploads\\\/2022\\\/04\\\/hand_cross_holy_land_olive_wood_bethlehem_cr166_1.jpg\",\"contentUrl\":\"https:\\\/\\\/holyland-olivewood.com\\\/wp-content\\\/uploads\\\/2022\\\/04\\\/hand_cross_holy_land_olive_wood_bethlehem_cr166_1.jpg\",\"width\":1550,\"height\":1200},{\"@type\":\"BreadcrumbList\",\"@id\":\"https:\\\/\\\/holyland-olivewood.com\\\/it\\\/prodotto\\\/croce-mano-in-ulivo-10-cm-4-cr166\\\/#breadcrumb\",\"itemListElement\":[{\"@type\":\"ListItem\",\"position\":1,\"name\":\"Home\",\"item\":\"https:\\\/\\\/holyland-olivewood.com\\\/it\\\/home\\\/\"},{\"@type\":\"ListItem\",\"position\":2,\"name\":\"Vedi tutti i prodotti\",\"item\":\"https:\\\/\\\/holyland-olivewood.com\\\/it\\\/shop\\\/\"},{\"@type\":\"ListItem\",\"position\":3,\"name\":\"Croce a mano in legno d&#8217;ulivo (10 CM \\\/ 4&#8221;) #CR166\"}]},{\"@type\":\"WebSite\",\"@id\":\"https:\\\/\\\/holyland-olivewood.com\\\/it\\\/#website\",\"url\":\"https:\\\/\\\/holyland-olivewood.com\\\/it\\\/\",\"name\":\"Holy Land Olive Wood - Bethlehem Olive Wood Factory\",\"description\":\"Holy Land Olivewood Bethlehem\",\"publisher\":{\"@id\":\"https:\\\/\\\/holyland-olivewood.com\\\/it\\\/#organization\"},\"potentialAction\":[{\"@type\":\"SearchAction\",\"target\":{\"@type\":\"EntryPoint\",\"urlTemplate\":\"https:\\\/\\\/holyland-olivewood.com\\\/it\\\/?s={search_term_string}\"},\"query-input\":{\"@type\":\"PropertyValueSpecification\",\"valueRequired\":true,\"valueName\":\"search_term_string\"}}],\"inLanguage\":\"it-IT\"},{\"@type\":\"Organization\",\"@id\":\"https:\\\/\\\/holyland-olivewood.com\\\/it\\\/#organization\",\"name\":\"Holy Land Olivewood\",\"url\":\"https:\\\/\\\/holyland-olivewood.com\\\/it\\\/\",\"logo\":{\"@type\":\"ImageObject\",\"inLanguage\":\"it-IT\",\"@id\":\"https:\\\/\\\/holyland-olivewood.com\\\/it\\\/#\\\/schema\\\/logo\\\/image\\\/\",\"url\":\"\",\"contentUrl\":\"\",\"caption\":\"Holy Land Olivewood\"},\"image\":{\"@id\":\"https:\\\/\\\/holyland-olivewood.com\\\/it\\\/#\\\/schema\\\/logo\\\/image\\\/\"},\"sameAs\":[\"https:\\\/\\\/www.facebook.com\\\/holylandolivewood.bethlehem\\\/\",\"http:\\\/\\\/instagram.com\\\/holy.land.olive.wood\"]}]}<\/script>\n<!-- \/ Yoast SEO plugin. -->","yoast_head_json":{"title":"Croce a mano in legno d'ulivo (10 CM \/ 4'') #CR166 - Holy Land Olive Wood - Bethlehem Olive Wood Factory","description":"Artigianato in legno d'ulivo di Betlemme (cio\u00e8 mano, croce, croci, crocifissi, perline) pennarelli, blocchi e grezzo in dimensioni standard e personalizzate.","robots":{"index":"index","follow":"follow","max-snippet":"max-snippet:-1","max-image-preview":"max-image-preview:large","max-video-preview":"max-video-preview:-1"},"canonical":"https:\/\/holyland-olivewood.com\/it\/prodotto\/croce-mano-in-ulivo-10-cm-4-cr166\/","og_locale":"it_IT","og_type":"article","og_title":"Croce a mano in legno d'ulivo (10 CM \/ 4'') #CR166 - Holy Land Olive Wood - Bethlehem Olive Wood Factory","og_description":"Artigianato in legno d'ulivo di Betlemme (cio\u00e8 mano, croce, croci, crocifissi, perline) pennarelli, blocchi e grezzo in dimensioni standard e personalizzate.","og_url":"https:\/\/holyland-olivewood.com\/it\/prodotto\/croce-mano-in-ulivo-10-cm-4-cr166\/","og_site_name":"Holy Land Olive Wood - Bethlehem Olive Wood Factory","article_publisher":"https:\/\/www.facebook.com\/holylandolivewood.bethlehem\/","article_modified_time":"2026-02-14T13:17:24+00:00","og_image":[{"width":1550,"height":1200,"url":"https:\/\/holyland-olivewood.com\/wp-content\/uploads\/2022\/04\/hand_cross_holy_land_olive_wood_bethlehem_cr166_1.jpg","type":"image\/jpeg"}],"twitter_card":"summary_large_image","schema":{"@context":"https:\/\/schema.org","@graph":[{"@type":"WebPage","@id":"https:\/\/holyland-olivewood.com\/it\/prodotto\/croce-mano-in-ulivo-10-cm-4-cr166\/","url":"https:\/\/holyland-olivewood.com\/it\/prodotto\/croce-mano-in-ulivo-10-cm-4-cr166\/","name":"Croce a mano in legno d'ulivo (10 CM \/ 4'') #CR166 - Holy Land Olive Wood - Bethlehem Olive Wood Factory","isPartOf":{"@id":"https:\/\/holyland-olivewood.com\/it\/#website"},"primaryImageOfPage":{"@id":"https:\/\/holyland-olivewood.com\/it\/prodotto\/croce-mano-in-ulivo-10-cm-4-cr166\/#primaryimage"},"image":{"@id":"https:\/\/holyland-olivewood.com\/it\/prodotto\/croce-mano-in-ulivo-10-cm-4-cr166\/#primaryimage"},"thumbnailUrl":"https:\/\/holyland-olivewood.com\/wp-content\/uploads\/2022\/04\/hand_cross_holy_land_olive_wood_bethlehem_cr166_1.jpg","datePublished":"2022-04-10T10:08:11+00:00","dateModified":"2026-02-14T13:17:24+00:00","description":"Artigianato in legno d'ulivo di Betlemme (cio\u00e8 mano, croce, croci, crocifissi, perline) pennarelli, blocchi e grezzo in dimensioni standard e personalizzate.","breadcrumb":{"@id":"https:\/\/holyland-olivewood.com\/it\/prodotto\/croce-mano-in-ulivo-10-cm-4-cr166\/#breadcrumb"},"inLanguage":"it-IT","potentialAction":[{"@type":"ReadAction","target":["https:\/\/holyland-olivewood.com\/it\/prodotto\/croce-mano-in-ulivo-10-cm-4-cr166\/"]}]},{"@type":"ImageObject","inLanguage":"it-IT","@id":"https:\/\/holyland-olivewood.com\/it\/prodotto\/croce-mano-in-ulivo-10-cm-4-cr166\/#primaryimage","url":"https:\/\/holyland-olivewood.com\/wp-content\/uploads\/2022\/04\/hand_cross_holy_land_olive_wood_bethlehem_cr166_1.jpg","contentUrl":"https:\/\/holyland-olivewood.com\/wp-content\/uploads\/2022\/04\/hand_cross_holy_land_olive_wood_bethlehem_cr166_1.jpg","width":1550,"height":1200},{"@type":"BreadcrumbList","@id":"https:\/\/holyland-olivewood.com\/it\/prodotto\/croce-mano-in-ulivo-10-cm-4-cr166\/#breadcrumb","itemListElement":[{"@type":"ListItem","position":1,"name":"Home","item":"https:\/\/holyland-olivewood.com\/it\/home\/"},{"@type":"ListItem","position":2,"name":"Vedi tutti i prodotti","item":"https:\/\/holyland-olivewood.com\/it\/shop\/"},{"@type":"ListItem","position":3,"name":"Croce a mano in legno d&#8217;ulivo (10 CM \/ 4&#8221;) #CR166"}]},{"@type":"WebSite","@id":"https:\/\/holyland-olivewood.com\/it\/#website","url":"https:\/\/holyland-olivewood.com\/it\/","name":"Holy Land Olive Wood - Bethlehem Olive Wood Factory","description":"Holy Land Olivewood Bethlehem","publisher":{"@id":"https:\/\/holyland-olivewood.com\/it\/#organization"},"potentialAction":[{"@type":"SearchAction","target":{"@type":"EntryPoint","urlTemplate":"https:\/\/holyland-olivewood.com\/it\/?s={search_term_string}"},"query-input":{"@type":"PropertyValueSpecification","valueRequired":true,"valueName":"search_term_string"}}],"inLanguage":"it-IT"},{"@type":"Organization","@id":"https:\/\/holyland-olivewood.com\/it\/#organization","name":"Holy Land Olivewood","url":"https:\/\/holyland-olivewood.com\/it\/","logo":{"@type":"ImageObject","inLanguage":"it-IT","@id":"https:\/\/holyland-olivewood.com\/it\/#\/schema\/logo\/image\/","url":"","contentUrl":"","caption":"Holy Land Olivewood"},"image":{"@id":"https:\/\/holyland-olivewood.com\/it\/#\/schema\/logo\/image\/"},"sameAs":["https:\/\/www.facebook.com\/holylandolivewood.bethlehem\/","http:\/\/instagram.com\/holy.land.olive.wood"]}]}},"_links":{"self":[{"href":"https:\/\/holyland-olivewood.com\/it\/wp-json\/wp\/v2\/product\/51341","targetHints":{"allow":["GET"]}}],"collection":[{"href":"https:\/\/holyland-olivewood.com\/it\/wp-json\/wp\/v2\/product"}],"about":[{"href":"https:\/\/holyland-olivewood.com\/it\/wp-json\/wp\/v2\/types\/product"}],"replies":[{"embeddable":true,"href":"https:\/\/holyland-olivewood.com\/it\/wp-json\/wp\/v2\/comments?post=51341"}],"version-history":[{"count":1,"href":"https:\/\/holyland-olivewood.com\/it\/wp-json\/wp\/v2\/product\/51341\/revisions"}],"predecessor-version":[{"id":64524,"href":"https:\/\/holyland-olivewood.com\/it\/wp-json\/wp\/v2\/product\/51341\/revisions\/64524"}],"wp:featuredmedia":[{"embeddable":true,"href":"https:\/\/holyland-olivewood.com\/it\/wp-json\/wp\/v2\/media\/51126"}],"wp:attachment":[{"href":"https:\/\/holyland-olivewood.com\/it\/wp-json\/wp\/v2\/media?parent=51341"}],"wp:term":[{"taxonomy":"product_brand","embeddable":true,"href":"https:\/\/holyland-olivewood.com\/it\/wp-json\/wp\/v2\/product_brand?post=51341"},{"taxonomy":"product_cat","embeddable":true,"href":"https:\/\/holyland-olivewood.com\/it\/wp-json\/wp\/v2\/product_cat?post=51341"},{"taxonomy":"product_tag","embeddable":true,"href":"https:\/\/holyland-olivewood.com\/it\/wp-json\/wp\/v2\/product_tag?post=51341"}],"curies":[{"name":"wp","href":"https:\/\/api.w.org\/{rel}","templated":true}]}}