{"id":46696,"date":"2016-05-30T19:44:32","date_gmt":"2016-05-30T19:44:32","guid":{"rendered":"https:\/\/holyland-olivewood.com\/product\/crocifisso-cattolico-in-legno-di-ulivo-16-cm-6-50-cr107\/"},"modified":"2022-02-11T19:13:08","modified_gmt":"2022-02-11T19:13:08","slug":"cattolico-ulivo-legno-crocifisso-16-cm-6-50","status":"publish","type":"product","link":"https:\/\/holyland-olivewood.com\/it\/prodotto\/cattolico-ulivo-legno-crocifisso-16-cm-6-50\/","title":{"rendered":"Crocifisso cattolico in legno di ulivo (16 cm 6.50&#8221;) #CR107"},"content":{"rendered":"","protected":false},"excerpt":{"rendered":"<p>Questo crocifisso cattolico splendidamente rifinito \u00e8 fatto a mano in Terra Santa da autentico legno di ul\u00ec di Betlemme raccolto in modo sostenibile con una statuetta metallica di Ges\u00f9, placca INRI e capsule di vetro incorporate con lunette in ottone che contengono terra, pietre, petali di fiori e scaglie di foglie di ulivo di Betlemme.<\/p>\n<p>Questo articolo include un certificato di autenticit\u00e0 che verifica i materiali e le tecniche utilizzate per realizzare questo prodotto.<\/p>\n<p>Dimensioni: 16 cm (6,5&#8243;)<\/p>\n","protected":false},"featured_media":27723,"comment_status":"closed","ping_status":"closed","template":"","meta":[],"product_brand":[],"product_cat":[1039,1035],"product_tag":[1160,1142,1040,1124,1164,1099,1133,1083,4081,1086,1104,1075,1079,1149,1159,1128,1116,1110,1120,1051,1045,1106,1095,1139,1054,1063,1152,1146,1093,1043,1166,1058,1067],"class_list":{"0":"post-46696","1":"product","2":"type-product","3":"status-publish","4":"has-post-thumbnail","6":"product_cat-kunsthaandvaerk-it-2","7":"product_cat-kors-og-krucifikser-it","8":"product_tag-14-it","9":"product_tag-af-it","10":"product_tag-betlemme","11":"product_tag-boen-it","12":"product_tag-cartolaio","13":"product_tag-dato","14":"product_tag-foedselskirken-it-2","15":"product_tag-gerusalemme","16":"product_tag-gesu-it","17":"product_tag-haandlavet-it","18":"product_tag-haandvaerk-it","19":"product_tag-hellig-it","20":"product_tag-jord-it","21":"product_tag-katolsk-it","22":"product_tag-keltisk-it-2","23":"product_tag-kirke-it","24":"product_tag-kors-it","25":"product_tag-kristen-it","26":"product_tag-krucifiks-it","27":"product_tag-krucifikser-it","28":"product_tag-krydser-","29":"product_tag-kunsthaandvaerk-it","30":"product_tag-lug","31":"product_tag-mor-it-2","32":"product_tag-oliveno","33":"product_tag-oliventrae-it","34":"product_tag-ortodoks-it","35":"product_tag-perle-it","36":"product_tag-rosenkrans-it","37":"product_tag-rosenkranse-it","38":"product_tag-tana","39":"product_tag-trae-it","40":"product_tag-udskaering-it","42":"first","43":"instock","44":"shipping-taxable","45":"purchasable","46":"product-type-simple"},"yoast_head":"<!-- This site is optimized with the Yoast SEO plugin v27.3 - https:\/\/yoast.com\/product\/yoast-seo-wordpress\/ -->\n<title>Crocifisso cattolico in legno di ulivo (16 cm 6.50&#039;&#039;) #CR107 - Holy Land Olive Wood - Bethlehem Olive Wood Factory<\/title>\n<meta name=\"description\" content=\"Betlemme artigianato in legno d&#039;ulivo (cio\u00e8 rosari, Gerusalemme, croci, crocifissi, perline) pen-blank, blocchi e stock grezzo in dimensioni standard e personalizzate.\" \/>\n<meta name=\"robots\" content=\"index, follow, max-snippet:-1, max-image-preview:large, max-video-preview:-1\" \/>\n<link rel=\"canonical\" href=\"https:\/\/holyland-olivewood.com\/it\/prodotto\/cattolico-ulivo-legno-crocifisso-16-cm-6-50\/\" \/>\n<meta property=\"og:locale\" content=\"it_IT\" \/>\n<meta property=\"og:type\" content=\"article\" \/>\n<meta property=\"og:title\" content=\"Crocifisso cattolico in legno di ulivo (16 cm 6.50&#039;&#039;) #CR107 - Holy Land Olive Wood - Bethlehem Olive Wood Factory\" \/>\n<meta property=\"og:description\" content=\"Betlemme artigianato in legno d&#039;ulivo (cio\u00e8 rosari, Gerusalemme, croci, crocifissi, perline) pen-blank, blocchi e stock grezzo in dimensioni standard e personalizzate.\" \/>\n<meta property=\"og:url\" content=\"https:\/\/holyland-olivewood.com\/it\/prodotto\/cattolico-ulivo-legno-crocifisso-16-cm-6-50\/\" \/>\n<meta property=\"og:site_name\" content=\"Holy Land Olive Wood - Bethlehem Olive Wood Factory\" \/>\n<meta property=\"article:publisher\" content=\"https:\/\/www.facebook.com\/holylandolivewood.bethlehem\/\" \/>\n<meta property=\"article:modified_time\" content=\"2022-02-11T19:13:08+00:00\" \/>\n<meta property=\"og:image\" content=\"https:\/\/holyland-olivewood.com\/wp-content\/uploads\/2016\/05\/crucifix_holy_land_olive_wood_bethlehem_cr105tocr108.jpg\" \/>\n\t<meta property=\"og:image:width\" content=\"1550\" \/>\n\t<meta property=\"og:image:height\" content=\"1200\" \/>\n\t<meta property=\"og:image:type\" content=\"image\/jpeg\" \/>\n<meta name=\"twitter:card\" content=\"summary_large_image\" \/>\n<script type=\"application\/ld+json\" class=\"yoast-schema-graph\">{\"@context\":\"https:\\\/\\\/schema.org\",\"@graph\":[{\"@type\":\"WebPage\",\"@id\":\"https:\\\/\\\/holyland-olivewood.com\\\/it\\\/prodotto\\\/cattolico-ulivo-legno-crocifisso-16-cm-6-50\\\/\",\"url\":\"https:\\\/\\\/holyland-olivewood.com\\\/it\\\/prodotto\\\/cattolico-ulivo-legno-crocifisso-16-cm-6-50\\\/\",\"name\":\"Crocifisso cattolico in legno di ulivo (16 cm 6.50'') #CR107 - Holy Land Olive Wood - Bethlehem Olive Wood Factory\",\"isPartOf\":{\"@id\":\"https:\\\/\\\/holyland-olivewood.com\\\/it\\\/#website\"},\"primaryImageOfPage\":{\"@id\":\"https:\\\/\\\/holyland-olivewood.com\\\/it\\\/prodotto\\\/cattolico-ulivo-legno-crocifisso-16-cm-6-50\\\/#primaryimage\"},\"image\":{\"@id\":\"https:\\\/\\\/holyland-olivewood.com\\\/it\\\/prodotto\\\/cattolico-ulivo-legno-crocifisso-16-cm-6-50\\\/#primaryimage\"},\"thumbnailUrl\":\"https:\\\/\\\/holyland-olivewood.com\\\/wp-content\\\/uploads\\\/2016\\\/05\\\/crucifix_holy_land_olive_wood_bethlehem_cr105tocr108.jpg\",\"datePublished\":\"2016-05-30T19:44:32+00:00\",\"dateModified\":\"2022-02-11T19:13:08+00:00\",\"description\":\"Betlemme artigianato in legno d'ulivo (cio\u00e8 rosari, Gerusalemme, croci, crocifissi, perline) pen-blank, blocchi e stock grezzo in dimensioni standard e personalizzate.\",\"breadcrumb\":{\"@id\":\"https:\\\/\\\/holyland-olivewood.com\\\/it\\\/prodotto\\\/cattolico-ulivo-legno-crocifisso-16-cm-6-50\\\/#breadcrumb\"},\"inLanguage\":\"it-IT\",\"potentialAction\":[{\"@type\":\"ReadAction\",\"target\":[\"https:\\\/\\\/holyland-olivewood.com\\\/it\\\/prodotto\\\/cattolico-ulivo-legno-crocifisso-16-cm-6-50\\\/\"]}]},{\"@type\":\"ImageObject\",\"inLanguage\":\"it-IT\",\"@id\":\"https:\\\/\\\/holyland-olivewood.com\\\/it\\\/prodotto\\\/cattolico-ulivo-legno-crocifisso-16-cm-6-50\\\/#primaryimage\",\"url\":\"https:\\\/\\\/holyland-olivewood.com\\\/wp-content\\\/uploads\\\/2016\\\/05\\\/crucifix_holy_land_olive_wood_bethlehem_cr105tocr108.jpg\",\"contentUrl\":\"https:\\\/\\\/holyland-olivewood.com\\\/wp-content\\\/uploads\\\/2016\\\/05\\\/crucifix_holy_land_olive_wood_bethlehem_cr105tocr108.jpg\",\"width\":1550,\"height\":1200},{\"@type\":\"BreadcrumbList\",\"@id\":\"https:\\\/\\\/holyland-olivewood.com\\\/it\\\/prodotto\\\/cattolico-ulivo-legno-crocifisso-16-cm-6-50\\\/#breadcrumb\",\"itemListElement\":[{\"@type\":\"ListItem\",\"position\":1,\"name\":\"Home\",\"item\":\"https:\\\/\\\/holyland-olivewood.com\\\/it\\\/home\\\/\"},{\"@type\":\"ListItem\",\"position\":2,\"name\":\"Vedi tutti i prodotti\",\"item\":\"https:\\\/\\\/holyland-olivewood.com\\\/it\\\/shop\\\/\"},{\"@type\":\"ListItem\",\"position\":3,\"name\":\"Crocifisso cattolico in legno di ulivo (16 cm 6.50&#8221;) #CR107\"}]},{\"@type\":\"WebSite\",\"@id\":\"https:\\\/\\\/holyland-olivewood.com\\\/it\\\/#website\",\"url\":\"https:\\\/\\\/holyland-olivewood.com\\\/it\\\/\",\"name\":\"Holy Land Olive Wood - Bethlehem Olive Wood Factory\",\"description\":\"Holy Land Olivewood Bethlehem\",\"publisher\":{\"@id\":\"https:\\\/\\\/holyland-olivewood.com\\\/it\\\/#organization\"},\"potentialAction\":[{\"@type\":\"SearchAction\",\"target\":{\"@type\":\"EntryPoint\",\"urlTemplate\":\"https:\\\/\\\/holyland-olivewood.com\\\/it\\\/?s={search_term_string}\"},\"query-input\":{\"@type\":\"PropertyValueSpecification\",\"valueRequired\":true,\"valueName\":\"search_term_string\"}}],\"inLanguage\":\"it-IT\"},{\"@type\":\"Organization\",\"@id\":\"https:\\\/\\\/holyland-olivewood.com\\\/it\\\/#organization\",\"name\":\"Holy Land Olivewood\",\"url\":\"https:\\\/\\\/holyland-olivewood.com\\\/it\\\/\",\"logo\":{\"@type\":\"ImageObject\",\"inLanguage\":\"it-IT\",\"@id\":\"https:\\\/\\\/holyland-olivewood.com\\\/it\\\/#\\\/schema\\\/logo\\\/image\\\/\",\"url\":\"\",\"contentUrl\":\"\",\"caption\":\"Holy Land Olivewood\"},\"image\":{\"@id\":\"https:\\\/\\\/holyland-olivewood.com\\\/it\\\/#\\\/schema\\\/logo\\\/image\\\/\"},\"sameAs\":[\"https:\\\/\\\/www.facebook.com\\\/holylandolivewood.bethlehem\\\/\",\"http:\\\/\\\/instagram.com\\\/holy.land.olive.wood\"]}]}<\/script>\n<!-- \/ Yoast SEO plugin. -->","yoast_head_json":{"title":"Crocifisso cattolico in legno di ulivo (16 cm 6.50'') #CR107 - Holy Land Olive Wood - Bethlehem Olive Wood Factory","description":"Betlemme artigianato in legno d'ulivo (cio\u00e8 rosari, Gerusalemme, croci, crocifissi, perline) pen-blank, blocchi e stock grezzo in dimensioni standard e personalizzate.","robots":{"index":"index","follow":"follow","max-snippet":"max-snippet:-1","max-image-preview":"max-image-preview:large","max-video-preview":"max-video-preview:-1"},"canonical":"https:\/\/holyland-olivewood.com\/it\/prodotto\/cattolico-ulivo-legno-crocifisso-16-cm-6-50\/","og_locale":"it_IT","og_type":"article","og_title":"Crocifisso cattolico in legno di ulivo (16 cm 6.50'') #CR107 - Holy Land Olive Wood - Bethlehem Olive Wood Factory","og_description":"Betlemme artigianato in legno d'ulivo (cio\u00e8 rosari, Gerusalemme, croci, crocifissi, perline) pen-blank, blocchi e stock grezzo in dimensioni standard e personalizzate.","og_url":"https:\/\/holyland-olivewood.com\/it\/prodotto\/cattolico-ulivo-legno-crocifisso-16-cm-6-50\/","og_site_name":"Holy Land Olive Wood - Bethlehem Olive Wood Factory","article_publisher":"https:\/\/www.facebook.com\/holylandolivewood.bethlehem\/","article_modified_time":"2022-02-11T19:13:08+00:00","og_image":[{"width":1550,"height":1200,"url":"https:\/\/holyland-olivewood.com\/wp-content\/uploads\/2016\/05\/crucifix_holy_land_olive_wood_bethlehem_cr105tocr108.jpg","type":"image\/jpeg"}],"twitter_card":"summary_large_image","schema":{"@context":"https:\/\/schema.org","@graph":[{"@type":"WebPage","@id":"https:\/\/holyland-olivewood.com\/it\/prodotto\/cattolico-ulivo-legno-crocifisso-16-cm-6-50\/","url":"https:\/\/holyland-olivewood.com\/it\/prodotto\/cattolico-ulivo-legno-crocifisso-16-cm-6-50\/","name":"Crocifisso cattolico in legno di ulivo (16 cm 6.50'') #CR107 - Holy Land Olive Wood - Bethlehem Olive Wood Factory","isPartOf":{"@id":"https:\/\/holyland-olivewood.com\/it\/#website"},"primaryImageOfPage":{"@id":"https:\/\/holyland-olivewood.com\/it\/prodotto\/cattolico-ulivo-legno-crocifisso-16-cm-6-50\/#primaryimage"},"image":{"@id":"https:\/\/holyland-olivewood.com\/it\/prodotto\/cattolico-ulivo-legno-crocifisso-16-cm-6-50\/#primaryimage"},"thumbnailUrl":"https:\/\/holyland-olivewood.com\/wp-content\/uploads\/2016\/05\/crucifix_holy_land_olive_wood_bethlehem_cr105tocr108.jpg","datePublished":"2016-05-30T19:44:32+00:00","dateModified":"2022-02-11T19:13:08+00:00","description":"Betlemme artigianato in legno d'ulivo (cio\u00e8 rosari, Gerusalemme, croci, crocifissi, perline) pen-blank, blocchi e stock grezzo in dimensioni standard e personalizzate.","breadcrumb":{"@id":"https:\/\/holyland-olivewood.com\/it\/prodotto\/cattolico-ulivo-legno-crocifisso-16-cm-6-50\/#breadcrumb"},"inLanguage":"it-IT","potentialAction":[{"@type":"ReadAction","target":["https:\/\/holyland-olivewood.com\/it\/prodotto\/cattolico-ulivo-legno-crocifisso-16-cm-6-50\/"]}]},{"@type":"ImageObject","inLanguage":"it-IT","@id":"https:\/\/holyland-olivewood.com\/it\/prodotto\/cattolico-ulivo-legno-crocifisso-16-cm-6-50\/#primaryimage","url":"https:\/\/holyland-olivewood.com\/wp-content\/uploads\/2016\/05\/crucifix_holy_land_olive_wood_bethlehem_cr105tocr108.jpg","contentUrl":"https:\/\/holyland-olivewood.com\/wp-content\/uploads\/2016\/05\/crucifix_holy_land_olive_wood_bethlehem_cr105tocr108.jpg","width":1550,"height":1200},{"@type":"BreadcrumbList","@id":"https:\/\/holyland-olivewood.com\/it\/prodotto\/cattolico-ulivo-legno-crocifisso-16-cm-6-50\/#breadcrumb","itemListElement":[{"@type":"ListItem","position":1,"name":"Home","item":"https:\/\/holyland-olivewood.com\/it\/home\/"},{"@type":"ListItem","position":2,"name":"Vedi tutti i prodotti","item":"https:\/\/holyland-olivewood.com\/it\/shop\/"},{"@type":"ListItem","position":3,"name":"Crocifisso cattolico in legno di ulivo (16 cm 6.50&#8221;) #CR107"}]},{"@type":"WebSite","@id":"https:\/\/holyland-olivewood.com\/it\/#website","url":"https:\/\/holyland-olivewood.com\/it\/","name":"Holy Land Olive Wood - Bethlehem Olive Wood Factory","description":"Holy Land Olivewood Bethlehem","publisher":{"@id":"https:\/\/holyland-olivewood.com\/it\/#organization"},"potentialAction":[{"@type":"SearchAction","target":{"@type":"EntryPoint","urlTemplate":"https:\/\/holyland-olivewood.com\/it\/?s={search_term_string}"},"query-input":{"@type":"PropertyValueSpecification","valueRequired":true,"valueName":"search_term_string"}}],"inLanguage":"it-IT"},{"@type":"Organization","@id":"https:\/\/holyland-olivewood.com\/it\/#organization","name":"Holy Land Olivewood","url":"https:\/\/holyland-olivewood.com\/it\/","logo":{"@type":"ImageObject","inLanguage":"it-IT","@id":"https:\/\/holyland-olivewood.com\/it\/#\/schema\/logo\/image\/","url":"","contentUrl":"","caption":"Holy Land Olivewood"},"image":{"@id":"https:\/\/holyland-olivewood.com\/it\/#\/schema\/logo\/image\/"},"sameAs":["https:\/\/www.facebook.com\/holylandolivewood.bethlehem\/","http:\/\/instagram.com\/holy.land.olive.wood"]}]}},"_links":{"self":[{"href":"https:\/\/holyland-olivewood.com\/it\/wp-json\/wp\/v2\/product\/46696","targetHints":{"allow":["GET"]}}],"collection":[{"href":"https:\/\/holyland-olivewood.com\/it\/wp-json\/wp\/v2\/product"}],"about":[{"href":"https:\/\/holyland-olivewood.com\/it\/wp-json\/wp\/v2\/types\/product"}],"replies":[{"embeddable":true,"href":"https:\/\/holyland-olivewood.com\/it\/wp-json\/wp\/v2\/comments?post=46696"}],"version-history":[{"count":0,"href":"https:\/\/holyland-olivewood.com\/it\/wp-json\/wp\/v2\/product\/46696\/revisions"}],"wp:featuredmedia":[{"embeddable":true,"href":"https:\/\/holyland-olivewood.com\/it\/wp-json\/wp\/v2\/media\/27723"}],"wp:attachment":[{"href":"https:\/\/holyland-olivewood.com\/it\/wp-json\/wp\/v2\/media?parent=46696"}],"wp:term":[{"taxonomy":"product_brand","embeddable":true,"href":"https:\/\/holyland-olivewood.com\/it\/wp-json\/wp\/v2\/product_brand?post=46696"},{"taxonomy":"product_cat","embeddable":true,"href":"https:\/\/holyland-olivewood.com\/it\/wp-json\/wp\/v2\/product_cat?post=46696"},{"taxonomy":"product_tag","embeddable":true,"href":"https:\/\/holyland-olivewood.com\/it\/wp-json\/wp\/v2\/product_tag?post=46696"}],"curies":[{"name":"wp","href":"https:\/\/api.w.org\/{rel}","templated":true}]}}