{"id":44088,"date":"2016-05-31T11:33:17","date_gmt":"2016-05-31T11:33:17","guid":{"rendered":"https:\/\/holyland-olivewood.com\/product\/legno-di-ulivo-gesu-cristo-busto-fi103\/"},"modified":"2025-11-16T14:59:56","modified_gmt":"2025-11-16T14:59:56","slug":"legno-di-ulivo-gesu-cristo-busto","status":"publish","type":"product","link":"https:\/\/holyland-olivewood.com\/it\/prodotto\/legno-di-ulivo-gesu-cristo-busto\/","title":{"rendered":"Busto di Ges\u00f9 Cristo in legno d&#8217;ulivo #FI103"},"content":{"rendered":"","protected":false},"excerpt":{"rendered":"<p>Questo bellissimo busto di Ges\u00f9 \u00e8 scolpito a mano in Terra Santa con autentico legno d&#8217;ulivo di Betlemme raccolto in modo sostenibile. Mostra Ges\u00f9 che indossa la corona di spine. Scolpita con cura, questa scultura della Testa di Cristo, ricca di dettagli, \u00e8 ideale per la casa o per il santuario.<\/p>\n<p>Questo articolo include un certificato di autenticit\u00e0 che verifica i materiali e le tecniche utilizzate per realizzare questo prodotto.<\/p>\n<p>Dimensioni: 8 cm x 8 cm x 14 cm (3&#8243; x 3&#8243; x 5,5&#8243;)<\/p>\n","protected":false},"featured_media":53013,"comment_status":"closed","ping_status":"closed","template":"","meta":[],"product_brand":[],"product_cat":[1039,1611],"product_tag":[1655,1652,1646,1040,1124,1649,1099,1638,1133,1083,4081,1086,1104,1075,1079,1149,1159,1128,1116,1110,1120,1106,1095,1624,1191,1642,1054,1063,1152,1619,1628,1613,1616,1632,1058,1067],"class_list":{"0":"post-44088","1":"product","2":"type-product","3":"status-publish","4":"has-post-thumbnail","6":"product_cat-kunsthaandvaerk-it-2","7":"product_cat-figurine","8":"product_tag-angeli","9":"product_tag-angelo","10":"product_tag-arca","11":"product_tag-betlemme","12":"product_tag-boen-it","13":"product_tag-busto","14":"product_tag-dato","15":"product_tag-famiglia","16":"product_tag-foedselskirken-it-2","17":"product_tag-gerusalemme","18":"product_tag-gesu-it","19":"product_tag-haandlavet-it","20":"product_tag-haandvaerk-it","21":"product_tag-hellig-it","22":"product_tag-jord-it","23":"product_tag-katolsk-it","24":"product_tag-keltisk-it-2","25":"product_tag-kirke-it","26":"product_tag-kors-it","27":"product_tag-kristen-it","28":"product_tag-krucifiks-it","29":"product_tag-kunsthaandvaerk-it","30":"product_tag-lug","31":"product_tag-mani","32":"product_tag-maria","33":"product_tag-noe","34":"product_tag-oliveno","35":"product_tag-oliventrae-it","36":"product_tag-ortodoks-it","37":"product_tag-pregando","38":"product_tag-scultura","39":"product_tag-sculture","40":"product_tag-statua","41":"product_tag-statue-it","42":"product_tag-trae-it","43":"product_tag-udskaering-it","45":"first","46":"instock","47":"shipping-taxable","48":"purchasable","49":"product-type-simple"},"yoast_head":"<!-- This site is optimized with the Yoast SEO plugin v27.4 - https:\/\/yoast.com\/product\/yoast-seo-wordpress\/ -->\n<title>Busto di Ges\u00f9 Cristo in legno d&#039;ulivo #FI103 - Holy Land Olive Wood - Bethlehem Olive Wood Factory<\/title>\n<meta name=\"description\" content=\"Artigianato in legno d&#039;ulivo di Betlemme (statuette, presepi, statue, sculture) Grezzi di penna di Ges\u00f9 Cristo e stock grezzi in dimensioni standard e personalizzate.\" \/>\n<meta name=\"robots\" content=\"index, follow, max-snippet:-1, max-image-preview:large, max-video-preview:-1\" \/>\n<link rel=\"canonical\" href=\"https:\/\/holyland-olivewood.com\/it\/prodotto\/legno-di-ulivo-gesu-cristo-busto\/\" \/>\n<meta property=\"og:locale\" content=\"it_IT\" \/>\n<meta property=\"og:type\" content=\"article\" \/>\n<meta property=\"og:title\" content=\"Busto di Ges\u00f9 Cristo in legno d&#039;ulivo #FI103 - Holy Land Olive Wood - Bethlehem Olive Wood Factory\" \/>\n<meta property=\"og:description\" content=\"Artigianato in legno d&#039;ulivo di Betlemme (statuette, presepi, statue, sculture) Grezzi di penna di Ges\u00f9 Cristo e stock grezzi in dimensioni standard e personalizzate.\" \/>\n<meta property=\"og:url\" content=\"https:\/\/holyland-olivewood.com\/it\/prodotto\/legno-di-ulivo-gesu-cristo-busto\/\" \/>\n<meta property=\"og:site_name\" content=\"Holy Land Olive Wood - Bethlehem Olive Wood Factory\" \/>\n<meta property=\"article:publisher\" content=\"https:\/\/www.facebook.com\/holylandolivewood.bethlehem\/\" \/>\n<meta property=\"article:modified_time\" content=\"2025-11-16T14:59:56+00:00\" \/>\n<meta property=\"og:image\" content=\"https:\/\/holyland-olivewood.com\/wp-content\/uploads\/2016\/05\/jesus_christ_holy_land_olive_wood_bethlehem-fi103.jpg\" \/>\n\t<meta property=\"og:image:width\" content=\"1550\" \/>\n\t<meta property=\"og:image:height\" content=\"1200\" \/>\n\t<meta property=\"og:image:type\" content=\"image\/jpeg\" \/>\n<meta name=\"twitter:card\" content=\"summary_large_image\" \/>\n<script type=\"application\/ld+json\" class=\"yoast-schema-graph\">{\"@context\":\"https:\\\/\\\/schema.org\",\"@graph\":[{\"@type\":\"WebPage\",\"@id\":\"https:\\\/\\\/holyland-olivewood.com\\\/it\\\/prodotto\\\/legno-di-ulivo-gesu-cristo-busto\\\/\",\"url\":\"https:\\\/\\\/holyland-olivewood.com\\\/it\\\/prodotto\\\/legno-di-ulivo-gesu-cristo-busto\\\/\",\"name\":\"Busto di Ges\u00f9 Cristo in legno d'ulivo #FI103 - Holy Land Olive Wood - Bethlehem Olive Wood Factory\",\"isPartOf\":{\"@id\":\"https:\\\/\\\/holyland-olivewood.com\\\/it\\\/#website\"},\"primaryImageOfPage\":{\"@id\":\"https:\\\/\\\/holyland-olivewood.com\\\/it\\\/prodotto\\\/legno-di-ulivo-gesu-cristo-busto\\\/#primaryimage\"},\"image\":{\"@id\":\"https:\\\/\\\/holyland-olivewood.com\\\/it\\\/prodotto\\\/legno-di-ulivo-gesu-cristo-busto\\\/#primaryimage\"},\"thumbnailUrl\":\"https:\\\/\\\/holyland-olivewood.com\\\/wp-content\\\/uploads\\\/2016\\\/05\\\/jesus_christ_holy_land_olive_wood_bethlehem-fi103.jpg\",\"datePublished\":\"2016-05-31T11:33:17+00:00\",\"dateModified\":\"2025-11-16T14:59:56+00:00\",\"description\":\"Artigianato in legno d'ulivo di Betlemme (statuette, presepi, statue, sculture) Grezzi di penna di Ges\u00f9 Cristo e stock grezzi in dimensioni standard e personalizzate.\",\"breadcrumb\":{\"@id\":\"https:\\\/\\\/holyland-olivewood.com\\\/it\\\/prodotto\\\/legno-di-ulivo-gesu-cristo-busto\\\/#breadcrumb\"},\"inLanguage\":\"it-IT\",\"potentialAction\":[{\"@type\":\"ReadAction\",\"target\":[\"https:\\\/\\\/holyland-olivewood.com\\\/it\\\/prodotto\\\/legno-di-ulivo-gesu-cristo-busto\\\/\"]}]},{\"@type\":\"ImageObject\",\"inLanguage\":\"it-IT\",\"@id\":\"https:\\\/\\\/holyland-olivewood.com\\\/it\\\/prodotto\\\/legno-di-ulivo-gesu-cristo-busto\\\/#primaryimage\",\"url\":\"https:\\\/\\\/holyland-olivewood.com\\\/wp-content\\\/uploads\\\/2016\\\/05\\\/jesus_christ_holy_land_olive_wood_bethlehem-fi103.jpg\",\"contentUrl\":\"https:\\\/\\\/holyland-olivewood.com\\\/wp-content\\\/uploads\\\/2016\\\/05\\\/jesus_christ_holy_land_olive_wood_bethlehem-fi103.jpg\",\"width\":1550,\"height\":1200},{\"@type\":\"BreadcrumbList\",\"@id\":\"https:\\\/\\\/holyland-olivewood.com\\\/it\\\/prodotto\\\/legno-di-ulivo-gesu-cristo-busto\\\/#breadcrumb\",\"itemListElement\":[{\"@type\":\"ListItem\",\"position\":1,\"name\":\"Home\",\"item\":\"https:\\\/\\\/holyland-olivewood.com\\\/it\\\/home\\\/\"},{\"@type\":\"ListItem\",\"position\":2,\"name\":\"Vedi tutti i prodotti\",\"item\":\"https:\\\/\\\/holyland-olivewood.com\\\/it\\\/shop\\\/\"},{\"@type\":\"ListItem\",\"position\":3,\"name\":\"Busto di Ges\u00f9 Cristo in legno d&#8217;ulivo #FI103\"}]},{\"@type\":\"WebSite\",\"@id\":\"https:\\\/\\\/holyland-olivewood.com\\\/it\\\/#website\",\"url\":\"https:\\\/\\\/holyland-olivewood.com\\\/it\\\/\",\"name\":\"Holy Land Olive Wood - Bethlehem Olive Wood Factory\",\"description\":\"Holy Land Olivewood Bethlehem\",\"publisher\":{\"@id\":\"https:\\\/\\\/holyland-olivewood.com\\\/it\\\/#organization\"},\"potentialAction\":[{\"@type\":\"SearchAction\",\"target\":{\"@type\":\"EntryPoint\",\"urlTemplate\":\"https:\\\/\\\/holyland-olivewood.com\\\/it\\\/?s={search_term_string}\"},\"query-input\":{\"@type\":\"PropertyValueSpecification\",\"valueRequired\":true,\"valueName\":\"search_term_string\"}}],\"inLanguage\":\"it-IT\"},{\"@type\":\"Organization\",\"@id\":\"https:\\\/\\\/holyland-olivewood.com\\\/it\\\/#organization\",\"name\":\"Holy Land Olivewood\",\"url\":\"https:\\\/\\\/holyland-olivewood.com\\\/it\\\/\",\"logo\":{\"@type\":\"ImageObject\",\"inLanguage\":\"it-IT\",\"@id\":\"https:\\\/\\\/holyland-olivewood.com\\\/it\\\/#\\\/schema\\\/logo\\\/image\\\/\",\"url\":\"\",\"contentUrl\":\"\",\"caption\":\"Holy Land Olivewood\"},\"image\":{\"@id\":\"https:\\\/\\\/holyland-olivewood.com\\\/it\\\/#\\\/schema\\\/logo\\\/image\\\/\"},\"sameAs\":[\"https:\\\/\\\/www.facebook.com\\\/holylandolivewood.bethlehem\\\/\",\"http:\\\/\\\/instagram.com\\\/holy.land.olive.wood\"]}]}<\/script>\n<!-- \/ Yoast SEO plugin. -->","yoast_head_json":{"title":"Busto di Ges\u00f9 Cristo in legno d'ulivo #FI103 - Holy Land Olive Wood - Bethlehem Olive Wood Factory","description":"Artigianato in legno d'ulivo di Betlemme (statuette, presepi, statue, sculture) Grezzi di penna di Ges\u00f9 Cristo e stock grezzi in dimensioni standard e personalizzate.","robots":{"index":"index","follow":"follow","max-snippet":"max-snippet:-1","max-image-preview":"max-image-preview:large","max-video-preview":"max-video-preview:-1"},"canonical":"https:\/\/holyland-olivewood.com\/it\/prodotto\/legno-di-ulivo-gesu-cristo-busto\/","og_locale":"it_IT","og_type":"article","og_title":"Busto di Ges\u00f9 Cristo in legno d'ulivo #FI103 - Holy Land Olive Wood - Bethlehem Olive Wood Factory","og_description":"Artigianato in legno d'ulivo di Betlemme (statuette, presepi, statue, sculture) Grezzi di penna di Ges\u00f9 Cristo e stock grezzi in dimensioni standard e personalizzate.","og_url":"https:\/\/holyland-olivewood.com\/it\/prodotto\/legno-di-ulivo-gesu-cristo-busto\/","og_site_name":"Holy Land Olive Wood - Bethlehem Olive Wood Factory","article_publisher":"https:\/\/www.facebook.com\/holylandolivewood.bethlehem\/","article_modified_time":"2025-11-16T14:59:56+00:00","og_image":[{"width":1550,"height":1200,"url":"https:\/\/holyland-olivewood.com\/wp-content\/uploads\/2016\/05\/jesus_christ_holy_land_olive_wood_bethlehem-fi103.jpg","type":"image\/jpeg"}],"twitter_card":"summary_large_image","schema":{"@context":"https:\/\/schema.org","@graph":[{"@type":"WebPage","@id":"https:\/\/holyland-olivewood.com\/it\/prodotto\/legno-di-ulivo-gesu-cristo-busto\/","url":"https:\/\/holyland-olivewood.com\/it\/prodotto\/legno-di-ulivo-gesu-cristo-busto\/","name":"Busto di Ges\u00f9 Cristo in legno d'ulivo #FI103 - Holy Land Olive Wood - Bethlehem Olive Wood Factory","isPartOf":{"@id":"https:\/\/holyland-olivewood.com\/it\/#website"},"primaryImageOfPage":{"@id":"https:\/\/holyland-olivewood.com\/it\/prodotto\/legno-di-ulivo-gesu-cristo-busto\/#primaryimage"},"image":{"@id":"https:\/\/holyland-olivewood.com\/it\/prodotto\/legno-di-ulivo-gesu-cristo-busto\/#primaryimage"},"thumbnailUrl":"https:\/\/holyland-olivewood.com\/wp-content\/uploads\/2016\/05\/jesus_christ_holy_land_olive_wood_bethlehem-fi103.jpg","datePublished":"2016-05-31T11:33:17+00:00","dateModified":"2025-11-16T14:59:56+00:00","description":"Artigianato in legno d'ulivo di Betlemme (statuette, presepi, statue, sculture) Grezzi di penna di Ges\u00f9 Cristo e stock grezzi in dimensioni standard e personalizzate.","breadcrumb":{"@id":"https:\/\/holyland-olivewood.com\/it\/prodotto\/legno-di-ulivo-gesu-cristo-busto\/#breadcrumb"},"inLanguage":"it-IT","potentialAction":[{"@type":"ReadAction","target":["https:\/\/holyland-olivewood.com\/it\/prodotto\/legno-di-ulivo-gesu-cristo-busto\/"]}]},{"@type":"ImageObject","inLanguage":"it-IT","@id":"https:\/\/holyland-olivewood.com\/it\/prodotto\/legno-di-ulivo-gesu-cristo-busto\/#primaryimage","url":"https:\/\/holyland-olivewood.com\/wp-content\/uploads\/2016\/05\/jesus_christ_holy_land_olive_wood_bethlehem-fi103.jpg","contentUrl":"https:\/\/holyland-olivewood.com\/wp-content\/uploads\/2016\/05\/jesus_christ_holy_land_olive_wood_bethlehem-fi103.jpg","width":1550,"height":1200},{"@type":"BreadcrumbList","@id":"https:\/\/holyland-olivewood.com\/it\/prodotto\/legno-di-ulivo-gesu-cristo-busto\/#breadcrumb","itemListElement":[{"@type":"ListItem","position":1,"name":"Home","item":"https:\/\/holyland-olivewood.com\/it\/home\/"},{"@type":"ListItem","position":2,"name":"Vedi tutti i prodotti","item":"https:\/\/holyland-olivewood.com\/it\/shop\/"},{"@type":"ListItem","position":3,"name":"Busto di Ges\u00f9 Cristo in legno d&#8217;ulivo #FI103"}]},{"@type":"WebSite","@id":"https:\/\/holyland-olivewood.com\/it\/#website","url":"https:\/\/holyland-olivewood.com\/it\/","name":"Holy Land Olive Wood - Bethlehem Olive Wood Factory","description":"Holy Land Olivewood Bethlehem","publisher":{"@id":"https:\/\/holyland-olivewood.com\/it\/#organization"},"potentialAction":[{"@type":"SearchAction","target":{"@type":"EntryPoint","urlTemplate":"https:\/\/holyland-olivewood.com\/it\/?s={search_term_string}"},"query-input":{"@type":"PropertyValueSpecification","valueRequired":true,"valueName":"search_term_string"}}],"inLanguage":"it-IT"},{"@type":"Organization","@id":"https:\/\/holyland-olivewood.com\/it\/#organization","name":"Holy Land Olivewood","url":"https:\/\/holyland-olivewood.com\/it\/","logo":{"@type":"ImageObject","inLanguage":"it-IT","@id":"https:\/\/holyland-olivewood.com\/it\/#\/schema\/logo\/image\/","url":"","contentUrl":"","caption":"Holy Land Olivewood"},"image":{"@id":"https:\/\/holyland-olivewood.com\/it\/#\/schema\/logo\/image\/"},"sameAs":["https:\/\/www.facebook.com\/holylandolivewood.bethlehem\/","http:\/\/instagram.com\/holy.land.olive.wood"]}]}},"_links":{"self":[{"href":"https:\/\/holyland-olivewood.com\/it\/wp-json\/wp\/v2\/product\/44088","targetHints":{"allow":["GET"]}}],"collection":[{"href":"https:\/\/holyland-olivewood.com\/it\/wp-json\/wp\/v2\/product"}],"about":[{"href":"https:\/\/holyland-olivewood.com\/it\/wp-json\/wp\/v2\/types\/product"}],"replies":[{"embeddable":true,"href":"https:\/\/holyland-olivewood.com\/it\/wp-json\/wp\/v2\/comments?post=44088"}],"version-history":[{"count":1,"href":"https:\/\/holyland-olivewood.com\/it\/wp-json\/wp\/v2\/product\/44088\/revisions"}],"predecessor-version":[{"id":63655,"href":"https:\/\/holyland-olivewood.com\/it\/wp-json\/wp\/v2\/product\/44088\/revisions\/63655"}],"wp:featuredmedia":[{"embeddable":true,"href":"https:\/\/holyland-olivewood.com\/it\/wp-json\/wp\/v2\/media\/53013"}],"wp:attachment":[{"href":"https:\/\/holyland-olivewood.com\/it\/wp-json\/wp\/v2\/media?parent=44088"}],"wp:term":[{"taxonomy":"product_brand","embeddable":true,"href":"https:\/\/holyland-olivewood.com\/it\/wp-json\/wp\/v2\/product_brand?post=44088"},{"taxonomy":"product_cat","embeddable":true,"href":"https:\/\/holyland-olivewood.com\/it\/wp-json\/wp\/v2\/product_cat?post=44088"},{"taxonomy":"product_tag","embeddable":true,"href":"https:\/\/holyland-olivewood.com\/it\/wp-json\/wp\/v2\/product_tag?post=44088"}],"curies":[{"name":"wp","href":"https:\/\/api.w.org\/{rel}","templated":true}]}}