{"id":42245,"date":"2018-08-27T16:45:41","date_gmt":"2022-02-09T07:37:03","guid":{"rendered":"https:\/\/holyland-olivewood.com\/product\/papillon-artigianale-classic-style-in-legno-di-ulivo-di-betlemme-w102\/"},"modified":"2022-02-09T07:37:03","modified_gmt":"2022-02-09T07:37:03","slug":"artigianale-betlemme-legno-ulivo-papillon-stile-classico-w102","status":"publish","type":"product","link":"https:\/\/holyland-olivewood.com\/it\/prodotto\/artigianale-betlemme-legno-ulivo-papillon-stile-classico-w102\/","title":{"rendered":"Papillon artigianale [Classic Style] in legno di ulivo di Betlemme #W102"},"content":{"rendered":"","protected":false},"excerpt":{"rendered":"<p>Questo bellissimo papillon \u00e8 fatto a mano in Terra Santa da un unico pezzo di autentico legno di ulivo di Betlemme raccolto in modo sostenibile. Questo pezzo \u00e8 molto resistente e ha una finitura fine che \u00e8 liscia come la seta al tatto. \u00c8 montato su una fascia elastica larga 2 centimetri molto resistente con clip in acciaio per impieghi gravosi. Questo papillon \u00e8 anche sicuro di abbinarsi a qualsiasi outfit, come il suo 100{2f9fea33a2c142858c406f70e8527ba43513ec75a7d01dae5601b00fab7679f6}  il centrotavola in raso puro \u00e8 disponibile nei seguenti 11 colori: A.) Lavendar, B.) Viola, C.) Rosso, D.) Borgogna, E.) Pistacchio, F.) Oro, G.) Argento, H.) Nero, I.) Bianco, J.) Bianco sporco &amp; K.) Blu Navy<br \/>\nQuesto articolo include un certificato di autenticit\u00e0 che verifica i materiali e le tecniche utilizzate per realizzare questo prodotto.<\/p>\n<p><strong>Dimensioni:<\/strong> 12 cm x 5 cm (4,75&#8243; x 2&#8243;)<\/p>\n","protected":false},"featured_media":51546,"comment_status":"closed","ping_status":"closed","template":"","meta":[],"product_brand":[],"product_cat":[2835],"product_tag":[],"class_list":{"0":"post-42245","1":"product","2":"type-product","3":"status-publish","4":"has-post-thumbnail","6":"product_cat-papillon-in-legno","8":"first","9":"instock","10":"shipping-taxable","11":"purchasable","12":"product-type-variable"},"yoast_head":"<!-- This site is optimized with the Yoast SEO plugin v27.4 - https:\/\/yoast.com\/product\/yoast-seo-wordpress\/ -->\n<title>Papillon artigianale [Classic Style] in legno di ulivo di Betlemme #W102 - Holy Land Olive Wood - Bethlehem Olive Wood Factory<\/title>\n<meta name=\"description\" content=\"Papillon in legno di legno di ulivo artigianato in legno d&#039;ulivo (cio\u00e8 papillon in legno di ulivo) sacra famiglia, Natale, figurine, e stock grezzo in dimensioni standard e personalizzate.\" \/>\n<meta name=\"robots\" content=\"index, follow, max-snippet:-1, max-image-preview:large, max-video-preview:-1\" \/>\n<link rel=\"canonical\" href=\"https:\/\/holyland-olivewood.com\/it\/prodotto\/artigianale-betlemme-legno-ulivo-papillon-stile-classico-w102\/\" \/>\n<meta property=\"og:locale\" content=\"it_IT\" \/>\n<meta property=\"og:type\" content=\"article\" \/>\n<meta property=\"og:title\" content=\"Papillon artigianale [Classic Style] in legno di ulivo di Betlemme #W102 - Holy Land Olive Wood - Bethlehem Olive Wood Factory\" \/>\n<meta property=\"og:description\" content=\"Papillon in legno di legno di ulivo artigianato in legno d&#039;ulivo (cio\u00e8 papillon in legno di ulivo) sacra famiglia, Natale, figurine, e stock grezzo in dimensioni standard e personalizzate.\" \/>\n<meta property=\"og:url\" content=\"https:\/\/holyland-olivewood.com\/it\/prodotto\/artigianale-betlemme-legno-ulivo-papillon-stile-classico-w102\/\" \/>\n<meta property=\"og:site_name\" content=\"Holy Land Olive Wood - Bethlehem Olive Wood Factory\" \/>\n<meta property=\"article:publisher\" content=\"https:\/\/www.facebook.com\/holylandolivewood.bethlehem\/\" \/>\n<meta property=\"og:image\" content=\"https:\/\/holyland-olivewood.com\/wp-content\/uploads\/2018\/08\/wooden_bow_tie_olive_wood_handmade_holy_land_bethlehem_w102-1.jpg\" \/>\n\t<meta property=\"og:image:width\" content=\"1550\" \/>\n\t<meta property=\"og:image:height\" content=\"1200\" \/>\n\t<meta property=\"og:image:type\" content=\"image\/jpeg\" \/>\n<meta name=\"twitter:card\" content=\"summary_large_image\" \/>\n<script type=\"application\/ld+json\" class=\"yoast-schema-graph\">{\"@context\":\"https:\\\/\\\/schema.org\",\"@graph\":[{\"@type\":\"WebPage\",\"@id\":\"https:\\\/\\\/holyland-olivewood.com\\\/it\\\/prodotto\\\/artigianale-betlemme-legno-ulivo-papillon-stile-classico-w102\\\/\",\"url\":\"https:\\\/\\\/holyland-olivewood.com\\\/it\\\/prodotto\\\/artigianale-betlemme-legno-ulivo-papillon-stile-classico-w102\\\/\",\"name\":\"Papillon artigianale [Classic Style] in legno di ulivo di Betlemme #W102 - Holy Land Olive Wood - Bethlehem Olive Wood Factory\",\"isPartOf\":{\"@id\":\"https:\\\/\\\/holyland-olivewood.com\\\/it\\\/#website\"},\"primaryImageOfPage\":{\"@id\":\"https:\\\/\\\/holyland-olivewood.com\\\/it\\\/prodotto\\\/artigianale-betlemme-legno-ulivo-papillon-stile-classico-w102\\\/#primaryimage\"},\"image\":{\"@id\":\"https:\\\/\\\/holyland-olivewood.com\\\/it\\\/prodotto\\\/artigianale-betlemme-legno-ulivo-papillon-stile-classico-w102\\\/#primaryimage\"},\"thumbnailUrl\":\"https:\\\/\\\/holyland-olivewood.com\\\/wp-content\\\/uploads\\\/2018\\\/08\\\/wooden_bow_tie_olive_wood_handmade_holy_land_bethlehem_w102-1.jpg\",\"datePublished\":\"2022-02-09T07:37:03+00:00\",\"description\":\"Papillon in legno di legno di ulivo artigianato in legno d'ulivo (cio\u00e8 papillon in legno di ulivo) sacra famiglia, Natale, figurine, e stock grezzo in dimensioni standard e personalizzate.\",\"breadcrumb\":{\"@id\":\"https:\\\/\\\/holyland-olivewood.com\\\/it\\\/prodotto\\\/artigianale-betlemme-legno-ulivo-papillon-stile-classico-w102\\\/#breadcrumb\"},\"inLanguage\":\"it-IT\",\"potentialAction\":[{\"@type\":\"ReadAction\",\"target\":[\"https:\\\/\\\/holyland-olivewood.com\\\/it\\\/prodotto\\\/artigianale-betlemme-legno-ulivo-papillon-stile-classico-w102\\\/\"]}]},{\"@type\":\"ImageObject\",\"inLanguage\":\"it-IT\",\"@id\":\"https:\\\/\\\/holyland-olivewood.com\\\/it\\\/prodotto\\\/artigianale-betlemme-legno-ulivo-papillon-stile-classico-w102\\\/#primaryimage\",\"url\":\"https:\\\/\\\/holyland-olivewood.com\\\/wp-content\\\/uploads\\\/2018\\\/08\\\/wooden_bow_tie_olive_wood_handmade_holy_land_bethlehem_w102-1.jpg\",\"contentUrl\":\"https:\\\/\\\/holyland-olivewood.com\\\/wp-content\\\/uploads\\\/2018\\\/08\\\/wooden_bow_tie_olive_wood_handmade_holy_land_bethlehem_w102-1.jpg\",\"width\":1550,\"height\":1200},{\"@type\":\"BreadcrumbList\",\"@id\":\"https:\\\/\\\/holyland-olivewood.com\\\/it\\\/prodotto\\\/artigianale-betlemme-legno-ulivo-papillon-stile-classico-w102\\\/#breadcrumb\",\"itemListElement\":[{\"@type\":\"ListItem\",\"position\":1,\"name\":\"Home\",\"item\":\"https:\\\/\\\/holyland-olivewood.com\\\/it\\\/home\\\/\"},{\"@type\":\"ListItem\",\"position\":2,\"name\":\"Vedi tutti i prodotti\",\"item\":\"https:\\\/\\\/holyland-olivewood.com\\\/it\\\/shop\\\/\"},{\"@type\":\"ListItem\",\"position\":3,\"name\":\"Papillon artigianale [Classic Style] in legno di ulivo di Betlemme #W102\"}]},{\"@type\":\"WebSite\",\"@id\":\"https:\\\/\\\/holyland-olivewood.com\\\/it\\\/#website\",\"url\":\"https:\\\/\\\/holyland-olivewood.com\\\/it\\\/\",\"name\":\"Holy Land Olive Wood - Bethlehem Olive Wood Factory\",\"description\":\"Holy Land Olivewood Bethlehem\",\"publisher\":{\"@id\":\"https:\\\/\\\/holyland-olivewood.com\\\/it\\\/#organization\"},\"potentialAction\":[{\"@type\":\"SearchAction\",\"target\":{\"@type\":\"EntryPoint\",\"urlTemplate\":\"https:\\\/\\\/holyland-olivewood.com\\\/it\\\/?s={search_term_string}\"},\"query-input\":{\"@type\":\"PropertyValueSpecification\",\"valueRequired\":true,\"valueName\":\"search_term_string\"}}],\"inLanguage\":\"it-IT\"},{\"@type\":\"Organization\",\"@id\":\"https:\\\/\\\/holyland-olivewood.com\\\/it\\\/#organization\",\"name\":\"Holy Land Olivewood\",\"url\":\"https:\\\/\\\/holyland-olivewood.com\\\/it\\\/\",\"logo\":{\"@type\":\"ImageObject\",\"inLanguage\":\"it-IT\",\"@id\":\"https:\\\/\\\/holyland-olivewood.com\\\/it\\\/#\\\/schema\\\/logo\\\/image\\\/\",\"url\":\"\",\"contentUrl\":\"\",\"caption\":\"Holy Land Olivewood\"},\"image\":{\"@id\":\"https:\\\/\\\/holyland-olivewood.com\\\/it\\\/#\\\/schema\\\/logo\\\/image\\\/\"},\"sameAs\":[\"https:\\\/\\\/www.facebook.com\\\/holylandolivewood.bethlehem\\\/\",\"http:\\\/\\\/instagram.com\\\/holy.land.olive.wood\"]}]}<\/script>\n<!-- \/ Yoast SEO plugin. -->","yoast_head_json":{"title":"Papillon artigianale [Classic Style] in legno di ulivo di Betlemme #W102 - Holy Land Olive Wood - Bethlehem Olive Wood Factory","description":"Papillon in legno di legno di ulivo artigianato in legno d'ulivo (cio\u00e8 papillon in legno di ulivo) sacra famiglia, Natale, figurine, e stock grezzo in dimensioni standard e personalizzate.","robots":{"index":"index","follow":"follow","max-snippet":"max-snippet:-1","max-image-preview":"max-image-preview:large","max-video-preview":"max-video-preview:-1"},"canonical":"https:\/\/holyland-olivewood.com\/it\/prodotto\/artigianale-betlemme-legno-ulivo-papillon-stile-classico-w102\/","og_locale":"it_IT","og_type":"article","og_title":"Papillon artigianale [Classic Style] in legno di ulivo di Betlemme #W102 - Holy Land Olive Wood - Bethlehem Olive Wood Factory","og_description":"Papillon in legno di legno di ulivo artigianato in legno d'ulivo (cio\u00e8 papillon in legno di ulivo) sacra famiglia, Natale, figurine, e stock grezzo in dimensioni standard e personalizzate.","og_url":"https:\/\/holyland-olivewood.com\/it\/prodotto\/artigianale-betlemme-legno-ulivo-papillon-stile-classico-w102\/","og_site_name":"Holy Land Olive Wood - Bethlehem Olive Wood Factory","article_publisher":"https:\/\/www.facebook.com\/holylandolivewood.bethlehem\/","og_image":[{"width":1550,"height":1200,"url":"https:\/\/holyland-olivewood.com\/wp-content\/uploads\/2018\/08\/wooden_bow_tie_olive_wood_handmade_holy_land_bethlehem_w102-1.jpg","type":"image\/jpeg"}],"twitter_card":"summary_large_image","schema":{"@context":"https:\/\/schema.org","@graph":[{"@type":"WebPage","@id":"https:\/\/holyland-olivewood.com\/it\/prodotto\/artigianale-betlemme-legno-ulivo-papillon-stile-classico-w102\/","url":"https:\/\/holyland-olivewood.com\/it\/prodotto\/artigianale-betlemme-legno-ulivo-papillon-stile-classico-w102\/","name":"Papillon artigianale [Classic Style] in legno di ulivo di Betlemme #W102 - Holy Land Olive Wood - Bethlehem Olive Wood Factory","isPartOf":{"@id":"https:\/\/holyland-olivewood.com\/it\/#website"},"primaryImageOfPage":{"@id":"https:\/\/holyland-olivewood.com\/it\/prodotto\/artigianale-betlemme-legno-ulivo-papillon-stile-classico-w102\/#primaryimage"},"image":{"@id":"https:\/\/holyland-olivewood.com\/it\/prodotto\/artigianale-betlemme-legno-ulivo-papillon-stile-classico-w102\/#primaryimage"},"thumbnailUrl":"https:\/\/holyland-olivewood.com\/wp-content\/uploads\/2018\/08\/wooden_bow_tie_olive_wood_handmade_holy_land_bethlehem_w102-1.jpg","datePublished":"2022-02-09T07:37:03+00:00","description":"Papillon in legno di legno di ulivo artigianato in legno d'ulivo (cio\u00e8 papillon in legno di ulivo) sacra famiglia, Natale, figurine, e stock grezzo in dimensioni standard e personalizzate.","breadcrumb":{"@id":"https:\/\/holyland-olivewood.com\/it\/prodotto\/artigianale-betlemme-legno-ulivo-papillon-stile-classico-w102\/#breadcrumb"},"inLanguage":"it-IT","potentialAction":[{"@type":"ReadAction","target":["https:\/\/holyland-olivewood.com\/it\/prodotto\/artigianale-betlemme-legno-ulivo-papillon-stile-classico-w102\/"]}]},{"@type":"ImageObject","inLanguage":"it-IT","@id":"https:\/\/holyland-olivewood.com\/it\/prodotto\/artigianale-betlemme-legno-ulivo-papillon-stile-classico-w102\/#primaryimage","url":"https:\/\/holyland-olivewood.com\/wp-content\/uploads\/2018\/08\/wooden_bow_tie_olive_wood_handmade_holy_land_bethlehem_w102-1.jpg","contentUrl":"https:\/\/holyland-olivewood.com\/wp-content\/uploads\/2018\/08\/wooden_bow_tie_olive_wood_handmade_holy_land_bethlehem_w102-1.jpg","width":1550,"height":1200},{"@type":"BreadcrumbList","@id":"https:\/\/holyland-olivewood.com\/it\/prodotto\/artigianale-betlemme-legno-ulivo-papillon-stile-classico-w102\/#breadcrumb","itemListElement":[{"@type":"ListItem","position":1,"name":"Home","item":"https:\/\/holyland-olivewood.com\/it\/home\/"},{"@type":"ListItem","position":2,"name":"Vedi tutti i prodotti","item":"https:\/\/holyland-olivewood.com\/it\/shop\/"},{"@type":"ListItem","position":3,"name":"Papillon artigianale [Classic Style] in legno di ulivo di Betlemme #W102"}]},{"@type":"WebSite","@id":"https:\/\/holyland-olivewood.com\/it\/#website","url":"https:\/\/holyland-olivewood.com\/it\/","name":"Holy Land Olive Wood - Bethlehem Olive Wood Factory","description":"Holy Land Olivewood Bethlehem","publisher":{"@id":"https:\/\/holyland-olivewood.com\/it\/#organization"},"potentialAction":[{"@type":"SearchAction","target":{"@type":"EntryPoint","urlTemplate":"https:\/\/holyland-olivewood.com\/it\/?s={search_term_string}"},"query-input":{"@type":"PropertyValueSpecification","valueRequired":true,"valueName":"search_term_string"}}],"inLanguage":"it-IT"},{"@type":"Organization","@id":"https:\/\/holyland-olivewood.com\/it\/#organization","name":"Holy Land Olivewood","url":"https:\/\/holyland-olivewood.com\/it\/","logo":{"@type":"ImageObject","inLanguage":"it-IT","@id":"https:\/\/holyland-olivewood.com\/it\/#\/schema\/logo\/image\/","url":"","contentUrl":"","caption":"Holy Land Olivewood"},"image":{"@id":"https:\/\/holyland-olivewood.com\/it\/#\/schema\/logo\/image\/"},"sameAs":["https:\/\/www.facebook.com\/holylandolivewood.bethlehem\/","http:\/\/instagram.com\/holy.land.olive.wood"]}]}},"_links":{"self":[{"href":"https:\/\/holyland-olivewood.com\/it\/wp-json\/wp\/v2\/product\/42245","targetHints":{"allow":["GET"]}}],"collection":[{"href":"https:\/\/holyland-olivewood.com\/it\/wp-json\/wp\/v2\/product"}],"about":[{"href":"https:\/\/holyland-olivewood.com\/it\/wp-json\/wp\/v2\/types\/product"}],"replies":[{"embeddable":true,"href":"https:\/\/holyland-olivewood.com\/it\/wp-json\/wp\/v2\/comments?post=42245"}],"version-history":[{"count":0,"href":"https:\/\/holyland-olivewood.com\/it\/wp-json\/wp\/v2\/product\/42245\/revisions"}],"wp:featuredmedia":[{"embeddable":true,"href":"https:\/\/holyland-olivewood.com\/it\/wp-json\/wp\/v2\/media\/51546"}],"wp:attachment":[{"href":"https:\/\/holyland-olivewood.com\/it\/wp-json\/wp\/v2\/media?parent=42245"}],"wp:term":[{"taxonomy":"product_brand","embeddable":true,"href":"https:\/\/holyland-olivewood.com\/it\/wp-json\/wp\/v2\/product_brand?post=42245"},{"taxonomy":"product_cat","embeddable":true,"href":"https:\/\/holyland-olivewood.com\/it\/wp-json\/wp\/v2\/product_cat?post=42245"},{"taxonomy":"product_tag","embeddable":true,"href":"https:\/\/holyland-olivewood.com\/it\/wp-json\/wp\/v2\/product_tag?post=42245"}],"curies":[{"name":"wp","href":"https:\/\/api.w.org\/{rel}","templated":true}]}}