{"id":56111,"date":"2024-10-17T08:19:29","date_gmt":"2024-10-17T08:19:29","guid":{"rendered":"https:\/\/holyland-olivewood.com\/product\/croix-en-bois-dolivier-avec-coeur-10-cm-4-cr175\/"},"modified":"2026-02-14T12:42:00","modified_gmt":"2026-02-14T12:42:00","slug":"croix-en-bois-dolivier-avec-coeur-10-cm-4-cr175","status":"publish","type":"product","link":"https:\/\/holyland-olivewood.com\/fr\/produit\/croix-en-bois-dolivier-avec-coeur-10-cm-4-cr175\/","title":{"rendered":"Croix en bois d&rsquo;olivier avec coeur (10 CM \/ 4\u00a0\u00bb) #CR175"},"content":{"rendered":"","protected":false},"excerpt":{"rendered":"<p>Cette magnifique croix en bois d&rsquo;olivier sculpt\u00e9e \u00e0 la main pr\u00e9sente un c\u0153ur d\u00e9licatement sculpt\u00e9 au centre, symbolisant l&rsquo;amour et la foi. Fabriqu\u00e9e en bois d&rsquo;olivier authentique de Bethl\u00e9em, la croix est con\u00e7ue pour \u00eatre tenue dans la main, offrant un r\u00e9confort pendant la pri\u00e8re, la m\u00e9ditation ou les moments de r\u00e9flexion. Elle constitue \u00e9galement un cadeau pr\u00e9cieux pour les personnes qui vous sont ch\u00e8res.  <\/p>\n<p>Cet article comprend un certificat d&rsquo;authenticit\u00e9 v\u00e9rifiant les mat\u00e9riaux et les techniques utilis\u00e9s pour fabriquer ce produit.<\/p>\n<p>Taille : 10 cm (4&Prime;)<\/p>\n","protected":false},"featured_media":56112,"comment_status":"closed","ping_status":"closed","template":"","meta":[],"product_brand":[],"product_cat":[1047,1041],"product_tag":[1050,4116,4118,1134,1140,1125,4117,4186],"class_list":{"0":"post-56111","1":"product","2":"type-product","3":"status-publish","4":"has-post-thumbnail","6":"product_cat-kunsthaandvaerk-fr","7":"product_cat-kors-og-krucifikser-fr","8":"product_tag-betlehem-fr","9":"product_tag-bois-dolivier","10":"product_tag-croix-de-confort","11":"product_tag-kors-fr","12":"product_tag-krucifiks-fr","13":"product_tag-kunsthaandvaerk-fr","14":"product_tag-tenant-la-croix","15":"product_tag-tenant-la-croix-avec-le-coeur","17":"first","18":"instock","19":"shipping-taxable","20":"purchasable","21":"product-type-simple"},"yoast_head":"<!-- This site is optimized with the Yoast SEO plugin v27.3 - https:\/\/yoast.com\/product\/yoast-seo-wordpress\/ -->\n<title>Croix en bois d&#039;olivier avec coeur (10 CM \/ 4&#039;&#039;) #CR175 - Holy Land Olive Wood - Bethlehem Olive Wood Factory<\/title>\n<meta name=\"description\" content=\"Croix de confort en bois d&#039;olivier sculpt\u00e9e \u00e0 la main avec un motif en forme de c\u0153ur. Fabriqu\u00e9e \u00e0 Bethl\u00e9em, elle est parfaite pour la pri\u00e8re ou comme cadeau significatif. (10 cm)\" \/>\n<meta name=\"robots\" content=\"index, follow, max-snippet:-1, max-image-preview:large, max-video-preview:-1\" \/>\n<link rel=\"canonical\" href=\"https:\/\/holyland-olivewood.com\/fr\/produit\/croix-en-bois-dolivier-avec-coeur-10-cm-4-cr175\/\" \/>\n<meta property=\"og:locale\" content=\"fr_FR\" \/>\n<meta property=\"og:type\" content=\"article\" \/>\n<meta property=\"og:title\" content=\"Croix en bois d&#039;olivier avec coeur (10 CM \/ 4&#039;&#039;) #CR175 - Holy Land Olive Wood - Bethlehem Olive Wood Factory\" \/>\n<meta property=\"og:description\" content=\"Croix de confort en bois d&#039;olivier sculpt\u00e9e \u00e0 la main avec un motif en forme de c\u0153ur. Fabriqu\u00e9e \u00e0 Bethl\u00e9em, elle est parfaite pour la pri\u00e8re ou comme cadeau significatif. (10 cm)\" \/>\n<meta property=\"og:url\" content=\"https:\/\/holyland-olivewood.com\/fr\/produit\/croix-en-bois-dolivier-avec-coeur-10-cm-4-cr175\/\" \/>\n<meta property=\"og:site_name\" content=\"Holy Land Olive Wood - Bethlehem Olive Wood Factory\" \/>\n<meta property=\"article:publisher\" content=\"https:\/\/www.facebook.com\/holylandolivewood.bethlehem\/\" \/>\n<meta property=\"article:modified_time\" content=\"2026-02-14T12:42:00+00:00\" \/>\n<meta property=\"og:image\" content=\"https:\/\/holyland-olivewood.com\/wp-content\/uploads\/2024\/10\/olive-wood-comfort-holding-cross-bethlehem-cr175-1.jpg\" \/>\n\t<meta property=\"og:image:width\" content=\"1550\" \/>\n\t<meta property=\"og:image:height\" content=\"1200\" \/>\n\t<meta property=\"og:image:type\" content=\"image\/jpeg\" \/>\n<meta name=\"twitter:card\" content=\"summary_large_image\" \/>\n<script type=\"application\/ld+json\" class=\"yoast-schema-graph\">{\"@context\":\"https:\\\/\\\/schema.org\",\"@graph\":[{\"@type\":\"WebPage\",\"@id\":\"https:\\\/\\\/holyland-olivewood.com\\\/fr\\\/produit\\\/croix-en-bois-dolivier-avec-coeur-10-cm-4-cr175\\\/\",\"url\":\"https:\\\/\\\/holyland-olivewood.com\\\/fr\\\/produit\\\/croix-en-bois-dolivier-avec-coeur-10-cm-4-cr175\\\/\",\"name\":\"Croix en bois d'olivier avec coeur (10 CM \\\/ 4'') #CR175 - Holy Land Olive Wood - Bethlehem Olive Wood Factory\",\"isPartOf\":{\"@id\":\"https:\\\/\\\/holyland-olivewood.com\\\/fr\\\/#website\"},\"primaryImageOfPage\":{\"@id\":\"https:\\\/\\\/holyland-olivewood.com\\\/fr\\\/produit\\\/croix-en-bois-dolivier-avec-coeur-10-cm-4-cr175\\\/#primaryimage\"},\"image\":{\"@id\":\"https:\\\/\\\/holyland-olivewood.com\\\/fr\\\/produit\\\/croix-en-bois-dolivier-avec-coeur-10-cm-4-cr175\\\/#primaryimage\"},\"thumbnailUrl\":\"https:\\\/\\\/holyland-olivewood.com\\\/wp-content\\\/uploads\\\/2024\\\/10\\\/olive-wood-comfort-holding-cross-bethlehem-cr175-1.jpg\",\"datePublished\":\"2024-10-17T08:19:29+00:00\",\"dateModified\":\"2026-02-14T12:42:00+00:00\",\"description\":\"Croix de confort en bois d'olivier sculpt\u00e9e \u00e0 la main avec un motif en forme de c\u0153ur. Fabriqu\u00e9e \u00e0 Bethl\u00e9em, elle est parfaite pour la pri\u00e8re ou comme cadeau significatif. (10 cm)\",\"breadcrumb\":{\"@id\":\"https:\\\/\\\/holyland-olivewood.com\\\/fr\\\/produit\\\/croix-en-bois-dolivier-avec-coeur-10-cm-4-cr175\\\/#breadcrumb\"},\"inLanguage\":\"fr-FR\",\"potentialAction\":[{\"@type\":\"ReadAction\",\"target\":[\"https:\\\/\\\/holyland-olivewood.com\\\/fr\\\/produit\\\/croix-en-bois-dolivier-avec-coeur-10-cm-4-cr175\\\/\"]}]},{\"@type\":\"ImageObject\",\"inLanguage\":\"fr-FR\",\"@id\":\"https:\\\/\\\/holyland-olivewood.com\\\/fr\\\/produit\\\/croix-en-bois-dolivier-avec-coeur-10-cm-4-cr175\\\/#primaryimage\",\"url\":\"https:\\\/\\\/holyland-olivewood.com\\\/wp-content\\\/uploads\\\/2024\\\/10\\\/olive-wood-comfort-holding-cross-bethlehem-cr175-1.jpg\",\"contentUrl\":\"https:\\\/\\\/holyland-olivewood.com\\\/wp-content\\\/uploads\\\/2024\\\/10\\\/olive-wood-comfort-holding-cross-bethlehem-cr175-1.jpg\",\"width\":1550,\"height\":1200},{\"@type\":\"BreadcrumbList\",\"@id\":\"https:\\\/\\\/holyland-olivewood.com\\\/fr\\\/produit\\\/croix-en-bois-dolivier-avec-coeur-10-cm-4-cr175\\\/#breadcrumb\",\"itemListElement\":[{\"@type\":\"ListItem\",\"position\":1,\"name\":\"Home\",\"item\":\"https:\\\/\\\/holyland-olivewood.com\\\/fr\\\/home\\\/\"},{\"@type\":\"ListItem\",\"position\":2,\"name\":\"Voir tous les produits\",\"item\":\"https:\\\/\\\/holyland-olivewood.com\\\/fr\\\/shop\\\/\"},{\"@type\":\"ListItem\",\"position\":3,\"name\":\"Croix en bois d&#8217;olivier avec coeur (10 CM \\\/ 4&#8221;) #CR175\"}]},{\"@type\":\"WebSite\",\"@id\":\"https:\\\/\\\/holyland-olivewood.com\\\/fr\\\/#website\",\"url\":\"https:\\\/\\\/holyland-olivewood.com\\\/fr\\\/\",\"name\":\"Holy Land Olive Wood - Bethlehem Olive Wood Factory\",\"description\":\"Holy Land Olivewood Bethlehem\",\"publisher\":{\"@id\":\"https:\\\/\\\/holyland-olivewood.com\\\/fr\\\/#organization\"},\"potentialAction\":[{\"@type\":\"SearchAction\",\"target\":{\"@type\":\"EntryPoint\",\"urlTemplate\":\"https:\\\/\\\/holyland-olivewood.com\\\/fr\\\/?s={search_term_string}\"},\"query-input\":{\"@type\":\"PropertyValueSpecification\",\"valueRequired\":true,\"valueName\":\"search_term_string\"}}],\"inLanguage\":\"fr-FR\"},{\"@type\":\"Organization\",\"@id\":\"https:\\\/\\\/holyland-olivewood.com\\\/fr\\\/#organization\",\"name\":\"Holy Land Olivewood\",\"url\":\"https:\\\/\\\/holyland-olivewood.com\\\/fr\\\/\",\"logo\":{\"@type\":\"ImageObject\",\"inLanguage\":\"fr-FR\",\"@id\":\"https:\\\/\\\/holyland-olivewood.com\\\/fr\\\/#\\\/schema\\\/logo\\\/image\\\/\",\"url\":\"\",\"contentUrl\":\"\",\"caption\":\"Holy Land Olivewood\"},\"image\":{\"@id\":\"https:\\\/\\\/holyland-olivewood.com\\\/fr\\\/#\\\/schema\\\/logo\\\/image\\\/\"},\"sameAs\":[\"https:\\\/\\\/www.facebook.com\\\/holylandolivewood.bethlehem\\\/\",\"http:\\\/\\\/instagram.com\\\/holy.land.olive.wood\"]}]}<\/script>\n<!-- \/ Yoast SEO plugin. -->","yoast_head_json":{"title":"Croix en bois d'olivier avec coeur (10 CM \/ 4'') #CR175 - Holy Land Olive Wood - Bethlehem Olive Wood Factory","description":"Croix de confort en bois d'olivier sculpt\u00e9e \u00e0 la main avec un motif en forme de c\u0153ur. Fabriqu\u00e9e \u00e0 Bethl\u00e9em, elle est parfaite pour la pri\u00e8re ou comme cadeau significatif. (10 cm)","robots":{"index":"index","follow":"follow","max-snippet":"max-snippet:-1","max-image-preview":"max-image-preview:large","max-video-preview":"max-video-preview:-1"},"canonical":"https:\/\/holyland-olivewood.com\/fr\/produit\/croix-en-bois-dolivier-avec-coeur-10-cm-4-cr175\/","og_locale":"fr_FR","og_type":"article","og_title":"Croix en bois d'olivier avec coeur (10 CM \/ 4'') #CR175 - Holy Land Olive Wood - Bethlehem Olive Wood Factory","og_description":"Croix de confort en bois d'olivier sculpt\u00e9e \u00e0 la main avec un motif en forme de c\u0153ur. Fabriqu\u00e9e \u00e0 Bethl\u00e9em, elle est parfaite pour la pri\u00e8re ou comme cadeau significatif. (10 cm)","og_url":"https:\/\/holyland-olivewood.com\/fr\/produit\/croix-en-bois-dolivier-avec-coeur-10-cm-4-cr175\/","og_site_name":"Holy Land Olive Wood - Bethlehem Olive Wood Factory","article_publisher":"https:\/\/www.facebook.com\/holylandolivewood.bethlehem\/","article_modified_time":"2026-02-14T12:42:00+00:00","og_image":[{"width":1550,"height":1200,"url":"https:\/\/holyland-olivewood.com\/wp-content\/uploads\/2024\/10\/olive-wood-comfort-holding-cross-bethlehem-cr175-1.jpg","type":"image\/jpeg"}],"twitter_card":"summary_large_image","schema":{"@context":"https:\/\/schema.org","@graph":[{"@type":"WebPage","@id":"https:\/\/holyland-olivewood.com\/fr\/produit\/croix-en-bois-dolivier-avec-coeur-10-cm-4-cr175\/","url":"https:\/\/holyland-olivewood.com\/fr\/produit\/croix-en-bois-dolivier-avec-coeur-10-cm-4-cr175\/","name":"Croix en bois d'olivier avec coeur (10 CM \/ 4'') #CR175 - Holy Land Olive Wood - Bethlehem Olive Wood Factory","isPartOf":{"@id":"https:\/\/holyland-olivewood.com\/fr\/#website"},"primaryImageOfPage":{"@id":"https:\/\/holyland-olivewood.com\/fr\/produit\/croix-en-bois-dolivier-avec-coeur-10-cm-4-cr175\/#primaryimage"},"image":{"@id":"https:\/\/holyland-olivewood.com\/fr\/produit\/croix-en-bois-dolivier-avec-coeur-10-cm-4-cr175\/#primaryimage"},"thumbnailUrl":"https:\/\/holyland-olivewood.com\/wp-content\/uploads\/2024\/10\/olive-wood-comfort-holding-cross-bethlehem-cr175-1.jpg","datePublished":"2024-10-17T08:19:29+00:00","dateModified":"2026-02-14T12:42:00+00:00","description":"Croix de confort en bois d'olivier sculpt\u00e9e \u00e0 la main avec un motif en forme de c\u0153ur. Fabriqu\u00e9e \u00e0 Bethl\u00e9em, elle est parfaite pour la pri\u00e8re ou comme cadeau significatif. (10 cm)","breadcrumb":{"@id":"https:\/\/holyland-olivewood.com\/fr\/produit\/croix-en-bois-dolivier-avec-coeur-10-cm-4-cr175\/#breadcrumb"},"inLanguage":"fr-FR","potentialAction":[{"@type":"ReadAction","target":["https:\/\/holyland-olivewood.com\/fr\/produit\/croix-en-bois-dolivier-avec-coeur-10-cm-4-cr175\/"]}]},{"@type":"ImageObject","inLanguage":"fr-FR","@id":"https:\/\/holyland-olivewood.com\/fr\/produit\/croix-en-bois-dolivier-avec-coeur-10-cm-4-cr175\/#primaryimage","url":"https:\/\/holyland-olivewood.com\/wp-content\/uploads\/2024\/10\/olive-wood-comfort-holding-cross-bethlehem-cr175-1.jpg","contentUrl":"https:\/\/holyland-olivewood.com\/wp-content\/uploads\/2024\/10\/olive-wood-comfort-holding-cross-bethlehem-cr175-1.jpg","width":1550,"height":1200},{"@type":"BreadcrumbList","@id":"https:\/\/holyland-olivewood.com\/fr\/produit\/croix-en-bois-dolivier-avec-coeur-10-cm-4-cr175\/#breadcrumb","itemListElement":[{"@type":"ListItem","position":1,"name":"Home","item":"https:\/\/holyland-olivewood.com\/fr\/home\/"},{"@type":"ListItem","position":2,"name":"Voir tous les produits","item":"https:\/\/holyland-olivewood.com\/fr\/shop\/"},{"@type":"ListItem","position":3,"name":"Croix en bois d&#8217;olivier avec coeur (10 CM \/ 4&#8221;) #CR175"}]},{"@type":"WebSite","@id":"https:\/\/holyland-olivewood.com\/fr\/#website","url":"https:\/\/holyland-olivewood.com\/fr\/","name":"Holy Land Olive Wood - Bethlehem Olive Wood Factory","description":"Holy Land Olivewood Bethlehem","publisher":{"@id":"https:\/\/holyland-olivewood.com\/fr\/#organization"},"potentialAction":[{"@type":"SearchAction","target":{"@type":"EntryPoint","urlTemplate":"https:\/\/holyland-olivewood.com\/fr\/?s={search_term_string}"},"query-input":{"@type":"PropertyValueSpecification","valueRequired":true,"valueName":"search_term_string"}}],"inLanguage":"fr-FR"},{"@type":"Organization","@id":"https:\/\/holyland-olivewood.com\/fr\/#organization","name":"Holy Land Olivewood","url":"https:\/\/holyland-olivewood.com\/fr\/","logo":{"@type":"ImageObject","inLanguage":"fr-FR","@id":"https:\/\/holyland-olivewood.com\/fr\/#\/schema\/logo\/image\/","url":"","contentUrl":"","caption":"Holy Land Olivewood"},"image":{"@id":"https:\/\/holyland-olivewood.com\/fr\/#\/schema\/logo\/image\/"},"sameAs":["https:\/\/www.facebook.com\/holylandolivewood.bethlehem\/","http:\/\/instagram.com\/holy.land.olive.wood"]}]}},"_links":{"self":[{"href":"https:\/\/holyland-olivewood.com\/fr\/wp-json\/wp\/v2\/product\/56111","targetHints":{"allow":["GET"]}}],"collection":[{"href":"https:\/\/holyland-olivewood.com\/fr\/wp-json\/wp\/v2\/product"}],"about":[{"href":"https:\/\/holyland-olivewood.com\/fr\/wp-json\/wp\/v2\/types\/product"}],"replies":[{"embeddable":true,"href":"https:\/\/holyland-olivewood.com\/fr\/wp-json\/wp\/v2\/comments?post=56111"}],"version-history":[{"count":1,"href":"https:\/\/holyland-olivewood.com\/fr\/wp-json\/wp\/v2\/product\/56111\/revisions"}],"predecessor-version":[{"id":64058,"href":"https:\/\/holyland-olivewood.com\/fr\/wp-json\/wp\/v2\/product\/56111\/revisions\/64058"}],"wp:featuredmedia":[{"embeddable":true,"href":"https:\/\/holyland-olivewood.com\/fr\/wp-json\/wp\/v2\/media\/56112"}],"wp:attachment":[{"href":"https:\/\/holyland-olivewood.com\/fr\/wp-json\/wp\/v2\/media?parent=56111"}],"wp:term":[{"taxonomy":"product_brand","embeddable":true,"href":"https:\/\/holyland-olivewood.com\/fr\/wp-json\/wp\/v2\/product_brand?post=56111"},{"taxonomy":"product_cat","embeddable":true,"href":"https:\/\/holyland-olivewood.com\/fr\/wp-json\/wp\/v2\/product_cat?post=56111"},{"taxonomy":"product_tag","embeddable":true,"href":"https:\/\/holyland-olivewood.com\/fr\/wp-json\/wp\/v2\/product_tag?post=56111"}],"curies":[{"name":"wp","href":"https:\/\/api.w.org\/{rel}","templated":true}]}}