{"id":55792,"date":"2024-10-17T09:37:25","date_gmt":"2024-10-18T12:09:23","guid":{"rendered":"https:\/\/holyland-olivewood.com\/product\/porte-cles-coeur-en-bois-dolivier-sculpte-a-la-main-ke114\/"},"modified":"2024-10-18T12:09:23","modified_gmt":"2024-10-18T12:09:23","slug":"porte-cles-coeur-en-bois-dolivier-sculpte-a-la-main-ke114","status":"publish","type":"product","link":"https:\/\/holyland-olivewood.com\/fr\/produit\/porte-cles-coeur-en-bois-dolivier-sculpte-a-la-main-ke114\/","title":{"rendered":"Porte-cl\u00e9s coeur en bois d&rsquo;olivier sculpt\u00e9 \u00e0 la main #KE114"},"content":{"rendered":"","protected":false},"excerpt":{"rendered":"<p>Ce magnifique porte-cl\u00e9s en forme de c\u0153ur est fabriqu\u00e9 \u00e0 la main en Terre Sainte \u00e0 partir de bois d&rsquo;olivier authentique de Bethl\u00e9em, r\u00e9colt\u00e9 de mani\u00e8re durable. \u00c9l\u00e9gant et unique, ce porte-cl\u00e9s sculpt\u00e9 \u00e0 la main est fabriqu\u00e9 \u00e0 partir des plus belles tailles d&rsquo;oliviers de Terre sainte. Son design lisse tient confortablement dans la paume de votre main, ce qui en fait non seulement un accessoire \u00e9l\u00e9gant, mais aussi une aide pr\u00e9cieuse pour la pri\u00e8re ou la m\u00e9ditation.  <\/p>\n<p>Cet article comprend un certificat d&rsquo;authenticit\u00e9 v\u00e9rifiant les mat\u00e9riaux et les techniques utilis\u00e9s pour fabriquer ce produit.<\/p>\n<p>Taille : 5 cm (2&Prime;)<\/p>\n","protected":false},"featured_media":55793,"comment_status":"closed","ping_status":"closed","template":"","meta":[],"product_brand":[],"product_cat":[1744,2526],"product_tag":[1050,4116,1760,1115,1134,1140,1125,2566,2571,4162,3763,4117,3761],"class_list":{"0":"post-55792","1":"product","2":"type-product","3":"status-publish","4":"has-post-thumbnail","6":"product_cat-divers","7":"product_cat-porte-cles","8":"product_tag-betlehem-fr","9":"product_tag-bois-dolivier","10":"product_tag-coeur","11":"product_tag-juil","12":"product_tag-kors-fr","13":"product_tag-krucifiks-fr","14":"product_tag-kunsthaandvaerk-fr","15":"product_tag-ornement","16":"product_tag-ornements","17":"product_tag-porte-cles-fr","18":"product_tag-porte-cles","19":"product_tag-tenant-la-croix","20":"product_tag-trousseau","22":"first","23":"instock","24":"shipping-taxable","25":"purchasable","26":"product-type-simple"},"yoast_head":"<!-- This site is optimized with the Yoast SEO plugin v27.3 - https:\/\/yoast.com\/product\/yoast-seo-wordpress\/ -->\n<title>Porte-cl\u00e9s coeur en bois d&#039;olivier sculpt\u00e9 \u00e0 la main #KE114 - Holy Land Olive Wood - Bethlehem Olive Wood Factory<\/title>\n<meta name=\"description\" content=\"Porte-cl\u00e9s en bois d&#039;olivier sculpt\u00e9 \u00e0 la main \u00e0 Bethl\u00e9em. Fabriqu\u00e9 en bois d&#039;olivier authentique, c&#039;est un accessoire ou un cadeau magnifique et significatif pour toute occasion.\" \/>\n<meta name=\"robots\" content=\"index, follow, max-snippet:-1, max-image-preview:large, max-video-preview:-1\" \/>\n<link rel=\"canonical\" href=\"https:\/\/holyland-olivewood.com\/fr\/produit\/porte-cles-coeur-en-bois-dolivier-sculpte-a-la-main-ke114\/\" \/>\n<meta property=\"og:locale\" content=\"fr_FR\" \/>\n<meta property=\"og:type\" content=\"article\" \/>\n<meta property=\"og:title\" content=\"Porte-cl\u00e9s coeur en bois d&#039;olivier sculpt\u00e9 \u00e0 la main #KE114 - Holy Land Olive Wood - Bethlehem Olive Wood Factory\" \/>\n<meta property=\"og:description\" content=\"Porte-cl\u00e9s en bois d&#039;olivier sculpt\u00e9 \u00e0 la main \u00e0 Bethl\u00e9em. Fabriqu\u00e9 en bois d&#039;olivier authentique, c&#039;est un accessoire ou un cadeau magnifique et significatif pour toute occasion.\" \/>\n<meta property=\"og:url\" content=\"https:\/\/holyland-olivewood.com\/fr\/produit\/porte-cles-coeur-en-bois-dolivier-sculpte-a-la-main-ke114\/\" \/>\n<meta property=\"og:site_name\" content=\"Holy Land Olive Wood - Bethlehem Olive Wood Factory\" \/>\n<meta property=\"article:publisher\" content=\"https:\/\/www.facebook.com\/holylandolivewood.bethlehem\/\" \/>\n<meta property=\"og:image\" content=\"https:\/\/holyland-olivewood.com\/wp-content\/uploads\/2024\/10\/olive-wood-heart-keychain-bethlehem-ke114.jpg\" \/>\n\t<meta property=\"og:image:width\" content=\"1550\" \/>\n\t<meta property=\"og:image:height\" content=\"1200\" \/>\n\t<meta property=\"og:image:type\" content=\"image\/jpeg\" \/>\n<meta name=\"twitter:card\" content=\"summary_large_image\" \/>\n<script type=\"application\/ld+json\" class=\"yoast-schema-graph\">{\"@context\":\"https:\\\/\\\/schema.org\",\"@graph\":[{\"@type\":\"WebPage\",\"@id\":\"https:\\\/\\\/holyland-olivewood.com\\\/fr\\\/produit\\\/porte-cles-coeur-en-bois-dolivier-sculpte-a-la-main-ke114\\\/\",\"url\":\"https:\\\/\\\/holyland-olivewood.com\\\/fr\\\/produit\\\/porte-cles-coeur-en-bois-dolivier-sculpte-a-la-main-ke114\\\/\",\"name\":\"Porte-cl\u00e9s coeur en bois d'olivier sculpt\u00e9 \u00e0 la main #KE114 - Holy Land Olive Wood - Bethlehem Olive Wood Factory\",\"isPartOf\":{\"@id\":\"https:\\\/\\\/holyland-olivewood.com\\\/fr\\\/#website\"},\"primaryImageOfPage\":{\"@id\":\"https:\\\/\\\/holyland-olivewood.com\\\/fr\\\/produit\\\/porte-cles-coeur-en-bois-dolivier-sculpte-a-la-main-ke114\\\/#primaryimage\"},\"image\":{\"@id\":\"https:\\\/\\\/holyland-olivewood.com\\\/fr\\\/produit\\\/porte-cles-coeur-en-bois-dolivier-sculpte-a-la-main-ke114\\\/#primaryimage\"},\"thumbnailUrl\":\"https:\\\/\\\/holyland-olivewood.com\\\/wp-content\\\/uploads\\\/2024\\\/10\\\/olive-wood-heart-keychain-bethlehem-ke114.jpg\",\"datePublished\":\"2024-10-18T12:09:23+00:00\",\"description\":\"Porte-cl\u00e9s en bois d'olivier sculpt\u00e9 \u00e0 la main \u00e0 Bethl\u00e9em. Fabriqu\u00e9 en bois d'olivier authentique, c'est un accessoire ou un cadeau magnifique et significatif pour toute occasion.\",\"breadcrumb\":{\"@id\":\"https:\\\/\\\/holyland-olivewood.com\\\/fr\\\/produit\\\/porte-cles-coeur-en-bois-dolivier-sculpte-a-la-main-ke114\\\/#breadcrumb\"},\"inLanguage\":\"fr-FR\",\"potentialAction\":[{\"@type\":\"ReadAction\",\"target\":[\"https:\\\/\\\/holyland-olivewood.com\\\/fr\\\/produit\\\/porte-cles-coeur-en-bois-dolivier-sculpte-a-la-main-ke114\\\/\"]}]},{\"@type\":\"ImageObject\",\"inLanguage\":\"fr-FR\",\"@id\":\"https:\\\/\\\/holyland-olivewood.com\\\/fr\\\/produit\\\/porte-cles-coeur-en-bois-dolivier-sculpte-a-la-main-ke114\\\/#primaryimage\",\"url\":\"https:\\\/\\\/holyland-olivewood.com\\\/wp-content\\\/uploads\\\/2024\\\/10\\\/olive-wood-heart-keychain-bethlehem-ke114.jpg\",\"contentUrl\":\"https:\\\/\\\/holyland-olivewood.com\\\/wp-content\\\/uploads\\\/2024\\\/10\\\/olive-wood-heart-keychain-bethlehem-ke114.jpg\",\"width\":1550,\"height\":1200},{\"@type\":\"BreadcrumbList\",\"@id\":\"https:\\\/\\\/holyland-olivewood.com\\\/fr\\\/produit\\\/porte-cles-coeur-en-bois-dolivier-sculpte-a-la-main-ke114\\\/#breadcrumb\",\"itemListElement\":[{\"@type\":\"ListItem\",\"position\":1,\"name\":\"Home\",\"item\":\"https:\\\/\\\/holyland-olivewood.com\\\/fr\\\/home\\\/\"},{\"@type\":\"ListItem\",\"position\":2,\"name\":\"Voir tous les produits\",\"item\":\"https:\\\/\\\/holyland-olivewood.com\\\/fr\\\/shop\\\/\"},{\"@type\":\"ListItem\",\"position\":3,\"name\":\"Porte-cl\u00e9s coeur en bois d&#8217;olivier sculpt\u00e9 \u00e0 la main #KE114\"}]},{\"@type\":\"WebSite\",\"@id\":\"https:\\\/\\\/holyland-olivewood.com\\\/fr\\\/#website\",\"url\":\"https:\\\/\\\/holyland-olivewood.com\\\/fr\\\/\",\"name\":\"Holy Land Olive Wood - Bethlehem Olive Wood Factory\",\"description\":\"Holy Land Olivewood Bethlehem\",\"publisher\":{\"@id\":\"https:\\\/\\\/holyland-olivewood.com\\\/fr\\\/#organization\"},\"potentialAction\":[{\"@type\":\"SearchAction\",\"target\":{\"@type\":\"EntryPoint\",\"urlTemplate\":\"https:\\\/\\\/holyland-olivewood.com\\\/fr\\\/?s={search_term_string}\"},\"query-input\":{\"@type\":\"PropertyValueSpecification\",\"valueRequired\":true,\"valueName\":\"search_term_string\"}}],\"inLanguage\":\"fr-FR\"},{\"@type\":\"Organization\",\"@id\":\"https:\\\/\\\/holyland-olivewood.com\\\/fr\\\/#organization\",\"name\":\"Holy Land Olivewood\",\"url\":\"https:\\\/\\\/holyland-olivewood.com\\\/fr\\\/\",\"logo\":{\"@type\":\"ImageObject\",\"inLanguage\":\"fr-FR\",\"@id\":\"https:\\\/\\\/holyland-olivewood.com\\\/fr\\\/#\\\/schema\\\/logo\\\/image\\\/\",\"url\":\"\",\"contentUrl\":\"\",\"caption\":\"Holy Land Olivewood\"},\"image\":{\"@id\":\"https:\\\/\\\/holyland-olivewood.com\\\/fr\\\/#\\\/schema\\\/logo\\\/image\\\/\"},\"sameAs\":[\"https:\\\/\\\/www.facebook.com\\\/holylandolivewood.bethlehem\\\/\",\"http:\\\/\\\/instagram.com\\\/holy.land.olive.wood\"]}]}<\/script>\n<!-- \/ Yoast SEO plugin. -->","yoast_head_json":{"title":"Porte-cl\u00e9s coeur en bois d'olivier sculpt\u00e9 \u00e0 la main #KE114 - Holy Land Olive Wood - Bethlehem Olive Wood Factory","description":"Porte-cl\u00e9s en bois d'olivier sculpt\u00e9 \u00e0 la main \u00e0 Bethl\u00e9em. Fabriqu\u00e9 en bois d'olivier authentique, c'est un accessoire ou un cadeau magnifique et significatif pour toute occasion.","robots":{"index":"index","follow":"follow","max-snippet":"max-snippet:-1","max-image-preview":"max-image-preview:large","max-video-preview":"max-video-preview:-1"},"canonical":"https:\/\/holyland-olivewood.com\/fr\/produit\/porte-cles-coeur-en-bois-dolivier-sculpte-a-la-main-ke114\/","og_locale":"fr_FR","og_type":"article","og_title":"Porte-cl\u00e9s coeur en bois d'olivier sculpt\u00e9 \u00e0 la main #KE114 - Holy Land Olive Wood - Bethlehem Olive Wood Factory","og_description":"Porte-cl\u00e9s en bois d'olivier sculpt\u00e9 \u00e0 la main \u00e0 Bethl\u00e9em. Fabriqu\u00e9 en bois d'olivier authentique, c'est un accessoire ou un cadeau magnifique et significatif pour toute occasion.","og_url":"https:\/\/holyland-olivewood.com\/fr\/produit\/porte-cles-coeur-en-bois-dolivier-sculpte-a-la-main-ke114\/","og_site_name":"Holy Land Olive Wood - Bethlehem Olive Wood Factory","article_publisher":"https:\/\/www.facebook.com\/holylandolivewood.bethlehem\/","og_image":[{"width":1550,"height":1200,"url":"https:\/\/holyland-olivewood.com\/wp-content\/uploads\/2024\/10\/olive-wood-heart-keychain-bethlehem-ke114.jpg","type":"image\/jpeg"}],"twitter_card":"summary_large_image","schema":{"@context":"https:\/\/schema.org","@graph":[{"@type":"WebPage","@id":"https:\/\/holyland-olivewood.com\/fr\/produit\/porte-cles-coeur-en-bois-dolivier-sculpte-a-la-main-ke114\/","url":"https:\/\/holyland-olivewood.com\/fr\/produit\/porte-cles-coeur-en-bois-dolivier-sculpte-a-la-main-ke114\/","name":"Porte-cl\u00e9s coeur en bois d'olivier sculpt\u00e9 \u00e0 la main #KE114 - Holy Land Olive Wood - Bethlehem Olive Wood Factory","isPartOf":{"@id":"https:\/\/holyland-olivewood.com\/fr\/#website"},"primaryImageOfPage":{"@id":"https:\/\/holyland-olivewood.com\/fr\/produit\/porte-cles-coeur-en-bois-dolivier-sculpte-a-la-main-ke114\/#primaryimage"},"image":{"@id":"https:\/\/holyland-olivewood.com\/fr\/produit\/porte-cles-coeur-en-bois-dolivier-sculpte-a-la-main-ke114\/#primaryimage"},"thumbnailUrl":"https:\/\/holyland-olivewood.com\/wp-content\/uploads\/2024\/10\/olive-wood-heart-keychain-bethlehem-ke114.jpg","datePublished":"2024-10-18T12:09:23+00:00","description":"Porte-cl\u00e9s en bois d'olivier sculpt\u00e9 \u00e0 la main \u00e0 Bethl\u00e9em. Fabriqu\u00e9 en bois d'olivier authentique, c'est un accessoire ou un cadeau magnifique et significatif pour toute occasion.","breadcrumb":{"@id":"https:\/\/holyland-olivewood.com\/fr\/produit\/porte-cles-coeur-en-bois-dolivier-sculpte-a-la-main-ke114\/#breadcrumb"},"inLanguage":"fr-FR","potentialAction":[{"@type":"ReadAction","target":["https:\/\/holyland-olivewood.com\/fr\/produit\/porte-cles-coeur-en-bois-dolivier-sculpte-a-la-main-ke114\/"]}]},{"@type":"ImageObject","inLanguage":"fr-FR","@id":"https:\/\/holyland-olivewood.com\/fr\/produit\/porte-cles-coeur-en-bois-dolivier-sculpte-a-la-main-ke114\/#primaryimage","url":"https:\/\/holyland-olivewood.com\/wp-content\/uploads\/2024\/10\/olive-wood-heart-keychain-bethlehem-ke114.jpg","contentUrl":"https:\/\/holyland-olivewood.com\/wp-content\/uploads\/2024\/10\/olive-wood-heart-keychain-bethlehem-ke114.jpg","width":1550,"height":1200},{"@type":"BreadcrumbList","@id":"https:\/\/holyland-olivewood.com\/fr\/produit\/porte-cles-coeur-en-bois-dolivier-sculpte-a-la-main-ke114\/#breadcrumb","itemListElement":[{"@type":"ListItem","position":1,"name":"Home","item":"https:\/\/holyland-olivewood.com\/fr\/home\/"},{"@type":"ListItem","position":2,"name":"Voir tous les produits","item":"https:\/\/holyland-olivewood.com\/fr\/shop\/"},{"@type":"ListItem","position":3,"name":"Porte-cl\u00e9s coeur en bois d&#8217;olivier sculpt\u00e9 \u00e0 la main #KE114"}]},{"@type":"WebSite","@id":"https:\/\/holyland-olivewood.com\/fr\/#website","url":"https:\/\/holyland-olivewood.com\/fr\/","name":"Holy Land Olive Wood - Bethlehem Olive Wood Factory","description":"Holy Land Olivewood Bethlehem","publisher":{"@id":"https:\/\/holyland-olivewood.com\/fr\/#organization"},"potentialAction":[{"@type":"SearchAction","target":{"@type":"EntryPoint","urlTemplate":"https:\/\/holyland-olivewood.com\/fr\/?s={search_term_string}"},"query-input":{"@type":"PropertyValueSpecification","valueRequired":true,"valueName":"search_term_string"}}],"inLanguage":"fr-FR"},{"@type":"Organization","@id":"https:\/\/holyland-olivewood.com\/fr\/#organization","name":"Holy Land Olivewood","url":"https:\/\/holyland-olivewood.com\/fr\/","logo":{"@type":"ImageObject","inLanguage":"fr-FR","@id":"https:\/\/holyland-olivewood.com\/fr\/#\/schema\/logo\/image\/","url":"","contentUrl":"","caption":"Holy Land Olivewood"},"image":{"@id":"https:\/\/holyland-olivewood.com\/fr\/#\/schema\/logo\/image\/"},"sameAs":["https:\/\/www.facebook.com\/holylandolivewood.bethlehem\/","http:\/\/instagram.com\/holy.land.olive.wood"]}]}},"_links":{"self":[{"href":"https:\/\/holyland-olivewood.com\/fr\/wp-json\/wp\/v2\/product\/55792","targetHints":{"allow":["GET"]}}],"collection":[{"href":"https:\/\/holyland-olivewood.com\/fr\/wp-json\/wp\/v2\/product"}],"about":[{"href":"https:\/\/holyland-olivewood.com\/fr\/wp-json\/wp\/v2\/types\/product"}],"replies":[{"embeddable":true,"href":"https:\/\/holyland-olivewood.com\/fr\/wp-json\/wp\/v2\/comments?post=55792"}],"version-history":[{"count":0,"href":"https:\/\/holyland-olivewood.com\/fr\/wp-json\/wp\/v2\/product\/55792\/revisions"}],"wp:featuredmedia":[{"embeddable":true,"href":"https:\/\/holyland-olivewood.com\/fr\/wp-json\/wp\/v2\/media\/55793"}],"wp:attachment":[{"href":"https:\/\/holyland-olivewood.com\/fr\/wp-json\/wp\/v2\/media?parent=55792"}],"wp:term":[{"taxonomy":"product_brand","embeddable":true,"href":"https:\/\/holyland-olivewood.com\/fr\/wp-json\/wp\/v2\/product_brand?post=55792"},{"taxonomy":"product_cat","embeddable":true,"href":"https:\/\/holyland-olivewood.com\/fr\/wp-json\/wp\/v2\/product_cat?post=55792"},{"taxonomy":"product_tag","embeddable":true,"href":"https:\/\/holyland-olivewood.com\/fr\/wp-json\/wp\/v2\/product_tag?post=55792"}],"curies":[{"name":"wp","href":"https:\/\/api.w.org\/{rel}","templated":true}]}}