{"id":54858,"date":"2024-03-14T20:29:49","date_gmt":"2024-03-14T20:39:07","guid":{"rendered":"https:\/\/holyland-olivewood.com\/product\/perles-rondes-sculptees-en-bois-dolivier-de-10-mm-125-perles-b157\/"},"modified":"2024-03-14T20:39:07","modified_gmt":"2024-03-14T20:39:07","slug":"perles-rondes-sculptees-en-bois-dolivier-de-10-mm-125-perles-b157","status":"publish","type":"product","link":"https:\/\/holyland-olivewood.com\/fr\/produit\/perles-rondes-sculptees-en-bois-dolivier-de-10-mm-125-perles-b157\/","title":{"rendered":"Perles rondes sculpt\u00e9es en bois d&rsquo;olivier de 10 mm (125 perles) #B157"},"content":{"rendered":"","protected":false},"excerpt":{"rendered":"<p>Ces perles de rosaire en bois d&rsquo;olivier de haute qualit\u00e9 sont fabriqu\u00e9es \u00e0 la main en Terre Sainte \u00e0 partir de bois d&rsquo;olivier authentique de Bethl\u00e9em, r\u00e9colt\u00e9 de mani\u00e8re durable. Toutes les perles sont nettoy\u00e9es, s\u00e9ch\u00e9es et contr\u00f4l\u00e9es quant \u00e0 leur couleur et leur grain, sans d\u00e9fauts ni fissures. Ces perles en bois d&rsquo;olivier sont parfaites pour la fabrication de chapelets et de toutes sortes de bijoux. Le bois d&rsquo;olivier est tr\u00e8s dur, r\u00e9sistant et joli. Le beau contraste entre le blond et le brun du grain fris\u00e9, associ\u00e9 \u00e0 sa durabilit\u00e9, fait du bois d&rsquo;olivier un mat\u00e9riau id\u00e9al pour les chapelets.<br \/>\nNous pouvons \u00e9galement vous fournir des \u00e9l\u00e9ments de chapelet de haute qualit\u00e9, tels que des centres de table et des crucifix.<\/p>\n<p>Cet article comprend un certificat d&rsquo;authenticit\u00e9 v\u00e9rifiant les mat\u00e9riaux et les techniques utilis\u00e9s pour fabriquer ce produit.<\/p>\n<p>Taille : ( 10 mm )<\/p>\n","protected":false},"featured_media":30742,"comment_status":"closed","ping_status":"closed","template":"","meta":[],"product_brand":[],"product_cat":[1744,2114],"product_tag":[1050,1193,2118,2136,1117,1753,2141,2132,1151,1101,1121,1090,1100,4077,1096,1115,1174,1147,1134,1129,1125,2146,1158,1070,1078,1176,2121,2150,2153,2125,1108,1055,2128,1073,1084],"class_list":{"0":"post-54858","1":"product","2":"type-product","3":"status-publish","4":"has-post-thumbnail","6":"product_cat-divers","7":"product_cat-perles-et-quincaillerie-du-rosaire","8":"product_tag-betlehem-fr","9":"product_tag-cadeaux","10":"product_tag-chapelet","11":"product_tag-corde-fr-2","12":"product_tag-donnerent","13":"product_tag-eau","14":"product_tag-enfant","15":"product_tag-ficelle","16":"product_tag-foedselskirken-fr","17":"product_tag-haandlavet-fr","18":"product_tag-haandvaerk-fr","19":"product_tag-hellig-fr","20":"product_tag-jerusalem-fr","21":"product_tag-jesus-fr-2","22":"product_tag-jord-fr","23":"product_tag-juil","24":"product_tag-katolsk-fr","25":"product_tag-kirke-fr","26":"product_tag-kors-fr","27":"product_tag-kristen-fr","28":"product_tag-kunsthaandvaerk-fr","29":"product_tag-materiel","30":"product_tag-mor-fr","31":"product_tag-oliven-fr","32":"product_tag-oliventrae-fr","33":"product_tag-ortodoks-fr","34":"product_tag-ovale","35":"product_tag-piece-maitresse","36":"product_tag-pieces-maitresses","37":"product_tag-rond","38":"product_tag-rosenkrans-fr","39":"product_tag-rosenkranse-fr","40":"product_tag-sculpte","41":"product_tag-trae-fr","42":"product_tag-udskaering-fr","44":"first","45":"instock","46":"shipping-taxable","47":"purchasable","48":"product-type-simple"},"yoast_head":"<!-- This site is optimized with the Yoast SEO plugin v27.3 - https:\/\/yoast.com\/product\/yoast-seo-wordpress\/ -->\n<title>Perles rondes sculpt\u00e9es en bois d&#039;olivier de 10 mm (125 perles) #B157 - Holy Land Olive Wood - Bethlehem Olive Wood Factory<\/title>\n<meta name=\"description\" content=\"Artisanat en bois d&#039;olivier de Bethl\u00e9em (rosaires, ovales, sculpt\u00e9s, ronds, perles), sculptures, centres de table et stock brut dans des dimensions standard et personnalis\u00e9es.\" \/>\n<meta name=\"robots\" content=\"index, follow, max-snippet:-1, max-image-preview:large, max-video-preview:-1\" \/>\n<link rel=\"canonical\" href=\"https:\/\/holyland-olivewood.com\/fr\/produit\/perles-rondes-sculptees-en-bois-dolivier-de-10-mm-125-perles-b157\/\" \/>\n<meta property=\"og:locale\" content=\"fr_FR\" \/>\n<meta property=\"og:type\" content=\"article\" \/>\n<meta property=\"og:title\" content=\"Perles rondes sculpt\u00e9es en bois d&#039;olivier de 10 mm (125 perles) #B157 - Holy Land Olive Wood - Bethlehem Olive Wood Factory\" \/>\n<meta property=\"og:description\" content=\"Artisanat en bois d&#039;olivier de Bethl\u00e9em (rosaires, ovales, sculpt\u00e9s, ronds, perles), sculptures, centres de table et stock brut dans des dimensions standard et personnalis\u00e9es.\" \/>\n<meta property=\"og:url\" content=\"https:\/\/holyland-olivewood.com\/fr\/produit\/perles-rondes-sculptees-en-bois-dolivier-de-10-mm-125-perles-b157\/\" \/>\n<meta property=\"og:site_name\" content=\"Holy Land Olive Wood - Bethlehem Olive Wood Factory\" \/>\n<meta property=\"article:publisher\" content=\"https:\/\/www.facebook.com\/holylandolivewood.bethlehem\/\" \/>\n<meta property=\"og:image\" content=\"https:\/\/holyland-olivewood.com\/wp-content\/uploads\/2016\/05\/k.jpg\" \/>\n\t<meta property=\"og:image:width\" content=\"1550\" \/>\n\t<meta property=\"og:image:height\" content=\"1200\" \/>\n\t<meta property=\"og:image:type\" content=\"image\/jpeg\" \/>\n<meta name=\"twitter:card\" content=\"summary_large_image\" \/>\n<script type=\"application\/ld+json\" class=\"yoast-schema-graph\">{\"@context\":\"https:\\\/\\\/schema.org\",\"@graph\":[{\"@type\":\"WebPage\",\"@id\":\"https:\\\/\\\/holyland-olivewood.com\\\/fr\\\/produit\\\/perles-rondes-sculptees-en-bois-dolivier-de-10-mm-125-perles-b157\\\/\",\"url\":\"https:\\\/\\\/holyland-olivewood.com\\\/fr\\\/produit\\\/perles-rondes-sculptees-en-bois-dolivier-de-10-mm-125-perles-b157\\\/\",\"name\":\"Perles rondes sculpt\u00e9es en bois d'olivier de 10 mm (125 perles) #B157 - Holy Land Olive Wood - Bethlehem Olive Wood Factory\",\"isPartOf\":{\"@id\":\"https:\\\/\\\/holyland-olivewood.com\\\/fr\\\/#website\"},\"primaryImageOfPage\":{\"@id\":\"https:\\\/\\\/holyland-olivewood.com\\\/fr\\\/produit\\\/perles-rondes-sculptees-en-bois-dolivier-de-10-mm-125-perles-b157\\\/#primaryimage\"},\"image\":{\"@id\":\"https:\\\/\\\/holyland-olivewood.com\\\/fr\\\/produit\\\/perles-rondes-sculptees-en-bois-dolivier-de-10-mm-125-perles-b157\\\/#primaryimage\"},\"thumbnailUrl\":\"https:\\\/\\\/holyland-olivewood.com\\\/wp-content\\\/uploads\\\/2016\\\/05\\\/k.jpg\",\"datePublished\":\"2024-03-14T20:39:07+00:00\",\"description\":\"Artisanat en bois d'olivier de Bethl\u00e9em (rosaires, ovales, sculpt\u00e9s, ronds, perles), sculptures, centres de table et stock brut dans des dimensions standard et personnalis\u00e9es.\",\"breadcrumb\":{\"@id\":\"https:\\\/\\\/holyland-olivewood.com\\\/fr\\\/produit\\\/perles-rondes-sculptees-en-bois-dolivier-de-10-mm-125-perles-b157\\\/#breadcrumb\"},\"inLanguage\":\"fr-FR\",\"potentialAction\":[{\"@type\":\"ReadAction\",\"target\":[\"https:\\\/\\\/holyland-olivewood.com\\\/fr\\\/produit\\\/perles-rondes-sculptees-en-bois-dolivier-de-10-mm-125-perles-b157\\\/\"]}]},{\"@type\":\"ImageObject\",\"inLanguage\":\"fr-FR\",\"@id\":\"https:\\\/\\\/holyland-olivewood.com\\\/fr\\\/produit\\\/perles-rondes-sculptees-en-bois-dolivier-de-10-mm-125-perles-b157\\\/#primaryimage\",\"url\":\"https:\\\/\\\/holyland-olivewood.com\\\/wp-content\\\/uploads\\\/2016\\\/05\\\/k.jpg\",\"contentUrl\":\"https:\\\/\\\/holyland-olivewood.com\\\/wp-content\\\/uploads\\\/2016\\\/05\\\/k.jpg\",\"width\":1550,\"height\":1200},{\"@type\":\"BreadcrumbList\",\"@id\":\"https:\\\/\\\/holyland-olivewood.com\\\/fr\\\/produit\\\/perles-rondes-sculptees-en-bois-dolivier-de-10-mm-125-perles-b157\\\/#breadcrumb\",\"itemListElement\":[{\"@type\":\"ListItem\",\"position\":1,\"name\":\"Home\",\"item\":\"https:\\\/\\\/holyland-olivewood.com\\\/fr\\\/home\\\/\"},{\"@type\":\"ListItem\",\"position\":2,\"name\":\"Voir tous les produits\",\"item\":\"https:\\\/\\\/holyland-olivewood.com\\\/fr\\\/shop\\\/\"},{\"@type\":\"ListItem\",\"position\":3,\"name\":\"Perles rondes sculpt\u00e9es en bois d&rsquo;olivier de 10 mm (125 perles) #B157\"}]},{\"@type\":\"WebSite\",\"@id\":\"https:\\\/\\\/holyland-olivewood.com\\\/fr\\\/#website\",\"url\":\"https:\\\/\\\/holyland-olivewood.com\\\/fr\\\/\",\"name\":\"Holy Land Olive Wood - Bethlehem Olive Wood Factory\",\"description\":\"Holy Land Olivewood Bethlehem\",\"publisher\":{\"@id\":\"https:\\\/\\\/holyland-olivewood.com\\\/fr\\\/#organization\"},\"potentialAction\":[{\"@type\":\"SearchAction\",\"target\":{\"@type\":\"EntryPoint\",\"urlTemplate\":\"https:\\\/\\\/holyland-olivewood.com\\\/fr\\\/?s={search_term_string}\"},\"query-input\":{\"@type\":\"PropertyValueSpecification\",\"valueRequired\":true,\"valueName\":\"search_term_string\"}}],\"inLanguage\":\"fr-FR\"},{\"@type\":\"Organization\",\"@id\":\"https:\\\/\\\/holyland-olivewood.com\\\/fr\\\/#organization\",\"name\":\"Holy Land Olivewood\",\"url\":\"https:\\\/\\\/holyland-olivewood.com\\\/fr\\\/\",\"logo\":{\"@type\":\"ImageObject\",\"inLanguage\":\"fr-FR\",\"@id\":\"https:\\\/\\\/holyland-olivewood.com\\\/fr\\\/#\\\/schema\\\/logo\\\/image\\\/\",\"url\":\"\",\"contentUrl\":\"\",\"caption\":\"Holy Land Olivewood\"},\"image\":{\"@id\":\"https:\\\/\\\/holyland-olivewood.com\\\/fr\\\/#\\\/schema\\\/logo\\\/image\\\/\"},\"sameAs\":[\"https:\\\/\\\/www.facebook.com\\\/holylandolivewood.bethlehem\\\/\",\"http:\\\/\\\/instagram.com\\\/holy.land.olive.wood\"]}]}<\/script>\n<!-- \/ Yoast SEO plugin. -->","yoast_head_json":{"title":"Perles rondes sculpt\u00e9es en bois d'olivier de 10 mm (125 perles) #B157 - Holy Land Olive Wood - Bethlehem Olive Wood Factory","description":"Artisanat en bois d'olivier de Bethl\u00e9em (rosaires, ovales, sculpt\u00e9s, ronds, perles), sculptures, centres de table et stock brut dans des dimensions standard et personnalis\u00e9es.","robots":{"index":"index","follow":"follow","max-snippet":"max-snippet:-1","max-image-preview":"max-image-preview:large","max-video-preview":"max-video-preview:-1"},"canonical":"https:\/\/holyland-olivewood.com\/fr\/produit\/perles-rondes-sculptees-en-bois-dolivier-de-10-mm-125-perles-b157\/","og_locale":"fr_FR","og_type":"article","og_title":"Perles rondes sculpt\u00e9es en bois d'olivier de 10 mm (125 perles) #B157 - Holy Land Olive Wood - Bethlehem Olive Wood Factory","og_description":"Artisanat en bois d'olivier de Bethl\u00e9em (rosaires, ovales, sculpt\u00e9s, ronds, perles), sculptures, centres de table et stock brut dans des dimensions standard et personnalis\u00e9es.","og_url":"https:\/\/holyland-olivewood.com\/fr\/produit\/perles-rondes-sculptees-en-bois-dolivier-de-10-mm-125-perles-b157\/","og_site_name":"Holy Land Olive Wood - Bethlehem Olive Wood Factory","article_publisher":"https:\/\/www.facebook.com\/holylandolivewood.bethlehem\/","og_image":[{"width":1550,"height":1200,"url":"https:\/\/holyland-olivewood.com\/wp-content\/uploads\/2016\/05\/k.jpg","type":"image\/jpeg"}],"twitter_card":"summary_large_image","schema":{"@context":"https:\/\/schema.org","@graph":[{"@type":"WebPage","@id":"https:\/\/holyland-olivewood.com\/fr\/produit\/perles-rondes-sculptees-en-bois-dolivier-de-10-mm-125-perles-b157\/","url":"https:\/\/holyland-olivewood.com\/fr\/produit\/perles-rondes-sculptees-en-bois-dolivier-de-10-mm-125-perles-b157\/","name":"Perles rondes sculpt\u00e9es en bois d'olivier de 10 mm (125 perles) #B157 - Holy Land Olive Wood - Bethlehem Olive Wood Factory","isPartOf":{"@id":"https:\/\/holyland-olivewood.com\/fr\/#website"},"primaryImageOfPage":{"@id":"https:\/\/holyland-olivewood.com\/fr\/produit\/perles-rondes-sculptees-en-bois-dolivier-de-10-mm-125-perles-b157\/#primaryimage"},"image":{"@id":"https:\/\/holyland-olivewood.com\/fr\/produit\/perles-rondes-sculptees-en-bois-dolivier-de-10-mm-125-perles-b157\/#primaryimage"},"thumbnailUrl":"https:\/\/holyland-olivewood.com\/wp-content\/uploads\/2016\/05\/k.jpg","datePublished":"2024-03-14T20:39:07+00:00","description":"Artisanat en bois d'olivier de Bethl\u00e9em (rosaires, ovales, sculpt\u00e9s, ronds, perles), sculptures, centres de table et stock brut dans des dimensions standard et personnalis\u00e9es.","breadcrumb":{"@id":"https:\/\/holyland-olivewood.com\/fr\/produit\/perles-rondes-sculptees-en-bois-dolivier-de-10-mm-125-perles-b157\/#breadcrumb"},"inLanguage":"fr-FR","potentialAction":[{"@type":"ReadAction","target":["https:\/\/holyland-olivewood.com\/fr\/produit\/perles-rondes-sculptees-en-bois-dolivier-de-10-mm-125-perles-b157\/"]}]},{"@type":"ImageObject","inLanguage":"fr-FR","@id":"https:\/\/holyland-olivewood.com\/fr\/produit\/perles-rondes-sculptees-en-bois-dolivier-de-10-mm-125-perles-b157\/#primaryimage","url":"https:\/\/holyland-olivewood.com\/wp-content\/uploads\/2016\/05\/k.jpg","contentUrl":"https:\/\/holyland-olivewood.com\/wp-content\/uploads\/2016\/05\/k.jpg","width":1550,"height":1200},{"@type":"BreadcrumbList","@id":"https:\/\/holyland-olivewood.com\/fr\/produit\/perles-rondes-sculptees-en-bois-dolivier-de-10-mm-125-perles-b157\/#breadcrumb","itemListElement":[{"@type":"ListItem","position":1,"name":"Home","item":"https:\/\/holyland-olivewood.com\/fr\/home\/"},{"@type":"ListItem","position":2,"name":"Voir tous les produits","item":"https:\/\/holyland-olivewood.com\/fr\/shop\/"},{"@type":"ListItem","position":3,"name":"Perles rondes sculpt\u00e9es en bois d&rsquo;olivier de 10 mm (125 perles) #B157"}]},{"@type":"WebSite","@id":"https:\/\/holyland-olivewood.com\/fr\/#website","url":"https:\/\/holyland-olivewood.com\/fr\/","name":"Holy Land Olive Wood - Bethlehem Olive Wood Factory","description":"Holy Land Olivewood Bethlehem","publisher":{"@id":"https:\/\/holyland-olivewood.com\/fr\/#organization"},"potentialAction":[{"@type":"SearchAction","target":{"@type":"EntryPoint","urlTemplate":"https:\/\/holyland-olivewood.com\/fr\/?s={search_term_string}"},"query-input":{"@type":"PropertyValueSpecification","valueRequired":true,"valueName":"search_term_string"}}],"inLanguage":"fr-FR"},{"@type":"Organization","@id":"https:\/\/holyland-olivewood.com\/fr\/#organization","name":"Holy Land Olivewood","url":"https:\/\/holyland-olivewood.com\/fr\/","logo":{"@type":"ImageObject","inLanguage":"fr-FR","@id":"https:\/\/holyland-olivewood.com\/fr\/#\/schema\/logo\/image\/","url":"","contentUrl":"","caption":"Holy Land Olivewood"},"image":{"@id":"https:\/\/holyland-olivewood.com\/fr\/#\/schema\/logo\/image\/"},"sameAs":["https:\/\/www.facebook.com\/holylandolivewood.bethlehem\/","http:\/\/instagram.com\/holy.land.olive.wood"]}]}},"_links":{"self":[{"href":"https:\/\/holyland-olivewood.com\/fr\/wp-json\/wp\/v2\/product\/54858","targetHints":{"allow":["GET"]}}],"collection":[{"href":"https:\/\/holyland-olivewood.com\/fr\/wp-json\/wp\/v2\/product"}],"about":[{"href":"https:\/\/holyland-olivewood.com\/fr\/wp-json\/wp\/v2\/types\/product"}],"replies":[{"embeddable":true,"href":"https:\/\/holyland-olivewood.com\/fr\/wp-json\/wp\/v2\/comments?post=54858"}],"version-history":[{"count":0,"href":"https:\/\/holyland-olivewood.com\/fr\/wp-json\/wp\/v2\/product\/54858\/revisions"}],"wp:featuredmedia":[{"embeddable":true,"href":"https:\/\/holyland-olivewood.com\/fr\/wp-json\/wp\/v2\/media\/30742"}],"wp:attachment":[{"href":"https:\/\/holyland-olivewood.com\/fr\/wp-json\/wp\/v2\/media?parent=54858"}],"wp:term":[{"taxonomy":"product_brand","embeddable":true,"href":"https:\/\/holyland-olivewood.com\/fr\/wp-json\/wp\/v2\/product_brand?post=54858"},{"taxonomy":"product_cat","embeddable":true,"href":"https:\/\/holyland-olivewood.com\/fr\/wp-json\/wp\/v2\/product_cat?post=54858"},{"taxonomy":"product_tag","embeddable":true,"href":"https:\/\/holyland-olivewood.com\/fr\/wp-json\/wp\/v2\/product_tag?post=54858"}],"curies":[{"name":"wp","href":"https:\/\/api.w.org\/{rel}","templated":true}]}}