{"id":47568,"date":"2016-05-30T08:52:04","date_gmt":"2016-05-30T08:52:04","guid":{"rendered":"https:\/\/holyland-olivewood.com\/product\/bloc-de-bois-dolivier-15-x-15-x-4-bl101\/"},"modified":"2022-02-12T13:38:03","modified_gmt":"2022-02-12T13:38:03","slug":"bloc-de-bois-dolivier-1-5-x-1-5-x-4","status":"publish","type":"product","link":"https:\/\/holyland-olivewood.com\/fr\/produit\/bloc-de-bois-dolivier-1-5-x-1-5-x-4\/","title":{"rendered":"Bloc de bois d\u2019olivier (1,5&nbsp;\u00bb x 1,5&nbsp;\u00bb x 4&nbsp;\u00bb) #BL101"},"content":{"rendered":"","protected":false},"excerpt":{"rendered":"<p>Ces blocs taill\u00e9s avec pr\u00e9cision sont fabriqu\u00e9s en Terre Sainte \u00e0 partir d\u2019oliviers de Bethl\u00e9em authentiques r\u00e9colt\u00e9s de mani\u00e8re durable. Chaque bloc est exempt de d\u00e9fauts.<\/p>\n<p>Cet article comprend un certificat d\u2019authenticit\u00e9 v\u00e9rifiant les mat\u00e9riaux et les techniques utilis\u00e9s pour fabriquer ce produit.<\/p>\n<p>Taille: 4 cm x 4 cm x 10,5 cm (1,5&nbsp;\u00bb x 1,5&nbsp;\u00bb x 4&nbsp;\u00bb)<\/p>\n","protected":false},"featured_media":27527,"comment_status":"closed","ping_status":"closed","template":"","meta":[],"product_brand":[],"product_cat":[1527,3892],"product_tag":[1542,1543,1533,1529,1536,1530,1539,1535,1540,1101,1538,1532,1541,1070,1534,1537,1528,1544,1073,1531],"class_list":{"0":"post-47568","1":"product","2":"type-product","3":"status-publish","4":"has-post-thumbnail","6":"product_cat-bois-dolivier","7":"product_cat-cubes","8":"product_tag-artisanat","9":"product_tag-bethleem-jerusalem","10":"product_tag-blanc","11":"product_tag-blancs","12":"product_tag-block-fr","13":"product_tag-bol","14":"product_tag-bricolage","15":"product_tag-dalles","16":"product_tag-fait-maison","17":"product_tag-haandlavet-fr","18":"product_tag-journaux","19":"product_tag-kits-fr","20":"product_tag-metier","21":"product_tag-oliven-fr","22":"product_tag-plaque-fr","23":"product_tag-rapport","24":"product_tag-stylo","25":"product_tag-terre-sainte","26":"product_tag-trae-fr","27":"product_tag-trousse","29":"first","30":"instock","31":"shipping-taxable","32":"purchasable","33":"product-type-simple"},"yoast_head":"<!-- This site is optimized with the Yoast SEO plugin v27.3 - https:\/\/yoast.com\/product\/yoast-seo-wordpress\/ -->\n<title>Bloc de bois d\u2019olivier (1,5&nbsp;\u00bb x 1,5&nbsp;\u00bb x 4&nbsp;\u00bb) #BL101 - Holy Land Olive Wood - Bethlehem Olive Wood Factory<\/title>\n<meta name=\"description\" content=\"Artisanat en bois d\u2019olivier de Bethl\u00e9em (c\u2019est-\u00e0-dire chapelets, ustensiles de cuisine, nativit\u00e9, ensembles, perles), sculptures \u00e0 l\u2019\u00e9trier, dalles, blocs et stock brut dans les dimensions standard et personnalis\u00e9es.\" \/>\n<meta name=\"robots\" content=\"index, follow, max-snippet:-1, max-image-preview:large, max-video-preview:-1\" \/>\n<link rel=\"canonical\" href=\"https:\/\/holyland-olivewood.com\/fr\/produit\/bloc-de-bois-dolivier-1-5-x-1-5-x-4\/\" \/>\n<meta property=\"og:locale\" content=\"fr_FR\" \/>\n<meta property=\"og:type\" content=\"article\" \/>\n<meta property=\"og:title\" content=\"Bloc de bois d\u2019olivier (1,5&nbsp;\u00bb x 1,5&nbsp;\u00bb x 4&nbsp;\u00bb) #BL101 - Holy Land Olive Wood - Bethlehem Olive Wood Factory\" \/>\n<meta property=\"og:description\" content=\"Artisanat en bois d\u2019olivier de Bethl\u00e9em (c\u2019est-\u00e0-dire chapelets, ustensiles de cuisine, nativit\u00e9, ensembles, perles), sculptures \u00e0 l\u2019\u00e9trier, dalles, blocs et stock brut dans les dimensions standard et personnalis\u00e9es.\" \/>\n<meta property=\"og:url\" content=\"https:\/\/holyland-olivewood.com\/fr\/produit\/bloc-de-bois-dolivier-1-5-x-1-5-x-4\/\" \/>\n<meta property=\"og:site_name\" content=\"Holy Land Olive Wood - Bethlehem Olive Wood Factory\" \/>\n<meta property=\"article:publisher\" content=\"https:\/\/www.facebook.com\/holylandolivewood.bethlehem\/\" \/>\n<meta property=\"article:modified_time\" content=\"2022-02-12T13:38:03+00:00\" \/>\n<meta property=\"og:image\" content=\"https:\/\/holyland-olivewood.com\/wp-content\/uploads\/2016\/05\/blocks_holy_land_olive_wood_bethlehem.jpg\" \/>\n\t<meta property=\"og:image:width\" content=\"1550\" \/>\n\t<meta property=\"og:image:height\" content=\"1200\" \/>\n\t<meta property=\"og:image:type\" content=\"image\/jpeg\" \/>\n<meta name=\"twitter:card\" content=\"summary_large_image\" \/>\n<script type=\"application\/ld+json\" class=\"yoast-schema-graph\">{\"@context\":\"https:\\\/\\\/schema.org\",\"@graph\":[{\"@type\":\"WebPage\",\"@id\":\"https:\\\/\\\/holyland-olivewood.com\\\/fr\\\/produit\\\/bloc-de-bois-dolivier-1-5-x-1-5-x-4\\\/\",\"url\":\"https:\\\/\\\/holyland-olivewood.com\\\/fr\\\/produit\\\/bloc-de-bois-dolivier-1-5-x-1-5-x-4\\\/\",\"name\":\"Bloc de bois d\u2019olivier (1,5&nbsp;\u00bb x 1,5&nbsp;\u00bb x 4&nbsp;\u00bb) #BL101 - Holy Land Olive Wood - Bethlehem Olive Wood Factory\",\"isPartOf\":{\"@id\":\"https:\\\/\\\/holyland-olivewood.com\\\/fr\\\/#website\"},\"primaryImageOfPage\":{\"@id\":\"https:\\\/\\\/holyland-olivewood.com\\\/fr\\\/produit\\\/bloc-de-bois-dolivier-1-5-x-1-5-x-4\\\/#primaryimage\"},\"image\":{\"@id\":\"https:\\\/\\\/holyland-olivewood.com\\\/fr\\\/produit\\\/bloc-de-bois-dolivier-1-5-x-1-5-x-4\\\/#primaryimage\"},\"thumbnailUrl\":\"https:\\\/\\\/holyland-olivewood.com\\\/wp-content\\\/uploads\\\/2016\\\/05\\\/blocks_holy_land_olive_wood_bethlehem.jpg\",\"datePublished\":\"2016-05-30T08:52:04+00:00\",\"dateModified\":\"2022-02-12T13:38:03+00:00\",\"description\":\"Artisanat en bois d\u2019olivier de Bethl\u00e9em (c\u2019est-\u00e0-dire chapelets, ustensiles de cuisine, nativit\u00e9, ensembles, perles), sculptures \u00e0 l\u2019\u00e9trier, dalles, blocs et stock brut dans les dimensions standard et personnalis\u00e9es.\",\"breadcrumb\":{\"@id\":\"https:\\\/\\\/holyland-olivewood.com\\\/fr\\\/produit\\\/bloc-de-bois-dolivier-1-5-x-1-5-x-4\\\/#breadcrumb\"},\"inLanguage\":\"fr-FR\",\"potentialAction\":[{\"@type\":\"ReadAction\",\"target\":[\"https:\\\/\\\/holyland-olivewood.com\\\/fr\\\/produit\\\/bloc-de-bois-dolivier-1-5-x-1-5-x-4\\\/\"]}]},{\"@type\":\"ImageObject\",\"inLanguage\":\"fr-FR\",\"@id\":\"https:\\\/\\\/holyland-olivewood.com\\\/fr\\\/produit\\\/bloc-de-bois-dolivier-1-5-x-1-5-x-4\\\/#primaryimage\",\"url\":\"https:\\\/\\\/holyland-olivewood.com\\\/wp-content\\\/uploads\\\/2016\\\/05\\\/blocks_holy_land_olive_wood_bethlehem.jpg\",\"contentUrl\":\"https:\\\/\\\/holyland-olivewood.com\\\/wp-content\\\/uploads\\\/2016\\\/05\\\/blocks_holy_land_olive_wood_bethlehem.jpg\",\"width\":1550,\"height\":1200},{\"@type\":\"BreadcrumbList\",\"@id\":\"https:\\\/\\\/holyland-olivewood.com\\\/fr\\\/produit\\\/bloc-de-bois-dolivier-1-5-x-1-5-x-4\\\/#breadcrumb\",\"itemListElement\":[{\"@type\":\"ListItem\",\"position\":1,\"name\":\"Home\",\"item\":\"https:\\\/\\\/holyland-olivewood.com\\\/fr\\\/home\\\/\"},{\"@type\":\"ListItem\",\"position\":2,\"name\":\"Voir tous les produits\",\"item\":\"https:\\\/\\\/holyland-olivewood.com\\\/fr\\\/shop\\\/\"},{\"@type\":\"ListItem\",\"position\":3,\"name\":\"Bloc de bois d\u2019olivier (1,5&nbsp;\u00bb x 1,5&nbsp;\u00bb x 4&nbsp;\u00bb) #BL101\"}]},{\"@type\":\"WebSite\",\"@id\":\"https:\\\/\\\/holyland-olivewood.com\\\/fr\\\/#website\",\"url\":\"https:\\\/\\\/holyland-olivewood.com\\\/fr\\\/\",\"name\":\"Holy Land Olive Wood - Bethlehem Olive Wood Factory\",\"description\":\"Holy Land Olivewood Bethlehem\",\"publisher\":{\"@id\":\"https:\\\/\\\/holyland-olivewood.com\\\/fr\\\/#organization\"},\"potentialAction\":[{\"@type\":\"SearchAction\",\"target\":{\"@type\":\"EntryPoint\",\"urlTemplate\":\"https:\\\/\\\/holyland-olivewood.com\\\/fr\\\/?s={search_term_string}\"},\"query-input\":{\"@type\":\"PropertyValueSpecification\",\"valueRequired\":true,\"valueName\":\"search_term_string\"}}],\"inLanguage\":\"fr-FR\"},{\"@type\":\"Organization\",\"@id\":\"https:\\\/\\\/holyland-olivewood.com\\\/fr\\\/#organization\",\"name\":\"Holy Land Olivewood\",\"url\":\"https:\\\/\\\/holyland-olivewood.com\\\/fr\\\/\",\"logo\":{\"@type\":\"ImageObject\",\"inLanguage\":\"fr-FR\",\"@id\":\"https:\\\/\\\/holyland-olivewood.com\\\/fr\\\/#\\\/schema\\\/logo\\\/image\\\/\",\"url\":\"\",\"contentUrl\":\"\",\"caption\":\"Holy Land Olivewood\"},\"image\":{\"@id\":\"https:\\\/\\\/holyland-olivewood.com\\\/fr\\\/#\\\/schema\\\/logo\\\/image\\\/\"},\"sameAs\":[\"https:\\\/\\\/www.facebook.com\\\/holylandolivewood.bethlehem\\\/\",\"http:\\\/\\\/instagram.com\\\/holy.land.olive.wood\"]}]}<\/script>\n<!-- \/ Yoast SEO plugin. -->","yoast_head_json":{"title":"Bloc de bois d\u2019olivier (1,5&nbsp;\u00bb x 1,5&nbsp;\u00bb x 4&nbsp;\u00bb) #BL101 - Holy Land Olive Wood - Bethlehem Olive Wood Factory","description":"Artisanat en bois d\u2019olivier de Bethl\u00e9em (c\u2019est-\u00e0-dire chapelets, ustensiles de cuisine, nativit\u00e9, ensembles, perles), sculptures \u00e0 l\u2019\u00e9trier, dalles, blocs et stock brut dans les dimensions standard et personnalis\u00e9es.","robots":{"index":"index","follow":"follow","max-snippet":"max-snippet:-1","max-image-preview":"max-image-preview:large","max-video-preview":"max-video-preview:-1"},"canonical":"https:\/\/holyland-olivewood.com\/fr\/produit\/bloc-de-bois-dolivier-1-5-x-1-5-x-4\/","og_locale":"fr_FR","og_type":"article","og_title":"Bloc de bois d\u2019olivier (1,5&nbsp;\u00bb x 1,5&nbsp;\u00bb x 4&nbsp;\u00bb) #BL101 - Holy Land Olive Wood - Bethlehem Olive Wood Factory","og_description":"Artisanat en bois d\u2019olivier de Bethl\u00e9em (c\u2019est-\u00e0-dire chapelets, ustensiles de cuisine, nativit\u00e9, ensembles, perles), sculptures \u00e0 l\u2019\u00e9trier, dalles, blocs et stock brut dans les dimensions standard et personnalis\u00e9es.","og_url":"https:\/\/holyland-olivewood.com\/fr\/produit\/bloc-de-bois-dolivier-1-5-x-1-5-x-4\/","og_site_name":"Holy Land Olive Wood - Bethlehem Olive Wood Factory","article_publisher":"https:\/\/www.facebook.com\/holylandolivewood.bethlehem\/","article_modified_time":"2022-02-12T13:38:03+00:00","og_image":[{"width":1550,"height":1200,"url":"https:\/\/holyland-olivewood.com\/wp-content\/uploads\/2016\/05\/blocks_holy_land_olive_wood_bethlehem.jpg","type":"image\/jpeg"}],"twitter_card":"summary_large_image","schema":{"@context":"https:\/\/schema.org","@graph":[{"@type":"WebPage","@id":"https:\/\/holyland-olivewood.com\/fr\/produit\/bloc-de-bois-dolivier-1-5-x-1-5-x-4\/","url":"https:\/\/holyland-olivewood.com\/fr\/produit\/bloc-de-bois-dolivier-1-5-x-1-5-x-4\/","name":"Bloc de bois d\u2019olivier (1,5&nbsp;\u00bb x 1,5&nbsp;\u00bb x 4&nbsp;\u00bb) #BL101 - Holy Land Olive Wood - Bethlehem Olive Wood Factory","isPartOf":{"@id":"https:\/\/holyland-olivewood.com\/fr\/#website"},"primaryImageOfPage":{"@id":"https:\/\/holyland-olivewood.com\/fr\/produit\/bloc-de-bois-dolivier-1-5-x-1-5-x-4\/#primaryimage"},"image":{"@id":"https:\/\/holyland-olivewood.com\/fr\/produit\/bloc-de-bois-dolivier-1-5-x-1-5-x-4\/#primaryimage"},"thumbnailUrl":"https:\/\/holyland-olivewood.com\/wp-content\/uploads\/2016\/05\/blocks_holy_land_olive_wood_bethlehem.jpg","datePublished":"2016-05-30T08:52:04+00:00","dateModified":"2022-02-12T13:38:03+00:00","description":"Artisanat en bois d\u2019olivier de Bethl\u00e9em (c\u2019est-\u00e0-dire chapelets, ustensiles de cuisine, nativit\u00e9, ensembles, perles), sculptures \u00e0 l\u2019\u00e9trier, dalles, blocs et stock brut dans les dimensions standard et personnalis\u00e9es.","breadcrumb":{"@id":"https:\/\/holyland-olivewood.com\/fr\/produit\/bloc-de-bois-dolivier-1-5-x-1-5-x-4\/#breadcrumb"},"inLanguage":"fr-FR","potentialAction":[{"@type":"ReadAction","target":["https:\/\/holyland-olivewood.com\/fr\/produit\/bloc-de-bois-dolivier-1-5-x-1-5-x-4\/"]}]},{"@type":"ImageObject","inLanguage":"fr-FR","@id":"https:\/\/holyland-olivewood.com\/fr\/produit\/bloc-de-bois-dolivier-1-5-x-1-5-x-4\/#primaryimage","url":"https:\/\/holyland-olivewood.com\/wp-content\/uploads\/2016\/05\/blocks_holy_land_olive_wood_bethlehem.jpg","contentUrl":"https:\/\/holyland-olivewood.com\/wp-content\/uploads\/2016\/05\/blocks_holy_land_olive_wood_bethlehem.jpg","width":1550,"height":1200},{"@type":"BreadcrumbList","@id":"https:\/\/holyland-olivewood.com\/fr\/produit\/bloc-de-bois-dolivier-1-5-x-1-5-x-4\/#breadcrumb","itemListElement":[{"@type":"ListItem","position":1,"name":"Home","item":"https:\/\/holyland-olivewood.com\/fr\/home\/"},{"@type":"ListItem","position":2,"name":"Voir tous les produits","item":"https:\/\/holyland-olivewood.com\/fr\/shop\/"},{"@type":"ListItem","position":3,"name":"Bloc de bois d\u2019olivier (1,5&nbsp;\u00bb x 1,5&nbsp;\u00bb x 4&nbsp;\u00bb) #BL101"}]},{"@type":"WebSite","@id":"https:\/\/holyland-olivewood.com\/fr\/#website","url":"https:\/\/holyland-olivewood.com\/fr\/","name":"Holy Land Olive Wood - Bethlehem Olive Wood Factory","description":"Holy Land Olivewood Bethlehem","publisher":{"@id":"https:\/\/holyland-olivewood.com\/fr\/#organization"},"potentialAction":[{"@type":"SearchAction","target":{"@type":"EntryPoint","urlTemplate":"https:\/\/holyland-olivewood.com\/fr\/?s={search_term_string}"},"query-input":{"@type":"PropertyValueSpecification","valueRequired":true,"valueName":"search_term_string"}}],"inLanguage":"fr-FR"},{"@type":"Organization","@id":"https:\/\/holyland-olivewood.com\/fr\/#organization","name":"Holy Land Olivewood","url":"https:\/\/holyland-olivewood.com\/fr\/","logo":{"@type":"ImageObject","inLanguage":"fr-FR","@id":"https:\/\/holyland-olivewood.com\/fr\/#\/schema\/logo\/image\/","url":"","contentUrl":"","caption":"Holy Land Olivewood"},"image":{"@id":"https:\/\/holyland-olivewood.com\/fr\/#\/schema\/logo\/image\/"},"sameAs":["https:\/\/www.facebook.com\/holylandolivewood.bethlehem\/","http:\/\/instagram.com\/holy.land.olive.wood"]}]}},"_links":{"self":[{"href":"https:\/\/holyland-olivewood.com\/fr\/wp-json\/wp\/v2\/product\/47568","targetHints":{"allow":["GET"]}}],"collection":[{"href":"https:\/\/holyland-olivewood.com\/fr\/wp-json\/wp\/v2\/product"}],"about":[{"href":"https:\/\/holyland-olivewood.com\/fr\/wp-json\/wp\/v2\/types\/product"}],"replies":[{"embeddable":true,"href":"https:\/\/holyland-olivewood.com\/fr\/wp-json\/wp\/v2\/comments?post=47568"}],"version-history":[{"count":0,"href":"https:\/\/holyland-olivewood.com\/fr\/wp-json\/wp\/v2\/product\/47568\/revisions"}],"wp:featuredmedia":[{"embeddable":true,"href":"https:\/\/holyland-olivewood.com\/fr\/wp-json\/wp\/v2\/media\/27527"}],"wp:attachment":[{"href":"https:\/\/holyland-olivewood.com\/fr\/wp-json\/wp\/v2\/media?parent=47568"}],"wp:term":[{"taxonomy":"product_brand","embeddable":true,"href":"https:\/\/holyland-olivewood.com\/fr\/wp-json\/wp\/v2\/product_brand?post=47568"},{"taxonomy":"product_cat","embeddable":true,"href":"https:\/\/holyland-olivewood.com\/fr\/wp-json\/wp\/v2\/product_cat?post=47568"},{"taxonomy":"product_tag","embeddable":true,"href":"https:\/\/holyland-olivewood.com\/fr\/wp-json\/wp\/v2\/product_tag?post=47568"}],"curies":[{"name":"wp","href":"https:\/\/api.w.org\/{rel}","templated":true}]}}