{"id":45786,"date":"2016-05-30T22:12:57","date_gmt":"2016-05-30T22:12:57","guid":{"rendered":"https:\/\/holyland-olivewood.com\/product\/crucifix-orthodoxe-en-nacre-28-cm-11-cr139\/"},"modified":"2026-02-14T13:07:04","modified_gmt":"2026-02-14T13:07:04","slug":"orthodoxe-nacre-crucifix-28-cm-11","status":"publish","type":"product","link":"https:\/\/holyland-olivewood.com\/fr\/produit\/orthodoxe-nacre-crucifix-28-cm-11\/","title":{"rendered":"Crucifix orthodoxe en nacre (28 cm \/ 11\u00a0\u00bb) #CR139"},"content":{"rendered":"","protected":false},"excerpt":{"rendered":"<p>Ce crucifix orthodoxe complexe est fabriqu\u00e9 \u00e0 la main en Terre Sainte \u00e0 partir de bois d&rsquo;olivier authentique de Bethl\u00e9em, r\u00e9colt\u00e9 de mani\u00e8re durable. Sa face avant est recouverte d&rsquo;un placage d\u00e9coratif en nacre de la mer M\u00e9diterran\u00e9e, surmont\u00e9 d&rsquo;une figurine m\u00e9tallique de J\u00e9sus, d&rsquo;une plaque INRI et de capsules en verre encastr\u00e9es avec des bagues en laiton contenant de la terre, des pierres, des p\u00e9tales de fleurs et des \u00e9cailles de feuilles d&rsquo;olivier de Bethl\u00e9em.<\/p>\n<p>Cet article comprend un certificat d&rsquo;authenticit\u00e9 v\u00e9rifiant les mat\u00e9riaux et les techniques utilis\u00e9s pour fabriquer ce produit.<\/p>\n<p>Taille : 28 cm (11\u2033)<\/p>\n","protected":false},"featured_media":28308,"comment_status":"closed","ping_status":"closed","template":"","meta":[],"product_brand":[],"product_cat":[1047,1041],"product_tag":[1181,1165,1050,1144,1117,1151,1101,1121,1090,1100,4077,1096,1115,1174,1179,1147,1134,1129,1140,1065,1059,1125,1158,1070,1078,1176,1183,1169,1108,1055,1185,1073,1084],"class_list":{"0":"post-45786","1":"product","2":"type-product","3":"status-publish","4":"has-post-thumbnail","6":"product_cat-kunsthaandvaerk-fr","7":"product_cat-kors-og-krucifikser-fr","8":"product_tag-14-fr","9":"product_tag-af-fr","10":"product_tag-betlehem-fr","11":"product_tag-boen-fr","12":"product_tag-donnerent","13":"product_tag-foedselskirken-fr","14":"product_tag-haandlavet-fr","15":"product_tag-haandvaerk-fr","16":"product_tag-hellig-fr","17":"product_tag-jerusalem-fr","18":"product_tag-jesus-fr-2","19":"product_tag-jord-fr","20":"product_tag-juil","21":"product_tag-katolsk-fr","22":"product_tag-keltisk-fr-2","23":"product_tag-kirke-fr","24":"product_tag-kors-fr","25":"product_tag-kristen-fr","26":"product_tag-krucifiks-fr","27":"product_tag-krucifikser-fr","28":"product_tag-krydser-fr","29":"product_tag-kunsthaandvaerk-fr","30":"product_tag-mor-fr","31":"product_tag-oliven-fr","32":"product_tag-oliventrae-fr","33":"product_tag-ortodoks-fr","34":"product_tag-papetier","35":"product_tag-perle-fr","36":"product_tag-rosenkrans-fr","37":"product_tag-rosenkranse-fr","38":"product_tag-taniere","39":"product_tag-trae-fr","40":"product_tag-udskaering-fr","42":"first","43":"instock","44":"shipping-taxable","45":"purchasable","46":"product-type-simple"},"yoast_head":"<!-- This site is optimized with the Yoast SEO plugin v27.3 - https:\/\/yoast.com\/product\/yoast-seo-wordpress\/ -->\n<title>Crucifix orthodoxe en nacre (28 cm \/ 11&#039;&#039;) #CR139 - Holy Land Olive Wood - Bethlehem Olive Wood Factory<\/title>\n<meta name=\"description\" content=\"Produits artisanaux en bois d&#039;olivier de Bethl\u00e9em (nacre, croix, crucifix, perles), \u00e9bauches de stylos, blocs et produits bruts dans des dimensions standard et personnalis\u00e9es.\" \/>\n<meta name=\"robots\" content=\"index, follow, max-snippet:-1, max-image-preview:large, max-video-preview:-1\" \/>\n<link rel=\"canonical\" href=\"https:\/\/holyland-olivewood.com\/fr\/produit\/orthodoxe-nacre-crucifix-28-cm-11\/\" \/>\n<meta property=\"og:locale\" content=\"fr_FR\" \/>\n<meta property=\"og:type\" content=\"article\" \/>\n<meta property=\"og:title\" content=\"Crucifix orthodoxe en nacre (28 cm \/ 11&#039;&#039;) #CR139 - Holy Land Olive Wood - Bethlehem Olive Wood Factory\" \/>\n<meta property=\"og:description\" content=\"Produits artisanaux en bois d&#039;olivier de Bethl\u00e9em (nacre, croix, crucifix, perles), \u00e9bauches de stylos, blocs et produits bruts dans des dimensions standard et personnalis\u00e9es.\" \/>\n<meta property=\"og:url\" content=\"https:\/\/holyland-olivewood.com\/fr\/produit\/orthodoxe-nacre-crucifix-28-cm-11\/\" \/>\n<meta property=\"og:site_name\" content=\"Holy Land Olive Wood - Bethlehem Olive Wood Factory\" \/>\n<meta property=\"article:publisher\" content=\"https:\/\/www.facebook.com\/holylandolivewood.bethlehem\/\" \/>\n<meta property=\"article:modified_time\" content=\"2026-02-14T13:07:04+00:00\" \/>\n<meta property=\"og:image\" content=\"https:\/\/holyland-olivewood.com\/wp-content\/uploads\/2016\/05\/mop_crucifix_holy_land_olive_wood_bethlehem_cr139tocr142.jpg\" \/>\n\t<meta property=\"og:image:width\" content=\"1550\" \/>\n\t<meta property=\"og:image:height\" content=\"1200\" \/>\n\t<meta property=\"og:image:type\" content=\"image\/jpeg\" \/>\n<meta name=\"twitter:card\" content=\"summary_large_image\" \/>\n<script type=\"application\/ld+json\" class=\"yoast-schema-graph\">{\"@context\":\"https:\\\/\\\/schema.org\",\"@graph\":[{\"@type\":\"WebPage\",\"@id\":\"https:\\\/\\\/holyland-olivewood.com\\\/fr\\\/produit\\\/orthodoxe-nacre-crucifix-28-cm-11\\\/\",\"url\":\"https:\\\/\\\/holyland-olivewood.com\\\/fr\\\/produit\\\/orthodoxe-nacre-crucifix-28-cm-11\\\/\",\"name\":\"Crucifix orthodoxe en nacre (28 cm \\\/ 11'') #CR139 - Holy Land Olive Wood - Bethlehem Olive Wood Factory\",\"isPartOf\":{\"@id\":\"https:\\\/\\\/holyland-olivewood.com\\\/fr\\\/#website\"},\"primaryImageOfPage\":{\"@id\":\"https:\\\/\\\/holyland-olivewood.com\\\/fr\\\/produit\\\/orthodoxe-nacre-crucifix-28-cm-11\\\/#primaryimage\"},\"image\":{\"@id\":\"https:\\\/\\\/holyland-olivewood.com\\\/fr\\\/produit\\\/orthodoxe-nacre-crucifix-28-cm-11\\\/#primaryimage\"},\"thumbnailUrl\":\"https:\\\/\\\/holyland-olivewood.com\\\/wp-content\\\/uploads\\\/2016\\\/05\\\/mop_crucifix_holy_land_olive_wood_bethlehem_cr139tocr142.jpg\",\"datePublished\":\"2016-05-30T22:12:57+00:00\",\"dateModified\":\"2026-02-14T13:07:04+00:00\",\"description\":\"Produits artisanaux en bois d'olivier de Bethl\u00e9em (nacre, croix, crucifix, perles), \u00e9bauches de stylos, blocs et produits bruts dans des dimensions standard et personnalis\u00e9es.\",\"breadcrumb\":{\"@id\":\"https:\\\/\\\/holyland-olivewood.com\\\/fr\\\/produit\\\/orthodoxe-nacre-crucifix-28-cm-11\\\/#breadcrumb\"},\"inLanguage\":\"fr-FR\",\"potentialAction\":[{\"@type\":\"ReadAction\",\"target\":[\"https:\\\/\\\/holyland-olivewood.com\\\/fr\\\/produit\\\/orthodoxe-nacre-crucifix-28-cm-11\\\/\"]}]},{\"@type\":\"ImageObject\",\"inLanguage\":\"fr-FR\",\"@id\":\"https:\\\/\\\/holyland-olivewood.com\\\/fr\\\/produit\\\/orthodoxe-nacre-crucifix-28-cm-11\\\/#primaryimage\",\"url\":\"https:\\\/\\\/holyland-olivewood.com\\\/wp-content\\\/uploads\\\/2016\\\/05\\\/mop_crucifix_holy_land_olive_wood_bethlehem_cr139tocr142.jpg\",\"contentUrl\":\"https:\\\/\\\/holyland-olivewood.com\\\/wp-content\\\/uploads\\\/2016\\\/05\\\/mop_crucifix_holy_land_olive_wood_bethlehem_cr139tocr142.jpg\",\"width\":1550,\"height\":1200},{\"@type\":\"BreadcrumbList\",\"@id\":\"https:\\\/\\\/holyland-olivewood.com\\\/fr\\\/produit\\\/orthodoxe-nacre-crucifix-28-cm-11\\\/#breadcrumb\",\"itemListElement\":[{\"@type\":\"ListItem\",\"position\":1,\"name\":\"Home\",\"item\":\"https:\\\/\\\/holyland-olivewood.com\\\/fr\\\/home\\\/\"},{\"@type\":\"ListItem\",\"position\":2,\"name\":\"Voir tous les produits\",\"item\":\"https:\\\/\\\/holyland-olivewood.com\\\/fr\\\/shop\\\/\"},{\"@type\":\"ListItem\",\"position\":3,\"name\":\"Crucifix orthodoxe en nacre (28 cm \\\/ 11&#8221;) #CR139\"}]},{\"@type\":\"WebSite\",\"@id\":\"https:\\\/\\\/holyland-olivewood.com\\\/fr\\\/#website\",\"url\":\"https:\\\/\\\/holyland-olivewood.com\\\/fr\\\/\",\"name\":\"Holy Land Olive Wood - Bethlehem Olive Wood Factory\",\"description\":\"Holy Land Olivewood Bethlehem\",\"publisher\":{\"@id\":\"https:\\\/\\\/holyland-olivewood.com\\\/fr\\\/#organization\"},\"potentialAction\":[{\"@type\":\"SearchAction\",\"target\":{\"@type\":\"EntryPoint\",\"urlTemplate\":\"https:\\\/\\\/holyland-olivewood.com\\\/fr\\\/?s={search_term_string}\"},\"query-input\":{\"@type\":\"PropertyValueSpecification\",\"valueRequired\":true,\"valueName\":\"search_term_string\"}}],\"inLanguage\":\"fr-FR\"},{\"@type\":\"Organization\",\"@id\":\"https:\\\/\\\/holyland-olivewood.com\\\/fr\\\/#organization\",\"name\":\"Holy Land Olivewood\",\"url\":\"https:\\\/\\\/holyland-olivewood.com\\\/fr\\\/\",\"logo\":{\"@type\":\"ImageObject\",\"inLanguage\":\"fr-FR\",\"@id\":\"https:\\\/\\\/holyland-olivewood.com\\\/fr\\\/#\\\/schema\\\/logo\\\/image\\\/\",\"url\":\"\",\"contentUrl\":\"\",\"caption\":\"Holy Land Olivewood\"},\"image\":{\"@id\":\"https:\\\/\\\/holyland-olivewood.com\\\/fr\\\/#\\\/schema\\\/logo\\\/image\\\/\"},\"sameAs\":[\"https:\\\/\\\/www.facebook.com\\\/holylandolivewood.bethlehem\\\/\",\"http:\\\/\\\/instagram.com\\\/holy.land.olive.wood\"]}]}<\/script>\n<!-- \/ Yoast SEO plugin. -->","yoast_head_json":{"title":"Crucifix orthodoxe en nacre (28 cm \/ 11'') #CR139 - Holy Land Olive Wood - Bethlehem Olive Wood Factory","description":"Produits artisanaux en bois d'olivier de Bethl\u00e9em (nacre, croix, crucifix, perles), \u00e9bauches de stylos, blocs et produits bruts dans des dimensions standard et personnalis\u00e9es.","robots":{"index":"index","follow":"follow","max-snippet":"max-snippet:-1","max-image-preview":"max-image-preview:large","max-video-preview":"max-video-preview:-1"},"canonical":"https:\/\/holyland-olivewood.com\/fr\/produit\/orthodoxe-nacre-crucifix-28-cm-11\/","og_locale":"fr_FR","og_type":"article","og_title":"Crucifix orthodoxe en nacre (28 cm \/ 11'') #CR139 - Holy Land Olive Wood - Bethlehem Olive Wood Factory","og_description":"Produits artisanaux en bois d'olivier de Bethl\u00e9em (nacre, croix, crucifix, perles), \u00e9bauches de stylos, blocs et produits bruts dans des dimensions standard et personnalis\u00e9es.","og_url":"https:\/\/holyland-olivewood.com\/fr\/produit\/orthodoxe-nacre-crucifix-28-cm-11\/","og_site_name":"Holy Land Olive Wood - Bethlehem Olive Wood Factory","article_publisher":"https:\/\/www.facebook.com\/holylandolivewood.bethlehem\/","article_modified_time":"2026-02-14T13:07:04+00:00","og_image":[{"width":1550,"height":1200,"url":"https:\/\/holyland-olivewood.com\/wp-content\/uploads\/2016\/05\/mop_crucifix_holy_land_olive_wood_bethlehem_cr139tocr142.jpg","type":"image\/jpeg"}],"twitter_card":"summary_large_image","schema":{"@context":"https:\/\/schema.org","@graph":[{"@type":"WebPage","@id":"https:\/\/holyland-olivewood.com\/fr\/produit\/orthodoxe-nacre-crucifix-28-cm-11\/","url":"https:\/\/holyland-olivewood.com\/fr\/produit\/orthodoxe-nacre-crucifix-28-cm-11\/","name":"Crucifix orthodoxe en nacre (28 cm \/ 11'') #CR139 - Holy Land Olive Wood - Bethlehem Olive Wood Factory","isPartOf":{"@id":"https:\/\/holyland-olivewood.com\/fr\/#website"},"primaryImageOfPage":{"@id":"https:\/\/holyland-olivewood.com\/fr\/produit\/orthodoxe-nacre-crucifix-28-cm-11\/#primaryimage"},"image":{"@id":"https:\/\/holyland-olivewood.com\/fr\/produit\/orthodoxe-nacre-crucifix-28-cm-11\/#primaryimage"},"thumbnailUrl":"https:\/\/holyland-olivewood.com\/wp-content\/uploads\/2016\/05\/mop_crucifix_holy_land_olive_wood_bethlehem_cr139tocr142.jpg","datePublished":"2016-05-30T22:12:57+00:00","dateModified":"2026-02-14T13:07:04+00:00","description":"Produits artisanaux en bois d'olivier de Bethl\u00e9em (nacre, croix, crucifix, perles), \u00e9bauches de stylos, blocs et produits bruts dans des dimensions standard et personnalis\u00e9es.","breadcrumb":{"@id":"https:\/\/holyland-olivewood.com\/fr\/produit\/orthodoxe-nacre-crucifix-28-cm-11\/#breadcrumb"},"inLanguage":"fr-FR","potentialAction":[{"@type":"ReadAction","target":["https:\/\/holyland-olivewood.com\/fr\/produit\/orthodoxe-nacre-crucifix-28-cm-11\/"]}]},{"@type":"ImageObject","inLanguage":"fr-FR","@id":"https:\/\/holyland-olivewood.com\/fr\/produit\/orthodoxe-nacre-crucifix-28-cm-11\/#primaryimage","url":"https:\/\/holyland-olivewood.com\/wp-content\/uploads\/2016\/05\/mop_crucifix_holy_land_olive_wood_bethlehem_cr139tocr142.jpg","contentUrl":"https:\/\/holyland-olivewood.com\/wp-content\/uploads\/2016\/05\/mop_crucifix_holy_land_olive_wood_bethlehem_cr139tocr142.jpg","width":1550,"height":1200},{"@type":"BreadcrumbList","@id":"https:\/\/holyland-olivewood.com\/fr\/produit\/orthodoxe-nacre-crucifix-28-cm-11\/#breadcrumb","itemListElement":[{"@type":"ListItem","position":1,"name":"Home","item":"https:\/\/holyland-olivewood.com\/fr\/home\/"},{"@type":"ListItem","position":2,"name":"Voir tous les produits","item":"https:\/\/holyland-olivewood.com\/fr\/shop\/"},{"@type":"ListItem","position":3,"name":"Crucifix orthodoxe en nacre (28 cm \/ 11&#8221;) #CR139"}]},{"@type":"WebSite","@id":"https:\/\/holyland-olivewood.com\/fr\/#website","url":"https:\/\/holyland-olivewood.com\/fr\/","name":"Holy Land Olive Wood - Bethlehem Olive Wood Factory","description":"Holy Land Olivewood Bethlehem","publisher":{"@id":"https:\/\/holyland-olivewood.com\/fr\/#organization"},"potentialAction":[{"@type":"SearchAction","target":{"@type":"EntryPoint","urlTemplate":"https:\/\/holyland-olivewood.com\/fr\/?s={search_term_string}"},"query-input":{"@type":"PropertyValueSpecification","valueRequired":true,"valueName":"search_term_string"}}],"inLanguage":"fr-FR"},{"@type":"Organization","@id":"https:\/\/holyland-olivewood.com\/fr\/#organization","name":"Holy Land Olivewood","url":"https:\/\/holyland-olivewood.com\/fr\/","logo":{"@type":"ImageObject","inLanguage":"fr-FR","@id":"https:\/\/holyland-olivewood.com\/fr\/#\/schema\/logo\/image\/","url":"","contentUrl":"","caption":"Holy Land Olivewood"},"image":{"@id":"https:\/\/holyland-olivewood.com\/fr\/#\/schema\/logo\/image\/"},"sameAs":["https:\/\/www.facebook.com\/holylandolivewood.bethlehem\/","http:\/\/instagram.com\/holy.land.olive.wood"]}]}},"_links":{"self":[{"href":"https:\/\/holyland-olivewood.com\/fr\/wp-json\/wp\/v2\/product\/45786","targetHints":{"allow":["GET"]}}],"collection":[{"href":"https:\/\/holyland-olivewood.com\/fr\/wp-json\/wp\/v2\/product"}],"about":[{"href":"https:\/\/holyland-olivewood.com\/fr\/wp-json\/wp\/v2\/types\/product"}],"replies":[{"embeddable":true,"href":"https:\/\/holyland-olivewood.com\/fr\/wp-json\/wp\/v2\/comments?post=45786"}],"version-history":[{"count":1,"href":"https:\/\/holyland-olivewood.com\/fr\/wp-json\/wp\/v2\/product\/45786\/revisions"}],"predecessor-version":[{"id":64384,"href":"https:\/\/holyland-olivewood.com\/fr\/wp-json\/wp\/v2\/product\/45786\/revisions\/64384"}],"wp:featuredmedia":[{"embeddable":true,"href":"https:\/\/holyland-olivewood.com\/fr\/wp-json\/wp\/v2\/media\/28308"}],"wp:attachment":[{"href":"https:\/\/holyland-olivewood.com\/fr\/wp-json\/wp\/v2\/media?parent=45786"}],"wp:term":[{"taxonomy":"product_brand","embeddable":true,"href":"https:\/\/holyland-olivewood.com\/fr\/wp-json\/wp\/v2\/product_brand?post=45786"},{"taxonomy":"product_cat","embeddable":true,"href":"https:\/\/holyland-olivewood.com\/fr\/wp-json\/wp\/v2\/product_cat?post=45786"},{"taxonomy":"product_tag","embeddable":true,"href":"https:\/\/holyland-olivewood.com\/fr\/wp-json\/wp\/v2\/product_tag?post=45786"}],"curies":[{"name":"wp","href":"https:\/\/api.w.org\/{rel}","templated":true}]}}