{"id":43980,"date":"2016-05-31T12:16:26","date_gmt":"2022-02-10T14:46:11","guid":{"rendered":"https:\/\/holyland-olivewood.com\/product\/bois-dolivier-mains-priantes-fi108\/"},"modified":"2022-02-10T14:46:11","modified_gmt":"2022-02-10T14:46:11","slug":"bois-dolivier-priant-mains-2","status":"publish","type":"product","link":"https:\/\/holyland-olivewood.com\/fr\/produit\/bois-dolivier-priant-mains-2\/","title":{"rendered":"Bois d\u2019olivier Mains priantes #FI108"},"content":{"rendered":"","protected":false},"excerpt":{"rendered":"<p>Ces mains priantes sont sculpt\u00e9es \u00e0 la main en Terre Sainte \u00e0 partir de bois d\u2019olivier de Bethl\u00e9em authentique r\u00e9colt\u00e9 de mani\u00e8re durable. Enti\u00e8rement marqu\u00e9s pour montrer les ongles et les articulations des doigts, avec le support agissant comme des \u00ab&nbsp;poignets aux manches&nbsp;\u00bb, ils nous rappellent de soulever nos pri\u00e8res jusqu\u2019\u00e0 notre Cr\u00e9ateur! Cette sculpture significative montre la beaut\u00e9 du bois d\u2019olivier dans lequel elle est sculpt\u00e9e, et elle montre la magnifique simplicit\u00e9 que l\u2019on trouve dans l\u2019affichage \u00e9l\u00e9gant et respectueux de serrer les mains ensemble, que ce soit par ob\u00e9issance, soumission, repentance, sinc\u00e9rit\u00e9, supplication ou adoration. Lorsque vous priez, vous constaterez peut-\u00eatre que l\u2019utilisation de ce geste vous aide \u00e0 mieux vous concentrer.<\/p>\n<p>Cet article comprend un certificat d\u2019authenticit\u00e9 v\u00e9rifiant les mat\u00e9riaux et les techniques utilis\u00e9s pour fabriquer ce produit.<\/p>\n<p>Taille: 4 cm x 6,5 cm x 10 cm (1,5&nbsp;\u00bb x 2,5&nbsp;\u00bb x 4&nbsp;\u00bb)<\/p>\n","protected":false},"featured_media":30580,"comment_status":"closed","ping_status":"closed","template":"","meta":[],"product_brand":[],"product_cat":[1047,1733],"product_tag":[1770,1773,1765,1050,1144,1769,1117,1755,1151,1101,1121,1090,1100,4077,1096,1115,1174,1179,1147,1134,1129,1140,1125,1743,1192,1761,1070,1078,1176,1741,1746,1735,1739,1750,1073,1084],"class_list":{"0":"post-43980","1":"product","2":"type-product","3":"status-publish","4":"has-post-thumbnail","6":"product_cat-kunsthaandvaerk-fr","7":"product_cat-figurines-fr","8":"product_tag-ange","9":"product_tag-anges","10":"product_tag-arche","11":"product_tag-betlehem-fr","12":"product_tag-boen-fr","13":"product_tag-buste-fr","14":"product_tag-donnerent","15":"product_tag-famille","16":"product_tag-foedselskirken-fr","17":"product_tag-haandlavet-fr","18":"product_tag-haandvaerk-fr","19":"product_tag-hellig-fr","20":"product_tag-jerusalem-fr","21":"product_tag-jesus-fr-2","22":"product_tag-jord-fr","23":"product_tag-juil","24":"product_tag-katolsk-fr","25":"product_tag-keltisk-fr-2","26":"product_tag-kirke-fr","27":"product_tag-kors-fr","28":"product_tag-kristen-fr","29":"product_tag-krucifiks-fr","30":"product_tag-kunsthaandvaerk-fr","31":"product_tag-mains","32":"product_tag-marie","33":"product_tag-noe-fr","34":"product_tag-oliven-fr","35":"product_tag-oliventrae-fr","36":"product_tag-ortodoks-fr","37":"product_tag-prier","38":"product_tag-sculpture-fr","39":"product_tag-sculptures-fr","40":"product_tag-statue-fr","41":"product_tag-statues-fr","42":"product_tag-trae-fr","43":"product_tag-udskaering-fr","45":"first","46":"instock","47":"shipping-taxable","48":"purchasable","49":"product-type-simple"},"yoast_head":"<!-- This site is optimized with the Yoast SEO plugin v27.3 - https:\/\/yoast.com\/product\/yoast-seo-wordpress\/ -->\n<title>Bois d\u2019olivier Mains priantes #FI108 - Holy Land Olive Wood - Bethlehem Olive Wood Factory<\/title>\n<meta name=\"description\" content=\"Artisanat en bois d\u2019olivier de Bethl\u00e9em (c\u2019est-\u00e0-dire figurines, ensembles de nativit\u00e9, statues, sculptures) Praying Hands pen-blanks &amp; stock brut dans des dimensions standard et personnalis\u00e9es.\" \/>\n<meta name=\"robots\" content=\"index, follow, max-snippet:-1, max-image-preview:large, max-video-preview:-1\" \/>\n<link rel=\"canonical\" href=\"https:\/\/holyland-olivewood.com\/fr\/produit\/bois-dolivier-priant-mains-2\/\" \/>\n<meta property=\"og:locale\" content=\"fr_FR\" \/>\n<meta property=\"og:type\" content=\"article\" \/>\n<meta property=\"og:title\" content=\"Bois d\u2019olivier Mains priantes #FI108 - Holy Land Olive Wood - Bethlehem Olive Wood Factory\" \/>\n<meta property=\"og:description\" content=\"Artisanat en bois d\u2019olivier de Bethl\u00e9em (c\u2019est-\u00e0-dire figurines, ensembles de nativit\u00e9, statues, sculptures) Praying Hands pen-blanks &amp; stock brut dans des dimensions standard et personnalis\u00e9es.\" \/>\n<meta property=\"og:url\" content=\"https:\/\/holyland-olivewood.com\/fr\/produit\/bois-dolivier-priant-mains-2\/\" \/>\n<meta property=\"og:site_name\" content=\"Holy Land Olive Wood - Bethlehem Olive Wood Factory\" \/>\n<meta property=\"article:publisher\" content=\"https:\/\/www.facebook.com\/holylandolivewood.bethlehem\/\" \/>\n<meta property=\"og:image\" content=\"https:\/\/holyland-olivewood.com\/wp-content\/uploads\/2016\/05\/praying_hands_holy_land_olive_wood_bethlehem_fi107_and_fi108.jpg\" \/>\n\t<meta property=\"og:image:width\" content=\"1550\" \/>\n\t<meta property=\"og:image:height\" content=\"1200\" \/>\n\t<meta property=\"og:image:type\" content=\"image\/jpeg\" \/>\n<meta name=\"twitter:card\" content=\"summary_large_image\" \/>\n<script type=\"application\/ld+json\" class=\"yoast-schema-graph\">{\"@context\":\"https:\\\/\\\/schema.org\",\"@graph\":[{\"@type\":\"WebPage\",\"@id\":\"https:\\\/\\\/holyland-olivewood.com\\\/fr\\\/produit\\\/bois-dolivier-priant-mains-2\\\/\",\"url\":\"https:\\\/\\\/holyland-olivewood.com\\\/fr\\\/produit\\\/bois-dolivier-priant-mains-2\\\/\",\"name\":\"Bois d\u2019olivier Mains priantes #FI108 - Holy Land Olive Wood - Bethlehem Olive Wood Factory\",\"isPartOf\":{\"@id\":\"https:\\\/\\\/holyland-olivewood.com\\\/fr\\\/#website\"},\"primaryImageOfPage\":{\"@id\":\"https:\\\/\\\/holyland-olivewood.com\\\/fr\\\/produit\\\/bois-dolivier-priant-mains-2\\\/#primaryimage\"},\"image\":{\"@id\":\"https:\\\/\\\/holyland-olivewood.com\\\/fr\\\/produit\\\/bois-dolivier-priant-mains-2\\\/#primaryimage\"},\"thumbnailUrl\":\"https:\\\/\\\/holyland-olivewood.com\\\/wp-content\\\/uploads\\\/2016\\\/05\\\/praying_hands_holy_land_olive_wood_bethlehem_fi107_and_fi108.jpg\",\"datePublished\":\"2022-02-10T14:46:11+00:00\",\"description\":\"Artisanat en bois d\u2019olivier de Bethl\u00e9em (c\u2019est-\u00e0-dire figurines, ensembles de nativit\u00e9, statues, sculptures) Praying Hands pen-blanks & stock brut dans des dimensions standard et personnalis\u00e9es.\",\"breadcrumb\":{\"@id\":\"https:\\\/\\\/holyland-olivewood.com\\\/fr\\\/produit\\\/bois-dolivier-priant-mains-2\\\/#breadcrumb\"},\"inLanguage\":\"fr-FR\",\"potentialAction\":[{\"@type\":\"ReadAction\",\"target\":[\"https:\\\/\\\/holyland-olivewood.com\\\/fr\\\/produit\\\/bois-dolivier-priant-mains-2\\\/\"]}]},{\"@type\":\"ImageObject\",\"inLanguage\":\"fr-FR\",\"@id\":\"https:\\\/\\\/holyland-olivewood.com\\\/fr\\\/produit\\\/bois-dolivier-priant-mains-2\\\/#primaryimage\",\"url\":\"https:\\\/\\\/holyland-olivewood.com\\\/wp-content\\\/uploads\\\/2016\\\/05\\\/praying_hands_holy_land_olive_wood_bethlehem_fi107_and_fi108.jpg\",\"contentUrl\":\"https:\\\/\\\/holyland-olivewood.com\\\/wp-content\\\/uploads\\\/2016\\\/05\\\/praying_hands_holy_land_olive_wood_bethlehem_fi107_and_fi108.jpg\",\"width\":1550,\"height\":1200},{\"@type\":\"BreadcrumbList\",\"@id\":\"https:\\\/\\\/holyland-olivewood.com\\\/fr\\\/produit\\\/bois-dolivier-priant-mains-2\\\/#breadcrumb\",\"itemListElement\":[{\"@type\":\"ListItem\",\"position\":1,\"name\":\"Home\",\"item\":\"https:\\\/\\\/holyland-olivewood.com\\\/fr\\\/home\\\/\"},{\"@type\":\"ListItem\",\"position\":2,\"name\":\"Voir tous les produits\",\"item\":\"https:\\\/\\\/holyland-olivewood.com\\\/fr\\\/shop\\\/\"},{\"@type\":\"ListItem\",\"position\":3,\"name\":\"Bois d\u2019olivier Mains priantes #FI108\"}]},{\"@type\":\"WebSite\",\"@id\":\"https:\\\/\\\/holyland-olivewood.com\\\/fr\\\/#website\",\"url\":\"https:\\\/\\\/holyland-olivewood.com\\\/fr\\\/\",\"name\":\"Holy Land Olive Wood - Bethlehem Olive Wood Factory\",\"description\":\"Holy Land Olivewood Bethlehem\",\"publisher\":{\"@id\":\"https:\\\/\\\/holyland-olivewood.com\\\/fr\\\/#organization\"},\"potentialAction\":[{\"@type\":\"SearchAction\",\"target\":{\"@type\":\"EntryPoint\",\"urlTemplate\":\"https:\\\/\\\/holyland-olivewood.com\\\/fr\\\/?s={search_term_string}\"},\"query-input\":{\"@type\":\"PropertyValueSpecification\",\"valueRequired\":true,\"valueName\":\"search_term_string\"}}],\"inLanguage\":\"fr-FR\"},{\"@type\":\"Organization\",\"@id\":\"https:\\\/\\\/holyland-olivewood.com\\\/fr\\\/#organization\",\"name\":\"Holy Land Olivewood\",\"url\":\"https:\\\/\\\/holyland-olivewood.com\\\/fr\\\/\",\"logo\":{\"@type\":\"ImageObject\",\"inLanguage\":\"fr-FR\",\"@id\":\"https:\\\/\\\/holyland-olivewood.com\\\/fr\\\/#\\\/schema\\\/logo\\\/image\\\/\",\"url\":\"\",\"contentUrl\":\"\",\"caption\":\"Holy Land Olivewood\"},\"image\":{\"@id\":\"https:\\\/\\\/holyland-olivewood.com\\\/fr\\\/#\\\/schema\\\/logo\\\/image\\\/\"},\"sameAs\":[\"https:\\\/\\\/www.facebook.com\\\/holylandolivewood.bethlehem\\\/\",\"http:\\\/\\\/instagram.com\\\/holy.land.olive.wood\"]}]}<\/script>\n<!-- \/ Yoast SEO plugin. -->","yoast_head_json":{"title":"Bois d\u2019olivier Mains priantes #FI108 - Holy Land Olive Wood - Bethlehem Olive Wood Factory","description":"Artisanat en bois d\u2019olivier de Bethl\u00e9em (c\u2019est-\u00e0-dire figurines, ensembles de nativit\u00e9, statues, sculptures) Praying Hands pen-blanks & stock brut dans des dimensions standard et personnalis\u00e9es.","robots":{"index":"index","follow":"follow","max-snippet":"max-snippet:-1","max-image-preview":"max-image-preview:large","max-video-preview":"max-video-preview:-1"},"canonical":"https:\/\/holyland-olivewood.com\/fr\/produit\/bois-dolivier-priant-mains-2\/","og_locale":"fr_FR","og_type":"article","og_title":"Bois d\u2019olivier Mains priantes #FI108 - Holy Land Olive Wood - Bethlehem Olive Wood Factory","og_description":"Artisanat en bois d\u2019olivier de Bethl\u00e9em (c\u2019est-\u00e0-dire figurines, ensembles de nativit\u00e9, statues, sculptures) Praying Hands pen-blanks & stock brut dans des dimensions standard et personnalis\u00e9es.","og_url":"https:\/\/holyland-olivewood.com\/fr\/produit\/bois-dolivier-priant-mains-2\/","og_site_name":"Holy Land Olive Wood - Bethlehem Olive Wood Factory","article_publisher":"https:\/\/www.facebook.com\/holylandolivewood.bethlehem\/","og_image":[{"width":1550,"height":1200,"url":"https:\/\/holyland-olivewood.com\/wp-content\/uploads\/2016\/05\/praying_hands_holy_land_olive_wood_bethlehem_fi107_and_fi108.jpg","type":"image\/jpeg"}],"twitter_card":"summary_large_image","schema":{"@context":"https:\/\/schema.org","@graph":[{"@type":"WebPage","@id":"https:\/\/holyland-olivewood.com\/fr\/produit\/bois-dolivier-priant-mains-2\/","url":"https:\/\/holyland-olivewood.com\/fr\/produit\/bois-dolivier-priant-mains-2\/","name":"Bois d\u2019olivier Mains priantes #FI108 - Holy Land Olive Wood - Bethlehem Olive Wood Factory","isPartOf":{"@id":"https:\/\/holyland-olivewood.com\/fr\/#website"},"primaryImageOfPage":{"@id":"https:\/\/holyland-olivewood.com\/fr\/produit\/bois-dolivier-priant-mains-2\/#primaryimage"},"image":{"@id":"https:\/\/holyland-olivewood.com\/fr\/produit\/bois-dolivier-priant-mains-2\/#primaryimage"},"thumbnailUrl":"https:\/\/holyland-olivewood.com\/wp-content\/uploads\/2016\/05\/praying_hands_holy_land_olive_wood_bethlehem_fi107_and_fi108.jpg","datePublished":"2022-02-10T14:46:11+00:00","description":"Artisanat en bois d\u2019olivier de Bethl\u00e9em (c\u2019est-\u00e0-dire figurines, ensembles de nativit\u00e9, statues, sculptures) Praying Hands pen-blanks & stock brut dans des dimensions standard et personnalis\u00e9es.","breadcrumb":{"@id":"https:\/\/holyland-olivewood.com\/fr\/produit\/bois-dolivier-priant-mains-2\/#breadcrumb"},"inLanguage":"fr-FR","potentialAction":[{"@type":"ReadAction","target":["https:\/\/holyland-olivewood.com\/fr\/produit\/bois-dolivier-priant-mains-2\/"]}]},{"@type":"ImageObject","inLanguage":"fr-FR","@id":"https:\/\/holyland-olivewood.com\/fr\/produit\/bois-dolivier-priant-mains-2\/#primaryimage","url":"https:\/\/holyland-olivewood.com\/wp-content\/uploads\/2016\/05\/praying_hands_holy_land_olive_wood_bethlehem_fi107_and_fi108.jpg","contentUrl":"https:\/\/holyland-olivewood.com\/wp-content\/uploads\/2016\/05\/praying_hands_holy_land_olive_wood_bethlehem_fi107_and_fi108.jpg","width":1550,"height":1200},{"@type":"BreadcrumbList","@id":"https:\/\/holyland-olivewood.com\/fr\/produit\/bois-dolivier-priant-mains-2\/#breadcrumb","itemListElement":[{"@type":"ListItem","position":1,"name":"Home","item":"https:\/\/holyland-olivewood.com\/fr\/home\/"},{"@type":"ListItem","position":2,"name":"Voir tous les produits","item":"https:\/\/holyland-olivewood.com\/fr\/shop\/"},{"@type":"ListItem","position":3,"name":"Bois d\u2019olivier Mains priantes #FI108"}]},{"@type":"WebSite","@id":"https:\/\/holyland-olivewood.com\/fr\/#website","url":"https:\/\/holyland-olivewood.com\/fr\/","name":"Holy Land Olive Wood - Bethlehem Olive Wood Factory","description":"Holy Land Olivewood Bethlehem","publisher":{"@id":"https:\/\/holyland-olivewood.com\/fr\/#organization"},"potentialAction":[{"@type":"SearchAction","target":{"@type":"EntryPoint","urlTemplate":"https:\/\/holyland-olivewood.com\/fr\/?s={search_term_string}"},"query-input":{"@type":"PropertyValueSpecification","valueRequired":true,"valueName":"search_term_string"}}],"inLanguage":"fr-FR"},{"@type":"Organization","@id":"https:\/\/holyland-olivewood.com\/fr\/#organization","name":"Holy Land Olivewood","url":"https:\/\/holyland-olivewood.com\/fr\/","logo":{"@type":"ImageObject","inLanguage":"fr-FR","@id":"https:\/\/holyland-olivewood.com\/fr\/#\/schema\/logo\/image\/","url":"","contentUrl":"","caption":"Holy Land Olivewood"},"image":{"@id":"https:\/\/holyland-olivewood.com\/fr\/#\/schema\/logo\/image\/"},"sameAs":["https:\/\/www.facebook.com\/holylandolivewood.bethlehem\/","http:\/\/instagram.com\/holy.land.olive.wood"]}]}},"_links":{"self":[{"href":"https:\/\/holyland-olivewood.com\/fr\/wp-json\/wp\/v2\/product\/43980","targetHints":{"allow":["GET"]}}],"collection":[{"href":"https:\/\/holyland-olivewood.com\/fr\/wp-json\/wp\/v2\/product"}],"about":[{"href":"https:\/\/holyland-olivewood.com\/fr\/wp-json\/wp\/v2\/types\/product"}],"replies":[{"embeddable":true,"href":"https:\/\/holyland-olivewood.com\/fr\/wp-json\/wp\/v2\/comments?post=43980"}],"version-history":[{"count":0,"href":"https:\/\/holyland-olivewood.com\/fr\/wp-json\/wp\/v2\/product\/43980\/revisions"}],"wp:featuredmedia":[{"embeddable":true,"href":"https:\/\/holyland-olivewood.com\/fr\/wp-json\/wp\/v2\/media\/30580"}],"wp:attachment":[{"href":"https:\/\/holyland-olivewood.com\/fr\/wp-json\/wp\/v2\/media?parent=43980"}],"wp:term":[{"taxonomy":"product_brand","embeddable":true,"href":"https:\/\/holyland-olivewood.com\/fr\/wp-json\/wp\/v2\/product_brand?post=43980"},{"taxonomy":"product_cat","embeddable":true,"href":"https:\/\/holyland-olivewood.com\/fr\/wp-json\/wp\/v2\/product_cat?post=43980"},{"taxonomy":"product_tag","embeddable":true,"href":"https:\/\/holyland-olivewood.com\/fr\/wp-json\/wp\/v2\/product_tag?post=43980"}],"curies":[{"name":"wp","href":"https:\/\/api.w.org\/{rel}","templated":true}]}}