{"id":42714,"date":"2018-02-01T19:02:01","date_gmt":"2022-02-09T07:57:12","guid":{"rendered":"https:\/\/holyland-olivewood.com\/product\/fabrique-a-la-main-bethleem-bois-dolivier-apprenti-classica-pen-w-chrome-fixtures-pe110\/"},"modified":"2022-02-09T07:57:12","modified_gmt":"2022-02-09T07:57:12","slug":"artisanal-bethleem-bois-dolivier-apprenti-classica-stylo-w-or-luminaires-pe110","status":"publish","type":"product","link":"https:\/\/holyland-olivewood.com\/fr\/produit\/artisanal-bethleem-bois-dolivier-apprenti-classica-stylo-w-or-luminaires-pe110\/","title":{"rendered":"Fabriqu\u00e9 \u00e0 la main Bethl\u00e9em Bois d\u2019olivier Apprenti Classica Pen w \/ Chrome Fixtures #PE110"},"content":{"rendered":"","protected":false},"excerpt":{"rendered":"<p>Ce stylo souvenir tourn\u00e9 \u00e0 la main durera toute une vie et constitue un excellent cadeau pour tous ceux qui appr\u00e9cient l\u2019artisanat et la beaut\u00e9 brute des mat\u00e9riaux naturels. La poign\u00e9e de ce stylo est faite de bois d\u2019olivier de Bethl\u00e9em authentique r\u00e9colt\u00e9 de mani\u00e8re durable.<\/p>\n<p>Ce mat\u00e9riau exotique a une finition plus lisse que presque n\u2019importe quel autre bois, et son motif de grain contrast\u00e9 ne manque jamais d\u2019impressionner<\/p>\n<p>Chaque stylo est livr\u00e9 avec une vitrine et un certificat d\u2019authenticit\u00e9, v\u00e9rifiant les mat\u00e9riaux et les techniques utilis\u00e9s pour fabriquer ce produit.<\/p>\n<p><strong>Mod\u00e8le:<\/strong> Apprenti Classica Twist Pen<br \/>\n<strong>Type:<\/strong> Recharge de point \u00e0 bille de type Parker\u00ae<br \/>\n<strong>Couleur:<\/strong> Noir<br \/>\n<strong>Rechargeables:<\/strong> Oui<br \/>\n<strong>Poign\u00e9e:<\/strong> Bois d\u2019olivier de Bethl\u00e9em<br \/>\n<strong>Appareils:<\/strong> Chrome<br \/>\n<strong>Finir:<\/strong> Laque peu brillante<br \/>\n<strong>Taille:<\/strong> 1,5 cm x 13 cm (0,60 x 5,1\/4&nbsp;\u00bb)<\/p>\n","protected":false},"featured_media":33962,"comment_status":"closed","ping_status":"closed","template":"","meta":[],"product_brand":[],"product_cat":[1047,2408],"product_tag":[1050,1078,1528,2413],"class_list":{"0":"post-42714","1":"product","2":"type-product","3":"status-publish","4":"has-post-thumbnail","6":"product_cat-kunsthaandvaerk-fr","7":"product_cat-stylos-et-articles-de-bureau","8":"product_tag-betlehem-fr","9":"product_tag-oliventrae-fr","10":"product_tag-stylo","11":"product_tag-stylos","13":"first","14":"outofstock","15":"shipping-taxable","16":"purchasable","17":"product-type-simple"},"yoast_head":"<!-- This site is optimized with the Yoast SEO plugin v27.3 - https:\/\/yoast.com\/product\/yoast-seo-wordpress\/ -->\n<title>Fabriqu\u00e9 \u00e0 la main Bethl\u00e9em Bois d\u2019olivier Apprenti Classica Pen w \/ Chrome Fixtures #PE110 - Holy Land Olive Wood - Bethlehem Olive Wood Factory<\/title>\n<meta name=\"description\" content=\"Stylos en bois d\u2019olivier de Bethl\u00e9em et vaisselle de bureau (c\u2019est-\u00e0-dire porte-stylo, bo\u00eetes \u00e0 stylos), blancs, sculptures et plus encore de la Terre Sainte et stock brut dans les dimensions standard et personnalis\u00e9es.\" \/>\n<meta name=\"robots\" content=\"index, follow, max-snippet:-1, max-image-preview:large, max-video-preview:-1\" \/>\n<link rel=\"canonical\" href=\"https:\/\/holyland-olivewood.com\/fr\/produit\/artisanal-bethleem-bois-dolivier-apprenti-classica-stylo-w-or-luminaires-pe110\/\" \/>\n<meta property=\"og:locale\" content=\"fr_FR\" \/>\n<meta property=\"og:type\" content=\"article\" \/>\n<meta property=\"og:title\" content=\"Fabriqu\u00e9 \u00e0 la main Bethl\u00e9em Bois d\u2019olivier Apprenti Classica Pen w \/ Chrome Fixtures #PE110 - Holy Land Olive Wood - Bethlehem Olive Wood Factory\" \/>\n<meta property=\"og:description\" content=\"Stylos en bois d\u2019olivier de Bethl\u00e9em et vaisselle de bureau (c\u2019est-\u00e0-dire porte-stylo, bo\u00eetes \u00e0 stylos), blancs, sculptures et plus encore de la Terre Sainte et stock brut dans les dimensions standard et personnalis\u00e9es.\" \/>\n<meta property=\"og:url\" content=\"https:\/\/holyland-olivewood.com\/fr\/produit\/artisanal-bethleem-bois-dolivier-apprenti-classica-stylo-w-or-luminaires-pe110\/\" \/>\n<meta property=\"og:site_name\" content=\"Holy Land Olive Wood - Bethlehem Olive Wood Factory\" \/>\n<meta property=\"article:publisher\" content=\"https:\/\/www.facebook.com\/holylandolivewood.bethlehem\/\" \/>\n<meta property=\"og:image\" content=\"https:\/\/holyland-olivewood.com\/wp-content\/uploads\/2018\/02\/pen_holy_land_olive_wood_bethlehem_pe110_1.jpg\" \/>\n\t<meta property=\"og:image:width\" content=\"1550\" \/>\n\t<meta property=\"og:image:height\" content=\"1200\" \/>\n\t<meta property=\"og:image:type\" content=\"image\/jpeg\" \/>\n<meta name=\"twitter:card\" content=\"summary_large_image\" \/>\n<script type=\"application\/ld+json\" class=\"yoast-schema-graph\">{\"@context\":\"https:\\\/\\\/schema.org\",\"@graph\":[{\"@type\":\"WebPage\",\"@id\":\"https:\\\/\\\/holyland-olivewood.com\\\/fr\\\/produit\\\/artisanal-bethleem-bois-dolivier-apprenti-classica-stylo-w-or-luminaires-pe110\\\/\",\"url\":\"https:\\\/\\\/holyland-olivewood.com\\\/fr\\\/produit\\\/artisanal-bethleem-bois-dolivier-apprenti-classica-stylo-w-or-luminaires-pe110\\\/\",\"name\":\"Fabriqu\u00e9 \u00e0 la main Bethl\u00e9em Bois d\u2019olivier Apprenti Classica Pen w \\\/ Chrome Fixtures #PE110 - Holy Land Olive Wood - Bethlehem Olive Wood Factory\",\"isPartOf\":{\"@id\":\"https:\\\/\\\/holyland-olivewood.com\\\/fr\\\/#website\"},\"primaryImageOfPage\":{\"@id\":\"https:\\\/\\\/holyland-olivewood.com\\\/fr\\\/produit\\\/artisanal-bethleem-bois-dolivier-apprenti-classica-stylo-w-or-luminaires-pe110\\\/#primaryimage\"},\"image\":{\"@id\":\"https:\\\/\\\/holyland-olivewood.com\\\/fr\\\/produit\\\/artisanal-bethleem-bois-dolivier-apprenti-classica-stylo-w-or-luminaires-pe110\\\/#primaryimage\"},\"thumbnailUrl\":\"https:\\\/\\\/holyland-olivewood.com\\\/wp-content\\\/uploads\\\/2018\\\/02\\\/pen_holy_land_olive_wood_bethlehem_pe110_1.jpg\",\"datePublished\":\"2022-02-09T07:57:12+00:00\",\"description\":\"Stylos en bois d\u2019olivier de Bethl\u00e9em et vaisselle de bureau (c\u2019est-\u00e0-dire porte-stylo, bo\u00eetes \u00e0 stylos), blancs, sculptures et plus encore de la Terre Sainte et stock brut dans les dimensions standard et personnalis\u00e9es.\",\"breadcrumb\":{\"@id\":\"https:\\\/\\\/holyland-olivewood.com\\\/fr\\\/produit\\\/artisanal-bethleem-bois-dolivier-apprenti-classica-stylo-w-or-luminaires-pe110\\\/#breadcrumb\"},\"inLanguage\":\"fr-FR\",\"potentialAction\":[{\"@type\":\"ReadAction\",\"target\":[\"https:\\\/\\\/holyland-olivewood.com\\\/fr\\\/produit\\\/artisanal-bethleem-bois-dolivier-apprenti-classica-stylo-w-or-luminaires-pe110\\\/\"]}]},{\"@type\":\"ImageObject\",\"inLanguage\":\"fr-FR\",\"@id\":\"https:\\\/\\\/holyland-olivewood.com\\\/fr\\\/produit\\\/artisanal-bethleem-bois-dolivier-apprenti-classica-stylo-w-or-luminaires-pe110\\\/#primaryimage\",\"url\":\"https:\\\/\\\/holyland-olivewood.com\\\/wp-content\\\/uploads\\\/2018\\\/02\\\/pen_holy_land_olive_wood_bethlehem_pe110_1.jpg\",\"contentUrl\":\"https:\\\/\\\/holyland-olivewood.com\\\/wp-content\\\/uploads\\\/2018\\\/02\\\/pen_holy_land_olive_wood_bethlehem_pe110_1.jpg\",\"width\":1550,\"height\":1200},{\"@type\":\"BreadcrumbList\",\"@id\":\"https:\\\/\\\/holyland-olivewood.com\\\/fr\\\/produit\\\/artisanal-bethleem-bois-dolivier-apprenti-classica-stylo-w-or-luminaires-pe110\\\/#breadcrumb\",\"itemListElement\":[{\"@type\":\"ListItem\",\"position\":1,\"name\":\"Home\",\"item\":\"https:\\\/\\\/holyland-olivewood.com\\\/fr\\\/home\\\/\"},{\"@type\":\"ListItem\",\"position\":2,\"name\":\"Voir tous les produits\",\"item\":\"https:\\\/\\\/holyland-olivewood.com\\\/fr\\\/shop\\\/\"},{\"@type\":\"ListItem\",\"position\":3,\"name\":\"Fabriqu\u00e9 \u00e0 la main Bethl\u00e9em Bois d\u2019olivier Apprenti Classica Pen w \\\/ Chrome Fixtures #PE110\"}]},{\"@type\":\"WebSite\",\"@id\":\"https:\\\/\\\/holyland-olivewood.com\\\/fr\\\/#website\",\"url\":\"https:\\\/\\\/holyland-olivewood.com\\\/fr\\\/\",\"name\":\"Holy Land Olive Wood - Bethlehem Olive Wood Factory\",\"description\":\"Holy Land Olivewood Bethlehem\",\"publisher\":{\"@id\":\"https:\\\/\\\/holyland-olivewood.com\\\/fr\\\/#organization\"},\"potentialAction\":[{\"@type\":\"SearchAction\",\"target\":{\"@type\":\"EntryPoint\",\"urlTemplate\":\"https:\\\/\\\/holyland-olivewood.com\\\/fr\\\/?s={search_term_string}\"},\"query-input\":{\"@type\":\"PropertyValueSpecification\",\"valueRequired\":true,\"valueName\":\"search_term_string\"}}],\"inLanguage\":\"fr-FR\"},{\"@type\":\"Organization\",\"@id\":\"https:\\\/\\\/holyland-olivewood.com\\\/fr\\\/#organization\",\"name\":\"Holy Land Olivewood\",\"url\":\"https:\\\/\\\/holyland-olivewood.com\\\/fr\\\/\",\"logo\":{\"@type\":\"ImageObject\",\"inLanguage\":\"fr-FR\",\"@id\":\"https:\\\/\\\/holyland-olivewood.com\\\/fr\\\/#\\\/schema\\\/logo\\\/image\\\/\",\"url\":\"\",\"contentUrl\":\"\",\"caption\":\"Holy Land Olivewood\"},\"image\":{\"@id\":\"https:\\\/\\\/holyland-olivewood.com\\\/fr\\\/#\\\/schema\\\/logo\\\/image\\\/\"},\"sameAs\":[\"https:\\\/\\\/www.facebook.com\\\/holylandolivewood.bethlehem\\\/\",\"http:\\\/\\\/instagram.com\\\/holy.land.olive.wood\"]}]}<\/script>\n<!-- \/ Yoast SEO plugin. -->","yoast_head_json":{"title":"Fabriqu\u00e9 \u00e0 la main Bethl\u00e9em Bois d\u2019olivier Apprenti Classica Pen w \/ Chrome Fixtures #PE110 - Holy Land Olive Wood - Bethlehem Olive Wood Factory","description":"Stylos en bois d\u2019olivier de Bethl\u00e9em et vaisselle de bureau (c\u2019est-\u00e0-dire porte-stylo, bo\u00eetes \u00e0 stylos), blancs, sculptures et plus encore de la Terre Sainte et stock brut dans les dimensions standard et personnalis\u00e9es.","robots":{"index":"index","follow":"follow","max-snippet":"max-snippet:-1","max-image-preview":"max-image-preview:large","max-video-preview":"max-video-preview:-1"},"canonical":"https:\/\/holyland-olivewood.com\/fr\/produit\/artisanal-bethleem-bois-dolivier-apprenti-classica-stylo-w-or-luminaires-pe110\/","og_locale":"fr_FR","og_type":"article","og_title":"Fabriqu\u00e9 \u00e0 la main Bethl\u00e9em Bois d\u2019olivier Apprenti Classica Pen w \/ Chrome Fixtures #PE110 - Holy Land Olive Wood - Bethlehem Olive Wood Factory","og_description":"Stylos en bois d\u2019olivier de Bethl\u00e9em et vaisselle de bureau (c\u2019est-\u00e0-dire porte-stylo, bo\u00eetes \u00e0 stylos), blancs, sculptures et plus encore de la Terre Sainte et stock brut dans les dimensions standard et personnalis\u00e9es.","og_url":"https:\/\/holyland-olivewood.com\/fr\/produit\/artisanal-bethleem-bois-dolivier-apprenti-classica-stylo-w-or-luminaires-pe110\/","og_site_name":"Holy Land Olive Wood - Bethlehem Olive Wood Factory","article_publisher":"https:\/\/www.facebook.com\/holylandolivewood.bethlehem\/","og_image":[{"width":1550,"height":1200,"url":"https:\/\/holyland-olivewood.com\/wp-content\/uploads\/2018\/02\/pen_holy_land_olive_wood_bethlehem_pe110_1.jpg","type":"image\/jpeg"}],"twitter_card":"summary_large_image","schema":{"@context":"https:\/\/schema.org","@graph":[{"@type":"WebPage","@id":"https:\/\/holyland-olivewood.com\/fr\/produit\/artisanal-bethleem-bois-dolivier-apprenti-classica-stylo-w-or-luminaires-pe110\/","url":"https:\/\/holyland-olivewood.com\/fr\/produit\/artisanal-bethleem-bois-dolivier-apprenti-classica-stylo-w-or-luminaires-pe110\/","name":"Fabriqu\u00e9 \u00e0 la main Bethl\u00e9em Bois d\u2019olivier Apprenti Classica Pen w \/ Chrome Fixtures #PE110 - Holy Land Olive Wood - Bethlehem Olive Wood Factory","isPartOf":{"@id":"https:\/\/holyland-olivewood.com\/fr\/#website"},"primaryImageOfPage":{"@id":"https:\/\/holyland-olivewood.com\/fr\/produit\/artisanal-bethleem-bois-dolivier-apprenti-classica-stylo-w-or-luminaires-pe110\/#primaryimage"},"image":{"@id":"https:\/\/holyland-olivewood.com\/fr\/produit\/artisanal-bethleem-bois-dolivier-apprenti-classica-stylo-w-or-luminaires-pe110\/#primaryimage"},"thumbnailUrl":"https:\/\/holyland-olivewood.com\/wp-content\/uploads\/2018\/02\/pen_holy_land_olive_wood_bethlehem_pe110_1.jpg","datePublished":"2022-02-09T07:57:12+00:00","description":"Stylos en bois d\u2019olivier de Bethl\u00e9em et vaisselle de bureau (c\u2019est-\u00e0-dire porte-stylo, bo\u00eetes \u00e0 stylos), blancs, sculptures et plus encore de la Terre Sainte et stock brut dans les dimensions standard et personnalis\u00e9es.","breadcrumb":{"@id":"https:\/\/holyland-olivewood.com\/fr\/produit\/artisanal-bethleem-bois-dolivier-apprenti-classica-stylo-w-or-luminaires-pe110\/#breadcrumb"},"inLanguage":"fr-FR","potentialAction":[{"@type":"ReadAction","target":["https:\/\/holyland-olivewood.com\/fr\/produit\/artisanal-bethleem-bois-dolivier-apprenti-classica-stylo-w-or-luminaires-pe110\/"]}]},{"@type":"ImageObject","inLanguage":"fr-FR","@id":"https:\/\/holyland-olivewood.com\/fr\/produit\/artisanal-bethleem-bois-dolivier-apprenti-classica-stylo-w-or-luminaires-pe110\/#primaryimage","url":"https:\/\/holyland-olivewood.com\/wp-content\/uploads\/2018\/02\/pen_holy_land_olive_wood_bethlehem_pe110_1.jpg","contentUrl":"https:\/\/holyland-olivewood.com\/wp-content\/uploads\/2018\/02\/pen_holy_land_olive_wood_bethlehem_pe110_1.jpg","width":1550,"height":1200},{"@type":"BreadcrumbList","@id":"https:\/\/holyland-olivewood.com\/fr\/produit\/artisanal-bethleem-bois-dolivier-apprenti-classica-stylo-w-or-luminaires-pe110\/#breadcrumb","itemListElement":[{"@type":"ListItem","position":1,"name":"Home","item":"https:\/\/holyland-olivewood.com\/fr\/home\/"},{"@type":"ListItem","position":2,"name":"Voir tous les produits","item":"https:\/\/holyland-olivewood.com\/fr\/shop\/"},{"@type":"ListItem","position":3,"name":"Fabriqu\u00e9 \u00e0 la main Bethl\u00e9em Bois d\u2019olivier Apprenti Classica Pen w \/ Chrome Fixtures #PE110"}]},{"@type":"WebSite","@id":"https:\/\/holyland-olivewood.com\/fr\/#website","url":"https:\/\/holyland-olivewood.com\/fr\/","name":"Holy Land Olive Wood - Bethlehem Olive Wood Factory","description":"Holy Land Olivewood Bethlehem","publisher":{"@id":"https:\/\/holyland-olivewood.com\/fr\/#organization"},"potentialAction":[{"@type":"SearchAction","target":{"@type":"EntryPoint","urlTemplate":"https:\/\/holyland-olivewood.com\/fr\/?s={search_term_string}"},"query-input":{"@type":"PropertyValueSpecification","valueRequired":true,"valueName":"search_term_string"}}],"inLanguage":"fr-FR"},{"@type":"Organization","@id":"https:\/\/holyland-olivewood.com\/fr\/#organization","name":"Holy Land Olivewood","url":"https:\/\/holyland-olivewood.com\/fr\/","logo":{"@type":"ImageObject","inLanguage":"fr-FR","@id":"https:\/\/holyland-olivewood.com\/fr\/#\/schema\/logo\/image\/","url":"","contentUrl":"","caption":"Holy Land Olivewood"},"image":{"@id":"https:\/\/holyland-olivewood.com\/fr\/#\/schema\/logo\/image\/"},"sameAs":["https:\/\/www.facebook.com\/holylandolivewood.bethlehem\/","http:\/\/instagram.com\/holy.land.olive.wood"]}]}},"_links":{"self":[{"href":"https:\/\/holyland-olivewood.com\/fr\/wp-json\/wp\/v2\/product\/42714","targetHints":{"allow":["GET"]}}],"collection":[{"href":"https:\/\/holyland-olivewood.com\/fr\/wp-json\/wp\/v2\/product"}],"about":[{"href":"https:\/\/holyland-olivewood.com\/fr\/wp-json\/wp\/v2\/types\/product"}],"replies":[{"embeddable":true,"href":"https:\/\/holyland-olivewood.com\/fr\/wp-json\/wp\/v2\/comments?post=42714"}],"version-history":[{"count":0,"href":"https:\/\/holyland-olivewood.com\/fr\/wp-json\/wp\/v2\/product\/42714\/revisions"}],"wp:featuredmedia":[{"embeddable":true,"href":"https:\/\/holyland-olivewood.com\/fr\/wp-json\/wp\/v2\/media\/33962"}],"wp:attachment":[{"href":"https:\/\/holyland-olivewood.com\/fr\/wp-json\/wp\/v2\/media?parent=42714"}],"wp:term":[{"taxonomy":"product_brand","embeddable":true,"href":"https:\/\/holyland-olivewood.com\/fr\/wp-json\/wp\/v2\/product_brand?post=42714"},{"taxonomy":"product_cat","embeddable":true,"href":"https:\/\/holyland-olivewood.com\/fr\/wp-json\/wp\/v2\/product_cat?post=42714"},{"taxonomy":"product_tag","embeddable":true,"href":"https:\/\/holyland-olivewood.com\/fr\/wp-json\/wp\/v2\/product_tag?post=42714"}],"curies":[{"name":"wp","href":"https:\/\/api.w.org\/{rel}","templated":true}]}}