{"id":42648,"date":"2018-08-22T17:55:50","date_gmt":"2022-02-09T07:52:56","guid":{"rendered":"https:\/\/holyland-olivewood.com\/product\/bethlehem-olivewood-twist-pull-tire-bouchon-ki136\/"},"modified":"2022-02-09T07:52:56","modified_gmt":"2022-02-09T07:52:56","slug":"bethleem-olivier-twist-pull-tire-bouchon-ki136","status":"publish","type":"product","link":"https:\/\/holyland-olivewood.com\/fr\/produit\/bethleem-olivier-twist-pull-tire-bouchon-ki136\/","title":{"rendered":"Bethlehem Olivewood Twist &amp; Pull Tire-bouchon #KI136"},"content":{"rendered":"","protected":false},"excerpt":{"rendered":"<p>Ce tire-bouchon souvenir tourn\u00e9 \u00e0 la main durera toute une vie et constitue un excellent cadeau pour tous ceux qui appr\u00e9cient l\u2019artisanat et la beaut\u00e9 brute des mat\u00e9riaux naturels.<\/p>\n<p>Les connaisseurs noteront que cet article est fa\u00e7onn\u00e9 conform\u00e9ment \u00e0 la conception originale de l\u2019ouvre-vin qui a \u00e9t\u00e9 brevet\u00e9 par le r\u00e9v\u00e9rend Samuel Henshall en 1795 \u00e0 Oxford, en Angleterre.<\/p>\n<p>Comme ce produit remplit une fonction, il a \u00e9t\u00e9 con\u00e7u avec la durabilit\u00e9 \u00e0 l\u2019esprit pour s\u2019assurer qu\u2019il vaut bien votre investissement pour les ann\u00e9es \u00e0 venir. La poign\u00e9e a \u00e9t\u00e9 tourn\u00e9e d\u2019un seul bloc de bois d\u2019olivier de Bethl\u00e9em authentique r\u00e9colt\u00e9 de mani\u00e8re durable, qui a \u00e9t\u00e9 perc\u00e9, taraud\u00e9 et viss\u00e9, \u00e0 un ver en acier inoxydable poli de 3,5 pouces. Cette longueur le rend suffisant pour extraire efficacement tout type de li\u00e8ge, tandis que son diam\u00e8tre robuste de 1\/4 \u00ab&nbsp;le rend assez solide pour tordre et retirer les bouchons les plus tenaces. De plus, le centre creux du ver lui permet de p\u00e9n\u00e9trer facilement dans les bouchons sans sacrifier leur int\u00e9grit\u00e9 structurelle, ce qui permet une utilisation multiple des bouchons et emp\u00eache les d\u00e9bris de p\u00e9n\u00e9trer dans votre vin.<\/p>\n<p>Le bois d\u2019olivier de Bethl\u00e9em est un mat\u00e9riau exotique qui a une finition plus lisse que presque tous les autres bois durs, et son motif de grain contrast\u00e9 ne manque jamais d\u2019impressionner. Comme le bois d\u2019olivier de Bethl\u00e9em est un produit de la nature, chaque tire-bouchon a un motif de grain unique et individuel.<\/p>\n<p>Cet article comprend un certificat d\u2019authenticit\u00e9 v\u00e9rifiant les mat\u00e9riaux et les techniques utilis\u00e9s pour fabriquer ce produit.<\/p>\n<p><strong>Taille:<\/strong> 3 cm x 10 cm x 10 cm (1.15&nbsp;\u00bb x 4&nbsp;\u00bb x 4&nbsp;\u00bb)<\/p>\n","protected":false},"featured_media":34436,"comment_status":"closed","ping_status":"closed","template":"","meta":[],"product_brand":[],"product_cat":[1047,2901],"product_tag":[1050,2904,1121,1078,2495,2906,2902],"class_list":{"0":"post-42648","1":"product","2":"type-product","3":"status-publish","4":"has-post-thumbnail","6":"product_cat-kunsthaandvaerk-fr","7":"product_cat-ustensiles-de-cuisine","8":"product_tag-betlehem-fr","9":"product_tag-bouchon-de-bouteille","10":"product_tag-haandvaerk-fr","11":"product_tag-oliventrae-fr","12":"product_tag-terre-sainte-fr","13":"product_tag-tire-bouchon","14":"product_tag-ustensiles-de-cuisine","16":"first","17":"outofstock","18":"shipping-taxable","19":"purchasable","20":"product-type-simple"},"yoast_head":"<!-- This site is optimized with the Yoast SEO plugin v27.4 - https:\/\/yoast.com\/product\/yoast-seo-wordpress\/ -->\n<title>Bethlehem Olivewood Twist &amp; Pull Tire-bouchon #KI136 - Holy Land Olive Wood - Bethlehem Olive Wood Factory<\/title>\n<meta name=\"description\" content=\"Artisanat en bois d\u2019olivier de Bethl\u00e9em (c\u2019est-\u00e0-dire ustensiles de cuisine, bouchon de bouteille) trempette au miel, spatule, fourchette, mortier et stock brut dans les dimensions standard et personnalis\u00e9es.\" \/>\n<meta name=\"robots\" content=\"index, follow, max-snippet:-1, max-image-preview:large, max-video-preview:-1\" \/>\n<link rel=\"canonical\" href=\"https:\/\/holyland-olivewood.com\/fr\/produit\/bethleem-olivier-twist-pull-tire-bouchon-ki136\/\" \/>\n<meta property=\"og:locale\" content=\"fr_FR\" \/>\n<meta property=\"og:type\" content=\"article\" \/>\n<meta property=\"og:title\" content=\"Bethlehem Olivewood Twist &amp; Pull Tire-bouchon #KI136 - Holy Land Olive Wood - Bethlehem Olive Wood Factory\" \/>\n<meta property=\"og:description\" content=\"Artisanat en bois d\u2019olivier de Bethl\u00e9em (c\u2019est-\u00e0-dire ustensiles de cuisine, bouchon de bouteille) trempette au miel, spatule, fourchette, mortier et stock brut dans les dimensions standard et personnalis\u00e9es.\" \/>\n<meta property=\"og:url\" content=\"https:\/\/holyland-olivewood.com\/fr\/produit\/bethleem-olivier-twist-pull-tire-bouchon-ki136\/\" \/>\n<meta property=\"og:site_name\" content=\"Holy Land Olive Wood - Bethlehem Olive Wood Factory\" \/>\n<meta property=\"article:publisher\" content=\"https:\/\/www.facebook.com\/holylandolivewood.bethlehem\/\" \/>\n<meta property=\"og:image\" content=\"https:\/\/holyland-olivewood.com\/wp-content\/uploads\/2018\/08\/bethlehem_olive_wood_wine_opener_ki136.jpg\" \/>\n\t<meta property=\"og:image:width\" content=\"1550\" \/>\n\t<meta property=\"og:image:height\" content=\"1200\" \/>\n\t<meta property=\"og:image:type\" content=\"image\/jpeg\" \/>\n<meta name=\"twitter:card\" content=\"summary_large_image\" \/>\n<script type=\"application\/ld+json\" class=\"yoast-schema-graph\">{\"@context\":\"https:\\\/\\\/schema.org\",\"@graph\":[{\"@type\":\"WebPage\",\"@id\":\"https:\\\/\\\/holyland-olivewood.com\\\/fr\\\/produit\\\/bethleem-olivier-twist-pull-tire-bouchon-ki136\\\/\",\"url\":\"https:\\\/\\\/holyland-olivewood.com\\\/fr\\\/produit\\\/bethleem-olivier-twist-pull-tire-bouchon-ki136\\\/\",\"name\":\"Bethlehem Olivewood Twist &amp; Pull Tire-bouchon #KI136 - Holy Land Olive Wood - Bethlehem Olive Wood Factory\",\"isPartOf\":{\"@id\":\"https:\\\/\\\/holyland-olivewood.com\\\/fr\\\/#website\"},\"primaryImageOfPage\":{\"@id\":\"https:\\\/\\\/holyland-olivewood.com\\\/fr\\\/produit\\\/bethleem-olivier-twist-pull-tire-bouchon-ki136\\\/#primaryimage\"},\"image\":{\"@id\":\"https:\\\/\\\/holyland-olivewood.com\\\/fr\\\/produit\\\/bethleem-olivier-twist-pull-tire-bouchon-ki136\\\/#primaryimage\"},\"thumbnailUrl\":\"https:\\\/\\\/holyland-olivewood.com\\\/wp-content\\\/uploads\\\/2018\\\/08\\\/bethlehem_olive_wood_wine_opener_ki136.jpg\",\"datePublished\":\"2022-02-09T07:52:56+00:00\",\"description\":\"Artisanat en bois d\u2019olivier de Bethl\u00e9em (c\u2019est-\u00e0-dire ustensiles de cuisine, bouchon de bouteille) trempette au miel, spatule, fourchette, mortier et stock brut dans les dimensions standard et personnalis\u00e9es.\",\"breadcrumb\":{\"@id\":\"https:\\\/\\\/holyland-olivewood.com\\\/fr\\\/produit\\\/bethleem-olivier-twist-pull-tire-bouchon-ki136\\\/#breadcrumb\"},\"inLanguage\":\"fr-FR\",\"potentialAction\":[{\"@type\":\"ReadAction\",\"target\":[\"https:\\\/\\\/holyland-olivewood.com\\\/fr\\\/produit\\\/bethleem-olivier-twist-pull-tire-bouchon-ki136\\\/\"]}]},{\"@type\":\"ImageObject\",\"inLanguage\":\"fr-FR\",\"@id\":\"https:\\\/\\\/holyland-olivewood.com\\\/fr\\\/produit\\\/bethleem-olivier-twist-pull-tire-bouchon-ki136\\\/#primaryimage\",\"url\":\"https:\\\/\\\/holyland-olivewood.com\\\/wp-content\\\/uploads\\\/2018\\\/08\\\/bethlehem_olive_wood_wine_opener_ki136.jpg\",\"contentUrl\":\"https:\\\/\\\/holyland-olivewood.com\\\/wp-content\\\/uploads\\\/2018\\\/08\\\/bethlehem_olive_wood_wine_opener_ki136.jpg\",\"width\":1550,\"height\":1200},{\"@type\":\"BreadcrumbList\",\"@id\":\"https:\\\/\\\/holyland-olivewood.com\\\/fr\\\/produit\\\/bethleem-olivier-twist-pull-tire-bouchon-ki136\\\/#breadcrumb\",\"itemListElement\":[{\"@type\":\"ListItem\",\"position\":1,\"name\":\"Home\",\"item\":\"https:\\\/\\\/holyland-olivewood.com\\\/fr\\\/home\\\/\"},{\"@type\":\"ListItem\",\"position\":2,\"name\":\"Voir tous les produits\",\"item\":\"https:\\\/\\\/holyland-olivewood.com\\\/fr\\\/shop\\\/\"},{\"@type\":\"ListItem\",\"position\":3,\"name\":\"Bethlehem Olivewood Twist &amp; Pull Tire-bouchon #KI136\"}]},{\"@type\":\"WebSite\",\"@id\":\"https:\\\/\\\/holyland-olivewood.com\\\/fr\\\/#website\",\"url\":\"https:\\\/\\\/holyland-olivewood.com\\\/fr\\\/\",\"name\":\"Holy Land Olive Wood - Bethlehem Olive Wood Factory\",\"description\":\"Holy Land Olivewood Bethlehem\",\"publisher\":{\"@id\":\"https:\\\/\\\/holyland-olivewood.com\\\/fr\\\/#organization\"},\"potentialAction\":[{\"@type\":\"SearchAction\",\"target\":{\"@type\":\"EntryPoint\",\"urlTemplate\":\"https:\\\/\\\/holyland-olivewood.com\\\/fr\\\/?s={search_term_string}\"},\"query-input\":{\"@type\":\"PropertyValueSpecification\",\"valueRequired\":true,\"valueName\":\"search_term_string\"}}],\"inLanguage\":\"fr-FR\"},{\"@type\":\"Organization\",\"@id\":\"https:\\\/\\\/holyland-olivewood.com\\\/fr\\\/#organization\",\"name\":\"Holy Land Olivewood\",\"url\":\"https:\\\/\\\/holyland-olivewood.com\\\/fr\\\/\",\"logo\":{\"@type\":\"ImageObject\",\"inLanguage\":\"fr-FR\",\"@id\":\"https:\\\/\\\/holyland-olivewood.com\\\/fr\\\/#\\\/schema\\\/logo\\\/image\\\/\",\"url\":\"\",\"contentUrl\":\"\",\"caption\":\"Holy Land Olivewood\"},\"image\":{\"@id\":\"https:\\\/\\\/holyland-olivewood.com\\\/fr\\\/#\\\/schema\\\/logo\\\/image\\\/\"},\"sameAs\":[\"https:\\\/\\\/www.facebook.com\\\/holylandolivewood.bethlehem\\\/\",\"http:\\\/\\\/instagram.com\\\/holy.land.olive.wood\"]}]}<\/script>\n<!-- \/ Yoast SEO plugin. -->","yoast_head_json":{"title":"Bethlehem Olivewood Twist &amp; Pull Tire-bouchon #KI136 - Holy Land Olive Wood - Bethlehem Olive Wood Factory","description":"Artisanat en bois d\u2019olivier de Bethl\u00e9em (c\u2019est-\u00e0-dire ustensiles de cuisine, bouchon de bouteille) trempette au miel, spatule, fourchette, mortier et stock brut dans les dimensions standard et personnalis\u00e9es.","robots":{"index":"index","follow":"follow","max-snippet":"max-snippet:-1","max-image-preview":"max-image-preview:large","max-video-preview":"max-video-preview:-1"},"canonical":"https:\/\/holyland-olivewood.com\/fr\/produit\/bethleem-olivier-twist-pull-tire-bouchon-ki136\/","og_locale":"fr_FR","og_type":"article","og_title":"Bethlehem Olivewood Twist &amp; Pull Tire-bouchon #KI136 - Holy Land Olive Wood - Bethlehem Olive Wood Factory","og_description":"Artisanat en bois d\u2019olivier de Bethl\u00e9em (c\u2019est-\u00e0-dire ustensiles de cuisine, bouchon de bouteille) trempette au miel, spatule, fourchette, mortier et stock brut dans les dimensions standard et personnalis\u00e9es.","og_url":"https:\/\/holyland-olivewood.com\/fr\/produit\/bethleem-olivier-twist-pull-tire-bouchon-ki136\/","og_site_name":"Holy Land Olive Wood - Bethlehem Olive Wood Factory","article_publisher":"https:\/\/www.facebook.com\/holylandolivewood.bethlehem\/","og_image":[{"width":1550,"height":1200,"url":"https:\/\/holyland-olivewood.com\/wp-content\/uploads\/2018\/08\/bethlehem_olive_wood_wine_opener_ki136.jpg","type":"image\/jpeg"}],"twitter_card":"summary_large_image","schema":{"@context":"https:\/\/schema.org","@graph":[{"@type":"WebPage","@id":"https:\/\/holyland-olivewood.com\/fr\/produit\/bethleem-olivier-twist-pull-tire-bouchon-ki136\/","url":"https:\/\/holyland-olivewood.com\/fr\/produit\/bethleem-olivier-twist-pull-tire-bouchon-ki136\/","name":"Bethlehem Olivewood Twist &amp; Pull Tire-bouchon #KI136 - Holy Land Olive Wood - Bethlehem Olive Wood Factory","isPartOf":{"@id":"https:\/\/holyland-olivewood.com\/fr\/#website"},"primaryImageOfPage":{"@id":"https:\/\/holyland-olivewood.com\/fr\/produit\/bethleem-olivier-twist-pull-tire-bouchon-ki136\/#primaryimage"},"image":{"@id":"https:\/\/holyland-olivewood.com\/fr\/produit\/bethleem-olivier-twist-pull-tire-bouchon-ki136\/#primaryimage"},"thumbnailUrl":"https:\/\/holyland-olivewood.com\/wp-content\/uploads\/2018\/08\/bethlehem_olive_wood_wine_opener_ki136.jpg","datePublished":"2022-02-09T07:52:56+00:00","description":"Artisanat en bois d\u2019olivier de Bethl\u00e9em (c\u2019est-\u00e0-dire ustensiles de cuisine, bouchon de bouteille) trempette au miel, spatule, fourchette, mortier et stock brut dans les dimensions standard et personnalis\u00e9es.","breadcrumb":{"@id":"https:\/\/holyland-olivewood.com\/fr\/produit\/bethleem-olivier-twist-pull-tire-bouchon-ki136\/#breadcrumb"},"inLanguage":"fr-FR","potentialAction":[{"@type":"ReadAction","target":["https:\/\/holyland-olivewood.com\/fr\/produit\/bethleem-olivier-twist-pull-tire-bouchon-ki136\/"]}]},{"@type":"ImageObject","inLanguage":"fr-FR","@id":"https:\/\/holyland-olivewood.com\/fr\/produit\/bethleem-olivier-twist-pull-tire-bouchon-ki136\/#primaryimage","url":"https:\/\/holyland-olivewood.com\/wp-content\/uploads\/2018\/08\/bethlehem_olive_wood_wine_opener_ki136.jpg","contentUrl":"https:\/\/holyland-olivewood.com\/wp-content\/uploads\/2018\/08\/bethlehem_olive_wood_wine_opener_ki136.jpg","width":1550,"height":1200},{"@type":"BreadcrumbList","@id":"https:\/\/holyland-olivewood.com\/fr\/produit\/bethleem-olivier-twist-pull-tire-bouchon-ki136\/#breadcrumb","itemListElement":[{"@type":"ListItem","position":1,"name":"Home","item":"https:\/\/holyland-olivewood.com\/fr\/home\/"},{"@type":"ListItem","position":2,"name":"Voir tous les produits","item":"https:\/\/holyland-olivewood.com\/fr\/shop\/"},{"@type":"ListItem","position":3,"name":"Bethlehem Olivewood Twist &amp; Pull Tire-bouchon #KI136"}]},{"@type":"WebSite","@id":"https:\/\/holyland-olivewood.com\/fr\/#website","url":"https:\/\/holyland-olivewood.com\/fr\/","name":"Holy Land Olive Wood - Bethlehem Olive Wood Factory","description":"Holy Land Olivewood Bethlehem","publisher":{"@id":"https:\/\/holyland-olivewood.com\/fr\/#organization"},"potentialAction":[{"@type":"SearchAction","target":{"@type":"EntryPoint","urlTemplate":"https:\/\/holyland-olivewood.com\/fr\/?s={search_term_string}"},"query-input":{"@type":"PropertyValueSpecification","valueRequired":true,"valueName":"search_term_string"}}],"inLanguage":"fr-FR"},{"@type":"Organization","@id":"https:\/\/holyland-olivewood.com\/fr\/#organization","name":"Holy Land Olivewood","url":"https:\/\/holyland-olivewood.com\/fr\/","logo":{"@type":"ImageObject","inLanguage":"fr-FR","@id":"https:\/\/holyland-olivewood.com\/fr\/#\/schema\/logo\/image\/","url":"","contentUrl":"","caption":"Holy Land Olivewood"},"image":{"@id":"https:\/\/holyland-olivewood.com\/fr\/#\/schema\/logo\/image\/"},"sameAs":["https:\/\/www.facebook.com\/holylandolivewood.bethlehem\/","http:\/\/instagram.com\/holy.land.olive.wood"]}]}},"_links":{"self":[{"href":"https:\/\/holyland-olivewood.com\/fr\/wp-json\/wp\/v2\/product\/42648","targetHints":{"allow":["GET"]}}],"collection":[{"href":"https:\/\/holyland-olivewood.com\/fr\/wp-json\/wp\/v2\/product"}],"about":[{"href":"https:\/\/holyland-olivewood.com\/fr\/wp-json\/wp\/v2\/types\/product"}],"replies":[{"embeddable":true,"href":"https:\/\/holyland-olivewood.com\/fr\/wp-json\/wp\/v2\/comments?post=42648"}],"version-history":[{"count":0,"href":"https:\/\/holyland-olivewood.com\/fr\/wp-json\/wp\/v2\/product\/42648\/revisions"}],"wp:featuredmedia":[{"embeddable":true,"href":"https:\/\/holyland-olivewood.com\/fr\/wp-json\/wp\/v2\/media\/34436"}],"wp:attachment":[{"href":"https:\/\/holyland-olivewood.com\/fr\/wp-json\/wp\/v2\/media?parent=42648"}],"wp:term":[{"taxonomy":"product_brand","embeddable":true,"href":"https:\/\/holyland-olivewood.com\/fr\/wp-json\/wp\/v2\/product_brand?post=42648"},{"taxonomy":"product_cat","embeddable":true,"href":"https:\/\/holyland-olivewood.com\/fr\/wp-json\/wp\/v2\/product_cat?post=42648"},{"taxonomy":"product_tag","embeddable":true,"href":"https:\/\/holyland-olivewood.com\/fr\/wp-json\/wp\/v2\/product_tag?post=42648"}],"curies":[{"name":"wp","href":"https:\/\/api.w.org\/{rel}","templated":true}]}}