{"id":42252,"date":"2018-08-27T16:45:49","date_gmt":"2022-02-09T07:37:04","guid":{"rendered":"https:\/\/holyland-olivewood.com\/product\/noeud-papillon-en-bois-diamond-style-dolivier-de-bethleem-fabrique-a-la-main-w103\/"},"modified":"2022-02-09T07:37:04","modified_gmt":"2022-02-09T07:37:04","slug":"artisanal-bethleem-bois-dolivier-noeud-cravate-diamant-style-w103","status":"publish","type":"product","link":"https:\/\/holyland-olivewood.com\/fr\/produit\/artisanal-bethleem-bois-dolivier-noeud-cravate-diamant-style-w103\/","title":{"rendered":"N\u0153ud papillon en bois [Diamond Style] d\u2019olivier de Bethl\u00e9em fabriqu\u00e9 \u00e0 la main #W103"},"content":{"rendered":"","protected":false},"excerpt":{"rendered":"<p>Ce magnifique n\u0153ud papillon est fabriqu\u00e9 \u00e0 la main en Terre Sainte \u00e0 partir d\u2019une seule pi\u00e8ce de bois d\u2019olivier de Bethl\u00e9em authentique et r\u00e9colt\u00e9 de mani\u00e8re durable. Cette pi\u00e8ce est tr\u00e8s durable et a une finition fine qui est soyeuse et lisse au toucher. Il est mont\u00e9 sur une bande \u00e9lastique tr\u00e8s durable de 2 centim\u00e8tres de large avec des clips en acier robustes. Ce n\u0153ud papillon est \u00e9galement s\u00fbr de correspondre \u00e0 n\u2019importe quelle tenue, car son 100{2f9fea33a2c142858c406f70e8527ba43513ec75a7d01dae5601b00fab7679f6}  La pi\u00e8ce ma\u00eetresse en satin pur est disponible dans les 11 couleurs suivantes: A.) Lavendar, B.) Violet, C.) Rouge, D.) Bourgogne, E.) Pistache, F.) Or, G.) Argent, H.) Noir, I.) White, J.) Blanc cass\u00e9 &amp; K.) Bleu marine<\/p>\n<p>Cet article comprend un certificat d\u2019authenticit\u00e9 v\u00e9rifiant les mat\u00e9riaux et les techniques utilis\u00e9s pour fabriquer ce produit.<\/p>\n<p><strong>Taille:<\/strong> 12 cm x 5 cm (4.75&nbsp;\u00bb x 2&nbsp;\u00bb)<\/p>\n","protected":false},"featured_media":51532,"comment_status":"closed","ping_status":"closed","template":"","meta":[],"product_brand":[],"product_cat":[2782],"product_tag":[],"class_list":{"0":"post-42252","1":"product","2":"type-product","3":"status-publish","4":"has-post-thumbnail","6":"product_cat-noeud-papillon-en-bois","8":"first","9":"instock","10":"shipping-taxable","11":"purchasable","12":"product-type-variable"},"yoast_head":"<!-- This site is optimized with the Yoast SEO plugin v27.4 - https:\/\/yoast.com\/product\/yoast-seo-wordpress\/ -->\n<title>N\u0153ud papillon en bois [Diamond Style] d\u2019olivier de Bethl\u00e9em fabriqu\u00e9 \u00e0 la main #W103 - Holy Land Olive Wood - Bethlehem Olive Wood Factory<\/title>\n<meta name=\"description\" content=\"Noeud d\u2019arc en bois d\u2019olivier artisanat en bois (c\u2019est-\u00e0-dire n\u0153ud papillon en bois d\u2019olivier) sainte famille, No\u00ebl, figurines, et stock brut dans les dimensions standard et personnalis\u00e9es.\" \/>\n<meta name=\"robots\" content=\"index, follow, max-snippet:-1, max-image-preview:large, max-video-preview:-1\" \/>\n<link rel=\"canonical\" href=\"https:\/\/holyland-olivewood.com\/fr\/produit\/artisanal-bethleem-bois-dolivier-noeud-cravate-diamant-style-w103\/\" \/>\n<meta property=\"og:locale\" content=\"fr_FR\" \/>\n<meta property=\"og:type\" content=\"article\" \/>\n<meta property=\"og:title\" content=\"N\u0153ud papillon en bois [Diamond Style] d\u2019olivier de Bethl\u00e9em fabriqu\u00e9 \u00e0 la main #W103 - Holy Land Olive Wood - Bethlehem Olive Wood Factory\" \/>\n<meta property=\"og:description\" content=\"Noeud d\u2019arc en bois d\u2019olivier artisanat en bois (c\u2019est-\u00e0-dire n\u0153ud papillon en bois d\u2019olivier) sainte famille, No\u00ebl, figurines, et stock brut dans les dimensions standard et personnalis\u00e9es.\" \/>\n<meta property=\"og:url\" content=\"https:\/\/holyland-olivewood.com\/fr\/produit\/artisanal-bethleem-bois-dolivier-noeud-cravate-diamant-style-w103\/\" \/>\n<meta property=\"og:site_name\" content=\"Holy Land Olive Wood - Bethlehem Olive Wood Factory\" \/>\n<meta property=\"article:publisher\" content=\"https:\/\/www.facebook.com\/holylandolivewood.bethlehem\/\" \/>\n<meta property=\"og:image\" content=\"https:\/\/holyland-olivewood.com\/wp-content\/uploads\/2018\/08\/wooden_bow_tie_olive_wood_handmade_holy_land_bethlehem_w103-1.jpg\" \/>\n\t<meta property=\"og:image:width\" content=\"1550\" \/>\n\t<meta property=\"og:image:height\" content=\"1200\" \/>\n\t<meta property=\"og:image:type\" content=\"image\/jpeg\" \/>\n<meta name=\"twitter:card\" content=\"summary_large_image\" \/>\n<script type=\"application\/ld+json\" class=\"yoast-schema-graph\">{\"@context\":\"https:\\\/\\\/schema.org\",\"@graph\":[{\"@type\":\"WebPage\",\"@id\":\"https:\\\/\\\/holyland-olivewood.com\\\/fr\\\/produit\\\/artisanal-bethleem-bois-dolivier-noeud-cravate-diamant-style-w103\\\/\",\"url\":\"https:\\\/\\\/holyland-olivewood.com\\\/fr\\\/produit\\\/artisanal-bethleem-bois-dolivier-noeud-cravate-diamant-style-w103\\\/\",\"name\":\"N\u0153ud papillon en bois [Diamond Style] d\u2019olivier de Bethl\u00e9em fabriqu\u00e9 \u00e0 la main #W103 - Holy Land Olive Wood - Bethlehem Olive Wood Factory\",\"isPartOf\":{\"@id\":\"https:\\\/\\\/holyland-olivewood.com\\\/fr\\\/#website\"},\"primaryImageOfPage\":{\"@id\":\"https:\\\/\\\/holyland-olivewood.com\\\/fr\\\/produit\\\/artisanal-bethleem-bois-dolivier-noeud-cravate-diamant-style-w103\\\/#primaryimage\"},\"image\":{\"@id\":\"https:\\\/\\\/holyland-olivewood.com\\\/fr\\\/produit\\\/artisanal-bethleem-bois-dolivier-noeud-cravate-diamant-style-w103\\\/#primaryimage\"},\"thumbnailUrl\":\"https:\\\/\\\/holyland-olivewood.com\\\/wp-content\\\/uploads\\\/2018\\\/08\\\/wooden_bow_tie_olive_wood_handmade_holy_land_bethlehem_w103-1.jpg\",\"datePublished\":\"2022-02-09T07:37:04+00:00\",\"description\":\"Noeud d\u2019arc en bois d\u2019olivier artisanat en bois (c\u2019est-\u00e0-dire n\u0153ud papillon en bois d\u2019olivier) sainte famille, No\u00ebl, figurines, et stock brut dans les dimensions standard et personnalis\u00e9es.\",\"breadcrumb\":{\"@id\":\"https:\\\/\\\/holyland-olivewood.com\\\/fr\\\/produit\\\/artisanal-bethleem-bois-dolivier-noeud-cravate-diamant-style-w103\\\/#breadcrumb\"},\"inLanguage\":\"fr-FR\",\"potentialAction\":[{\"@type\":\"ReadAction\",\"target\":[\"https:\\\/\\\/holyland-olivewood.com\\\/fr\\\/produit\\\/artisanal-bethleem-bois-dolivier-noeud-cravate-diamant-style-w103\\\/\"]}]},{\"@type\":\"ImageObject\",\"inLanguage\":\"fr-FR\",\"@id\":\"https:\\\/\\\/holyland-olivewood.com\\\/fr\\\/produit\\\/artisanal-bethleem-bois-dolivier-noeud-cravate-diamant-style-w103\\\/#primaryimage\",\"url\":\"https:\\\/\\\/holyland-olivewood.com\\\/wp-content\\\/uploads\\\/2018\\\/08\\\/wooden_bow_tie_olive_wood_handmade_holy_land_bethlehem_w103-1.jpg\",\"contentUrl\":\"https:\\\/\\\/holyland-olivewood.com\\\/wp-content\\\/uploads\\\/2018\\\/08\\\/wooden_bow_tie_olive_wood_handmade_holy_land_bethlehem_w103-1.jpg\",\"width\":1550,\"height\":1200},{\"@type\":\"BreadcrumbList\",\"@id\":\"https:\\\/\\\/holyland-olivewood.com\\\/fr\\\/produit\\\/artisanal-bethleem-bois-dolivier-noeud-cravate-diamant-style-w103\\\/#breadcrumb\",\"itemListElement\":[{\"@type\":\"ListItem\",\"position\":1,\"name\":\"Home\",\"item\":\"https:\\\/\\\/holyland-olivewood.com\\\/fr\\\/home\\\/\"},{\"@type\":\"ListItem\",\"position\":2,\"name\":\"Voir tous les produits\",\"item\":\"https:\\\/\\\/holyland-olivewood.com\\\/fr\\\/shop\\\/\"},{\"@type\":\"ListItem\",\"position\":3,\"name\":\"N\u0153ud papillon en bois [Diamond Style] d\u2019olivier de Bethl\u00e9em fabriqu\u00e9 \u00e0 la main #W103\"}]},{\"@type\":\"WebSite\",\"@id\":\"https:\\\/\\\/holyland-olivewood.com\\\/fr\\\/#website\",\"url\":\"https:\\\/\\\/holyland-olivewood.com\\\/fr\\\/\",\"name\":\"Holy Land Olive Wood - Bethlehem Olive Wood Factory\",\"description\":\"Holy Land Olivewood Bethlehem\",\"publisher\":{\"@id\":\"https:\\\/\\\/holyland-olivewood.com\\\/fr\\\/#organization\"},\"potentialAction\":[{\"@type\":\"SearchAction\",\"target\":{\"@type\":\"EntryPoint\",\"urlTemplate\":\"https:\\\/\\\/holyland-olivewood.com\\\/fr\\\/?s={search_term_string}\"},\"query-input\":{\"@type\":\"PropertyValueSpecification\",\"valueRequired\":true,\"valueName\":\"search_term_string\"}}],\"inLanguage\":\"fr-FR\"},{\"@type\":\"Organization\",\"@id\":\"https:\\\/\\\/holyland-olivewood.com\\\/fr\\\/#organization\",\"name\":\"Holy Land Olivewood\",\"url\":\"https:\\\/\\\/holyland-olivewood.com\\\/fr\\\/\",\"logo\":{\"@type\":\"ImageObject\",\"inLanguage\":\"fr-FR\",\"@id\":\"https:\\\/\\\/holyland-olivewood.com\\\/fr\\\/#\\\/schema\\\/logo\\\/image\\\/\",\"url\":\"\",\"contentUrl\":\"\",\"caption\":\"Holy Land Olivewood\"},\"image\":{\"@id\":\"https:\\\/\\\/holyland-olivewood.com\\\/fr\\\/#\\\/schema\\\/logo\\\/image\\\/\"},\"sameAs\":[\"https:\\\/\\\/www.facebook.com\\\/holylandolivewood.bethlehem\\\/\",\"http:\\\/\\\/instagram.com\\\/holy.land.olive.wood\"]}]}<\/script>\n<!-- \/ Yoast SEO plugin. -->","yoast_head_json":{"title":"N\u0153ud papillon en bois [Diamond Style] d\u2019olivier de Bethl\u00e9em fabriqu\u00e9 \u00e0 la main #W103 - Holy Land Olive Wood - Bethlehem Olive Wood Factory","description":"Noeud d\u2019arc en bois d\u2019olivier artisanat en bois (c\u2019est-\u00e0-dire n\u0153ud papillon en bois d\u2019olivier) sainte famille, No\u00ebl, figurines, et stock brut dans les dimensions standard et personnalis\u00e9es.","robots":{"index":"index","follow":"follow","max-snippet":"max-snippet:-1","max-image-preview":"max-image-preview:large","max-video-preview":"max-video-preview:-1"},"canonical":"https:\/\/holyland-olivewood.com\/fr\/produit\/artisanal-bethleem-bois-dolivier-noeud-cravate-diamant-style-w103\/","og_locale":"fr_FR","og_type":"article","og_title":"N\u0153ud papillon en bois [Diamond Style] d\u2019olivier de Bethl\u00e9em fabriqu\u00e9 \u00e0 la main #W103 - Holy Land Olive Wood - Bethlehem Olive Wood Factory","og_description":"Noeud d\u2019arc en bois d\u2019olivier artisanat en bois (c\u2019est-\u00e0-dire n\u0153ud papillon en bois d\u2019olivier) sainte famille, No\u00ebl, figurines, et stock brut dans les dimensions standard et personnalis\u00e9es.","og_url":"https:\/\/holyland-olivewood.com\/fr\/produit\/artisanal-bethleem-bois-dolivier-noeud-cravate-diamant-style-w103\/","og_site_name":"Holy Land Olive Wood - Bethlehem Olive Wood Factory","article_publisher":"https:\/\/www.facebook.com\/holylandolivewood.bethlehem\/","og_image":[{"width":1550,"height":1200,"url":"https:\/\/holyland-olivewood.com\/wp-content\/uploads\/2018\/08\/wooden_bow_tie_olive_wood_handmade_holy_land_bethlehem_w103-1.jpg","type":"image\/jpeg"}],"twitter_card":"summary_large_image","schema":{"@context":"https:\/\/schema.org","@graph":[{"@type":"WebPage","@id":"https:\/\/holyland-olivewood.com\/fr\/produit\/artisanal-bethleem-bois-dolivier-noeud-cravate-diamant-style-w103\/","url":"https:\/\/holyland-olivewood.com\/fr\/produit\/artisanal-bethleem-bois-dolivier-noeud-cravate-diamant-style-w103\/","name":"N\u0153ud papillon en bois [Diamond Style] d\u2019olivier de Bethl\u00e9em fabriqu\u00e9 \u00e0 la main #W103 - Holy Land Olive Wood - Bethlehem Olive Wood Factory","isPartOf":{"@id":"https:\/\/holyland-olivewood.com\/fr\/#website"},"primaryImageOfPage":{"@id":"https:\/\/holyland-olivewood.com\/fr\/produit\/artisanal-bethleem-bois-dolivier-noeud-cravate-diamant-style-w103\/#primaryimage"},"image":{"@id":"https:\/\/holyland-olivewood.com\/fr\/produit\/artisanal-bethleem-bois-dolivier-noeud-cravate-diamant-style-w103\/#primaryimage"},"thumbnailUrl":"https:\/\/holyland-olivewood.com\/wp-content\/uploads\/2018\/08\/wooden_bow_tie_olive_wood_handmade_holy_land_bethlehem_w103-1.jpg","datePublished":"2022-02-09T07:37:04+00:00","description":"Noeud d\u2019arc en bois d\u2019olivier artisanat en bois (c\u2019est-\u00e0-dire n\u0153ud papillon en bois d\u2019olivier) sainte famille, No\u00ebl, figurines, et stock brut dans les dimensions standard et personnalis\u00e9es.","breadcrumb":{"@id":"https:\/\/holyland-olivewood.com\/fr\/produit\/artisanal-bethleem-bois-dolivier-noeud-cravate-diamant-style-w103\/#breadcrumb"},"inLanguage":"fr-FR","potentialAction":[{"@type":"ReadAction","target":["https:\/\/holyland-olivewood.com\/fr\/produit\/artisanal-bethleem-bois-dolivier-noeud-cravate-diamant-style-w103\/"]}]},{"@type":"ImageObject","inLanguage":"fr-FR","@id":"https:\/\/holyland-olivewood.com\/fr\/produit\/artisanal-bethleem-bois-dolivier-noeud-cravate-diamant-style-w103\/#primaryimage","url":"https:\/\/holyland-olivewood.com\/wp-content\/uploads\/2018\/08\/wooden_bow_tie_olive_wood_handmade_holy_land_bethlehem_w103-1.jpg","contentUrl":"https:\/\/holyland-olivewood.com\/wp-content\/uploads\/2018\/08\/wooden_bow_tie_olive_wood_handmade_holy_land_bethlehem_w103-1.jpg","width":1550,"height":1200},{"@type":"BreadcrumbList","@id":"https:\/\/holyland-olivewood.com\/fr\/produit\/artisanal-bethleem-bois-dolivier-noeud-cravate-diamant-style-w103\/#breadcrumb","itemListElement":[{"@type":"ListItem","position":1,"name":"Home","item":"https:\/\/holyland-olivewood.com\/fr\/home\/"},{"@type":"ListItem","position":2,"name":"Voir tous les produits","item":"https:\/\/holyland-olivewood.com\/fr\/shop\/"},{"@type":"ListItem","position":3,"name":"N\u0153ud papillon en bois [Diamond Style] d\u2019olivier de Bethl\u00e9em fabriqu\u00e9 \u00e0 la main #W103"}]},{"@type":"WebSite","@id":"https:\/\/holyland-olivewood.com\/fr\/#website","url":"https:\/\/holyland-olivewood.com\/fr\/","name":"Holy Land Olive Wood - Bethlehem Olive Wood Factory","description":"Holy Land Olivewood Bethlehem","publisher":{"@id":"https:\/\/holyland-olivewood.com\/fr\/#organization"},"potentialAction":[{"@type":"SearchAction","target":{"@type":"EntryPoint","urlTemplate":"https:\/\/holyland-olivewood.com\/fr\/?s={search_term_string}"},"query-input":{"@type":"PropertyValueSpecification","valueRequired":true,"valueName":"search_term_string"}}],"inLanguage":"fr-FR"},{"@type":"Organization","@id":"https:\/\/holyland-olivewood.com\/fr\/#organization","name":"Holy Land Olivewood","url":"https:\/\/holyland-olivewood.com\/fr\/","logo":{"@type":"ImageObject","inLanguage":"fr-FR","@id":"https:\/\/holyland-olivewood.com\/fr\/#\/schema\/logo\/image\/","url":"","contentUrl":"","caption":"Holy Land Olivewood"},"image":{"@id":"https:\/\/holyland-olivewood.com\/fr\/#\/schema\/logo\/image\/"},"sameAs":["https:\/\/www.facebook.com\/holylandolivewood.bethlehem\/","http:\/\/instagram.com\/holy.land.olive.wood"]}]}},"_links":{"self":[{"href":"https:\/\/holyland-olivewood.com\/fr\/wp-json\/wp\/v2\/product\/42252","targetHints":{"allow":["GET"]}}],"collection":[{"href":"https:\/\/holyland-olivewood.com\/fr\/wp-json\/wp\/v2\/product"}],"about":[{"href":"https:\/\/holyland-olivewood.com\/fr\/wp-json\/wp\/v2\/types\/product"}],"replies":[{"embeddable":true,"href":"https:\/\/holyland-olivewood.com\/fr\/wp-json\/wp\/v2\/comments?post=42252"}],"version-history":[{"count":0,"href":"https:\/\/holyland-olivewood.com\/fr\/wp-json\/wp\/v2\/product\/42252\/revisions"}],"wp:featuredmedia":[{"embeddable":true,"href":"https:\/\/holyland-olivewood.com\/fr\/wp-json\/wp\/v2\/media\/51532"}],"wp:attachment":[{"href":"https:\/\/holyland-olivewood.com\/fr\/wp-json\/wp\/v2\/media?parent=42252"}],"wp:term":[{"taxonomy":"product_brand","embeddable":true,"href":"https:\/\/holyland-olivewood.com\/fr\/wp-json\/wp\/v2\/product_brand?post=42252"},{"taxonomy":"product_cat","embeddable":true,"href":"https:\/\/holyland-olivewood.com\/fr\/wp-json\/wp\/v2\/product_cat?post=42252"},{"taxonomy":"product_tag","embeddable":true,"href":"https:\/\/holyland-olivewood.com\/fr\/wp-json\/wp\/v2\/product_tag?post=42252"}],"curies":[{"name":"wp","href":"https:\/\/api.w.org\/{rel}","templated":true}]}}