{"id":41845,"date":"2018-09-06T13:22:34","date_gmt":"2022-02-09T05:41:05","guid":{"rendered":"https:\/\/holyland-olivewood.com\/product\/gel-daloe-vera-de-la-mer-morte-50ml-d118\/"},"modified":"2022-02-09T05:41:05","modified_gmt":"2022-02-09T05:41:05","slug":"mer-morte-aloe-vera-gel-50ml-d118","status":"publish","type":"product","link":"https:\/\/holyland-olivewood.com\/fr\/produit\/mer-morte-aloe-vera-gel-50ml-d118\/","title":{"rendered":"Gel d\u2019Aloe Vera de la Mer Morte (50ml) #D118"},"content":{"rendered":"<p>Gel d\u2019Aloe Vera de la Mer Morte<\/p>\n","protected":false},"excerpt":{"rendered":"<p><strong>Gel d\u2019Aloe Vera de la Mer Morte (50ml)<\/strong><br \/>\n<strong>Avec des min\u00e9raux de la mer Morte et de l\u2019huile de macadamia<\/strong><\/p>\n<p>Ce gel enti\u00e8rement naturel contient une fusion de sel de la mer Morte, d\u2019extrait concentr\u00e9 d\u2019Aloe Vera et d\u2019huile de macadamia. Cette combinaison puissante peut soulager efficacement un large spectre d\u2019irritations cutan\u00e9es (piq\u00fbres d\u2019insectes, \u00e9ruptions cutan\u00e9es, br\u00fblures, etc.) gr\u00e2ce \u00e0 ses propri\u00e9t\u00e9s antibact\u00e9riennes, antioxydantes et hydratantes.<\/p>\n","protected":false},"featured_media":51756,"comment_status":"closed","ping_status":"closed","template":"","meta":[],"product_brand":[],"product_cat":[1744,2670],"product_tag":[2672,2678,2680,2682,2674,2676],"class_list":{"0":"post-41845","1":"product","2":"type-product","3":"status-publish","4":"has-post-thumbnail","6":"product_cat-divers","7":"product_cat-produits-de-la-mer-morte","8":"product_tag-boue-de-la-mer-morte","9":"product_tag-creme","10":"product_tag-gommage-corporel-de-la-mer-morte","11":"product_tag-sel-mineral","12":"product_tag-sel-mineral-de-la-mer-morte","13":"product_tag-soab-de-boue-noire","15":"first","16":"outofstock","17":"shipping-taxable","18":"purchasable","19":"product-type-simple"},"yoast_head":"<!-- This site is optimized with the Yoast SEO plugin v27.4 - https:\/\/yoast.com\/product\/yoast-seo-wordpress\/ -->\n<title>Gel d\u2019Aloe Vera de la Mer Morte (50ml) #D118 - Holy Land Olive Wood - Bethlehem Olive Wood Factory<\/title>\n<meta name=\"description\" content=\"Gel d\u2019Aloe Vera de la Mer Morte (Boue de la Mer Morte, Sel Min\u00e9ral de la Mer Morte) Soab de Boue Noire, Cr\u00e8me, Gommage du Corps de la Mer Morte, Boue, Sel Min\u00e9ral, de Bois d\u2019Olivier de Terre Sainte.\" \/>\n<meta name=\"robots\" content=\"index, follow, max-snippet:-1, max-image-preview:large, max-video-preview:-1\" \/>\n<link rel=\"canonical\" href=\"https:\/\/holyland-olivewood.com\/fr\/produit\/mer-morte-aloe-vera-gel-50ml-d118\/\" \/>\n<meta property=\"og:locale\" content=\"fr_FR\" \/>\n<meta property=\"og:type\" content=\"article\" \/>\n<meta property=\"og:title\" content=\"Gel d\u2019Aloe Vera de la Mer Morte (50ml) #D118 - Holy Land Olive Wood - Bethlehem Olive Wood Factory\" \/>\n<meta property=\"og:description\" content=\"Gel d\u2019Aloe Vera de la Mer Morte (Boue de la Mer Morte, Sel Min\u00e9ral de la Mer Morte) Soab de Boue Noire, Cr\u00e8me, Gommage du Corps de la Mer Morte, Boue, Sel Min\u00e9ral, de Bois d\u2019Olivier de Terre Sainte.\" \/>\n<meta property=\"og:url\" content=\"https:\/\/holyland-olivewood.com\/fr\/produit\/mer-morte-aloe-vera-gel-50ml-d118\/\" \/>\n<meta property=\"og:site_name\" content=\"Holy Land Olive Wood - Bethlehem Olive Wood Factory\" \/>\n<meta property=\"article:publisher\" content=\"https:\/\/www.facebook.com\/holylandolivewood.bethlehem\/\" \/>\n<meta property=\"og:image\" content=\"https:\/\/holyland-olivewood.com\/wp-content\/uploads\/2018\/09\/dead_sea_product_d118.jpg\" \/>\n\t<meta property=\"og:image:width\" content=\"1550\" \/>\n\t<meta property=\"og:image:height\" content=\"1200\" \/>\n\t<meta property=\"og:image:type\" content=\"image\/jpeg\" \/>\n<meta name=\"twitter:card\" content=\"summary_large_image\" \/>\n<script type=\"application\/ld+json\" class=\"yoast-schema-graph\">{\"@context\":\"https:\\\/\\\/schema.org\",\"@graph\":[{\"@type\":\"WebPage\",\"@id\":\"https:\\\/\\\/holyland-olivewood.com\\\/fr\\\/produit\\\/mer-morte-aloe-vera-gel-50ml-d118\\\/\",\"url\":\"https:\\\/\\\/holyland-olivewood.com\\\/fr\\\/produit\\\/mer-morte-aloe-vera-gel-50ml-d118\\\/\",\"name\":\"Gel d\u2019Aloe Vera de la Mer Morte (50ml) #D118 - Holy Land Olive Wood - Bethlehem Olive Wood Factory\",\"isPartOf\":{\"@id\":\"https:\\\/\\\/holyland-olivewood.com\\\/fr\\\/#website\"},\"primaryImageOfPage\":{\"@id\":\"https:\\\/\\\/holyland-olivewood.com\\\/fr\\\/produit\\\/mer-morte-aloe-vera-gel-50ml-d118\\\/#primaryimage\"},\"image\":{\"@id\":\"https:\\\/\\\/holyland-olivewood.com\\\/fr\\\/produit\\\/mer-morte-aloe-vera-gel-50ml-d118\\\/#primaryimage\"},\"thumbnailUrl\":\"https:\\\/\\\/holyland-olivewood.com\\\/wp-content\\\/uploads\\\/2018\\\/09\\\/dead_sea_product_d118.jpg\",\"datePublished\":\"2022-02-09T05:41:05+00:00\",\"description\":\"Gel d\u2019Aloe Vera de la Mer Morte (Boue de la Mer Morte, Sel Min\u00e9ral de la Mer Morte) Soab de Boue Noire, Cr\u00e8me, Gommage du Corps de la Mer Morte, Boue, Sel Min\u00e9ral, de Bois d\u2019Olivier de Terre Sainte.\",\"breadcrumb\":{\"@id\":\"https:\\\/\\\/holyland-olivewood.com\\\/fr\\\/produit\\\/mer-morte-aloe-vera-gel-50ml-d118\\\/#breadcrumb\"},\"inLanguage\":\"fr-FR\",\"potentialAction\":[{\"@type\":\"ReadAction\",\"target\":[\"https:\\\/\\\/holyland-olivewood.com\\\/fr\\\/produit\\\/mer-morte-aloe-vera-gel-50ml-d118\\\/\"]}]},{\"@type\":\"ImageObject\",\"inLanguage\":\"fr-FR\",\"@id\":\"https:\\\/\\\/holyland-olivewood.com\\\/fr\\\/produit\\\/mer-morte-aloe-vera-gel-50ml-d118\\\/#primaryimage\",\"url\":\"https:\\\/\\\/holyland-olivewood.com\\\/wp-content\\\/uploads\\\/2018\\\/09\\\/dead_sea_product_d118.jpg\",\"contentUrl\":\"https:\\\/\\\/holyland-olivewood.com\\\/wp-content\\\/uploads\\\/2018\\\/09\\\/dead_sea_product_d118.jpg\",\"width\":1550,\"height\":1200},{\"@type\":\"BreadcrumbList\",\"@id\":\"https:\\\/\\\/holyland-olivewood.com\\\/fr\\\/produit\\\/mer-morte-aloe-vera-gel-50ml-d118\\\/#breadcrumb\",\"itemListElement\":[{\"@type\":\"ListItem\",\"position\":1,\"name\":\"Home\",\"item\":\"https:\\\/\\\/holyland-olivewood.com\\\/fr\\\/home\\\/\"},{\"@type\":\"ListItem\",\"position\":2,\"name\":\"Voir tous les produits\",\"item\":\"https:\\\/\\\/holyland-olivewood.com\\\/fr\\\/shop\\\/\"},{\"@type\":\"ListItem\",\"position\":3,\"name\":\"Gel d\u2019Aloe Vera de la Mer Morte (50ml) #D118\"}]},{\"@type\":\"WebSite\",\"@id\":\"https:\\\/\\\/holyland-olivewood.com\\\/fr\\\/#website\",\"url\":\"https:\\\/\\\/holyland-olivewood.com\\\/fr\\\/\",\"name\":\"Holy Land Olive Wood - Bethlehem Olive Wood Factory\",\"description\":\"Holy Land Olivewood Bethlehem\",\"publisher\":{\"@id\":\"https:\\\/\\\/holyland-olivewood.com\\\/fr\\\/#organization\"},\"potentialAction\":[{\"@type\":\"SearchAction\",\"target\":{\"@type\":\"EntryPoint\",\"urlTemplate\":\"https:\\\/\\\/holyland-olivewood.com\\\/fr\\\/?s={search_term_string}\"},\"query-input\":{\"@type\":\"PropertyValueSpecification\",\"valueRequired\":true,\"valueName\":\"search_term_string\"}}],\"inLanguage\":\"fr-FR\"},{\"@type\":\"Organization\",\"@id\":\"https:\\\/\\\/holyland-olivewood.com\\\/fr\\\/#organization\",\"name\":\"Holy Land Olivewood\",\"url\":\"https:\\\/\\\/holyland-olivewood.com\\\/fr\\\/\",\"logo\":{\"@type\":\"ImageObject\",\"inLanguage\":\"fr-FR\",\"@id\":\"https:\\\/\\\/holyland-olivewood.com\\\/fr\\\/#\\\/schema\\\/logo\\\/image\\\/\",\"url\":\"\",\"contentUrl\":\"\",\"caption\":\"Holy Land Olivewood\"},\"image\":{\"@id\":\"https:\\\/\\\/holyland-olivewood.com\\\/fr\\\/#\\\/schema\\\/logo\\\/image\\\/\"},\"sameAs\":[\"https:\\\/\\\/www.facebook.com\\\/holylandolivewood.bethlehem\\\/\",\"http:\\\/\\\/instagram.com\\\/holy.land.olive.wood\"]}]}<\/script>\n<!-- \/ Yoast SEO plugin. -->","yoast_head_json":{"title":"Gel d\u2019Aloe Vera de la Mer Morte (50ml) #D118 - Holy Land Olive Wood - Bethlehem Olive Wood Factory","description":"Gel d\u2019Aloe Vera de la Mer Morte (Boue de la Mer Morte, Sel Min\u00e9ral de la Mer Morte) Soab de Boue Noire, Cr\u00e8me, Gommage du Corps de la Mer Morte, Boue, Sel Min\u00e9ral, de Bois d\u2019Olivier de Terre Sainte.","robots":{"index":"index","follow":"follow","max-snippet":"max-snippet:-1","max-image-preview":"max-image-preview:large","max-video-preview":"max-video-preview:-1"},"canonical":"https:\/\/holyland-olivewood.com\/fr\/produit\/mer-morte-aloe-vera-gel-50ml-d118\/","og_locale":"fr_FR","og_type":"article","og_title":"Gel d\u2019Aloe Vera de la Mer Morte (50ml) #D118 - Holy Land Olive Wood - Bethlehem Olive Wood Factory","og_description":"Gel d\u2019Aloe Vera de la Mer Morte (Boue de la Mer Morte, Sel Min\u00e9ral de la Mer Morte) Soab de Boue Noire, Cr\u00e8me, Gommage du Corps de la Mer Morte, Boue, Sel Min\u00e9ral, de Bois d\u2019Olivier de Terre Sainte.","og_url":"https:\/\/holyland-olivewood.com\/fr\/produit\/mer-morte-aloe-vera-gel-50ml-d118\/","og_site_name":"Holy Land Olive Wood - Bethlehem Olive Wood Factory","article_publisher":"https:\/\/www.facebook.com\/holylandolivewood.bethlehem\/","og_image":[{"width":1550,"height":1200,"url":"https:\/\/holyland-olivewood.com\/wp-content\/uploads\/2018\/09\/dead_sea_product_d118.jpg","type":"image\/jpeg"}],"twitter_card":"summary_large_image","schema":{"@context":"https:\/\/schema.org","@graph":[{"@type":"WebPage","@id":"https:\/\/holyland-olivewood.com\/fr\/produit\/mer-morte-aloe-vera-gel-50ml-d118\/","url":"https:\/\/holyland-olivewood.com\/fr\/produit\/mer-morte-aloe-vera-gel-50ml-d118\/","name":"Gel d\u2019Aloe Vera de la Mer Morte (50ml) #D118 - Holy Land Olive Wood - Bethlehem Olive Wood Factory","isPartOf":{"@id":"https:\/\/holyland-olivewood.com\/fr\/#website"},"primaryImageOfPage":{"@id":"https:\/\/holyland-olivewood.com\/fr\/produit\/mer-morte-aloe-vera-gel-50ml-d118\/#primaryimage"},"image":{"@id":"https:\/\/holyland-olivewood.com\/fr\/produit\/mer-morte-aloe-vera-gel-50ml-d118\/#primaryimage"},"thumbnailUrl":"https:\/\/holyland-olivewood.com\/wp-content\/uploads\/2018\/09\/dead_sea_product_d118.jpg","datePublished":"2022-02-09T05:41:05+00:00","description":"Gel d\u2019Aloe Vera de la Mer Morte (Boue de la Mer Morte, Sel Min\u00e9ral de la Mer Morte) Soab de Boue Noire, Cr\u00e8me, Gommage du Corps de la Mer Morte, Boue, Sel Min\u00e9ral, de Bois d\u2019Olivier de Terre Sainte.","breadcrumb":{"@id":"https:\/\/holyland-olivewood.com\/fr\/produit\/mer-morte-aloe-vera-gel-50ml-d118\/#breadcrumb"},"inLanguage":"fr-FR","potentialAction":[{"@type":"ReadAction","target":["https:\/\/holyland-olivewood.com\/fr\/produit\/mer-morte-aloe-vera-gel-50ml-d118\/"]}]},{"@type":"ImageObject","inLanguage":"fr-FR","@id":"https:\/\/holyland-olivewood.com\/fr\/produit\/mer-morte-aloe-vera-gel-50ml-d118\/#primaryimage","url":"https:\/\/holyland-olivewood.com\/wp-content\/uploads\/2018\/09\/dead_sea_product_d118.jpg","contentUrl":"https:\/\/holyland-olivewood.com\/wp-content\/uploads\/2018\/09\/dead_sea_product_d118.jpg","width":1550,"height":1200},{"@type":"BreadcrumbList","@id":"https:\/\/holyland-olivewood.com\/fr\/produit\/mer-morte-aloe-vera-gel-50ml-d118\/#breadcrumb","itemListElement":[{"@type":"ListItem","position":1,"name":"Home","item":"https:\/\/holyland-olivewood.com\/fr\/home\/"},{"@type":"ListItem","position":2,"name":"Voir tous les produits","item":"https:\/\/holyland-olivewood.com\/fr\/shop\/"},{"@type":"ListItem","position":3,"name":"Gel d\u2019Aloe Vera de la Mer Morte (50ml) #D118"}]},{"@type":"WebSite","@id":"https:\/\/holyland-olivewood.com\/fr\/#website","url":"https:\/\/holyland-olivewood.com\/fr\/","name":"Holy Land Olive Wood - Bethlehem Olive Wood Factory","description":"Holy Land Olivewood Bethlehem","publisher":{"@id":"https:\/\/holyland-olivewood.com\/fr\/#organization"},"potentialAction":[{"@type":"SearchAction","target":{"@type":"EntryPoint","urlTemplate":"https:\/\/holyland-olivewood.com\/fr\/?s={search_term_string}"},"query-input":{"@type":"PropertyValueSpecification","valueRequired":true,"valueName":"search_term_string"}}],"inLanguage":"fr-FR"},{"@type":"Organization","@id":"https:\/\/holyland-olivewood.com\/fr\/#organization","name":"Holy Land Olivewood","url":"https:\/\/holyland-olivewood.com\/fr\/","logo":{"@type":"ImageObject","inLanguage":"fr-FR","@id":"https:\/\/holyland-olivewood.com\/fr\/#\/schema\/logo\/image\/","url":"","contentUrl":"","caption":"Holy Land Olivewood"},"image":{"@id":"https:\/\/holyland-olivewood.com\/fr\/#\/schema\/logo\/image\/"},"sameAs":["https:\/\/www.facebook.com\/holylandolivewood.bethlehem\/","http:\/\/instagram.com\/holy.land.olive.wood"]}]}},"_links":{"self":[{"href":"https:\/\/holyland-olivewood.com\/fr\/wp-json\/wp\/v2\/product\/41845","targetHints":{"allow":["GET"]}}],"collection":[{"href":"https:\/\/holyland-olivewood.com\/fr\/wp-json\/wp\/v2\/product"}],"about":[{"href":"https:\/\/holyland-olivewood.com\/fr\/wp-json\/wp\/v2\/types\/product"}],"replies":[{"embeddable":true,"href":"https:\/\/holyland-olivewood.com\/fr\/wp-json\/wp\/v2\/comments?post=41845"}],"version-history":[{"count":0,"href":"https:\/\/holyland-olivewood.com\/fr\/wp-json\/wp\/v2\/product\/41845\/revisions"}],"wp:featuredmedia":[{"embeddable":true,"href":"https:\/\/holyland-olivewood.com\/fr\/wp-json\/wp\/v2\/media\/51756"}],"wp:attachment":[{"href":"https:\/\/holyland-olivewood.com\/fr\/wp-json\/wp\/v2\/media?parent=41845"}],"wp:term":[{"taxonomy":"product_brand","embeddable":true,"href":"https:\/\/holyland-olivewood.com\/fr\/wp-json\/wp\/v2\/product_brand?post=41845"},{"taxonomy":"product_cat","embeddable":true,"href":"https:\/\/holyland-olivewood.com\/fr\/wp-json\/wp\/v2\/product_cat?post=41845"},{"taxonomy":"product_tag","embeddable":true,"href":"https:\/\/holyland-olivewood.com\/fr\/wp-json\/wp\/v2\/product_tag?post=41845"}],"curies":[{"name":"wp","href":"https:\/\/api.w.org\/{rel}","templated":true}]}}