{"id":41834,"date":"2018-09-06T13:31:03","date_gmt":"2022-02-09T05:40:58","guid":{"rendered":"https:\/\/holyland-olivewood.com\/product\/gommage-corps-mer-morte-rose-400g-d121\/"},"modified":"2022-02-09T05:40:58","modified_gmt":"2022-02-09T05:40:58","slug":"corps-de-la-mer-morte-gommage-rose-400g-d121","status":"publish","type":"product","link":"https:\/\/holyland-olivewood.com\/fr\/produit\/corps-de-la-mer-morte-gommage-rose-400g-d121\/","title":{"rendered":"Gommage corps mer Morte &#8211; Rose (400g) #D121"},"content":{"rendered":"<p>Gommage corporel de la mer Morte<\/p>\n","protected":false},"excerpt":{"rendered":"<p><strong>Gommage corps mer Morte &#8211; Rose (400g)<\/strong><\/p>\n<p>Ce gommage corporel enti\u00e8rement naturel est fabriqu\u00e9 \u00e0 partir de sel de la mer Morte riche en min\u00e9raux enrichi en huile de germe de bl\u00e9, huile de jojoba, huile d\u2019olive, huile d\u2019avocat, huile de paraffine, huile de tournesol biologique, huile de p\u00e9pins de raisin, vitamine E et extrait de rose.<\/p>\n<p>Cette combinaison r\u00e9g\u00e9n\u00e9rative de vitamines, de min\u00e9raux et d\u2019antioxydants am\u00e9liore la circulation sanguine, r\u00e9duit la cellulite, hydrate et soulage les affections cutan\u00e9es, telles que le psoriasis, l\u2019ecz\u00e9ma et les \u00e9ruptions cutan\u00e9es.<\/p>\n<p><strong>Instructions:<\/strong> Massez le gommage dans votre peau dans un mouvement circulaire jusqu\u2019\u00e0 ce que votre peau soit satur\u00e9e de ses huiles. Massez les zones particuli\u00e8rement s\u00e8ches et\/ou endommag\u00e9es, puis lavez-les \u00e0 l\u2019eau sans utiliser de savon. Pour des r\u00e9sultats optimaux, r\u00e9p\u00e9tez ce processus 2 \u00e0 3 fois par semaine.<\/p>\n<p><strong>Quantit\u00e9 :<\/strong> 400 Gramme<\/p>\n","protected":false},"featured_media":51720,"comment_status":"closed","ping_status":"closed","template":"","meta":[],"product_brand":[],"product_cat":[1744,2670],"product_tag":[2672,2678,2680,2682,2674,2676],"class_list":{"0":"post-41834","1":"product","2":"type-product","3":"status-publish","4":"has-post-thumbnail","6":"product_cat-divers","7":"product_cat-produits-de-la-mer-morte","8":"product_tag-boue-de-la-mer-morte","9":"product_tag-creme","10":"product_tag-gommage-corporel-de-la-mer-morte","11":"product_tag-sel-mineral","12":"product_tag-sel-mineral-de-la-mer-morte","13":"product_tag-soab-de-boue-noire","15":"first","16":"outofstock","17":"shipping-taxable","18":"purchasable","19":"product-type-simple"},"yoast_head":"<!-- This site is optimized with the Yoast SEO plugin v27.4 - https:\/\/yoast.com\/product\/yoast-seo-wordpress\/ -->\n<title>Gommage corps mer Morte - Rose (400g) #D121 - Holy Land Olive Wood - Bethlehem Olive Wood Factory<\/title>\n<meta name=\"description\" content=\"Gommage corporel de la mer Morte (boue de la mer Morte, sel min\u00e9ral de la mer Morte) Soab de boue noire, cr\u00e8me, gommage corporel de la mer Morte, boue, sel min\u00e9ral, de bois d\u2019olivier de Terre Sainte.\" \/>\n<meta name=\"robots\" content=\"index, follow, max-snippet:-1, max-image-preview:large, max-video-preview:-1\" \/>\n<link rel=\"canonical\" href=\"https:\/\/holyland-olivewood.com\/fr\/produit\/corps-de-la-mer-morte-gommage-rose-400g-d121\/\" \/>\n<meta property=\"og:locale\" content=\"fr_FR\" \/>\n<meta property=\"og:type\" content=\"article\" \/>\n<meta property=\"og:title\" content=\"Gommage corps mer Morte - Rose (400g) #D121 - Holy Land Olive Wood - Bethlehem Olive Wood Factory\" \/>\n<meta property=\"og:description\" content=\"Gommage corporel de la mer Morte (boue de la mer Morte, sel min\u00e9ral de la mer Morte) Soab de boue noire, cr\u00e8me, gommage corporel de la mer Morte, boue, sel min\u00e9ral, de bois d\u2019olivier de Terre Sainte.\" \/>\n<meta property=\"og:url\" content=\"https:\/\/holyland-olivewood.com\/fr\/produit\/corps-de-la-mer-morte-gommage-rose-400g-d121\/\" \/>\n<meta property=\"og:site_name\" content=\"Holy Land Olive Wood - Bethlehem Olive Wood Factory\" \/>\n<meta property=\"article:publisher\" content=\"https:\/\/www.facebook.com\/holylandolivewood.bethlehem\/\" \/>\n<meta property=\"og:image\" content=\"https:\/\/holyland-olivewood.com\/wp-content\/uploads\/2018\/09\/dead_sea_product_d121.jpg\" \/>\n\t<meta property=\"og:image:width\" content=\"1550\" \/>\n\t<meta property=\"og:image:height\" content=\"1200\" \/>\n\t<meta property=\"og:image:type\" content=\"image\/jpeg\" \/>\n<meta name=\"twitter:card\" content=\"summary_large_image\" \/>\n<script type=\"application\/ld+json\" class=\"yoast-schema-graph\">{\"@context\":\"https:\\\/\\\/schema.org\",\"@graph\":[{\"@type\":\"WebPage\",\"@id\":\"https:\\\/\\\/holyland-olivewood.com\\\/fr\\\/produit\\\/corps-de-la-mer-morte-gommage-rose-400g-d121\\\/\",\"url\":\"https:\\\/\\\/holyland-olivewood.com\\\/fr\\\/produit\\\/corps-de-la-mer-morte-gommage-rose-400g-d121\\\/\",\"name\":\"Gommage corps mer Morte - Rose (400g) #D121 - Holy Land Olive Wood - Bethlehem Olive Wood Factory\",\"isPartOf\":{\"@id\":\"https:\\\/\\\/holyland-olivewood.com\\\/fr\\\/#website\"},\"primaryImageOfPage\":{\"@id\":\"https:\\\/\\\/holyland-olivewood.com\\\/fr\\\/produit\\\/corps-de-la-mer-morte-gommage-rose-400g-d121\\\/#primaryimage\"},\"image\":{\"@id\":\"https:\\\/\\\/holyland-olivewood.com\\\/fr\\\/produit\\\/corps-de-la-mer-morte-gommage-rose-400g-d121\\\/#primaryimage\"},\"thumbnailUrl\":\"https:\\\/\\\/holyland-olivewood.com\\\/wp-content\\\/uploads\\\/2018\\\/09\\\/dead_sea_product_d121.jpg\",\"datePublished\":\"2022-02-09T05:40:58+00:00\",\"description\":\"Gommage corporel de la mer Morte (boue de la mer Morte, sel min\u00e9ral de la mer Morte) Soab de boue noire, cr\u00e8me, gommage corporel de la mer Morte, boue, sel min\u00e9ral, de bois d\u2019olivier de Terre Sainte.\",\"breadcrumb\":{\"@id\":\"https:\\\/\\\/holyland-olivewood.com\\\/fr\\\/produit\\\/corps-de-la-mer-morte-gommage-rose-400g-d121\\\/#breadcrumb\"},\"inLanguage\":\"fr-FR\",\"potentialAction\":[{\"@type\":\"ReadAction\",\"target\":[\"https:\\\/\\\/holyland-olivewood.com\\\/fr\\\/produit\\\/corps-de-la-mer-morte-gommage-rose-400g-d121\\\/\"]}]},{\"@type\":\"ImageObject\",\"inLanguage\":\"fr-FR\",\"@id\":\"https:\\\/\\\/holyland-olivewood.com\\\/fr\\\/produit\\\/corps-de-la-mer-morte-gommage-rose-400g-d121\\\/#primaryimage\",\"url\":\"https:\\\/\\\/holyland-olivewood.com\\\/wp-content\\\/uploads\\\/2018\\\/09\\\/dead_sea_product_d121.jpg\",\"contentUrl\":\"https:\\\/\\\/holyland-olivewood.com\\\/wp-content\\\/uploads\\\/2018\\\/09\\\/dead_sea_product_d121.jpg\",\"width\":1550,\"height\":1200},{\"@type\":\"BreadcrumbList\",\"@id\":\"https:\\\/\\\/holyland-olivewood.com\\\/fr\\\/produit\\\/corps-de-la-mer-morte-gommage-rose-400g-d121\\\/#breadcrumb\",\"itemListElement\":[{\"@type\":\"ListItem\",\"position\":1,\"name\":\"Home\",\"item\":\"https:\\\/\\\/holyland-olivewood.com\\\/fr\\\/home\\\/\"},{\"@type\":\"ListItem\",\"position\":2,\"name\":\"Voir tous les produits\",\"item\":\"https:\\\/\\\/holyland-olivewood.com\\\/fr\\\/shop\\\/\"},{\"@type\":\"ListItem\",\"position\":3,\"name\":\"Gommage corps mer Morte &#8211; Rose (400g) #D121\"}]},{\"@type\":\"WebSite\",\"@id\":\"https:\\\/\\\/holyland-olivewood.com\\\/fr\\\/#website\",\"url\":\"https:\\\/\\\/holyland-olivewood.com\\\/fr\\\/\",\"name\":\"Holy Land Olive Wood - Bethlehem Olive Wood Factory\",\"description\":\"Holy Land Olivewood Bethlehem\",\"publisher\":{\"@id\":\"https:\\\/\\\/holyland-olivewood.com\\\/fr\\\/#organization\"},\"potentialAction\":[{\"@type\":\"SearchAction\",\"target\":{\"@type\":\"EntryPoint\",\"urlTemplate\":\"https:\\\/\\\/holyland-olivewood.com\\\/fr\\\/?s={search_term_string}\"},\"query-input\":{\"@type\":\"PropertyValueSpecification\",\"valueRequired\":true,\"valueName\":\"search_term_string\"}}],\"inLanguage\":\"fr-FR\"},{\"@type\":\"Organization\",\"@id\":\"https:\\\/\\\/holyland-olivewood.com\\\/fr\\\/#organization\",\"name\":\"Holy Land Olivewood\",\"url\":\"https:\\\/\\\/holyland-olivewood.com\\\/fr\\\/\",\"logo\":{\"@type\":\"ImageObject\",\"inLanguage\":\"fr-FR\",\"@id\":\"https:\\\/\\\/holyland-olivewood.com\\\/fr\\\/#\\\/schema\\\/logo\\\/image\\\/\",\"url\":\"\",\"contentUrl\":\"\",\"caption\":\"Holy Land Olivewood\"},\"image\":{\"@id\":\"https:\\\/\\\/holyland-olivewood.com\\\/fr\\\/#\\\/schema\\\/logo\\\/image\\\/\"},\"sameAs\":[\"https:\\\/\\\/www.facebook.com\\\/holylandolivewood.bethlehem\\\/\",\"http:\\\/\\\/instagram.com\\\/holy.land.olive.wood\"]}]}<\/script>\n<!-- \/ Yoast SEO plugin. -->","yoast_head_json":{"title":"Gommage corps mer Morte - Rose (400g) #D121 - Holy Land Olive Wood - Bethlehem Olive Wood Factory","description":"Gommage corporel de la mer Morte (boue de la mer Morte, sel min\u00e9ral de la mer Morte) Soab de boue noire, cr\u00e8me, gommage corporel de la mer Morte, boue, sel min\u00e9ral, de bois d\u2019olivier de Terre Sainte.","robots":{"index":"index","follow":"follow","max-snippet":"max-snippet:-1","max-image-preview":"max-image-preview:large","max-video-preview":"max-video-preview:-1"},"canonical":"https:\/\/holyland-olivewood.com\/fr\/produit\/corps-de-la-mer-morte-gommage-rose-400g-d121\/","og_locale":"fr_FR","og_type":"article","og_title":"Gommage corps mer Morte - Rose (400g) #D121 - Holy Land Olive Wood - Bethlehem Olive Wood Factory","og_description":"Gommage corporel de la mer Morte (boue de la mer Morte, sel min\u00e9ral de la mer Morte) Soab de boue noire, cr\u00e8me, gommage corporel de la mer Morte, boue, sel min\u00e9ral, de bois d\u2019olivier de Terre Sainte.","og_url":"https:\/\/holyland-olivewood.com\/fr\/produit\/corps-de-la-mer-morte-gommage-rose-400g-d121\/","og_site_name":"Holy Land Olive Wood - Bethlehem Olive Wood Factory","article_publisher":"https:\/\/www.facebook.com\/holylandolivewood.bethlehem\/","og_image":[{"width":1550,"height":1200,"url":"https:\/\/holyland-olivewood.com\/wp-content\/uploads\/2018\/09\/dead_sea_product_d121.jpg","type":"image\/jpeg"}],"twitter_card":"summary_large_image","schema":{"@context":"https:\/\/schema.org","@graph":[{"@type":"WebPage","@id":"https:\/\/holyland-olivewood.com\/fr\/produit\/corps-de-la-mer-morte-gommage-rose-400g-d121\/","url":"https:\/\/holyland-olivewood.com\/fr\/produit\/corps-de-la-mer-morte-gommage-rose-400g-d121\/","name":"Gommage corps mer Morte - Rose (400g) #D121 - Holy Land Olive Wood - Bethlehem Olive Wood Factory","isPartOf":{"@id":"https:\/\/holyland-olivewood.com\/fr\/#website"},"primaryImageOfPage":{"@id":"https:\/\/holyland-olivewood.com\/fr\/produit\/corps-de-la-mer-morte-gommage-rose-400g-d121\/#primaryimage"},"image":{"@id":"https:\/\/holyland-olivewood.com\/fr\/produit\/corps-de-la-mer-morte-gommage-rose-400g-d121\/#primaryimage"},"thumbnailUrl":"https:\/\/holyland-olivewood.com\/wp-content\/uploads\/2018\/09\/dead_sea_product_d121.jpg","datePublished":"2022-02-09T05:40:58+00:00","description":"Gommage corporel de la mer Morte (boue de la mer Morte, sel min\u00e9ral de la mer Morte) Soab de boue noire, cr\u00e8me, gommage corporel de la mer Morte, boue, sel min\u00e9ral, de bois d\u2019olivier de Terre Sainte.","breadcrumb":{"@id":"https:\/\/holyland-olivewood.com\/fr\/produit\/corps-de-la-mer-morte-gommage-rose-400g-d121\/#breadcrumb"},"inLanguage":"fr-FR","potentialAction":[{"@type":"ReadAction","target":["https:\/\/holyland-olivewood.com\/fr\/produit\/corps-de-la-mer-morte-gommage-rose-400g-d121\/"]}]},{"@type":"ImageObject","inLanguage":"fr-FR","@id":"https:\/\/holyland-olivewood.com\/fr\/produit\/corps-de-la-mer-morte-gommage-rose-400g-d121\/#primaryimage","url":"https:\/\/holyland-olivewood.com\/wp-content\/uploads\/2018\/09\/dead_sea_product_d121.jpg","contentUrl":"https:\/\/holyland-olivewood.com\/wp-content\/uploads\/2018\/09\/dead_sea_product_d121.jpg","width":1550,"height":1200},{"@type":"BreadcrumbList","@id":"https:\/\/holyland-olivewood.com\/fr\/produit\/corps-de-la-mer-morte-gommage-rose-400g-d121\/#breadcrumb","itemListElement":[{"@type":"ListItem","position":1,"name":"Home","item":"https:\/\/holyland-olivewood.com\/fr\/home\/"},{"@type":"ListItem","position":2,"name":"Voir tous les produits","item":"https:\/\/holyland-olivewood.com\/fr\/shop\/"},{"@type":"ListItem","position":3,"name":"Gommage corps mer Morte &#8211; Rose (400g) #D121"}]},{"@type":"WebSite","@id":"https:\/\/holyland-olivewood.com\/fr\/#website","url":"https:\/\/holyland-olivewood.com\/fr\/","name":"Holy Land Olive Wood - Bethlehem Olive Wood Factory","description":"Holy Land Olivewood Bethlehem","publisher":{"@id":"https:\/\/holyland-olivewood.com\/fr\/#organization"},"potentialAction":[{"@type":"SearchAction","target":{"@type":"EntryPoint","urlTemplate":"https:\/\/holyland-olivewood.com\/fr\/?s={search_term_string}"},"query-input":{"@type":"PropertyValueSpecification","valueRequired":true,"valueName":"search_term_string"}}],"inLanguage":"fr-FR"},{"@type":"Organization","@id":"https:\/\/holyland-olivewood.com\/fr\/#organization","name":"Holy Land Olivewood","url":"https:\/\/holyland-olivewood.com\/fr\/","logo":{"@type":"ImageObject","inLanguage":"fr-FR","@id":"https:\/\/holyland-olivewood.com\/fr\/#\/schema\/logo\/image\/","url":"","contentUrl":"","caption":"Holy Land Olivewood"},"image":{"@id":"https:\/\/holyland-olivewood.com\/fr\/#\/schema\/logo\/image\/"},"sameAs":["https:\/\/www.facebook.com\/holylandolivewood.bethlehem\/","http:\/\/instagram.com\/holy.land.olive.wood"]}]}},"_links":{"self":[{"href":"https:\/\/holyland-olivewood.com\/fr\/wp-json\/wp\/v2\/product\/41834","targetHints":{"allow":["GET"]}}],"collection":[{"href":"https:\/\/holyland-olivewood.com\/fr\/wp-json\/wp\/v2\/product"}],"about":[{"href":"https:\/\/holyland-olivewood.com\/fr\/wp-json\/wp\/v2\/types\/product"}],"replies":[{"embeddable":true,"href":"https:\/\/holyland-olivewood.com\/fr\/wp-json\/wp\/v2\/comments?post=41834"}],"version-history":[{"count":0,"href":"https:\/\/holyland-olivewood.com\/fr\/wp-json\/wp\/v2\/product\/41834\/revisions"}],"wp:featuredmedia":[{"embeddable":true,"href":"https:\/\/holyland-olivewood.com\/fr\/wp-json\/wp\/v2\/media\/51720"}],"wp:attachment":[{"href":"https:\/\/holyland-olivewood.com\/fr\/wp-json\/wp\/v2\/media?parent=41834"}],"wp:term":[{"taxonomy":"product_brand","embeddable":true,"href":"https:\/\/holyland-olivewood.com\/fr\/wp-json\/wp\/v2\/product_brand?post=41834"},{"taxonomy":"product_cat","embeddable":true,"href":"https:\/\/holyland-olivewood.com\/fr\/wp-json\/wp\/v2\/product_cat?post=41834"},{"taxonomy":"product_tag","embeddable":true,"href":"https:\/\/holyland-olivewood.com\/fr\/wp-json\/wp\/v2\/product_tag?post=41834"}],"curies":[{"name":"wp","href":"https:\/\/api.w.org\/{rel}","templated":true}]}}