{"id":41829,"date":"2018-09-06T13:22:36","date_gmt":"2022-02-09T05:40:51","guid":{"rendered":"https:\/\/holyland-olivewood.com\/product\/creme-de-nuit-regenerante-anti-age-de-la-mer-morte-50ml-d119\/"},"modified":"2022-02-09T05:40:51","modified_gmt":"2022-02-09T05:40:51","slug":"mer-morte-anti-age-regenerant-creme-de-nuit-50ml-d119","status":"publish","type":"product","link":"https:\/\/holyland-olivewood.com\/fr\/produit\/mer-morte-anti-age-regenerant-creme-de-nuit-50ml-d119\/","title":{"rendered":"Cr\u00e8me de nuit r\u00e9g\u00e9n\u00e9rante anti-\u00e2ge de la mer Morte (50ml) #D119"},"content":{"rendered":"<p>Cr\u00e8me de nuit r\u00e9g\u00e9n\u00e9rante anti-\u00e2ge de la mer Morte<\/p>\n","protected":false},"excerpt":{"rendered":"<p><strong>Cr\u00e8me de nuit r\u00e9g\u00e9n\u00e9rante anti-\u00e2ge De la mer Morte (50ml)<\/strong><br \/>\n<strong>Avec des min\u00e9raux de la mer Morte et de l\u2019huile de macadamia<\/strong><\/p>\n<p>Cette cr\u00e8me pour le visage enti\u00e8rement naturelle et nocturne contient une fusion de sel de la mer Morte et d\u2019huile de macadamia. Cette combinaison puissante stimule la r\u00e9g\u00e9n\u00e9ration des cellules de la peau, pour vous aider \u00e0 maintenir une apparence plus jeune.<\/p>\n","protected":false},"featured_media":51732,"comment_status":"closed","ping_status":"closed","template":"","meta":[],"product_brand":[],"product_cat":[1744,2670],"product_tag":[2672,2678,2680,2682,2674,2676],"class_list":{"0":"post-41829","1":"product","2":"type-product","3":"status-publish","4":"has-post-thumbnail","6":"product_cat-divers","7":"product_cat-produits-de-la-mer-morte","8":"product_tag-boue-de-la-mer-morte","9":"product_tag-creme","10":"product_tag-gommage-corporel-de-la-mer-morte","11":"product_tag-sel-mineral","12":"product_tag-sel-mineral-de-la-mer-morte","13":"product_tag-soab-de-boue-noire","15":"first","16":"outofstock","17":"shipping-taxable","18":"purchasable","19":"product-type-simple"},"yoast_head":"<!-- This site is optimized with the Yoast SEO plugin v27.4 - https:\/\/yoast.com\/product\/yoast-seo-wordpress\/ -->\n<title>Cr\u00e8me de nuit r\u00e9g\u00e9n\u00e9rante anti-\u00e2ge de la mer Morte (50ml) #D119 - Holy Land Olive Wood - Bethlehem Olive Wood Factory<\/title>\n<meta name=\"description\" content=\"Cr\u00e8me de nuit r\u00e9g\u00e9n\u00e9rante anti-\u00e2ge de la mer Morte (boue de la mer Morte, sel min\u00e9ral de la mer Morte) Soab de boue noire, cr\u00e8me, gommage corporel de la mer Morte, boue, sel min\u00e9ral.\" \/>\n<meta name=\"robots\" content=\"index, follow, max-snippet:-1, max-image-preview:large, max-video-preview:-1\" \/>\n<link rel=\"canonical\" href=\"https:\/\/holyland-olivewood.com\/fr\/produit\/mer-morte-anti-age-regenerant-creme-de-nuit-50ml-d119\/\" \/>\n<meta property=\"og:locale\" content=\"fr_FR\" \/>\n<meta property=\"og:type\" content=\"article\" \/>\n<meta property=\"og:title\" content=\"Cr\u00e8me de nuit r\u00e9g\u00e9n\u00e9rante anti-\u00e2ge de la mer Morte (50ml) #D119 - Holy Land Olive Wood - Bethlehem Olive Wood Factory\" \/>\n<meta property=\"og:description\" content=\"Cr\u00e8me de nuit r\u00e9g\u00e9n\u00e9rante anti-\u00e2ge de la mer Morte (boue de la mer Morte, sel min\u00e9ral de la mer Morte) Soab de boue noire, cr\u00e8me, gommage corporel de la mer Morte, boue, sel min\u00e9ral.\" \/>\n<meta property=\"og:url\" content=\"https:\/\/holyland-olivewood.com\/fr\/produit\/mer-morte-anti-age-regenerant-creme-de-nuit-50ml-d119\/\" \/>\n<meta property=\"og:site_name\" content=\"Holy Land Olive Wood - Bethlehem Olive Wood Factory\" \/>\n<meta property=\"article:publisher\" content=\"https:\/\/www.facebook.com\/holylandolivewood.bethlehem\/\" \/>\n<meta property=\"og:image\" content=\"https:\/\/holyland-olivewood.com\/wp-content\/uploads\/2018\/09\/dead_sea_product_d119.jpg\" \/>\n\t<meta property=\"og:image:width\" content=\"1550\" \/>\n\t<meta property=\"og:image:height\" content=\"1200\" \/>\n\t<meta property=\"og:image:type\" content=\"image\/jpeg\" \/>\n<meta name=\"twitter:card\" content=\"summary_large_image\" \/>\n<script type=\"application\/ld+json\" class=\"yoast-schema-graph\">{\"@context\":\"https:\\\/\\\/schema.org\",\"@graph\":[{\"@type\":\"WebPage\",\"@id\":\"https:\\\/\\\/holyland-olivewood.com\\\/fr\\\/produit\\\/mer-morte-anti-age-regenerant-creme-de-nuit-50ml-d119\\\/\",\"url\":\"https:\\\/\\\/holyland-olivewood.com\\\/fr\\\/produit\\\/mer-morte-anti-age-regenerant-creme-de-nuit-50ml-d119\\\/\",\"name\":\"Cr\u00e8me de nuit r\u00e9g\u00e9n\u00e9rante anti-\u00e2ge de la mer Morte (50ml) #D119 - Holy Land Olive Wood - Bethlehem Olive Wood Factory\",\"isPartOf\":{\"@id\":\"https:\\\/\\\/holyland-olivewood.com\\\/fr\\\/#website\"},\"primaryImageOfPage\":{\"@id\":\"https:\\\/\\\/holyland-olivewood.com\\\/fr\\\/produit\\\/mer-morte-anti-age-regenerant-creme-de-nuit-50ml-d119\\\/#primaryimage\"},\"image\":{\"@id\":\"https:\\\/\\\/holyland-olivewood.com\\\/fr\\\/produit\\\/mer-morte-anti-age-regenerant-creme-de-nuit-50ml-d119\\\/#primaryimage\"},\"thumbnailUrl\":\"https:\\\/\\\/holyland-olivewood.com\\\/wp-content\\\/uploads\\\/2018\\\/09\\\/dead_sea_product_d119.jpg\",\"datePublished\":\"2022-02-09T05:40:51+00:00\",\"description\":\"Cr\u00e8me de nuit r\u00e9g\u00e9n\u00e9rante anti-\u00e2ge de la mer Morte (boue de la mer Morte, sel min\u00e9ral de la mer Morte) Soab de boue noire, cr\u00e8me, gommage corporel de la mer Morte, boue, sel min\u00e9ral.\",\"breadcrumb\":{\"@id\":\"https:\\\/\\\/holyland-olivewood.com\\\/fr\\\/produit\\\/mer-morte-anti-age-regenerant-creme-de-nuit-50ml-d119\\\/#breadcrumb\"},\"inLanguage\":\"fr-FR\",\"potentialAction\":[{\"@type\":\"ReadAction\",\"target\":[\"https:\\\/\\\/holyland-olivewood.com\\\/fr\\\/produit\\\/mer-morte-anti-age-regenerant-creme-de-nuit-50ml-d119\\\/\"]}]},{\"@type\":\"ImageObject\",\"inLanguage\":\"fr-FR\",\"@id\":\"https:\\\/\\\/holyland-olivewood.com\\\/fr\\\/produit\\\/mer-morte-anti-age-regenerant-creme-de-nuit-50ml-d119\\\/#primaryimage\",\"url\":\"https:\\\/\\\/holyland-olivewood.com\\\/wp-content\\\/uploads\\\/2018\\\/09\\\/dead_sea_product_d119.jpg\",\"contentUrl\":\"https:\\\/\\\/holyland-olivewood.com\\\/wp-content\\\/uploads\\\/2018\\\/09\\\/dead_sea_product_d119.jpg\",\"width\":1550,\"height\":1200},{\"@type\":\"BreadcrumbList\",\"@id\":\"https:\\\/\\\/holyland-olivewood.com\\\/fr\\\/produit\\\/mer-morte-anti-age-regenerant-creme-de-nuit-50ml-d119\\\/#breadcrumb\",\"itemListElement\":[{\"@type\":\"ListItem\",\"position\":1,\"name\":\"Home\",\"item\":\"https:\\\/\\\/holyland-olivewood.com\\\/fr\\\/home\\\/\"},{\"@type\":\"ListItem\",\"position\":2,\"name\":\"Voir tous les produits\",\"item\":\"https:\\\/\\\/holyland-olivewood.com\\\/fr\\\/shop\\\/\"},{\"@type\":\"ListItem\",\"position\":3,\"name\":\"Cr\u00e8me de nuit r\u00e9g\u00e9n\u00e9rante anti-\u00e2ge de la mer Morte (50ml) #D119\"}]},{\"@type\":\"WebSite\",\"@id\":\"https:\\\/\\\/holyland-olivewood.com\\\/fr\\\/#website\",\"url\":\"https:\\\/\\\/holyland-olivewood.com\\\/fr\\\/\",\"name\":\"Holy Land Olive Wood - Bethlehem Olive Wood Factory\",\"description\":\"Holy Land Olivewood Bethlehem\",\"publisher\":{\"@id\":\"https:\\\/\\\/holyland-olivewood.com\\\/fr\\\/#organization\"},\"potentialAction\":[{\"@type\":\"SearchAction\",\"target\":{\"@type\":\"EntryPoint\",\"urlTemplate\":\"https:\\\/\\\/holyland-olivewood.com\\\/fr\\\/?s={search_term_string}\"},\"query-input\":{\"@type\":\"PropertyValueSpecification\",\"valueRequired\":true,\"valueName\":\"search_term_string\"}}],\"inLanguage\":\"fr-FR\"},{\"@type\":\"Organization\",\"@id\":\"https:\\\/\\\/holyland-olivewood.com\\\/fr\\\/#organization\",\"name\":\"Holy Land Olivewood\",\"url\":\"https:\\\/\\\/holyland-olivewood.com\\\/fr\\\/\",\"logo\":{\"@type\":\"ImageObject\",\"inLanguage\":\"fr-FR\",\"@id\":\"https:\\\/\\\/holyland-olivewood.com\\\/fr\\\/#\\\/schema\\\/logo\\\/image\\\/\",\"url\":\"\",\"contentUrl\":\"\",\"caption\":\"Holy Land Olivewood\"},\"image\":{\"@id\":\"https:\\\/\\\/holyland-olivewood.com\\\/fr\\\/#\\\/schema\\\/logo\\\/image\\\/\"},\"sameAs\":[\"https:\\\/\\\/www.facebook.com\\\/holylandolivewood.bethlehem\\\/\",\"http:\\\/\\\/instagram.com\\\/holy.land.olive.wood\"]}]}<\/script>\n<!-- \/ Yoast SEO plugin. -->","yoast_head_json":{"title":"Cr\u00e8me de nuit r\u00e9g\u00e9n\u00e9rante anti-\u00e2ge de la mer Morte (50ml) #D119 - Holy Land Olive Wood - Bethlehem Olive Wood Factory","description":"Cr\u00e8me de nuit r\u00e9g\u00e9n\u00e9rante anti-\u00e2ge de la mer Morte (boue de la mer Morte, sel min\u00e9ral de la mer Morte) Soab de boue noire, cr\u00e8me, gommage corporel de la mer Morte, boue, sel min\u00e9ral.","robots":{"index":"index","follow":"follow","max-snippet":"max-snippet:-1","max-image-preview":"max-image-preview:large","max-video-preview":"max-video-preview:-1"},"canonical":"https:\/\/holyland-olivewood.com\/fr\/produit\/mer-morte-anti-age-regenerant-creme-de-nuit-50ml-d119\/","og_locale":"fr_FR","og_type":"article","og_title":"Cr\u00e8me de nuit r\u00e9g\u00e9n\u00e9rante anti-\u00e2ge de la mer Morte (50ml) #D119 - Holy Land Olive Wood - Bethlehem Olive Wood Factory","og_description":"Cr\u00e8me de nuit r\u00e9g\u00e9n\u00e9rante anti-\u00e2ge de la mer Morte (boue de la mer Morte, sel min\u00e9ral de la mer Morte) Soab de boue noire, cr\u00e8me, gommage corporel de la mer Morte, boue, sel min\u00e9ral.","og_url":"https:\/\/holyland-olivewood.com\/fr\/produit\/mer-morte-anti-age-regenerant-creme-de-nuit-50ml-d119\/","og_site_name":"Holy Land Olive Wood - Bethlehem Olive Wood Factory","article_publisher":"https:\/\/www.facebook.com\/holylandolivewood.bethlehem\/","og_image":[{"width":1550,"height":1200,"url":"https:\/\/holyland-olivewood.com\/wp-content\/uploads\/2018\/09\/dead_sea_product_d119.jpg","type":"image\/jpeg"}],"twitter_card":"summary_large_image","schema":{"@context":"https:\/\/schema.org","@graph":[{"@type":"WebPage","@id":"https:\/\/holyland-olivewood.com\/fr\/produit\/mer-morte-anti-age-regenerant-creme-de-nuit-50ml-d119\/","url":"https:\/\/holyland-olivewood.com\/fr\/produit\/mer-morte-anti-age-regenerant-creme-de-nuit-50ml-d119\/","name":"Cr\u00e8me de nuit r\u00e9g\u00e9n\u00e9rante anti-\u00e2ge de la mer Morte (50ml) #D119 - Holy Land Olive Wood - Bethlehem Olive Wood Factory","isPartOf":{"@id":"https:\/\/holyland-olivewood.com\/fr\/#website"},"primaryImageOfPage":{"@id":"https:\/\/holyland-olivewood.com\/fr\/produit\/mer-morte-anti-age-regenerant-creme-de-nuit-50ml-d119\/#primaryimage"},"image":{"@id":"https:\/\/holyland-olivewood.com\/fr\/produit\/mer-morte-anti-age-regenerant-creme-de-nuit-50ml-d119\/#primaryimage"},"thumbnailUrl":"https:\/\/holyland-olivewood.com\/wp-content\/uploads\/2018\/09\/dead_sea_product_d119.jpg","datePublished":"2022-02-09T05:40:51+00:00","description":"Cr\u00e8me de nuit r\u00e9g\u00e9n\u00e9rante anti-\u00e2ge de la mer Morte (boue de la mer Morte, sel min\u00e9ral de la mer Morte) Soab de boue noire, cr\u00e8me, gommage corporel de la mer Morte, boue, sel min\u00e9ral.","breadcrumb":{"@id":"https:\/\/holyland-olivewood.com\/fr\/produit\/mer-morte-anti-age-regenerant-creme-de-nuit-50ml-d119\/#breadcrumb"},"inLanguage":"fr-FR","potentialAction":[{"@type":"ReadAction","target":["https:\/\/holyland-olivewood.com\/fr\/produit\/mer-morte-anti-age-regenerant-creme-de-nuit-50ml-d119\/"]}]},{"@type":"ImageObject","inLanguage":"fr-FR","@id":"https:\/\/holyland-olivewood.com\/fr\/produit\/mer-morte-anti-age-regenerant-creme-de-nuit-50ml-d119\/#primaryimage","url":"https:\/\/holyland-olivewood.com\/wp-content\/uploads\/2018\/09\/dead_sea_product_d119.jpg","contentUrl":"https:\/\/holyland-olivewood.com\/wp-content\/uploads\/2018\/09\/dead_sea_product_d119.jpg","width":1550,"height":1200},{"@type":"BreadcrumbList","@id":"https:\/\/holyland-olivewood.com\/fr\/produit\/mer-morte-anti-age-regenerant-creme-de-nuit-50ml-d119\/#breadcrumb","itemListElement":[{"@type":"ListItem","position":1,"name":"Home","item":"https:\/\/holyland-olivewood.com\/fr\/home\/"},{"@type":"ListItem","position":2,"name":"Voir tous les produits","item":"https:\/\/holyland-olivewood.com\/fr\/shop\/"},{"@type":"ListItem","position":3,"name":"Cr\u00e8me de nuit r\u00e9g\u00e9n\u00e9rante anti-\u00e2ge de la mer Morte (50ml) #D119"}]},{"@type":"WebSite","@id":"https:\/\/holyland-olivewood.com\/fr\/#website","url":"https:\/\/holyland-olivewood.com\/fr\/","name":"Holy Land Olive Wood - Bethlehem Olive Wood Factory","description":"Holy Land Olivewood Bethlehem","publisher":{"@id":"https:\/\/holyland-olivewood.com\/fr\/#organization"},"potentialAction":[{"@type":"SearchAction","target":{"@type":"EntryPoint","urlTemplate":"https:\/\/holyland-olivewood.com\/fr\/?s={search_term_string}"},"query-input":{"@type":"PropertyValueSpecification","valueRequired":true,"valueName":"search_term_string"}}],"inLanguage":"fr-FR"},{"@type":"Organization","@id":"https:\/\/holyland-olivewood.com\/fr\/#organization","name":"Holy Land Olivewood","url":"https:\/\/holyland-olivewood.com\/fr\/","logo":{"@type":"ImageObject","inLanguage":"fr-FR","@id":"https:\/\/holyland-olivewood.com\/fr\/#\/schema\/logo\/image\/","url":"","contentUrl":"","caption":"Holy Land Olivewood"},"image":{"@id":"https:\/\/holyland-olivewood.com\/fr\/#\/schema\/logo\/image\/"},"sameAs":["https:\/\/www.facebook.com\/holylandolivewood.bethlehem\/","http:\/\/instagram.com\/holy.land.olive.wood"]}]}},"_links":{"self":[{"href":"https:\/\/holyland-olivewood.com\/fr\/wp-json\/wp\/v2\/product\/41829","targetHints":{"allow":["GET"]}}],"collection":[{"href":"https:\/\/holyland-olivewood.com\/fr\/wp-json\/wp\/v2\/product"}],"about":[{"href":"https:\/\/holyland-olivewood.com\/fr\/wp-json\/wp\/v2\/types\/product"}],"replies":[{"embeddable":true,"href":"https:\/\/holyland-olivewood.com\/fr\/wp-json\/wp\/v2\/comments?post=41829"}],"version-history":[{"count":0,"href":"https:\/\/holyland-olivewood.com\/fr\/wp-json\/wp\/v2\/product\/41829\/revisions"}],"wp:featuredmedia":[{"embeddable":true,"href":"https:\/\/holyland-olivewood.com\/fr\/wp-json\/wp\/v2\/media\/51732"}],"wp:attachment":[{"href":"https:\/\/holyland-olivewood.com\/fr\/wp-json\/wp\/v2\/media?parent=41829"}],"wp:term":[{"taxonomy":"product_brand","embeddable":true,"href":"https:\/\/holyland-olivewood.com\/fr\/wp-json\/wp\/v2\/product_brand?post=41829"},{"taxonomy":"product_cat","embeddable":true,"href":"https:\/\/holyland-olivewood.com\/fr\/wp-json\/wp\/v2\/product_cat?post=41829"},{"taxonomy":"product_tag","embeddable":true,"href":"https:\/\/holyland-olivewood.com\/fr\/wp-json\/wp\/v2\/product_tag?post=41829"}],"curies":[{"name":"wp","href":"https:\/\/api.w.org\/{rel}","templated":true}]}}