{"id":41246,"date":"2019-06-10T20:06:00","date_gmt":"2022-02-08T14:33:30","guid":{"rendered":"https:\/\/holyland-olivewood.com\/product\/dalle-en-bois-dolivier-de-1-po-depaisseur-6-po-x-18-po-s137\/"},"modified":"2022-02-08T14:33:30","modified_gmt":"2022-02-08T14:33:30","slug":"1-epaisseur-bois-dolivier-dalle-5-x-18-s137","status":"publish","type":"product","link":"https:\/\/holyland-olivewood.com\/fr\/produit\/1-epaisseur-bois-dolivier-dalle-5-x-18-s137\/","title":{"rendered":"Dalle en bois d\u2019olivier de 1 po d\u2019\u00e9paisseur (6 po x 18 po) #S137"},"content":{"rendered":"","protected":false},"excerpt":{"rendered":"<p>Ces dalles taill\u00e9es avec pr\u00e9cision sont fabriqu\u00e9es en Terre Sainte \u00e0 partir de bois d\u2019olivier de Bethl\u00e9em authentique r\u00e9colt\u00e9 de mani\u00e8re durable. Les dalles mettent en valeur le bois int\u00e9rieur du c\u0153ur d\u2019olivier, affichant un motif de grain \u00e9blouissant ponctu\u00e9 d\u2019une gamme fluide de couleurs. Ils ont \u00e9galement \u00e9t\u00e9 s\u00e9lectionn\u00e9s \u00e0 la main pour le meilleur grain, les meilleures couleurs et les fissures significatives. Nous vendons et exportons nos dalles de bois en forme droite, mais aussi possible d\u2019acheter en courbe naturelle. Ces dalles de bois d\u2019olivier peuvent \u00eatre utilis\u00e9es pour cr\u00e9er tout type de meubles, portes, planchers et autres. Chaque dalle est exempte de d\u00e9fauts.<\/p>\n<p>Cet article comprend un certificat d\u2019authenticit\u00e9 v\u00e9rifiant les mat\u00e9riaux et les techniques utilis\u00e9s pour fabriquer ce produit.<\/p>\n<p>Taille: 2,5 cm x 15,00 cm x 46,00 cm (1&nbsp;\u00bb x 6&nbsp;\u00bb x 18&nbsp;\u00bb)<\/p>\n","protected":false},"featured_media":36040,"comment_status":"closed","ping_status":"closed","template":"","meta":[],"product_brand":[],"product_cat":[1527,1526],"product_tag":[1542,1543,1533,1529,1536,1530,1539,1535,1540,1101,1538,1532,1541,1070,1534,1537,1528,1544,1073,1531],"class_list":{"0":"post-41246","1":"product","2":"type-product","3":"status-publish","4":"has-post-thumbnail","6":"product_cat-bois-dolivier","7":"product_cat-dalles","8":"product_tag-artisanat","9":"product_tag-bethleem-jerusalem","10":"product_tag-blanc","11":"product_tag-blancs","12":"product_tag-block-fr","13":"product_tag-bol","14":"product_tag-bricolage","15":"product_tag-dalles","16":"product_tag-fait-maison","17":"product_tag-haandlavet-fr","18":"product_tag-journaux","19":"product_tag-kits-fr","20":"product_tag-metier","21":"product_tag-oliven-fr","22":"product_tag-plaque-fr","23":"product_tag-rapport","24":"product_tag-stylo","25":"product_tag-terre-sainte","26":"product_tag-trae-fr","27":"product_tag-trousse","29":"first","30":"outofstock","31":"shipping-taxable","32":"purchasable","33":"product-type-simple"},"yoast_head":"<!-- This site is optimized with the Yoast SEO plugin v27.3 - https:\/\/yoast.com\/product\/yoast-seo-wordpress\/ -->\n<title>Dalle en bois d\u2019olivier de 1 po d\u2019\u00e9paisseur (6 po x 18 po) #S137 - Holy Land Olive Wood - Bethlehem Olive Wood Factory<\/title>\n<meta name=\"description\" content=\"Artisanat en bois d\u2019olivier de Bethl\u00e9em (c\u2019est-\u00e0-dire chapelets, ustensiles de cuisine, nativit\u00e9, ensembles, perles), sculptures \u00e0 l\u2019\u00e9trier, dalles, blocs et stock brut dans les dimensions standard et personnalis\u00e9es.\" \/>\n<meta name=\"robots\" content=\"index, follow, max-snippet:-1, max-image-preview:large, max-video-preview:-1\" \/>\n<link rel=\"canonical\" href=\"https:\/\/holyland-olivewood.com\/fr\/produit\/1-epaisseur-bois-dolivier-dalle-5-x-18-s137\/\" \/>\n<meta property=\"og:locale\" content=\"fr_FR\" \/>\n<meta property=\"og:type\" content=\"article\" \/>\n<meta property=\"og:title\" content=\"Dalle en bois d\u2019olivier de 1 po d\u2019\u00e9paisseur (6 po x 18 po) #S137 - Holy Land Olive Wood - Bethlehem Olive Wood Factory\" \/>\n<meta property=\"og:description\" content=\"Artisanat en bois d\u2019olivier de Bethl\u00e9em (c\u2019est-\u00e0-dire chapelets, ustensiles de cuisine, nativit\u00e9, ensembles, perles), sculptures \u00e0 l\u2019\u00e9trier, dalles, blocs et stock brut dans les dimensions standard et personnalis\u00e9es.\" \/>\n<meta property=\"og:url\" content=\"https:\/\/holyland-olivewood.com\/fr\/produit\/1-epaisseur-bois-dolivier-dalle-5-x-18-s137\/\" \/>\n<meta property=\"og:site_name\" content=\"Holy Land Olive Wood - Bethlehem Olive Wood Factory\" \/>\n<meta property=\"article:publisher\" content=\"https:\/\/www.facebook.com\/holylandolivewood.bethlehem\/\" \/>\n<meta property=\"og:image\" content=\"https:\/\/holyland-olivewood.com\/wp-content\/uploads\/2018\/10\/slabs_holy_land_olive_wood_bethlehem_s133_1.jpg\" \/>\n\t<meta property=\"og:image:width\" content=\"1550\" \/>\n\t<meta property=\"og:image:height\" content=\"1200\" \/>\n\t<meta property=\"og:image:type\" content=\"image\/jpeg\" \/>\n<meta name=\"twitter:card\" content=\"summary_large_image\" \/>\n<script type=\"application\/ld+json\" class=\"yoast-schema-graph\">{\"@context\":\"https:\\\/\\\/schema.org\",\"@graph\":[{\"@type\":\"WebPage\",\"@id\":\"https:\\\/\\\/holyland-olivewood.com\\\/fr\\\/produit\\\/1-epaisseur-bois-dolivier-dalle-5-x-18-s137\\\/\",\"url\":\"https:\\\/\\\/holyland-olivewood.com\\\/fr\\\/produit\\\/1-epaisseur-bois-dolivier-dalle-5-x-18-s137\\\/\",\"name\":\"Dalle en bois d\u2019olivier de 1 po d\u2019\u00e9paisseur (6 po x 18 po) #S137 - Holy Land Olive Wood - Bethlehem Olive Wood Factory\",\"isPartOf\":{\"@id\":\"https:\\\/\\\/holyland-olivewood.com\\\/fr\\\/#website\"},\"primaryImageOfPage\":{\"@id\":\"https:\\\/\\\/holyland-olivewood.com\\\/fr\\\/produit\\\/1-epaisseur-bois-dolivier-dalle-5-x-18-s137\\\/#primaryimage\"},\"image\":{\"@id\":\"https:\\\/\\\/holyland-olivewood.com\\\/fr\\\/produit\\\/1-epaisseur-bois-dolivier-dalle-5-x-18-s137\\\/#primaryimage\"},\"thumbnailUrl\":\"https:\\\/\\\/holyland-olivewood.com\\\/wp-content\\\/uploads\\\/2018\\\/10\\\/slabs_holy_land_olive_wood_bethlehem_s133_1.jpg\",\"datePublished\":\"2022-02-08T14:33:30+00:00\",\"description\":\"Artisanat en bois d\u2019olivier de Bethl\u00e9em (c\u2019est-\u00e0-dire chapelets, ustensiles de cuisine, nativit\u00e9, ensembles, perles), sculptures \u00e0 l\u2019\u00e9trier, dalles, blocs et stock brut dans les dimensions standard et personnalis\u00e9es.\",\"breadcrumb\":{\"@id\":\"https:\\\/\\\/holyland-olivewood.com\\\/fr\\\/produit\\\/1-epaisseur-bois-dolivier-dalle-5-x-18-s137\\\/#breadcrumb\"},\"inLanguage\":\"fr-FR\",\"potentialAction\":[{\"@type\":\"ReadAction\",\"target\":[\"https:\\\/\\\/holyland-olivewood.com\\\/fr\\\/produit\\\/1-epaisseur-bois-dolivier-dalle-5-x-18-s137\\\/\"]}]},{\"@type\":\"ImageObject\",\"inLanguage\":\"fr-FR\",\"@id\":\"https:\\\/\\\/holyland-olivewood.com\\\/fr\\\/produit\\\/1-epaisseur-bois-dolivier-dalle-5-x-18-s137\\\/#primaryimage\",\"url\":\"https:\\\/\\\/holyland-olivewood.com\\\/wp-content\\\/uploads\\\/2018\\\/10\\\/slabs_holy_land_olive_wood_bethlehem_s133_1.jpg\",\"contentUrl\":\"https:\\\/\\\/holyland-olivewood.com\\\/wp-content\\\/uploads\\\/2018\\\/10\\\/slabs_holy_land_olive_wood_bethlehem_s133_1.jpg\",\"width\":1550,\"height\":1200},{\"@type\":\"BreadcrumbList\",\"@id\":\"https:\\\/\\\/holyland-olivewood.com\\\/fr\\\/produit\\\/1-epaisseur-bois-dolivier-dalle-5-x-18-s137\\\/#breadcrumb\",\"itemListElement\":[{\"@type\":\"ListItem\",\"position\":1,\"name\":\"Home\",\"item\":\"https:\\\/\\\/holyland-olivewood.com\\\/fr\\\/home\\\/\"},{\"@type\":\"ListItem\",\"position\":2,\"name\":\"Voir tous les produits\",\"item\":\"https:\\\/\\\/holyland-olivewood.com\\\/fr\\\/shop\\\/\"},{\"@type\":\"ListItem\",\"position\":3,\"name\":\"Dalle en bois d\u2019olivier de 1 po d\u2019\u00e9paisseur (6 po x 18 po) #S137\"}]},{\"@type\":\"WebSite\",\"@id\":\"https:\\\/\\\/holyland-olivewood.com\\\/fr\\\/#website\",\"url\":\"https:\\\/\\\/holyland-olivewood.com\\\/fr\\\/\",\"name\":\"Holy Land Olive Wood - Bethlehem Olive Wood Factory\",\"description\":\"Holy Land Olivewood Bethlehem\",\"publisher\":{\"@id\":\"https:\\\/\\\/holyland-olivewood.com\\\/fr\\\/#organization\"},\"potentialAction\":[{\"@type\":\"SearchAction\",\"target\":{\"@type\":\"EntryPoint\",\"urlTemplate\":\"https:\\\/\\\/holyland-olivewood.com\\\/fr\\\/?s={search_term_string}\"},\"query-input\":{\"@type\":\"PropertyValueSpecification\",\"valueRequired\":true,\"valueName\":\"search_term_string\"}}],\"inLanguage\":\"fr-FR\"},{\"@type\":\"Organization\",\"@id\":\"https:\\\/\\\/holyland-olivewood.com\\\/fr\\\/#organization\",\"name\":\"Holy Land Olivewood\",\"url\":\"https:\\\/\\\/holyland-olivewood.com\\\/fr\\\/\",\"logo\":{\"@type\":\"ImageObject\",\"inLanguage\":\"fr-FR\",\"@id\":\"https:\\\/\\\/holyland-olivewood.com\\\/fr\\\/#\\\/schema\\\/logo\\\/image\\\/\",\"url\":\"\",\"contentUrl\":\"\",\"caption\":\"Holy Land Olivewood\"},\"image\":{\"@id\":\"https:\\\/\\\/holyland-olivewood.com\\\/fr\\\/#\\\/schema\\\/logo\\\/image\\\/\"},\"sameAs\":[\"https:\\\/\\\/www.facebook.com\\\/holylandolivewood.bethlehem\\\/\",\"http:\\\/\\\/instagram.com\\\/holy.land.olive.wood\"]}]}<\/script>\n<!-- \/ Yoast SEO plugin. -->","yoast_head_json":{"title":"Dalle en bois d\u2019olivier de 1 po d\u2019\u00e9paisseur (6 po x 18 po) #S137 - Holy Land Olive Wood - Bethlehem Olive Wood Factory","description":"Artisanat en bois d\u2019olivier de Bethl\u00e9em (c\u2019est-\u00e0-dire chapelets, ustensiles de cuisine, nativit\u00e9, ensembles, perles), sculptures \u00e0 l\u2019\u00e9trier, dalles, blocs et stock brut dans les dimensions standard et personnalis\u00e9es.","robots":{"index":"index","follow":"follow","max-snippet":"max-snippet:-1","max-image-preview":"max-image-preview:large","max-video-preview":"max-video-preview:-1"},"canonical":"https:\/\/holyland-olivewood.com\/fr\/produit\/1-epaisseur-bois-dolivier-dalle-5-x-18-s137\/","og_locale":"fr_FR","og_type":"article","og_title":"Dalle en bois d\u2019olivier de 1 po d\u2019\u00e9paisseur (6 po x 18 po) #S137 - Holy Land Olive Wood - Bethlehem Olive Wood Factory","og_description":"Artisanat en bois d\u2019olivier de Bethl\u00e9em (c\u2019est-\u00e0-dire chapelets, ustensiles de cuisine, nativit\u00e9, ensembles, perles), sculptures \u00e0 l\u2019\u00e9trier, dalles, blocs et stock brut dans les dimensions standard et personnalis\u00e9es.","og_url":"https:\/\/holyland-olivewood.com\/fr\/produit\/1-epaisseur-bois-dolivier-dalle-5-x-18-s137\/","og_site_name":"Holy Land Olive Wood - Bethlehem Olive Wood Factory","article_publisher":"https:\/\/www.facebook.com\/holylandolivewood.bethlehem\/","og_image":[{"width":1550,"height":1200,"url":"https:\/\/holyland-olivewood.com\/wp-content\/uploads\/2018\/10\/slabs_holy_land_olive_wood_bethlehem_s133_1.jpg","type":"image\/jpeg"}],"twitter_card":"summary_large_image","schema":{"@context":"https:\/\/schema.org","@graph":[{"@type":"WebPage","@id":"https:\/\/holyland-olivewood.com\/fr\/produit\/1-epaisseur-bois-dolivier-dalle-5-x-18-s137\/","url":"https:\/\/holyland-olivewood.com\/fr\/produit\/1-epaisseur-bois-dolivier-dalle-5-x-18-s137\/","name":"Dalle en bois d\u2019olivier de 1 po d\u2019\u00e9paisseur (6 po x 18 po) #S137 - Holy Land Olive Wood - Bethlehem Olive Wood Factory","isPartOf":{"@id":"https:\/\/holyland-olivewood.com\/fr\/#website"},"primaryImageOfPage":{"@id":"https:\/\/holyland-olivewood.com\/fr\/produit\/1-epaisseur-bois-dolivier-dalle-5-x-18-s137\/#primaryimage"},"image":{"@id":"https:\/\/holyland-olivewood.com\/fr\/produit\/1-epaisseur-bois-dolivier-dalle-5-x-18-s137\/#primaryimage"},"thumbnailUrl":"https:\/\/holyland-olivewood.com\/wp-content\/uploads\/2018\/10\/slabs_holy_land_olive_wood_bethlehem_s133_1.jpg","datePublished":"2022-02-08T14:33:30+00:00","description":"Artisanat en bois d\u2019olivier de Bethl\u00e9em (c\u2019est-\u00e0-dire chapelets, ustensiles de cuisine, nativit\u00e9, ensembles, perles), sculptures \u00e0 l\u2019\u00e9trier, dalles, blocs et stock brut dans les dimensions standard et personnalis\u00e9es.","breadcrumb":{"@id":"https:\/\/holyland-olivewood.com\/fr\/produit\/1-epaisseur-bois-dolivier-dalle-5-x-18-s137\/#breadcrumb"},"inLanguage":"fr-FR","potentialAction":[{"@type":"ReadAction","target":["https:\/\/holyland-olivewood.com\/fr\/produit\/1-epaisseur-bois-dolivier-dalle-5-x-18-s137\/"]}]},{"@type":"ImageObject","inLanguage":"fr-FR","@id":"https:\/\/holyland-olivewood.com\/fr\/produit\/1-epaisseur-bois-dolivier-dalle-5-x-18-s137\/#primaryimage","url":"https:\/\/holyland-olivewood.com\/wp-content\/uploads\/2018\/10\/slabs_holy_land_olive_wood_bethlehem_s133_1.jpg","contentUrl":"https:\/\/holyland-olivewood.com\/wp-content\/uploads\/2018\/10\/slabs_holy_land_olive_wood_bethlehem_s133_1.jpg","width":1550,"height":1200},{"@type":"BreadcrumbList","@id":"https:\/\/holyland-olivewood.com\/fr\/produit\/1-epaisseur-bois-dolivier-dalle-5-x-18-s137\/#breadcrumb","itemListElement":[{"@type":"ListItem","position":1,"name":"Home","item":"https:\/\/holyland-olivewood.com\/fr\/home\/"},{"@type":"ListItem","position":2,"name":"Voir tous les produits","item":"https:\/\/holyland-olivewood.com\/fr\/shop\/"},{"@type":"ListItem","position":3,"name":"Dalle en bois d\u2019olivier de 1 po d\u2019\u00e9paisseur (6 po x 18 po) #S137"}]},{"@type":"WebSite","@id":"https:\/\/holyland-olivewood.com\/fr\/#website","url":"https:\/\/holyland-olivewood.com\/fr\/","name":"Holy Land Olive Wood - Bethlehem Olive Wood Factory","description":"Holy Land Olivewood Bethlehem","publisher":{"@id":"https:\/\/holyland-olivewood.com\/fr\/#organization"},"potentialAction":[{"@type":"SearchAction","target":{"@type":"EntryPoint","urlTemplate":"https:\/\/holyland-olivewood.com\/fr\/?s={search_term_string}"},"query-input":{"@type":"PropertyValueSpecification","valueRequired":true,"valueName":"search_term_string"}}],"inLanguage":"fr-FR"},{"@type":"Organization","@id":"https:\/\/holyland-olivewood.com\/fr\/#organization","name":"Holy Land Olivewood","url":"https:\/\/holyland-olivewood.com\/fr\/","logo":{"@type":"ImageObject","inLanguage":"fr-FR","@id":"https:\/\/holyland-olivewood.com\/fr\/#\/schema\/logo\/image\/","url":"","contentUrl":"","caption":"Holy Land Olivewood"},"image":{"@id":"https:\/\/holyland-olivewood.com\/fr\/#\/schema\/logo\/image\/"},"sameAs":["https:\/\/www.facebook.com\/holylandolivewood.bethlehem\/","http:\/\/instagram.com\/holy.land.olive.wood"]}]}},"_links":{"self":[{"href":"https:\/\/holyland-olivewood.com\/fr\/wp-json\/wp\/v2\/product\/41246","targetHints":{"allow":["GET"]}}],"collection":[{"href":"https:\/\/holyland-olivewood.com\/fr\/wp-json\/wp\/v2\/product"}],"about":[{"href":"https:\/\/holyland-olivewood.com\/fr\/wp-json\/wp\/v2\/types\/product"}],"replies":[{"embeddable":true,"href":"https:\/\/holyland-olivewood.com\/fr\/wp-json\/wp\/v2\/comments?post=41246"}],"version-history":[{"count":0,"href":"https:\/\/holyland-olivewood.com\/fr\/wp-json\/wp\/v2\/product\/41246\/revisions"}],"wp:featuredmedia":[{"embeddable":true,"href":"https:\/\/holyland-olivewood.com\/fr\/wp-json\/wp\/v2\/media\/36040"}],"wp:attachment":[{"href":"https:\/\/holyland-olivewood.com\/fr\/wp-json\/wp\/v2\/media?parent=41246"}],"wp:term":[{"taxonomy":"product_brand","embeddable":true,"href":"https:\/\/holyland-olivewood.com\/fr\/wp-json\/wp\/v2\/product_brand?post=41246"},{"taxonomy":"product_cat","embeddable":true,"href":"https:\/\/holyland-olivewood.com\/fr\/wp-json\/wp\/v2\/product_cat?post=41246"},{"taxonomy":"product_tag","embeddable":true,"href":"https:\/\/holyland-olivewood.com\/fr\/wp-json\/wp\/v2\/product_tag?post=41246"}],"curies":[{"name":"wp","href":"https:\/\/api.w.org\/{rel}","templated":true}]}}