{"id":40288,"date":"2021-08-15T10:29:35","date_gmt":"2022-02-06T10:55:30","guid":{"rendered":"https:\/\/holyland-olivewood.com\/product\/creche-en-bois-dolivier-set-na130\/"},"modified":"2022-09-29T05:29:48","modified_gmt":"2022-09-29T05:29:48","slug":"bois-dolivier-nativite-grotte-set-na130","status":"publish","type":"product","link":"https:\/\/holyland-olivewood.com\/fr\/produit\/bois-dolivier-nativite-grotte-set-na130\/","title":{"rendered":"Cr\u00e8che en bois d\u2019olivier Set #NA130"},"content":{"rendered":"","protected":false},"excerpt":{"rendered":"<p>Ce bel ensemble de cr\u00e8che avec une \u00e9curie unique est fabriqu\u00e9 \u00e0 la main en Terre Sainte \u00e0 partir de bois d\u2019olivier de Bethl\u00e9em authentique r\u00e9colt\u00e9 de mani\u00e8re durable. Utilisant uniquement des oliviers non productifs de Terre Sainte, cette pi\u00e8ce faite \u00e0 la main r\u00e9v\u00e8le les superbes motifs de grain du bois d\u2019olivier brut, exempts d\u2019additifs ou de scellants. Les figures comprennent Marie et Joseph et J\u00e9sus, les 3 mages et le petit berger. Les animaux comprennent l\u2019\u00e2ne, la vache \u00e0 b\u00e9tail, et deux agneaux, et 3 chameaux. Il est magnifiquement con\u00e7u et constitue un merveilleux th\u00e8me central dans la c\u00e9l\u00e9bration de No\u00ebl.<\/p>\n<p>Cette \u00e9curie de la Nativit\u00e9 peut varier en taille et en apparence en raison des divers motifs trouv\u00e9s dans le grain du bois d\u2019olivier et du fait qu\u2019elle est faite \u00e0 la main, de sorte que chaque pi\u00e8ce est unique.<\/p>\n<p>Cet article comprend un certificat d\u2019authenticit\u00e9 v\u00e9rifiant les mat\u00e9riaux et les techniques utilis\u00e9s pour fabriquer ce produit.<\/p>\n<p>Taille: 25.5 cm x 40.5 cm x 30.5 cm (10 \u00bb x 16 \u00bb x 12 \u00bb)<\/p>\n","protected":false},"featured_media":56786,"comment_status":"closed","ping_status":"closed","template":"","meta":[],"product_brand":[],"product_cat":[1047,1190],"product_tag":[1252,1275,1281,1050,1193,1117,1226,1220,1238,1234,1151,1213,1101,1121,1090,1269,1100,4077,1096,1245,1115,1174,1147,1134,1129,1125,1192,1288,1070,1078,1176,1195,1260,1203,1073,1084],"class_list":{"0":"post-40288","1":"product","2":"type-product","3":"status-publish","4":"has-post-thumbnail","6":"product_cat-kunsthaandvaerk-fr","7":"product_cat-ensembles-de-la-nativite","8":"product_tag-3-fr","9":"product_tag-agneau","10":"product_tag-ane","11":"product_tag-betlehem-fr","12":"product_tag-cadeaux","13":"product_tag-donnerent","14":"product_tag-ecuries","15":"product_tag-etable","16":"product_tag-figurine-fr","17":"product_tag-figurines-fr","18":"product_tag-foedselskirken-fr","19":"product_tag-grotte","20":"product_tag-haandlavet-fr","21":"product_tag-haandvaerk-fr","22":"product_tag-hellig-fr","23":"product_tag-hommes","24":"product_tag-jerusalem-fr","25":"product_tag-jesus-fr-2","26":"product_tag-jord-fr","27":"product_tag-joseph-fr","28":"product_tag-juil","29":"product_tag-katolsk-fr","30":"product_tag-kirke-fr","31":"product_tag-kors-fr","32":"product_tag-kristen-fr","33":"product_tag-kunsthaandvaerk-fr","34":"product_tag-marie","35":"product_tag-naissance","36":"product_tag-oliven-fr","37":"product_tag-oliventrae-fr","38":"product_tag-ortodoks-fr","39":"product_tag-poser","40":"product_tag-sage-fr","41":"product_tag-studios","42":"product_tag-trae-fr","43":"product_tag-udskaering-fr","45":"first","46":"instock","47":"shipping-taxable","48":"purchasable","49":"product-type-simple"},"yoast_head":"<!-- This site is optimized with the Yoast SEO plugin v27.3 - https:\/\/yoast.com\/product\/yoast-seo-wordpress\/ -->\n<title>Cr\u00e8che en bois d\u2019olivier Set #NA130 - Holy Land Olive Wood - Bethlehem Olive Wood Factory<\/title>\n<meta name=\"description\" content=\"Artisanat en bois d\u2019olivier de Bethl\u00e9em (c\u2019est-\u00e0-dire chapelets, statues, nativit\u00e9, d\u00e9cors, grotte) sainte famille, No\u00ebl, figurines et stock brut dans les dimensions standard et personnalis\u00e9es.\" \/>\n<meta name=\"robots\" content=\"index, follow, max-snippet:-1, max-image-preview:large, max-video-preview:-1\" \/>\n<link rel=\"canonical\" href=\"https:\/\/holyland-olivewood.com\/fr\/produit\/bois-dolivier-nativite-grotte-set-na130\/\" \/>\n<meta property=\"og:locale\" content=\"fr_FR\" \/>\n<meta property=\"og:type\" content=\"article\" \/>\n<meta property=\"og:title\" content=\"Cr\u00e8che en bois d\u2019olivier Set #NA130 - Holy Land Olive Wood - Bethlehem Olive Wood Factory\" \/>\n<meta property=\"og:description\" content=\"Artisanat en bois d\u2019olivier de Bethl\u00e9em (c\u2019est-\u00e0-dire chapelets, statues, nativit\u00e9, d\u00e9cors, grotte) sainte famille, No\u00ebl, figurines et stock brut dans les dimensions standard et personnalis\u00e9es.\" \/>\n<meta property=\"og:url\" content=\"https:\/\/holyland-olivewood.com\/fr\/produit\/bois-dolivier-nativite-grotte-set-na130\/\" \/>\n<meta property=\"og:site_name\" content=\"Holy Land Olive Wood - Bethlehem Olive Wood Factory\" \/>\n<meta property=\"article:publisher\" content=\"https:\/\/www.facebook.com\/holylandolivewood.bethlehem\/\" \/>\n<meta property=\"article:modified_time\" content=\"2022-09-29T05:29:48+00:00\" \/>\n<meta property=\"og:image\" content=\"https:\/\/holyland-olivewood.com\/wp-content\/uploads\/2021\/08\/holy-land_olive_wood_nativity_set_bethlehem_na130-1-1.jpg\" \/>\n\t<meta property=\"og:image:width\" content=\"1550\" \/>\n\t<meta property=\"og:image:height\" content=\"1200\" \/>\n\t<meta property=\"og:image:type\" content=\"image\/jpeg\" \/>\n<meta name=\"twitter:card\" content=\"summary_large_image\" \/>\n<script type=\"application\/ld+json\" class=\"yoast-schema-graph\">{\"@context\":\"https:\\\/\\\/schema.org\",\"@graph\":[{\"@type\":\"WebPage\",\"@id\":\"https:\\\/\\\/holyland-olivewood.com\\\/fr\\\/produit\\\/bois-dolivier-nativite-grotte-set-na130\\\/\",\"url\":\"https:\\\/\\\/holyland-olivewood.com\\\/fr\\\/produit\\\/bois-dolivier-nativite-grotte-set-na130\\\/\",\"name\":\"Cr\u00e8che en bois d\u2019olivier Set #NA130 - Holy Land Olive Wood - Bethlehem Olive Wood Factory\",\"isPartOf\":{\"@id\":\"https:\\\/\\\/holyland-olivewood.com\\\/fr\\\/#website\"},\"primaryImageOfPage\":{\"@id\":\"https:\\\/\\\/holyland-olivewood.com\\\/fr\\\/produit\\\/bois-dolivier-nativite-grotte-set-na130\\\/#primaryimage\"},\"image\":{\"@id\":\"https:\\\/\\\/holyland-olivewood.com\\\/fr\\\/produit\\\/bois-dolivier-nativite-grotte-set-na130\\\/#primaryimage\"},\"thumbnailUrl\":\"https:\\\/\\\/holyland-olivewood.com\\\/wp-content\\\/uploads\\\/2021\\\/08\\\/holy-land_olive_wood_nativity_set_bethlehem_na130-1-1.jpg\",\"datePublished\":\"2022-02-06T10:55:30+00:00\",\"dateModified\":\"2022-09-29T05:29:48+00:00\",\"description\":\"Artisanat en bois d\u2019olivier de Bethl\u00e9em (c\u2019est-\u00e0-dire chapelets, statues, nativit\u00e9, d\u00e9cors, grotte) sainte famille, No\u00ebl, figurines et stock brut dans les dimensions standard et personnalis\u00e9es.\",\"breadcrumb\":{\"@id\":\"https:\\\/\\\/holyland-olivewood.com\\\/fr\\\/produit\\\/bois-dolivier-nativite-grotte-set-na130\\\/#breadcrumb\"},\"inLanguage\":\"fr-FR\",\"potentialAction\":[{\"@type\":\"ReadAction\",\"target\":[\"https:\\\/\\\/holyland-olivewood.com\\\/fr\\\/produit\\\/bois-dolivier-nativite-grotte-set-na130\\\/\"]}]},{\"@type\":\"ImageObject\",\"inLanguage\":\"fr-FR\",\"@id\":\"https:\\\/\\\/holyland-olivewood.com\\\/fr\\\/produit\\\/bois-dolivier-nativite-grotte-set-na130\\\/#primaryimage\",\"url\":\"https:\\\/\\\/holyland-olivewood.com\\\/wp-content\\\/uploads\\\/2021\\\/08\\\/holy-land_olive_wood_nativity_set_bethlehem_na130-1-1.jpg\",\"contentUrl\":\"https:\\\/\\\/holyland-olivewood.com\\\/wp-content\\\/uploads\\\/2021\\\/08\\\/holy-land_olive_wood_nativity_set_bethlehem_na130-1-1.jpg\",\"width\":1550,\"height\":1200},{\"@type\":\"BreadcrumbList\",\"@id\":\"https:\\\/\\\/holyland-olivewood.com\\\/fr\\\/produit\\\/bois-dolivier-nativite-grotte-set-na130\\\/#breadcrumb\",\"itemListElement\":[{\"@type\":\"ListItem\",\"position\":1,\"name\":\"Home\",\"item\":\"https:\\\/\\\/holyland-olivewood.com\\\/fr\\\/home\\\/\"},{\"@type\":\"ListItem\",\"position\":2,\"name\":\"Voir tous les produits\",\"item\":\"https:\\\/\\\/holyland-olivewood.com\\\/fr\\\/shop\\\/\"},{\"@type\":\"ListItem\",\"position\":3,\"name\":\"Cr\u00e8che en bois d\u2019olivier Set #NA130\"}]},{\"@type\":\"WebSite\",\"@id\":\"https:\\\/\\\/holyland-olivewood.com\\\/fr\\\/#website\",\"url\":\"https:\\\/\\\/holyland-olivewood.com\\\/fr\\\/\",\"name\":\"Holy Land Olive Wood - Bethlehem Olive Wood Factory\",\"description\":\"Holy Land Olivewood Bethlehem\",\"publisher\":{\"@id\":\"https:\\\/\\\/holyland-olivewood.com\\\/fr\\\/#organization\"},\"potentialAction\":[{\"@type\":\"SearchAction\",\"target\":{\"@type\":\"EntryPoint\",\"urlTemplate\":\"https:\\\/\\\/holyland-olivewood.com\\\/fr\\\/?s={search_term_string}\"},\"query-input\":{\"@type\":\"PropertyValueSpecification\",\"valueRequired\":true,\"valueName\":\"search_term_string\"}}],\"inLanguage\":\"fr-FR\"},{\"@type\":\"Organization\",\"@id\":\"https:\\\/\\\/holyland-olivewood.com\\\/fr\\\/#organization\",\"name\":\"Holy Land Olivewood\",\"url\":\"https:\\\/\\\/holyland-olivewood.com\\\/fr\\\/\",\"logo\":{\"@type\":\"ImageObject\",\"inLanguage\":\"fr-FR\",\"@id\":\"https:\\\/\\\/holyland-olivewood.com\\\/fr\\\/#\\\/schema\\\/logo\\\/image\\\/\",\"url\":\"\",\"contentUrl\":\"\",\"caption\":\"Holy Land Olivewood\"},\"image\":{\"@id\":\"https:\\\/\\\/holyland-olivewood.com\\\/fr\\\/#\\\/schema\\\/logo\\\/image\\\/\"},\"sameAs\":[\"https:\\\/\\\/www.facebook.com\\\/holylandolivewood.bethlehem\\\/\",\"http:\\\/\\\/instagram.com\\\/holy.land.olive.wood\"]}]}<\/script>\n<!-- \/ Yoast SEO plugin. -->","yoast_head_json":{"title":"Cr\u00e8che en bois d\u2019olivier Set #NA130 - Holy Land Olive Wood - Bethlehem Olive Wood Factory","description":"Artisanat en bois d\u2019olivier de Bethl\u00e9em (c\u2019est-\u00e0-dire chapelets, statues, nativit\u00e9, d\u00e9cors, grotte) sainte famille, No\u00ebl, figurines et stock brut dans les dimensions standard et personnalis\u00e9es.","robots":{"index":"index","follow":"follow","max-snippet":"max-snippet:-1","max-image-preview":"max-image-preview:large","max-video-preview":"max-video-preview:-1"},"canonical":"https:\/\/holyland-olivewood.com\/fr\/produit\/bois-dolivier-nativite-grotte-set-na130\/","og_locale":"fr_FR","og_type":"article","og_title":"Cr\u00e8che en bois d\u2019olivier Set #NA130 - Holy Land Olive Wood - Bethlehem Olive Wood Factory","og_description":"Artisanat en bois d\u2019olivier de Bethl\u00e9em (c\u2019est-\u00e0-dire chapelets, statues, nativit\u00e9, d\u00e9cors, grotte) sainte famille, No\u00ebl, figurines et stock brut dans les dimensions standard et personnalis\u00e9es.","og_url":"https:\/\/holyland-olivewood.com\/fr\/produit\/bois-dolivier-nativite-grotte-set-na130\/","og_site_name":"Holy Land Olive Wood - Bethlehem Olive Wood Factory","article_publisher":"https:\/\/www.facebook.com\/holylandolivewood.bethlehem\/","article_modified_time":"2022-09-29T05:29:48+00:00","og_image":[{"width":1550,"height":1200,"url":"https:\/\/holyland-olivewood.com\/wp-content\/uploads\/2021\/08\/holy-land_olive_wood_nativity_set_bethlehem_na130-1-1.jpg","type":"image\/jpeg"}],"twitter_card":"summary_large_image","schema":{"@context":"https:\/\/schema.org","@graph":[{"@type":"WebPage","@id":"https:\/\/holyland-olivewood.com\/fr\/produit\/bois-dolivier-nativite-grotte-set-na130\/","url":"https:\/\/holyland-olivewood.com\/fr\/produit\/bois-dolivier-nativite-grotte-set-na130\/","name":"Cr\u00e8che en bois d\u2019olivier Set #NA130 - Holy Land Olive Wood - Bethlehem Olive Wood Factory","isPartOf":{"@id":"https:\/\/holyland-olivewood.com\/fr\/#website"},"primaryImageOfPage":{"@id":"https:\/\/holyland-olivewood.com\/fr\/produit\/bois-dolivier-nativite-grotte-set-na130\/#primaryimage"},"image":{"@id":"https:\/\/holyland-olivewood.com\/fr\/produit\/bois-dolivier-nativite-grotte-set-na130\/#primaryimage"},"thumbnailUrl":"https:\/\/holyland-olivewood.com\/wp-content\/uploads\/2021\/08\/holy-land_olive_wood_nativity_set_bethlehem_na130-1-1.jpg","datePublished":"2022-02-06T10:55:30+00:00","dateModified":"2022-09-29T05:29:48+00:00","description":"Artisanat en bois d\u2019olivier de Bethl\u00e9em (c\u2019est-\u00e0-dire chapelets, statues, nativit\u00e9, d\u00e9cors, grotte) sainte famille, No\u00ebl, figurines et stock brut dans les dimensions standard et personnalis\u00e9es.","breadcrumb":{"@id":"https:\/\/holyland-olivewood.com\/fr\/produit\/bois-dolivier-nativite-grotte-set-na130\/#breadcrumb"},"inLanguage":"fr-FR","potentialAction":[{"@type":"ReadAction","target":["https:\/\/holyland-olivewood.com\/fr\/produit\/bois-dolivier-nativite-grotte-set-na130\/"]}]},{"@type":"ImageObject","inLanguage":"fr-FR","@id":"https:\/\/holyland-olivewood.com\/fr\/produit\/bois-dolivier-nativite-grotte-set-na130\/#primaryimage","url":"https:\/\/holyland-olivewood.com\/wp-content\/uploads\/2021\/08\/holy-land_olive_wood_nativity_set_bethlehem_na130-1-1.jpg","contentUrl":"https:\/\/holyland-olivewood.com\/wp-content\/uploads\/2021\/08\/holy-land_olive_wood_nativity_set_bethlehem_na130-1-1.jpg","width":1550,"height":1200},{"@type":"BreadcrumbList","@id":"https:\/\/holyland-olivewood.com\/fr\/produit\/bois-dolivier-nativite-grotte-set-na130\/#breadcrumb","itemListElement":[{"@type":"ListItem","position":1,"name":"Home","item":"https:\/\/holyland-olivewood.com\/fr\/home\/"},{"@type":"ListItem","position":2,"name":"Voir tous les produits","item":"https:\/\/holyland-olivewood.com\/fr\/shop\/"},{"@type":"ListItem","position":3,"name":"Cr\u00e8che en bois d\u2019olivier Set #NA130"}]},{"@type":"WebSite","@id":"https:\/\/holyland-olivewood.com\/fr\/#website","url":"https:\/\/holyland-olivewood.com\/fr\/","name":"Holy Land Olive Wood - Bethlehem Olive Wood Factory","description":"Holy Land Olivewood Bethlehem","publisher":{"@id":"https:\/\/holyland-olivewood.com\/fr\/#organization"},"potentialAction":[{"@type":"SearchAction","target":{"@type":"EntryPoint","urlTemplate":"https:\/\/holyland-olivewood.com\/fr\/?s={search_term_string}"},"query-input":{"@type":"PropertyValueSpecification","valueRequired":true,"valueName":"search_term_string"}}],"inLanguage":"fr-FR"},{"@type":"Organization","@id":"https:\/\/holyland-olivewood.com\/fr\/#organization","name":"Holy Land Olivewood","url":"https:\/\/holyland-olivewood.com\/fr\/","logo":{"@type":"ImageObject","inLanguage":"fr-FR","@id":"https:\/\/holyland-olivewood.com\/fr\/#\/schema\/logo\/image\/","url":"","contentUrl":"","caption":"Holy Land Olivewood"},"image":{"@id":"https:\/\/holyland-olivewood.com\/fr\/#\/schema\/logo\/image\/"},"sameAs":["https:\/\/www.facebook.com\/holylandolivewood.bethlehem\/","http:\/\/instagram.com\/holy.land.olive.wood"]}]}},"_links":{"self":[{"href":"https:\/\/holyland-olivewood.com\/fr\/wp-json\/wp\/v2\/product\/40288","targetHints":{"allow":["GET"]}}],"collection":[{"href":"https:\/\/holyland-olivewood.com\/fr\/wp-json\/wp\/v2\/product"}],"about":[{"href":"https:\/\/holyland-olivewood.com\/fr\/wp-json\/wp\/v2\/types\/product"}],"replies":[{"embeddable":true,"href":"https:\/\/holyland-olivewood.com\/fr\/wp-json\/wp\/v2\/comments?post=40288"}],"version-history":[{"count":0,"href":"https:\/\/holyland-olivewood.com\/fr\/wp-json\/wp\/v2\/product\/40288\/revisions"}],"wp:featuredmedia":[{"embeddable":true,"href":"https:\/\/holyland-olivewood.com\/fr\/wp-json\/wp\/v2\/media\/56786"}],"wp:attachment":[{"href":"https:\/\/holyland-olivewood.com\/fr\/wp-json\/wp\/v2\/media?parent=40288"}],"wp:term":[{"taxonomy":"product_brand","embeddable":true,"href":"https:\/\/holyland-olivewood.com\/fr\/wp-json\/wp\/v2\/product_brand?post=40288"},{"taxonomy":"product_cat","embeddable":true,"href":"https:\/\/holyland-olivewood.com\/fr\/wp-json\/wp\/v2\/product_cat?post=40288"},{"taxonomy":"product_tag","embeddable":true,"href":"https:\/\/holyland-olivewood.com\/fr\/wp-json\/wp\/v2\/product_tag?post=40288"}],"curies":[{"name":"wp","href":"https:\/\/api.w.org\/{rel}","templated":true}]}}