{"id":54086,"date":"2023-06-24T19:47:41","date_gmt":"2023-06-24T19:47:41","guid":{"rendered":"https:\/\/holyland-olivewood.com\/product\/jeesus-kristus-rauhoittaa-myrskyn-oliivipuu-patsas-fi117\/"},"modified":"2026-04-25T13:16:18","modified_gmt":"2026-04-25T13:16:18","slug":"jesus-kristus-kalmis-myrsky-oliivipuu-patsas-fi117","status":"publish","type":"product","link":"https:\/\/holyland-olivewood.com\/fi\/tuote\/jesus-kristus-kalmis-myrsky-oliivipuu-patsas-fi117\/","title":{"rendered":"Jeesus Kristus rauhoittaa myrskyn oliivipuu patsas #FI117"},"content":{"rendered":"","protected":false},"excerpt":{"rendered":"<p>T\u00e4m\u00e4 kaunis Jeesus Kristus rauhoittaa myrskyn on veistetty k\u00e4sin Pyh\u00e4ss\u00e4 maassa kest\u00e4v\u00e4sti ker\u00e4tyst\u00e4, aidosta Betlehemin oliivipuusta. T\u00e4m\u00e4 ihastuttava patsas Jeesus Kristus tyynnytt\u00e4\u00e4 myrskyn on k\u00e4sintehty oliivipuusta, joka on kasvanut Pyh\u00e4ss\u00e4 maassa satoja vuosia. Merkityksellinen esine, koska se on per\u00e4isin suoraan Pyh\u00e4lt\u00e4 maalta.<\/p>\n<p>T\u00e4m\u00e4 tuote sis\u00e4lt\u00e4\u00e4 aitoustodistuksen, joka vahvistaa t\u00e4m\u00e4n tuotteen valmistuksessa k\u00e4ytetyt materiaalit ja tekniikat.<\/p>\n<p>Koko: 19,5 cm x 34 cm x 27 cm (7,5&#8243; x 13,5&#8243; x 10,5&#8243;).<\/p>\n","protected":false},"featured_media":54087,"comment_status":"closed","ping_status":"closed","template":"","meta":[],"product_brand":[],"product_cat":[1677,786],"product_tag":[],"class_list":{"0":"post-54086","1":"product","2":"type-product","3":"status-publish","4":"has-post-thumbnail","6":"product_cat-hahmoja","7":"product_cat-kunsthaandvaerk-fi","9":"first","10":"instock","11":"shipping-taxable","12":"purchasable","13":"product-type-simple"},"yoast_head":"<!-- This site is optimized with the Yoast SEO plugin v27.4 - https:\/\/yoast.com\/product\/yoast-seo-wordpress\/ -->\n<title>Jeesus Kristus rauhoittaa myrskyn oliivipuu patsas #FI117 - Holy Land Olive Wood - Bethlehem Olive Wood Factory<\/title>\n<meta name=\"description\" content=\"Puinen veistos Jeesuksesta Kristuksesta &quot;Myrskyn rauhoittaminen&quot; Betlehemin oliivipuusta valmistetut k\u00e4sity\u00f6t (esim. figuurit, k\u00e4til\u00f6t, patsaat, veistokset).\" \/>\n<meta name=\"robots\" content=\"index, follow, max-snippet:-1, max-image-preview:large, max-video-preview:-1\" \/>\n<link rel=\"canonical\" href=\"https:\/\/holyland-olivewood.com\/fi\/tuote\/jesus-kristus-kalmis-myrsky-oliivipuu-patsas-fi117\/\" \/>\n<meta property=\"og:locale\" content=\"fi_FI\" \/>\n<meta property=\"og:type\" content=\"article\" \/>\n<meta property=\"og:title\" content=\"Jeesus Kristus rauhoittaa myrskyn oliivipuu patsas #FI117 - Holy Land Olive Wood - Bethlehem Olive Wood Factory\" \/>\n<meta property=\"og:description\" content=\"Puinen veistos Jeesuksesta Kristuksesta &quot;Myrskyn rauhoittaminen&quot; Betlehemin oliivipuusta valmistetut k\u00e4sity\u00f6t (esim. figuurit, k\u00e4til\u00f6t, patsaat, veistokset).\" \/>\n<meta property=\"og:url\" content=\"https:\/\/holyland-olivewood.com\/fi\/tuote\/jesus-kristus-kalmis-myrsky-oliivipuu-patsas-fi117\/\" \/>\n<meta property=\"og:site_name\" content=\"Holy Land Olive Wood - Bethlehem Olive Wood Factory\" \/>\n<meta property=\"article:publisher\" content=\"https:\/\/www.facebook.com\/holylandolivewood.bethlehem\/\" \/>\n<meta property=\"article:modified_time\" content=\"2026-04-25T13:16:18+00:00\" \/>\n<meta property=\"og:image\" content=\"https:\/\/holyland-olivewood.com\/wp-content\/uploads\/2023\/06\/christ_calms_the_storm_holy_land_olive_wood_bethlehem_fi117-1.jpg\" \/>\n\t<meta property=\"og:image:width\" content=\"1550\" \/>\n\t<meta property=\"og:image:height\" content=\"1200\" \/>\n\t<meta property=\"og:image:type\" content=\"image\/jpeg\" \/>\n<meta name=\"twitter:card\" content=\"summary_large_image\" \/>\n<script type=\"application\/ld+json\" class=\"yoast-schema-graph\">{\"@context\":\"https:\\\/\\\/schema.org\",\"@graph\":[{\"@type\":\"WebPage\",\"@id\":\"https:\\\/\\\/holyland-olivewood.com\\\/fi\\\/tuote\\\/jesus-kristus-kalmis-myrsky-oliivipuu-patsas-fi117\\\/\",\"url\":\"https:\\\/\\\/holyland-olivewood.com\\\/fi\\\/tuote\\\/jesus-kristus-kalmis-myrsky-oliivipuu-patsas-fi117\\\/\",\"name\":\"Jeesus Kristus rauhoittaa myrskyn oliivipuu patsas #FI117 - Holy Land Olive Wood - Bethlehem Olive Wood Factory\",\"isPartOf\":{\"@id\":\"https:\\\/\\\/holyland-olivewood.com\\\/fi\\\/#website\"},\"primaryImageOfPage\":{\"@id\":\"https:\\\/\\\/holyland-olivewood.com\\\/fi\\\/tuote\\\/jesus-kristus-kalmis-myrsky-oliivipuu-patsas-fi117\\\/#primaryimage\"},\"image\":{\"@id\":\"https:\\\/\\\/holyland-olivewood.com\\\/fi\\\/tuote\\\/jesus-kristus-kalmis-myrsky-oliivipuu-patsas-fi117\\\/#primaryimage\"},\"thumbnailUrl\":\"https:\\\/\\\/holyland-olivewood.com\\\/wp-content\\\/uploads\\\/2023\\\/06\\\/christ_calms_the_storm_holy_land_olive_wood_bethlehem_fi117-1.jpg\",\"datePublished\":\"2023-06-24T19:47:41+00:00\",\"dateModified\":\"2026-04-25T13:16:18+00:00\",\"description\":\"Puinen veistos Jeesuksesta Kristuksesta \\\"Myrskyn rauhoittaminen\\\" Betlehemin oliivipuusta valmistetut k\u00e4sity\u00f6t (esim. figuurit, k\u00e4til\u00f6t, patsaat, veistokset).\",\"breadcrumb\":{\"@id\":\"https:\\\/\\\/holyland-olivewood.com\\\/fi\\\/tuote\\\/jesus-kristus-kalmis-myrsky-oliivipuu-patsas-fi117\\\/#breadcrumb\"},\"inLanguage\":\"fi\",\"potentialAction\":[{\"@type\":\"ReadAction\",\"target\":[\"https:\\\/\\\/holyland-olivewood.com\\\/fi\\\/tuote\\\/jesus-kristus-kalmis-myrsky-oliivipuu-patsas-fi117\\\/\"]}]},{\"@type\":\"ImageObject\",\"inLanguage\":\"fi\",\"@id\":\"https:\\\/\\\/holyland-olivewood.com\\\/fi\\\/tuote\\\/jesus-kristus-kalmis-myrsky-oliivipuu-patsas-fi117\\\/#primaryimage\",\"url\":\"https:\\\/\\\/holyland-olivewood.com\\\/wp-content\\\/uploads\\\/2023\\\/06\\\/christ_calms_the_storm_holy_land_olive_wood_bethlehem_fi117-1.jpg\",\"contentUrl\":\"https:\\\/\\\/holyland-olivewood.com\\\/wp-content\\\/uploads\\\/2023\\\/06\\\/christ_calms_the_storm_holy_land_olive_wood_bethlehem_fi117-1.jpg\",\"width\":1550,\"height\":1200},{\"@type\":\"BreadcrumbList\",\"@id\":\"https:\\\/\\\/holyland-olivewood.com\\\/fi\\\/tuote\\\/jesus-kristus-kalmis-myrsky-oliivipuu-patsas-fi117\\\/#breadcrumb\",\"itemListElement\":[{\"@type\":\"ListItem\",\"position\":1,\"name\":\"Home\",\"item\":\"https:\\\/\\\/holyland-olivewood.com\\\/fi\\\/koti-2\\\/\"},{\"@type\":\"ListItem\",\"position\":2,\"name\":\"N\u00e4yt\u00e4 kaikki tuotteet\",\"item\":\"https:\\\/\\\/holyland-olivewood.com\\\/fi\\\/shop\\\/\"},{\"@type\":\"ListItem\",\"position\":3,\"name\":\"Jeesus Kristus rauhoittaa myrskyn oliivipuu patsas #FI117\"}]},{\"@type\":\"WebSite\",\"@id\":\"https:\\\/\\\/holyland-olivewood.com\\\/fi\\\/#website\",\"url\":\"https:\\\/\\\/holyland-olivewood.com\\\/fi\\\/\",\"name\":\"Holy Land Olive Wood - Bethlehem Olive Wood Factory\",\"description\":\"Holy Land Olivewood Bethlehem\",\"publisher\":{\"@id\":\"https:\\\/\\\/holyland-olivewood.com\\\/fi\\\/#organization\"},\"potentialAction\":[{\"@type\":\"SearchAction\",\"target\":{\"@type\":\"EntryPoint\",\"urlTemplate\":\"https:\\\/\\\/holyland-olivewood.com\\\/fi\\\/?s={search_term_string}\"},\"query-input\":{\"@type\":\"PropertyValueSpecification\",\"valueRequired\":true,\"valueName\":\"search_term_string\"}}],\"inLanguage\":\"fi\"},{\"@type\":\"Organization\",\"@id\":\"https:\\\/\\\/holyland-olivewood.com\\\/fi\\\/#organization\",\"name\":\"Holy Land Olivewood\",\"url\":\"https:\\\/\\\/holyland-olivewood.com\\\/fi\\\/\",\"logo\":{\"@type\":\"ImageObject\",\"inLanguage\":\"fi\",\"@id\":\"https:\\\/\\\/holyland-olivewood.com\\\/fi\\\/#\\\/schema\\\/logo\\\/image\\\/\",\"url\":\"\",\"contentUrl\":\"\",\"caption\":\"Holy Land Olivewood\"},\"image\":{\"@id\":\"https:\\\/\\\/holyland-olivewood.com\\\/fi\\\/#\\\/schema\\\/logo\\\/image\\\/\"},\"sameAs\":[\"https:\\\/\\\/www.facebook.com\\\/holylandolivewood.bethlehem\\\/\",\"http:\\\/\\\/instagram.com\\\/holy.land.olive.wood\"]}]}<\/script>\n<!-- \/ Yoast SEO plugin. -->","yoast_head_json":{"title":"Jeesus Kristus rauhoittaa myrskyn oliivipuu patsas #FI117 - Holy Land Olive Wood - Bethlehem Olive Wood Factory","description":"Puinen veistos Jeesuksesta Kristuksesta \"Myrskyn rauhoittaminen\" Betlehemin oliivipuusta valmistetut k\u00e4sity\u00f6t (esim. figuurit, k\u00e4til\u00f6t, patsaat, veistokset).","robots":{"index":"index","follow":"follow","max-snippet":"max-snippet:-1","max-image-preview":"max-image-preview:large","max-video-preview":"max-video-preview:-1"},"canonical":"https:\/\/holyland-olivewood.com\/fi\/tuote\/jesus-kristus-kalmis-myrsky-oliivipuu-patsas-fi117\/","og_locale":"fi_FI","og_type":"article","og_title":"Jeesus Kristus rauhoittaa myrskyn oliivipuu patsas #FI117 - Holy Land Olive Wood - Bethlehem Olive Wood Factory","og_description":"Puinen veistos Jeesuksesta Kristuksesta \"Myrskyn rauhoittaminen\" Betlehemin oliivipuusta valmistetut k\u00e4sity\u00f6t (esim. figuurit, k\u00e4til\u00f6t, patsaat, veistokset).","og_url":"https:\/\/holyland-olivewood.com\/fi\/tuote\/jesus-kristus-kalmis-myrsky-oliivipuu-patsas-fi117\/","og_site_name":"Holy Land Olive Wood - Bethlehem Olive Wood Factory","article_publisher":"https:\/\/www.facebook.com\/holylandolivewood.bethlehem\/","article_modified_time":"2026-04-25T13:16:18+00:00","og_image":[{"width":1550,"height":1200,"url":"https:\/\/holyland-olivewood.com\/wp-content\/uploads\/2023\/06\/christ_calms_the_storm_holy_land_olive_wood_bethlehem_fi117-1.jpg","type":"image\/jpeg"}],"twitter_card":"summary_large_image","schema":{"@context":"https:\/\/schema.org","@graph":[{"@type":"WebPage","@id":"https:\/\/holyland-olivewood.com\/fi\/tuote\/jesus-kristus-kalmis-myrsky-oliivipuu-patsas-fi117\/","url":"https:\/\/holyland-olivewood.com\/fi\/tuote\/jesus-kristus-kalmis-myrsky-oliivipuu-patsas-fi117\/","name":"Jeesus Kristus rauhoittaa myrskyn oliivipuu patsas #FI117 - Holy Land Olive Wood - Bethlehem Olive Wood Factory","isPartOf":{"@id":"https:\/\/holyland-olivewood.com\/fi\/#website"},"primaryImageOfPage":{"@id":"https:\/\/holyland-olivewood.com\/fi\/tuote\/jesus-kristus-kalmis-myrsky-oliivipuu-patsas-fi117\/#primaryimage"},"image":{"@id":"https:\/\/holyland-olivewood.com\/fi\/tuote\/jesus-kristus-kalmis-myrsky-oliivipuu-patsas-fi117\/#primaryimage"},"thumbnailUrl":"https:\/\/holyland-olivewood.com\/wp-content\/uploads\/2023\/06\/christ_calms_the_storm_holy_land_olive_wood_bethlehem_fi117-1.jpg","datePublished":"2023-06-24T19:47:41+00:00","dateModified":"2026-04-25T13:16:18+00:00","description":"Puinen veistos Jeesuksesta Kristuksesta \"Myrskyn rauhoittaminen\" Betlehemin oliivipuusta valmistetut k\u00e4sity\u00f6t (esim. figuurit, k\u00e4til\u00f6t, patsaat, veistokset).","breadcrumb":{"@id":"https:\/\/holyland-olivewood.com\/fi\/tuote\/jesus-kristus-kalmis-myrsky-oliivipuu-patsas-fi117\/#breadcrumb"},"inLanguage":"fi","potentialAction":[{"@type":"ReadAction","target":["https:\/\/holyland-olivewood.com\/fi\/tuote\/jesus-kristus-kalmis-myrsky-oliivipuu-patsas-fi117\/"]}]},{"@type":"ImageObject","inLanguage":"fi","@id":"https:\/\/holyland-olivewood.com\/fi\/tuote\/jesus-kristus-kalmis-myrsky-oliivipuu-patsas-fi117\/#primaryimage","url":"https:\/\/holyland-olivewood.com\/wp-content\/uploads\/2023\/06\/christ_calms_the_storm_holy_land_olive_wood_bethlehem_fi117-1.jpg","contentUrl":"https:\/\/holyland-olivewood.com\/wp-content\/uploads\/2023\/06\/christ_calms_the_storm_holy_land_olive_wood_bethlehem_fi117-1.jpg","width":1550,"height":1200},{"@type":"BreadcrumbList","@id":"https:\/\/holyland-olivewood.com\/fi\/tuote\/jesus-kristus-kalmis-myrsky-oliivipuu-patsas-fi117\/#breadcrumb","itemListElement":[{"@type":"ListItem","position":1,"name":"Home","item":"https:\/\/holyland-olivewood.com\/fi\/koti-2\/"},{"@type":"ListItem","position":2,"name":"N\u00e4yt\u00e4 kaikki tuotteet","item":"https:\/\/holyland-olivewood.com\/fi\/shop\/"},{"@type":"ListItem","position":3,"name":"Jeesus Kristus rauhoittaa myrskyn oliivipuu patsas #FI117"}]},{"@type":"WebSite","@id":"https:\/\/holyland-olivewood.com\/fi\/#website","url":"https:\/\/holyland-olivewood.com\/fi\/","name":"Holy Land Olive Wood - Bethlehem Olive Wood Factory","description":"Holy Land Olivewood Bethlehem","publisher":{"@id":"https:\/\/holyland-olivewood.com\/fi\/#organization"},"potentialAction":[{"@type":"SearchAction","target":{"@type":"EntryPoint","urlTemplate":"https:\/\/holyland-olivewood.com\/fi\/?s={search_term_string}"},"query-input":{"@type":"PropertyValueSpecification","valueRequired":true,"valueName":"search_term_string"}}],"inLanguage":"fi"},{"@type":"Organization","@id":"https:\/\/holyland-olivewood.com\/fi\/#organization","name":"Holy Land Olivewood","url":"https:\/\/holyland-olivewood.com\/fi\/","logo":{"@type":"ImageObject","inLanguage":"fi","@id":"https:\/\/holyland-olivewood.com\/fi\/#\/schema\/logo\/image\/","url":"","contentUrl":"","caption":"Holy Land Olivewood"},"image":{"@id":"https:\/\/holyland-olivewood.com\/fi\/#\/schema\/logo\/image\/"},"sameAs":["https:\/\/www.facebook.com\/holylandolivewood.bethlehem\/","http:\/\/instagram.com\/holy.land.olive.wood"]}]}},"_links":{"self":[{"href":"https:\/\/holyland-olivewood.com\/fi\/wp-json\/wp\/v2\/product\/54086","targetHints":{"allow":["GET"]}}],"collection":[{"href":"https:\/\/holyland-olivewood.com\/fi\/wp-json\/wp\/v2\/product"}],"about":[{"href":"https:\/\/holyland-olivewood.com\/fi\/wp-json\/wp\/v2\/types\/product"}],"replies":[{"embeddable":true,"href":"https:\/\/holyland-olivewood.com\/fi\/wp-json\/wp\/v2\/comments?post=54086"}],"version-history":[{"count":1,"href":"https:\/\/holyland-olivewood.com\/fi\/wp-json\/wp\/v2\/product\/54086\/revisions"}],"predecessor-version":[{"id":64781,"href":"https:\/\/holyland-olivewood.com\/fi\/wp-json\/wp\/v2\/product\/54086\/revisions\/64781"}],"wp:featuredmedia":[{"embeddable":true,"href":"https:\/\/holyland-olivewood.com\/fi\/wp-json\/wp\/v2\/media\/54087"}],"wp:attachment":[{"href":"https:\/\/holyland-olivewood.com\/fi\/wp-json\/wp\/v2\/media?parent=54086"}],"wp:term":[{"taxonomy":"product_brand","embeddable":true,"href":"https:\/\/holyland-olivewood.com\/fi\/wp-json\/wp\/v2\/product_brand?post=54086"},{"taxonomy":"product_cat","embeddable":true,"href":"https:\/\/holyland-olivewood.com\/fi\/wp-json\/wp\/v2\/product_cat?post=54086"},{"taxonomy":"product_tag","embeddable":true,"href":"https:\/\/holyland-olivewood.com\/fi\/wp-json\/wp\/v2\/product_tag?post=54086"}],"curies":[{"name":"wp","href":"https:\/\/api.w.org\/{rel}","templated":true}]}}