{"id":53744,"date":"2023-06-25T04:50:30","date_gmt":"2023-06-25T04:58:35","guid":{"rendered":"https:\/\/holyland-olivewood.com\/product\/kristuksen-uhri-seinalle-ripustettu-oliivipuu-kasityot-fi127\/"},"modified":"2023-06-25T04:58:35","modified_gmt":"2023-06-25T04:58:35","slug":"kristuksen-uhri-seinaan-riippuvainen-oliivipuu-kasityot-fi127","status":"publish","type":"product","link":"https:\/\/holyland-olivewood.com\/fi\/tuote\/kristuksen-uhri-seinaan-riippuvainen-oliivipuu-kasityot-fi127\/","title":{"rendered":"Kristuksen uhri sein\u00e4lle ripustettu oliivipuu k\u00e4sity\u00f6t #FI127"},"content":{"rendered":"","protected":false},"excerpt":{"rendered":"<p>T\u00e4m\u00e4 kaunis Kristuksen uhri -sein\u00e4ripustus on veistetty k\u00e4sin Pyh\u00e4ss\u00e4 maassa kest\u00e4v\u00e4sti ker\u00e4tyst\u00e4, aidosta Betlehemin oliivipuusta. Siin\u00e4 n\u00e4kyy Jeesus orjantappurakruunu yll\u00e4\u00e4n. T\u00e4m\u00e4 huolellisesti veistetty, kauniisti yksityiskohtainen Kristuksen p\u00e4\u00e4 -veistos sopii erinomaisesti kotiin tai pyh\u00e4kk\u00f6\u00f6n.<\/p>\n<p>T\u00e4m\u00e4 tuote sis\u00e4lt\u00e4\u00e4 aitoustodistuksen, joka vahvistaa t\u00e4m\u00e4n tuotteen valmistuksessa k\u00e4ytetyt materiaalit ja tekniikat.<\/p>\n<p>Koko: 6 cm x 12,5 cm x 19 cm (2,5&#8243; x 5&#8243; x 7,5&#8243;).<\/p>\n","protected":false},"featured_media":53745,"comment_status":"closed","ping_status":"closed","template":"","meta":[],"product_brand":[],"product_cat":[1677,786],"product_tag":[],"class_list":{"0":"post-53744","1":"product","2":"type-product","3":"status-publish","4":"has-post-thumbnail","6":"product_cat-hahmoja","7":"product_cat-kunsthaandvaerk-fi","9":"first","10":"instock","11":"shipping-taxable","12":"purchasable","13":"product-type-simple"},"yoast_head":"<!-- This site is optimized with the Yoast SEO plugin v27.4 - https:\/\/yoast.com\/product\/yoast-seo-wordpress\/ -->\n<title>Kristuksen uhri sein\u00e4lle ripustettu oliivipuu k\u00e4sity\u00f6t #FI127 - Holy Land Olive Wood - Bethlehem Olive Wood Factory<\/title>\n<meta name=\"description\" content=\"Puinen veistos Kristuksen uhrista sein\u00e4lle ripustettava Betlehemin oliivipuiset k\u00e4sity\u00f6t (esim. figuurit, syntym\u00e4asetit, patsaat, veistokset)\" \/>\n<meta name=\"robots\" content=\"index, follow, max-snippet:-1, max-image-preview:large, max-video-preview:-1\" \/>\n<link rel=\"canonical\" href=\"https:\/\/holyland-olivewood.com\/fi\/tuote\/kristuksen-uhri-seinaan-riippuvainen-oliivipuu-kasityot-fi127\/\" \/>\n<meta property=\"og:locale\" content=\"fi_FI\" \/>\n<meta property=\"og:type\" content=\"article\" \/>\n<meta property=\"og:title\" content=\"Kristuksen uhri sein\u00e4lle ripustettu oliivipuu k\u00e4sity\u00f6t #FI127 - Holy Land Olive Wood - Bethlehem Olive Wood Factory\" \/>\n<meta property=\"og:description\" content=\"Puinen veistos Kristuksen uhrista sein\u00e4lle ripustettava Betlehemin oliivipuiset k\u00e4sity\u00f6t (esim. figuurit, syntym\u00e4asetit, patsaat, veistokset)\" \/>\n<meta property=\"og:url\" content=\"https:\/\/holyland-olivewood.com\/fi\/tuote\/kristuksen-uhri-seinaan-riippuvainen-oliivipuu-kasityot-fi127\/\" \/>\n<meta property=\"og:site_name\" content=\"Holy Land Olive Wood - Bethlehem Olive Wood Factory\" \/>\n<meta property=\"article:publisher\" content=\"https:\/\/www.facebook.com\/holylandolivewood.bethlehem\/\" \/>\n<meta property=\"og:image\" content=\"https:\/\/holyland-olivewood.com\/wp-content\/uploads\/2023\/06\/jesus_sacrifice_of_christ_holy_land_olive_wood_bethlehem_fi127-1.jpg\" \/>\n\t<meta property=\"og:image:width\" content=\"1550\" \/>\n\t<meta property=\"og:image:height\" content=\"1200\" \/>\n\t<meta property=\"og:image:type\" content=\"image\/jpeg\" \/>\n<meta name=\"twitter:card\" content=\"summary_large_image\" \/>\n<script type=\"application\/ld+json\" class=\"yoast-schema-graph\">{\"@context\":\"https:\\\/\\\/schema.org\",\"@graph\":[{\"@type\":\"WebPage\",\"@id\":\"https:\\\/\\\/holyland-olivewood.com\\\/fi\\\/tuote\\\/kristuksen-uhri-seinaan-riippuvainen-oliivipuu-kasityot-fi127\\\/\",\"url\":\"https:\\\/\\\/holyland-olivewood.com\\\/fi\\\/tuote\\\/kristuksen-uhri-seinaan-riippuvainen-oliivipuu-kasityot-fi127\\\/\",\"name\":\"Kristuksen uhri sein\u00e4lle ripustettu oliivipuu k\u00e4sity\u00f6t #FI127 - Holy Land Olive Wood - Bethlehem Olive Wood Factory\",\"isPartOf\":{\"@id\":\"https:\\\/\\\/holyland-olivewood.com\\\/fi\\\/#website\"},\"primaryImageOfPage\":{\"@id\":\"https:\\\/\\\/holyland-olivewood.com\\\/fi\\\/tuote\\\/kristuksen-uhri-seinaan-riippuvainen-oliivipuu-kasityot-fi127\\\/#primaryimage\"},\"image\":{\"@id\":\"https:\\\/\\\/holyland-olivewood.com\\\/fi\\\/tuote\\\/kristuksen-uhri-seinaan-riippuvainen-oliivipuu-kasityot-fi127\\\/#primaryimage\"},\"thumbnailUrl\":\"https:\\\/\\\/holyland-olivewood.com\\\/wp-content\\\/uploads\\\/2023\\\/06\\\/jesus_sacrifice_of_christ_holy_land_olive_wood_bethlehem_fi127-1.jpg\",\"datePublished\":\"2023-06-25T04:58:35+00:00\",\"description\":\"Puinen veistos Kristuksen uhrista sein\u00e4lle ripustettava Betlehemin oliivipuiset k\u00e4sity\u00f6t (esim. figuurit, syntym\u00e4asetit, patsaat, veistokset)\",\"breadcrumb\":{\"@id\":\"https:\\\/\\\/holyland-olivewood.com\\\/fi\\\/tuote\\\/kristuksen-uhri-seinaan-riippuvainen-oliivipuu-kasityot-fi127\\\/#breadcrumb\"},\"inLanguage\":\"fi\",\"potentialAction\":[{\"@type\":\"ReadAction\",\"target\":[\"https:\\\/\\\/holyland-olivewood.com\\\/fi\\\/tuote\\\/kristuksen-uhri-seinaan-riippuvainen-oliivipuu-kasityot-fi127\\\/\"]}]},{\"@type\":\"ImageObject\",\"inLanguage\":\"fi\",\"@id\":\"https:\\\/\\\/holyland-olivewood.com\\\/fi\\\/tuote\\\/kristuksen-uhri-seinaan-riippuvainen-oliivipuu-kasityot-fi127\\\/#primaryimage\",\"url\":\"https:\\\/\\\/holyland-olivewood.com\\\/wp-content\\\/uploads\\\/2023\\\/06\\\/jesus_sacrifice_of_christ_holy_land_olive_wood_bethlehem_fi127-1.jpg\",\"contentUrl\":\"https:\\\/\\\/holyland-olivewood.com\\\/wp-content\\\/uploads\\\/2023\\\/06\\\/jesus_sacrifice_of_christ_holy_land_olive_wood_bethlehem_fi127-1.jpg\",\"width\":1550,\"height\":1200},{\"@type\":\"BreadcrumbList\",\"@id\":\"https:\\\/\\\/holyland-olivewood.com\\\/fi\\\/tuote\\\/kristuksen-uhri-seinaan-riippuvainen-oliivipuu-kasityot-fi127\\\/#breadcrumb\",\"itemListElement\":[{\"@type\":\"ListItem\",\"position\":1,\"name\":\"Home\",\"item\":\"https:\\\/\\\/holyland-olivewood.com\\\/fi\\\/koti-2\\\/\"},{\"@type\":\"ListItem\",\"position\":2,\"name\":\"N\u00e4yt\u00e4 kaikki tuotteet\",\"item\":\"https:\\\/\\\/holyland-olivewood.com\\\/fi\\\/shop\\\/\"},{\"@type\":\"ListItem\",\"position\":3,\"name\":\"Kristuksen uhri sein\u00e4lle ripustettu oliivipuu k\u00e4sity\u00f6t #FI127\"}]},{\"@type\":\"WebSite\",\"@id\":\"https:\\\/\\\/holyland-olivewood.com\\\/fi\\\/#website\",\"url\":\"https:\\\/\\\/holyland-olivewood.com\\\/fi\\\/\",\"name\":\"Holy Land Olive Wood - Bethlehem Olive Wood Factory\",\"description\":\"Holy Land Olivewood Bethlehem\",\"publisher\":{\"@id\":\"https:\\\/\\\/holyland-olivewood.com\\\/fi\\\/#organization\"},\"potentialAction\":[{\"@type\":\"SearchAction\",\"target\":{\"@type\":\"EntryPoint\",\"urlTemplate\":\"https:\\\/\\\/holyland-olivewood.com\\\/fi\\\/?s={search_term_string}\"},\"query-input\":{\"@type\":\"PropertyValueSpecification\",\"valueRequired\":true,\"valueName\":\"search_term_string\"}}],\"inLanguage\":\"fi\"},{\"@type\":\"Organization\",\"@id\":\"https:\\\/\\\/holyland-olivewood.com\\\/fi\\\/#organization\",\"name\":\"Holy Land Olivewood\",\"url\":\"https:\\\/\\\/holyland-olivewood.com\\\/fi\\\/\",\"logo\":{\"@type\":\"ImageObject\",\"inLanguage\":\"fi\",\"@id\":\"https:\\\/\\\/holyland-olivewood.com\\\/fi\\\/#\\\/schema\\\/logo\\\/image\\\/\",\"url\":\"\",\"contentUrl\":\"\",\"caption\":\"Holy Land Olivewood\"},\"image\":{\"@id\":\"https:\\\/\\\/holyland-olivewood.com\\\/fi\\\/#\\\/schema\\\/logo\\\/image\\\/\"},\"sameAs\":[\"https:\\\/\\\/www.facebook.com\\\/holylandolivewood.bethlehem\\\/\",\"http:\\\/\\\/instagram.com\\\/holy.land.olive.wood\"]}]}<\/script>\n<!-- \/ Yoast SEO plugin. -->","yoast_head_json":{"title":"Kristuksen uhri sein\u00e4lle ripustettu oliivipuu k\u00e4sity\u00f6t #FI127 - Holy Land Olive Wood - Bethlehem Olive Wood Factory","description":"Puinen veistos Kristuksen uhrista sein\u00e4lle ripustettava Betlehemin oliivipuiset k\u00e4sity\u00f6t (esim. figuurit, syntym\u00e4asetit, patsaat, veistokset)","robots":{"index":"index","follow":"follow","max-snippet":"max-snippet:-1","max-image-preview":"max-image-preview:large","max-video-preview":"max-video-preview:-1"},"canonical":"https:\/\/holyland-olivewood.com\/fi\/tuote\/kristuksen-uhri-seinaan-riippuvainen-oliivipuu-kasityot-fi127\/","og_locale":"fi_FI","og_type":"article","og_title":"Kristuksen uhri sein\u00e4lle ripustettu oliivipuu k\u00e4sity\u00f6t #FI127 - Holy Land Olive Wood - Bethlehem Olive Wood Factory","og_description":"Puinen veistos Kristuksen uhrista sein\u00e4lle ripustettava Betlehemin oliivipuiset k\u00e4sity\u00f6t (esim. figuurit, syntym\u00e4asetit, patsaat, veistokset)","og_url":"https:\/\/holyland-olivewood.com\/fi\/tuote\/kristuksen-uhri-seinaan-riippuvainen-oliivipuu-kasityot-fi127\/","og_site_name":"Holy Land Olive Wood - Bethlehem Olive Wood Factory","article_publisher":"https:\/\/www.facebook.com\/holylandolivewood.bethlehem\/","og_image":[{"width":1550,"height":1200,"url":"https:\/\/holyland-olivewood.com\/wp-content\/uploads\/2023\/06\/jesus_sacrifice_of_christ_holy_land_olive_wood_bethlehem_fi127-1.jpg","type":"image\/jpeg"}],"twitter_card":"summary_large_image","schema":{"@context":"https:\/\/schema.org","@graph":[{"@type":"WebPage","@id":"https:\/\/holyland-olivewood.com\/fi\/tuote\/kristuksen-uhri-seinaan-riippuvainen-oliivipuu-kasityot-fi127\/","url":"https:\/\/holyland-olivewood.com\/fi\/tuote\/kristuksen-uhri-seinaan-riippuvainen-oliivipuu-kasityot-fi127\/","name":"Kristuksen uhri sein\u00e4lle ripustettu oliivipuu k\u00e4sity\u00f6t #FI127 - Holy Land Olive Wood - Bethlehem Olive Wood Factory","isPartOf":{"@id":"https:\/\/holyland-olivewood.com\/fi\/#website"},"primaryImageOfPage":{"@id":"https:\/\/holyland-olivewood.com\/fi\/tuote\/kristuksen-uhri-seinaan-riippuvainen-oliivipuu-kasityot-fi127\/#primaryimage"},"image":{"@id":"https:\/\/holyland-olivewood.com\/fi\/tuote\/kristuksen-uhri-seinaan-riippuvainen-oliivipuu-kasityot-fi127\/#primaryimage"},"thumbnailUrl":"https:\/\/holyland-olivewood.com\/wp-content\/uploads\/2023\/06\/jesus_sacrifice_of_christ_holy_land_olive_wood_bethlehem_fi127-1.jpg","datePublished":"2023-06-25T04:58:35+00:00","description":"Puinen veistos Kristuksen uhrista sein\u00e4lle ripustettava Betlehemin oliivipuiset k\u00e4sity\u00f6t (esim. figuurit, syntym\u00e4asetit, patsaat, veistokset)","breadcrumb":{"@id":"https:\/\/holyland-olivewood.com\/fi\/tuote\/kristuksen-uhri-seinaan-riippuvainen-oliivipuu-kasityot-fi127\/#breadcrumb"},"inLanguage":"fi","potentialAction":[{"@type":"ReadAction","target":["https:\/\/holyland-olivewood.com\/fi\/tuote\/kristuksen-uhri-seinaan-riippuvainen-oliivipuu-kasityot-fi127\/"]}]},{"@type":"ImageObject","inLanguage":"fi","@id":"https:\/\/holyland-olivewood.com\/fi\/tuote\/kristuksen-uhri-seinaan-riippuvainen-oliivipuu-kasityot-fi127\/#primaryimage","url":"https:\/\/holyland-olivewood.com\/wp-content\/uploads\/2023\/06\/jesus_sacrifice_of_christ_holy_land_olive_wood_bethlehem_fi127-1.jpg","contentUrl":"https:\/\/holyland-olivewood.com\/wp-content\/uploads\/2023\/06\/jesus_sacrifice_of_christ_holy_land_olive_wood_bethlehem_fi127-1.jpg","width":1550,"height":1200},{"@type":"BreadcrumbList","@id":"https:\/\/holyland-olivewood.com\/fi\/tuote\/kristuksen-uhri-seinaan-riippuvainen-oliivipuu-kasityot-fi127\/#breadcrumb","itemListElement":[{"@type":"ListItem","position":1,"name":"Home","item":"https:\/\/holyland-olivewood.com\/fi\/koti-2\/"},{"@type":"ListItem","position":2,"name":"N\u00e4yt\u00e4 kaikki tuotteet","item":"https:\/\/holyland-olivewood.com\/fi\/shop\/"},{"@type":"ListItem","position":3,"name":"Kristuksen uhri sein\u00e4lle ripustettu oliivipuu k\u00e4sity\u00f6t #FI127"}]},{"@type":"WebSite","@id":"https:\/\/holyland-olivewood.com\/fi\/#website","url":"https:\/\/holyland-olivewood.com\/fi\/","name":"Holy Land Olive Wood - Bethlehem Olive Wood Factory","description":"Holy Land Olivewood Bethlehem","publisher":{"@id":"https:\/\/holyland-olivewood.com\/fi\/#organization"},"potentialAction":[{"@type":"SearchAction","target":{"@type":"EntryPoint","urlTemplate":"https:\/\/holyland-olivewood.com\/fi\/?s={search_term_string}"},"query-input":{"@type":"PropertyValueSpecification","valueRequired":true,"valueName":"search_term_string"}}],"inLanguage":"fi"},{"@type":"Organization","@id":"https:\/\/holyland-olivewood.com\/fi\/#organization","name":"Holy Land Olivewood","url":"https:\/\/holyland-olivewood.com\/fi\/","logo":{"@type":"ImageObject","inLanguage":"fi","@id":"https:\/\/holyland-olivewood.com\/fi\/#\/schema\/logo\/image\/","url":"","contentUrl":"","caption":"Holy Land Olivewood"},"image":{"@id":"https:\/\/holyland-olivewood.com\/fi\/#\/schema\/logo\/image\/"},"sameAs":["https:\/\/www.facebook.com\/holylandolivewood.bethlehem\/","http:\/\/instagram.com\/holy.land.olive.wood"]}]}},"_links":{"self":[{"href":"https:\/\/holyland-olivewood.com\/fi\/wp-json\/wp\/v2\/product\/53744","targetHints":{"allow":["GET"]}}],"collection":[{"href":"https:\/\/holyland-olivewood.com\/fi\/wp-json\/wp\/v2\/product"}],"about":[{"href":"https:\/\/holyland-olivewood.com\/fi\/wp-json\/wp\/v2\/types\/product"}],"replies":[{"embeddable":true,"href":"https:\/\/holyland-olivewood.com\/fi\/wp-json\/wp\/v2\/comments?post=53744"}],"version-history":[{"count":0,"href":"https:\/\/holyland-olivewood.com\/fi\/wp-json\/wp\/v2\/product\/53744\/revisions"}],"wp:featuredmedia":[{"embeddable":true,"href":"https:\/\/holyland-olivewood.com\/fi\/wp-json\/wp\/v2\/media\/53745"}],"wp:attachment":[{"href":"https:\/\/holyland-olivewood.com\/fi\/wp-json\/wp\/v2\/media?parent=53744"}],"wp:term":[{"taxonomy":"product_brand","embeddable":true,"href":"https:\/\/holyland-olivewood.com\/fi\/wp-json\/wp\/v2\/product_brand?post=53744"},{"taxonomy":"product_cat","embeddable":true,"href":"https:\/\/holyland-olivewood.com\/fi\/wp-json\/wp\/v2\/product_cat?post=53744"},{"taxonomy":"product_tag","embeddable":true,"href":"https:\/\/holyland-olivewood.com\/fi\/wp-json\/wp\/v2\/product_tag?post=53744"}],"curies":[{"name":"wp","href":"https:\/\/api.w.org\/{rel}","templated":true}]}}