{"id":51951,"date":"2022-05-27T11:58:09","date_gmt":"2022-05-31T15:40:12","guid":{"rendered":"https:\/\/holyland-olivewood.com\/product\/1%e2%80%b3-paksu-oliivipuulevy-5%e2%80%b3-x-24%e2%80%b3-s148\/"},"modified":"2022-05-31T15:40:12","modified_gmt":"2022-05-31T15:40:12","slug":"1%e2%80%b3-paksu-oliivipuu-levy-5%e2%80%b3-x-24%e2%80%b3-s148","status":"publish","type":"product","link":"https:\/\/holyland-olivewood.com\/fi\/tuote\/1%e2%80%b3-paksu-oliivipuu-levy-5%e2%80%b3-x-24%e2%80%b3-s148\/","title":{"rendered":"1\u2033 paksu oliivipuulevy (5\u2033 x 24\u2033) #S148"},"content":{"rendered":"","protected":false},"excerpt":{"rendered":"<p>N\u00e4m\u00e4 tarkasti leikatut, t\u00e4yspitk\u00e4t, saumatut laatat on valmistettu k\u00e4sin Pyh\u00e4ss\u00e4 maassa kest\u00e4v\u00e4sti korjatusta, aidosta Betlehemin oliivipuusta. Ne on valittu k\u00e4sin sen varmistamiseksi, ett\u00e4 ne esittelev\u00e4t oliivipuun syd\u00e4nt\u00e4, joka tunnetaan jyrk\u00e4sti kontrastisista syist\u00e4. Kaikissa laatoissamme ei ole mink\u00e4\u00e4nlaisia halkeamia tai vikoja, ja niit\u00e4 voidaan k\u00e4ytt\u00e4\u00e4 monenlaisten esineiden luomiseen.<br \/>\nT\u00e4m\u00e4 tuote sis\u00e4lt\u00e4\u00e4 aitoustodistuksen, joka vahvistaa t\u00e4m\u00e4n tuotteen valmistuksessa k\u00e4ytetyt materiaalit ja tekniikat.<\/p>\n<p>Koko: 2,5 cm x 12,5 cm x 61 cm (1&#8243; x 5&#8243; x 24&#8243;)<\/p>\n","protected":false},"featured_media":51952,"comment_status":"closed","ping_status":"closed","template":"","meta":[],"product_brand":[],"product_cat":[1488,1490],"product_tag":[],"class_list":{"0":"post-51951","1":"product","2":"type-product","3":"status-publish","4":"has-post-thumbnail","6":"product_cat-laatat","7":"product_cat-oliivipuu","9":"first","10":"outofstock","11":"shipping-taxable","12":"purchasable","13":"product-type-simple"},"yoast_head":"<!-- This site is optimized with the Yoast SEO plugin v27.4 - https:\/\/yoast.com\/product\/yoast-seo-wordpress\/ -->\n<title>1\u2033 paksu oliivipuulevy (5\u2033 x 24\u2033) #S148 - Holy Land Olive Wood - Bethlehem Olive Wood Factory<\/title>\n<meta name=\"description\" content=\"Betlehemin oliivipuuta k\u00e4sit\u00f6it\u00e4 (ierosaarit, keitti\u00f6v\u00e4lineet, seimi, sarjat, helmet) kyn\u00e4-aihiot kaiverrukset, laatat, lohkot ja raaka-aine vakio- ja tilausmitoissa.\" \/>\n<meta name=\"robots\" content=\"index, follow, max-snippet:-1, max-image-preview:large, max-video-preview:-1\" \/>\n<link rel=\"canonical\" href=\"https:\/\/holyland-olivewood.com\/fi\/tuote\/1%e2%80%b3-paksu-oliivipuu-levy-5%e2%80%b3-x-24%e2%80%b3-s148\/\" \/>\n<meta property=\"og:locale\" content=\"fi_FI\" \/>\n<meta property=\"og:type\" content=\"article\" \/>\n<meta property=\"og:title\" content=\"1\u2033 paksu oliivipuulevy (5\u2033 x 24\u2033) #S148 - Holy Land Olive Wood - Bethlehem Olive Wood Factory\" \/>\n<meta property=\"og:description\" content=\"Betlehemin oliivipuuta k\u00e4sit\u00f6it\u00e4 (ierosaarit, keitti\u00f6v\u00e4lineet, seimi, sarjat, helmet) kyn\u00e4-aihiot kaiverrukset, laatat, lohkot ja raaka-aine vakio- ja tilausmitoissa.\" \/>\n<meta property=\"og:url\" content=\"https:\/\/holyland-olivewood.com\/fi\/tuote\/1%e2%80%b3-paksu-oliivipuu-levy-5%e2%80%b3-x-24%e2%80%b3-s148\/\" \/>\n<meta property=\"og:site_name\" content=\"Holy Land Olive Wood - Bethlehem Olive Wood Factory\" \/>\n<meta property=\"article:publisher\" content=\"https:\/\/www.facebook.com\/holylandolivewood.bethlehem\/\" \/>\n<meta property=\"og:image\" content=\"https:\/\/holyland-olivewood.com\/wp-content\/uploads\/2022\/05\/slabs_holy_land_olive_wood_bethlehem_s148_3-2.jpg\" \/>\n\t<meta property=\"og:image:width\" content=\"1550\" \/>\n\t<meta property=\"og:image:height\" content=\"1200\" \/>\n\t<meta property=\"og:image:type\" content=\"image\/jpeg\" \/>\n<meta name=\"twitter:card\" content=\"summary_large_image\" \/>\n<script type=\"application\/ld+json\" class=\"yoast-schema-graph\">{\"@context\":\"https:\\\/\\\/schema.org\",\"@graph\":[{\"@type\":\"WebPage\",\"@id\":\"https:\\\/\\\/holyland-olivewood.com\\\/fi\\\/tuote\\\/1%e2%80%b3-paksu-oliivipuu-levy-5%e2%80%b3-x-24%e2%80%b3-s148\\\/\",\"url\":\"https:\\\/\\\/holyland-olivewood.com\\\/fi\\\/tuote\\\/1%e2%80%b3-paksu-oliivipuu-levy-5%e2%80%b3-x-24%e2%80%b3-s148\\\/\",\"name\":\"1\u2033 paksu oliivipuulevy (5\u2033 x 24\u2033) #S148 - Holy Land Olive Wood - Bethlehem Olive Wood Factory\",\"isPartOf\":{\"@id\":\"https:\\\/\\\/holyland-olivewood.com\\\/fi\\\/#website\"},\"primaryImageOfPage\":{\"@id\":\"https:\\\/\\\/holyland-olivewood.com\\\/fi\\\/tuote\\\/1%e2%80%b3-paksu-oliivipuu-levy-5%e2%80%b3-x-24%e2%80%b3-s148\\\/#primaryimage\"},\"image\":{\"@id\":\"https:\\\/\\\/holyland-olivewood.com\\\/fi\\\/tuote\\\/1%e2%80%b3-paksu-oliivipuu-levy-5%e2%80%b3-x-24%e2%80%b3-s148\\\/#primaryimage\"},\"thumbnailUrl\":\"https:\\\/\\\/holyland-olivewood.com\\\/wp-content\\\/uploads\\\/2022\\\/05\\\/slabs_holy_land_olive_wood_bethlehem_s148_3-2.jpg\",\"datePublished\":\"2022-05-31T15:40:12+00:00\",\"description\":\"Betlehemin oliivipuuta k\u00e4sit\u00f6it\u00e4 (ierosaarit, keitti\u00f6v\u00e4lineet, seimi, sarjat, helmet) kyn\u00e4-aihiot kaiverrukset, laatat, lohkot ja raaka-aine vakio- ja tilausmitoissa.\",\"breadcrumb\":{\"@id\":\"https:\\\/\\\/holyland-olivewood.com\\\/fi\\\/tuote\\\/1%e2%80%b3-paksu-oliivipuu-levy-5%e2%80%b3-x-24%e2%80%b3-s148\\\/#breadcrumb\"},\"inLanguage\":\"fi\",\"potentialAction\":[{\"@type\":\"ReadAction\",\"target\":[\"https:\\\/\\\/holyland-olivewood.com\\\/fi\\\/tuote\\\/1%e2%80%b3-paksu-oliivipuu-levy-5%e2%80%b3-x-24%e2%80%b3-s148\\\/\"]}]},{\"@type\":\"ImageObject\",\"inLanguage\":\"fi\",\"@id\":\"https:\\\/\\\/holyland-olivewood.com\\\/fi\\\/tuote\\\/1%e2%80%b3-paksu-oliivipuu-levy-5%e2%80%b3-x-24%e2%80%b3-s148\\\/#primaryimage\",\"url\":\"https:\\\/\\\/holyland-olivewood.com\\\/wp-content\\\/uploads\\\/2022\\\/05\\\/slabs_holy_land_olive_wood_bethlehem_s148_3-2.jpg\",\"contentUrl\":\"https:\\\/\\\/holyland-olivewood.com\\\/wp-content\\\/uploads\\\/2022\\\/05\\\/slabs_holy_land_olive_wood_bethlehem_s148_3-2.jpg\",\"width\":1550,\"height\":1200},{\"@type\":\"BreadcrumbList\",\"@id\":\"https:\\\/\\\/holyland-olivewood.com\\\/fi\\\/tuote\\\/1%e2%80%b3-paksu-oliivipuu-levy-5%e2%80%b3-x-24%e2%80%b3-s148\\\/#breadcrumb\",\"itemListElement\":[{\"@type\":\"ListItem\",\"position\":1,\"name\":\"Home\",\"item\":\"https:\\\/\\\/holyland-olivewood.com\\\/fi\\\/koti-2\\\/\"},{\"@type\":\"ListItem\",\"position\":2,\"name\":\"N\u00e4yt\u00e4 kaikki tuotteet\",\"item\":\"https:\\\/\\\/holyland-olivewood.com\\\/fi\\\/shop\\\/\"},{\"@type\":\"ListItem\",\"position\":3,\"name\":\"1\u2033 paksu oliivipuulevy (5\u2033 x 24\u2033) #S148\"}]},{\"@type\":\"WebSite\",\"@id\":\"https:\\\/\\\/holyland-olivewood.com\\\/fi\\\/#website\",\"url\":\"https:\\\/\\\/holyland-olivewood.com\\\/fi\\\/\",\"name\":\"Holy Land Olive Wood - Bethlehem Olive Wood Factory\",\"description\":\"Holy Land Olivewood Bethlehem\",\"publisher\":{\"@id\":\"https:\\\/\\\/holyland-olivewood.com\\\/fi\\\/#organization\"},\"potentialAction\":[{\"@type\":\"SearchAction\",\"target\":{\"@type\":\"EntryPoint\",\"urlTemplate\":\"https:\\\/\\\/holyland-olivewood.com\\\/fi\\\/?s={search_term_string}\"},\"query-input\":{\"@type\":\"PropertyValueSpecification\",\"valueRequired\":true,\"valueName\":\"search_term_string\"}}],\"inLanguage\":\"fi\"},{\"@type\":\"Organization\",\"@id\":\"https:\\\/\\\/holyland-olivewood.com\\\/fi\\\/#organization\",\"name\":\"Holy Land Olivewood\",\"url\":\"https:\\\/\\\/holyland-olivewood.com\\\/fi\\\/\",\"logo\":{\"@type\":\"ImageObject\",\"inLanguage\":\"fi\",\"@id\":\"https:\\\/\\\/holyland-olivewood.com\\\/fi\\\/#\\\/schema\\\/logo\\\/image\\\/\",\"url\":\"\",\"contentUrl\":\"\",\"caption\":\"Holy Land Olivewood\"},\"image\":{\"@id\":\"https:\\\/\\\/holyland-olivewood.com\\\/fi\\\/#\\\/schema\\\/logo\\\/image\\\/\"},\"sameAs\":[\"https:\\\/\\\/www.facebook.com\\\/holylandolivewood.bethlehem\\\/\",\"http:\\\/\\\/instagram.com\\\/holy.land.olive.wood\"]}]}<\/script>\n<!-- \/ Yoast SEO plugin. -->","yoast_head_json":{"title":"1\u2033 paksu oliivipuulevy (5\u2033 x 24\u2033) #S148 - Holy Land Olive Wood - Bethlehem Olive Wood Factory","description":"Betlehemin oliivipuuta k\u00e4sit\u00f6it\u00e4 (ierosaarit, keitti\u00f6v\u00e4lineet, seimi, sarjat, helmet) kyn\u00e4-aihiot kaiverrukset, laatat, lohkot ja raaka-aine vakio- ja tilausmitoissa.","robots":{"index":"index","follow":"follow","max-snippet":"max-snippet:-1","max-image-preview":"max-image-preview:large","max-video-preview":"max-video-preview:-1"},"canonical":"https:\/\/holyland-olivewood.com\/fi\/tuote\/1%e2%80%b3-paksu-oliivipuu-levy-5%e2%80%b3-x-24%e2%80%b3-s148\/","og_locale":"fi_FI","og_type":"article","og_title":"1\u2033 paksu oliivipuulevy (5\u2033 x 24\u2033) #S148 - Holy Land Olive Wood - Bethlehem Olive Wood Factory","og_description":"Betlehemin oliivipuuta k\u00e4sit\u00f6it\u00e4 (ierosaarit, keitti\u00f6v\u00e4lineet, seimi, sarjat, helmet) kyn\u00e4-aihiot kaiverrukset, laatat, lohkot ja raaka-aine vakio- ja tilausmitoissa.","og_url":"https:\/\/holyland-olivewood.com\/fi\/tuote\/1%e2%80%b3-paksu-oliivipuu-levy-5%e2%80%b3-x-24%e2%80%b3-s148\/","og_site_name":"Holy Land Olive Wood - Bethlehem Olive Wood Factory","article_publisher":"https:\/\/www.facebook.com\/holylandolivewood.bethlehem\/","og_image":[{"width":1550,"height":1200,"url":"https:\/\/holyland-olivewood.com\/wp-content\/uploads\/2022\/05\/slabs_holy_land_olive_wood_bethlehem_s148_3-2.jpg","type":"image\/jpeg"}],"twitter_card":"summary_large_image","schema":{"@context":"https:\/\/schema.org","@graph":[{"@type":"WebPage","@id":"https:\/\/holyland-olivewood.com\/fi\/tuote\/1%e2%80%b3-paksu-oliivipuu-levy-5%e2%80%b3-x-24%e2%80%b3-s148\/","url":"https:\/\/holyland-olivewood.com\/fi\/tuote\/1%e2%80%b3-paksu-oliivipuu-levy-5%e2%80%b3-x-24%e2%80%b3-s148\/","name":"1\u2033 paksu oliivipuulevy (5\u2033 x 24\u2033) #S148 - Holy Land Olive Wood - Bethlehem Olive Wood Factory","isPartOf":{"@id":"https:\/\/holyland-olivewood.com\/fi\/#website"},"primaryImageOfPage":{"@id":"https:\/\/holyland-olivewood.com\/fi\/tuote\/1%e2%80%b3-paksu-oliivipuu-levy-5%e2%80%b3-x-24%e2%80%b3-s148\/#primaryimage"},"image":{"@id":"https:\/\/holyland-olivewood.com\/fi\/tuote\/1%e2%80%b3-paksu-oliivipuu-levy-5%e2%80%b3-x-24%e2%80%b3-s148\/#primaryimage"},"thumbnailUrl":"https:\/\/holyland-olivewood.com\/wp-content\/uploads\/2022\/05\/slabs_holy_land_olive_wood_bethlehem_s148_3-2.jpg","datePublished":"2022-05-31T15:40:12+00:00","description":"Betlehemin oliivipuuta k\u00e4sit\u00f6it\u00e4 (ierosaarit, keitti\u00f6v\u00e4lineet, seimi, sarjat, helmet) kyn\u00e4-aihiot kaiverrukset, laatat, lohkot ja raaka-aine vakio- ja tilausmitoissa.","breadcrumb":{"@id":"https:\/\/holyland-olivewood.com\/fi\/tuote\/1%e2%80%b3-paksu-oliivipuu-levy-5%e2%80%b3-x-24%e2%80%b3-s148\/#breadcrumb"},"inLanguage":"fi","potentialAction":[{"@type":"ReadAction","target":["https:\/\/holyland-olivewood.com\/fi\/tuote\/1%e2%80%b3-paksu-oliivipuu-levy-5%e2%80%b3-x-24%e2%80%b3-s148\/"]}]},{"@type":"ImageObject","inLanguage":"fi","@id":"https:\/\/holyland-olivewood.com\/fi\/tuote\/1%e2%80%b3-paksu-oliivipuu-levy-5%e2%80%b3-x-24%e2%80%b3-s148\/#primaryimage","url":"https:\/\/holyland-olivewood.com\/wp-content\/uploads\/2022\/05\/slabs_holy_land_olive_wood_bethlehem_s148_3-2.jpg","contentUrl":"https:\/\/holyland-olivewood.com\/wp-content\/uploads\/2022\/05\/slabs_holy_land_olive_wood_bethlehem_s148_3-2.jpg","width":1550,"height":1200},{"@type":"BreadcrumbList","@id":"https:\/\/holyland-olivewood.com\/fi\/tuote\/1%e2%80%b3-paksu-oliivipuu-levy-5%e2%80%b3-x-24%e2%80%b3-s148\/#breadcrumb","itemListElement":[{"@type":"ListItem","position":1,"name":"Home","item":"https:\/\/holyland-olivewood.com\/fi\/koti-2\/"},{"@type":"ListItem","position":2,"name":"N\u00e4yt\u00e4 kaikki tuotteet","item":"https:\/\/holyland-olivewood.com\/fi\/shop\/"},{"@type":"ListItem","position":3,"name":"1\u2033 paksu oliivipuulevy (5\u2033 x 24\u2033) #S148"}]},{"@type":"WebSite","@id":"https:\/\/holyland-olivewood.com\/fi\/#website","url":"https:\/\/holyland-olivewood.com\/fi\/","name":"Holy Land Olive Wood - Bethlehem Olive Wood Factory","description":"Holy Land Olivewood Bethlehem","publisher":{"@id":"https:\/\/holyland-olivewood.com\/fi\/#organization"},"potentialAction":[{"@type":"SearchAction","target":{"@type":"EntryPoint","urlTemplate":"https:\/\/holyland-olivewood.com\/fi\/?s={search_term_string}"},"query-input":{"@type":"PropertyValueSpecification","valueRequired":true,"valueName":"search_term_string"}}],"inLanguage":"fi"},{"@type":"Organization","@id":"https:\/\/holyland-olivewood.com\/fi\/#organization","name":"Holy Land Olivewood","url":"https:\/\/holyland-olivewood.com\/fi\/","logo":{"@type":"ImageObject","inLanguage":"fi","@id":"https:\/\/holyland-olivewood.com\/fi\/#\/schema\/logo\/image\/","url":"","contentUrl":"","caption":"Holy Land Olivewood"},"image":{"@id":"https:\/\/holyland-olivewood.com\/fi\/#\/schema\/logo\/image\/"},"sameAs":["https:\/\/www.facebook.com\/holylandolivewood.bethlehem\/","http:\/\/instagram.com\/holy.land.olive.wood"]}]}},"_links":{"self":[{"href":"https:\/\/holyland-olivewood.com\/fi\/wp-json\/wp\/v2\/product\/51951","targetHints":{"allow":["GET"]}}],"collection":[{"href":"https:\/\/holyland-olivewood.com\/fi\/wp-json\/wp\/v2\/product"}],"about":[{"href":"https:\/\/holyland-olivewood.com\/fi\/wp-json\/wp\/v2\/types\/product"}],"replies":[{"embeddable":true,"href":"https:\/\/holyland-olivewood.com\/fi\/wp-json\/wp\/v2\/comments?post=51951"}],"version-history":[{"count":0,"href":"https:\/\/holyland-olivewood.com\/fi\/wp-json\/wp\/v2\/product\/51951\/revisions"}],"wp:featuredmedia":[{"embeddable":true,"href":"https:\/\/holyland-olivewood.com\/fi\/wp-json\/wp\/v2\/media\/51952"}],"wp:attachment":[{"href":"https:\/\/holyland-olivewood.com\/fi\/wp-json\/wp\/v2\/media?parent=51951"}],"wp:term":[{"taxonomy":"product_brand","embeddable":true,"href":"https:\/\/holyland-olivewood.com\/fi\/wp-json\/wp\/v2\/product_brand?post=51951"},{"taxonomy":"product_cat","embeddable":true,"href":"https:\/\/holyland-olivewood.com\/fi\/wp-json\/wp\/v2\/product_cat?post=51951"},{"taxonomy":"product_tag","embeddable":true,"href":"https:\/\/holyland-olivewood.com\/fi\/wp-json\/wp\/v2\/product_tag?post=51951"}],"curies":[{"name":"wp","href":"https:\/\/api.w.org\/{rel}","templated":true}]}}