{"id":47123,"date":"2016-05-30T17:14:46","date_gmt":"2016-05-30T17:14:46","guid":{"rendered":"https:\/\/holyland-olivewood.com\/product\/1-5-paksut-oliivipuulaatat-1-paunaa-s118\/"},"modified":"2025-08-22T11:34:08","modified_gmt":"2025-08-22T11:34:08","slug":"15-paksuinen-oliivi-puulaatat-1-paunaa","status":"publish","type":"product","link":"https:\/\/holyland-olivewood.com\/fi\/tuote\/15-paksuinen-oliivi-puulaatat-1-paunaa\/","title":{"rendered":"1\/5&#8243; paksut oliivipuulevyt (1 lbs.) #S118"},"content":{"rendered":"","protected":false},"excerpt":{"rendered":"<p>N\u00e4m\u00e4 tarkkaan leikatut laatat valmistetaan Pyh\u00e4ss\u00e4 maassa kest\u00e4v\u00e4sti ker\u00e4tyst\u00e4, aidosta Betlehemin oliivipuusta, ja ne myyd\u00e4\u00e4n painon mukaan Yhdysvaltain kiloina. Laattojen m\u00e4\u00e4r\u00e4 kiloa kohti vaihtelee laattojen paksuuden mukaan. <\/p>\n<p>T\u00e4m\u00e4 tuote sis\u00e4lt\u00e4\u00e4 aitoustodistuksen, joka vahvistaa t\u00e4m\u00e4n tuotteen valmistuksessa k\u00e4ytetyt materiaalit ja tekniikat.<\/p>\n<p>Koko: 0.5 cm (0.2\u2033)<\/p>\n","protected":false},"featured_media":32630,"comment_status":"closed","ping_status":"closed","template":"","meta":[],"product_brand":[],"product_cat":[1488,1490],"product_tag":[1501,1494,1521,1507,1514,878,1519,1516,1496,1492,1506,1503,1510,1512,819,1498,1523,1499,825,1518],"class_list":{"0":"post-47123","1":"product","2":"type-product","3":"status-publish","4":"has-post-thumbnail","6":"product_cat-laatat","7":"product_cat-oliivipuu","8":"product_tag-aihio","9":"product_tag-aihiot","10":"product_tag-betlehem-jerusalem-fi","11":"product_tag-block-fi","12":"product_tag-diy-fi","13":"product_tag-haandlavet-fi","14":"product_tag-kasityot","15":"product_tag-kotitekoinen","16":"product_tag-kulho","17":"product_tag-kyna","18":"product_tag-laatat","19":"product_tag-laatta","20":"product_tag-loki","21":"product_tag-lokit","22":"product_tag-oliivi","23":"product_tag-pakkaus","24":"product_tag-pyha-maa","25":"product_tag-sarjat","26":"product_tag-trae-fi","27":"product_tag-viekkaus","29":"first","30":"instock","31":"shipping-taxable","32":"purchasable","33":"product-type-simple"},"yoast_head":"<!-- This site is optimized with the Yoast SEO plugin v27.4 - https:\/\/yoast.com\/product\/yoast-seo-wordpress\/ -->\n<title>1\/5&quot; paksut oliivipuulevyt (1 lbs.) #S118 - Holy Land Olive Wood - Bethlehem Olive Wood Factory<\/title>\n<meta name=\"description\" content=\"Betlehemin oliivipuuta k\u00e4sit\u00f6it\u00e4 (ierosaarit, keitti\u00f6v\u00e4lineet, seimi, sarjat, helmet) kyn\u00e4-aihiot kaiverrukset, laatat, lohkot ja raaka-aine vakio- ja tilausmitoissa.\" \/>\n<meta name=\"robots\" content=\"index, follow, max-snippet:-1, max-image-preview:large, max-video-preview:-1\" \/>\n<link rel=\"canonical\" href=\"https:\/\/holyland-olivewood.com\/fi\/tuote\/15-paksuinen-oliivi-puulaatat-1-paunaa\/\" \/>\n<meta property=\"og:locale\" content=\"fi_FI\" \/>\n<meta property=\"og:type\" content=\"article\" \/>\n<meta property=\"og:title\" content=\"1\/5&quot; paksut oliivipuulevyt (1 lbs.) #S118 - Holy Land Olive Wood - Bethlehem Olive Wood Factory\" \/>\n<meta property=\"og:description\" content=\"Betlehemin oliivipuuta k\u00e4sit\u00f6it\u00e4 (ierosaarit, keitti\u00f6v\u00e4lineet, seimi, sarjat, helmet) kyn\u00e4-aihiot kaiverrukset, laatat, lohkot ja raaka-aine vakio- ja tilausmitoissa.\" \/>\n<meta property=\"og:url\" content=\"https:\/\/holyland-olivewood.com\/fi\/tuote\/15-paksuinen-oliivi-puulaatat-1-paunaa\/\" \/>\n<meta property=\"og:site_name\" content=\"Holy Land Olive Wood - Bethlehem Olive Wood Factory\" \/>\n<meta property=\"article:publisher\" content=\"https:\/\/www.facebook.com\/holylandolivewood.bethlehem\/\" \/>\n<meta property=\"article:modified_time\" content=\"2025-08-22T11:34:08+00:00\" \/>\n<meta property=\"og:image\" content=\"https:\/\/holyland-olivewood.com\/wp-content\/uploads\/2016\/05\/slabs_by_the_pound_holy_land_olive_wood_bethlehem_118_1.jpg\" \/>\n\t<meta property=\"og:image:width\" content=\"1550\" \/>\n\t<meta property=\"og:image:height\" content=\"1200\" \/>\n\t<meta property=\"og:image:type\" content=\"image\/jpeg\" \/>\n<meta name=\"twitter:card\" content=\"summary_large_image\" \/>\n<script type=\"application\/ld+json\" class=\"yoast-schema-graph\">{\"@context\":\"https:\\\/\\\/schema.org\",\"@graph\":[{\"@type\":\"WebPage\",\"@id\":\"https:\\\/\\\/holyland-olivewood.com\\\/fi\\\/tuote\\\/15-paksuinen-oliivi-puulaatat-1-paunaa\\\/\",\"url\":\"https:\\\/\\\/holyland-olivewood.com\\\/fi\\\/tuote\\\/15-paksuinen-oliivi-puulaatat-1-paunaa\\\/\",\"name\":\"1\\\/5\\\" paksut oliivipuulevyt (1 lbs.) #S118 - Holy Land Olive Wood - Bethlehem Olive Wood Factory\",\"isPartOf\":{\"@id\":\"https:\\\/\\\/holyland-olivewood.com\\\/fi\\\/#website\"},\"primaryImageOfPage\":{\"@id\":\"https:\\\/\\\/holyland-olivewood.com\\\/fi\\\/tuote\\\/15-paksuinen-oliivi-puulaatat-1-paunaa\\\/#primaryimage\"},\"image\":{\"@id\":\"https:\\\/\\\/holyland-olivewood.com\\\/fi\\\/tuote\\\/15-paksuinen-oliivi-puulaatat-1-paunaa\\\/#primaryimage\"},\"thumbnailUrl\":\"https:\\\/\\\/holyland-olivewood.com\\\/wp-content\\\/uploads\\\/2016\\\/05\\\/slabs_by_the_pound_holy_land_olive_wood_bethlehem_118_1.jpg\",\"datePublished\":\"2016-05-30T17:14:46+00:00\",\"dateModified\":\"2025-08-22T11:34:08+00:00\",\"description\":\"Betlehemin oliivipuuta k\u00e4sit\u00f6it\u00e4 (ierosaarit, keitti\u00f6v\u00e4lineet, seimi, sarjat, helmet) kyn\u00e4-aihiot kaiverrukset, laatat, lohkot ja raaka-aine vakio- ja tilausmitoissa.\",\"breadcrumb\":{\"@id\":\"https:\\\/\\\/holyland-olivewood.com\\\/fi\\\/tuote\\\/15-paksuinen-oliivi-puulaatat-1-paunaa\\\/#breadcrumb\"},\"inLanguage\":\"fi\",\"potentialAction\":[{\"@type\":\"ReadAction\",\"target\":[\"https:\\\/\\\/holyland-olivewood.com\\\/fi\\\/tuote\\\/15-paksuinen-oliivi-puulaatat-1-paunaa\\\/\"]}]},{\"@type\":\"ImageObject\",\"inLanguage\":\"fi\",\"@id\":\"https:\\\/\\\/holyland-olivewood.com\\\/fi\\\/tuote\\\/15-paksuinen-oliivi-puulaatat-1-paunaa\\\/#primaryimage\",\"url\":\"https:\\\/\\\/holyland-olivewood.com\\\/wp-content\\\/uploads\\\/2016\\\/05\\\/slabs_by_the_pound_holy_land_olive_wood_bethlehem_118_1.jpg\",\"contentUrl\":\"https:\\\/\\\/holyland-olivewood.com\\\/wp-content\\\/uploads\\\/2016\\\/05\\\/slabs_by_the_pound_holy_land_olive_wood_bethlehem_118_1.jpg\",\"width\":1550,\"height\":1200},{\"@type\":\"BreadcrumbList\",\"@id\":\"https:\\\/\\\/holyland-olivewood.com\\\/fi\\\/tuote\\\/15-paksuinen-oliivi-puulaatat-1-paunaa\\\/#breadcrumb\",\"itemListElement\":[{\"@type\":\"ListItem\",\"position\":1,\"name\":\"Home\",\"item\":\"https:\\\/\\\/holyland-olivewood.com\\\/fi\\\/koti-2\\\/\"},{\"@type\":\"ListItem\",\"position\":2,\"name\":\"N\u00e4yt\u00e4 kaikki tuotteet\",\"item\":\"https:\\\/\\\/holyland-olivewood.com\\\/fi\\\/shop\\\/\"},{\"@type\":\"ListItem\",\"position\":3,\"name\":\"1\\\/5&#8243; paksut oliivipuulevyt (1 lbs.) #S118\"}]},{\"@type\":\"WebSite\",\"@id\":\"https:\\\/\\\/holyland-olivewood.com\\\/fi\\\/#website\",\"url\":\"https:\\\/\\\/holyland-olivewood.com\\\/fi\\\/\",\"name\":\"Holy Land Olive Wood - Bethlehem Olive Wood Factory\",\"description\":\"Holy Land Olivewood Bethlehem\",\"publisher\":{\"@id\":\"https:\\\/\\\/holyland-olivewood.com\\\/fi\\\/#organization\"},\"potentialAction\":[{\"@type\":\"SearchAction\",\"target\":{\"@type\":\"EntryPoint\",\"urlTemplate\":\"https:\\\/\\\/holyland-olivewood.com\\\/fi\\\/?s={search_term_string}\"},\"query-input\":{\"@type\":\"PropertyValueSpecification\",\"valueRequired\":true,\"valueName\":\"search_term_string\"}}],\"inLanguage\":\"fi\"},{\"@type\":\"Organization\",\"@id\":\"https:\\\/\\\/holyland-olivewood.com\\\/fi\\\/#organization\",\"name\":\"Holy Land Olivewood\",\"url\":\"https:\\\/\\\/holyland-olivewood.com\\\/fi\\\/\",\"logo\":{\"@type\":\"ImageObject\",\"inLanguage\":\"fi\",\"@id\":\"https:\\\/\\\/holyland-olivewood.com\\\/fi\\\/#\\\/schema\\\/logo\\\/image\\\/\",\"url\":\"\",\"contentUrl\":\"\",\"caption\":\"Holy Land Olivewood\"},\"image\":{\"@id\":\"https:\\\/\\\/holyland-olivewood.com\\\/fi\\\/#\\\/schema\\\/logo\\\/image\\\/\"},\"sameAs\":[\"https:\\\/\\\/www.facebook.com\\\/holylandolivewood.bethlehem\\\/\",\"http:\\\/\\\/instagram.com\\\/holy.land.olive.wood\"]}]}<\/script>\n<!-- \/ Yoast SEO plugin. -->","yoast_head_json":{"title":"1\/5\" paksut oliivipuulevyt (1 lbs.) #S118 - Holy Land Olive Wood - Bethlehem Olive Wood Factory","description":"Betlehemin oliivipuuta k\u00e4sit\u00f6it\u00e4 (ierosaarit, keitti\u00f6v\u00e4lineet, seimi, sarjat, helmet) kyn\u00e4-aihiot kaiverrukset, laatat, lohkot ja raaka-aine vakio- ja tilausmitoissa.","robots":{"index":"index","follow":"follow","max-snippet":"max-snippet:-1","max-image-preview":"max-image-preview:large","max-video-preview":"max-video-preview:-1"},"canonical":"https:\/\/holyland-olivewood.com\/fi\/tuote\/15-paksuinen-oliivi-puulaatat-1-paunaa\/","og_locale":"fi_FI","og_type":"article","og_title":"1\/5\" paksut oliivipuulevyt (1 lbs.) #S118 - Holy Land Olive Wood - Bethlehem Olive Wood Factory","og_description":"Betlehemin oliivipuuta k\u00e4sit\u00f6it\u00e4 (ierosaarit, keitti\u00f6v\u00e4lineet, seimi, sarjat, helmet) kyn\u00e4-aihiot kaiverrukset, laatat, lohkot ja raaka-aine vakio- ja tilausmitoissa.","og_url":"https:\/\/holyland-olivewood.com\/fi\/tuote\/15-paksuinen-oliivi-puulaatat-1-paunaa\/","og_site_name":"Holy Land Olive Wood - Bethlehem Olive Wood Factory","article_publisher":"https:\/\/www.facebook.com\/holylandolivewood.bethlehem\/","article_modified_time":"2025-08-22T11:34:08+00:00","og_image":[{"width":1550,"height":1200,"url":"https:\/\/holyland-olivewood.com\/wp-content\/uploads\/2016\/05\/slabs_by_the_pound_holy_land_olive_wood_bethlehem_118_1.jpg","type":"image\/jpeg"}],"twitter_card":"summary_large_image","schema":{"@context":"https:\/\/schema.org","@graph":[{"@type":"WebPage","@id":"https:\/\/holyland-olivewood.com\/fi\/tuote\/15-paksuinen-oliivi-puulaatat-1-paunaa\/","url":"https:\/\/holyland-olivewood.com\/fi\/tuote\/15-paksuinen-oliivi-puulaatat-1-paunaa\/","name":"1\/5\" paksut oliivipuulevyt (1 lbs.) #S118 - Holy Land Olive Wood - Bethlehem Olive Wood Factory","isPartOf":{"@id":"https:\/\/holyland-olivewood.com\/fi\/#website"},"primaryImageOfPage":{"@id":"https:\/\/holyland-olivewood.com\/fi\/tuote\/15-paksuinen-oliivi-puulaatat-1-paunaa\/#primaryimage"},"image":{"@id":"https:\/\/holyland-olivewood.com\/fi\/tuote\/15-paksuinen-oliivi-puulaatat-1-paunaa\/#primaryimage"},"thumbnailUrl":"https:\/\/holyland-olivewood.com\/wp-content\/uploads\/2016\/05\/slabs_by_the_pound_holy_land_olive_wood_bethlehem_118_1.jpg","datePublished":"2016-05-30T17:14:46+00:00","dateModified":"2025-08-22T11:34:08+00:00","description":"Betlehemin oliivipuuta k\u00e4sit\u00f6it\u00e4 (ierosaarit, keitti\u00f6v\u00e4lineet, seimi, sarjat, helmet) kyn\u00e4-aihiot kaiverrukset, laatat, lohkot ja raaka-aine vakio- ja tilausmitoissa.","breadcrumb":{"@id":"https:\/\/holyland-olivewood.com\/fi\/tuote\/15-paksuinen-oliivi-puulaatat-1-paunaa\/#breadcrumb"},"inLanguage":"fi","potentialAction":[{"@type":"ReadAction","target":["https:\/\/holyland-olivewood.com\/fi\/tuote\/15-paksuinen-oliivi-puulaatat-1-paunaa\/"]}]},{"@type":"ImageObject","inLanguage":"fi","@id":"https:\/\/holyland-olivewood.com\/fi\/tuote\/15-paksuinen-oliivi-puulaatat-1-paunaa\/#primaryimage","url":"https:\/\/holyland-olivewood.com\/wp-content\/uploads\/2016\/05\/slabs_by_the_pound_holy_land_olive_wood_bethlehem_118_1.jpg","contentUrl":"https:\/\/holyland-olivewood.com\/wp-content\/uploads\/2016\/05\/slabs_by_the_pound_holy_land_olive_wood_bethlehem_118_1.jpg","width":1550,"height":1200},{"@type":"BreadcrumbList","@id":"https:\/\/holyland-olivewood.com\/fi\/tuote\/15-paksuinen-oliivi-puulaatat-1-paunaa\/#breadcrumb","itemListElement":[{"@type":"ListItem","position":1,"name":"Home","item":"https:\/\/holyland-olivewood.com\/fi\/koti-2\/"},{"@type":"ListItem","position":2,"name":"N\u00e4yt\u00e4 kaikki tuotteet","item":"https:\/\/holyland-olivewood.com\/fi\/shop\/"},{"@type":"ListItem","position":3,"name":"1\/5&#8243; paksut oliivipuulevyt (1 lbs.) #S118"}]},{"@type":"WebSite","@id":"https:\/\/holyland-olivewood.com\/fi\/#website","url":"https:\/\/holyland-olivewood.com\/fi\/","name":"Holy Land Olive Wood - Bethlehem Olive Wood Factory","description":"Holy Land Olivewood Bethlehem","publisher":{"@id":"https:\/\/holyland-olivewood.com\/fi\/#organization"},"potentialAction":[{"@type":"SearchAction","target":{"@type":"EntryPoint","urlTemplate":"https:\/\/holyland-olivewood.com\/fi\/?s={search_term_string}"},"query-input":{"@type":"PropertyValueSpecification","valueRequired":true,"valueName":"search_term_string"}}],"inLanguage":"fi"},{"@type":"Organization","@id":"https:\/\/holyland-olivewood.com\/fi\/#organization","name":"Holy Land Olivewood","url":"https:\/\/holyland-olivewood.com\/fi\/","logo":{"@type":"ImageObject","inLanguage":"fi","@id":"https:\/\/holyland-olivewood.com\/fi\/#\/schema\/logo\/image\/","url":"","contentUrl":"","caption":"Holy Land Olivewood"},"image":{"@id":"https:\/\/holyland-olivewood.com\/fi\/#\/schema\/logo\/image\/"},"sameAs":["https:\/\/www.facebook.com\/holylandolivewood.bethlehem\/","http:\/\/instagram.com\/holy.land.olive.wood"]}]}},"_links":{"self":[{"href":"https:\/\/holyland-olivewood.com\/fi\/wp-json\/wp\/v2\/product\/47123","targetHints":{"allow":["GET"]}}],"collection":[{"href":"https:\/\/holyland-olivewood.com\/fi\/wp-json\/wp\/v2\/product"}],"about":[{"href":"https:\/\/holyland-olivewood.com\/fi\/wp-json\/wp\/v2\/types\/product"}],"replies":[{"embeddable":true,"href":"https:\/\/holyland-olivewood.com\/fi\/wp-json\/wp\/v2\/comments?post=47123"}],"version-history":[{"count":1,"href":"https:\/\/holyland-olivewood.com\/fi\/wp-json\/wp\/v2\/product\/47123\/revisions"}],"predecessor-version":[{"id":61625,"href":"https:\/\/holyland-olivewood.com\/fi\/wp-json\/wp\/v2\/product\/47123\/revisions\/61625"}],"wp:featuredmedia":[{"embeddable":true,"href":"https:\/\/holyland-olivewood.com\/fi\/wp-json\/wp\/v2\/media\/32630"}],"wp:attachment":[{"href":"https:\/\/holyland-olivewood.com\/fi\/wp-json\/wp\/v2\/media?parent=47123"}],"wp:term":[{"taxonomy":"product_brand","embeddable":true,"href":"https:\/\/holyland-olivewood.com\/fi\/wp-json\/wp\/v2\/product_brand?post=47123"},{"taxonomy":"product_cat","embeddable":true,"href":"https:\/\/holyland-olivewood.com\/fi\/wp-json\/wp\/v2\/product_cat?post=47123"},{"taxonomy":"product_tag","embeddable":true,"href":"https:\/\/holyland-olivewood.com\/fi\/wp-json\/wp\/v2\/product_tag?post=47123"}],"curies":[{"name":"wp","href":"https:\/\/api.w.org\/{rel}","templated":true}]}}