{"id":47034,"date":"2016-05-30T17:34:43","date_gmt":"2016-05-30T17:34:43","guid":{"rendered":"https:\/\/holyland-olivewood.com\/product\/oliivipuuhirsi-2-x-2-x-4-l104\/"},"modified":"2025-08-22T13:28:01","modified_gmt":"2025-08-22T13:28:01","slug":"oliivi-puu-hirsi-2-x-2-x-4","status":"publish","type":"product","link":"https:\/\/holyland-olivewood.com\/fi\/tuote\/oliivi-puu-hirsi-2-x-2-x-4\/","title":{"rendered":"Oliivipuup\u00f6lkky (2&#8243; x 2&#8243; x 4&#8243;) #L104"},"content":{"rendered":"","protected":false},"excerpt":{"rendered":"<p>N\u00e4m\u00e4 raa&#8217;at Betlehemin oliivipuutukit on hankittu kest\u00e4v\u00e4sti Betlehemin ymp\u00e4r\u00f6ivien kukkuloiden oliivitarhoilta vuotuisen karsintakauden aikana, ja ne varastoidaan kuivumaan v\u00e4hint\u00e4\u00e4n vuodeksi ennen toimitusta, jolloin ne ovat valmiita puunjalostukseen.<\/p>\n<p>T\u00e4h\u00e4n tuotteeseen sis\u00e4ltyy aitoustodistus, joka todentaa tuotteen valmistuksessa k\u00e4ytetyt materiaalit ja tekniikat.<\/p>\n<p>Koko: 5 cm x 5 cm x 10,5 cm (2\u2033 x 2\u2033 x 4\u2033).<\/p>\n","protected":false},"featured_media":27586,"comment_status":"closed","ping_status":"closed","template":"","meta":[],"product_brand":[],"product_cat":[3878,1490],"product_tag":[1501,1494,1521,1507,1514,878,1519,1516,1496,1492,1506,1503,1510,1512,819,1498,1523,1499,825,1518],"class_list":{"0":"post-47034","1":"product","2":"type-product","3":"status-publish","4":"has-post-thumbnail","6":"product_cat-lokit","7":"product_cat-oliivipuu","8":"product_tag-aihio","9":"product_tag-aihiot","10":"product_tag-betlehem-jerusalem-fi","11":"product_tag-block-fi","12":"product_tag-diy-fi","13":"product_tag-haandlavet-fi","14":"product_tag-kasityot","15":"product_tag-kotitekoinen","16":"product_tag-kulho","17":"product_tag-kyna","18":"product_tag-laatat","19":"product_tag-laatta","20":"product_tag-loki","21":"product_tag-lokit","22":"product_tag-oliivi","23":"product_tag-pakkaus","24":"product_tag-pyha-maa","25":"product_tag-sarjat","26":"product_tag-trae-fi","27":"product_tag-viekkaus","29":"first","30":"instock","31":"shipping-taxable","32":"purchasable","33":"product-type-simple"},"yoast_head":"<!-- This site is optimized with the Yoast SEO plugin v27.4 - https:\/\/yoast.com\/product\/yoast-seo-wordpress\/ -->\n<title>Oliivipuup\u00f6lkky (2&quot; x 2&quot; x 4&quot;) #L104 - Holy Land Olive Wood - Bethlehem Olive Wood Factory<\/title>\n<meta name=\"description\" content=\"Betlehemin oliivipuusta valmistetut k\u00e4sity\u00f6t (esim. tukki, keitti\u00f6tarvikkeet, k\u00e4til\u00f6sarjat, helmet), kyn\u00e4n aihiot, laatat, lohkot ja raaka-ainevarastot vakio- ja r\u00e4\u00e4t\u00e4l\u00f6ityin\u00e4.\" \/>\n<meta name=\"robots\" content=\"index, follow, max-snippet:-1, max-image-preview:large, max-video-preview:-1\" \/>\n<link rel=\"canonical\" href=\"https:\/\/holyland-olivewood.com\/fi\/tuote\/oliivi-puu-hirsi-2-x-2-x-4\/\" \/>\n<meta property=\"og:locale\" content=\"fi_FI\" \/>\n<meta property=\"og:type\" content=\"article\" \/>\n<meta property=\"og:title\" content=\"Oliivipuup\u00f6lkky (2&quot; x 2&quot; x 4&quot;) #L104 - Holy Land Olive Wood - Bethlehem Olive Wood Factory\" \/>\n<meta property=\"og:description\" content=\"Betlehemin oliivipuusta valmistetut k\u00e4sity\u00f6t (esim. tukki, keitti\u00f6tarvikkeet, k\u00e4til\u00f6sarjat, helmet), kyn\u00e4n aihiot, laatat, lohkot ja raaka-ainevarastot vakio- ja r\u00e4\u00e4t\u00e4l\u00f6ityin\u00e4.\" \/>\n<meta property=\"og:url\" content=\"https:\/\/holyland-olivewood.com\/fi\/tuote\/oliivi-puu-hirsi-2-x-2-x-4\/\" \/>\n<meta property=\"og:site_name\" content=\"Holy Land Olive Wood - Bethlehem Olive Wood Factory\" \/>\n<meta property=\"article:publisher\" content=\"https:\/\/www.facebook.com\/holylandolivewood.bethlehem\/\" \/>\n<meta property=\"article:modified_time\" content=\"2025-08-22T13:28:01+00:00\" \/>\n<meta property=\"og:image\" content=\"https:\/\/holyland-olivewood.com\/wp-content\/uploads\/2016\/05\/logs_holy_land_olive_wood_bethlehem.jpg\" \/>\n\t<meta property=\"og:image:width\" content=\"1550\" \/>\n\t<meta property=\"og:image:height\" content=\"1200\" \/>\n\t<meta property=\"og:image:type\" content=\"image\/jpeg\" \/>\n<meta name=\"twitter:card\" content=\"summary_large_image\" \/>\n<script type=\"application\/ld+json\" class=\"yoast-schema-graph\">{\"@context\":\"https:\\\/\\\/schema.org\",\"@graph\":[{\"@type\":\"WebPage\",\"@id\":\"https:\\\/\\\/holyland-olivewood.com\\\/fi\\\/tuote\\\/oliivi-puu-hirsi-2-x-2-x-4\\\/\",\"url\":\"https:\\\/\\\/holyland-olivewood.com\\\/fi\\\/tuote\\\/oliivi-puu-hirsi-2-x-2-x-4\\\/\",\"name\":\"Oliivipuup\u00f6lkky (2\\\" x 2\\\" x 4\\\") #L104 - Holy Land Olive Wood - Bethlehem Olive Wood Factory\",\"isPartOf\":{\"@id\":\"https:\\\/\\\/holyland-olivewood.com\\\/fi\\\/#website\"},\"primaryImageOfPage\":{\"@id\":\"https:\\\/\\\/holyland-olivewood.com\\\/fi\\\/tuote\\\/oliivi-puu-hirsi-2-x-2-x-4\\\/#primaryimage\"},\"image\":{\"@id\":\"https:\\\/\\\/holyland-olivewood.com\\\/fi\\\/tuote\\\/oliivi-puu-hirsi-2-x-2-x-4\\\/#primaryimage\"},\"thumbnailUrl\":\"https:\\\/\\\/holyland-olivewood.com\\\/wp-content\\\/uploads\\\/2016\\\/05\\\/logs_holy_land_olive_wood_bethlehem.jpg\",\"datePublished\":\"2016-05-30T17:34:43+00:00\",\"dateModified\":\"2025-08-22T13:28:01+00:00\",\"description\":\"Betlehemin oliivipuusta valmistetut k\u00e4sity\u00f6t (esim. tukki, keitti\u00f6tarvikkeet, k\u00e4til\u00f6sarjat, helmet), kyn\u00e4n aihiot, laatat, lohkot ja raaka-ainevarastot vakio- ja r\u00e4\u00e4t\u00e4l\u00f6ityin\u00e4.\",\"breadcrumb\":{\"@id\":\"https:\\\/\\\/holyland-olivewood.com\\\/fi\\\/tuote\\\/oliivi-puu-hirsi-2-x-2-x-4\\\/#breadcrumb\"},\"inLanguage\":\"fi\",\"potentialAction\":[{\"@type\":\"ReadAction\",\"target\":[\"https:\\\/\\\/holyland-olivewood.com\\\/fi\\\/tuote\\\/oliivi-puu-hirsi-2-x-2-x-4\\\/\"]}]},{\"@type\":\"ImageObject\",\"inLanguage\":\"fi\",\"@id\":\"https:\\\/\\\/holyland-olivewood.com\\\/fi\\\/tuote\\\/oliivi-puu-hirsi-2-x-2-x-4\\\/#primaryimage\",\"url\":\"https:\\\/\\\/holyland-olivewood.com\\\/wp-content\\\/uploads\\\/2016\\\/05\\\/logs_holy_land_olive_wood_bethlehem.jpg\",\"contentUrl\":\"https:\\\/\\\/holyland-olivewood.com\\\/wp-content\\\/uploads\\\/2016\\\/05\\\/logs_holy_land_olive_wood_bethlehem.jpg\",\"width\":1550,\"height\":1200},{\"@type\":\"BreadcrumbList\",\"@id\":\"https:\\\/\\\/holyland-olivewood.com\\\/fi\\\/tuote\\\/oliivi-puu-hirsi-2-x-2-x-4\\\/#breadcrumb\",\"itemListElement\":[{\"@type\":\"ListItem\",\"position\":1,\"name\":\"Home\",\"item\":\"https:\\\/\\\/holyland-olivewood.com\\\/fi\\\/koti-2\\\/\"},{\"@type\":\"ListItem\",\"position\":2,\"name\":\"N\u00e4yt\u00e4 kaikki tuotteet\",\"item\":\"https:\\\/\\\/holyland-olivewood.com\\\/fi\\\/shop\\\/\"},{\"@type\":\"ListItem\",\"position\":3,\"name\":\"Oliivipuup\u00f6lkky (2&#8243; x 2&#8243; x 4&#8243;) #L104\"}]},{\"@type\":\"WebSite\",\"@id\":\"https:\\\/\\\/holyland-olivewood.com\\\/fi\\\/#website\",\"url\":\"https:\\\/\\\/holyland-olivewood.com\\\/fi\\\/\",\"name\":\"Holy Land Olive Wood - Bethlehem Olive Wood Factory\",\"description\":\"Holy Land Olivewood Bethlehem\",\"publisher\":{\"@id\":\"https:\\\/\\\/holyland-olivewood.com\\\/fi\\\/#organization\"},\"potentialAction\":[{\"@type\":\"SearchAction\",\"target\":{\"@type\":\"EntryPoint\",\"urlTemplate\":\"https:\\\/\\\/holyland-olivewood.com\\\/fi\\\/?s={search_term_string}\"},\"query-input\":{\"@type\":\"PropertyValueSpecification\",\"valueRequired\":true,\"valueName\":\"search_term_string\"}}],\"inLanguage\":\"fi\"},{\"@type\":\"Organization\",\"@id\":\"https:\\\/\\\/holyland-olivewood.com\\\/fi\\\/#organization\",\"name\":\"Holy Land Olivewood\",\"url\":\"https:\\\/\\\/holyland-olivewood.com\\\/fi\\\/\",\"logo\":{\"@type\":\"ImageObject\",\"inLanguage\":\"fi\",\"@id\":\"https:\\\/\\\/holyland-olivewood.com\\\/fi\\\/#\\\/schema\\\/logo\\\/image\\\/\",\"url\":\"\",\"contentUrl\":\"\",\"caption\":\"Holy Land Olivewood\"},\"image\":{\"@id\":\"https:\\\/\\\/holyland-olivewood.com\\\/fi\\\/#\\\/schema\\\/logo\\\/image\\\/\"},\"sameAs\":[\"https:\\\/\\\/www.facebook.com\\\/holylandolivewood.bethlehem\\\/\",\"http:\\\/\\\/instagram.com\\\/holy.land.olive.wood\"]}]}<\/script>\n<!-- \/ Yoast SEO plugin. -->","yoast_head_json":{"title":"Oliivipuup\u00f6lkky (2\" x 2\" x 4\") #L104 - Holy Land Olive Wood - Bethlehem Olive Wood Factory","description":"Betlehemin oliivipuusta valmistetut k\u00e4sity\u00f6t (esim. tukki, keitti\u00f6tarvikkeet, k\u00e4til\u00f6sarjat, helmet), kyn\u00e4n aihiot, laatat, lohkot ja raaka-ainevarastot vakio- ja r\u00e4\u00e4t\u00e4l\u00f6ityin\u00e4.","robots":{"index":"index","follow":"follow","max-snippet":"max-snippet:-1","max-image-preview":"max-image-preview:large","max-video-preview":"max-video-preview:-1"},"canonical":"https:\/\/holyland-olivewood.com\/fi\/tuote\/oliivi-puu-hirsi-2-x-2-x-4\/","og_locale":"fi_FI","og_type":"article","og_title":"Oliivipuup\u00f6lkky (2\" x 2\" x 4\") #L104 - Holy Land Olive Wood - Bethlehem Olive Wood Factory","og_description":"Betlehemin oliivipuusta valmistetut k\u00e4sity\u00f6t (esim. tukki, keitti\u00f6tarvikkeet, k\u00e4til\u00f6sarjat, helmet), kyn\u00e4n aihiot, laatat, lohkot ja raaka-ainevarastot vakio- ja r\u00e4\u00e4t\u00e4l\u00f6ityin\u00e4.","og_url":"https:\/\/holyland-olivewood.com\/fi\/tuote\/oliivi-puu-hirsi-2-x-2-x-4\/","og_site_name":"Holy Land Olive Wood - Bethlehem Olive Wood Factory","article_publisher":"https:\/\/www.facebook.com\/holylandolivewood.bethlehem\/","article_modified_time":"2025-08-22T13:28:01+00:00","og_image":[{"width":1550,"height":1200,"url":"https:\/\/holyland-olivewood.com\/wp-content\/uploads\/2016\/05\/logs_holy_land_olive_wood_bethlehem.jpg","type":"image\/jpeg"}],"twitter_card":"summary_large_image","schema":{"@context":"https:\/\/schema.org","@graph":[{"@type":"WebPage","@id":"https:\/\/holyland-olivewood.com\/fi\/tuote\/oliivi-puu-hirsi-2-x-2-x-4\/","url":"https:\/\/holyland-olivewood.com\/fi\/tuote\/oliivi-puu-hirsi-2-x-2-x-4\/","name":"Oliivipuup\u00f6lkky (2\" x 2\" x 4\") #L104 - Holy Land Olive Wood - Bethlehem Olive Wood Factory","isPartOf":{"@id":"https:\/\/holyland-olivewood.com\/fi\/#website"},"primaryImageOfPage":{"@id":"https:\/\/holyland-olivewood.com\/fi\/tuote\/oliivi-puu-hirsi-2-x-2-x-4\/#primaryimage"},"image":{"@id":"https:\/\/holyland-olivewood.com\/fi\/tuote\/oliivi-puu-hirsi-2-x-2-x-4\/#primaryimage"},"thumbnailUrl":"https:\/\/holyland-olivewood.com\/wp-content\/uploads\/2016\/05\/logs_holy_land_olive_wood_bethlehem.jpg","datePublished":"2016-05-30T17:34:43+00:00","dateModified":"2025-08-22T13:28:01+00:00","description":"Betlehemin oliivipuusta valmistetut k\u00e4sity\u00f6t (esim. tukki, keitti\u00f6tarvikkeet, k\u00e4til\u00f6sarjat, helmet), kyn\u00e4n aihiot, laatat, lohkot ja raaka-ainevarastot vakio- ja r\u00e4\u00e4t\u00e4l\u00f6ityin\u00e4.","breadcrumb":{"@id":"https:\/\/holyland-olivewood.com\/fi\/tuote\/oliivi-puu-hirsi-2-x-2-x-4\/#breadcrumb"},"inLanguage":"fi","potentialAction":[{"@type":"ReadAction","target":["https:\/\/holyland-olivewood.com\/fi\/tuote\/oliivi-puu-hirsi-2-x-2-x-4\/"]}]},{"@type":"ImageObject","inLanguage":"fi","@id":"https:\/\/holyland-olivewood.com\/fi\/tuote\/oliivi-puu-hirsi-2-x-2-x-4\/#primaryimage","url":"https:\/\/holyland-olivewood.com\/wp-content\/uploads\/2016\/05\/logs_holy_land_olive_wood_bethlehem.jpg","contentUrl":"https:\/\/holyland-olivewood.com\/wp-content\/uploads\/2016\/05\/logs_holy_land_olive_wood_bethlehem.jpg","width":1550,"height":1200},{"@type":"BreadcrumbList","@id":"https:\/\/holyland-olivewood.com\/fi\/tuote\/oliivi-puu-hirsi-2-x-2-x-4\/#breadcrumb","itemListElement":[{"@type":"ListItem","position":1,"name":"Home","item":"https:\/\/holyland-olivewood.com\/fi\/koti-2\/"},{"@type":"ListItem","position":2,"name":"N\u00e4yt\u00e4 kaikki tuotteet","item":"https:\/\/holyland-olivewood.com\/fi\/shop\/"},{"@type":"ListItem","position":3,"name":"Oliivipuup\u00f6lkky (2&#8243; x 2&#8243; x 4&#8243;) #L104"}]},{"@type":"WebSite","@id":"https:\/\/holyland-olivewood.com\/fi\/#website","url":"https:\/\/holyland-olivewood.com\/fi\/","name":"Holy Land Olive Wood - Bethlehem Olive Wood Factory","description":"Holy Land Olivewood Bethlehem","publisher":{"@id":"https:\/\/holyland-olivewood.com\/fi\/#organization"},"potentialAction":[{"@type":"SearchAction","target":{"@type":"EntryPoint","urlTemplate":"https:\/\/holyland-olivewood.com\/fi\/?s={search_term_string}"},"query-input":{"@type":"PropertyValueSpecification","valueRequired":true,"valueName":"search_term_string"}}],"inLanguage":"fi"},{"@type":"Organization","@id":"https:\/\/holyland-olivewood.com\/fi\/#organization","name":"Holy Land Olivewood","url":"https:\/\/holyland-olivewood.com\/fi\/","logo":{"@type":"ImageObject","inLanguage":"fi","@id":"https:\/\/holyland-olivewood.com\/fi\/#\/schema\/logo\/image\/","url":"","contentUrl":"","caption":"Holy Land Olivewood"},"image":{"@id":"https:\/\/holyland-olivewood.com\/fi\/#\/schema\/logo\/image\/"},"sameAs":["https:\/\/www.facebook.com\/holylandolivewood.bethlehem\/","http:\/\/instagram.com\/holy.land.olive.wood"]}]}},"_links":{"self":[{"href":"https:\/\/holyland-olivewood.com\/fi\/wp-json\/wp\/v2\/product\/47034","targetHints":{"allow":["GET"]}}],"collection":[{"href":"https:\/\/holyland-olivewood.com\/fi\/wp-json\/wp\/v2\/product"}],"about":[{"href":"https:\/\/holyland-olivewood.com\/fi\/wp-json\/wp\/v2\/types\/product"}],"replies":[{"embeddable":true,"href":"https:\/\/holyland-olivewood.com\/fi\/wp-json\/wp\/v2\/comments?post=47034"}],"version-history":[{"count":1,"href":"https:\/\/holyland-olivewood.com\/fi\/wp-json\/wp\/v2\/product\/47034\/revisions"}],"predecessor-version":[{"id":61766,"href":"https:\/\/holyland-olivewood.com\/fi\/wp-json\/wp\/v2\/product\/47034\/revisions\/61766"}],"wp:featuredmedia":[{"embeddable":true,"href":"https:\/\/holyland-olivewood.com\/fi\/wp-json\/wp\/v2\/media\/27586"}],"wp:attachment":[{"href":"https:\/\/holyland-olivewood.com\/fi\/wp-json\/wp\/v2\/media?parent=47034"}],"wp:term":[{"taxonomy":"product_brand","embeddable":true,"href":"https:\/\/holyland-olivewood.com\/fi\/wp-json\/wp\/v2\/product_brand?post=47034"},{"taxonomy":"product_cat","embeddable":true,"href":"https:\/\/holyland-olivewood.com\/fi\/wp-json\/wp\/v2\/product_cat?post=47034"},{"taxonomy":"product_tag","embeddable":true,"href":"https:\/\/holyland-olivewood.com\/fi\/wp-json\/wp\/v2\/product_tag?post=47034"}],"curies":[{"name":"wp","href":"https:\/\/api.w.org\/{rel}","templated":true}]}}