{"id":46116,"date":"2016-05-30T20:58:07","date_gmt":"2016-05-30T20:58:07","guid":{"rendered":"https:\/\/holyland-olivewood.com\/product\/oliivipuun-avaimenpera-ke103\/"},"modified":"2025-11-01T18:33:25","modified_gmt":"2025-11-01T18:33:25","slug":"oliivi-puu-avaimenpera-3","status":"publish","type":"product","link":"https:\/\/holyland-olivewood.com\/fi\/tuote\/oliivi-puu-avaimenpera-3\/","title":{"rendered":"K\u00e4sintehty oliivipuun avaimenper\u00e4 #KE103"},"content":{"rendered":"","protected":false},"excerpt":{"rendered":"<p>T\u00e4m\u00e4 kaunis ristin avaimenper\u00e4 on valmistettu k\u00e4sity\u00f6n\u00e4 Pyh\u00e4ss\u00e4 maassa kest\u00e4v\u00e4sti ker\u00e4tyst\u00e4, aidosta Betlehemin oliivipuusta. T\u00e4m\u00e4 ainutlaatuinen, tyylikk\u00e4\u00e4sti k\u00e4sin veistetty avaimenper\u00e4 on valmistettu Pyh\u00e4n maan oliivipuiden hienoimmista karsinnoista. T\u00e4m\u00e4 risti on suunniteltu niin, ett\u00e4 se mahtuu mukavasti k\u00e4mmenelle, joten se sopii erinomaisesti rukoukseen tai meditaatioon.  <\/p>\n<p>T\u00e4m\u00e4 tuote sis\u00e4lt\u00e4\u00e4 aitoustodistuksen, joka vahvistaa t\u00e4m\u00e4n tuotteen valmistuksessa k\u00e4ytetyt materiaalit ja tekniikat.<\/p>\n<p>Koko: 6,5 cm (2,5&#8243;) &#8211; viittaa vain puuosaan, ei avaimenper\u00e4\u00e4n.<\/p>\n","protected":false},"featured_media":62356,"comment_status":"closed","ping_status":"closed","template":"","meta":[],"product_brand":[],"product_cat":[2524,1678],"product_tag":[4462,4692,4691,4529,4541,4533,4688,4690,4527,4545,4537,4535],"class_list":{"0":"post-46116","1":"product","2":"type-product","3":"status-publish","4":"has-post-thumbnail","6":"product_cat-avainnippuja","7":"product_cat-sekalainen","8":"product_tag-betlehemin-oliivipuu","9":"product_tag-henkinen-apuvaline","10":"product_tag-jeesus-avaimenpera","11":"product_tag-kasintehty-avaimenpera","12":"product_tag-kasityona-valmistettu-oliivipuusta","13":"product_tag-kristillinen-lahja","14":"product_tag-oliivipuun-risti-avaimenpera","15":"product_tag-puinen-risti-avaimenpera","16":"product_tag-pyhan-maan-avaimenpera","17":"product_tag-pyhan-maan-oliivipuu","18":"product_tag-usko-avaimenpera","19":"product_tag-uskonnollinen-avaimenpera","21":"first","22":"instock","23":"shipping-taxable","24":"purchasable","25":"product-type-simple"},"yoast_head":"<!-- This site is optimized with the Yoast SEO plugin v27.3 - https:\/\/yoast.com\/product\/yoast-seo-wordpress\/ -->\n<title>K\u00e4sintehty oliivipuun avaimenper\u00e4 #KE103 - Holy Land Olive Wood - Bethlehem Olive Wood Factory<\/title>\n<meta name=\"description\" content=\"K\u00e4sintehty oliivipuuristin avaimenper\u00e4 Pyh\u00e4lt\u00e4 maalta - valmistettu aidosta Betlehemin oliivipuusta, merkityksellinen kristillinen lahja.\" \/>\n<meta name=\"robots\" content=\"index, follow, max-snippet:-1, max-image-preview:large, max-video-preview:-1\" \/>\n<link rel=\"canonical\" href=\"https:\/\/holyland-olivewood.com\/fi\/tuote\/oliivi-puu-avaimenpera-3\/\" \/>\n<meta property=\"og:locale\" content=\"fi_FI\" \/>\n<meta property=\"og:type\" content=\"article\" \/>\n<meta property=\"og:title\" content=\"K\u00e4sintehty oliivipuun avaimenper\u00e4 #KE103 - Holy Land Olive Wood - Bethlehem Olive Wood Factory\" \/>\n<meta property=\"og:description\" content=\"K\u00e4sintehty oliivipuuristin avaimenper\u00e4 Pyh\u00e4lt\u00e4 maalta - valmistettu aidosta Betlehemin oliivipuusta, merkityksellinen kristillinen lahja.\" \/>\n<meta property=\"og:url\" content=\"https:\/\/holyland-olivewood.com\/fi\/tuote\/oliivi-puu-avaimenpera-3\/\" \/>\n<meta property=\"og:site_name\" content=\"Holy Land Olive Wood - Bethlehem Olive Wood Factory\" \/>\n<meta property=\"article:publisher\" content=\"https:\/\/www.facebook.com\/holylandolivewood.bethlehem\/\" \/>\n<meta property=\"article:modified_time\" content=\"2025-11-01T18:33:25+00:00\" \/>\n<meta property=\"og:image\" content=\"https:\/\/holyland-olivewood.com\/wp-content\/uploads\/2016\/05\/olive-wood-comfort-cross-keychain_ke103-1.jpg\" \/>\n\t<meta property=\"og:image:width\" content=\"1550\" \/>\n\t<meta property=\"og:image:height\" content=\"1200\" \/>\n\t<meta property=\"og:image:type\" content=\"image\/jpeg\" \/>\n<meta name=\"twitter:card\" content=\"summary_large_image\" \/>\n<script type=\"application\/ld+json\" class=\"yoast-schema-graph\">{\"@context\":\"https:\\\/\\\/schema.org\",\"@graph\":[{\"@type\":\"WebPage\",\"@id\":\"https:\\\/\\\/holyland-olivewood.com\\\/fi\\\/tuote\\\/oliivi-puu-avaimenpera-3\\\/\",\"url\":\"https:\\\/\\\/holyland-olivewood.com\\\/fi\\\/tuote\\\/oliivi-puu-avaimenpera-3\\\/\",\"name\":\"K\u00e4sintehty oliivipuun avaimenper\u00e4 #KE103 - Holy Land Olive Wood - Bethlehem Olive Wood Factory\",\"isPartOf\":{\"@id\":\"https:\\\/\\\/holyland-olivewood.com\\\/fi\\\/#website\"},\"primaryImageOfPage\":{\"@id\":\"https:\\\/\\\/holyland-olivewood.com\\\/fi\\\/tuote\\\/oliivi-puu-avaimenpera-3\\\/#primaryimage\"},\"image\":{\"@id\":\"https:\\\/\\\/holyland-olivewood.com\\\/fi\\\/tuote\\\/oliivi-puu-avaimenpera-3\\\/#primaryimage\"},\"thumbnailUrl\":\"https:\\\/\\\/holyland-olivewood.com\\\/wp-content\\\/uploads\\\/2016\\\/05\\\/olive-wood-comfort-cross-keychain_ke103-1.jpg\",\"datePublished\":\"2016-05-30T20:58:07+00:00\",\"dateModified\":\"2025-11-01T18:33:25+00:00\",\"description\":\"K\u00e4sintehty oliivipuuristin avaimenper\u00e4 Pyh\u00e4lt\u00e4 maalta - valmistettu aidosta Betlehemin oliivipuusta, merkityksellinen kristillinen lahja.\",\"breadcrumb\":{\"@id\":\"https:\\\/\\\/holyland-olivewood.com\\\/fi\\\/tuote\\\/oliivi-puu-avaimenpera-3\\\/#breadcrumb\"},\"inLanguage\":\"fi\",\"potentialAction\":[{\"@type\":\"ReadAction\",\"target\":[\"https:\\\/\\\/holyland-olivewood.com\\\/fi\\\/tuote\\\/oliivi-puu-avaimenpera-3\\\/\"]}]},{\"@type\":\"ImageObject\",\"inLanguage\":\"fi\",\"@id\":\"https:\\\/\\\/holyland-olivewood.com\\\/fi\\\/tuote\\\/oliivi-puu-avaimenpera-3\\\/#primaryimage\",\"url\":\"https:\\\/\\\/holyland-olivewood.com\\\/wp-content\\\/uploads\\\/2016\\\/05\\\/olive-wood-comfort-cross-keychain_ke103-1.jpg\",\"contentUrl\":\"https:\\\/\\\/holyland-olivewood.com\\\/wp-content\\\/uploads\\\/2016\\\/05\\\/olive-wood-comfort-cross-keychain_ke103-1.jpg\",\"width\":1550,\"height\":1200},{\"@type\":\"BreadcrumbList\",\"@id\":\"https:\\\/\\\/holyland-olivewood.com\\\/fi\\\/tuote\\\/oliivi-puu-avaimenpera-3\\\/#breadcrumb\",\"itemListElement\":[{\"@type\":\"ListItem\",\"position\":1,\"name\":\"Home\",\"item\":\"https:\\\/\\\/holyland-olivewood.com\\\/fi\\\/koti-2\\\/\"},{\"@type\":\"ListItem\",\"position\":2,\"name\":\"N\u00e4yt\u00e4 kaikki tuotteet\",\"item\":\"https:\\\/\\\/holyland-olivewood.com\\\/fi\\\/shop\\\/\"},{\"@type\":\"ListItem\",\"position\":3,\"name\":\"K\u00e4sintehty oliivipuun avaimenper\u00e4 #KE103\"}]},{\"@type\":\"WebSite\",\"@id\":\"https:\\\/\\\/holyland-olivewood.com\\\/fi\\\/#website\",\"url\":\"https:\\\/\\\/holyland-olivewood.com\\\/fi\\\/\",\"name\":\"Holy Land Olive Wood - Bethlehem Olive Wood Factory\",\"description\":\"Holy Land Olivewood Bethlehem\",\"publisher\":{\"@id\":\"https:\\\/\\\/holyland-olivewood.com\\\/fi\\\/#organization\"},\"potentialAction\":[{\"@type\":\"SearchAction\",\"target\":{\"@type\":\"EntryPoint\",\"urlTemplate\":\"https:\\\/\\\/holyland-olivewood.com\\\/fi\\\/?s={search_term_string}\"},\"query-input\":{\"@type\":\"PropertyValueSpecification\",\"valueRequired\":true,\"valueName\":\"search_term_string\"}}],\"inLanguage\":\"fi\"},{\"@type\":\"Organization\",\"@id\":\"https:\\\/\\\/holyland-olivewood.com\\\/fi\\\/#organization\",\"name\":\"Holy Land Olivewood\",\"url\":\"https:\\\/\\\/holyland-olivewood.com\\\/fi\\\/\",\"logo\":{\"@type\":\"ImageObject\",\"inLanguage\":\"fi\",\"@id\":\"https:\\\/\\\/holyland-olivewood.com\\\/fi\\\/#\\\/schema\\\/logo\\\/image\\\/\",\"url\":\"\",\"contentUrl\":\"\",\"caption\":\"Holy Land Olivewood\"},\"image\":{\"@id\":\"https:\\\/\\\/holyland-olivewood.com\\\/fi\\\/#\\\/schema\\\/logo\\\/image\\\/\"},\"sameAs\":[\"https:\\\/\\\/www.facebook.com\\\/holylandolivewood.bethlehem\\\/\",\"http:\\\/\\\/instagram.com\\\/holy.land.olive.wood\"]}]}<\/script>\n<!-- \/ Yoast SEO plugin. -->","yoast_head_json":{"title":"K\u00e4sintehty oliivipuun avaimenper\u00e4 #KE103 - Holy Land Olive Wood - Bethlehem Olive Wood Factory","description":"K\u00e4sintehty oliivipuuristin avaimenper\u00e4 Pyh\u00e4lt\u00e4 maalta - valmistettu aidosta Betlehemin oliivipuusta, merkityksellinen kristillinen lahja.","robots":{"index":"index","follow":"follow","max-snippet":"max-snippet:-1","max-image-preview":"max-image-preview:large","max-video-preview":"max-video-preview:-1"},"canonical":"https:\/\/holyland-olivewood.com\/fi\/tuote\/oliivi-puu-avaimenpera-3\/","og_locale":"fi_FI","og_type":"article","og_title":"K\u00e4sintehty oliivipuun avaimenper\u00e4 #KE103 - Holy Land Olive Wood - Bethlehem Olive Wood Factory","og_description":"K\u00e4sintehty oliivipuuristin avaimenper\u00e4 Pyh\u00e4lt\u00e4 maalta - valmistettu aidosta Betlehemin oliivipuusta, merkityksellinen kristillinen lahja.","og_url":"https:\/\/holyland-olivewood.com\/fi\/tuote\/oliivi-puu-avaimenpera-3\/","og_site_name":"Holy Land Olive Wood - Bethlehem Olive Wood Factory","article_publisher":"https:\/\/www.facebook.com\/holylandolivewood.bethlehem\/","article_modified_time":"2025-11-01T18:33:25+00:00","og_image":[{"width":1550,"height":1200,"url":"https:\/\/holyland-olivewood.com\/wp-content\/uploads\/2016\/05\/olive-wood-comfort-cross-keychain_ke103-1.jpg","type":"image\/jpeg"}],"twitter_card":"summary_large_image","schema":{"@context":"https:\/\/schema.org","@graph":[{"@type":"WebPage","@id":"https:\/\/holyland-olivewood.com\/fi\/tuote\/oliivi-puu-avaimenpera-3\/","url":"https:\/\/holyland-olivewood.com\/fi\/tuote\/oliivi-puu-avaimenpera-3\/","name":"K\u00e4sintehty oliivipuun avaimenper\u00e4 #KE103 - Holy Land Olive Wood - Bethlehem Olive Wood Factory","isPartOf":{"@id":"https:\/\/holyland-olivewood.com\/fi\/#website"},"primaryImageOfPage":{"@id":"https:\/\/holyland-olivewood.com\/fi\/tuote\/oliivi-puu-avaimenpera-3\/#primaryimage"},"image":{"@id":"https:\/\/holyland-olivewood.com\/fi\/tuote\/oliivi-puu-avaimenpera-3\/#primaryimage"},"thumbnailUrl":"https:\/\/holyland-olivewood.com\/wp-content\/uploads\/2016\/05\/olive-wood-comfort-cross-keychain_ke103-1.jpg","datePublished":"2016-05-30T20:58:07+00:00","dateModified":"2025-11-01T18:33:25+00:00","description":"K\u00e4sintehty oliivipuuristin avaimenper\u00e4 Pyh\u00e4lt\u00e4 maalta - valmistettu aidosta Betlehemin oliivipuusta, merkityksellinen kristillinen lahja.","breadcrumb":{"@id":"https:\/\/holyland-olivewood.com\/fi\/tuote\/oliivi-puu-avaimenpera-3\/#breadcrumb"},"inLanguage":"fi","potentialAction":[{"@type":"ReadAction","target":["https:\/\/holyland-olivewood.com\/fi\/tuote\/oliivi-puu-avaimenpera-3\/"]}]},{"@type":"ImageObject","inLanguage":"fi","@id":"https:\/\/holyland-olivewood.com\/fi\/tuote\/oliivi-puu-avaimenpera-3\/#primaryimage","url":"https:\/\/holyland-olivewood.com\/wp-content\/uploads\/2016\/05\/olive-wood-comfort-cross-keychain_ke103-1.jpg","contentUrl":"https:\/\/holyland-olivewood.com\/wp-content\/uploads\/2016\/05\/olive-wood-comfort-cross-keychain_ke103-1.jpg","width":1550,"height":1200},{"@type":"BreadcrumbList","@id":"https:\/\/holyland-olivewood.com\/fi\/tuote\/oliivi-puu-avaimenpera-3\/#breadcrumb","itemListElement":[{"@type":"ListItem","position":1,"name":"Home","item":"https:\/\/holyland-olivewood.com\/fi\/koti-2\/"},{"@type":"ListItem","position":2,"name":"N\u00e4yt\u00e4 kaikki tuotteet","item":"https:\/\/holyland-olivewood.com\/fi\/shop\/"},{"@type":"ListItem","position":3,"name":"K\u00e4sintehty oliivipuun avaimenper\u00e4 #KE103"}]},{"@type":"WebSite","@id":"https:\/\/holyland-olivewood.com\/fi\/#website","url":"https:\/\/holyland-olivewood.com\/fi\/","name":"Holy Land Olive Wood - Bethlehem Olive Wood Factory","description":"Holy Land Olivewood Bethlehem","publisher":{"@id":"https:\/\/holyland-olivewood.com\/fi\/#organization"},"potentialAction":[{"@type":"SearchAction","target":{"@type":"EntryPoint","urlTemplate":"https:\/\/holyland-olivewood.com\/fi\/?s={search_term_string}"},"query-input":{"@type":"PropertyValueSpecification","valueRequired":true,"valueName":"search_term_string"}}],"inLanguage":"fi"},{"@type":"Organization","@id":"https:\/\/holyland-olivewood.com\/fi\/#organization","name":"Holy Land Olivewood","url":"https:\/\/holyland-olivewood.com\/fi\/","logo":{"@type":"ImageObject","inLanguage":"fi","@id":"https:\/\/holyland-olivewood.com\/fi\/#\/schema\/logo\/image\/","url":"","contentUrl":"","caption":"Holy Land Olivewood"},"image":{"@id":"https:\/\/holyland-olivewood.com\/fi\/#\/schema\/logo\/image\/"},"sameAs":["https:\/\/www.facebook.com\/holylandolivewood.bethlehem\/","http:\/\/instagram.com\/holy.land.olive.wood"]}]}},"_links":{"self":[{"href":"https:\/\/holyland-olivewood.com\/fi\/wp-json\/wp\/v2\/product\/46116","targetHints":{"allow":["GET"]}}],"collection":[{"href":"https:\/\/holyland-olivewood.com\/fi\/wp-json\/wp\/v2\/product"}],"about":[{"href":"https:\/\/holyland-olivewood.com\/fi\/wp-json\/wp\/v2\/types\/product"}],"replies":[{"embeddable":true,"href":"https:\/\/holyland-olivewood.com\/fi\/wp-json\/wp\/v2\/comments?post=46116"}],"version-history":[{"count":1,"href":"https:\/\/holyland-olivewood.com\/fi\/wp-json\/wp\/v2\/product\/46116\/revisions"}],"predecessor-version":[{"id":62568,"href":"https:\/\/holyland-olivewood.com\/fi\/wp-json\/wp\/v2\/product\/46116\/revisions\/62568"}],"wp:featuredmedia":[{"embeddable":true,"href":"https:\/\/holyland-olivewood.com\/fi\/wp-json\/wp\/v2\/media\/62356"}],"wp:attachment":[{"href":"https:\/\/holyland-olivewood.com\/fi\/wp-json\/wp\/v2\/media?parent=46116"}],"wp:term":[{"taxonomy":"product_brand","embeddable":true,"href":"https:\/\/holyland-olivewood.com\/fi\/wp-json\/wp\/v2\/product_brand?post=46116"},{"taxonomy":"product_cat","embeddable":true,"href":"https:\/\/holyland-olivewood.com\/fi\/wp-json\/wp\/v2\/product_cat?post=46116"},{"taxonomy":"product_tag","embeddable":true,"href":"https:\/\/holyland-olivewood.com\/fi\/wp-json\/wp\/v2\/product_tag?post=46116"}],"curies":[{"name":"wp","href":"https:\/\/api.w.org\/{rel}","templated":true}]}}